{"id":3566,"date":"2022-04-19T18:04:17","date_gmt":"2022-04-19T18:04:17","guid":{"rendered":"https:\/\/discos-redondos.es\/?page_id=3566"},"modified":"2026-03-25T10:51:31","modified_gmt":"2026-03-25T10:51:31","slug":"reembolso_devoluciones","status":"publish","type":"page","link":"https:\/\/discos-redondos.es\/ca\/reembolso_devoluciones","title":{"rendered":"Pol\u00edtica de devolucions i reemborsaments"},"content":{"rendered":"<p>Es permet la devoluci\u00f3 i el posterior reemborsament o canvi de qualsevol disc obert, sempre que sigui clarament una c\u00f2pia defectuosa. El defecte haur\u00e0 de ser clarament de f\u00e0brica, i no produ\u00eft per un \u00fas o manipulat negligent. En aquest cas, les despeses de devoluci\u00f3 seran a c\u00e0rrec de Discos Rodons. L'enviament de la seg\u00fcent unitat en cas de desitjar un canvi, correran a compte del client. <\/p>\n\n\n\n<p>La unitat defectuosa ha d'enviar-se per correu postal a la nostra botiga de C\/Sant Vicen\u00e7 33, 08001 de Barcelona per a la seva comprovaci\u00f3. El reemborsament es produir\u00e0 despr\u00e9s d'aquesta. <\/p>\n\n\n\n<p>Es permetr\u00e0 la devoluci\u00f3 \/ canvio de discos precintats per dret a desistiment durant els 14 dies posteriors a la seva compra. En aquest cas, les despeses de devoluci\u00f3 i enviament de la seg\u00fcent unitat correran sempre per compte del client, segons la normativa de comer\u00e7 electr\u00f2nica vigent a Espanya.<\/p>\n\n\n\n<p>Discos Rodons es regir\u00e0 sempre per la normativa sobre comer\u00e7 electr\u00f2nic vigent a Espanya, independentment del lloc de resid\u00e8ncia del client. <\/p>\n\n\n\n<p><\/p>","protected":false},"excerpt":{"rendered":"<p>Se permite la devoluci\u00f3n y el posterior reembolso o cambio de cualquier disco abierto, siempre que sea claramente una copia defectuosa. El defecto deber\u00e1 ser claramente de f\u00e1brica, y no producido por un uso o manipulado negligente. En este caso, los gastos de devoluci\u00f3n correr\u00e1n a cargo de Discos Redondos. El env\u00edo de la siguiente <a class=\"read-more\" href=\"https:\/\/discos-redondos.es\/ca\/reembolso_devoluciones\">Read More<\/a><\/p>","protected":false},"author":1,"featured_media":0,"parent":0,"menu_order":0,"comment_status":"closed","ping_status":"closed","template":"","meta":{"footnotes":""},"class_list":["post-3566","page","type-page","status-publish","hentry"],"yoast_head":"<!-- This site is optimized with the Yoast SEO plugin v27.5 - https:\/\/yoast.com\/product\/yoast-seo-wordpress\/ -->\n<title>Pol\u00edtica de devoluciones y reembolsos - DISCOS REDONDOS<\/title>\n<meta name=\"description\" content=\"Pol\u00edtica de devoluciones y reembolsos en Discos Redondos\" \/>\n<meta name=\"robots\" content=\"index, follow, max-snippet:-1, max-image-preview:large, max-video-preview:-1\" \/>\n<link rel=\"canonical\" href=\"https:\/\/discos-redondos.es\/ca\/reembolso_devoluciones\/\" \/>\n<meta property=\"og:locale\" content=\"ca_ES\" \/>\n<meta property=\"og:type\" content=\"article\" \/>\n<meta property=\"og:title\" content=\"Pol\u00edtica de devoluciones y reembolsos - DISCOS REDONDOS\" \/>\n<meta property=\"og:description\" content=\"Pol\u00edtica de devoluciones y reembolsos en Discos Redondos\" \/>\n<meta property=\"og:url\" content=\"https:\/\/discos-redondos.es\/ca\/reembolso_devoluciones\/\" \/>\n<meta property=\"og:site_name\" content=\"DISCOS REDONDOS\" \/>\n<meta property=\"article:publisher\" content=\"https:\/\/www.facebook.com\/discosredondos45\" \/>\n<meta property=\"article:modified_time\" content=\"2026-03-25T10:51:31+00:00\" \/>\n<meta property=\"og:image\" content=\"https:\/\/discos-redondos.es\/wp-content\/uploads\/2023\/04\/cropped-cropped-Diseno-sin-titulo-88-1.png\" \/>\n\t<meta property=\"og:image:width\" content=\"1040\" \/>\n\t<meta property=\"og:image:height\" content=\"544\" \/>\n\t<meta property=\"og:image:type\" content=\"image\/png\" \/>\n<meta name=\"twitter:card\" content=\"summary_large_image\" \/>\n<meta name=\"twitter:label1\" content=\"Temps estimat de lectura\" \/>\n\t<meta name=\"twitter:data1\" content=\"1 minut\" \/>\n<script type=\"application\/ld+json\" class=\"yoast-schema-graph\">{\"@context\":\"https:\\\/\\\/schema.org\",\"@graph\":[{\"@type\":\"WebPage\",\"@id\":\"https:\\\/\\\/discos-redondos.es\\\/reembolso_devoluciones\",\"url\":\"https:\\\/\\\/discos-redondos.es\\\/reembolso_devoluciones\",\"name\":\"Pol\u00edtica de devoluciones y reembolsos - DISCOS REDONDOS\",\"isPartOf\":{\"@id\":\"https:\\\/\\\/discos-redondos.es\\\/#website\"},\"datePublished\":\"2022-04-19T18:04:17+00:00\",\"dateModified\":\"2026-03-25T10:51:31+00:00\",\"description\":\"Pol\u00edtica de devoluciones y reembolsos en Discos Redondos\",\"breadcrumb\":{\"@id\":\"https:\\\/\\\/discos-redondos.es\\\/reembolso_devoluciones#breadcrumb\"},\"inLanguage\":\"ca\",\"potentialAction\":[{\"@type\":\"ReadAction\",\"target\":[\"https:\\\/\\\/discos-redondos.es\\\/reembolso_devoluciones\"]}]},{\"@type\":\"BreadcrumbList\",\"@id\":\"https:\\\/\\\/discos-redondos.es\\\/reembolso_devoluciones#breadcrumb\",\"itemListElement\":[{\"@type\":\"ListItem\",\"position\":1,\"name\":\"Portada\",\"item\":\"https:\\\/\\\/discos-redondos.es\\\/\"},{\"@type\":\"ListItem\",\"position\":2,\"name\":\"Pol\u00edtica de devoluciones y reembolsos\"}]},{\"@type\":\"WebSite\",\"@id\":\"https:\\\/\\\/discos-redondos.es\\\/#website\",\"url\":\"https:\\\/\\\/discos-redondos.es\\\/\",\"name\":\"Discos Redondos\",\"description\":\"Tu tienda de discos en Barcelona\",\"publisher\":{\"@id\":\"https:\\\/\\\/discos-redondos.es\\\/#organization\"},\"alternateName\":\"Discos Redondos\",\"potentialAction\":[{\"@type\":\"SearchAction\",\"target\":{\"@type\":\"EntryPoint\",\"urlTemplate\":\"https:\\\/\\\/discos-redondos.es\\\/?s={search_term_string}\"},\"query-input\":{\"@type\":\"PropertyValueSpecification\",\"valueRequired\":true,\"valueName\":\"search_term_string\"}}],\"inLanguage\":\"ca\"},{\"@type\":\"Organization\",\"@id\":\"https:\\\/\\\/discos-redondos.es\\\/#organization\",\"name\":\"Discos Redondos\",\"url\":\"https:\\\/\\\/discos-redondos.es\\\/\",\"logo\":{\"@type\":\"ImageObject\",\"inLanguage\":\"ca\",\"@id\":\"https:\\\/\\\/discos-redondos.es\\\/#\\\/schema\\\/logo\\\/image\\\/\",\"url\":\"https:\\\/\\\/discos-redondos.es\\\/wp-content\\\/uploads\\\/2023\\\/04\\\/aaff-logo-raval-1-1.jpg\",\"contentUrl\":\"https:\\\/\\\/discos-redondos.es\\\/wp-content\\\/uploads\\\/2023\\\/04\\\/aaff-logo-raval-1-1.jpg\",\"width\":2362,\"height\":1441,\"caption\":\"Discos Redondos\"},\"image\":{\"@id\":\"https:\\\/\\\/discos-redondos.es\\\/#\\\/schema\\\/logo\\\/image\\\/\"},\"sameAs\":[\"https:\\\/\\\/www.facebook.com\\\/discosredondos45\",\"https:\\\/\\\/www.instagram.com\\\/discos.redondos33\\\/?hl=es\",\"https:\\\/\\\/discos-redondos.bandcamp.com\\\/\"]}]}<\/script>\n<!-- \/ Yoast SEO plugin. -->","yoast_head_json":{"title":"Pol\u00edtica de devoluciones y reembolsos - DISCOS REDONDOS","description":"Pol\u00edtica de devoluciones y reembolsos en Discos Redondos","robots":{"index":"index","follow":"follow","max-snippet":"max-snippet:-1","max-image-preview":"max-image-preview:large","max-video-preview":"max-video-preview:-1"},"canonical":"https:\/\/discos-redondos.es\/ca\/reembolso_devoluciones\/","og_locale":"ca_ES","og_type":"article","og_title":"Pol\u00edtica de devoluciones y reembolsos - DISCOS REDONDOS","og_description":"Pol\u00edtica de devoluciones y reembolsos en Discos Redondos","og_url":"https:\/\/discos-redondos.es\/ca\/reembolso_devoluciones\/","og_site_name":"DISCOS REDONDOS","article_publisher":"https:\/\/www.facebook.com\/discosredondos45","article_modified_time":"2026-03-25T10:51:31+00:00","og_image":[{"width":1040,"height":544,"url":"https:\/\/discos-redondos.es\/wp-content\/uploads\/2023\/04\/cropped-cropped-Diseno-sin-titulo-88-1.png","type":"image\/png"}],"twitter_card":"summary_large_image","twitter_misc":{"Temps estimat de lectura":"1 minut"},"schema":{"@context":"https:\/\/schema.org","@graph":[{"@type":"WebPage","@id":"https:\/\/discos-redondos.es\/reembolso_devoluciones","url":"https:\/\/discos-redondos.es\/reembolso_devoluciones","name":"Pol\u00edtica de devoluciones y reembolsos - DISCOS REDONDOS","isPartOf":{"@id":"https:\/\/discos-redondos.es\/#website"},"datePublished":"2022-04-19T18:04:17+00:00","dateModified":"2026-03-25T10:51:31+00:00","description":"Pol\u00edtica de devoluciones y reembolsos en Discos Redondos","breadcrumb":{"@id":"https:\/\/discos-redondos.es\/reembolso_devoluciones#breadcrumb"},"inLanguage":"ca","potentialAction":[{"@type":"ReadAction","target":["https:\/\/discos-redondos.es\/reembolso_devoluciones"]}]},{"@type":"BreadcrumbList","@id":"https:\/\/discos-redondos.es\/reembolso_devoluciones#breadcrumb","itemListElement":[{"@type":"ListItem","position":1,"name":"Portada","item":"https:\/\/discos-redondos.es\/"},{"@type":"ListItem","position":2,"name":"Pol\u00edtica de devoluciones y reembolsos"}]},{"@type":"WebSite","@id":"https:\/\/discos-redondos.es\/#website","url":"https:\/\/discos-redondos.es\/","name":"Discos Redondos","description":"La teva botiga de discos a Barcelona","publisher":{"@id":"https:\/\/discos-redondos.es\/#organization"},"alternateName":"Discos Redondos","potentialAction":[{"@type":"SearchAction","target":{"@type":"EntryPoint","urlTemplate":"https:\/\/discos-redondos.es\/?s={search_term_string}"},"query-input":{"@type":"PropertyValueSpecification","valueRequired":true,"valueName":"search_term_string"}}],"inLanguage":"ca"},{"@type":"Organization","@id":"https:\/\/discos-redondos.es\/#organization","name":"Discos Redondos","url":"https:\/\/discos-redondos.es\/","logo":{"@type":"ImageObject","inLanguage":"ca","@id":"https:\/\/discos-redondos.es\/#\/schema\/logo\/image\/","url":"https:\/\/discos-redondos.es\/wp-content\/uploads\/2023\/04\/aaff-logo-raval-1-1.jpg","contentUrl":"https:\/\/discos-redondos.es\/wp-content\/uploads\/2023\/04\/aaff-logo-raval-1-1.jpg","width":2362,"height":1441,"caption":"Discos Redondos"},"image":{"@id":"https:\/\/discos-redondos.es\/#\/schema\/logo\/image\/"},"sameAs":["https:\/\/www.facebook.com\/discosredondos45","https:\/\/www.instagram.com\/discos.redondos33\/?hl=es","https:\/\/discos-redondos.bandcamp.com\/"]}]}},"_links":{"self":[{"href":"https:\/\/discos-redondos.es\/ca\/wp-json\/wp\/v2\/pages\/3566","targetHints":{"allow":["GET"]}}],"collection":[{"href":"https:\/\/discos-redondos.es\/ca\/wp-json\/wp\/v2\/pages"}],"about":[{"href":"https:\/\/discos-redondos.es\/ca\/wp-json\/wp\/v2\/types\/page"}],"author":[{"embeddable":true,"href":"https:\/\/discos-redondos.es\/ca\/wp-json\/wp\/v2\/users\/1"}],"replies":[{"embeddable":true,"href":"https:\/\/discos-redondos.es\/ca\/wp-json\/wp\/v2\/comments?post=3566"}],"version-history":[{"count":7,"href":"https:\/\/discos-redondos.es\/ca\/wp-json\/wp\/v2\/pages\/3566\/revisions"}],"predecessor-version":[{"id":7444,"href":"https:\/\/discos-redondos.es\/ca\/wp-json\/wp\/v2\/pages\/3566\/revisions\/7444"}],"wp:attachment":[{"href":"https:\/\/discos-redondos.es\/ca\/wp-json\/wp\/v2\/media?parent=3566"}],"curies":[{"name":"wp","href":"https:\/\/api.w.org\/{rel}","templated":true}]}}