{"id":444,"date":"2021-04-22T15:35:09","date_gmt":"2021-04-22T15:35:09","guid":{"rendered":"https:\/\/discos-redondos.es\/privacidad"},"modified":"2025-01-20T10:28:02","modified_gmt":"2025-01-20T10:28:02","slug":"privacidad","status":"publish","type":"page","link":"https:\/\/discos-redondos.es\/ca\/privacidad","title":{"rendered":"Privacidad"},"content":{"rendered":"<h2 class=\"wp-block-heading\">Qui som<\/h2>\n\n\n\n<p>La direcci\u00f3 del nostre lloc web \u00e9s:\nhttps:\/\/discos-redondos.es<\/p>\n\n\n\n<h2 class=\"wp-block-heading\">Cookies<\/h2>\n\n\n\n<p>Si visita la nostra p\u00e0gina d'inici de sessi\u00f3, establirem una cookie temporal per a determinar si el seu navegador accepta cookies. Aquesta cookie no cont\u00e9 dades personals i es descarta quan tanca el seu navegador.<\/p>\n\n\n\n<p>Quan inici\u00ef sessi\u00f3, tamb\u00e9 configurarem diverses cookies per a guardar la seva informaci\u00f3 d'inici de sessi\u00f3 i les seves opcions de visualitzaci\u00f3 de pantalla. Les cookies d'inici de sessi\u00f3 duren dos dies i les cookies d'opcions de pantalla duren un any. Si selecciona \u00abRecordar-me\u00bb, el seu inici de sessi\u00f3 persistir\u00e0 durant dues setmanes. Si tanca sessi\u00f3 en el seu compte, s'eliminaran les cookies d'inici de sessi\u00f3.<\/p>\n\n\n\n<h2 class=\"wp-block-heading\">Contingut incrustat d'altres llocs web.<\/h2>\n\n\n\n<p>Els articles en aquest lloc poden incloure contingut incrustat (per exemple, v\u00eddeos, imatges, articles, etc.). El contingut incrustat d'altres llocs web es comporta exactament de la mateixa manera que si el visitant hagu\u00e9s visitat l'altre lloc web.<\/p>\n\n\n\n<p>Aquests llocs web poden recopilar dades sobre vost\u00e8, usar cookies, incrustar un seguiment addicional de tercers i monitorar la seva interacci\u00f3 amb aquest contingut incrustat, incl\u00f2s el seguiment de la seva interacci\u00f3 amb el contingut incrustat si t\u00e9 un compte i ha iniciat sessi\u00f3 en aquest lloc web.<\/p>\n\n\n\n<p>Si sol\u00b7licita un restabliment de contrasenya, la seva adre\u00e7a IP s'inclour\u00e0 en el correu electr\u00f2nic de restabliment.<\/p>\n\n\n\n<h2 class=\"wp-block-heading\">Quant temps conservem les seves dades<\/h2>\n\n\n\n<p>Per als usuaris que es registren en el nostre lloc web, emmagatzemem la informaci\u00f3 personal que proporcionen en el seu perfil d'usuari. Tots els usuaris poden veure, editar o eliminar la seva informaci\u00f3 personal en qualsevol moment (excepte que no poden canviar el seu nom d'usuari). Els administradors del lloc web tamb\u00e9 poden veure i editar aquesta informaci\u00f3.<\/p>\n\n\n\n<h2 class=\"wp-block-heading\">Quins drets tens sobre les teves dades<\/h2>\n\n\n\n<p>Si t\u00e9 un compte en aquest lloc, pot sol\u00b7licitar rebre un arxiu exportat de les dades personals que tenim sobre vost\u00e8, inclosos les dades que ens hagi proporcionat. Tamb\u00e9 pot sol\u00b7licitar que eliminem qualsevol dada personal que tinguem sobre vost\u00e8. Aix\u00f2 no inclou cap dada que estiguem obligats a conservar amb finalitats administratius, legals o de seguretat.<\/p>\n\n\n\n<h2 class=\"wp-block-heading\">On s'envien les seves dades<\/h2>\n\n\n\n<p>Els comentaris dels visitants poden ser revisats per un servei de detecci\u00f3 autom\u00e0tica de spam.<\/p>\n\n\n\n<p><\/p>","protected":false},"excerpt":{"rendered":"<p>Quienes somos La direcci\u00f3n de nuestro sitio web es: https:\/\/discos-redondos.es Cookies Si visita nuestra p\u00e1gina de inicio de sesi\u00f3n, estableceremos una cookie temporal para determinar si su navegador acepta cookies. Esta cookie no contiene datos personales y se descarta cuando cierra su navegador. Cuando inicie sesi\u00f3n, tambi\u00e9n configuraremos varias cookies para guardar su informaci\u00f3n de <a class=\"read-more\" href=\"https:\/\/discos-redondos.es\/ca\/privacidad\">Read More<\/a><\/p>","protected":false},"author":1,"featured_media":0,"parent":0,"menu_order":0,"comment_status":"closed","ping_status":"closed","template":"","meta":{"footnotes":""},"class_list":["post-444","page","type-page","status-publish","hentry"],"yoast_head":"<!-- This site is optimized with the Yoast SEO plugin v27.5 - https:\/\/yoast.com\/product\/yoast-seo-wordpress\/ -->\n<title>Privacidad - DISCOS REDONDOS<\/title>\n<meta name=\"robots\" content=\"index, follow, max-snippet:-1, max-image-preview:large, max-video-preview:-1\" \/>\n<link rel=\"canonical\" href=\"https:\/\/discos-redondos.es\/ca\/privacidad\/\" \/>\n<meta property=\"og:locale\" content=\"ca_ES\" \/>\n<meta property=\"og:type\" content=\"article\" \/>\n<meta property=\"og:title\" content=\"Privacidad - DISCOS REDONDOS\" \/>\n<meta property=\"og:description\" content=\"Quienes somos La direcci\u00f3n de nuestro sitio web es: https:\/\/discos-redondos.es Cookies Si visita nuestra p\u00e1gina de inicio de sesi\u00f3n, estableceremos una cookie temporal para determinar si su navegador acepta cookies. Esta cookie no contiene datos personales y se descarta cuando cierra su navegador. Cuando inicie sesi\u00f3n, tambi\u00e9n configuraremos varias cookies para guardar su informaci\u00f3n de Read More\" \/>\n<meta property=\"og:url\" content=\"https:\/\/discos-redondos.es\/ca\/privacidad\/\" \/>\n<meta property=\"og:site_name\" content=\"DISCOS REDONDOS\" \/>\n<meta property=\"article:publisher\" content=\"https:\/\/www.facebook.com\/discosredondos45\" \/>\n<meta property=\"article:modified_time\" content=\"2025-01-20T10:28:02+00:00\" \/>\n<meta property=\"og:image\" content=\"https:\/\/discos-redondos.es\/wp-content\/uploads\/2023\/04\/cropped-cropped-Diseno-sin-titulo-88-1.png\" \/>\n\t<meta property=\"og:image:width\" content=\"1040\" \/>\n\t<meta property=\"og:image:height\" content=\"544\" \/>\n\t<meta property=\"og:image:type\" content=\"image\/png\" \/>\n<meta name=\"twitter:card\" content=\"summary_large_image\" \/>\n<meta name=\"twitter:label1\" content=\"Temps estimat de lectura\" \/>\n\t<meta name=\"twitter:data1\" content=\"2 minuts\" \/>\n<script type=\"application\/ld+json\" class=\"yoast-schema-graph\">{\"@context\":\"https:\\\/\\\/schema.org\",\"@graph\":[{\"@type\":\"WebPage\",\"@id\":\"https:\\\/\\\/discos-redondos.es\\\/privacidad\",\"url\":\"https:\\\/\\\/discos-redondos.es\\\/privacidad\",\"name\":\"Privacidad - DISCOS REDONDOS\",\"isPartOf\":{\"@id\":\"https:\\\/\\\/discos-redondos.es\\\/#website\"},\"datePublished\":\"2021-04-22T15:35:09+00:00\",\"dateModified\":\"2025-01-20T10:28:02+00:00\",\"breadcrumb\":{\"@id\":\"https:\\\/\\\/discos-redondos.es\\\/privacidad#breadcrumb\"},\"inLanguage\":\"ca\",\"potentialAction\":[{\"@type\":\"ReadAction\",\"target\":[\"https:\\\/\\\/discos-redondos.es\\\/privacidad\"]}]},{\"@type\":\"BreadcrumbList\",\"@id\":\"https:\\\/\\\/discos-redondos.es\\\/privacidad#breadcrumb\",\"itemListElement\":[{\"@type\":\"ListItem\",\"position\":1,\"name\":\"Portada\",\"item\":\"https:\\\/\\\/discos-redondos.es\\\/\"},{\"@type\":\"ListItem\",\"position\":2,\"name\":\"Privacidad\"}]},{\"@type\":\"WebSite\",\"@id\":\"https:\\\/\\\/discos-redondos.es\\\/#website\",\"url\":\"https:\\\/\\\/discos-redondos.es\\\/\",\"name\":\"Discos Redondos\",\"description\":\"Tu tienda de discos en Barcelona\",\"publisher\":{\"@id\":\"https:\\\/\\\/discos-redondos.es\\\/#organization\"},\"alternateName\":\"Discos Redondos\",\"potentialAction\":[{\"@type\":\"SearchAction\",\"target\":{\"@type\":\"EntryPoint\",\"urlTemplate\":\"https:\\\/\\\/discos-redondos.es\\\/?s={search_term_string}\"},\"query-input\":{\"@type\":\"PropertyValueSpecification\",\"valueRequired\":true,\"valueName\":\"search_term_string\"}}],\"inLanguage\":\"ca\"},{\"@type\":\"Organization\",\"@id\":\"https:\\\/\\\/discos-redondos.es\\\/#organization\",\"name\":\"Discos Redondos\",\"url\":\"https:\\\/\\\/discos-redondos.es\\\/\",\"logo\":{\"@type\":\"ImageObject\",\"inLanguage\":\"ca\",\"@id\":\"https:\\\/\\\/discos-redondos.es\\\/#\\\/schema\\\/logo\\\/image\\\/\",\"url\":\"https:\\\/\\\/discos-redondos.es\\\/wp-content\\\/uploads\\\/2023\\\/04\\\/aaff-logo-raval-1-1.jpg\",\"contentUrl\":\"https:\\\/\\\/discos-redondos.es\\\/wp-content\\\/uploads\\\/2023\\\/04\\\/aaff-logo-raval-1-1.jpg\",\"width\":2362,\"height\":1441,\"caption\":\"Discos Redondos\"},\"image\":{\"@id\":\"https:\\\/\\\/discos-redondos.es\\\/#\\\/schema\\\/logo\\\/image\\\/\"},\"sameAs\":[\"https:\\\/\\\/www.facebook.com\\\/discosredondos45\",\"https:\\\/\\\/www.instagram.com\\\/discos.redondos33\\\/?hl=es\",\"https:\\\/\\\/discos-redondos.bandcamp.com\\\/\"]}]}<\/script>\n<!-- \/ Yoast SEO plugin. -->","yoast_head_json":{"title":"Privacidad - DISCOS REDONDOS","robots":{"index":"index","follow":"follow","max-snippet":"max-snippet:-1","max-image-preview":"max-image-preview:large","max-video-preview":"max-video-preview:-1"},"canonical":"https:\/\/discos-redondos.es\/ca\/privacidad\/","og_locale":"ca_ES","og_type":"article","og_title":"Privacidad - DISCOS REDONDOS","og_description":"Quienes somos La direcci\u00f3n de nuestro sitio web es: https:\/\/discos-redondos.es Cookies Si visita nuestra p\u00e1gina de inicio de sesi\u00f3n, estableceremos una cookie temporal para determinar si su navegador acepta cookies. Esta cookie no contiene datos personales y se descarta cuando cierra su navegador. Cuando inicie sesi\u00f3n, tambi\u00e9n configuraremos varias cookies para guardar su informaci\u00f3n de Read More","og_url":"https:\/\/discos-redondos.es\/ca\/privacidad\/","og_site_name":"DISCOS REDONDOS","article_publisher":"https:\/\/www.facebook.com\/discosredondos45","article_modified_time":"2025-01-20T10:28:02+00:00","og_image":[{"width":1040,"height":544,"url":"https:\/\/discos-redondos.es\/wp-content\/uploads\/2023\/04\/cropped-cropped-Diseno-sin-titulo-88-1.png","type":"image\/png"}],"twitter_card":"summary_large_image","twitter_misc":{"Temps estimat de lectura":"2 minuts"},"schema":{"@context":"https:\/\/schema.org","@graph":[{"@type":"WebPage","@id":"https:\/\/discos-redondos.es\/privacidad","url":"https:\/\/discos-redondos.es\/privacidad","name":"Privacidad - DISCOS REDONDOS","isPartOf":{"@id":"https:\/\/discos-redondos.es\/#website"},"datePublished":"2021-04-22T15:35:09+00:00","dateModified":"2025-01-20T10:28:02+00:00","breadcrumb":{"@id":"https:\/\/discos-redondos.es\/privacidad#breadcrumb"},"inLanguage":"ca","potentialAction":[{"@type":"ReadAction","target":["https:\/\/discos-redondos.es\/privacidad"]}]},{"@type":"BreadcrumbList","@id":"https:\/\/discos-redondos.es\/privacidad#breadcrumb","itemListElement":[{"@type":"ListItem","position":1,"name":"Portada","item":"https:\/\/discos-redondos.es\/"},{"@type":"ListItem","position":2,"name":"Privacidad"}]},{"@type":"WebSite","@id":"https:\/\/discos-redondos.es\/#website","url":"https:\/\/discos-redondos.es\/","name":"Discos Redondos","description":"La teva botiga de discos a Barcelona","publisher":{"@id":"https:\/\/discos-redondos.es\/#organization"},"alternateName":"Discos Redondos","potentialAction":[{"@type":"SearchAction","target":{"@type":"EntryPoint","urlTemplate":"https:\/\/discos-redondos.es\/?s={search_term_string}"},"query-input":{"@type":"PropertyValueSpecification","valueRequired":true,"valueName":"search_term_string"}}],"inLanguage":"ca"},{"@type":"Organization","@id":"https:\/\/discos-redondos.es\/#organization","name":"Discos Redondos","url":"https:\/\/discos-redondos.es\/","logo":{"@type":"ImageObject","inLanguage":"ca","@id":"https:\/\/discos-redondos.es\/#\/schema\/logo\/image\/","url":"https:\/\/discos-redondos.es\/wp-content\/uploads\/2023\/04\/aaff-logo-raval-1-1.jpg","contentUrl":"https:\/\/discos-redondos.es\/wp-content\/uploads\/2023\/04\/aaff-logo-raval-1-1.jpg","width":2362,"height":1441,"caption":"Discos Redondos"},"image":{"@id":"https:\/\/discos-redondos.es\/#\/schema\/logo\/image\/"},"sameAs":["https:\/\/www.facebook.com\/discosredondos45","https:\/\/www.instagram.com\/discos.redondos33\/?hl=es","https:\/\/discos-redondos.bandcamp.com\/"]}]}},"_links":{"self":[{"href":"https:\/\/discos-redondos.es\/ca\/wp-json\/wp\/v2\/pages\/444","targetHints":{"allow":["GET"]}}],"collection":[{"href":"https:\/\/discos-redondos.es\/ca\/wp-json\/wp\/v2\/pages"}],"about":[{"href":"https:\/\/discos-redondos.es\/ca\/wp-json\/wp\/v2\/types\/page"}],"author":[{"embeddable":true,"href":"https:\/\/discos-redondos.es\/ca\/wp-json\/wp\/v2\/users\/1"}],"replies":[{"embeddable":true,"href":"https:\/\/discos-redondos.es\/ca\/wp-json\/wp\/v2\/comments?post=444"}],"version-history":[{"count":3,"href":"https:\/\/discos-redondos.es\/ca\/wp-json\/wp\/v2\/pages\/444\/revisions"}],"predecessor-version":[{"id":8349,"href":"https:\/\/discos-redondos.es\/ca\/wp-json\/wp\/v2\/pages\/444\/revisions\/8349"}],"wp:attachment":[{"href":"https:\/\/discos-redondos.es\/ca\/wp-json\/wp\/v2\/media?parent=444"}],"curies":[{"name":"wp","href":"https:\/\/api.w.org\/{rel}","templated":true}]}}