{"id":6713,"date":"2023-11-11T10:39:25","date_gmt":"2023-11-11T10:39:25","guid":{"rendered":"https:\/\/discos-redondos.es\/?page_id=6713"},"modified":"2026-03-25T12:37:58","modified_gmt":"2026-03-25T12:37:58","slug":"compramos-discos-de-vinilo","status":"publish","type":"page","link":"https:\/\/discos-redondos.es\/ca\/compramos-discos-de-vinilo","title":{"rendered":"Comprem discos de vinil a Barcelona"},"content":{"rendered":"<p class=\"has-text-align-center\">Has pensat a vendre la teva col\u00b7lecci\u00f3? Si vols vendre discos de vinil a Barcelona, estem interessats. <\/p>\n\n\n\n<p class=\"has-text-align-center\">Passem a domicili a Barcelona i ens desplacem per tot l'\u00e0rea metropolitana pr\u00e8via cita. Si est\u00e0s fora d'aquesta zona tamb\u00e9 podem despla\u00e7ar-nos. Mana'ns un v\u00eddeo o foto i concertarem una visita. <\/p>\n\n\n\n<p class=\"has-text-align-center\">Cu\u00e9ntanos lo que tienes y te garantizamos el mejor precio de mercado. Puedes enviar fotos de tus disco, un listado o un peque\u00f1o v\u00eddeo para que nos hagamos idea al email <strong>info@discos-redondos.es<\/strong><\/p>\n\n\n\n<p><\/p>","protected":false},"excerpt":{"rendered":"<p>\u00bfHas pensado en vender tu colecci\u00f3n? Si quieres vender discos de vinilo en Barcelona, estamos interesados. Pasamos a domicilio en Barcelona y nos desplazamos por todo el \u00e1rea metropolitana previa cita. Si est\u00e1s fuera de esta zona tambi\u00e9n podemos desplazarnos. M\u00e1ndanos un v\u00eddeo o foto y concertaremos una visita. Cu\u00e9ntanos lo que tienes y te <a class=\"read-more\" href=\"https:\/\/discos-redondos.es\/ca\/compramos-discos-de-vinilo\">Read More<\/a><\/p>","protected":false},"author":1,"featured_media":6722,"parent":0,"menu_order":0,"comment_status":"closed","ping_status":"closed","template":"","meta":{"footnotes":""},"class_list":["post-6713","page","type-page","status-publish","has-post-thumbnail","hentry"],"yoast_head":"<!-- This site is optimized with the Yoast SEO plugin v27.4 - https:\/\/yoast.com\/product\/yoast-seo-wordpress\/ -->\n<title>Compramos discos de vinilo en Barcelona - DISCOS REDONDOS<\/title>\n<meta name=\"robots\" content=\"index, follow, max-snippet:-1, max-image-preview:large, max-video-preview:-1\" \/>\n<link rel=\"canonical\" href=\"https:\/\/discos-redondos.es\/ca\/compramos-discos-de-vinilo\/\" \/>\n<meta property=\"og:locale\" content=\"ca_ES\" \/>\n<meta property=\"og:type\" content=\"article\" \/>\n<meta property=\"og:title\" content=\"Compramos discos de vinilo en Barcelona - DISCOS REDONDOS\" \/>\n<meta property=\"og:description\" content=\"\u00bfHas pensado en vender tu colecci\u00f3n? Si quieres vender discos de vinilo en Barcelona, estamos interesados. Pasamos a domicilio en Barcelona y nos desplazamos por todo el \u00e1rea metropolitana previa cita. Si est\u00e1s fuera de esta zona tambi\u00e9n podemos desplazarnos. M\u00e1ndanos un v\u00eddeo o foto y concertaremos una visita. Cu\u00e9ntanos lo que tienes y te Read More\" \/>\n<meta property=\"og:url\" content=\"https:\/\/discos-redondos.es\/ca\/compramos-discos-de-vinilo\/\" \/>\n<meta property=\"og:site_name\" content=\"DISCOS REDONDOS\" \/>\n<meta property=\"article:publisher\" content=\"https:\/\/www.facebook.com\/discosredondos45\" \/>\n<meta property=\"article:modified_time\" content=\"2026-03-25T12:37:58+00:00\" \/>\n<meta property=\"og:image\" content=\"https:\/\/discos-redondos.es\/wp-content\/uploads\/2023\/11\/pexels-photo-1389429.jpeg\" \/>\n\t<meta property=\"og:image:width\" content=\"1880\" \/>\n\t<meta property=\"og:image:height\" content=\"1253\" \/>\n\t<meta property=\"og:image:type\" content=\"image\/jpeg\" \/>\n<meta name=\"twitter:card\" content=\"summary_large_image\" \/>\n<meta name=\"twitter:label1\" content=\"Temps estimat de lectura\" \/>\n\t<meta name=\"twitter:data1\" content=\"1 minut\" \/>\n<script type=\"application\/ld+json\" class=\"yoast-schema-graph\">{\"@context\":\"https:\\\/\\\/schema.org\",\"@graph\":[{\"@type\":\"WebPage\",\"@id\":\"https:\\\/\\\/discos-redondos.es\\\/compramos-discos-de-vinilo\",\"url\":\"https:\\\/\\\/discos-redondos.es\\\/compramos-discos-de-vinilo\",\"name\":\"Compramos discos de vinilo en Barcelona - DISCOS REDONDOS\",\"isPartOf\":{\"@id\":\"https:\\\/\\\/discos-redondos.es\\\/#website\"},\"primaryImageOfPage\":{\"@id\":\"https:\\\/\\\/discos-redondos.es\\\/compramos-discos-de-vinilo#primaryimage\"},\"image\":{\"@id\":\"https:\\\/\\\/discos-redondos.es\\\/compramos-discos-de-vinilo#primaryimage\"},\"thumbnailUrl\":\"https:\\\/\\\/discos-redondos.es\\\/wp-content\\\/uploads\\\/2023\\\/11\\\/pexels-photo-1389429.jpeg\",\"datePublished\":\"2023-11-11T10:39:25+00:00\",\"dateModified\":\"2026-03-25T12:37:58+00:00\",\"breadcrumb\":{\"@id\":\"https:\\\/\\\/discos-redondos.es\\\/compramos-discos-de-vinilo#breadcrumb\"},\"inLanguage\":\"ca\",\"potentialAction\":[{\"@type\":\"ReadAction\",\"target\":[\"https:\\\/\\\/discos-redondos.es\\\/compramos-discos-de-vinilo\"]}]},{\"@type\":\"ImageObject\",\"inLanguage\":\"ca\",\"@id\":\"https:\\\/\\\/discos-redondos.es\\\/compramos-discos-de-vinilo#primaryimage\",\"url\":\"https:\\\/\\\/discos-redondos.es\\\/wp-content\\\/uploads\\\/2023\\\/11\\\/pexels-photo-1389429.jpeg\",\"contentUrl\":\"https:\\\/\\\/discos-redondos.es\\\/wp-content\\\/uploads\\\/2023\\\/11\\\/pexels-photo-1389429.jpeg\",\"width\":1880,\"height\":1253,\"caption\":\"Photo by Elviss Railijs Bit\u0101ns on Pexels.com\"},{\"@type\":\"BreadcrumbList\",\"@id\":\"https:\\\/\\\/discos-redondos.es\\\/compramos-discos-de-vinilo#breadcrumb\",\"itemListElement\":[{\"@type\":\"ListItem\",\"position\":1,\"name\":\"Portada\",\"item\":\"https:\\\/\\\/discos-redondos.es\\\/\"},{\"@type\":\"ListItem\",\"position\":2,\"name\":\"Compramos discos de vinilo en Barcelona\"}]},{\"@type\":\"WebSite\",\"@id\":\"https:\\\/\\\/discos-redondos.es\\\/#website\",\"url\":\"https:\\\/\\\/discos-redondos.es\\\/\",\"name\":\"Discos Redondos\",\"description\":\"Tu tienda de discos en Barcelona\",\"publisher\":{\"@id\":\"https:\\\/\\\/discos-redondos.es\\\/#organization\"},\"alternateName\":\"Discos Redondos\",\"potentialAction\":[{\"@type\":\"SearchAction\",\"target\":{\"@type\":\"EntryPoint\",\"urlTemplate\":\"https:\\\/\\\/discos-redondos.es\\\/?s={search_term_string}\"},\"query-input\":{\"@type\":\"PropertyValueSpecification\",\"valueRequired\":true,\"valueName\":\"search_term_string\"}}],\"inLanguage\":\"ca\"},{\"@type\":\"Organization\",\"@id\":\"https:\\\/\\\/discos-redondos.es\\\/#organization\",\"name\":\"Discos Redondos\",\"url\":\"https:\\\/\\\/discos-redondos.es\\\/\",\"logo\":{\"@type\":\"ImageObject\",\"inLanguage\":\"ca\",\"@id\":\"https:\\\/\\\/discos-redondos.es\\\/#\\\/schema\\\/logo\\\/image\\\/\",\"url\":\"https:\\\/\\\/discos-redondos.es\\\/wp-content\\\/uploads\\\/2023\\\/04\\\/aaff-logo-raval-1-1.jpg\",\"contentUrl\":\"https:\\\/\\\/discos-redondos.es\\\/wp-content\\\/uploads\\\/2023\\\/04\\\/aaff-logo-raval-1-1.jpg\",\"width\":2362,\"height\":1441,\"caption\":\"Discos Redondos\"},\"image\":{\"@id\":\"https:\\\/\\\/discos-redondos.es\\\/#\\\/schema\\\/logo\\\/image\\\/\"},\"sameAs\":[\"https:\\\/\\\/www.facebook.com\\\/discosredondos45\",\"https:\\\/\\\/www.instagram.com\\\/discos.redondos33\\\/?hl=es\",\"https:\\\/\\\/discos-redondos.bandcamp.com\\\/\"]}]}<\/script>\n<!-- \/ Yoast SEO plugin. -->","yoast_head_json":{"title":"Compramos discos de vinilo en Barcelona - DISCOS REDONDOS","robots":{"index":"index","follow":"follow","max-snippet":"max-snippet:-1","max-image-preview":"max-image-preview:large","max-video-preview":"max-video-preview:-1"},"canonical":"https:\/\/discos-redondos.es\/ca\/compramos-discos-de-vinilo\/","og_locale":"ca_ES","og_type":"article","og_title":"Compramos discos de vinilo en Barcelona - DISCOS REDONDOS","og_description":"\u00bfHas pensado en vender tu colecci\u00f3n? Si quieres vender discos de vinilo en Barcelona, estamos interesados. Pasamos a domicilio en Barcelona y nos desplazamos por todo el \u00e1rea metropolitana previa cita. Si est\u00e1s fuera de esta zona tambi\u00e9n podemos desplazarnos. M\u00e1ndanos un v\u00eddeo o foto y concertaremos una visita. Cu\u00e9ntanos lo que tienes y te Read More","og_url":"https:\/\/discos-redondos.es\/ca\/compramos-discos-de-vinilo\/","og_site_name":"DISCOS REDONDOS","article_publisher":"https:\/\/www.facebook.com\/discosredondos45","article_modified_time":"2026-03-25T12:37:58+00:00","og_image":[{"width":1880,"height":1253,"url":"https:\/\/discos-redondos.es\/wp-content\/uploads\/2023\/11\/pexels-photo-1389429.jpeg","type":"image\/jpeg"}],"twitter_card":"summary_large_image","twitter_misc":{"Temps estimat de lectura":"1 minut"},"schema":{"@context":"https:\/\/schema.org","@graph":[{"@type":"WebPage","@id":"https:\/\/discos-redondos.es\/compramos-discos-de-vinilo","url":"https:\/\/discos-redondos.es\/compramos-discos-de-vinilo","name":"Compramos discos de vinilo en Barcelona - DISCOS REDONDOS","isPartOf":{"@id":"https:\/\/discos-redondos.es\/#website"},"primaryImageOfPage":{"@id":"https:\/\/discos-redondos.es\/compramos-discos-de-vinilo#primaryimage"},"image":{"@id":"https:\/\/discos-redondos.es\/compramos-discos-de-vinilo#primaryimage"},"thumbnailUrl":"https:\/\/discos-redondos.es\/wp-content\/uploads\/2023\/11\/pexels-photo-1389429.jpeg","datePublished":"2023-11-11T10:39:25+00:00","dateModified":"2026-03-25T12:37:58+00:00","breadcrumb":{"@id":"https:\/\/discos-redondos.es\/compramos-discos-de-vinilo#breadcrumb"},"inLanguage":"ca","potentialAction":[{"@type":"ReadAction","target":["https:\/\/discos-redondos.es\/compramos-discos-de-vinilo"]}]},{"@type":"ImageObject","inLanguage":"ca","@id":"https:\/\/discos-redondos.es\/compramos-discos-de-vinilo#primaryimage","url":"https:\/\/discos-redondos.es\/wp-content\/uploads\/2023\/11\/pexels-photo-1389429.jpeg","contentUrl":"https:\/\/discos-redondos.es\/wp-content\/uploads\/2023\/11\/pexels-photo-1389429.jpeg","width":1880,"height":1253,"caption":"Photo by Elviss Railijs Bit\u0101ns on Pexels.com"},{"@type":"BreadcrumbList","@id":"https:\/\/discos-redondos.es\/compramos-discos-de-vinilo#breadcrumb","itemListElement":[{"@type":"ListItem","position":1,"name":"Portada","item":"https:\/\/discos-redondos.es\/"},{"@type":"ListItem","position":2,"name":"Compramos discos de vinilo en Barcelona"}]},{"@type":"WebSite","@id":"https:\/\/discos-redondos.es\/#website","url":"https:\/\/discos-redondos.es\/","name":"Discos Redondos","description":"La teva botiga de discos a Barcelona","publisher":{"@id":"https:\/\/discos-redondos.es\/#organization"},"alternateName":"Discos Redondos","potentialAction":[{"@type":"SearchAction","target":{"@type":"EntryPoint","urlTemplate":"https:\/\/discos-redondos.es\/?s={search_term_string}"},"query-input":{"@type":"PropertyValueSpecification","valueRequired":true,"valueName":"search_term_string"}}],"inLanguage":"ca"},{"@type":"Organization","@id":"https:\/\/discos-redondos.es\/#organization","name":"Discos Redondos","url":"https:\/\/discos-redondos.es\/","logo":{"@type":"ImageObject","inLanguage":"ca","@id":"https:\/\/discos-redondos.es\/#\/schema\/logo\/image\/","url":"https:\/\/discos-redondos.es\/wp-content\/uploads\/2023\/04\/aaff-logo-raval-1-1.jpg","contentUrl":"https:\/\/discos-redondos.es\/wp-content\/uploads\/2023\/04\/aaff-logo-raval-1-1.jpg","width":2362,"height":1441,"caption":"Discos Redondos"},"image":{"@id":"https:\/\/discos-redondos.es\/#\/schema\/logo\/image\/"},"sameAs":["https:\/\/www.facebook.com\/discosredondos45","https:\/\/www.instagram.com\/discos.redondos33\/?hl=es","https:\/\/discos-redondos.bandcamp.com\/"]}]}},"_links":{"self":[{"href":"https:\/\/discos-redondos.es\/ca\/wp-json\/wp\/v2\/pages\/6713","targetHints":{"allow":["GET"]}}],"collection":[{"href":"https:\/\/discos-redondos.es\/ca\/wp-json\/wp\/v2\/pages"}],"about":[{"href":"https:\/\/discos-redondos.es\/ca\/wp-json\/wp\/v2\/types\/page"}],"author":[{"embeddable":true,"href":"https:\/\/discos-redondos.es\/ca\/wp-json\/wp\/v2\/users\/1"}],"replies":[{"embeddable":true,"href":"https:\/\/discos-redondos.es\/ca\/wp-json\/wp\/v2\/comments?post=6713"}],"version-history":[{"count":10,"href":"https:\/\/discos-redondos.es\/ca\/wp-json\/wp\/v2\/pages\/6713\/revisions"}],"predecessor-version":[{"id":15357,"href":"https:\/\/discos-redondos.es\/ca\/wp-json\/wp\/v2\/pages\/6713\/revisions\/15357"}],"wp:featuredmedia":[{"embeddable":true,"href":"https:\/\/discos-redondos.es\/ca\/wp-json\/wp\/v2\/media\/6722"}],"wp:attachment":[{"href":"https:\/\/discos-redondos.es\/ca\/wp-json\/wp\/v2\/media?parent=6713"}],"curies":[{"name":"wp","href":"https:\/\/api.w.org\/{rel}","templated":true}]}}