{"id":8333,"date":"2025-01-16T10:26:29","date_gmt":"2025-01-16T10:26:29","guid":{"rendered":"https:\/\/discos-redondos.es\/?page_id=8333"},"modified":"2026-03-25T10:50:24","modified_gmt":"2026-03-25T10:50:24","slug":"tarifas-y-metodos-de-envio","status":"publish","type":"page","link":"https:\/\/discos-redondos.es\/ca\/tarifas-y-metodos-de-envio","title":{"rendered":"Tarifes i m\u00e8todes d'enviament"},"content":{"rendered":"<p>Una vegada que estiguis finalitzant la teva comanda, tindr\u00e0s quatre opcions d'enviament per a triar:<\/p>\n\n\n\n<p><strong>RECOLLIDA EN BOTIGA<\/strong>:<\/p>\n\n\n\n<p>Es <strong>GRATU\u00cfT.<\/strong>Una vegada que realitzis la teva compra i si has triat aquesta forma de lliurament, la teva comanda quedar\u00e0 bloquejat a la nostra botiga en Sant Vicen\u00e7 33, 08001 de Barcelona esperant que passis a recollir-lo quan et vingui b\u00e9. Aquest \u00e9s el m\u00e8tode m\u00e9s adequat si pots passar tu mateix (o alg\u00fa de la teva confian\u00e7a) per Discos Rodons.<\/p>\n\n\n\n<p><strong>ENVIAMENT GRATU\u00cfT:<\/strong><\/p>\n\n\n\n<p>Se activar\u00e1 autom\u00e1ticamente para pedidos de m\u00e1s de 120\u20ac. Siempre se realizar\u00e1 por <a href=\"https:\/\/www.inpost.es\/?_gl=1*11llvow*_up*MQ..*_gs*MQ..\">Punto Pack<\/a> a l'oficina de la teva elecci\u00f3, la m\u00e9s pr\u00f2xima a la teva casa o lloc de treball, i podr\u00e0s recollir el teu paquet en el moment que et vingui b\u00e9.<\/p>\n\n\n\n<p><strong>RECOLLIDA EN LA TEVA OFICINA PUNTO PACK M\u00c9S PROPERA:<\/strong><\/p>\n\n\n\n<p>T\u00e9 un <strong>COST FIX<\/strong> de <strong>5,50\u20ac<\/strong>independentment del nombre de discos que compris. <strong>TARIFA PLANA<\/strong>. Aquesta \u00e9s la forma d'enviament m\u00e9s adequada si no sols estar en el teu domicili i prefereixes recollir la teva comanda en l'oficina <a href=\"https:\/\/www.inpost.es\/?_gl=1*11llvow*_up*MQ..*_gs*MQ..\">Punto Pack<\/a> m\u00e9s pr\u00f2xima a la teva casa o lloc de treball en el moment que et vingui b\u00e9. Si ja tens un establiment habitual d'aquest tipus en el qual et sols fer enviar les teves compres en l\u00ednia, especifica'l en <strong>COMENTARIOS<\/strong> en realitzar la teva compra i ho enviarem all\u00ed.<\/p>\n\n\n\n<p><strong>LLIURAMENT EN DOMICILI AMB CORREUS \u2013 CARTA CERTIFICADA: <\/strong><\/p>\n\n\n\n<p>T\u00e9 un <strong>COST FIX<\/strong> de <strong>10,95\u20ac<\/strong>independentment del nombre de discos que compris. <strong>TARIFA PLANA<\/strong>En qualsevol cas, si la quantitat de material excedeix el pes autoritzat per <a href=\"https:\/\/www.correos.es\/es\/es\/particulares\">Correos<\/a> per a la Carta Certificada, se t'enviar\u00e0 per la modalitat de Paquet Postal <strong>sense cost addicional.<\/strong>Aquesta \u00e9s la forma d'enviament m\u00e9s adequada si sempre est\u00e0s en el teu domicili o et fas enviar els teus discos al treball o a qualsevol lloc en el qual sempre hi hagi una persona disponible per a la recollida.<\/p>\n\n\n\n<p><\/p>","protected":false},"excerpt":{"rendered":"<p>Una vez que est\u00e9s finalizando tu pedido, tendr\u00e1s cuatro opciones de env\u00edo para escoger: RECOGIDA EN TIENDA: Es GRATUITO. Una vez que realices tu compra y si has escogido esta forma de entrega, tu pedido quedar\u00e1 bloqueado en nuestra tienda en Sant Vicen\u00e7 33, 08001 de Barcelona esperando que pases a recogerlo cuando te venga <a class=\"read-more\" href=\"https:\/\/discos-redondos.es\/ca\/tarifas-y-metodos-de-envio\">Read More<\/a><\/p>","protected":false},"author":1,"featured_media":0,"parent":0,"menu_order":0,"comment_status":"closed","ping_status":"closed","template":"","meta":{"footnotes":""},"class_list":["post-8333","page","type-page","status-publish","hentry"],"yoast_head":"<!-- This site is optimized with the Yoast SEO plugin v27.3 - https:\/\/yoast.com\/product\/yoast-seo-wordpress\/ -->\n<title>Tarifas y m\u00e9todos de env\u00edo - DISCOS REDONDOS<\/title>\n<meta name=\"description\" content=\"Tarifas y m\u00e9todos de env\u00edo de Discos Redondos\" \/>\n<meta name=\"robots\" content=\"index, follow, max-snippet:-1, max-image-preview:large, max-video-preview:-1\" \/>\n<link rel=\"canonical\" href=\"https:\/\/discos-redondos.es\/ca\/tarifas-y-metodos-de-envio\/\" \/>\n<meta property=\"og:locale\" content=\"ca_ES\" \/>\n<meta property=\"og:type\" content=\"article\" \/>\n<meta property=\"og:title\" content=\"Tarifas y m\u00e9todos de env\u00edo - DISCOS REDONDOS\" \/>\n<meta property=\"og:description\" content=\"Tarifas y m\u00e9todos de env\u00edo de Discos Redondos\" \/>\n<meta property=\"og:url\" content=\"https:\/\/discos-redondos.es\/ca\/tarifas-y-metodos-de-envio\/\" \/>\n<meta property=\"og:site_name\" content=\"DISCOS REDONDOS\" \/>\n<meta property=\"article:publisher\" content=\"https:\/\/www.facebook.com\/discosredondos45\" \/>\n<meta property=\"article:modified_time\" content=\"2026-03-25T10:50:24+00:00\" \/>\n<meta property=\"og:image\" content=\"https:\/\/discos-redondos.es\/wp-content\/uploads\/2023\/04\/cropped-cropped-Diseno-sin-titulo-88-1.png\" \/>\n\t<meta property=\"og:image:width\" content=\"1040\" \/>\n\t<meta property=\"og:image:height\" content=\"544\" \/>\n\t<meta property=\"og:image:type\" content=\"image\/png\" \/>\n<meta name=\"twitter:card\" content=\"summary_large_image\" \/>\n<meta name=\"twitter:label1\" content=\"Temps estimat de lectura\" \/>\n\t<meta name=\"twitter:data1\" content=\"2 minuts\" \/>\n<script type=\"application\/ld+json\" class=\"yoast-schema-graph\">{\"@context\":\"https:\\\/\\\/schema.org\",\"@graph\":[{\"@type\":\"WebPage\",\"@id\":\"https:\\\/\\\/discos-redondos.es\\\/tarifas-y-metodos-de-envio\",\"url\":\"https:\\\/\\\/discos-redondos.es\\\/tarifas-y-metodos-de-envio\",\"name\":\"Tarifas y m\u00e9todos de env\u00edo - DISCOS REDONDOS\",\"isPartOf\":{\"@id\":\"https:\\\/\\\/discos-redondos.es\\\/#website\"},\"datePublished\":\"2025-01-16T10:26:29+00:00\",\"dateModified\":\"2026-03-25T10:50:24+00:00\",\"description\":\"Tarifas y m\u00e9todos de env\u00edo de Discos Redondos\",\"breadcrumb\":{\"@id\":\"https:\\\/\\\/discos-redondos.es\\\/tarifas-y-metodos-de-envio#breadcrumb\"},\"inLanguage\":\"ca\",\"potentialAction\":[{\"@type\":\"ReadAction\",\"target\":[\"https:\\\/\\\/discos-redondos.es\\\/tarifas-y-metodos-de-envio\"]}]},{\"@type\":\"BreadcrumbList\",\"@id\":\"https:\\\/\\\/discos-redondos.es\\\/tarifas-y-metodos-de-envio#breadcrumb\",\"itemListElement\":[{\"@type\":\"ListItem\",\"position\":1,\"name\":\"Portada\",\"item\":\"https:\\\/\\\/discos-redondos.es\\\/\"},{\"@type\":\"ListItem\",\"position\":2,\"name\":\"Tarifas y m\u00e9todos de env\u00edo\"}]},{\"@type\":\"WebSite\",\"@id\":\"https:\\\/\\\/discos-redondos.es\\\/#website\",\"url\":\"https:\\\/\\\/discos-redondos.es\\\/\",\"name\":\"Discos Redondos\",\"description\":\"Tu tienda de discos en Barcelona\",\"publisher\":{\"@id\":\"https:\\\/\\\/discos-redondos.es\\\/#organization\"},\"alternateName\":\"Discos Redondos\",\"potentialAction\":[{\"@type\":\"SearchAction\",\"target\":{\"@type\":\"EntryPoint\",\"urlTemplate\":\"https:\\\/\\\/discos-redondos.es\\\/?s={search_term_string}\"},\"query-input\":{\"@type\":\"PropertyValueSpecification\",\"valueRequired\":true,\"valueName\":\"search_term_string\"}}],\"inLanguage\":\"ca\"},{\"@type\":\"Organization\",\"@id\":\"https:\\\/\\\/discos-redondos.es\\\/#organization\",\"name\":\"Discos Redondos\",\"url\":\"https:\\\/\\\/discos-redondos.es\\\/\",\"logo\":{\"@type\":\"ImageObject\",\"inLanguage\":\"ca\",\"@id\":\"https:\\\/\\\/discos-redondos.es\\\/#\\\/schema\\\/logo\\\/image\\\/\",\"url\":\"https:\\\/\\\/discos-redondos.es\\\/wp-content\\\/uploads\\\/2023\\\/04\\\/aaff-logo-raval-1-1.jpg\",\"contentUrl\":\"https:\\\/\\\/discos-redondos.es\\\/wp-content\\\/uploads\\\/2023\\\/04\\\/aaff-logo-raval-1-1.jpg\",\"width\":2362,\"height\":1441,\"caption\":\"Discos Redondos\"},\"image\":{\"@id\":\"https:\\\/\\\/discos-redondos.es\\\/#\\\/schema\\\/logo\\\/image\\\/\"},\"sameAs\":[\"https:\\\/\\\/www.facebook.com\\\/discosredondos45\",\"https:\\\/\\\/www.instagram.com\\\/discos.redondos33\\\/?hl=es\",\"https:\\\/\\\/discos-redondos.bandcamp.com\\\/\"]}]}<\/script>\n<!-- \/ Yoast SEO plugin. -->","yoast_head_json":{"title":"Tarifas y m\u00e9todos de env\u00edo - DISCOS REDONDOS","description":"Tarifas y m\u00e9todos de env\u00edo de Discos Redondos","robots":{"index":"index","follow":"follow","max-snippet":"max-snippet:-1","max-image-preview":"max-image-preview:large","max-video-preview":"max-video-preview:-1"},"canonical":"https:\/\/discos-redondos.es\/ca\/tarifas-y-metodos-de-envio\/","og_locale":"ca_ES","og_type":"article","og_title":"Tarifas y m\u00e9todos de env\u00edo - DISCOS REDONDOS","og_description":"Tarifas y m\u00e9todos de env\u00edo de Discos Redondos","og_url":"https:\/\/discos-redondos.es\/ca\/tarifas-y-metodos-de-envio\/","og_site_name":"DISCOS REDONDOS","article_publisher":"https:\/\/www.facebook.com\/discosredondos45","article_modified_time":"2026-03-25T10:50:24+00:00","og_image":[{"width":1040,"height":544,"url":"https:\/\/discos-redondos.es\/wp-content\/uploads\/2023\/04\/cropped-cropped-Diseno-sin-titulo-88-1.png","type":"image\/png"}],"twitter_card":"summary_large_image","twitter_misc":{"Temps estimat de lectura":"2 minuts"},"schema":{"@context":"https:\/\/schema.org","@graph":[{"@type":"WebPage","@id":"https:\/\/discos-redondos.es\/tarifas-y-metodos-de-envio","url":"https:\/\/discos-redondos.es\/tarifas-y-metodos-de-envio","name":"Tarifas y m\u00e9todos de env\u00edo - DISCOS REDONDOS","isPartOf":{"@id":"https:\/\/discos-redondos.es\/#website"},"datePublished":"2025-01-16T10:26:29+00:00","dateModified":"2026-03-25T10:50:24+00:00","description":"Tarifas y m\u00e9todos de env\u00edo de Discos Redondos","breadcrumb":{"@id":"https:\/\/discos-redondos.es\/tarifas-y-metodos-de-envio#breadcrumb"},"inLanguage":"ca","potentialAction":[{"@type":"ReadAction","target":["https:\/\/discos-redondos.es\/tarifas-y-metodos-de-envio"]}]},{"@type":"BreadcrumbList","@id":"https:\/\/discos-redondos.es\/tarifas-y-metodos-de-envio#breadcrumb","itemListElement":[{"@type":"ListItem","position":1,"name":"Portada","item":"https:\/\/discos-redondos.es\/"},{"@type":"ListItem","position":2,"name":"Tarifas y m\u00e9todos de env\u00edo"}]},{"@type":"WebSite","@id":"https:\/\/discos-redondos.es\/#website","url":"https:\/\/discos-redondos.es\/","name":"Discos Redondos","description":"La teva botiga de discos a Barcelona","publisher":{"@id":"https:\/\/discos-redondos.es\/#organization"},"alternateName":"Discos Redondos","potentialAction":[{"@type":"SearchAction","target":{"@type":"EntryPoint","urlTemplate":"https:\/\/discos-redondos.es\/?s={search_term_string}"},"query-input":{"@type":"PropertyValueSpecification","valueRequired":true,"valueName":"search_term_string"}}],"inLanguage":"ca"},{"@type":"Organization","@id":"https:\/\/discos-redondos.es\/#organization","name":"Discos Redondos","url":"https:\/\/discos-redondos.es\/","logo":{"@type":"ImageObject","inLanguage":"ca","@id":"https:\/\/discos-redondos.es\/#\/schema\/logo\/image\/","url":"https:\/\/discos-redondos.es\/wp-content\/uploads\/2023\/04\/aaff-logo-raval-1-1.jpg","contentUrl":"https:\/\/discos-redondos.es\/wp-content\/uploads\/2023\/04\/aaff-logo-raval-1-1.jpg","width":2362,"height":1441,"caption":"Discos Redondos"},"image":{"@id":"https:\/\/discos-redondos.es\/#\/schema\/logo\/image\/"},"sameAs":["https:\/\/www.facebook.com\/discosredondos45","https:\/\/www.instagram.com\/discos.redondos33\/?hl=es","https:\/\/discos-redondos.bandcamp.com\/"]}]}},"jetpack_sharing_enabled":true,"_links":{"self":[{"href":"https:\/\/discos-redondos.es\/ca\/wp-json\/wp\/v2\/pages\/8333","targetHints":{"allow":["GET"]}}],"collection":[{"href":"https:\/\/discos-redondos.es\/ca\/wp-json\/wp\/v2\/pages"}],"about":[{"href":"https:\/\/discos-redondos.es\/ca\/wp-json\/wp\/v2\/types\/page"}],"author":[{"embeddable":true,"href":"https:\/\/discos-redondos.es\/ca\/wp-json\/wp\/v2\/users\/1"}],"replies":[{"embeddable":true,"href":"https:\/\/discos-redondos.es\/ca\/wp-json\/wp\/v2\/comments?post=8333"}],"version-history":[{"count":11,"href":"https:\/\/discos-redondos.es\/ca\/wp-json\/wp\/v2\/pages\/8333\/revisions"}],"predecessor-version":[{"id":15176,"href":"https:\/\/discos-redondos.es\/ca\/wp-json\/wp\/v2\/pages\/8333\/revisions\/15176"}],"wp:attachment":[{"href":"https:\/\/discos-redondos.es\/ca\/wp-json\/wp\/v2\/media?parent=8333"}],"curies":[{"name":"wp","href":"https:\/\/api.w.org\/{rel}","templated":true}]}}