{"id":10874,"date":"2025-09-04T12:12:21","date_gmt":"2025-09-04T12:12:21","guid":{"rendered":"https:\/\/discos-redondos.es\/?post_type=product&#038;p=10874"},"modified":"2026-03-26T15:35:17","modified_gmt":"2026-03-26T15:35:17","slug":"metal-fingers-special-herbs-vols-7-8","status":"publish","type":"product","link":"https:\/\/discos-redondos.es\/ca\/producte\/metal-fingers-special-herbs-vols-7-8","title":{"rendered":"Metal Fingers &#8211; Special Herbs Vols 7&#038;8"},"content":{"rendered":"<p><strong>Metal Fingers &#8211; Special Herbs Vols 7 &amp; 8<\/strong><\/p>\n<p><strong>Tracklist<\/strong><\/p>\n<table class=\"tracklist_ZdQ0I\">\n<tbody>\n<tr class=\"heading_mkZNt\">\n<td class=\"trackTitle_loyWF\"><span class=\"MuiTypography-root MuiTypography-headLineSmall css-pz9pxe\">Volume Seven:<\/span><\/td>\n<td class=\"duration_GhhxK\"><\/td>\n<\/tr>\n<tr data-track-position=\"A1\">\n<td class=\"trackPos_n8vad\"><span class=\"MuiTypography-root MuiTypography-labelSmall css-1kybk0l\">A1<\/span><\/td>\n<td class=\"artist_VsG56\"><\/td>\n<td class=\"trackTitle_loyWF\"><span class=\"MuiTypography-root MuiTypography-labelSmall css-1kybk0l\"><span class=\"trackTitle_loyWF\">Safed Musli<\/span><\/span><\/td>\n<\/tr>\n<tr data-track-position=\"A2\">\n<td class=\"trackPos_n8vad\"><span class=\"MuiTypography-root MuiTypography-labelSmall css-1kybk0l\">A2<\/span><\/td>\n<td class=\"artist_VsG56\"><\/td>\n<td class=\"trackTitle_loyWF\"><span class=\"MuiTypography-root MuiTypography-labelSmall css-1kybk0l\"><span class=\"trackTitle_loyWF\">Emblica Officinalis<\/span><\/span><\/td>\n<\/tr>\n<tr data-track-position=\"A3\">\n<td class=\"trackPos_n8vad\"><span class=\"MuiTypography-root MuiTypography-labelSmall css-1kybk0l\">A3<\/span><\/td>\n<td class=\"artist_VsG56\"><\/td>\n<td class=\"trackTitle_loyWF\"><span class=\"MuiTypography-root MuiTypography-labelSmall css-1kybk0l\"><span class=\"trackTitle_loyWF\">Licorice<\/span><\/span><\/td>\n<\/tr>\n<tr data-track-position=\"B4\">\n<td class=\"trackPos_n8vad\"><span class=\"MuiTypography-root MuiTypography-labelSmall css-1kybk0l\">B4<\/span><\/td>\n<td class=\"artist_VsG56\"><\/td>\n<td class=\"trackTitle_loyWF\"><span class=\"MuiTypography-root MuiTypography-labelSmall css-1kybk0l\"><span class=\"trackTitle_loyWF\">Sarsaparilla<\/span><\/span><\/td>\n<\/tr>\n<tr data-track-position=\"B5\">\n<td class=\"trackPos_n8vad\"><span class=\"MuiTypography-root MuiTypography-labelSmall css-1kybk0l\">B5<\/span><\/td>\n<td class=\"artist_VsG56\"><\/td>\n<td class=\"trackTitle_loyWF\"><span class=\"MuiTypography-root MuiTypography-labelSmall css-1kybk0l\"><span class=\"trackTitle_loyWF\">Fo Ti<\/span><\/span><\/td>\n<\/tr>\n<tr data-track-position=\"B6\">\n<td class=\"trackPos_n8vad\"><span class=\"MuiTypography-root MuiTypography-labelSmall css-1kybk0l\">B6<\/span><\/td>\n<td class=\"artist_VsG56\"><\/td>\n<td class=\"trackTitle_loyWF\"><span class=\"MuiTypography-root MuiTypography-labelSmall css-1kybk0l\"><span class=\"trackTitle_loyWF\">Camphor<\/span><\/span><\/td>\n<\/tr>\n<tr class=\"heading_mkZNt\">\n<td class=\"trackPos_n8vad\"><\/td>\n<td class=\"artist_VsG56\"><\/td>\n<td class=\"trackTitle_loyWF\"><span class=\"MuiTypography-root MuiTypography-headLineSmall css-pz9pxe\">Volume Eight:<\/span><\/td>\n<td class=\"duration_GhhxK\"><\/td>\n<\/tr>\n<tr data-track-position=\"C1\">\n<td class=\"trackPos_n8vad\"><span class=\"MuiTypography-root MuiTypography-labelSmall css-1kybk0l\">C1<\/span><\/td>\n<td class=\"artist_VsG56\"><\/td>\n<td class=\"trackTitle_loyWF\"><span class=\"MuiTypography-root MuiTypography-labelSmall css-1kybk0l\"><span class=\"trackTitle_loyWF\">High John<\/span><\/span><\/td>\n<\/tr>\n<tr data-track-position=\"C2\">\n<td class=\"trackPos_n8vad\"><span class=\"MuiTypography-root MuiTypography-labelSmall css-1kybk0l\">C2<\/span><\/td>\n<td class=\"artist_VsG56\"><\/td>\n<td class=\"trackTitle_loyWF\"><span class=\"MuiTypography-root MuiTypography-labelSmall css-1kybk0l\"><span class=\"trackTitle_loyWF\">Mandrake<\/span><\/span><\/td>\n<\/tr>\n<tr data-track-position=\"C3\">\n<td class=\"trackPos_n8vad\"><span class=\"MuiTypography-root MuiTypography-labelSmall css-1kybk0l\">C3<\/span><\/td>\n<td class=\"artist_VsG56\"><\/td>\n<td class=\"trackTitle_loyWF\"><span class=\"MuiTypography-root MuiTypography-labelSmall css-1kybk0l\"><span class=\"trackTitle_loyWF\">Devil&#8217;s Shoestring<\/span><\/span><\/td>\n<\/tr>\n<tr data-track-position=\"D4\">\n<td class=\"trackPos_n8vad\"><span class=\"MuiTypography-root MuiTypography-labelSmall css-1kybk0l\">D4<\/span><\/td>\n<td class=\"artist_VsG56\"><\/td>\n<td class=\"trackTitle_loyWF\"><span class=\"MuiTypography-root MuiTypography-labelSmall css-1kybk0l\"><span class=\"trackTitle_loyWF\">Wormwood<\/span><\/span><\/td>\n<\/tr>\n<tr data-track-position=\"D5\">\n<td class=\"trackPos_n8vad\"><span class=\"MuiTypography-root MuiTypography-labelSmall css-1kybk0l\">D5<\/span><\/td>\n<td class=\"artist_VsG56\"><\/td>\n<td class=\"trackTitle_loyWF\"><span class=\"MuiTypography-root MuiTypography-labelSmall css-1kybk0l\"><span class=\"trackTitle_loyWF\">Cedar<\/span><\/span><\/td>\n<\/tr>\n<tr data-track-position=\"D6\">\n<td class=\"trackPos_n8vad\"><span class=\"MuiTypography-root MuiTypography-labelSmall css-1kybk0l\">D6<\/span><\/td>\n<td class=\"artist_VsG56\"><\/td>\n<td class=\"trackTitle_loyWF\"><span class=\"MuiTypography-root MuiTypography-labelSmall css-1kybk0l\"><span class=\"trackTitle_loyWF\">Buckeyes<\/span><\/span><\/td>\n<\/tr>\n<tr data-track-position=\"D7\">\n<td class=\"trackPos_n8vad\"><span class=\"MuiTypography-root MuiTypography-labelSmall css-1kybk0l\">D7<\/span><\/td>\n<td class=\"artist_VsG56\"><\/td>\n<td class=\"trackTitle_loyWF\"><span class=\"MuiTypography-root MuiTypography-labelSmall css-1kybk0l\"><span class=\"trackTitle_loyWF\">Chrysanthemum Flowers<\/span><\/span><\/td>\n<\/tr>\n<\/tbody>\n<\/table>\n<p>&nbsp;<\/p>\n<p><iframe loading=\"lazy\" title=\"Safed Musli\" width=\"832\" height=\"624\" src=\"https:\/\/www.youtube.com\/embed\/yZKnNz636qE?feature=oembed\" frameborder=\"0\" allow=\"accelerometer; autoplay; clipboard-write; encrypted-media; gyroscope; picture-in-picture; web-share\" referrerpolicy=\"strict-origin-when-cross-origin\" allowfullscreen><\/iframe><\/p>\n<p><strong>Metal Fingers &#8211; Special Herbs Vols 7 &amp; 8<\/strong><\/p>\n<p align=\"JUSTIFY\"><span style=\"font-family: Century Gothic, sans-serif;\"><span lang=\"es-ES\">Una de las series instrumentales de hip hop m\u00e1s reputadas, la aclamada colecci\u00f3n Special Herbs de MF DOOM re\u00fane una extensa colecci\u00f3n de sus ritmos, desde temas exclusivos de la serie hasta cl\u00e1sicos ligeramente reelaborados que produjo para s\u00ed mismo u otros. Lanzados bajo el alias Metal Fingers, Special Herbs captura el influyente sonido DOOM, que rompe y reinterpreta constantemente las reglas del juego en favor del Super-Villano. El mundo es un tesoro de sonidos, y DOOM, con sus dedos met\u00e1licos, no acepta l\u00edmites; cl\u00e1sicos del soul\/funk de los 70, \u00e9xitos del R&amp;B de los 80, nostalgia del rap e incluso fragmentos de discos infantiles y programas de televisi\u00f3n encuentran su lugar en los ingredientes necesarios para perfeccionar sus recetas.<\/span><\/span><\/p>\n<p lang=\"es-ES\" align=\"JUSTIFY\">\u2022 <span style=\"font-family: Century Gothic, sans-serif;\"><b>De nuevo en circulaci\u00f3n con packagings completamente nuevos.<\/b><\/span><\/p>\n<p lang=\"es-ES\" align=\"JUSTIFY\">\u2022 <span style=\"font-family: Century Gothic, sans-serif;\"><b>Prensados en vinilo de color por primera vez.<\/b><\/span><\/p>\n<p lang=\"es-ES\" align=\"JUSTIFY\">\u2022 <span style=\"font-family: Century Gothic, sans-serif;\"><b>Incluye p\u00f3ster extra\u00edble en \u00abpapel de liar\u00bb. <\/b><\/span><\/p>\n<p lang=\"es-ES\" align=\"JUSTIFY\">\u2022 <span style=\"font-family: Century Gothic, sans-serif;\"><b>Producidos por Metal Fingers (MF DOOM), estos son los instrumentales de temas cl\u00e1sicos de DOOM y otros, as\u00ed como algunas exclusivas de Special Herbs.<\/b><\/span><\/p>","protected":false},"excerpt":{"rendered":"<p>Rymesayers &#8211; RSE385LPC1<\/p>\n<p>2 x LP en vinilo azul, edici\u00f3n 2025<\/p>","protected":false},"featured_media":10875,"template":"","meta":[],"product_brand":[139],"product_cat":[74],"product_tag":[],"class_list":{"0":"post-10874","1":"product","2":"type-product","3":"status-publish","4":"has-post-thumbnail","6":"product_brand-rhymesayers-entertainment","7":"product_cat-hip-hop","9":"first","10":"instock","11":"taxable","12":"shipping-taxable","13":"purchasable","14":"product-type-simple"},"yoast_head":"<!-- This site is optimized with the Yoast SEO plugin v27.4 - https:\/\/yoast.com\/product\/yoast-seo-wordpress\/ -->\n<title>Metal Fingers - Special Herbs Vols 7&amp;8 - DISCOS REDONDOS<\/title>\n<meta name=\"description\" content=\"Metal Fingers - Special Herbs Vols 7 &amp; 8 - Rymesayers - RSE385LPC1 2 x LP en vinilo azul, edici\u00f3n 2025\" \/>\n<meta name=\"robots\" content=\"index, follow, max-snippet:-1, max-image-preview:large, max-video-preview:-1\" \/>\n<link rel=\"canonical\" href=\"https:\/\/discos-redondos.es\/ca\/producte\/metal-fingers-special-herbs-vols-7-8\/\" \/>\n<meta property=\"og:locale\" content=\"ca_ES\" \/>\n<meta property=\"og:type\" content=\"article\" \/>\n<meta property=\"og:title\" content=\"Metal Fingers - Special Herbs Vols 7&amp;8 - DISCOS REDONDOS\" \/>\n<meta property=\"og:description\" content=\"Metal Fingers - Special Herbs Vols 7 &amp; 8 - Rymesayers - RSE385LPC1 2 x LP en vinilo azul, edici\u00f3n 2025\" \/>\n<meta property=\"og:url\" content=\"https:\/\/discos-redondos.es\/ca\/producte\/metal-fingers-special-herbs-vols-7-8\/\" \/>\n<meta property=\"og:site_name\" content=\"DISCOS REDONDOS\" \/>\n<meta property=\"article:publisher\" content=\"https:\/\/www.facebook.com\/discosredondos45\" \/>\n<meta property=\"article:modified_time\" content=\"2026-03-26T15:35:17+00:00\" \/>\n<meta property=\"og:image\" content=\"https:\/\/discos-redondos.es\/wp-content\/uploads\/2025\/09\/Metal-Fingers-Special-Herbs-Vols-7-8.webp\" \/>\n\t<meta property=\"og:image:width\" content=\"475\" \/>\n\t<meta property=\"og:image:height\" content=\"475\" \/>\n\t<meta property=\"og:image:type\" content=\"image\/webp\" \/>\n<meta name=\"twitter:card\" content=\"summary_large_image\" \/>\n<meta name=\"twitter:label1\" content=\"Temps estimat de lectura\" \/>\n\t<meta name=\"twitter:data1\" content=\"2 minuts\" \/>\n<script type=\"application\/ld+json\" class=\"yoast-schema-graph\">{\"@context\":\"https:\\\/\\\/schema.org\",\"@graph\":[{\"@type\":\"WebPage\",\"@id\":\"https:\\\/\\\/discos-redondos.es\\\/producto\\\/metal-fingers-special-herbs-vols-7-8\",\"url\":\"https:\\\/\\\/discos-redondos.es\\\/producto\\\/metal-fingers-special-herbs-vols-7-8\",\"name\":\"Metal Fingers - Special Herbs Vols 7&8 - DISCOS REDONDOS\",\"isPartOf\":{\"@id\":\"https:\\\/\\\/discos-redondos.es\\\/#website\"},\"primaryImageOfPage\":{\"@id\":\"https:\\\/\\\/discos-redondos.es\\\/producto\\\/metal-fingers-special-herbs-vols-7-8#primaryimage\"},\"image\":{\"@id\":\"https:\\\/\\\/discos-redondos.es\\\/producto\\\/metal-fingers-special-herbs-vols-7-8#primaryimage\"},\"thumbnailUrl\":\"https:\\\/\\\/discos-redondos.es\\\/wp-content\\\/uploads\\\/2025\\\/09\\\/Metal-Fingers-Special-Herbs-Vols-7-8.webp\",\"datePublished\":\"2025-09-04T12:12:21+00:00\",\"dateModified\":\"2026-03-26T15:35:17+00:00\",\"description\":\"Metal Fingers - Special Herbs Vols 7 & 8 - Rymesayers - RSE385LPC1 2 x LP en vinilo azul, edici\u00f3n 2025\",\"breadcrumb\":{\"@id\":\"https:\\\/\\\/discos-redondos.es\\\/producto\\\/metal-fingers-special-herbs-vols-7-8#breadcrumb\"},\"inLanguage\":\"ca\",\"potentialAction\":[{\"@type\":\"ReadAction\",\"target\":[\"https:\\\/\\\/discos-redondos.es\\\/producto\\\/metal-fingers-special-herbs-vols-7-8\"]}]},{\"@type\":\"ImageObject\",\"inLanguage\":\"ca\",\"@id\":\"https:\\\/\\\/discos-redondos.es\\\/producto\\\/metal-fingers-special-herbs-vols-7-8#primaryimage\",\"url\":\"https:\\\/\\\/discos-redondos.es\\\/wp-content\\\/uploads\\\/2025\\\/09\\\/Metal-Fingers-Special-Herbs-Vols-7-8.webp\",\"contentUrl\":\"https:\\\/\\\/discos-redondos.es\\\/wp-content\\\/uploads\\\/2025\\\/09\\\/Metal-Fingers-Special-Herbs-Vols-7-8.webp\",\"width\":475,\"height\":475,\"caption\":\"Metal Fingers - Special Herbs Vols 7 & 8\"},{\"@type\":\"BreadcrumbList\",\"@id\":\"https:\\\/\\\/discos-redondos.es\\\/producto\\\/metal-fingers-special-herbs-vols-7-8#breadcrumb\",\"itemListElement\":[{\"@type\":\"ListItem\",\"position\":1,\"name\":\"Portada\",\"item\":\"https:\\\/\\\/discos-redondos.es\\\/\"},{\"@type\":\"ListItem\",\"position\":2,\"name\":\"Tienda\",\"item\":\"https:\\\/\\\/discos-redondos.es\\\/?page_id=487\"},{\"@type\":\"ListItem\",\"position\":3,\"name\":\"Metal Fingers &#8211; Special Herbs Vols 7&#038;8\"}]},{\"@type\":\"WebSite\",\"@id\":\"https:\\\/\\\/discos-redondos.es\\\/#website\",\"url\":\"https:\\\/\\\/discos-redondos.es\\\/\",\"name\":\"Discos Redondos\",\"description\":\"Tu tienda de discos en Barcelona\",\"publisher\":{\"@id\":\"https:\\\/\\\/discos-redondos.es\\\/#organization\"},\"alternateName\":\"Discos Redondos\",\"potentialAction\":[{\"@type\":\"SearchAction\",\"target\":{\"@type\":\"EntryPoint\",\"urlTemplate\":\"https:\\\/\\\/discos-redondos.es\\\/?s={search_term_string}\"},\"query-input\":{\"@type\":\"PropertyValueSpecification\",\"valueRequired\":true,\"valueName\":\"search_term_string\"}}],\"inLanguage\":\"ca\"},{\"@type\":\"Organization\",\"@id\":\"https:\\\/\\\/discos-redondos.es\\\/#organization\",\"name\":\"Discos Redondos\",\"url\":\"https:\\\/\\\/discos-redondos.es\\\/\",\"logo\":{\"@type\":\"ImageObject\",\"inLanguage\":\"ca\",\"@id\":\"https:\\\/\\\/discos-redondos.es\\\/#\\\/schema\\\/logo\\\/image\\\/\",\"url\":\"https:\\\/\\\/discos-redondos.es\\\/wp-content\\\/uploads\\\/2023\\\/04\\\/aaff-logo-raval-1-1.jpg\",\"contentUrl\":\"https:\\\/\\\/discos-redondos.es\\\/wp-content\\\/uploads\\\/2023\\\/04\\\/aaff-logo-raval-1-1.jpg\",\"width\":2362,\"height\":1441,\"caption\":\"Discos Redondos\"},\"image\":{\"@id\":\"https:\\\/\\\/discos-redondos.es\\\/#\\\/schema\\\/logo\\\/image\\\/\"},\"sameAs\":[\"https:\\\/\\\/www.facebook.com\\\/discosredondos45\",\"https:\\\/\\\/www.instagram.com\\\/discos.redondos33\\\/?hl=es\",\"https:\\\/\\\/discos-redondos.bandcamp.com\\\/\"]}]}<\/script>\n<!-- \/ Yoast SEO plugin. -->","yoast_head_json":{"title":"Metal Fingers - Special Herbs Vols 7&8 - DISCOS REDONDOS","description":"Metal Fingers - Special Herbs Vols 7 & 8 - Rymesayers - RSE385LPC1 2 x LP en vinilo azul, edici\u00f3n 2025","robots":{"index":"index","follow":"follow","max-snippet":"max-snippet:-1","max-image-preview":"max-image-preview:large","max-video-preview":"max-video-preview:-1"},"canonical":"https:\/\/discos-redondos.es\/ca\/producte\/metal-fingers-special-herbs-vols-7-8\/","og_locale":"ca_ES","og_type":"article","og_title":"Metal Fingers - Special Herbs Vols 7&8 - DISCOS REDONDOS","og_description":"Metal Fingers - Special Herbs Vols 7 & 8 - Rymesayers - RSE385LPC1 2 x LP en vinilo azul, edici\u00f3n 2025","og_url":"https:\/\/discos-redondos.es\/ca\/producte\/metal-fingers-special-herbs-vols-7-8\/","og_site_name":"DISCOS REDONDOS","article_publisher":"https:\/\/www.facebook.com\/discosredondos45","article_modified_time":"2026-03-26T15:35:17+00:00","og_image":[{"width":475,"height":475,"url":"https:\/\/discos-redondos.es\/wp-content\/uploads\/2025\/09\/Metal-Fingers-Special-Herbs-Vols-7-8.webp","type":"image\/webp"}],"twitter_card":"summary_large_image","twitter_misc":{"Temps estimat de lectura":"2 minuts"},"schema":{"@context":"https:\/\/schema.org","@graph":[{"@type":"WebPage","@id":"https:\/\/discos-redondos.es\/producto\/metal-fingers-special-herbs-vols-7-8","url":"https:\/\/discos-redondos.es\/producto\/metal-fingers-special-herbs-vols-7-8","name":"Metal Fingers - Special Herbs Vols 7&8 - DISCOS REDONDOS","isPartOf":{"@id":"https:\/\/discos-redondos.es\/#website"},"primaryImageOfPage":{"@id":"https:\/\/discos-redondos.es\/producto\/metal-fingers-special-herbs-vols-7-8#primaryimage"},"image":{"@id":"https:\/\/discos-redondos.es\/producto\/metal-fingers-special-herbs-vols-7-8#primaryimage"},"thumbnailUrl":"https:\/\/discos-redondos.es\/wp-content\/uploads\/2025\/09\/Metal-Fingers-Special-Herbs-Vols-7-8.webp","datePublished":"2025-09-04T12:12:21+00:00","dateModified":"2026-03-26T15:35:17+00:00","description":"Metal Fingers - Special Herbs Vols 7 & 8 - Rymesayers - RSE385LPC1 2 x LP en vinilo azul, edici\u00f3n 2025","breadcrumb":{"@id":"https:\/\/discos-redondos.es\/producto\/metal-fingers-special-herbs-vols-7-8#breadcrumb"},"inLanguage":"ca","potentialAction":[{"@type":"ReadAction","target":["https:\/\/discos-redondos.es\/producto\/metal-fingers-special-herbs-vols-7-8"]}]},{"@type":"ImageObject","inLanguage":"ca","@id":"https:\/\/discos-redondos.es\/producto\/metal-fingers-special-herbs-vols-7-8#primaryimage","url":"https:\/\/discos-redondos.es\/wp-content\/uploads\/2025\/09\/Metal-Fingers-Special-Herbs-Vols-7-8.webp","contentUrl":"https:\/\/discos-redondos.es\/wp-content\/uploads\/2025\/09\/Metal-Fingers-Special-Herbs-Vols-7-8.webp","width":475,"height":475,"caption":"Metal Fingers - Special Herbs Vols 7 & 8"},{"@type":"BreadcrumbList","@id":"https:\/\/discos-redondos.es\/producto\/metal-fingers-special-herbs-vols-7-8#breadcrumb","itemListElement":[{"@type":"ListItem","position":1,"name":"Portada","item":"https:\/\/discos-redondos.es\/"},{"@type":"ListItem","position":2,"name":"Tienda","item":"https:\/\/discos-redondos.es\/?page_id=487"},{"@type":"ListItem","position":3,"name":"Metal Fingers &#8211; Special Herbs Vols 7&#038;8"}]},{"@type":"WebSite","@id":"https:\/\/discos-redondos.es\/#website","url":"https:\/\/discos-redondos.es\/","name":"Discos Redondos","description":"La teva botiga de discos a Barcelona","publisher":{"@id":"https:\/\/discos-redondos.es\/#organization"},"alternateName":"Discos Redondos","potentialAction":[{"@type":"SearchAction","target":{"@type":"EntryPoint","urlTemplate":"https:\/\/discos-redondos.es\/?s={search_term_string}"},"query-input":{"@type":"PropertyValueSpecification","valueRequired":true,"valueName":"search_term_string"}}],"inLanguage":"ca"},{"@type":"Organization","@id":"https:\/\/discos-redondos.es\/#organization","name":"Discos Redondos","url":"https:\/\/discos-redondos.es\/","logo":{"@type":"ImageObject","inLanguage":"ca","@id":"https:\/\/discos-redondos.es\/#\/schema\/logo\/image\/","url":"https:\/\/discos-redondos.es\/wp-content\/uploads\/2023\/04\/aaff-logo-raval-1-1.jpg","contentUrl":"https:\/\/discos-redondos.es\/wp-content\/uploads\/2023\/04\/aaff-logo-raval-1-1.jpg","width":2362,"height":1441,"caption":"Discos Redondos"},"image":{"@id":"https:\/\/discos-redondos.es\/#\/schema\/logo\/image\/"},"sameAs":["https:\/\/www.facebook.com\/discosredondos45","https:\/\/www.instagram.com\/discos.redondos33\/?hl=es","https:\/\/discos-redondos.bandcamp.com\/"]}]}},"_links":{"self":[{"href":"https:\/\/discos-redondos.es\/ca\/wp-json\/wp\/v2\/product\/10874","targetHints":{"allow":["GET"]}}],"collection":[{"href":"https:\/\/discos-redondos.es\/ca\/wp-json\/wp\/v2\/product"}],"about":[{"href":"https:\/\/discos-redondos.es\/ca\/wp-json\/wp\/v2\/types\/product"}],"wp:featuredmedia":[{"embeddable":true,"href":"https:\/\/discos-redondos.es\/ca\/wp-json\/wp\/v2\/media\/10875"}],"wp:attachment":[{"href":"https:\/\/discos-redondos.es\/ca\/wp-json\/wp\/v2\/media?parent=10874"}],"wp:term":[{"taxonomy":"product_brand","embeddable":true,"href":"https:\/\/discos-redondos.es\/ca\/wp-json\/wp\/v2\/product_brand?post=10874"},{"taxonomy":"product_cat","embeddable":true,"href":"https:\/\/discos-redondos.es\/ca\/wp-json\/wp\/v2\/product_cat?post=10874"},{"taxonomy":"product_tag","embeddable":true,"href":"https:\/\/discos-redondos.es\/ca\/wp-json\/wp\/v2\/product_tag?post=10874"}],"curies":[{"name":"wp","href":"https:\/\/api.w.org\/{rel}","templated":true}]}}