{"id":10981,"date":"2025-09-13T16:50:13","date_gmt":"2025-09-13T16:50:13","guid":{"rendered":"https:\/\/discos-redondos.es\/?post_type=product&#038;p=10981"},"modified":"2026-03-31T14:46:01","modified_gmt":"2026-03-31T14:46:01","slug":"paco-zambrano-y-su-combo-meshkalina","status":"publish","type":"product","link":"https:\/\/discos-redondos.es\/ca\/producte\/paco-zambrano-y-su-combo-meshkalina","title":{"rendered":"Paco Zambrano Y Su Combo &#8211; Meshkalina"},"content":{"rendered":"<p><strong>Paco Zambrano Y Su Combo &#8211; Meshkalina<\/strong><\/p>\n<p><strong>Tracklist<\/strong><\/p>\n<table class=\"tracklist_ZdQ0I\">\n<tbody>\n<tr data-track-position=\"A\">\n<td class=\"trackPos_n8vad\"><span class=\"MuiTypography-root MuiTypography-labelSmall css-1kybk0l\">A<\/span><\/td>\n<td class=\"artist_VsG56\"><span class=\"MuiTypography-root MuiTypography-labelSmall css-1kybk0l\"><span class=\"link_PKPcS\">Paco Zambrano Y Su Combo<\/span><\/span><\/td>\n<td class=\"trackTitle_loyWF\"><span class=\"MuiTypography-root MuiTypography-labelSmall css-1kybk0l\"><span class=\"trackTitle_loyWF\">Meshkalina<\/span><\/span><\/td>\n<td class=\"duration_GhhxK\"><span class=\"MuiTypography-root MuiTypography-labelSmall css-1kybk0l\">3:28<\/span><\/td>\n<\/tr>\n<tr data-track-position=\"B\">\n<td class=\"trackPos_n8vad\"><span class=\"MuiTypography-root MuiTypography-labelSmall css-1kybk0l\">B<\/span><\/td>\n<td class=\"artist_VsG56\"><span class=\"MuiTypography-root MuiTypography-labelSmall css-1kybk0l\"><span class=\"link_PKPcS\">Traffic Sound<\/span><\/span><\/td>\n<td class=\"trackTitle_loyWF\"><span class=\"MuiTypography-root MuiTypography-labelSmall css-1kybk0l\"><span class=\"trackTitle_loyWF\">Meshkalina<\/span><\/span><\/td>\n<td class=\"duration_GhhxK\"><span class=\"MuiTypography-root MuiTypography-labelSmall css-1kybk0l\">5:23<\/span><\/td>\n<\/tr>\n<\/tbody>\n<\/table>\n<p>&nbsp;<\/p>\n<p><iframe loading=\"lazy\" title=\"Paco Zambrano y su Combo Pepper&#039;s - Meshkalina\" width=\"832\" height=\"624\" src=\"https:\/\/www.youtube.com\/embed\/NpsJj13aj80?feature=oembed\" frameborder=\"0\" allow=\"accelerometer; autoplay; clipboard-write; encrypted-media; gyroscope; picture-in-picture; web-share\" referrerpolicy=\"strict-origin-when-cross-origin\" allowfullscreen><\/iframe><\/p>\n<p>&nbsp;<\/p>\n<p><strong>Paco Zambrano Y Su Combo &#8211; Meshkalina<\/strong><\/p>\n<p>Meshkalina\u2019 de Traffic Sound es una canci\u00f3n con referencias a la cultura inca que se escuch\u00f3 por todo Per\u00fa cuando se public\u00f3 originalmente en 1969. Combina psicodelia, una pizca de hard-rock casi progresivo y un tinte de ritmos latinos. Se convirti\u00f3 en un himno para su \u00e9poca y poco despu\u00e9s fue versioneado por Paco Zambrano y su combo, resultando un \u00e9xito irresistible de psico-latin bailable!<\/p>\n<p>Actualmente en gran demanda entre coleccionista de garage y psicodelia y siendo uno de los temas m\u00e1s pinchados en los grandes eventos por los mejores DJs de la escena, este single re\u00fane ambas versiones por primera vez. Una herramienta perfecta para los DJs!<\/p>","protected":false},"excerpt":{"rendered":"<p>Vampi Soul \u2013 VAMPI 45082, 8435008864712<\/p>\n<p>7&#8243; a 45 rpm, vinilo splatter, 2024<\/p>","protected":false},"featured_media":10982,"template":"","meta":[],"product_brand":[158],"product_cat":[112],"product_tag":[],"class_list":{"0":"post-10981","1":"product","2":"type-product","3":"status-publish","4":"has-post-thumbnail","6":"product_brand-vampi-soul","7":"product_cat-7-singles-eps","9":"first","10":"instock","11":"taxable","12":"shipping-taxable","13":"purchasable","14":"product-type-simple"},"yoast_head":"<!-- This site is optimized with the Yoast SEO plugin v27.4 - https:\/\/yoast.com\/product\/yoast-seo-wordpress\/ -->\n<title>Paco Zambrano Y Su Combo - Meshkalina - DISCOS REDONDOS<\/title>\n<meta name=\"description\" content=\"Paco Zambrano Y Su Combo - Meshkalina - Vampi Soul \u2013 VAMPI 45082, 8435008864712 7&quot; a 45 rpm, vinilo splatter, 2024\" \/>\n<meta name=\"robots\" content=\"index, follow, max-snippet:-1, max-image-preview:large, max-video-preview:-1\" \/>\n<link rel=\"canonical\" href=\"https:\/\/discos-redondos.es\/ca\/producte\/paco-zambrano-y-su-combo-meshkalina\/\" \/>\n<meta property=\"og:locale\" content=\"ca_ES\" \/>\n<meta property=\"og:type\" content=\"article\" \/>\n<meta property=\"og:title\" content=\"Paco Zambrano Y Su Combo - Meshkalina - DISCOS REDONDOS\" \/>\n<meta property=\"og:description\" content=\"Paco Zambrano Y Su Combo - Meshkalina - Vampi Soul \u2013 VAMPI 45082, 8435008864712 7&quot; a 45 rpm, vinilo splatter, 2024\" \/>\n<meta property=\"og:url\" content=\"https:\/\/discos-redondos.es\/ca\/producte\/paco-zambrano-y-su-combo-meshkalina\/\" \/>\n<meta property=\"og:site_name\" content=\"DISCOS REDONDOS\" \/>\n<meta property=\"article:publisher\" content=\"https:\/\/www.facebook.com\/discosredondos45\" \/>\n<meta property=\"article:modified_time\" content=\"2026-03-31T14:46:01+00:00\" \/>\n<meta property=\"og:image\" content=\"https:\/\/discos-redondos.es\/wp-content\/uploads\/2025\/09\/Paco-Zambrano-Y-Su-Combo-Meshkalina.jpg\" \/>\n\t<meta property=\"og:image:width\" content=\"1200\" \/>\n\t<meta property=\"og:image:height\" content=\"904\" \/>\n\t<meta property=\"og:image:type\" content=\"image\/jpeg\" \/>\n<meta name=\"twitter:card\" content=\"summary_large_image\" \/>\n<meta name=\"twitter:label1\" content=\"Temps estimat de lectura\" \/>\n\t<meta name=\"twitter:data1\" content=\"1 minut\" \/>\n<script type=\"application\/ld+json\" class=\"yoast-schema-graph\">{\"@context\":\"https:\\\/\\\/schema.org\",\"@graph\":[{\"@type\":\"WebPage\",\"@id\":\"https:\\\/\\\/discos-redondos.es\\\/producto\\\/paco-zambrano-y-su-combo-meshkalina\",\"url\":\"https:\\\/\\\/discos-redondos.es\\\/producto\\\/paco-zambrano-y-su-combo-meshkalina\",\"name\":\"Paco Zambrano Y Su Combo - Meshkalina - DISCOS REDONDOS\",\"isPartOf\":{\"@id\":\"https:\\\/\\\/discos-redondos.es\\\/#website\"},\"primaryImageOfPage\":{\"@id\":\"https:\\\/\\\/discos-redondos.es\\\/producto\\\/paco-zambrano-y-su-combo-meshkalina#primaryimage\"},\"image\":{\"@id\":\"https:\\\/\\\/discos-redondos.es\\\/producto\\\/paco-zambrano-y-su-combo-meshkalina#primaryimage\"},\"thumbnailUrl\":\"https:\\\/\\\/discos-redondos.es\\\/wp-content\\\/uploads\\\/2025\\\/09\\\/Paco-Zambrano-Y-Su-Combo-Meshkalina.jpg\",\"datePublished\":\"2025-09-13T16:50:13+00:00\",\"dateModified\":\"2026-03-31T14:46:01+00:00\",\"description\":\"Paco Zambrano Y Su Combo - Meshkalina - Vampi Soul \u2013 VAMPI 45082, 8435008864712 7\\\" a 45 rpm, vinilo splatter, 2024\",\"breadcrumb\":{\"@id\":\"https:\\\/\\\/discos-redondos.es\\\/producto\\\/paco-zambrano-y-su-combo-meshkalina#breadcrumb\"},\"inLanguage\":\"ca\",\"potentialAction\":[{\"@type\":\"ReadAction\",\"target\":[\"https:\\\/\\\/discos-redondos.es\\\/producto\\\/paco-zambrano-y-su-combo-meshkalina\"]}]},{\"@type\":\"ImageObject\",\"inLanguage\":\"ca\",\"@id\":\"https:\\\/\\\/discos-redondos.es\\\/producto\\\/paco-zambrano-y-su-combo-meshkalina#primaryimage\",\"url\":\"https:\\\/\\\/discos-redondos.es\\\/wp-content\\\/uploads\\\/2025\\\/09\\\/Paco-Zambrano-Y-Su-Combo-Meshkalina.jpg\",\"contentUrl\":\"https:\\\/\\\/discos-redondos.es\\\/wp-content\\\/uploads\\\/2025\\\/09\\\/Paco-Zambrano-Y-Su-Combo-Meshkalina.jpg\",\"width\":1200,\"height\":904,\"caption\":\"Paco Zambrano Y Su Combo - Meshkalina\"},{\"@type\":\"BreadcrumbList\",\"@id\":\"https:\\\/\\\/discos-redondos.es\\\/producto\\\/paco-zambrano-y-su-combo-meshkalina#breadcrumb\",\"itemListElement\":[{\"@type\":\"ListItem\",\"position\":1,\"name\":\"Portada\",\"item\":\"https:\\\/\\\/discos-redondos.es\\\/\"},{\"@type\":\"ListItem\",\"position\":2,\"name\":\"Tienda\",\"item\":\"https:\\\/\\\/discos-redondos.es\\\/?page_id=487\"},{\"@type\":\"ListItem\",\"position\":3,\"name\":\"Paco Zambrano Y Su Combo &#8211; Meshkalina\"}]},{\"@type\":\"WebSite\",\"@id\":\"https:\\\/\\\/discos-redondos.es\\\/#website\",\"url\":\"https:\\\/\\\/discos-redondos.es\\\/\",\"name\":\"Discos Redondos\",\"description\":\"Tu tienda de discos en Barcelona\",\"publisher\":{\"@id\":\"https:\\\/\\\/discos-redondos.es\\\/#organization\"},\"alternateName\":\"Discos Redondos\",\"potentialAction\":[{\"@type\":\"SearchAction\",\"target\":{\"@type\":\"EntryPoint\",\"urlTemplate\":\"https:\\\/\\\/discos-redondos.es\\\/?s={search_term_string}\"},\"query-input\":{\"@type\":\"PropertyValueSpecification\",\"valueRequired\":true,\"valueName\":\"search_term_string\"}}],\"inLanguage\":\"ca\"},{\"@type\":\"Organization\",\"@id\":\"https:\\\/\\\/discos-redondos.es\\\/#organization\",\"name\":\"Discos Redondos\",\"url\":\"https:\\\/\\\/discos-redondos.es\\\/\",\"logo\":{\"@type\":\"ImageObject\",\"inLanguage\":\"ca\",\"@id\":\"https:\\\/\\\/discos-redondos.es\\\/#\\\/schema\\\/logo\\\/image\\\/\",\"url\":\"https:\\\/\\\/discos-redondos.es\\\/wp-content\\\/uploads\\\/2023\\\/04\\\/aaff-logo-raval-1-1.jpg\",\"contentUrl\":\"https:\\\/\\\/discos-redondos.es\\\/wp-content\\\/uploads\\\/2023\\\/04\\\/aaff-logo-raval-1-1.jpg\",\"width\":2362,\"height\":1441,\"caption\":\"Discos Redondos\"},\"image\":{\"@id\":\"https:\\\/\\\/discos-redondos.es\\\/#\\\/schema\\\/logo\\\/image\\\/\"},\"sameAs\":[\"https:\\\/\\\/www.facebook.com\\\/discosredondos45\",\"https:\\\/\\\/www.instagram.com\\\/discos.redondos33\\\/?hl=es\",\"https:\\\/\\\/discos-redondos.bandcamp.com\\\/\"]}]}<\/script>\n<!-- \/ Yoast SEO plugin. -->","yoast_head_json":{"title":"Paco Zambrano Y Su Combo - Meshkalina - DISCOS REDONDOS","description":"Paco Zambrano Y Su Combo - Meshkalina - Vampi Soul \u2013 VAMPI 45082, 8435008864712 7\" a 45 rpm, vinilo splatter, 2024","robots":{"index":"index","follow":"follow","max-snippet":"max-snippet:-1","max-image-preview":"max-image-preview:large","max-video-preview":"max-video-preview:-1"},"canonical":"https:\/\/discos-redondos.es\/ca\/producte\/paco-zambrano-y-su-combo-meshkalina\/","og_locale":"ca_ES","og_type":"article","og_title":"Paco Zambrano Y Su Combo - Meshkalina - DISCOS REDONDOS","og_description":"Paco Zambrano Y Su Combo - Meshkalina - Vampi Soul \u2013 VAMPI 45082, 8435008864712 7\" a 45 rpm, vinilo splatter, 2024","og_url":"https:\/\/discos-redondos.es\/ca\/producte\/paco-zambrano-y-su-combo-meshkalina\/","og_site_name":"DISCOS REDONDOS","article_publisher":"https:\/\/www.facebook.com\/discosredondos45","article_modified_time":"2026-03-31T14:46:01+00:00","og_image":[{"width":1200,"height":904,"url":"https:\/\/discos-redondos.es\/wp-content\/uploads\/2025\/09\/Paco-Zambrano-Y-Su-Combo-Meshkalina.jpg","type":"image\/jpeg"}],"twitter_card":"summary_large_image","twitter_misc":{"Temps estimat de lectura":"1 minut"},"schema":{"@context":"https:\/\/schema.org","@graph":[{"@type":"WebPage","@id":"https:\/\/discos-redondos.es\/producto\/paco-zambrano-y-su-combo-meshkalina","url":"https:\/\/discos-redondos.es\/producto\/paco-zambrano-y-su-combo-meshkalina","name":"Paco Zambrano Y Su Combo - Meshkalina - DISCOS REDONDOS","isPartOf":{"@id":"https:\/\/discos-redondos.es\/#website"},"primaryImageOfPage":{"@id":"https:\/\/discos-redondos.es\/producto\/paco-zambrano-y-su-combo-meshkalina#primaryimage"},"image":{"@id":"https:\/\/discos-redondos.es\/producto\/paco-zambrano-y-su-combo-meshkalina#primaryimage"},"thumbnailUrl":"https:\/\/discos-redondos.es\/wp-content\/uploads\/2025\/09\/Paco-Zambrano-Y-Su-Combo-Meshkalina.jpg","datePublished":"2025-09-13T16:50:13+00:00","dateModified":"2026-03-31T14:46:01+00:00","description":"Paco Zambrano Y Su Combo - Meshkalina - Vampi Soul \u2013 VAMPI 45082, 8435008864712 7\" a 45 rpm, vinilo splatter, 2024","breadcrumb":{"@id":"https:\/\/discos-redondos.es\/producto\/paco-zambrano-y-su-combo-meshkalina#breadcrumb"},"inLanguage":"ca","potentialAction":[{"@type":"ReadAction","target":["https:\/\/discos-redondos.es\/producto\/paco-zambrano-y-su-combo-meshkalina"]}]},{"@type":"ImageObject","inLanguage":"ca","@id":"https:\/\/discos-redondos.es\/producto\/paco-zambrano-y-su-combo-meshkalina#primaryimage","url":"https:\/\/discos-redondos.es\/wp-content\/uploads\/2025\/09\/Paco-Zambrano-Y-Su-Combo-Meshkalina.jpg","contentUrl":"https:\/\/discos-redondos.es\/wp-content\/uploads\/2025\/09\/Paco-Zambrano-Y-Su-Combo-Meshkalina.jpg","width":1200,"height":904,"caption":"Paco Zambrano Y Su Combo - Meshkalina"},{"@type":"BreadcrumbList","@id":"https:\/\/discos-redondos.es\/producto\/paco-zambrano-y-su-combo-meshkalina#breadcrumb","itemListElement":[{"@type":"ListItem","position":1,"name":"Portada","item":"https:\/\/discos-redondos.es\/"},{"@type":"ListItem","position":2,"name":"Tienda","item":"https:\/\/discos-redondos.es\/?page_id=487"},{"@type":"ListItem","position":3,"name":"Paco Zambrano Y Su Combo &#8211; Meshkalina"}]},{"@type":"WebSite","@id":"https:\/\/discos-redondos.es\/#website","url":"https:\/\/discos-redondos.es\/","name":"Discos Redondos","description":"La teva botiga de discos a Barcelona","publisher":{"@id":"https:\/\/discos-redondos.es\/#organization"},"alternateName":"Discos Redondos","potentialAction":[{"@type":"SearchAction","target":{"@type":"EntryPoint","urlTemplate":"https:\/\/discos-redondos.es\/?s={search_term_string}"},"query-input":{"@type":"PropertyValueSpecification","valueRequired":true,"valueName":"search_term_string"}}],"inLanguage":"ca"},{"@type":"Organization","@id":"https:\/\/discos-redondos.es\/#organization","name":"Discos Redondos","url":"https:\/\/discos-redondos.es\/","logo":{"@type":"ImageObject","inLanguage":"ca","@id":"https:\/\/discos-redondos.es\/#\/schema\/logo\/image\/","url":"https:\/\/discos-redondos.es\/wp-content\/uploads\/2023\/04\/aaff-logo-raval-1-1.jpg","contentUrl":"https:\/\/discos-redondos.es\/wp-content\/uploads\/2023\/04\/aaff-logo-raval-1-1.jpg","width":2362,"height":1441,"caption":"Discos Redondos"},"image":{"@id":"https:\/\/discos-redondos.es\/#\/schema\/logo\/image\/"},"sameAs":["https:\/\/www.facebook.com\/discosredondos45","https:\/\/www.instagram.com\/discos.redondos33\/?hl=es","https:\/\/discos-redondos.bandcamp.com\/"]}]}},"_links":{"self":[{"href":"https:\/\/discos-redondos.es\/ca\/wp-json\/wp\/v2\/product\/10981","targetHints":{"allow":["GET"]}}],"collection":[{"href":"https:\/\/discos-redondos.es\/ca\/wp-json\/wp\/v2\/product"}],"about":[{"href":"https:\/\/discos-redondos.es\/ca\/wp-json\/wp\/v2\/types\/product"}],"wp:featuredmedia":[{"embeddable":true,"href":"https:\/\/discos-redondos.es\/ca\/wp-json\/wp\/v2\/media\/10982"}],"wp:attachment":[{"href":"https:\/\/discos-redondos.es\/ca\/wp-json\/wp\/v2\/media?parent=10981"}],"wp:term":[{"taxonomy":"product_brand","embeddable":true,"href":"https:\/\/discos-redondos.es\/ca\/wp-json\/wp\/v2\/product_brand?post=10981"},{"taxonomy":"product_cat","embeddable":true,"href":"https:\/\/discos-redondos.es\/ca\/wp-json\/wp\/v2\/product_cat?post=10981"},{"taxonomy":"product_tag","embeddable":true,"href":"https:\/\/discos-redondos.es\/ca\/wp-json\/wp\/v2\/product_tag?post=10981"}],"curies":[{"name":"wp","href":"https:\/\/api.w.org\/{rel}","templated":true}]}}