{"id":11037,"date":"2025-09-20T12:07:10","date_gmt":"2025-09-20T12:07:10","guid":{"rendered":"https:\/\/discos-redondos.es\/?post_type=product&#038;p=11037"},"modified":"2025-12-24T13:13:31","modified_gmt":"2025-12-24T13:13:31","slug":"tarquim-y-los-metales-preciosos","status":"publish","type":"product","link":"https:\/\/discos-redondos.es\/ca\/producte\/tarquim-y-los-metales-preciosos","title":{"rendered":"Tarquim y Los Metales Preciosos"},"content":{"rendered":"<p><strong>Tarquim y Los Metales Preciosos<\/strong><\/p>\n<p><strong>Tracklist<\/strong><\/p>\n<p>1. Ana Mar\u00eda 05:13<br \/>\n2. Si Alguna Vez 05:46<br \/>\n3. Perd\u00f3n 05:02<br \/>\n4. Vino, Tabaco y Rosas 03:47<br \/>\n5. Tarquim y Los Metales Preciosos 03:43<br \/>\n6. Yo-Yo 05:44<br \/>\n7. Tiempo al Tiempo 05:50<br \/>\n8. Nos Fuimos 04:56<\/p>\n<p>&nbsp;<\/p>\n<p><iframe loading=\"lazy\" title=\"Tarquim y Los Metales Preciosos - Tarquim y Los Metales Preciosos\" width=\"832\" height=\"468\" src=\"https:\/\/www.youtube.com\/embed\/a5Umi7jCEYQ?feature=oembed\" frameborder=\"0\" allow=\"accelerometer; autoplay; clipboard-write; encrypted-media; gyroscope; picture-in-picture; web-share\" referrerpolicy=\"strict-origin-when-cross-origin\" allowfullscreen><\/iframe><\/p>\n<p>&nbsp;<\/p>\n<p><strong>Tarquim y Los Metales Preciosos<\/strong><\/p>\n<p>Todas la m\u00fasica ha sido escrita por Tarquim. Las letras son de Tarquim y D.Coppinger.<\/p>\n<ul>\n<li>Yadira Ferrer: Voz y coros<\/li>\n<li>D.Coppinger: Voz, coros y letrista<\/li>\n<li>Alcibiades Durruthy: Coros<\/li>\n<li>Kevin D\u00edaz: Piano y sintes<\/li>\n<li>Reinier Elizarde \u201cNegr\u00f3n\u201d: Baby bass y bajo el\u00e9ctrico<\/li>\n<li>Ori Mart\u00ednez: Timbal, conga, bong\u00f3, g\u00fciro, campana<\/li>\n<li>Climent Camp\u00e1: Conga, g\u00fciro y maraca en track 1, 2, 3 y 8<\/li>\n<li>Jay Kalo: Bater\u00eda en tracks 6 y 7<\/li>\n<li>Yuri Hern\u00e1ndez: Trompeta<\/li>\n<li>Mar\u00e7al Mu\u00f1oz: Trompeta en tracks 1, 2 y 3.<\/li>\n<li>Ra\u00fal Gallego: Trompeta en tracks 4, 5, 6, 7<\/li>\n<li>Albert Costa: Tromb\u00f3n<\/li>\n<li>Tarquim: Saxo tenor y flauta travesera, composici\u00f3n, arreglos y producci\u00f3n<\/li>\n<\/ul>\n<p>Kathy Sey, Yolanda Sey, Tonia Richardson: Voz en track 6<br \/>\nTito Bonacera: Bajo el\u00e9ctrico en track 6<br \/>\nEnric Peinado: Guitarra el\u00e9ctrica en track 6<\/p>\n<p>Grabado en el Tercero Estudios por Carlos Avatar y Adri\u00e0 Veres, por Dani Val en Medusa Estudios y por Manu Larosa en Salamandra Estudios.<\/p>\n<p>Mezclado y masterizado por Andr\u00e9s Ja\u00e9n en Monkeyman Studios<\/p>","protected":false},"excerpt":{"rendered":"<p>Tarquim Music &#8211; CS449-2025<\/p>\n<p>LP en vinilo negro y carpeta sencilla<\/p>","protected":false},"featured_media":11038,"template":"","meta":[],"product_brand":[],"product_cat":[81],"product_tag":[],"class_list":{"0":"post-11037","1":"product","2":"type-product","3":"status-publish","4":"has-post-thumbnail","6":"product_cat-brasil-latin","8":"first","9":"instock","10":"taxable","11":"shipping-taxable","12":"purchasable","13":"product-type-simple"},"yoast_head":"<!-- This site is optimized with the Yoast SEO plugin v27.5 - https:\/\/yoast.com\/product\/yoast-seo-wordpress\/ -->\n<title>Tarquim y Los Metales Preciosos - DISCOS REDONDOS<\/title>\n<meta name=\"description\" content=\"Tarquim y Los Metales Preciosos - Tarquim Music - CS449-2025 LP en vinilo negro y carpeta sencilla\" \/>\n<meta name=\"robots\" content=\"index, follow, max-snippet:-1, max-image-preview:large, max-video-preview:-1\" \/>\n<link rel=\"canonical\" href=\"https:\/\/discos-redondos.es\/ca\/producte\/tarquim-y-los-metales-preciosos\/\" \/>\n<meta property=\"og:locale\" content=\"ca_ES\" \/>\n<meta property=\"og:type\" content=\"article\" \/>\n<meta property=\"og:title\" content=\"Tarquim y Los Metales Preciosos - DISCOS REDONDOS\" \/>\n<meta property=\"og:description\" content=\"Tarquim y Los Metales Preciosos - Tarquim Music - CS449-2025 LP en vinilo negro y carpeta sencilla\" \/>\n<meta property=\"og:url\" content=\"https:\/\/discos-redondos.es\/ca\/producte\/tarquim-y-los-metales-preciosos\/\" \/>\n<meta property=\"og:site_name\" content=\"DISCOS REDONDOS\" \/>\n<meta property=\"article:publisher\" content=\"https:\/\/www.facebook.com\/discosredondos45\" \/>\n<meta property=\"article:modified_time\" content=\"2025-12-24T13:13:31+00:00\" \/>\n<meta property=\"og:image\" content=\"https:\/\/discos-redondos.es\/wp-content\/uploads\/2025\/09\/Tarquim-y-Los-Metales-Preciosos.jpg\" \/>\n\t<meta property=\"og:image:width\" content=\"1200\" \/>\n\t<meta property=\"og:image:height\" content=\"1200\" \/>\n\t<meta property=\"og:image:type\" content=\"image\/jpeg\" \/>\n<meta name=\"twitter:card\" content=\"summary_large_image\" \/>\n<meta name=\"twitter:label1\" content=\"Temps estimat de lectura\" \/>\n\t<meta name=\"twitter:data1\" content=\"2 minuts\" \/>\n<script type=\"application\/ld+json\" class=\"yoast-schema-graph\">{\"@context\":\"https:\\\/\\\/schema.org\",\"@graph\":[{\"@type\":\"WebPage\",\"@id\":\"https:\\\/\\\/discos-redondos.es\\\/producto\\\/tarquim-y-los-metales-preciosos\",\"url\":\"https:\\\/\\\/discos-redondos.es\\\/producto\\\/tarquim-y-los-metales-preciosos\",\"name\":\"Tarquim y Los Metales Preciosos - DISCOS REDONDOS\",\"isPartOf\":{\"@id\":\"https:\\\/\\\/discos-redondos.es\\\/#website\"},\"primaryImageOfPage\":{\"@id\":\"https:\\\/\\\/discos-redondos.es\\\/producto\\\/tarquim-y-los-metales-preciosos#primaryimage\"},\"image\":{\"@id\":\"https:\\\/\\\/discos-redondos.es\\\/producto\\\/tarquim-y-los-metales-preciosos#primaryimage\"},\"thumbnailUrl\":\"https:\\\/\\\/discos-redondos.es\\\/wp-content\\\/uploads\\\/2025\\\/09\\\/Tarquim-y-Los-Metales-Preciosos.jpg\",\"datePublished\":\"2025-09-20T12:07:10+00:00\",\"dateModified\":\"2025-12-24T13:13:31+00:00\",\"description\":\"Tarquim y Los Metales Preciosos - Tarquim Music - CS449-2025 LP en vinilo negro y carpeta sencilla\",\"breadcrumb\":{\"@id\":\"https:\\\/\\\/discos-redondos.es\\\/producto\\\/tarquim-y-los-metales-preciosos#breadcrumb\"},\"inLanguage\":\"ca\",\"potentialAction\":[{\"@type\":\"ReadAction\",\"target\":[\"https:\\\/\\\/discos-redondos.es\\\/producto\\\/tarquim-y-los-metales-preciosos\"]}]},{\"@type\":\"ImageObject\",\"inLanguage\":\"ca\",\"@id\":\"https:\\\/\\\/discos-redondos.es\\\/producto\\\/tarquim-y-los-metales-preciosos#primaryimage\",\"url\":\"https:\\\/\\\/discos-redondos.es\\\/wp-content\\\/uploads\\\/2025\\\/09\\\/Tarquim-y-Los-Metales-Preciosos.jpg\",\"contentUrl\":\"https:\\\/\\\/discos-redondos.es\\\/wp-content\\\/uploads\\\/2025\\\/09\\\/Tarquim-y-Los-Metales-Preciosos.jpg\",\"width\":1200,\"height\":1200,\"caption\":\"Tarquim y Los Metales Preciosos\"},{\"@type\":\"BreadcrumbList\",\"@id\":\"https:\\\/\\\/discos-redondos.es\\\/producto\\\/tarquim-y-los-metales-preciosos#breadcrumb\",\"itemListElement\":[{\"@type\":\"ListItem\",\"position\":1,\"name\":\"Portada\",\"item\":\"https:\\\/\\\/discos-redondos.es\\\/\"},{\"@type\":\"ListItem\",\"position\":2,\"name\":\"Tienda\",\"item\":\"https:\\\/\\\/discos-redondos.es\\\/?page_id=487\"},{\"@type\":\"ListItem\",\"position\":3,\"name\":\"Tarquim y Los Metales Preciosos\"}]},{\"@type\":\"WebSite\",\"@id\":\"https:\\\/\\\/discos-redondos.es\\\/#website\",\"url\":\"https:\\\/\\\/discos-redondos.es\\\/\",\"name\":\"Discos Redondos\",\"description\":\"Tu tienda de discos en Barcelona\",\"publisher\":{\"@id\":\"https:\\\/\\\/discos-redondos.es\\\/#organization\"},\"alternateName\":\"Discos Redondos\",\"potentialAction\":[{\"@type\":\"SearchAction\",\"target\":{\"@type\":\"EntryPoint\",\"urlTemplate\":\"https:\\\/\\\/discos-redondos.es\\\/?s={search_term_string}\"},\"query-input\":{\"@type\":\"PropertyValueSpecification\",\"valueRequired\":true,\"valueName\":\"search_term_string\"}}],\"inLanguage\":\"ca\"},{\"@type\":\"Organization\",\"@id\":\"https:\\\/\\\/discos-redondos.es\\\/#organization\",\"name\":\"Discos Redondos\",\"url\":\"https:\\\/\\\/discos-redondos.es\\\/\",\"logo\":{\"@type\":\"ImageObject\",\"inLanguage\":\"ca\",\"@id\":\"https:\\\/\\\/discos-redondos.es\\\/#\\\/schema\\\/logo\\\/image\\\/\",\"url\":\"https:\\\/\\\/discos-redondos.es\\\/wp-content\\\/uploads\\\/2023\\\/04\\\/aaff-logo-raval-1-1.jpg\",\"contentUrl\":\"https:\\\/\\\/discos-redondos.es\\\/wp-content\\\/uploads\\\/2023\\\/04\\\/aaff-logo-raval-1-1.jpg\",\"width\":2362,\"height\":1441,\"caption\":\"Discos Redondos\"},\"image\":{\"@id\":\"https:\\\/\\\/discos-redondos.es\\\/#\\\/schema\\\/logo\\\/image\\\/\"},\"sameAs\":[\"https:\\\/\\\/www.facebook.com\\\/discosredondos45\",\"https:\\\/\\\/www.instagram.com\\\/discos.redondos33\\\/?hl=es\",\"https:\\\/\\\/discos-redondos.bandcamp.com\\\/\"]}]}<\/script>\n<!-- \/ Yoast SEO plugin. -->","yoast_head_json":{"title":"Tarquim y Los Metales Preciosos - DISCOS REDONDOS","description":"Tarquim y Los Metales Preciosos - Tarquim Music - CS449-2025 LP en vinilo negro y carpeta sencilla","robots":{"index":"index","follow":"follow","max-snippet":"max-snippet:-1","max-image-preview":"max-image-preview:large","max-video-preview":"max-video-preview:-1"},"canonical":"https:\/\/discos-redondos.es\/ca\/producte\/tarquim-y-los-metales-preciosos\/","og_locale":"ca_ES","og_type":"article","og_title":"Tarquim y Los Metales Preciosos - DISCOS REDONDOS","og_description":"Tarquim y Los Metales Preciosos - Tarquim Music - CS449-2025 LP en vinilo negro y carpeta sencilla","og_url":"https:\/\/discos-redondos.es\/ca\/producte\/tarquim-y-los-metales-preciosos\/","og_site_name":"DISCOS REDONDOS","article_publisher":"https:\/\/www.facebook.com\/discosredondos45","article_modified_time":"2025-12-24T13:13:31+00:00","og_image":[{"width":1200,"height":1200,"url":"https:\/\/discos-redondos.es\/wp-content\/uploads\/2025\/09\/Tarquim-y-Los-Metales-Preciosos.jpg","type":"image\/jpeg"}],"twitter_card":"summary_large_image","twitter_misc":{"Temps estimat de lectura":"2 minuts"},"schema":{"@context":"https:\/\/schema.org","@graph":[{"@type":"WebPage","@id":"https:\/\/discos-redondos.es\/producto\/tarquim-y-los-metales-preciosos","url":"https:\/\/discos-redondos.es\/producto\/tarquim-y-los-metales-preciosos","name":"Tarquim y Los Metales Preciosos - DISCOS REDONDOS","isPartOf":{"@id":"https:\/\/discos-redondos.es\/#website"},"primaryImageOfPage":{"@id":"https:\/\/discos-redondos.es\/producto\/tarquim-y-los-metales-preciosos#primaryimage"},"image":{"@id":"https:\/\/discos-redondos.es\/producto\/tarquim-y-los-metales-preciosos#primaryimage"},"thumbnailUrl":"https:\/\/discos-redondos.es\/wp-content\/uploads\/2025\/09\/Tarquim-y-Los-Metales-Preciosos.jpg","datePublished":"2025-09-20T12:07:10+00:00","dateModified":"2025-12-24T13:13:31+00:00","description":"Tarquim y Los Metales Preciosos - Tarquim Music - CS449-2025 LP en vinilo negro y carpeta sencilla","breadcrumb":{"@id":"https:\/\/discos-redondos.es\/producto\/tarquim-y-los-metales-preciosos#breadcrumb"},"inLanguage":"ca","potentialAction":[{"@type":"ReadAction","target":["https:\/\/discos-redondos.es\/producto\/tarquim-y-los-metales-preciosos"]}]},{"@type":"ImageObject","inLanguage":"ca","@id":"https:\/\/discos-redondos.es\/producto\/tarquim-y-los-metales-preciosos#primaryimage","url":"https:\/\/discos-redondos.es\/wp-content\/uploads\/2025\/09\/Tarquim-y-Los-Metales-Preciosos.jpg","contentUrl":"https:\/\/discos-redondos.es\/wp-content\/uploads\/2025\/09\/Tarquim-y-Los-Metales-Preciosos.jpg","width":1200,"height":1200,"caption":"Tarquim y Los Metales Preciosos"},{"@type":"BreadcrumbList","@id":"https:\/\/discos-redondos.es\/producto\/tarquim-y-los-metales-preciosos#breadcrumb","itemListElement":[{"@type":"ListItem","position":1,"name":"Portada","item":"https:\/\/discos-redondos.es\/"},{"@type":"ListItem","position":2,"name":"Tienda","item":"https:\/\/discos-redondos.es\/?page_id=487"},{"@type":"ListItem","position":3,"name":"Tarquim y Los Metales Preciosos"}]},{"@type":"WebSite","@id":"https:\/\/discos-redondos.es\/#website","url":"https:\/\/discos-redondos.es\/","name":"Discos Redondos","description":"La teva botiga de discos a Barcelona","publisher":{"@id":"https:\/\/discos-redondos.es\/#organization"},"alternateName":"Discos Redondos","potentialAction":[{"@type":"SearchAction","target":{"@type":"EntryPoint","urlTemplate":"https:\/\/discos-redondos.es\/?s={search_term_string}"},"query-input":{"@type":"PropertyValueSpecification","valueRequired":true,"valueName":"search_term_string"}}],"inLanguage":"ca"},{"@type":"Organization","@id":"https:\/\/discos-redondos.es\/#organization","name":"Discos Redondos","url":"https:\/\/discos-redondos.es\/","logo":{"@type":"ImageObject","inLanguage":"ca","@id":"https:\/\/discos-redondos.es\/#\/schema\/logo\/image\/","url":"https:\/\/discos-redondos.es\/wp-content\/uploads\/2023\/04\/aaff-logo-raval-1-1.jpg","contentUrl":"https:\/\/discos-redondos.es\/wp-content\/uploads\/2023\/04\/aaff-logo-raval-1-1.jpg","width":2362,"height":1441,"caption":"Discos Redondos"},"image":{"@id":"https:\/\/discos-redondos.es\/#\/schema\/logo\/image\/"},"sameAs":["https:\/\/www.facebook.com\/discosredondos45","https:\/\/www.instagram.com\/discos.redondos33\/?hl=es","https:\/\/discos-redondos.bandcamp.com\/"]}]}},"_links":{"self":[{"href":"https:\/\/discos-redondos.es\/ca\/wp-json\/wp\/v2\/product\/11037","targetHints":{"allow":["GET"]}}],"collection":[{"href":"https:\/\/discos-redondos.es\/ca\/wp-json\/wp\/v2\/product"}],"about":[{"href":"https:\/\/discos-redondos.es\/ca\/wp-json\/wp\/v2\/types\/product"}],"wp:featuredmedia":[{"embeddable":true,"href":"https:\/\/discos-redondos.es\/ca\/wp-json\/wp\/v2\/media\/11038"}],"wp:attachment":[{"href":"https:\/\/discos-redondos.es\/ca\/wp-json\/wp\/v2\/media?parent=11037"}],"wp:term":[{"taxonomy":"product_brand","embeddable":true,"href":"https:\/\/discos-redondos.es\/ca\/wp-json\/wp\/v2\/product_brand?post=11037"},{"taxonomy":"product_cat","embeddable":true,"href":"https:\/\/discos-redondos.es\/ca\/wp-json\/wp\/v2\/product_cat?post=11037"},{"taxonomy":"product_tag","embeddable":true,"href":"https:\/\/discos-redondos.es\/ca\/wp-json\/wp\/v2\/product_tag?post=11037"}],"curies":[{"name":"wp","href":"https:\/\/api.w.org\/{rel}","templated":true}]}}