{"id":12161,"date":"2025-11-20T10:29:57","date_gmt":"2025-11-20T10:29:57","guid":{"rendered":"https:\/\/discos-redondos.es\/?post_type=product&#038;p=12161"},"modified":"2026-02-02T17:08:25","modified_gmt":"2026-02-02T17:08:25","slug":"deee-lite-the-very-best-of-deee-lite","status":"publish","type":"product","link":"https:\/\/discos-redondos.es\/ca\/producte\/deee-lite-the-very-best-of-deee-lite","title":{"rendered":"Deee-Lite &#8211; The Very Best Of Deee-Lite (Black Friday 2025)"},"content":{"rendered":"<p><strong>Deee-Lite &#8211; The Very Best Of Deee-Lite<\/strong><\/p>\n<p><strong>Tracklist<\/strong><\/p>\n<p>ACKLIST<br \/>\n1.- Deee-Lite Theme<br \/>\n2.- GoodBeat<br \/>\n3.- GrooveIsin the Heart<br \/>\n4.- What Is Love?<br \/>\n5.- E.S.P.<br \/>\n6.- Power of Love<br \/>\n7.- Who Was That?<br \/>\n8.- HowDo YouSay&#8230; Love(ADelicious Pal Joey Dub)<br \/>\n9.- Heart Be Still<br \/>\n10.- Pussycat Meow<br \/>\n11.- LoveIs Everything<br \/>\n12.- Say Ahhh&#8230;<br \/>\n13.- Somebody<br \/>\n14.- BringMe Your Love<br \/>\n15.- MindMelt<br \/>\n16.- AppleJuice Kissing<br \/>\n17.- Picnicin the Summertime<br \/>\n18.- Stay in Bed, Forget the Rest<br \/>\n19.- Bittersweet Loving<br \/>\n20.- Party HappeningPeople<\/p>\n<p>Lanzado en 2001, The Very Best of Deee-Litecapturalaic\u00f3nica mezcla defunk, dance y pop del tr\u00edo. Incluye \u00e9xitoscomo Groove Is In The Heart, que encabez\u00f3 lalista Hot Dance Club de Billboard en Estados Unidos y alcanz\u00f3 el n\u00famero 4 en la lista Billboard Hot 100, junto con Good Beat, What Is Love? y favoritos de los fanscomo Power of Love y Picnic In The Summertime. Por primera vez, sus ritmos atemporales llegan al vinilo en color morado y naranja.<\/p>","protected":false},"excerpt":{"rendered":"<p>2 x LP en vinilos morado y naranja splatter, Warner Music \/ Rhino 0081227811907<\/p>\n<p>Black Friday \/\/ Record Store Day 2025<\/p>","protected":false},"featured_media":12162,"template":"","meta":[],"product_brand":[],"product_cat":[118,91],"product_tag":[],"class_list":{"0":"post-12161","1":"product","2":"type-product","3":"status-publish","4":"has-post-thumbnail","6":"product_cat-neo-soul-rnb-nu-soul-instrumental","7":"product_cat-record-store-day","9":"first","10":"instock","11":"taxable","12":"shipping-taxable","13":"purchasable","14":"product-type-simple"},"yoast_head":"<!-- This site is optimized with the Yoast SEO plugin v27.3 - https:\/\/yoast.com\/product\/yoast-seo-wordpress\/ -->\n<title>Deee-Lite - The Very Best Of Deee-Lite (Black Friday 2025) - DISCOS REDONDOS<\/title>\n<meta name=\"description\" content=\"Deee-Lite - The Very Best Of Deee-Lite\" \/>\n<meta name=\"robots\" content=\"index, follow, max-snippet:-1, max-image-preview:large, max-video-preview:-1\" \/>\n<link rel=\"canonical\" href=\"https:\/\/discos-redondos.es\/ca\/producte\/deee-lite-the-very-best-of-deee-lite\/\" \/>\n<meta property=\"og:locale\" content=\"ca_ES\" \/>\n<meta property=\"og:type\" content=\"article\" \/>\n<meta property=\"og:title\" content=\"Deee-Lite - The Very Best Of Deee-Lite (Black Friday 2025) - DISCOS REDONDOS\" \/>\n<meta property=\"og:description\" content=\"Deee-Lite - The Very Best Of Deee-Lite\" \/>\n<meta property=\"og:url\" content=\"https:\/\/discos-redondos.es\/ca\/producte\/deee-lite-the-very-best-of-deee-lite\/\" \/>\n<meta property=\"og:site_name\" content=\"DISCOS REDONDOS\" \/>\n<meta property=\"article:publisher\" content=\"https:\/\/www.facebook.com\/discosredondos45\" \/>\n<meta property=\"article:modified_time\" content=\"2026-02-02T17:08:25+00:00\" \/>\n<meta property=\"og:image\" content=\"https:\/\/discos-redondos.es\/wp-content\/uploads\/2025\/11\/Deee-Lite-The-Very-Best-Of-Deee-Lite.webp\" \/>\n\t<meta property=\"og:image:width\" content=\"713\" \/>\n\t<meta property=\"og:image:height\" content=\"713\" \/>\n\t<meta property=\"og:image:type\" content=\"image\/webp\" \/>\n<meta name=\"twitter:card\" content=\"summary_large_image\" \/>\n<meta name=\"twitter:label1\" content=\"Temps estimat de lectura\" \/>\n\t<meta name=\"twitter:data1\" content=\"1 minut\" \/>\n<script type=\"application\/ld+json\" class=\"yoast-schema-graph\">{\"@context\":\"https:\\\/\\\/schema.org\",\"@graph\":[{\"@type\":\"WebPage\",\"@id\":\"https:\\\/\\\/discos-redondos.es\\\/producto\\\/deee-lite-the-very-best-of-deee-lite\",\"url\":\"https:\\\/\\\/discos-redondos.es\\\/producto\\\/deee-lite-the-very-best-of-deee-lite\",\"name\":\"Deee-Lite - The Very Best Of Deee-Lite (Black Friday 2025) - DISCOS REDONDOS\",\"isPartOf\":{\"@id\":\"https:\\\/\\\/discos-redondos.es\\\/#website\"},\"primaryImageOfPage\":{\"@id\":\"https:\\\/\\\/discos-redondos.es\\\/producto\\\/deee-lite-the-very-best-of-deee-lite#primaryimage\"},\"image\":{\"@id\":\"https:\\\/\\\/discos-redondos.es\\\/producto\\\/deee-lite-the-very-best-of-deee-lite#primaryimage\"},\"thumbnailUrl\":\"https:\\\/\\\/discos-redondos.es\\\/wp-content\\\/uploads\\\/2025\\\/11\\\/Deee-Lite-The-Very-Best-Of-Deee-Lite.webp\",\"datePublished\":\"2025-11-20T10:29:57+00:00\",\"dateModified\":\"2026-02-02T17:08:25+00:00\",\"description\":\"Deee-Lite - The Very Best Of Deee-Lite\",\"breadcrumb\":{\"@id\":\"https:\\\/\\\/discos-redondos.es\\\/producto\\\/deee-lite-the-very-best-of-deee-lite#breadcrumb\"},\"inLanguage\":\"ca\",\"potentialAction\":[{\"@type\":\"ReadAction\",\"target\":[\"https:\\\/\\\/discos-redondos.es\\\/producto\\\/deee-lite-the-very-best-of-deee-lite\"]}]},{\"@type\":\"ImageObject\",\"inLanguage\":\"ca\",\"@id\":\"https:\\\/\\\/discos-redondos.es\\\/producto\\\/deee-lite-the-very-best-of-deee-lite#primaryimage\",\"url\":\"https:\\\/\\\/discos-redondos.es\\\/wp-content\\\/uploads\\\/2025\\\/11\\\/Deee-Lite-The-Very-Best-Of-Deee-Lite.webp\",\"contentUrl\":\"https:\\\/\\\/discos-redondos.es\\\/wp-content\\\/uploads\\\/2025\\\/11\\\/Deee-Lite-The-Very-Best-Of-Deee-Lite.webp\",\"width\":713,\"height\":713,\"caption\":\"Deee-Lite - The Very Best Of Deee-Lite\"},{\"@type\":\"BreadcrumbList\",\"@id\":\"https:\\\/\\\/discos-redondos.es\\\/producto\\\/deee-lite-the-very-best-of-deee-lite#breadcrumb\",\"itemListElement\":[{\"@type\":\"ListItem\",\"position\":1,\"name\":\"Portada\",\"item\":\"https:\\\/\\\/discos-redondos.es\\\/\"},{\"@type\":\"ListItem\",\"position\":2,\"name\":\"Tienda\",\"item\":\"https:\\\/\\\/discos-redondos.es\\\/?page_id=487\"},{\"@type\":\"ListItem\",\"position\":3,\"name\":\"Deee-Lite &#8211; The Very Best Of Deee-Lite (Black Friday 2025)\"}]},{\"@type\":\"WebSite\",\"@id\":\"https:\\\/\\\/discos-redondos.es\\\/#website\",\"url\":\"https:\\\/\\\/discos-redondos.es\\\/\",\"name\":\"Discos Redondos\",\"description\":\"Tu tienda de discos en Barcelona\",\"publisher\":{\"@id\":\"https:\\\/\\\/discos-redondos.es\\\/#organization\"},\"alternateName\":\"Discos Redondos\",\"potentialAction\":[{\"@type\":\"SearchAction\",\"target\":{\"@type\":\"EntryPoint\",\"urlTemplate\":\"https:\\\/\\\/discos-redondos.es\\\/?s={search_term_string}\"},\"query-input\":{\"@type\":\"PropertyValueSpecification\",\"valueRequired\":true,\"valueName\":\"search_term_string\"}}],\"inLanguage\":\"ca\"},{\"@type\":\"Organization\",\"@id\":\"https:\\\/\\\/discos-redondos.es\\\/#organization\",\"name\":\"Discos Redondos\",\"url\":\"https:\\\/\\\/discos-redondos.es\\\/\",\"logo\":{\"@type\":\"ImageObject\",\"inLanguage\":\"ca\",\"@id\":\"https:\\\/\\\/discos-redondos.es\\\/#\\\/schema\\\/logo\\\/image\\\/\",\"url\":\"https:\\\/\\\/discos-redondos.es\\\/wp-content\\\/uploads\\\/2023\\\/04\\\/aaff-logo-raval-1-1.jpg\",\"contentUrl\":\"https:\\\/\\\/discos-redondos.es\\\/wp-content\\\/uploads\\\/2023\\\/04\\\/aaff-logo-raval-1-1.jpg\",\"width\":2362,\"height\":1441,\"caption\":\"Discos Redondos\"},\"image\":{\"@id\":\"https:\\\/\\\/discos-redondos.es\\\/#\\\/schema\\\/logo\\\/image\\\/\"},\"sameAs\":[\"https:\\\/\\\/www.facebook.com\\\/discosredondos45\",\"https:\\\/\\\/www.instagram.com\\\/discos.redondos33\\\/?hl=es\",\"https:\\\/\\\/discos-redondos.bandcamp.com\\\/\"]}]}<\/script>\n<!-- \/ Yoast SEO plugin. -->","yoast_head_json":{"title":"Deee-Lite - The Very Best Of Deee-Lite (Black Friday 2025) - DISCOS REDONDOS","description":"Deee-Lite - The Very Best Of Deee-Lite","robots":{"index":"index","follow":"follow","max-snippet":"max-snippet:-1","max-image-preview":"max-image-preview:large","max-video-preview":"max-video-preview:-1"},"canonical":"https:\/\/discos-redondos.es\/ca\/producte\/deee-lite-the-very-best-of-deee-lite\/","og_locale":"ca_ES","og_type":"article","og_title":"Deee-Lite - The Very Best Of Deee-Lite (Black Friday 2025) - DISCOS REDONDOS","og_description":"Deee-Lite - The Very Best Of Deee-Lite","og_url":"https:\/\/discos-redondos.es\/ca\/producte\/deee-lite-the-very-best-of-deee-lite\/","og_site_name":"DISCOS REDONDOS","article_publisher":"https:\/\/www.facebook.com\/discosredondos45","article_modified_time":"2026-02-02T17:08:25+00:00","og_image":[{"width":713,"height":713,"url":"https:\/\/discos-redondos.es\/wp-content\/uploads\/2025\/11\/Deee-Lite-The-Very-Best-Of-Deee-Lite.webp","type":"image\/webp"}],"twitter_card":"summary_large_image","twitter_misc":{"Temps estimat de lectura":"1 minut"},"schema":{"@context":"https:\/\/schema.org","@graph":[{"@type":"WebPage","@id":"https:\/\/discos-redondos.es\/producto\/deee-lite-the-very-best-of-deee-lite","url":"https:\/\/discos-redondos.es\/producto\/deee-lite-the-very-best-of-deee-lite","name":"Deee-Lite - The Very Best Of Deee-Lite (Black Friday 2025) - DISCOS REDONDOS","isPartOf":{"@id":"https:\/\/discos-redondos.es\/#website"},"primaryImageOfPage":{"@id":"https:\/\/discos-redondos.es\/producto\/deee-lite-the-very-best-of-deee-lite#primaryimage"},"image":{"@id":"https:\/\/discos-redondos.es\/producto\/deee-lite-the-very-best-of-deee-lite#primaryimage"},"thumbnailUrl":"https:\/\/discos-redondos.es\/wp-content\/uploads\/2025\/11\/Deee-Lite-The-Very-Best-Of-Deee-Lite.webp","datePublished":"2025-11-20T10:29:57+00:00","dateModified":"2026-02-02T17:08:25+00:00","description":"Deee-Lite - The Very Best Of Deee-Lite","breadcrumb":{"@id":"https:\/\/discos-redondos.es\/producto\/deee-lite-the-very-best-of-deee-lite#breadcrumb"},"inLanguage":"ca","potentialAction":[{"@type":"ReadAction","target":["https:\/\/discos-redondos.es\/producto\/deee-lite-the-very-best-of-deee-lite"]}]},{"@type":"ImageObject","inLanguage":"ca","@id":"https:\/\/discos-redondos.es\/producto\/deee-lite-the-very-best-of-deee-lite#primaryimage","url":"https:\/\/discos-redondos.es\/wp-content\/uploads\/2025\/11\/Deee-Lite-The-Very-Best-Of-Deee-Lite.webp","contentUrl":"https:\/\/discos-redondos.es\/wp-content\/uploads\/2025\/11\/Deee-Lite-The-Very-Best-Of-Deee-Lite.webp","width":713,"height":713,"caption":"Deee-Lite - The Very Best Of Deee-Lite"},{"@type":"BreadcrumbList","@id":"https:\/\/discos-redondos.es\/producto\/deee-lite-the-very-best-of-deee-lite#breadcrumb","itemListElement":[{"@type":"ListItem","position":1,"name":"Portada","item":"https:\/\/discos-redondos.es\/"},{"@type":"ListItem","position":2,"name":"Tienda","item":"https:\/\/discos-redondos.es\/?page_id=487"},{"@type":"ListItem","position":3,"name":"Deee-Lite &#8211; The Very Best Of Deee-Lite (Black Friday 2025)"}]},{"@type":"WebSite","@id":"https:\/\/discos-redondos.es\/#website","url":"https:\/\/discos-redondos.es\/","name":"Discos Redondos","description":"La teva botiga de discos a Barcelona","publisher":{"@id":"https:\/\/discos-redondos.es\/#organization"},"alternateName":"Discos Redondos","potentialAction":[{"@type":"SearchAction","target":{"@type":"EntryPoint","urlTemplate":"https:\/\/discos-redondos.es\/?s={search_term_string}"},"query-input":{"@type":"PropertyValueSpecification","valueRequired":true,"valueName":"search_term_string"}}],"inLanguage":"ca"},{"@type":"Organization","@id":"https:\/\/discos-redondos.es\/#organization","name":"Discos Redondos","url":"https:\/\/discos-redondos.es\/","logo":{"@type":"ImageObject","inLanguage":"ca","@id":"https:\/\/discos-redondos.es\/#\/schema\/logo\/image\/","url":"https:\/\/discos-redondos.es\/wp-content\/uploads\/2023\/04\/aaff-logo-raval-1-1.jpg","contentUrl":"https:\/\/discos-redondos.es\/wp-content\/uploads\/2023\/04\/aaff-logo-raval-1-1.jpg","width":2362,"height":1441,"caption":"Discos Redondos"},"image":{"@id":"https:\/\/discos-redondos.es\/#\/schema\/logo\/image\/"},"sameAs":["https:\/\/www.facebook.com\/discosredondos45","https:\/\/www.instagram.com\/discos.redondos33\/?hl=es","https:\/\/discos-redondos.bandcamp.com\/"]}]}},"_links":{"self":[{"href":"https:\/\/discos-redondos.es\/ca\/wp-json\/wp\/v2\/product\/12161","targetHints":{"allow":["GET"]}}],"collection":[{"href":"https:\/\/discos-redondos.es\/ca\/wp-json\/wp\/v2\/product"}],"about":[{"href":"https:\/\/discos-redondos.es\/ca\/wp-json\/wp\/v2\/types\/product"}],"wp:featuredmedia":[{"embeddable":true,"href":"https:\/\/discos-redondos.es\/ca\/wp-json\/wp\/v2\/media\/12162"}],"wp:attachment":[{"href":"https:\/\/discos-redondos.es\/ca\/wp-json\/wp\/v2\/media?parent=12161"}],"wp:term":[{"taxonomy":"product_brand","embeddable":true,"href":"https:\/\/discos-redondos.es\/ca\/wp-json\/wp\/v2\/product_brand?post=12161"},{"taxonomy":"product_cat","embeddable":true,"href":"https:\/\/discos-redondos.es\/ca\/wp-json\/wp\/v2\/product_cat?post=12161"},{"taxonomy":"product_tag","embeddable":true,"href":"https:\/\/discos-redondos.es\/ca\/wp-json\/wp\/v2\/product_tag?post=12161"}],"curies":[{"name":"wp","href":"https:\/\/api.w.org\/{rel}","templated":true}]}}