{"id":12163,"date":"2025-11-20T10:35:55","date_gmt":"2025-11-20T10:35:55","guid":{"rendered":"https:\/\/discos-redondos.es\/?post_type=product&#038;p=12163"},"modified":"2026-01-27T18:39:30","modified_gmt":"2026-01-27T18:39:30","slug":"led-zeppelin-trampled-under-foot-7%e2%80%b3-black-friday-2025","status":"publish","type":"product","link":"https:\/\/discos-redondos.es\/ca\/producte\/led-zeppelin-trampled-under-foot-7%e2%80%b3-black-friday-2025","title":{"rendered":"Led Zeppelin &#8211; \u201cTrampled Under Foot\u201d 7\u2033 (Black Friday 2025)"},"content":{"rendered":"<p><strong>Led Zeppelin &#8211; \u201cTrampled Under Foot\u201d 7\u2033 (Black Friday 2025)<\/strong><\/p>\n<p><strong>Tracklist<\/strong><\/p>\n<p>1.- TrampledUnder Foot<br \/>\n2.- Black Country Woman<\/p>\n<p>El sencillo, que se lanzar\u00e1 en exclusiva a trav\u00e9s de RSD Black Friday, es una r\u00e9plica exacta del sencillo promocional brit\u00e1nico de 7 pulgadas de 1975 y presenta \u00abTrampled Under Foot\u00bb con \u00abBlack Country Woman\u00bb en lacara B. Ambas canciones utilizan el audio del \u00e1lbum remasterizado Physical Graffiti 2015, producido por Jimmy Page para la reedici\u00f3n original del \u00e1lbum hace 10 a\u00f1os.<\/p>","protected":false},"excerpt":{"rendered":"<p>7&#8243; en vinilo, Wanrner Music<\/p>\n<p>Black Friday \/\/ Record Store Day 2025<\/p>","protected":false},"featured_media":12164,"template":"","meta":[],"product_brand":[],"product_cat":[91,117],"product_tag":[],"class_list":{"0":"post-12163","1":"product","2":"type-product","3":"status-publish","4":"has-post-thumbnail","6":"product_cat-record-store-day","7":"product_cat-rock-pop-indie","9":"first","10":"instock","11":"taxable","12":"shipping-taxable","13":"purchasable","14":"product-type-simple"},"yoast_head":"<!-- This site is optimized with the Yoast SEO plugin v27.3 - https:\/\/yoast.com\/product\/yoast-seo-wordpress\/ -->\n<title>Led Zeppelin - \u201cTrampled Under Foot\u201d 7\u2033 (Black Friday 2025) - DISCOS REDONDOS<\/title>\n<meta name=\"description\" content=\"Led Zeppelin - \u201cTrampled Under Foot\u201d 7\u2033 (Black Friday 2025)\" \/>\n<meta name=\"robots\" content=\"index, follow, max-snippet:-1, max-image-preview:large, max-video-preview:-1\" \/>\n<link rel=\"canonical\" href=\"https:\/\/discos-redondos.es\/ca\/producte\/led-zeppelin-trampled-under-foot-7\u2033-black-friday-2025\/\" \/>\n<meta property=\"og:locale\" content=\"ca_ES\" \/>\n<meta property=\"og:type\" content=\"article\" \/>\n<meta property=\"og:title\" content=\"Led Zeppelin - \u201cTrampled Under Foot\u201d 7\u2033 (Black Friday 2025) - DISCOS REDONDOS\" \/>\n<meta property=\"og:description\" content=\"Led Zeppelin - \u201cTrampled Under Foot\u201d 7\u2033 (Black Friday 2025)\" \/>\n<meta property=\"og:url\" content=\"https:\/\/discos-redondos.es\/ca\/producte\/led-zeppelin-trampled-under-foot-7\u2033-black-friday-2025\/\" \/>\n<meta property=\"og:site_name\" content=\"DISCOS REDONDOS\" \/>\n<meta property=\"article:publisher\" content=\"https:\/\/www.facebook.com\/discosredondos45\" \/>\n<meta property=\"article:modified_time\" content=\"2026-01-27T18:39:30+00:00\" \/>\n<meta property=\"og:image\" content=\"https:\/\/discos-redondos.es\/wp-content\/uploads\/2025\/11\/Led-Zeppelin-Trampled-Under-Foot-7\u2033-BLACK-FRIDAY-2025.webp\" \/>\n\t<meta property=\"og:image:width\" content=\"550\" \/>\n\t<meta property=\"og:image:height\" content=\"550\" \/>\n\t<meta property=\"og:image:type\" content=\"image\/webp\" \/>\n<meta name=\"twitter:card\" content=\"summary_large_image\" \/>\n<meta name=\"twitter:label1\" content=\"Temps estimat de lectura\" \/>\n\t<meta name=\"twitter:data1\" content=\"1 minut\" \/>\n<script type=\"application\/ld+json\" class=\"yoast-schema-graph\">{\"@context\":\"https:\\\/\\\/schema.org\",\"@graph\":[{\"@type\":\"WebPage\",\"@id\":\"https:\\\/\\\/discos-redondos.es\\\/producto\\\/led-zeppelin-trampled-under-foot-7%e2%80%b3-black-friday-2025\",\"url\":\"https:\\\/\\\/discos-redondos.es\\\/producto\\\/led-zeppelin-trampled-under-foot-7%e2%80%b3-black-friday-2025\",\"name\":\"Led Zeppelin - \u201cTrampled Under Foot\u201d 7\u2033 (Black Friday 2025) - DISCOS REDONDOS\",\"isPartOf\":{\"@id\":\"https:\\\/\\\/discos-redondos.es\\\/#website\"},\"primaryImageOfPage\":{\"@id\":\"https:\\\/\\\/discos-redondos.es\\\/producto\\\/led-zeppelin-trampled-under-foot-7%e2%80%b3-black-friday-2025#primaryimage\"},\"image\":{\"@id\":\"https:\\\/\\\/discos-redondos.es\\\/producto\\\/led-zeppelin-trampled-under-foot-7%e2%80%b3-black-friday-2025#primaryimage\"},\"thumbnailUrl\":\"https:\\\/\\\/discos-redondos.es\\\/wp-content\\\/uploads\\\/2025\\\/11\\\/Led-Zeppelin-Trampled-Under-Foot-7\u2033-BLACK-FRIDAY-2025.webp\",\"datePublished\":\"2025-11-20T10:35:55+00:00\",\"dateModified\":\"2026-01-27T18:39:30+00:00\",\"description\":\"Led Zeppelin - \u201cTrampled Under Foot\u201d 7\u2033 (Black Friday 2025)\",\"breadcrumb\":{\"@id\":\"https:\\\/\\\/discos-redondos.es\\\/producto\\\/led-zeppelin-trampled-under-foot-7%e2%80%b3-black-friday-2025#breadcrumb\"},\"inLanguage\":\"ca\",\"potentialAction\":[{\"@type\":\"ReadAction\",\"target\":[\"https:\\\/\\\/discos-redondos.es\\\/producto\\\/led-zeppelin-trampled-under-foot-7%e2%80%b3-black-friday-2025\"]}]},{\"@type\":\"ImageObject\",\"inLanguage\":\"ca\",\"@id\":\"https:\\\/\\\/discos-redondos.es\\\/producto\\\/led-zeppelin-trampled-under-foot-7%e2%80%b3-black-friday-2025#primaryimage\",\"url\":\"https:\\\/\\\/discos-redondos.es\\\/wp-content\\\/uploads\\\/2025\\\/11\\\/Led-Zeppelin-Trampled-Under-Foot-7\u2033-BLACK-FRIDAY-2025.webp\",\"contentUrl\":\"https:\\\/\\\/discos-redondos.es\\\/wp-content\\\/uploads\\\/2025\\\/11\\\/Led-Zeppelin-Trampled-Under-Foot-7\u2033-BLACK-FRIDAY-2025.webp\",\"width\":550,\"height\":550,\"caption\":\"Led Zeppelin \u201cTrampled Under Foot\u201d 7\u2033 (BLACK FRIDAY 2025)\"},{\"@type\":\"BreadcrumbList\",\"@id\":\"https:\\\/\\\/discos-redondos.es\\\/producto\\\/led-zeppelin-trampled-under-foot-7%e2%80%b3-black-friday-2025#breadcrumb\",\"itemListElement\":[{\"@type\":\"ListItem\",\"position\":1,\"name\":\"Portada\",\"item\":\"https:\\\/\\\/discos-redondos.es\\\/\"},{\"@type\":\"ListItem\",\"position\":2,\"name\":\"Tienda\",\"item\":\"https:\\\/\\\/discos-redondos.es\\\/?page_id=487\"},{\"@type\":\"ListItem\",\"position\":3,\"name\":\"Led Zeppelin &#8211; \u201cTrampled Under Foot\u201d 7\u2033 (Black Friday 2025)\"}]},{\"@type\":\"WebSite\",\"@id\":\"https:\\\/\\\/discos-redondos.es\\\/#website\",\"url\":\"https:\\\/\\\/discos-redondos.es\\\/\",\"name\":\"Discos Redondos\",\"description\":\"Tu tienda de discos en Barcelona\",\"publisher\":{\"@id\":\"https:\\\/\\\/discos-redondos.es\\\/#organization\"},\"alternateName\":\"Discos Redondos\",\"potentialAction\":[{\"@type\":\"SearchAction\",\"target\":{\"@type\":\"EntryPoint\",\"urlTemplate\":\"https:\\\/\\\/discos-redondos.es\\\/?s={search_term_string}\"},\"query-input\":{\"@type\":\"PropertyValueSpecification\",\"valueRequired\":true,\"valueName\":\"search_term_string\"}}],\"inLanguage\":\"ca\"},{\"@type\":\"Organization\",\"@id\":\"https:\\\/\\\/discos-redondos.es\\\/#organization\",\"name\":\"Discos Redondos\",\"url\":\"https:\\\/\\\/discos-redondos.es\\\/\",\"logo\":{\"@type\":\"ImageObject\",\"inLanguage\":\"ca\",\"@id\":\"https:\\\/\\\/discos-redondos.es\\\/#\\\/schema\\\/logo\\\/image\\\/\",\"url\":\"https:\\\/\\\/discos-redondos.es\\\/wp-content\\\/uploads\\\/2023\\\/04\\\/aaff-logo-raval-1-1.jpg\",\"contentUrl\":\"https:\\\/\\\/discos-redondos.es\\\/wp-content\\\/uploads\\\/2023\\\/04\\\/aaff-logo-raval-1-1.jpg\",\"width\":2362,\"height\":1441,\"caption\":\"Discos Redondos\"},\"image\":{\"@id\":\"https:\\\/\\\/discos-redondos.es\\\/#\\\/schema\\\/logo\\\/image\\\/\"},\"sameAs\":[\"https:\\\/\\\/www.facebook.com\\\/discosredondos45\",\"https:\\\/\\\/www.instagram.com\\\/discos.redondos33\\\/?hl=es\",\"https:\\\/\\\/discos-redondos.bandcamp.com\\\/\"]}]}<\/script>\n<!-- \/ Yoast SEO plugin. -->","yoast_head_json":{"title":"Led Zeppelin - \u201cTrampled Under Foot\u201d 7\u2033 (Black Friday 2025) - DISCOS REDONDOS","description":"Led Zeppelin - \u201cTrampled Under Foot\u201d 7\u2033 (Black Friday 2025)","robots":{"index":"index","follow":"follow","max-snippet":"max-snippet:-1","max-image-preview":"max-image-preview:large","max-video-preview":"max-video-preview:-1"},"canonical":"https:\/\/discos-redondos.es\/ca\/producte\/led-zeppelin-trampled-under-foot-7\u2033-black-friday-2025\/","og_locale":"ca_ES","og_type":"article","og_title":"Led Zeppelin - \u201cTrampled Under Foot\u201d 7\u2033 (Black Friday 2025) - DISCOS REDONDOS","og_description":"Led Zeppelin - \u201cTrampled Under Foot\u201d 7\u2033 (Black Friday 2025)","og_url":"https:\/\/discos-redondos.es\/ca\/producte\/led-zeppelin-trampled-under-foot-7\u2033-black-friday-2025\/","og_site_name":"DISCOS REDONDOS","article_publisher":"https:\/\/www.facebook.com\/discosredondos45","article_modified_time":"2026-01-27T18:39:30+00:00","og_image":[{"width":550,"height":550,"url":"https:\/\/discos-redondos.es\/wp-content\/uploads\/2025\/11\/Led-Zeppelin-Trampled-Under-Foot-7\u2033-BLACK-FRIDAY-2025.webp","type":"image\/webp"}],"twitter_card":"summary_large_image","twitter_misc":{"Temps estimat de lectura":"1 minut"},"schema":{"@context":"https:\/\/schema.org","@graph":[{"@type":"WebPage","@id":"https:\/\/discos-redondos.es\/producto\/led-zeppelin-trampled-under-foot-7%e2%80%b3-black-friday-2025","url":"https:\/\/discos-redondos.es\/producto\/led-zeppelin-trampled-under-foot-7%e2%80%b3-black-friday-2025","name":"Led Zeppelin - \u201cTrampled Under Foot\u201d 7\u2033 (Black Friday 2025) - DISCOS REDONDOS","isPartOf":{"@id":"https:\/\/discos-redondos.es\/#website"},"primaryImageOfPage":{"@id":"https:\/\/discos-redondos.es\/producto\/led-zeppelin-trampled-under-foot-7%e2%80%b3-black-friday-2025#primaryimage"},"image":{"@id":"https:\/\/discos-redondos.es\/producto\/led-zeppelin-trampled-under-foot-7%e2%80%b3-black-friday-2025#primaryimage"},"thumbnailUrl":"https:\/\/discos-redondos.es\/wp-content\/uploads\/2025\/11\/Led-Zeppelin-Trampled-Under-Foot-7\u2033-BLACK-FRIDAY-2025.webp","datePublished":"2025-11-20T10:35:55+00:00","dateModified":"2026-01-27T18:39:30+00:00","description":"Led Zeppelin - \u201cTrampled Under Foot\u201d 7\u2033 (Black Friday 2025)","breadcrumb":{"@id":"https:\/\/discos-redondos.es\/producto\/led-zeppelin-trampled-under-foot-7%e2%80%b3-black-friday-2025#breadcrumb"},"inLanguage":"ca","potentialAction":[{"@type":"ReadAction","target":["https:\/\/discos-redondos.es\/producto\/led-zeppelin-trampled-under-foot-7%e2%80%b3-black-friday-2025"]}]},{"@type":"ImageObject","inLanguage":"ca","@id":"https:\/\/discos-redondos.es\/producto\/led-zeppelin-trampled-under-foot-7%e2%80%b3-black-friday-2025#primaryimage","url":"https:\/\/discos-redondos.es\/wp-content\/uploads\/2025\/11\/Led-Zeppelin-Trampled-Under-Foot-7\u2033-BLACK-FRIDAY-2025.webp","contentUrl":"https:\/\/discos-redondos.es\/wp-content\/uploads\/2025\/11\/Led-Zeppelin-Trampled-Under-Foot-7\u2033-BLACK-FRIDAY-2025.webp","width":550,"height":550,"caption":"Led Zeppelin \u201cTrampled Under Foot\u201d 7\u2033 (BLACK FRIDAY 2025)"},{"@type":"BreadcrumbList","@id":"https:\/\/discos-redondos.es\/producto\/led-zeppelin-trampled-under-foot-7%e2%80%b3-black-friday-2025#breadcrumb","itemListElement":[{"@type":"ListItem","position":1,"name":"Portada","item":"https:\/\/discos-redondos.es\/"},{"@type":"ListItem","position":2,"name":"Tienda","item":"https:\/\/discos-redondos.es\/?page_id=487"},{"@type":"ListItem","position":3,"name":"Led Zeppelin &#8211; \u201cTrampled Under Foot\u201d 7\u2033 (Black Friday 2025)"}]},{"@type":"WebSite","@id":"https:\/\/discos-redondos.es\/#website","url":"https:\/\/discos-redondos.es\/","name":"Discos Redondos","description":"La teva botiga de discos a Barcelona","publisher":{"@id":"https:\/\/discos-redondos.es\/#organization"},"alternateName":"Discos Redondos","potentialAction":[{"@type":"SearchAction","target":{"@type":"EntryPoint","urlTemplate":"https:\/\/discos-redondos.es\/?s={search_term_string}"},"query-input":{"@type":"PropertyValueSpecification","valueRequired":true,"valueName":"search_term_string"}}],"inLanguage":"ca"},{"@type":"Organization","@id":"https:\/\/discos-redondos.es\/#organization","name":"Discos Redondos","url":"https:\/\/discos-redondos.es\/","logo":{"@type":"ImageObject","inLanguage":"ca","@id":"https:\/\/discos-redondos.es\/#\/schema\/logo\/image\/","url":"https:\/\/discos-redondos.es\/wp-content\/uploads\/2023\/04\/aaff-logo-raval-1-1.jpg","contentUrl":"https:\/\/discos-redondos.es\/wp-content\/uploads\/2023\/04\/aaff-logo-raval-1-1.jpg","width":2362,"height":1441,"caption":"Discos Redondos"},"image":{"@id":"https:\/\/discos-redondos.es\/#\/schema\/logo\/image\/"},"sameAs":["https:\/\/www.facebook.com\/discosredondos45","https:\/\/www.instagram.com\/discos.redondos33\/?hl=es","https:\/\/discos-redondos.bandcamp.com\/"]}]}},"jetpack_sharing_enabled":true,"_links":{"self":[{"href":"https:\/\/discos-redondos.es\/ca\/wp-json\/wp\/v2\/product\/12163","targetHints":{"allow":["GET"]}}],"collection":[{"href":"https:\/\/discos-redondos.es\/ca\/wp-json\/wp\/v2\/product"}],"about":[{"href":"https:\/\/discos-redondos.es\/ca\/wp-json\/wp\/v2\/types\/product"}],"wp:featuredmedia":[{"embeddable":true,"href":"https:\/\/discos-redondos.es\/ca\/wp-json\/wp\/v2\/media\/12164"}],"wp:attachment":[{"href":"https:\/\/discos-redondos.es\/ca\/wp-json\/wp\/v2\/media?parent=12163"}],"wp:term":[{"taxonomy":"product_brand","embeddable":true,"href":"https:\/\/discos-redondos.es\/ca\/wp-json\/wp\/v2\/product_brand?post=12163"},{"taxonomy":"product_cat","embeddable":true,"href":"https:\/\/discos-redondos.es\/ca\/wp-json\/wp\/v2\/product_cat?post=12163"},{"taxonomy":"product_tag","embeddable":true,"href":"https:\/\/discos-redondos.es\/ca\/wp-json\/wp\/v2\/product_tag?post=12163"}],"curies":[{"name":"wp","href":"https:\/\/api.w.org\/{rel}","templated":true}]}}