{"id":12169,"date":"2025-11-20T11:11:24","date_gmt":"2025-11-20T11:11:24","guid":{"rendered":"https:\/\/discos-redondos.es\/?post_type=product&#038;p=12169"},"modified":"2026-03-26T16:00:30","modified_gmt":"2026-03-26T16:00:30","slug":"talking-heads-tentative-decisions-1974-1976-black-friday-2025","status":"publish","type":"product","link":"https:\/\/discos-redondos.es\/ca\/producte\/talking-heads-tentative-decisions-1974-1976-black-friday-2025","title":{"rendered":"Talking Heads &#8211; Tentative Decisions: 1974-1976 (Black Friday 2025)"},"content":{"rendered":"<p><strong>Talking Heads &#8211; Tentative Decisions: 1974-1976 (Black Friday 2025)<\/strong><\/p>\n<p><strong>Tracklist<\/strong><\/p>\n<p>1.- Psycho Killer (September 1975 Demo)<br \/>\n2.- Tentative Decisions(September 1975 Demo)<br \/>\n3.- No Compassion (September 1975 Demo)<br \/>\n4.- WarningSign (September 1975 Demo)<br \/>\n5.- I&#8217;mNot in Love(1976 Demo)<br \/>\n6.- Thank You for SendingMean Angel (1976 Demo)<br \/>\n7.- The Book I Read (1976 Demo)<br \/>\n8.- I Wish YouWouldn&#8217;t Say That (1976 Demo)<br \/>\n9.- Love Goesto a Building on Fire(1976 Demo)<br \/>\n10.- Happy Day (1976 Demo)<br \/>\n11.- ArtistsOnly (Liveat the Lower Manhattan Ocean Club, NewYork, NY, 8\/17\/76)<br \/>\n12.- Psycho Killer<br \/>\n13.- Warning Sign<\/p>\n<p>Los miembros de Talking Heads, Chris Frantz y David Byrne, se conocieron cuando eran estudiantes en la Escuela de Dise\u00f1o de Rhode Island y tocaban en una banda universitaria llamada The Artistics. En el semestre de primavera de 1974, la banda se reuni\u00f3 en el apartamento de Frantz en Benefit Street para grabar una maqueta. El cassette inclu\u00eda temas que pronto se convertir\u00edan en cl\u00e1sicos de la discograf\u00eda de Talking Heads: \u00abWarning Sign\u00bb y \u00abPsycho Killer\u00bb. Esta colecci\u00f3n para el RSD Black Friday incluye este material reci\u00e9n descubierto, junto con otras once canciones demo y en directo grabadas por la formaci\u00f3n original del tr\u00edo (la bajista Tina Weymouth junto a Frantz y Byrne) en 1975 y 1976.<\/p>\n<p>&nbsp;<\/p>\n<p>&nbsp;<\/p>","protected":false},"excerpt":{"rendered":"<p>LP + 7&#8243; en vinilo transparente, Warner Music \/ Rhino 0081227809003<\/p>\n<p>Black Friday \/\/ Record Store Day 2025<\/p>","protected":false},"featured_media":12170,"template":"","meta":[],"product_brand":[123],"product_cat":[119,91,117],"product_tag":[],"class_list":{"0":"post-12169","1":"product","2":"type-product","3":"status-publish","4":"has-post-thumbnail","6":"product_brand-warner-music","7":"product_cat-vinilos-ofertas","8":"product_cat-record-store-day","9":"product_cat-rock-pop-indie","11":"first","12":"instock","13":"sale","14":"taxable","15":"shipping-taxable","16":"purchasable","17":"product-type-simple"},"yoast_head":"<!-- This site is optimized with the Yoast SEO plugin v27.5 - https:\/\/yoast.com\/product\/yoast-seo-wordpress\/ -->\n<title>Talking Heads - Tentative Decisions: 1974-1976 (Black Friday 2025) - DISCOS REDONDOS<\/title>\n<meta name=\"description\" content=\"Talking Heads - Tentative Decisions: 1974-1976 (Black Friday 2025)\" \/>\n<meta name=\"robots\" content=\"index, follow, max-snippet:-1, max-image-preview:large, max-video-preview:-1\" \/>\n<link rel=\"canonical\" href=\"https:\/\/discos-redondos.es\/ca\/producte\/talking-heads-tentative-decisions-1974-1976-black-friday-2025\/\" \/>\n<meta property=\"og:locale\" content=\"ca_ES\" \/>\n<meta property=\"og:type\" content=\"article\" \/>\n<meta property=\"og:title\" content=\"Talking Heads - Tentative Decisions: 1974-1976 (Black Friday 2025) - DISCOS REDONDOS\" \/>\n<meta property=\"og:description\" content=\"Talking Heads - Tentative Decisions: 1974-1976 (Black Friday 2025)\" \/>\n<meta property=\"og:url\" content=\"https:\/\/discos-redondos.es\/ca\/producte\/talking-heads-tentative-decisions-1974-1976-black-friday-2025\/\" \/>\n<meta property=\"og:site_name\" content=\"DISCOS REDONDOS\" \/>\n<meta property=\"article:publisher\" content=\"https:\/\/www.facebook.com\/discosredondos45\" \/>\n<meta property=\"article:modified_time\" content=\"2026-03-26T16:00:30+00:00\" \/>\n<meta property=\"og:image\" content=\"https:\/\/discos-redondos.es\/wp-content\/uploads\/2025\/11\/Talking-Heads.webp\" \/>\n\t<meta property=\"og:image:width\" content=\"970\" \/>\n\t<meta property=\"og:image:height\" content=\"970\" \/>\n\t<meta property=\"og:image:type\" content=\"image\/webp\" \/>\n<meta name=\"twitter:card\" content=\"summary_large_image\" \/>\n<meta name=\"twitter:label1\" content=\"Temps estimat de lectura\" \/>\n\t<meta name=\"twitter:data1\" content=\"2 minuts\" \/>\n<script type=\"application\/ld+json\" class=\"yoast-schema-graph\">{\"@context\":\"https:\\\/\\\/schema.org\",\"@graph\":[{\"@type\":\"WebPage\",\"@id\":\"https:\\\/\\\/discos-redondos.es\\\/producto\\\/talking-heads-tentative-decisions-1974-1976-black-friday-2025\",\"url\":\"https:\\\/\\\/discos-redondos.es\\\/producto\\\/talking-heads-tentative-decisions-1974-1976-black-friday-2025\",\"name\":\"Talking Heads - Tentative Decisions: 1974-1976 (Black Friday 2025) - DISCOS REDONDOS\",\"isPartOf\":{\"@id\":\"https:\\\/\\\/discos-redondos.es\\\/#website\"},\"primaryImageOfPage\":{\"@id\":\"https:\\\/\\\/discos-redondos.es\\\/producto\\\/talking-heads-tentative-decisions-1974-1976-black-friday-2025#primaryimage\"},\"image\":{\"@id\":\"https:\\\/\\\/discos-redondos.es\\\/producto\\\/talking-heads-tentative-decisions-1974-1976-black-friday-2025#primaryimage\"},\"thumbnailUrl\":\"https:\\\/\\\/discos-redondos.es\\\/wp-content\\\/uploads\\\/2025\\\/11\\\/Talking-Heads.webp\",\"datePublished\":\"2025-11-20T11:11:24+00:00\",\"dateModified\":\"2026-03-26T16:00:30+00:00\",\"description\":\"Talking Heads - Tentative Decisions: 1974-1976 (Black Friday 2025)\",\"breadcrumb\":{\"@id\":\"https:\\\/\\\/discos-redondos.es\\\/producto\\\/talking-heads-tentative-decisions-1974-1976-black-friday-2025#breadcrumb\"},\"inLanguage\":\"ca\",\"potentialAction\":[{\"@type\":\"ReadAction\",\"target\":[\"https:\\\/\\\/discos-redondos.es\\\/producto\\\/talking-heads-tentative-decisions-1974-1976-black-friday-2025\"]}]},{\"@type\":\"ImageObject\",\"inLanguage\":\"ca\",\"@id\":\"https:\\\/\\\/discos-redondos.es\\\/producto\\\/talking-heads-tentative-decisions-1974-1976-black-friday-2025#primaryimage\",\"url\":\"https:\\\/\\\/discos-redondos.es\\\/wp-content\\\/uploads\\\/2025\\\/11\\\/Talking-Heads.webp\",\"contentUrl\":\"https:\\\/\\\/discos-redondos.es\\\/wp-content\\\/uploads\\\/2025\\\/11\\\/Talking-Heads.webp\",\"width\":970,\"height\":970,\"caption\":\"Talking Heads - Tentative Decisions: 1974-1976 (Black Friday 2025)\"},{\"@type\":\"BreadcrumbList\",\"@id\":\"https:\\\/\\\/discos-redondos.es\\\/producto\\\/talking-heads-tentative-decisions-1974-1976-black-friday-2025#breadcrumb\",\"itemListElement\":[{\"@type\":\"ListItem\",\"position\":1,\"name\":\"Portada\",\"item\":\"https:\\\/\\\/discos-redondos.es\\\/\"},{\"@type\":\"ListItem\",\"position\":2,\"name\":\"Tienda\",\"item\":\"https:\\\/\\\/discos-redondos.es\\\/?page_id=487\"},{\"@type\":\"ListItem\",\"position\":3,\"name\":\"Talking Heads &#8211; Tentative Decisions: 1974-1976 (Black Friday 2025)\"}]},{\"@type\":\"WebSite\",\"@id\":\"https:\\\/\\\/discos-redondos.es\\\/#website\",\"url\":\"https:\\\/\\\/discos-redondos.es\\\/\",\"name\":\"Discos Redondos\",\"description\":\"Tu tienda de discos en Barcelona\",\"publisher\":{\"@id\":\"https:\\\/\\\/discos-redondos.es\\\/#organization\"},\"alternateName\":\"Discos Redondos\",\"potentialAction\":[{\"@type\":\"SearchAction\",\"target\":{\"@type\":\"EntryPoint\",\"urlTemplate\":\"https:\\\/\\\/discos-redondos.es\\\/?s={search_term_string}\"},\"query-input\":{\"@type\":\"PropertyValueSpecification\",\"valueRequired\":true,\"valueName\":\"search_term_string\"}}],\"inLanguage\":\"ca\"},{\"@type\":\"Organization\",\"@id\":\"https:\\\/\\\/discos-redondos.es\\\/#organization\",\"name\":\"Discos Redondos\",\"url\":\"https:\\\/\\\/discos-redondos.es\\\/\",\"logo\":{\"@type\":\"ImageObject\",\"inLanguage\":\"ca\",\"@id\":\"https:\\\/\\\/discos-redondos.es\\\/#\\\/schema\\\/logo\\\/image\\\/\",\"url\":\"https:\\\/\\\/discos-redondos.es\\\/wp-content\\\/uploads\\\/2023\\\/04\\\/aaff-logo-raval-1-1.jpg\",\"contentUrl\":\"https:\\\/\\\/discos-redondos.es\\\/wp-content\\\/uploads\\\/2023\\\/04\\\/aaff-logo-raval-1-1.jpg\",\"width\":2362,\"height\":1441,\"caption\":\"Discos Redondos\"},\"image\":{\"@id\":\"https:\\\/\\\/discos-redondos.es\\\/#\\\/schema\\\/logo\\\/image\\\/\"},\"sameAs\":[\"https:\\\/\\\/www.facebook.com\\\/discosredondos45\",\"https:\\\/\\\/www.instagram.com\\\/discos.redondos33\\\/?hl=es\",\"https:\\\/\\\/discos-redondos.bandcamp.com\\\/\"]}]}<\/script>\n<!-- \/ Yoast SEO plugin. -->","yoast_head_json":{"title":"Talking Heads - Tentative Decisions: 1974-1976 (Black Friday 2025) - DISCOS REDONDOS","description":"Talking Heads - Tentative Decisions: 1974-1976 (Black Friday 2025)","robots":{"index":"index","follow":"follow","max-snippet":"max-snippet:-1","max-image-preview":"max-image-preview:large","max-video-preview":"max-video-preview:-1"},"canonical":"https:\/\/discos-redondos.es\/ca\/producte\/talking-heads-tentative-decisions-1974-1976-black-friday-2025\/","og_locale":"ca_ES","og_type":"article","og_title":"Talking Heads - Tentative Decisions: 1974-1976 (Black Friday 2025) - DISCOS REDONDOS","og_description":"Talking Heads - Tentative Decisions: 1974-1976 (Black Friday 2025)","og_url":"https:\/\/discos-redondos.es\/ca\/producte\/talking-heads-tentative-decisions-1974-1976-black-friday-2025\/","og_site_name":"DISCOS REDONDOS","article_publisher":"https:\/\/www.facebook.com\/discosredondos45","article_modified_time":"2026-03-26T16:00:30+00:00","og_image":[{"width":970,"height":970,"url":"https:\/\/discos-redondos.es\/wp-content\/uploads\/2025\/11\/Talking-Heads.webp","type":"image\/webp"}],"twitter_card":"summary_large_image","twitter_misc":{"Temps estimat de lectura":"2 minuts"},"schema":{"@context":"https:\/\/schema.org","@graph":[{"@type":"WebPage","@id":"https:\/\/discos-redondos.es\/producto\/talking-heads-tentative-decisions-1974-1976-black-friday-2025","url":"https:\/\/discos-redondos.es\/producto\/talking-heads-tentative-decisions-1974-1976-black-friday-2025","name":"Talking Heads - Tentative Decisions: 1974-1976 (Black Friday 2025) - DISCOS REDONDOS","isPartOf":{"@id":"https:\/\/discos-redondos.es\/#website"},"primaryImageOfPage":{"@id":"https:\/\/discos-redondos.es\/producto\/talking-heads-tentative-decisions-1974-1976-black-friday-2025#primaryimage"},"image":{"@id":"https:\/\/discos-redondos.es\/producto\/talking-heads-tentative-decisions-1974-1976-black-friday-2025#primaryimage"},"thumbnailUrl":"https:\/\/discos-redondos.es\/wp-content\/uploads\/2025\/11\/Talking-Heads.webp","datePublished":"2025-11-20T11:11:24+00:00","dateModified":"2026-03-26T16:00:30+00:00","description":"Talking Heads - Tentative Decisions: 1974-1976 (Black Friday 2025)","breadcrumb":{"@id":"https:\/\/discos-redondos.es\/producto\/talking-heads-tentative-decisions-1974-1976-black-friday-2025#breadcrumb"},"inLanguage":"ca","potentialAction":[{"@type":"ReadAction","target":["https:\/\/discos-redondos.es\/producto\/talking-heads-tentative-decisions-1974-1976-black-friday-2025"]}]},{"@type":"ImageObject","inLanguage":"ca","@id":"https:\/\/discos-redondos.es\/producto\/talking-heads-tentative-decisions-1974-1976-black-friday-2025#primaryimage","url":"https:\/\/discos-redondos.es\/wp-content\/uploads\/2025\/11\/Talking-Heads.webp","contentUrl":"https:\/\/discos-redondos.es\/wp-content\/uploads\/2025\/11\/Talking-Heads.webp","width":970,"height":970,"caption":"Talking Heads - Tentative Decisions: 1974-1976 (Black Friday 2025)"},{"@type":"BreadcrumbList","@id":"https:\/\/discos-redondos.es\/producto\/talking-heads-tentative-decisions-1974-1976-black-friday-2025#breadcrumb","itemListElement":[{"@type":"ListItem","position":1,"name":"Portada","item":"https:\/\/discos-redondos.es\/"},{"@type":"ListItem","position":2,"name":"Tienda","item":"https:\/\/discos-redondos.es\/?page_id=487"},{"@type":"ListItem","position":3,"name":"Talking Heads &#8211; Tentative Decisions: 1974-1976 (Black Friday 2025)"}]},{"@type":"WebSite","@id":"https:\/\/discos-redondos.es\/#website","url":"https:\/\/discos-redondos.es\/","name":"Discos Redondos","description":"La teva botiga de discos a Barcelona","publisher":{"@id":"https:\/\/discos-redondos.es\/#organization"},"alternateName":"Discos Redondos","potentialAction":[{"@type":"SearchAction","target":{"@type":"EntryPoint","urlTemplate":"https:\/\/discos-redondos.es\/?s={search_term_string}"},"query-input":{"@type":"PropertyValueSpecification","valueRequired":true,"valueName":"search_term_string"}}],"inLanguage":"ca"},{"@type":"Organization","@id":"https:\/\/discos-redondos.es\/#organization","name":"Discos Redondos","url":"https:\/\/discos-redondos.es\/","logo":{"@type":"ImageObject","inLanguage":"ca","@id":"https:\/\/discos-redondos.es\/#\/schema\/logo\/image\/","url":"https:\/\/discos-redondos.es\/wp-content\/uploads\/2023\/04\/aaff-logo-raval-1-1.jpg","contentUrl":"https:\/\/discos-redondos.es\/wp-content\/uploads\/2023\/04\/aaff-logo-raval-1-1.jpg","width":2362,"height":1441,"caption":"Discos Redondos"},"image":{"@id":"https:\/\/discos-redondos.es\/#\/schema\/logo\/image\/"},"sameAs":["https:\/\/www.facebook.com\/discosredondos45","https:\/\/www.instagram.com\/discos.redondos33\/?hl=es","https:\/\/discos-redondos.bandcamp.com\/"]}]}},"_links":{"self":[{"href":"https:\/\/discos-redondos.es\/ca\/wp-json\/wp\/v2\/product\/12169","targetHints":{"allow":["GET"]}}],"collection":[{"href":"https:\/\/discos-redondos.es\/ca\/wp-json\/wp\/v2\/product"}],"about":[{"href":"https:\/\/discos-redondos.es\/ca\/wp-json\/wp\/v2\/types\/product"}],"wp:featuredmedia":[{"embeddable":true,"href":"https:\/\/discos-redondos.es\/ca\/wp-json\/wp\/v2\/media\/12170"}],"wp:attachment":[{"href":"https:\/\/discos-redondos.es\/ca\/wp-json\/wp\/v2\/media?parent=12169"}],"wp:term":[{"taxonomy":"product_brand","embeddable":true,"href":"https:\/\/discos-redondos.es\/ca\/wp-json\/wp\/v2\/product_brand?post=12169"},{"taxonomy":"product_cat","embeddable":true,"href":"https:\/\/discos-redondos.es\/ca\/wp-json\/wp\/v2\/product_cat?post=12169"},{"taxonomy":"product_tag","embeddable":true,"href":"https:\/\/discos-redondos.es\/ca\/wp-json\/wp\/v2\/product_tag?post=12169"}],"curies":[{"name":"wp","href":"https:\/\/api.w.org\/{rel}","templated":true}]}}