{"id":12375,"date":"2025-12-17T16:33:00","date_gmt":"2025-12-17T16:33:00","guid":{"rendered":"https:\/\/discos-redondos.es\/?post_type=product&#038;p=12375"},"modified":"2025-12-18T13:02:53","modified_gmt":"2025-12-18T13:02:53","slug":"bill-evans-trio-waltz-for-debby","status":"publish","type":"product","link":"https:\/\/discos-redondos.es\/ca\/producte\/bill-evans-trio-waltz-for-debby","title":{"rendered":"Bill Evans Trio &#8211; Waltz For Debby"},"content":{"rendered":"<p><strong>Bill Evans Trio &#8211; Waltz For Debby<\/strong><\/p>\n<p><strong>Tracklist<\/strong><\/p>\n<table class=\"tracklist_ZdQ0I\">\n<tbody>\n<tr data-track-position=\"A1\">\n<td class=\"trackPos_n8vad\"><span class=\"MuiTypography-root MuiTypography-labelSmall css-1kybk0l\">A1<\/span><\/td>\n<td class=\"artist_VsG56\"><\/td>\n<td class=\"trackTitle_loyWF\"><span class=\"MuiTypography-root MuiTypography-labelSmall css-1kybk0l\"><span class=\"trackTitle_loyWF\">My Foolish Heart<\/span><\/span><\/td>\n<td class=\"duration_GhhxK\"><span class=\"MuiTypography-root MuiTypography-labelSmall css-1kybk0l\">4:56<\/span><\/td>\n<\/tr>\n<tr data-track-position=\"A2\">\n<td class=\"trackPos_n8vad\"><span class=\"MuiTypography-root MuiTypography-labelSmall css-1kybk0l\">A2<\/span><\/td>\n<td class=\"artist_VsG56\"><\/td>\n<td class=\"trackTitle_loyWF\"><span class=\"MuiTypography-root MuiTypography-labelSmall css-1kybk0l\"><span class=\"trackTitle_loyWF\">Waltz For Debby<\/span><\/span><\/td>\n<td class=\"duration_GhhxK\"><span class=\"MuiTypography-root MuiTypography-labelSmall css-1kybk0l\">6:54<\/span><\/td>\n<\/tr>\n<tr data-track-position=\"A3\">\n<td class=\"trackPos_n8vad\"><span class=\"MuiTypography-root MuiTypography-labelSmall css-1kybk0l\">A3<\/span><\/td>\n<td class=\"artist_VsG56\"><\/td>\n<td class=\"trackTitle_loyWF\"><span class=\"MuiTypography-root MuiTypography-labelSmall css-1kybk0l\"><span class=\"trackTitle_loyWF\">Detour Ahead<\/span><\/span><\/td>\n<td class=\"duration_GhhxK\"><span class=\"MuiTypography-root MuiTypography-labelSmall css-1kybk0l\">7:35<\/span><\/td>\n<\/tr>\n<tr data-track-position=\"B1\">\n<td class=\"trackPos_n8vad\"><span class=\"MuiTypography-root MuiTypography-labelSmall css-1kybk0l\">B1<\/span><\/td>\n<td class=\"artist_VsG56\"><\/td>\n<td class=\"trackTitle_loyWF\"><span class=\"MuiTypography-root MuiTypography-labelSmall css-1kybk0l\"><span class=\"trackTitle_loyWF\">My Romance<\/span><\/span><\/td>\n<td class=\"duration_GhhxK\"><span class=\"MuiTypography-root MuiTypography-labelSmall css-1kybk0l\">7:11<\/span><\/td>\n<\/tr>\n<tr data-track-position=\"B2\">\n<td class=\"trackPos_n8vad\"><span class=\"MuiTypography-root MuiTypography-labelSmall css-1kybk0l\">B2<\/span><\/td>\n<td class=\"artist_VsG56\"><\/td>\n<td class=\"trackTitle_loyWF\"><span class=\"MuiTypography-root MuiTypography-labelSmall css-1kybk0l\"><span class=\"trackTitle_loyWF\">Some Other Time<\/span><\/span><\/td>\n<td class=\"duration_GhhxK\"><span class=\"MuiTypography-root MuiTypography-labelSmall css-1kybk0l\">5:02<\/span><\/td>\n<\/tr>\n<tr data-track-position=\"B3\">\n<td class=\"trackPos_n8vad\"><span class=\"MuiTypography-root MuiTypography-labelSmall css-1kybk0l\">B3<\/span><\/td>\n<td class=\"artist_VsG56\"><\/td>\n<td class=\"trackTitle_loyWF\"><span class=\"MuiTypography-root MuiTypography-labelSmall css-1kybk0l\"><span class=\"trackTitle_loyWF\">Milestones<\/span><\/span><\/td>\n<td class=\"duration_GhhxK\"><span class=\"MuiTypography-root MuiTypography-labelSmall css-1kybk0l\">6:37<\/span><\/td>\n<\/tr>\n<\/tbody>\n<\/table>\n<p>&nbsp;<\/p>\n<p><iframe loading=\"lazy\" title=\"Bill Evans Trio - Waltz For Debby (Official Visualizer)\" width=\"832\" height=\"468\" src=\"https:\/\/www.youtube.com\/embed\/wCINvavqFXk?feature=oembed\" frameborder=\"0\" allow=\"accelerometer; autoplay; clipboard-write; encrypted-media; gyroscope; picture-in-picture; web-share\" referrerpolicy=\"strict-origin-when-cross-origin\" allowfullscreen><\/iframe><\/p>\n<p>&nbsp;<\/p>\n<p>Edici\u00f3n vinilo remasterizado del cuarto y \u00faltimo \u00e1lbum del Bill Evans Trio, &#8216;Waltz For Debby&#8217;, a trav\u00e9s de Craft Recordings \/ Concord.<\/p>\n<p>Originalmente publicado en 1962 por Riverside, las seis canciones que lo conforman se grabaron en directo en el Village Vanguard el 25 de junio de 1961, la misma noche que se registraron las sesiones de Sunday At The Village Vanguard y poco antes del fallecimiento del bajista Scott LaFaro que, junto al bater\u00eda Paul Motian formaron el tr\u00edo de Evans<\/p>\n<p>Pocos discos en los anales del jazz en formaci\u00f3n de tr\u00edo con el piano como protagonista han logrado una ejecuci\u00f3n tan brillante hasta la fecha. Masterizaci\u00f3n y transfer de manera completamente anal\u00f3gica desde las cintas originales a cargo de Kevin Gray en Cohearent Audio. Prensado en vinilo 180g en la legendaria planta RTI. Todo envuelto en portada Tip-On con Obi para la renovada serie Original Jazz Classics.<\/p>","protected":false},"excerpt":{"rendered":"<p>Craft Recordings, Riverside Records,\u00a0 Original Jazz Classics \u2013 CR00617, 0888072504844<\/p>\n<p>LP en vinilo negro de 180 gramos y carpeta sencilla con OBI<\/p>","protected":false},"featured_media":12376,"template":"","meta":[],"product_brand":[],"product_cat":[77],"product_tag":[],"class_list":{"0":"post-12375","1":"product","2":"type-product","3":"status-publish","4":"has-post-thumbnail","6":"product_cat-jazz","8":"first","9":"outofstock","10":"taxable","11":"shipping-taxable","12":"purchasable","13":"product-type-simple"},"yoast_head":"<!-- This site is optimized with the Yoast SEO plugin v27.5 - https:\/\/yoast.com\/product\/yoast-seo-wordpress\/ -->\n<title>Bill Evans Trio - Waltz For Debby - DISCOS REDONDOS<\/title>\n<meta name=\"description\" content=\"Bill Evans Trio - Waltz For Debby Craft Recordings, Riverside Records,\u00a0 Original Jazz Classics \u2013 CR00617, 0888072504844 LP en vinilo negro de 180 gramos\" \/>\n<meta name=\"robots\" content=\"index, follow, max-snippet:-1, max-image-preview:large, max-video-preview:-1\" \/>\n<link rel=\"canonical\" href=\"https:\/\/discos-redondos.es\/ca\/producte\/bill-evans-trio-waltz-for-debby\/\" \/>\n<meta property=\"og:locale\" content=\"ca_ES\" \/>\n<meta property=\"og:type\" content=\"article\" \/>\n<meta property=\"og:title\" content=\"Bill Evans Trio - Waltz For Debby - DISCOS REDONDOS\" \/>\n<meta property=\"og:description\" content=\"Bill Evans Trio - Waltz For Debby Craft Recordings, Riverside Records,\u00a0 Original Jazz Classics \u2013 CR00617, 0888072504844 LP en vinilo negro de 180 gramos\" \/>\n<meta property=\"og:url\" content=\"https:\/\/discos-redondos.es\/ca\/producte\/bill-evans-trio-waltz-for-debby\/\" \/>\n<meta property=\"og:site_name\" content=\"DISCOS REDONDOS\" \/>\n<meta property=\"article:publisher\" content=\"https:\/\/www.facebook.com\/discosredondos45\" \/>\n<meta property=\"article:modified_time\" content=\"2025-12-18T13:02:53+00:00\" \/>\n<meta property=\"og:image\" content=\"https:\/\/discos-redondos.es\/wp-content\/uploads\/2025\/12\/Bill-Evans-Trio-Waltz-For-Debby.jpg\" \/>\n\t<meta property=\"og:image:width\" content=\"600\" \/>\n\t<meta property=\"og:image:height\" content=\"597\" \/>\n\t<meta property=\"og:image:type\" content=\"image\/jpeg\" \/>\n<meta name=\"twitter:card\" content=\"summary_large_image\" \/>\n<meta name=\"twitter:label1\" content=\"Temps estimat de lectura\" \/>\n\t<meta name=\"twitter:data1\" content=\"2 minuts\" \/>\n<script type=\"application\/ld+json\" class=\"yoast-schema-graph\">{\"@context\":\"https:\\\/\\\/schema.org\",\"@graph\":[{\"@type\":\"WebPage\",\"@id\":\"https:\\\/\\\/discos-redondos.es\\\/producto\\\/bill-evans-trio-waltz-for-debby\",\"url\":\"https:\\\/\\\/discos-redondos.es\\\/producto\\\/bill-evans-trio-waltz-for-debby\",\"name\":\"Bill Evans Trio - Waltz For Debby - DISCOS REDONDOS\",\"isPartOf\":{\"@id\":\"https:\\\/\\\/discos-redondos.es\\\/#website\"},\"primaryImageOfPage\":{\"@id\":\"https:\\\/\\\/discos-redondos.es\\\/producto\\\/bill-evans-trio-waltz-for-debby#primaryimage\"},\"image\":{\"@id\":\"https:\\\/\\\/discos-redondos.es\\\/producto\\\/bill-evans-trio-waltz-for-debby#primaryimage\"},\"thumbnailUrl\":\"https:\\\/\\\/discos-redondos.es\\\/wp-content\\\/uploads\\\/2025\\\/12\\\/Bill-Evans-Trio-Waltz-For-Debby.jpg\",\"datePublished\":\"2025-12-17T16:33:00+00:00\",\"dateModified\":\"2025-12-18T13:02:53+00:00\",\"description\":\"Bill Evans Trio - Waltz For Debby Craft Recordings, Riverside Records,\u00a0 Original Jazz Classics \u2013 CR00617, 0888072504844 LP en vinilo negro de 180 gramos\",\"breadcrumb\":{\"@id\":\"https:\\\/\\\/discos-redondos.es\\\/producto\\\/bill-evans-trio-waltz-for-debby#breadcrumb\"},\"inLanguage\":\"ca\",\"potentialAction\":[{\"@type\":\"ReadAction\",\"target\":[\"https:\\\/\\\/discos-redondos.es\\\/producto\\\/bill-evans-trio-waltz-for-debby\"]}]},{\"@type\":\"ImageObject\",\"inLanguage\":\"ca\",\"@id\":\"https:\\\/\\\/discos-redondos.es\\\/producto\\\/bill-evans-trio-waltz-for-debby#primaryimage\",\"url\":\"https:\\\/\\\/discos-redondos.es\\\/wp-content\\\/uploads\\\/2025\\\/12\\\/Bill-Evans-Trio-Waltz-For-Debby.jpg\",\"contentUrl\":\"https:\\\/\\\/discos-redondos.es\\\/wp-content\\\/uploads\\\/2025\\\/12\\\/Bill-Evans-Trio-Waltz-For-Debby.jpg\",\"width\":600,\"height\":597,\"caption\":\"Bill Evans Trio - Waltz For Debby\"},{\"@type\":\"BreadcrumbList\",\"@id\":\"https:\\\/\\\/discos-redondos.es\\\/producto\\\/bill-evans-trio-waltz-for-debby#breadcrumb\",\"itemListElement\":[{\"@type\":\"ListItem\",\"position\":1,\"name\":\"Portada\",\"item\":\"https:\\\/\\\/discos-redondos.es\\\/\"},{\"@type\":\"ListItem\",\"position\":2,\"name\":\"Tienda\",\"item\":\"https:\\\/\\\/discos-redondos.es\\\/?page_id=487\"},{\"@type\":\"ListItem\",\"position\":3,\"name\":\"Bill Evans Trio &#8211; Waltz For Debby\"}]},{\"@type\":\"WebSite\",\"@id\":\"https:\\\/\\\/discos-redondos.es\\\/#website\",\"url\":\"https:\\\/\\\/discos-redondos.es\\\/\",\"name\":\"Discos Redondos\",\"description\":\"Tu tienda de discos en Barcelona\",\"publisher\":{\"@id\":\"https:\\\/\\\/discos-redondos.es\\\/#organization\"},\"alternateName\":\"Discos Redondos\",\"potentialAction\":[{\"@type\":\"SearchAction\",\"target\":{\"@type\":\"EntryPoint\",\"urlTemplate\":\"https:\\\/\\\/discos-redondos.es\\\/?s={search_term_string}\"},\"query-input\":{\"@type\":\"PropertyValueSpecification\",\"valueRequired\":true,\"valueName\":\"search_term_string\"}}],\"inLanguage\":\"ca\"},{\"@type\":\"Organization\",\"@id\":\"https:\\\/\\\/discos-redondos.es\\\/#organization\",\"name\":\"Discos Redondos\",\"url\":\"https:\\\/\\\/discos-redondos.es\\\/\",\"logo\":{\"@type\":\"ImageObject\",\"inLanguage\":\"ca\",\"@id\":\"https:\\\/\\\/discos-redondos.es\\\/#\\\/schema\\\/logo\\\/image\\\/\",\"url\":\"https:\\\/\\\/discos-redondos.es\\\/wp-content\\\/uploads\\\/2023\\\/04\\\/aaff-logo-raval-1-1.jpg\",\"contentUrl\":\"https:\\\/\\\/discos-redondos.es\\\/wp-content\\\/uploads\\\/2023\\\/04\\\/aaff-logo-raval-1-1.jpg\",\"width\":2362,\"height\":1441,\"caption\":\"Discos Redondos\"},\"image\":{\"@id\":\"https:\\\/\\\/discos-redondos.es\\\/#\\\/schema\\\/logo\\\/image\\\/\"},\"sameAs\":[\"https:\\\/\\\/www.facebook.com\\\/discosredondos45\",\"https:\\\/\\\/www.instagram.com\\\/discos.redondos33\\\/?hl=es\",\"https:\\\/\\\/discos-redondos.bandcamp.com\\\/\"]}]}<\/script>\n<!-- \/ Yoast SEO plugin. -->","yoast_head_json":{"title":"Bill Evans Trio - Waltz For Debby - DISCOS REDONDOS","description":"Bill Evans Trio - Waltz For Debby Craft Recordings, Riverside Records,\u00a0 Original Jazz Classics \u2013 CR00617, 0888072504844 LP en vinilo negro de 180 gramos","robots":{"index":"index","follow":"follow","max-snippet":"max-snippet:-1","max-image-preview":"max-image-preview:large","max-video-preview":"max-video-preview:-1"},"canonical":"https:\/\/discos-redondos.es\/ca\/producte\/bill-evans-trio-waltz-for-debby\/","og_locale":"ca_ES","og_type":"article","og_title":"Bill Evans Trio - Waltz For Debby - DISCOS REDONDOS","og_description":"Bill Evans Trio - Waltz For Debby Craft Recordings, Riverside Records,\u00a0 Original Jazz Classics \u2013 CR00617, 0888072504844 LP en vinilo negro de 180 gramos","og_url":"https:\/\/discos-redondos.es\/ca\/producte\/bill-evans-trio-waltz-for-debby\/","og_site_name":"DISCOS REDONDOS","article_publisher":"https:\/\/www.facebook.com\/discosredondos45","article_modified_time":"2025-12-18T13:02:53+00:00","og_image":[{"width":600,"height":597,"url":"https:\/\/discos-redondos.es\/wp-content\/uploads\/2025\/12\/Bill-Evans-Trio-Waltz-For-Debby.jpg","type":"image\/jpeg"}],"twitter_card":"summary_large_image","twitter_misc":{"Temps estimat de lectura":"2 minuts"},"schema":{"@context":"https:\/\/schema.org","@graph":[{"@type":"WebPage","@id":"https:\/\/discos-redondos.es\/producto\/bill-evans-trio-waltz-for-debby","url":"https:\/\/discos-redondos.es\/producto\/bill-evans-trio-waltz-for-debby","name":"Bill Evans Trio - Waltz For Debby - DISCOS REDONDOS","isPartOf":{"@id":"https:\/\/discos-redondos.es\/#website"},"primaryImageOfPage":{"@id":"https:\/\/discos-redondos.es\/producto\/bill-evans-trio-waltz-for-debby#primaryimage"},"image":{"@id":"https:\/\/discos-redondos.es\/producto\/bill-evans-trio-waltz-for-debby#primaryimage"},"thumbnailUrl":"https:\/\/discos-redondos.es\/wp-content\/uploads\/2025\/12\/Bill-Evans-Trio-Waltz-For-Debby.jpg","datePublished":"2025-12-17T16:33:00+00:00","dateModified":"2025-12-18T13:02:53+00:00","description":"Bill Evans Trio - Waltz For Debby Craft Recordings, Riverside Records,\u00a0 Original Jazz Classics \u2013 CR00617, 0888072504844 LP en vinilo negro de 180 gramos","breadcrumb":{"@id":"https:\/\/discos-redondos.es\/producto\/bill-evans-trio-waltz-for-debby#breadcrumb"},"inLanguage":"ca","potentialAction":[{"@type":"ReadAction","target":["https:\/\/discos-redondos.es\/producto\/bill-evans-trio-waltz-for-debby"]}]},{"@type":"ImageObject","inLanguage":"ca","@id":"https:\/\/discos-redondos.es\/producto\/bill-evans-trio-waltz-for-debby#primaryimage","url":"https:\/\/discos-redondos.es\/wp-content\/uploads\/2025\/12\/Bill-Evans-Trio-Waltz-For-Debby.jpg","contentUrl":"https:\/\/discos-redondos.es\/wp-content\/uploads\/2025\/12\/Bill-Evans-Trio-Waltz-For-Debby.jpg","width":600,"height":597,"caption":"Bill Evans Trio - Waltz For Debby"},{"@type":"BreadcrumbList","@id":"https:\/\/discos-redondos.es\/producto\/bill-evans-trio-waltz-for-debby#breadcrumb","itemListElement":[{"@type":"ListItem","position":1,"name":"Portada","item":"https:\/\/discos-redondos.es\/"},{"@type":"ListItem","position":2,"name":"Tienda","item":"https:\/\/discos-redondos.es\/?page_id=487"},{"@type":"ListItem","position":3,"name":"Bill Evans Trio &#8211; Waltz For Debby"}]},{"@type":"WebSite","@id":"https:\/\/discos-redondos.es\/#website","url":"https:\/\/discos-redondos.es\/","name":"Discos Redondos","description":"La teva botiga de discos a Barcelona","publisher":{"@id":"https:\/\/discos-redondos.es\/#organization"},"alternateName":"Discos Redondos","potentialAction":[{"@type":"SearchAction","target":{"@type":"EntryPoint","urlTemplate":"https:\/\/discos-redondos.es\/?s={search_term_string}"},"query-input":{"@type":"PropertyValueSpecification","valueRequired":true,"valueName":"search_term_string"}}],"inLanguage":"ca"},{"@type":"Organization","@id":"https:\/\/discos-redondos.es\/#organization","name":"Discos Redondos","url":"https:\/\/discos-redondos.es\/","logo":{"@type":"ImageObject","inLanguage":"ca","@id":"https:\/\/discos-redondos.es\/#\/schema\/logo\/image\/","url":"https:\/\/discos-redondos.es\/wp-content\/uploads\/2023\/04\/aaff-logo-raval-1-1.jpg","contentUrl":"https:\/\/discos-redondos.es\/wp-content\/uploads\/2023\/04\/aaff-logo-raval-1-1.jpg","width":2362,"height":1441,"caption":"Discos Redondos"},"image":{"@id":"https:\/\/discos-redondos.es\/#\/schema\/logo\/image\/"},"sameAs":["https:\/\/www.facebook.com\/discosredondos45","https:\/\/www.instagram.com\/discos.redondos33\/?hl=es","https:\/\/discos-redondos.bandcamp.com\/"]}]}},"_links":{"self":[{"href":"https:\/\/discos-redondos.es\/ca\/wp-json\/wp\/v2\/product\/12375","targetHints":{"allow":["GET"]}}],"collection":[{"href":"https:\/\/discos-redondos.es\/ca\/wp-json\/wp\/v2\/product"}],"about":[{"href":"https:\/\/discos-redondos.es\/ca\/wp-json\/wp\/v2\/types\/product"}],"wp:featuredmedia":[{"embeddable":true,"href":"https:\/\/discos-redondos.es\/ca\/wp-json\/wp\/v2\/media\/12376"}],"wp:attachment":[{"href":"https:\/\/discos-redondos.es\/ca\/wp-json\/wp\/v2\/media?parent=12375"}],"wp:term":[{"taxonomy":"product_brand","embeddable":true,"href":"https:\/\/discos-redondos.es\/ca\/wp-json\/wp\/v2\/product_brand?post=12375"},{"taxonomy":"product_cat","embeddable":true,"href":"https:\/\/discos-redondos.es\/ca\/wp-json\/wp\/v2\/product_cat?post=12375"},{"taxonomy":"product_tag","embeddable":true,"href":"https:\/\/discos-redondos.es\/ca\/wp-json\/wp\/v2\/product_tag?post=12375"}],"curies":[{"name":"wp","href":"https:\/\/api.w.org\/{rel}","templated":true}]}}