{"id":12445,"date":"2025-12-22T17:23:38","date_gmt":"2025-12-22T17:23:38","guid":{"rendered":"https:\/\/discos-redondos.es\/?post_type=product&#038;p=12445"},"modified":"2025-12-22T17:23:39","modified_gmt":"2025-12-22T17:23:39","slug":"hector-floria-coordenades","status":"publish","type":"product","link":"https:\/\/discos-redondos.es\/ca\/producte\/hector-floria-coordenades","title":{"rendered":"H\u00e9ctor Flor\u00eda &#8211; Coordenades"},"content":{"rendered":"<p><strong>H\u00e9ctor Flor\u00eda &#8211; Coordenades<\/strong><\/p>\n<p><strong>Tracklist<\/strong><\/p>\n<ol>\n<li>Populus vult decipi, ergo decipiatur 04:59<\/li>\n<li>Coordenades 06:58<\/li>\n<li>Equestrian Applications 04:30<\/li>\n<li>Circuli per la dreta 04:25<\/li>\n<li>Miles Smiles 04:08<\/li>\n<li>The Administraitor 05:30<\/li>\n<\/ol>\n<p>&nbsp;<\/p>\n<p><iframe loading=\"lazy\" title=\"Coordenades\" width=\"832\" height=\"624\" src=\"https:\/\/www.youtube.com\/embed\/ZK-wdAQEEtk?feature=oembed\" frameborder=\"0\" allow=\"accelerometer; autoplay; clipboard-write; encrypted-media; gyroscope; picture-in-picture; web-share\" referrerpolicy=\"strict-origin-when-cross-origin\" allowfullscreen><\/iframe><\/p>\n<p>&nbsp;<\/p>\n<p><strong>H\u00e9ctor Flor\u00eda &#8211; Coordenades<\/strong><\/p>\n<p>Coordenades is the result of a month. 30 days, where most of the compositions and decisions were made. Where 2024 ended and 2025 began. Where loved people left and loved others arrived. A spontaneous work that reminds us that we&#8217;re doing what we love most. A work in memory of Pol Vicente Aud\u00ed and all the colleagues who enjoyed him.<\/p>\n<div class=\"tralbumData tralbum-credits\">Released October 3, 2025<\/p>\n<p>H\u00e9ctor Flor\u00eda &#8211; tenor saxophone &amp; compositions 1,2 &amp; 4<br \/>\nXavi Torres &#8211; Piano<br \/>\nPau Sala &#8211; UprightBass<br \/>\nJoan Casares &#8211; drums &amp; compostions 3,5 &amp; 6<\/p><\/div>\n<p>&nbsp;<\/p>","protected":false},"excerpt":{"rendered":"<p>The Changes &#8211; CS 590-2025, 8435307620576<\/p>\n<p>LP en vinilo negro y carpeta sencilla<\/p>","protected":false},"featured_media":12447,"template":"","meta":[],"product_brand":[],"product_cat":[85],"product_tag":[],"class_list":{"0":"post-12445","1":"product","2":"type-product","3":"status-publish","4":"has-post-thumbnail","6":"product_cat-jazz-contemporaneo","8":"first","9":"instock","10":"taxable","11":"shipping-taxable","12":"purchasable","13":"product-type-simple"},"yoast_head":"<!-- This site is optimized with the Yoast SEO plugin v27.3 - https:\/\/yoast.com\/product\/yoast-seo-wordpress\/ -->\n<title>H\u00e9ctor Flor\u00eda - Coordenades - DISCOS REDONDOS<\/title>\n<meta name=\"description\" content=\"H\u00e9ctor Flor\u00eda - Coordenades - The Changes - CS 590-2025, 8435307620576 LP en vinilo negro y carpeta sencilla\" \/>\n<meta name=\"robots\" content=\"index, follow, max-snippet:-1, max-image-preview:large, max-video-preview:-1\" \/>\n<link rel=\"canonical\" href=\"https:\/\/discos-redondos.es\/ca\/producte\/hector-floria-coordenades\/\" \/>\n<meta property=\"og:locale\" content=\"ca_ES\" \/>\n<meta property=\"og:type\" content=\"article\" \/>\n<meta property=\"og:title\" content=\"H\u00e9ctor Flor\u00eda - Coordenades - DISCOS REDONDOS\" \/>\n<meta property=\"og:description\" content=\"H\u00e9ctor Flor\u00eda - Coordenades - The Changes - CS 590-2025, 8435307620576 LP en vinilo negro y carpeta sencilla\" \/>\n<meta property=\"og:url\" content=\"https:\/\/discos-redondos.es\/ca\/producte\/hector-floria-coordenades\/\" \/>\n<meta property=\"og:site_name\" content=\"DISCOS REDONDOS\" \/>\n<meta property=\"article:publisher\" content=\"https:\/\/www.facebook.com\/discosredondos45\" \/>\n<meta property=\"article:modified_time\" content=\"2025-12-22T17:23:39+00:00\" \/>\n<meta property=\"og:image\" content=\"https:\/\/discos-redondos.es\/wp-content\/uploads\/2025\/12\/Hector-Floria-Coordenades.jpg\" \/>\n\t<meta property=\"og:image:width\" content=\"1200\" \/>\n\t<meta property=\"og:image:height\" content=\"1200\" \/>\n\t<meta property=\"og:image:type\" content=\"image\/jpeg\" \/>\n<meta name=\"twitter:card\" content=\"summary_large_image\" \/>\n<meta name=\"twitter:label1\" content=\"Temps estimat de lectura\" \/>\n\t<meta name=\"twitter:data1\" content=\"1 minut\" \/>\n<script type=\"application\/ld+json\" class=\"yoast-schema-graph\">{\"@context\":\"https:\\\/\\\/schema.org\",\"@graph\":[{\"@type\":\"WebPage\",\"@id\":\"https:\\\/\\\/discos-redondos.es\\\/producto\\\/hector-floria-coordenades\",\"url\":\"https:\\\/\\\/discos-redondos.es\\\/producto\\\/hector-floria-coordenades\",\"name\":\"H\u00e9ctor Flor\u00eda - Coordenades - DISCOS REDONDOS\",\"isPartOf\":{\"@id\":\"https:\\\/\\\/discos-redondos.es\\\/#website\"},\"primaryImageOfPage\":{\"@id\":\"https:\\\/\\\/discos-redondos.es\\\/producto\\\/hector-floria-coordenades#primaryimage\"},\"image\":{\"@id\":\"https:\\\/\\\/discos-redondos.es\\\/producto\\\/hector-floria-coordenades#primaryimage\"},\"thumbnailUrl\":\"https:\\\/\\\/discos-redondos.es\\\/wp-content\\\/uploads\\\/2025\\\/12\\\/Hector-Floria-Coordenades.jpg\",\"datePublished\":\"2025-12-22T17:23:38+00:00\",\"dateModified\":\"2025-12-22T17:23:39+00:00\",\"description\":\"H\u00e9ctor Flor\u00eda - Coordenades - The Changes - CS 590-2025, 8435307620576 LP en vinilo negro y carpeta sencilla\",\"breadcrumb\":{\"@id\":\"https:\\\/\\\/discos-redondos.es\\\/producto\\\/hector-floria-coordenades#breadcrumb\"},\"inLanguage\":\"ca\",\"potentialAction\":[{\"@type\":\"ReadAction\",\"target\":[\"https:\\\/\\\/discos-redondos.es\\\/producto\\\/hector-floria-coordenades\"]}]},{\"@type\":\"ImageObject\",\"inLanguage\":\"ca\",\"@id\":\"https:\\\/\\\/discos-redondos.es\\\/producto\\\/hector-floria-coordenades#primaryimage\",\"url\":\"https:\\\/\\\/discos-redondos.es\\\/wp-content\\\/uploads\\\/2025\\\/12\\\/Hector-Floria-Coordenades.jpg\",\"contentUrl\":\"https:\\\/\\\/discos-redondos.es\\\/wp-content\\\/uploads\\\/2025\\\/12\\\/Hector-Floria-Coordenades.jpg\",\"width\":1200,\"height\":1200,\"caption\":\"H\u00e9ctor Flor\u00eda - Coordenades\"},{\"@type\":\"BreadcrumbList\",\"@id\":\"https:\\\/\\\/discos-redondos.es\\\/producto\\\/hector-floria-coordenades#breadcrumb\",\"itemListElement\":[{\"@type\":\"ListItem\",\"position\":1,\"name\":\"Portada\",\"item\":\"https:\\\/\\\/discos-redondos.es\\\/\"},{\"@type\":\"ListItem\",\"position\":2,\"name\":\"Tienda\",\"item\":\"https:\\\/\\\/discos-redondos.es\\\/?page_id=487\"},{\"@type\":\"ListItem\",\"position\":3,\"name\":\"H\u00e9ctor Flor\u00eda &#8211; Coordenades\"}]},{\"@type\":\"WebSite\",\"@id\":\"https:\\\/\\\/discos-redondos.es\\\/#website\",\"url\":\"https:\\\/\\\/discos-redondos.es\\\/\",\"name\":\"Discos Redondos\",\"description\":\"Tu tienda de discos en Barcelona\",\"publisher\":{\"@id\":\"https:\\\/\\\/discos-redondos.es\\\/#organization\"},\"alternateName\":\"Discos Redondos\",\"potentialAction\":[{\"@type\":\"SearchAction\",\"target\":{\"@type\":\"EntryPoint\",\"urlTemplate\":\"https:\\\/\\\/discos-redondos.es\\\/?s={search_term_string}\"},\"query-input\":{\"@type\":\"PropertyValueSpecification\",\"valueRequired\":true,\"valueName\":\"search_term_string\"}}],\"inLanguage\":\"ca\"},{\"@type\":\"Organization\",\"@id\":\"https:\\\/\\\/discos-redondos.es\\\/#organization\",\"name\":\"Discos Redondos\",\"url\":\"https:\\\/\\\/discos-redondos.es\\\/\",\"logo\":{\"@type\":\"ImageObject\",\"inLanguage\":\"ca\",\"@id\":\"https:\\\/\\\/discos-redondos.es\\\/#\\\/schema\\\/logo\\\/image\\\/\",\"url\":\"https:\\\/\\\/discos-redondos.es\\\/wp-content\\\/uploads\\\/2023\\\/04\\\/aaff-logo-raval-1-1.jpg\",\"contentUrl\":\"https:\\\/\\\/discos-redondos.es\\\/wp-content\\\/uploads\\\/2023\\\/04\\\/aaff-logo-raval-1-1.jpg\",\"width\":2362,\"height\":1441,\"caption\":\"Discos Redondos\"},\"image\":{\"@id\":\"https:\\\/\\\/discos-redondos.es\\\/#\\\/schema\\\/logo\\\/image\\\/\"},\"sameAs\":[\"https:\\\/\\\/www.facebook.com\\\/discosredondos45\",\"https:\\\/\\\/www.instagram.com\\\/discos.redondos33\\\/?hl=es\",\"https:\\\/\\\/discos-redondos.bandcamp.com\\\/\"]}]}<\/script>\n<!-- \/ Yoast SEO plugin. -->","yoast_head_json":{"title":"H\u00e9ctor Flor\u00eda - Coordenades - DISCOS REDONDOS","description":"H\u00e9ctor Flor\u00eda - Coordenades - The Changes - CS 590-2025, 8435307620576 LP en vinilo negro y carpeta sencilla","robots":{"index":"index","follow":"follow","max-snippet":"max-snippet:-1","max-image-preview":"max-image-preview:large","max-video-preview":"max-video-preview:-1"},"canonical":"https:\/\/discos-redondos.es\/ca\/producte\/hector-floria-coordenades\/","og_locale":"ca_ES","og_type":"article","og_title":"H\u00e9ctor Flor\u00eda - Coordenades - DISCOS REDONDOS","og_description":"H\u00e9ctor Flor\u00eda - Coordenades - The Changes - CS 590-2025, 8435307620576 LP en vinilo negro y carpeta sencilla","og_url":"https:\/\/discos-redondos.es\/ca\/producte\/hector-floria-coordenades\/","og_site_name":"DISCOS REDONDOS","article_publisher":"https:\/\/www.facebook.com\/discosredondos45","article_modified_time":"2025-12-22T17:23:39+00:00","og_image":[{"width":1200,"height":1200,"url":"https:\/\/discos-redondos.es\/wp-content\/uploads\/2025\/12\/Hector-Floria-Coordenades.jpg","type":"image\/jpeg"}],"twitter_card":"summary_large_image","twitter_misc":{"Temps estimat de lectura":"1 minut"},"schema":{"@context":"https:\/\/schema.org","@graph":[{"@type":"WebPage","@id":"https:\/\/discos-redondos.es\/producto\/hector-floria-coordenades","url":"https:\/\/discos-redondos.es\/producto\/hector-floria-coordenades","name":"H\u00e9ctor Flor\u00eda - Coordenades - DISCOS REDONDOS","isPartOf":{"@id":"https:\/\/discos-redondos.es\/#website"},"primaryImageOfPage":{"@id":"https:\/\/discos-redondos.es\/producto\/hector-floria-coordenades#primaryimage"},"image":{"@id":"https:\/\/discos-redondos.es\/producto\/hector-floria-coordenades#primaryimage"},"thumbnailUrl":"https:\/\/discos-redondos.es\/wp-content\/uploads\/2025\/12\/Hector-Floria-Coordenades.jpg","datePublished":"2025-12-22T17:23:38+00:00","dateModified":"2025-12-22T17:23:39+00:00","description":"H\u00e9ctor Flor\u00eda - Coordenades - The Changes - CS 590-2025, 8435307620576 LP en vinilo negro y carpeta sencilla","breadcrumb":{"@id":"https:\/\/discos-redondos.es\/producto\/hector-floria-coordenades#breadcrumb"},"inLanguage":"ca","potentialAction":[{"@type":"ReadAction","target":["https:\/\/discos-redondos.es\/producto\/hector-floria-coordenades"]}]},{"@type":"ImageObject","inLanguage":"ca","@id":"https:\/\/discos-redondos.es\/producto\/hector-floria-coordenades#primaryimage","url":"https:\/\/discos-redondos.es\/wp-content\/uploads\/2025\/12\/Hector-Floria-Coordenades.jpg","contentUrl":"https:\/\/discos-redondos.es\/wp-content\/uploads\/2025\/12\/Hector-Floria-Coordenades.jpg","width":1200,"height":1200,"caption":"H\u00e9ctor Flor\u00eda - Coordenades"},{"@type":"BreadcrumbList","@id":"https:\/\/discos-redondos.es\/producto\/hector-floria-coordenades#breadcrumb","itemListElement":[{"@type":"ListItem","position":1,"name":"Portada","item":"https:\/\/discos-redondos.es\/"},{"@type":"ListItem","position":2,"name":"Tienda","item":"https:\/\/discos-redondos.es\/?page_id=487"},{"@type":"ListItem","position":3,"name":"H\u00e9ctor Flor\u00eda &#8211; Coordenades"}]},{"@type":"WebSite","@id":"https:\/\/discos-redondos.es\/#website","url":"https:\/\/discos-redondos.es\/","name":"Discos Redondos","description":"La teva botiga de discos a Barcelona","publisher":{"@id":"https:\/\/discos-redondos.es\/#organization"},"alternateName":"Discos Redondos","potentialAction":[{"@type":"SearchAction","target":{"@type":"EntryPoint","urlTemplate":"https:\/\/discos-redondos.es\/?s={search_term_string}"},"query-input":{"@type":"PropertyValueSpecification","valueRequired":true,"valueName":"search_term_string"}}],"inLanguage":"ca"},{"@type":"Organization","@id":"https:\/\/discos-redondos.es\/#organization","name":"Discos Redondos","url":"https:\/\/discos-redondos.es\/","logo":{"@type":"ImageObject","inLanguage":"ca","@id":"https:\/\/discos-redondos.es\/#\/schema\/logo\/image\/","url":"https:\/\/discos-redondos.es\/wp-content\/uploads\/2023\/04\/aaff-logo-raval-1-1.jpg","contentUrl":"https:\/\/discos-redondos.es\/wp-content\/uploads\/2023\/04\/aaff-logo-raval-1-1.jpg","width":2362,"height":1441,"caption":"Discos Redondos"},"image":{"@id":"https:\/\/discos-redondos.es\/#\/schema\/logo\/image\/"},"sameAs":["https:\/\/www.facebook.com\/discosredondos45","https:\/\/www.instagram.com\/discos.redondos33\/?hl=es","https:\/\/discos-redondos.bandcamp.com\/"]}]}},"jetpack_sharing_enabled":true,"_links":{"self":[{"href":"https:\/\/discos-redondos.es\/ca\/wp-json\/wp\/v2\/product\/12445","targetHints":{"allow":["GET"]}}],"collection":[{"href":"https:\/\/discos-redondos.es\/ca\/wp-json\/wp\/v2\/product"}],"about":[{"href":"https:\/\/discos-redondos.es\/ca\/wp-json\/wp\/v2\/types\/product"}],"wp:featuredmedia":[{"embeddable":true,"href":"https:\/\/discos-redondos.es\/ca\/wp-json\/wp\/v2\/media\/12447"}],"wp:attachment":[{"href":"https:\/\/discos-redondos.es\/ca\/wp-json\/wp\/v2\/media?parent=12445"}],"wp:term":[{"taxonomy":"product_brand","embeddable":true,"href":"https:\/\/discos-redondos.es\/ca\/wp-json\/wp\/v2\/product_brand?post=12445"},{"taxonomy":"product_cat","embeddable":true,"href":"https:\/\/discos-redondos.es\/ca\/wp-json\/wp\/v2\/product_cat?post=12445"},{"taxonomy":"product_tag","embeddable":true,"href":"https:\/\/discos-redondos.es\/ca\/wp-json\/wp\/v2\/product_tag?post=12445"}],"curies":[{"name":"wp","href":"https:\/\/api.w.org\/{rel}","templated":true}]}}