{"id":12514,"date":"2026-01-13T18:52:43","date_gmt":"2026-01-13T18:52:43","guid":{"rendered":"https:\/\/discos-redondos.es\/?post_type=product&#038;p=12514"},"modified":"2026-01-13T19:00:32","modified_gmt":"2026-01-13T19:00:32","slug":"lluc-casares-big-band-vol-1","status":"publish","type":"product","link":"https:\/\/discos-redondos.es\/ca\/producte\/lluc-casares-big-band-vol-1","title":{"rendered":"Lluc Casares Big Band vol. 1"},"content":{"rendered":"<p><strong>Lluc Casares Big Band vol. 1<\/strong><\/p>\n<p><strong>Tracklist<\/strong><\/p>\n<table id=\"track_table\" class=\"track_list track_table\">\n<tbody>\n<tr class=\"track_row_view linked\">\n<td class=\"track-number-col\">\n<div class=\"track_number secondaryText\"><\/div>\n<\/td>\n<td class=\"title-col\">\n<div class=\"title\">1.<\/div>\n<\/td>\n<td class=\"info-col\">\n<div class=\"info_link\"><span class=\"track-title\">Of<\/span><span class=\"track-title\">f Minor<\/span>\u00a0<span class=\"time secondaryText\">07:35<\/span><\/div>\n<\/td>\n<td class=\"download-col\">\n<div class=\"dl_link\"><\/div>\n<\/td>\n<\/tr>\n<tr class=\"track_row_view linked\">\n<td class=\"play-col\">\n<div class=\"play_status\"><\/div>\n<\/td>\n<td class=\"track-number-col\">\n<div class=\"track_number secondaryText\">2.<\/div>\n<\/td>\n<td class=\"title-col\">\n<div class=\"title\"><span class=\"track-title\">Back To Babylon<\/span>\u00a0<span class=\"time secondaryText\">06:03<\/span><\/div>\n<\/td>\n<td class=\"info-col\">\n<div class=\"info_link\"><\/div>\n<\/td>\n<td class=\"download-col\">\n<div class=\"dl_link\"><\/div>\n<\/td>\n<\/tr>\n<tr class=\"track_row_view linked\">\n<td class=\"play-col\">\n<div class=\"play_status\"><\/div>\n<\/td>\n<td class=\"track-number-col\">\n<div class=\"track_number secondaryText\">3.<\/div>\n<\/td>\n<td class=\"title-col\">\n<div class=\"title\"><span class=\"track-title\">Simple Pleasure<\/span>\u00a0<span class=\"time secondaryText\">05:30<\/span><\/div>\n<\/td>\n<td class=\"info-col\">\n<div class=\"info_link\"><\/div>\n<\/td>\n<td class=\"download-col\">\n<div class=\"dl_link\"><\/div>\n<\/td>\n<\/tr>\n<tr class=\"track_row_view linked\">\n<td class=\"play-col\">\n<div class=\"play_status\"><\/div>\n<\/td>\n<td class=\"track-number-col\">\n<div class=\"track_number secondaryText\">4.<\/div>\n<\/td>\n<td class=\"title-col\">\n<div class=\"title\"><span class=\"track-title\">Ostinato<\/span>\u00a0<span class=\"time secondaryText\">05:39<\/span><\/div>\n<\/td>\n<td class=\"info-col\">\n<div class=\"info_link\"><\/div>\n<\/td>\n<td class=\"download-col\">\n<div class=\"dl_link\"><\/div>\n<\/td>\n<\/tr>\n<tr class=\"track_row_view linked\">\n<td class=\"play-col\">\n<div class=\"play_status\"><\/div>\n<\/td>\n<td class=\"track-number-col\">\n<div class=\"track_number secondaryText\">5.<\/div>\n<\/td>\n<td class=\"title-col\">\n<div class=\"title\"><span class=\"track-title\">Naima<\/span>\u00a0<span class=\"time secondaryText\">06:17<\/span><\/div>\n<\/td>\n<td class=\"info-col\">\n<div class=\"info_link\"><\/div>\n<\/td>\n<td class=\"download-col\">\n<div class=\"dl_link\"><\/div>\n<\/td>\n<\/tr>\n<tr class=\"track_row_view linked\">\n<td class=\"play-col\">\n<div class=\"play_status\"><\/div>\n<\/td>\n<td class=\"track-number-col\">\n<div class=\"track_number secondaryText\">6.<\/div>\n<\/td>\n<td class=\"title-col\">\n<div class=\"title\"><span class=\"track-title\">S&#8217;Escat<\/span>\u00a0<span class=\"time secondaryText\">07:41<\/span><\/div>\n<\/td>\n<\/tr>\n<\/tbody>\n<\/table>\n<p>&nbsp;<\/p>\n<p><iframe loading=\"lazy\" title=\"Back To Babylon\" width=\"832\" height=\"624\" src=\"https:\/\/www.youtube.com\/embed\/ADky9bw8dIs?feature=oembed\" frameborder=\"0\" allow=\"accelerometer; autoplay; clipboard-write; encrypted-media; gyroscope; picture-in-picture; web-share\" referrerpolicy=\"strict-origin-when-cross-origin\" allowfullscreen><\/iframe><\/p>\n<p>&nbsp;<\/p>\n<p><strong>Lluc Casares Big Band vol. 1<\/strong><\/p>\n<div class=\"tralbumData tralbum-about\">El 5\u00e8 disc com a l\u00edder del saxofonista de Barcelona Lluc Casares \u00e9s el seu 1r en format de Big Band. Aquest representa l&#8217;autoconfirmaci\u00f3 de la seva relaci\u00f3 amb el format orquestral jazz\u00edstic per excel\u00b7l\u00e8ncia despr\u00e9s d&#8217;anys escrivint-hi per a diferents bandes (m\u00e9s de 30 arranjaments per la Barcelona Jazz Orquestra, Barcelona Art Orchestra, The Gramophone Allstars Big Band, Girona Jazz Project, Big Band Jazz Canarias, ESEM &#8211; Taller de m\u00fasics Big Band i altres).En Lluc ha tingut la sort de comptar amb alguns dels millors m\u00fasics de l&#8217;escena per aquest projecte, col\u00b7laboradors habituals i amics des de molts anys enrere. Un d&#8217;ells mereix menci\u00f3 especial, l&#8217;Oriol Vall\u00e8s, que ha contribu\u00eft amb un tema original per aquest disc, Ostinato. La resta del repertori surt de la ploma d&#8217;en Lluc, 2 temes originals i 3 arranjaments de m\u00fasica de Thelonious Monk, Cedar Walton i John Coltrane.<\/p>\n<p>La formaci\u00f3 de la Big Band \u00e9s \u00abellingtoniana\u00bb en el sentit que no hi ha guitarra i nom\u00e9s hi ha 3 trombons (sense tromb\u00f3 baix) tal com el meu mentor i referent Wynton Marsalis empra a la seva Jazz At Lincoln Center Orchestra.<\/p>\n<p>Aquest disc \u00e9s el primer que en Lluc edita en format vinil<span class=\"bcTruncateMore\">. La portada \u00e9s una foto de Manuel Albir, dibuixos de Pedro Strukelj i disseny de Joan Casares. La foto de la Big Band \u00e9s d&#8217;en Txus Costalago.<\/span><\/p>\n<p>&nbsp;<\/p>\n<\/div>\n<div class=\"tralbumData tralbum-credits\">Gabriel Amargant (Saxo Alto, Saxo Soprano, Clarinet, Flauta)<br \/>\nHector Flor\u00eda (Saxo Alto, Flauta)<br \/>\nLluc Casares (Saxo Tenor, Clarinet, Flauta)<br \/>\nPau Vidal aka Tarquim (Saxo Tenor, Flauta, Piccolo)<br \/>\nJordi Santanch (Saxo Bar\u00edton)Joan Mar Sauqu\u00e9 (Trompeta, lead)<br \/>\nRaul Gallego (Trompeta)<br \/>\nPol Omedes (Trompeta)<br \/>\nOriol Vall\u00e8s (Trompeta, compositor #4)<\/p>\n<p>Pablo Mart\u00edn (Tromb\u00f3)<br \/>\nAlbert Costa (Tromb\u00f3)<br \/>\nAlba Pujals (Tromb\u00f3)<\/p>\n<p>Guillaume Coulbois (Piano)<br \/>\nDavid Mu\u00f1oz (Contrabaix)<br \/>\nJoan Casares (Bateria)<\/p>\n<\/div>","protected":false},"excerpt":{"rendered":"<p>The Changes &#8211; TC037, 8435307621290<\/p>\n<p>LP en vinilo negro y carpeta sencilla, 2025<\/p>","protected":false},"featured_media":12515,"template":"","meta":[],"product_brand":[],"product_cat":[85],"product_tag":[],"class_list":{"0":"post-12514","1":"product","2":"type-product","3":"status-publish","4":"has-post-thumbnail","6":"product_cat-jazz-contemporaneo","8":"first","9":"instock","10":"taxable","11":"shipping-taxable","12":"purchasable","13":"product-type-simple"},"yoast_head":"<!-- This site is optimized with the Yoast SEO plugin v27.5 - https:\/\/yoast.com\/product\/yoast-seo-wordpress\/ -->\n<title>Lluc Casares Big Band vol. 1 - DISCOS REDONDOS<\/title>\n<meta name=\"description\" content=\"Lluc Casares Big Band vol. 1 - The Changes - TC037, 8435307621290 LP en vinilo negro y carpeta sencilla, 2025\" \/>\n<meta name=\"robots\" content=\"index, follow, max-snippet:-1, max-image-preview:large, max-video-preview:-1\" \/>\n<link rel=\"canonical\" href=\"https:\/\/discos-redondos.es\/ca\/producte\/lluc-casares-big-band-vol-1\/\" \/>\n<meta property=\"og:locale\" content=\"ca_ES\" \/>\n<meta property=\"og:type\" content=\"article\" \/>\n<meta property=\"og:title\" content=\"Lluc Casares Big Band vol. 1 - DISCOS REDONDOS\" \/>\n<meta property=\"og:description\" content=\"Lluc Casares Big Band vol. 1 - The Changes - TC037, 8435307621290 LP en vinilo negro y carpeta sencilla, 2025\" \/>\n<meta property=\"og:url\" content=\"https:\/\/discos-redondos.es\/ca\/producte\/lluc-casares-big-band-vol-1\/\" \/>\n<meta property=\"og:site_name\" content=\"DISCOS REDONDOS\" \/>\n<meta property=\"article:publisher\" content=\"https:\/\/www.facebook.com\/discosredondos45\" \/>\n<meta property=\"article:modified_time\" content=\"2026-01-13T19:00:32+00:00\" \/>\n<meta property=\"og:image\" content=\"https:\/\/discos-redondos.es\/wp-content\/uploads\/2026\/01\/Lluc-Casares-Big-Band-vol.-1.jpg\" \/>\n\t<meta property=\"og:image:width\" content=\"1200\" \/>\n\t<meta property=\"og:image:height\" content=\"1200\" \/>\n\t<meta property=\"og:image:type\" content=\"image\/jpeg\" \/>\n<meta name=\"twitter:card\" content=\"summary_large_image\" \/>\n<meta name=\"twitter:label1\" content=\"Temps estimat de lectura\" \/>\n\t<meta name=\"twitter:data1\" content=\"2 minuts\" \/>\n<script type=\"application\/ld+json\" class=\"yoast-schema-graph\">{\"@context\":\"https:\\\/\\\/schema.org\",\"@graph\":[{\"@type\":\"WebPage\",\"@id\":\"https:\\\/\\\/discos-redondos.es\\\/producto\\\/lluc-casares-big-band-vol-1\",\"url\":\"https:\\\/\\\/discos-redondos.es\\\/producto\\\/lluc-casares-big-band-vol-1\",\"name\":\"Lluc Casares Big Band vol. 1 - DISCOS REDONDOS\",\"isPartOf\":{\"@id\":\"https:\\\/\\\/discos-redondos.es\\\/#website\"},\"primaryImageOfPage\":{\"@id\":\"https:\\\/\\\/discos-redondos.es\\\/producto\\\/lluc-casares-big-band-vol-1#primaryimage\"},\"image\":{\"@id\":\"https:\\\/\\\/discos-redondos.es\\\/producto\\\/lluc-casares-big-band-vol-1#primaryimage\"},\"thumbnailUrl\":\"https:\\\/\\\/discos-redondos.es\\\/wp-content\\\/uploads\\\/2026\\\/01\\\/Lluc-Casares-Big-Band-vol.-1.jpg\",\"datePublished\":\"2026-01-13T18:52:43+00:00\",\"dateModified\":\"2026-01-13T19:00:32+00:00\",\"description\":\"Lluc Casares Big Band vol. 1 - The Changes - TC037, 8435307621290 LP en vinilo negro y carpeta sencilla, 2025\",\"breadcrumb\":{\"@id\":\"https:\\\/\\\/discos-redondos.es\\\/producto\\\/lluc-casares-big-band-vol-1#breadcrumb\"},\"inLanguage\":\"ca\",\"potentialAction\":[{\"@type\":\"ReadAction\",\"target\":[\"https:\\\/\\\/discos-redondos.es\\\/producto\\\/lluc-casares-big-band-vol-1\"]}]},{\"@type\":\"ImageObject\",\"inLanguage\":\"ca\",\"@id\":\"https:\\\/\\\/discos-redondos.es\\\/producto\\\/lluc-casares-big-band-vol-1#primaryimage\",\"url\":\"https:\\\/\\\/discos-redondos.es\\\/wp-content\\\/uploads\\\/2026\\\/01\\\/Lluc-Casares-Big-Band-vol.-1.jpg\",\"contentUrl\":\"https:\\\/\\\/discos-redondos.es\\\/wp-content\\\/uploads\\\/2026\\\/01\\\/Lluc-Casares-Big-Band-vol.-1.jpg\",\"width\":1200,\"height\":1200,\"caption\":\"Lluc Casares Big Band vol. 1\"},{\"@type\":\"BreadcrumbList\",\"@id\":\"https:\\\/\\\/discos-redondos.es\\\/producto\\\/lluc-casares-big-band-vol-1#breadcrumb\",\"itemListElement\":[{\"@type\":\"ListItem\",\"position\":1,\"name\":\"Portada\",\"item\":\"https:\\\/\\\/discos-redondos.es\\\/\"},{\"@type\":\"ListItem\",\"position\":2,\"name\":\"Tienda\",\"item\":\"https:\\\/\\\/discos-redondos.es\\\/?page_id=487\"},{\"@type\":\"ListItem\",\"position\":3,\"name\":\"Lluc Casares Big Band vol. 1\"}]},{\"@type\":\"WebSite\",\"@id\":\"https:\\\/\\\/discos-redondos.es\\\/#website\",\"url\":\"https:\\\/\\\/discos-redondos.es\\\/\",\"name\":\"Discos Redondos\",\"description\":\"Tu tienda de discos en Barcelona\",\"publisher\":{\"@id\":\"https:\\\/\\\/discos-redondos.es\\\/#organization\"},\"alternateName\":\"Discos Redondos\",\"potentialAction\":[{\"@type\":\"SearchAction\",\"target\":{\"@type\":\"EntryPoint\",\"urlTemplate\":\"https:\\\/\\\/discos-redondos.es\\\/?s={search_term_string}\"},\"query-input\":{\"@type\":\"PropertyValueSpecification\",\"valueRequired\":true,\"valueName\":\"search_term_string\"}}],\"inLanguage\":\"ca\"},{\"@type\":\"Organization\",\"@id\":\"https:\\\/\\\/discos-redondos.es\\\/#organization\",\"name\":\"Discos Redondos\",\"url\":\"https:\\\/\\\/discos-redondos.es\\\/\",\"logo\":{\"@type\":\"ImageObject\",\"inLanguage\":\"ca\",\"@id\":\"https:\\\/\\\/discos-redondos.es\\\/#\\\/schema\\\/logo\\\/image\\\/\",\"url\":\"https:\\\/\\\/discos-redondos.es\\\/wp-content\\\/uploads\\\/2023\\\/04\\\/aaff-logo-raval-1-1.jpg\",\"contentUrl\":\"https:\\\/\\\/discos-redondos.es\\\/wp-content\\\/uploads\\\/2023\\\/04\\\/aaff-logo-raval-1-1.jpg\",\"width\":2362,\"height\":1441,\"caption\":\"Discos Redondos\"},\"image\":{\"@id\":\"https:\\\/\\\/discos-redondos.es\\\/#\\\/schema\\\/logo\\\/image\\\/\"},\"sameAs\":[\"https:\\\/\\\/www.facebook.com\\\/discosredondos45\",\"https:\\\/\\\/www.instagram.com\\\/discos.redondos33\\\/?hl=es\",\"https:\\\/\\\/discos-redondos.bandcamp.com\\\/\"]}]}<\/script>\n<!-- \/ Yoast SEO plugin. -->","yoast_head_json":{"title":"Lluc Casares Big Band vol. 1 - DISCOS REDONDOS","description":"Lluc Casares Big Band vol. 1 - The Changes - TC037, 8435307621290 LP en vinilo negro y carpeta sencilla, 2025","robots":{"index":"index","follow":"follow","max-snippet":"max-snippet:-1","max-image-preview":"max-image-preview:large","max-video-preview":"max-video-preview:-1"},"canonical":"https:\/\/discos-redondos.es\/ca\/producte\/lluc-casares-big-band-vol-1\/","og_locale":"ca_ES","og_type":"article","og_title":"Lluc Casares Big Band vol. 1 - DISCOS REDONDOS","og_description":"Lluc Casares Big Band vol. 1 - The Changes - TC037, 8435307621290 LP en vinilo negro y carpeta sencilla, 2025","og_url":"https:\/\/discos-redondos.es\/ca\/producte\/lluc-casares-big-band-vol-1\/","og_site_name":"DISCOS REDONDOS","article_publisher":"https:\/\/www.facebook.com\/discosredondos45","article_modified_time":"2026-01-13T19:00:32+00:00","og_image":[{"width":1200,"height":1200,"url":"https:\/\/discos-redondos.es\/wp-content\/uploads\/2026\/01\/Lluc-Casares-Big-Band-vol.-1.jpg","type":"image\/jpeg"}],"twitter_card":"summary_large_image","twitter_misc":{"Temps estimat de lectura":"2 minuts"},"schema":{"@context":"https:\/\/schema.org","@graph":[{"@type":"WebPage","@id":"https:\/\/discos-redondos.es\/producto\/lluc-casares-big-band-vol-1","url":"https:\/\/discos-redondos.es\/producto\/lluc-casares-big-band-vol-1","name":"Lluc Casares Big Band vol. 1 - DISCOS REDONDOS","isPartOf":{"@id":"https:\/\/discos-redondos.es\/#website"},"primaryImageOfPage":{"@id":"https:\/\/discos-redondos.es\/producto\/lluc-casares-big-band-vol-1#primaryimage"},"image":{"@id":"https:\/\/discos-redondos.es\/producto\/lluc-casares-big-band-vol-1#primaryimage"},"thumbnailUrl":"https:\/\/discos-redondos.es\/wp-content\/uploads\/2026\/01\/Lluc-Casares-Big-Band-vol.-1.jpg","datePublished":"2026-01-13T18:52:43+00:00","dateModified":"2026-01-13T19:00:32+00:00","description":"Lluc Casares Big Band vol. 1 - The Changes - TC037, 8435307621290 LP en vinilo negro y carpeta sencilla, 2025","breadcrumb":{"@id":"https:\/\/discos-redondos.es\/producto\/lluc-casares-big-band-vol-1#breadcrumb"},"inLanguage":"ca","potentialAction":[{"@type":"ReadAction","target":["https:\/\/discos-redondos.es\/producto\/lluc-casares-big-band-vol-1"]}]},{"@type":"ImageObject","inLanguage":"ca","@id":"https:\/\/discos-redondos.es\/producto\/lluc-casares-big-band-vol-1#primaryimage","url":"https:\/\/discos-redondos.es\/wp-content\/uploads\/2026\/01\/Lluc-Casares-Big-Band-vol.-1.jpg","contentUrl":"https:\/\/discos-redondos.es\/wp-content\/uploads\/2026\/01\/Lluc-Casares-Big-Band-vol.-1.jpg","width":1200,"height":1200,"caption":"Lluc Casares Big Band vol. 1"},{"@type":"BreadcrumbList","@id":"https:\/\/discos-redondos.es\/producto\/lluc-casares-big-band-vol-1#breadcrumb","itemListElement":[{"@type":"ListItem","position":1,"name":"Portada","item":"https:\/\/discos-redondos.es\/"},{"@type":"ListItem","position":2,"name":"Tienda","item":"https:\/\/discos-redondos.es\/?page_id=487"},{"@type":"ListItem","position":3,"name":"Lluc Casares Big Band vol. 1"}]},{"@type":"WebSite","@id":"https:\/\/discos-redondos.es\/#website","url":"https:\/\/discos-redondos.es\/","name":"Discos Redondos","description":"La teva botiga de discos a Barcelona","publisher":{"@id":"https:\/\/discos-redondos.es\/#organization"},"alternateName":"Discos Redondos","potentialAction":[{"@type":"SearchAction","target":{"@type":"EntryPoint","urlTemplate":"https:\/\/discos-redondos.es\/?s={search_term_string}"},"query-input":{"@type":"PropertyValueSpecification","valueRequired":true,"valueName":"search_term_string"}}],"inLanguage":"ca"},{"@type":"Organization","@id":"https:\/\/discos-redondos.es\/#organization","name":"Discos Redondos","url":"https:\/\/discos-redondos.es\/","logo":{"@type":"ImageObject","inLanguage":"ca","@id":"https:\/\/discos-redondos.es\/#\/schema\/logo\/image\/","url":"https:\/\/discos-redondos.es\/wp-content\/uploads\/2023\/04\/aaff-logo-raval-1-1.jpg","contentUrl":"https:\/\/discos-redondos.es\/wp-content\/uploads\/2023\/04\/aaff-logo-raval-1-1.jpg","width":2362,"height":1441,"caption":"Discos Redondos"},"image":{"@id":"https:\/\/discos-redondos.es\/#\/schema\/logo\/image\/"},"sameAs":["https:\/\/www.facebook.com\/discosredondos45","https:\/\/www.instagram.com\/discos.redondos33\/?hl=es","https:\/\/discos-redondos.bandcamp.com\/"]}]}},"_links":{"self":[{"href":"https:\/\/discos-redondos.es\/ca\/wp-json\/wp\/v2\/product\/12514","targetHints":{"allow":["GET"]}}],"collection":[{"href":"https:\/\/discos-redondos.es\/ca\/wp-json\/wp\/v2\/product"}],"about":[{"href":"https:\/\/discos-redondos.es\/ca\/wp-json\/wp\/v2\/types\/product"}],"wp:featuredmedia":[{"embeddable":true,"href":"https:\/\/discos-redondos.es\/ca\/wp-json\/wp\/v2\/media\/12515"}],"wp:attachment":[{"href":"https:\/\/discos-redondos.es\/ca\/wp-json\/wp\/v2\/media?parent=12514"}],"wp:term":[{"taxonomy":"product_brand","embeddable":true,"href":"https:\/\/discos-redondos.es\/ca\/wp-json\/wp\/v2\/product_brand?post=12514"},{"taxonomy":"product_cat","embeddable":true,"href":"https:\/\/discos-redondos.es\/ca\/wp-json\/wp\/v2\/product_cat?post=12514"},{"taxonomy":"product_tag","embeddable":true,"href":"https:\/\/discos-redondos.es\/ca\/wp-json\/wp\/v2\/product_tag?post=12514"}],"curies":[{"name":"wp","href":"https:\/\/api.w.org\/{rel}","templated":true}]}}