{"id":14575,"date":"2026-01-28T19:12:18","date_gmt":"2026-01-28T19:12:18","guid":{"rendered":"https:\/\/discos-redondos.es\/?post_type=product&#038;p=14575"},"modified":"2026-03-26T11:03:30","modified_gmt":"2026-03-26T11:03:30","slug":"extrano-weys-les-abelles-palmen-pero-els-pajarus-encara-canten","status":"publish","type":"product","link":"https:\/\/discos-redondos.es\/ca\/producte\/extrano-weys-les-abelles-palmen-pero-els-pajarus-encara-canten","title":{"rendered":"Extra\u00f1o Weys &#8211; Les abelles palmen per\u00f2 els p\u00e0jarus encara canten"},"content":{"rendered":"<p><strong>Extra\u00f1o Weys &#8211; Les abelles palmen per\u00f2 els p\u00e0jarus encara canten<\/strong><\/p>\n<p><strong>Tracklist<\/strong><\/p>\n<table class=\"tracklist_ZdQ0I\">\n<tbody>\n<tr data-track-position=\"A1\">\n<td class=\"trackPos_n8vad\"><span class=\"MuiTypography-root MuiTypography-labelSmall css-1kybk0l\">A1<\/span><\/td>\n<td class=\"artist_VsG56\"><span class=\"MuiTypography-root MuiTypography-labelSmall css-1kybk0l\"><span class=\"link_PKPcS\">Extra\u00f1o Weys<\/span>,\u00a0<span class=\"link_PKPcS\">El Gordo Del Puru<\/span><\/span><\/td>\n<td class=\"trackTitle_loyWF\"><span class=\"MuiTypography-root MuiTypography-labelSmall css-1kybk0l\"><span class=\"trackTitle_loyWF\">Rius, Abelles i P\u00e0jarus<\/span><\/span><\/td>\n<td class=\"duration_GhhxK\"><span class=\"MuiTypography-root MuiTypography-labelSmall css-1kybk0l\">1:16<\/span><\/td>\n<\/tr>\n<tr data-track-position=\"A2\">\n<td class=\"trackPos_n8vad\"><span class=\"MuiTypography-root MuiTypography-labelSmall css-1kybk0l\">A2<\/span><\/td>\n<td class=\"artist_VsG56\"><span class=\"MuiTypography-root MuiTypography-labelSmall css-1kybk0l\"><span class=\"link_PKPcS\">Extra\u00f1o Weys<\/span><\/span><\/td>\n<td class=\"trackTitle_loyWF\"><span class=\"MuiTypography-root MuiTypography-labelSmall css-1kybk0l\"><span class=\"trackTitle_loyWF\">Capritxos que maten flors<\/span><\/span><\/td>\n<td class=\"duration_GhhxK\"><span class=\"MuiTypography-root MuiTypography-labelSmall css-1kybk0l\">2:11<\/span><\/td>\n<\/tr>\n<tr data-track-position=\"A3\">\n<td class=\"trackPos_n8vad\"><span class=\"MuiTypography-root MuiTypography-labelSmall css-1kybk0l\">A3<\/span><\/td>\n<td class=\"artist_VsG56\"><span class=\"MuiTypography-root MuiTypography-labelSmall css-1kybk0l\"><span class=\"link_PKPcS\">Extra\u00f1o Weys<\/span>,\u00a0<span class=\"link_PKPcS\">Viktor Pizza<\/span><\/span><\/td>\n<td class=\"trackTitle_loyWF\"><span class=\"MuiTypography-root MuiTypography-labelSmall css-1kybk0l\"><span class=\"trackTitle_loyWF\">Banzai!<\/span><\/span><\/td>\n<td class=\"duration_GhhxK\"><span class=\"MuiTypography-root MuiTypography-labelSmall css-1kybk0l\">3:09<\/span><\/td>\n<\/tr>\n<tr data-track-position=\"A4\">\n<td class=\"trackPos_n8vad\"><span class=\"MuiTypography-root MuiTypography-labelSmall css-1kybk0l\">A4<\/span><\/td>\n<td class=\"artist_VsG56\"><span class=\"MuiTypography-root MuiTypography-labelSmall css-1kybk0l\"><span class=\"link_PKPcS\">Extra\u00f1o Weys<\/span>,\u00a0<span class=\"link_PKPcS\">Marta Garrett<\/span><\/span><\/td>\n<td class=\"trackTitle_loyWF\"><span class=\"MuiTypography-root MuiTypography-labelSmall css-1kybk0l\"><span class=\"trackTitle_loyWF\">mel\/foc<\/span><\/span><\/td>\n<td class=\"duration_GhhxK\"><span class=\"MuiTypography-root MuiTypography-labelSmall css-1kybk0l\">3:28<\/span><\/td>\n<\/tr>\n<tr data-track-position=\"A5\">\n<td class=\"trackPos_n8vad\"><span class=\"MuiTypography-root MuiTypography-labelSmall css-1kybk0l\">A5<\/span><\/td>\n<td class=\"artist_VsG56\"><span class=\"MuiTypography-root MuiTypography-labelSmall css-1kybk0l\"><span class=\"link_PKPcS\">Extra\u00f1o Weys<\/span>,\u00a0<span class=\"link_PKPcS\">Poor Tr\u00e0mit<\/span>,\u00a0<span class=\"link_PKPcS\">Maria Cinta<\/span><\/span><\/td>\n<td class=\"trackTitle_loyWF\"><span class=\"MuiTypography-root MuiTypography-labelSmall css-1kybk0l\"><span class=\"trackTitle_loyWF\">Almenys mosseguen<\/span><\/span><\/td>\n<td class=\"duration_GhhxK\"><span class=\"MuiTypography-root MuiTypography-labelSmall css-1kybk0l\">3:03<\/span><\/td>\n<\/tr>\n<tr data-track-position=\"B1\">\n<td class=\"trackPos_n8vad\"><span class=\"MuiTypography-root MuiTypography-labelSmall css-1kybk0l\">B1<\/span><\/td>\n<td class=\"artist_VsG56\"><span class=\"MuiTypography-root MuiTypography-labelSmall css-1kybk0l\"><span class=\"link_PKPcS\">Extra\u00f1o Weys<\/span>,\u00a0<span class=\"link_PKPcS\">El Noi de Tona<\/span><\/span><\/td>\n<td class=\"trackTitle_loyWF\"><span class=\"MuiTypography-root MuiTypography-labelSmall css-1kybk0l\"><span class=\"trackTitle_loyWF\">tou\/suau<\/span><\/span><\/td>\n<td class=\"duration_GhhxK\"><span class=\"MuiTypography-root MuiTypography-labelSmall css-1kybk0l\">2:46<\/span><\/td>\n<\/tr>\n<tr data-track-position=\"B2\">\n<td class=\"trackPos_n8vad\"><span class=\"MuiTypography-root MuiTypography-labelSmall css-1kybk0l\">B2<\/span><\/td>\n<td class=\"artist_VsG56\"><span class=\"MuiTypography-root MuiTypography-labelSmall css-1kybk0l\"><span class=\"link_PKPcS\">Extra\u00f1o Weys<\/span>,\u00a0<span class=\"link_PKPcS\">El Gordo Del Puru<\/span><\/span><\/td>\n<td class=\"trackTitle_loyWF\"><span class=\"MuiTypography-root MuiTypography-labelSmall css-1kybk0l\"><span class=\"trackTitle_loyWF\">Trencant troncs<\/span><\/span><\/td>\n<td class=\"duration_GhhxK\"><span class=\"MuiTypography-root MuiTypography-labelSmall css-1kybk0l\">1:57<\/span><\/td>\n<\/tr>\n<tr data-track-position=\"B3\">\n<td class=\"trackPos_n8vad\"><span class=\"MuiTypography-root MuiTypography-labelSmall css-1kybk0l\">B3<\/span><\/td>\n<td class=\"artist_VsG56\"><span class=\"MuiTypography-root MuiTypography-labelSmall css-1kybk0l\"><span class=\"link_PKPcS\">Extra\u00f1o Weys<\/span><\/span><\/td>\n<td class=\"trackTitle_loyWF\"><span class=\"MuiTypography-root MuiTypography-labelSmall css-1kybk0l\"><span class=\"trackTitle_loyWF\">terra\/pols<\/span><\/span><\/td>\n<td class=\"duration_GhhxK\"><span class=\"MuiTypography-root MuiTypography-labelSmall css-1kybk0l\">3:14<\/span><\/td>\n<\/tr>\n<tr data-track-position=\"B4\">\n<td class=\"trackPos_n8vad\"><span class=\"MuiTypography-root MuiTypography-labelSmall css-1kybk0l\">B4<\/span><\/td>\n<td class=\"artist_VsG56\"><span class=\"MuiTypography-root MuiTypography-labelSmall css-1kybk0l\"><span class=\"link_PKPcS\">Extra\u00f1o Weys<\/span>,\u00a0<span class=\"link_PKPcS\">C.H.A<\/span><\/span><\/td>\n<td class=\"trackTitle_loyWF\"><span class=\"MuiTypography-root MuiTypography-labelSmall css-1kybk0l\"><span class=\"trackTitle_loyWF\">La vida sabrosa<\/span><\/span><\/td>\n<td class=\"duration_GhhxK\"><span class=\"MuiTypography-root MuiTypography-labelSmall css-1kybk0l\">4:30<\/span><\/td>\n<\/tr>\n<\/tbody>\n<\/table>\n<p><iframe loading=\"lazy\" title=\"Extran\u0303o Weys - terra\/pols [video oficial]\" width=\"832\" height=\"468\" src=\"https:\/\/www.youtube.com\/embed\/QPy4iYh_sak?feature=oembed\" frameborder=\"0\" allow=\"accelerometer; autoplay; clipboard-write; encrypted-media; gyroscope; picture-in-picture; web-share\" referrerpolicy=\"strict-origin-when-cross-origin\" allowfullscreen><\/iframe><\/p>\n<p><strong>Extra\u00f1o Weys &#8211; Les abelles palmen per\u00f2 els p\u00e0jarus encara canten<\/strong><\/p>\n","protected":false},"excerpt":{"rendered":"<p>Bankrobber \u2013 BR213LP, 8425402472736<\/p>\n<p>LP en vinilo negro a 45 rpm, con funda interior impresa y carpeta sencilla<\/p>","protected":false},"featured_media":14576,"template":"","meta":[],"product_brand":[183],"product_cat":[74],"product_tag":[],"class_list":{"0":"post-14575","1":"product","2":"type-product","3":"status-publish","4":"has-post-thumbnail","6":"product_brand-bankrobber","7":"product_cat-hip-hop","9":"first","10":"instock","11":"taxable","12":"shipping-taxable","13":"purchasable","14":"product-type-simple"},"yoast_head":"<!-- This site is optimized with the Yoast SEO plugin v27.3 - https:\/\/yoast.com\/product\/yoast-seo-wordpress\/ -->\n<title>Extra\u00f1o Weys - Les abelles palmen per\u00f2 els p\u00e0jarus encara canten - DISCOS REDONDOS<\/title>\n<meta name=\"description\" content=\"Extra\u00f1o Weys - Les abelles palmen per\u00f2 els p\u00e0jarus encara canten - Bankrobber \u2013 BR213LP, 8425402472736 LP en vinilo negro a 45 rpm\" \/>\n<meta name=\"robots\" content=\"index, follow, max-snippet:-1, max-image-preview:large, max-video-preview:-1\" \/>\n<link rel=\"canonical\" href=\"https:\/\/discos-redondos.es\/ca\/producte\/extrano-weys-les-abelles-palmen-pero-els-pajarus-encara-canten\/\" \/>\n<meta property=\"og:locale\" content=\"ca_ES\" \/>\n<meta property=\"og:type\" content=\"article\" \/>\n<meta property=\"og:title\" content=\"Extra\u00f1o Weys - Les abelles palmen per\u00f2 els p\u00e0jarus encara canten - DISCOS REDONDOS\" \/>\n<meta property=\"og:description\" content=\"Extra\u00f1o Weys - Les abelles palmen per\u00f2 els p\u00e0jarus encara canten - Bankrobber \u2013 BR213LP, 8425402472736 LP en vinilo negro a 45 rpm\" \/>\n<meta property=\"og:url\" content=\"https:\/\/discos-redondos.es\/ca\/producte\/extrano-weys-les-abelles-palmen-pero-els-pajarus-encara-canten\/\" \/>\n<meta property=\"og:site_name\" content=\"DISCOS REDONDOS\" \/>\n<meta property=\"article:publisher\" content=\"https:\/\/www.facebook.com\/discosredondos45\" \/>\n<meta property=\"article:modified_time\" content=\"2026-03-26T11:03:30+00:00\" \/>\n<meta property=\"og:image\" content=\"https:\/\/discos-redondos.es\/wp-content\/uploads\/2026\/01\/Extrano-Weys-Les-abelles-palmen-pero-els-pajarus-encara-canten.jpg\" \/>\n\t<meta property=\"og:image:width\" content=\"600\" \/>\n\t<meta property=\"og:image:height\" content=\"600\" \/>\n\t<meta property=\"og:image:type\" content=\"image\/jpeg\" \/>\n<meta name=\"twitter:card\" content=\"summary_large_image\" \/>\n<meta name=\"twitter:label1\" content=\"Temps estimat de lectura\" \/>\n\t<meta name=\"twitter:data1\" content=\"1 minut\" \/>\n<script type=\"application\/ld+json\" class=\"yoast-schema-graph\">{\"@context\":\"https:\\\/\\\/schema.org\",\"@graph\":[{\"@type\":\"WebPage\",\"@id\":\"https:\\\/\\\/discos-redondos.es\\\/producto\\\/extrano-weys-les-abelles-palmen-pero-els-pajarus-encara-canten\",\"url\":\"https:\\\/\\\/discos-redondos.es\\\/producto\\\/extrano-weys-les-abelles-palmen-pero-els-pajarus-encara-canten\",\"name\":\"Extra\u00f1o Weys - Les abelles palmen per\u00f2 els p\u00e0jarus encara canten - DISCOS REDONDOS\",\"isPartOf\":{\"@id\":\"https:\\\/\\\/discos-redondos.es\\\/#website\"},\"primaryImageOfPage\":{\"@id\":\"https:\\\/\\\/discos-redondos.es\\\/producto\\\/extrano-weys-les-abelles-palmen-pero-els-pajarus-encara-canten#primaryimage\"},\"image\":{\"@id\":\"https:\\\/\\\/discos-redondos.es\\\/producto\\\/extrano-weys-les-abelles-palmen-pero-els-pajarus-encara-canten#primaryimage\"},\"thumbnailUrl\":\"https:\\\/\\\/discos-redondos.es\\\/wp-content\\\/uploads\\\/2026\\\/01\\\/Extrano-Weys-Les-abelles-palmen-pero-els-pajarus-encara-canten.jpg\",\"datePublished\":\"2026-01-28T19:12:18+00:00\",\"dateModified\":\"2026-03-26T11:03:30+00:00\",\"description\":\"Extra\u00f1o Weys - Les abelles palmen per\u00f2 els p\u00e0jarus encara canten - Bankrobber \u2013 BR213LP, 8425402472736 LP en vinilo negro a 45 rpm\",\"breadcrumb\":{\"@id\":\"https:\\\/\\\/discos-redondos.es\\\/producto\\\/extrano-weys-les-abelles-palmen-pero-els-pajarus-encara-canten#breadcrumb\"},\"inLanguage\":\"ca\",\"potentialAction\":[{\"@type\":\"ReadAction\",\"target\":[\"https:\\\/\\\/discos-redondos.es\\\/producto\\\/extrano-weys-les-abelles-palmen-pero-els-pajarus-encara-canten\"]}]},{\"@type\":\"ImageObject\",\"inLanguage\":\"ca\",\"@id\":\"https:\\\/\\\/discos-redondos.es\\\/producto\\\/extrano-weys-les-abelles-palmen-pero-els-pajarus-encara-canten#primaryimage\",\"url\":\"https:\\\/\\\/discos-redondos.es\\\/wp-content\\\/uploads\\\/2026\\\/01\\\/Extrano-Weys-Les-abelles-palmen-pero-els-pajarus-encara-canten.jpg\",\"contentUrl\":\"https:\\\/\\\/discos-redondos.es\\\/wp-content\\\/uploads\\\/2026\\\/01\\\/Extrano-Weys-Les-abelles-palmen-pero-els-pajarus-encara-canten.jpg\",\"width\":600,\"height\":600,\"caption\":\"Extra\u00f1o Weys - Les abelles palmen per\u00f2 els p\u00e0jarus encara canten\"},{\"@type\":\"BreadcrumbList\",\"@id\":\"https:\\\/\\\/discos-redondos.es\\\/producto\\\/extrano-weys-les-abelles-palmen-pero-els-pajarus-encara-canten#breadcrumb\",\"itemListElement\":[{\"@type\":\"ListItem\",\"position\":1,\"name\":\"Portada\",\"item\":\"https:\\\/\\\/discos-redondos.es\\\/\"},{\"@type\":\"ListItem\",\"position\":2,\"name\":\"Tienda\",\"item\":\"https:\\\/\\\/discos-redondos.es\\\/?page_id=487\"},{\"@type\":\"ListItem\",\"position\":3,\"name\":\"Extra\u00f1o Weys &#8211; Les abelles palmen per\u00f2 els p\u00e0jarus encara canten\"}]},{\"@type\":\"WebSite\",\"@id\":\"https:\\\/\\\/discos-redondos.es\\\/#website\",\"url\":\"https:\\\/\\\/discos-redondos.es\\\/\",\"name\":\"Discos Redondos\",\"description\":\"Tu tienda de discos en Barcelona\",\"publisher\":{\"@id\":\"https:\\\/\\\/discos-redondos.es\\\/#organization\"},\"alternateName\":\"Discos Redondos\",\"potentialAction\":[{\"@type\":\"SearchAction\",\"target\":{\"@type\":\"EntryPoint\",\"urlTemplate\":\"https:\\\/\\\/discos-redondos.es\\\/?s={search_term_string}\"},\"query-input\":{\"@type\":\"PropertyValueSpecification\",\"valueRequired\":true,\"valueName\":\"search_term_string\"}}],\"inLanguage\":\"ca\"},{\"@type\":\"Organization\",\"@id\":\"https:\\\/\\\/discos-redondos.es\\\/#organization\",\"name\":\"Discos Redondos\",\"url\":\"https:\\\/\\\/discos-redondos.es\\\/\",\"logo\":{\"@type\":\"ImageObject\",\"inLanguage\":\"ca\",\"@id\":\"https:\\\/\\\/discos-redondos.es\\\/#\\\/schema\\\/logo\\\/image\\\/\",\"url\":\"https:\\\/\\\/discos-redondos.es\\\/wp-content\\\/uploads\\\/2023\\\/04\\\/aaff-logo-raval-1-1.jpg\",\"contentUrl\":\"https:\\\/\\\/discos-redondos.es\\\/wp-content\\\/uploads\\\/2023\\\/04\\\/aaff-logo-raval-1-1.jpg\",\"width\":2362,\"height\":1441,\"caption\":\"Discos Redondos\"},\"image\":{\"@id\":\"https:\\\/\\\/discos-redondos.es\\\/#\\\/schema\\\/logo\\\/image\\\/\"},\"sameAs\":[\"https:\\\/\\\/www.facebook.com\\\/discosredondos45\",\"https:\\\/\\\/www.instagram.com\\\/discos.redondos33\\\/?hl=es\",\"https:\\\/\\\/discos-redondos.bandcamp.com\\\/\"]}]}<\/script>\n<!-- \/ Yoast SEO plugin. -->","yoast_head_json":{"title":"Extra\u00f1o Weys - Les abelles palmen per\u00f2 els p\u00e0jarus encara canten - DISCOS REDONDOS","description":"Extra\u00f1o Weys - Les abelles palmen per\u00f2 els p\u00e0jarus encara canten - Bankrobber \u2013 BR213LP, 8425402472736 LP en vinilo negro a 45 rpm","robots":{"index":"index","follow":"follow","max-snippet":"max-snippet:-1","max-image-preview":"max-image-preview:large","max-video-preview":"max-video-preview:-1"},"canonical":"https:\/\/discos-redondos.es\/ca\/producte\/extrano-weys-les-abelles-palmen-pero-els-pajarus-encara-canten\/","og_locale":"ca_ES","og_type":"article","og_title":"Extra\u00f1o Weys - Les abelles palmen per\u00f2 els p\u00e0jarus encara canten - DISCOS REDONDOS","og_description":"Extra\u00f1o Weys - Les abelles palmen per\u00f2 els p\u00e0jarus encara canten - Bankrobber \u2013 BR213LP, 8425402472736 LP en vinilo negro a 45 rpm","og_url":"https:\/\/discos-redondos.es\/ca\/producte\/extrano-weys-les-abelles-palmen-pero-els-pajarus-encara-canten\/","og_site_name":"DISCOS REDONDOS","article_publisher":"https:\/\/www.facebook.com\/discosredondos45","article_modified_time":"2026-03-26T11:03:30+00:00","og_image":[{"width":600,"height":600,"url":"https:\/\/discos-redondos.es\/wp-content\/uploads\/2026\/01\/Extrano-Weys-Les-abelles-palmen-pero-els-pajarus-encara-canten.jpg","type":"image\/jpeg"}],"twitter_card":"summary_large_image","twitter_misc":{"Temps estimat de lectura":"1 minut"},"schema":{"@context":"https:\/\/schema.org","@graph":[{"@type":"WebPage","@id":"https:\/\/discos-redondos.es\/producto\/extrano-weys-les-abelles-palmen-pero-els-pajarus-encara-canten","url":"https:\/\/discos-redondos.es\/producto\/extrano-weys-les-abelles-palmen-pero-els-pajarus-encara-canten","name":"Extra\u00f1o Weys - Les abelles palmen per\u00f2 els p\u00e0jarus encara canten - DISCOS REDONDOS","isPartOf":{"@id":"https:\/\/discos-redondos.es\/#website"},"primaryImageOfPage":{"@id":"https:\/\/discos-redondos.es\/producto\/extrano-weys-les-abelles-palmen-pero-els-pajarus-encara-canten#primaryimage"},"image":{"@id":"https:\/\/discos-redondos.es\/producto\/extrano-weys-les-abelles-palmen-pero-els-pajarus-encara-canten#primaryimage"},"thumbnailUrl":"https:\/\/discos-redondos.es\/wp-content\/uploads\/2026\/01\/Extrano-Weys-Les-abelles-palmen-pero-els-pajarus-encara-canten.jpg","datePublished":"2026-01-28T19:12:18+00:00","dateModified":"2026-03-26T11:03:30+00:00","description":"Extra\u00f1o Weys - Les abelles palmen per\u00f2 els p\u00e0jarus encara canten - Bankrobber \u2013 BR213LP, 8425402472736 LP en vinilo negro a 45 rpm","breadcrumb":{"@id":"https:\/\/discos-redondos.es\/producto\/extrano-weys-les-abelles-palmen-pero-els-pajarus-encara-canten#breadcrumb"},"inLanguage":"ca","potentialAction":[{"@type":"ReadAction","target":["https:\/\/discos-redondos.es\/producto\/extrano-weys-les-abelles-palmen-pero-els-pajarus-encara-canten"]}]},{"@type":"ImageObject","inLanguage":"ca","@id":"https:\/\/discos-redondos.es\/producto\/extrano-weys-les-abelles-palmen-pero-els-pajarus-encara-canten#primaryimage","url":"https:\/\/discos-redondos.es\/wp-content\/uploads\/2026\/01\/Extrano-Weys-Les-abelles-palmen-pero-els-pajarus-encara-canten.jpg","contentUrl":"https:\/\/discos-redondos.es\/wp-content\/uploads\/2026\/01\/Extrano-Weys-Les-abelles-palmen-pero-els-pajarus-encara-canten.jpg","width":600,"height":600,"caption":"Extra\u00f1o Weys - Les abelles palmen per\u00f2 els p\u00e0jarus encara canten"},{"@type":"BreadcrumbList","@id":"https:\/\/discos-redondos.es\/producto\/extrano-weys-les-abelles-palmen-pero-els-pajarus-encara-canten#breadcrumb","itemListElement":[{"@type":"ListItem","position":1,"name":"Portada","item":"https:\/\/discos-redondos.es\/"},{"@type":"ListItem","position":2,"name":"Tienda","item":"https:\/\/discos-redondos.es\/?page_id=487"},{"@type":"ListItem","position":3,"name":"Extra\u00f1o Weys &#8211; Les abelles palmen per\u00f2 els p\u00e0jarus encara canten"}]},{"@type":"WebSite","@id":"https:\/\/discos-redondos.es\/#website","url":"https:\/\/discos-redondos.es\/","name":"Discos Redondos","description":"La teva botiga de discos a Barcelona","publisher":{"@id":"https:\/\/discos-redondos.es\/#organization"},"alternateName":"Discos Redondos","potentialAction":[{"@type":"SearchAction","target":{"@type":"EntryPoint","urlTemplate":"https:\/\/discos-redondos.es\/?s={search_term_string}"},"query-input":{"@type":"PropertyValueSpecification","valueRequired":true,"valueName":"search_term_string"}}],"inLanguage":"ca"},{"@type":"Organization","@id":"https:\/\/discos-redondos.es\/#organization","name":"Discos Redondos","url":"https:\/\/discos-redondos.es\/","logo":{"@type":"ImageObject","inLanguage":"ca","@id":"https:\/\/discos-redondos.es\/#\/schema\/logo\/image\/","url":"https:\/\/discos-redondos.es\/wp-content\/uploads\/2023\/04\/aaff-logo-raval-1-1.jpg","contentUrl":"https:\/\/discos-redondos.es\/wp-content\/uploads\/2023\/04\/aaff-logo-raval-1-1.jpg","width":2362,"height":1441,"caption":"Discos Redondos"},"image":{"@id":"https:\/\/discos-redondos.es\/#\/schema\/logo\/image\/"},"sameAs":["https:\/\/www.facebook.com\/discosredondos45","https:\/\/www.instagram.com\/discos.redondos33\/?hl=es","https:\/\/discos-redondos.bandcamp.com\/"]}]}},"jetpack_sharing_enabled":true,"_links":{"self":[{"href":"https:\/\/discos-redondos.es\/ca\/wp-json\/wp\/v2\/product\/14575","targetHints":{"allow":["GET"]}}],"collection":[{"href":"https:\/\/discos-redondos.es\/ca\/wp-json\/wp\/v2\/product"}],"about":[{"href":"https:\/\/discos-redondos.es\/ca\/wp-json\/wp\/v2\/types\/product"}],"wp:featuredmedia":[{"embeddable":true,"href":"https:\/\/discos-redondos.es\/ca\/wp-json\/wp\/v2\/media\/14576"}],"wp:attachment":[{"href":"https:\/\/discos-redondos.es\/ca\/wp-json\/wp\/v2\/media?parent=14575"}],"wp:term":[{"taxonomy":"product_brand","embeddable":true,"href":"https:\/\/discos-redondos.es\/ca\/wp-json\/wp\/v2\/product_brand?post=14575"},{"taxonomy":"product_cat","embeddable":true,"href":"https:\/\/discos-redondos.es\/ca\/wp-json\/wp\/v2\/product_cat?post=14575"},{"taxonomy":"product_tag","embeddable":true,"href":"https:\/\/discos-redondos.es\/ca\/wp-json\/wp\/v2\/product_tag?post=14575"}],"curies":[{"name":"wp","href":"https:\/\/api.w.org\/{rel}","templated":true}]}}