{"id":1494,"date":"2021-05-31T18:03:02","date_gmt":"2021-05-31T18:03:02","guid":{"rendered":"https:\/\/discos-redondos.es\/?post_type=product&#038;p=1494"},"modified":"2025-10-22T17:34:01","modified_gmt":"2025-10-22T17:34:01","slug":"fela-anikulapo-kuti-afrika-70-v-i-p-vagabonds-in-power-vol-1-live-in-berlin","status":"publish","type":"product","link":"https:\/\/discos-redondos.es\/ca\/producte\/fela-anikulapo-kuti-afrika-70-v-i-p-vagabonds-in-power-vol-1-live-in-berlin","title":{"rendered":"F\u1eb9la An\u00edk\u00fal\u00e1p\u00f3 Kuti &#038; Afrika 70 \u200e\u2013 V.I.P."},"content":{"rendered":"<h3>F\u1eb9la An\u00edk\u00fal\u00e1p\u00f3 Kuti &amp; Afrika 70 \u200e\u2013 V.I.P. (Vagabonds In Power) Vol. 1 Live In Berlin<\/h3>\n<h3 class=\"group\">Tracklist<\/h3>\n<div class=\"section_content\">\n<table class=\"playlist\">\n<tbody>\n<tr class=\"first tracklist_track track\" data-track-position=\"A\">\n<td class=\"tracklist_track_pos\">A<\/td>\n<td class=\"track tracklist_track_title\"><span class=\"tracklist_track_title\">V.I.P. (Part I)<\/span><\/td>\n<td class=\"tracklist_track_duration\" width=\"25\">13:15<\/td>\n<\/tr>\n<tr class=\"tracklist_track track\" data-track-position=\"B\">\n<td class=\"tracklist_track_pos\">B<\/td>\n<td class=\"track tracklist_track_title\"><span class=\"tracklist_track_title\">V.I.P. (Part II)<\/span><\/td>\n<td class=\"tracklist_track_duration\" width=\"25\">9:50<\/td>\n<\/tr>\n<\/tbody>\n<\/table>\n<p><iframe loading=\"lazy\" title=\"Fela Kuti - V.I.P. (Vagabonds in Power)\" width=\"832\" height=\"468\" src=\"https:\/\/www.youtube.com\/embed\/qABntGwnBN8?feature=oembed\" frameborder=\"0\" allow=\"accelerometer; autoplay; clipboard-write; encrypted-media; gyroscope; picture-in-picture; web-share\" referrerpolicy=\"strict-origin-when-cross-origin\" allowfullscreen><\/iframe><\/p>\n<p>&nbsp;<\/p>\n<\/div>","protected":false},"excerpt":{"rendered":"<p>Knitting Factory Records, Jofabro \u200e\u2013 KFR2034-1, 720841204718<\/p>\n<p>LP con carpeta sencilla<\/p>","protected":false},"featured_media":1495,"template":"","meta":[],"product_brand":[],"product_cat":[82],"product_tag":[],"class_list":{"0":"post-1494","1":"product","2":"type-product","3":"status-publish","4":"has-post-thumbnail","6":"product_cat-africana-world","8":"first","9":"instock","10":"taxable","11":"shipping-taxable","12":"purchasable","13":"product-type-simple"},"yoast_head":"<!-- This site is optimized with the Yoast SEO plugin v27.3 - https:\/\/yoast.com\/product\/yoast-seo-wordpress\/ -->\n<title>F\u1eb9la An\u00edk\u00fal\u00e1p\u00f3 Kuti &amp; Afrika 70 \u200e\u2013 V.I.P. - DISCOS REDONDOS<\/title>\n<meta name=\"description\" content=\"F\u1eb9la An\u00edk\u00fal\u00e1p\u00f3 Kuti &amp; Afrika 70 \u200e\u2013 V.I.P. (Vagabonds In Power) Vol. 1 Live In Berlin - KFR2034-1, 720841204718 LP con carpeta sencilla\" \/>\n<meta name=\"robots\" content=\"index, follow, max-snippet:-1, max-image-preview:large, max-video-preview:-1\" \/>\n<link rel=\"canonical\" href=\"https:\/\/discos-redondos.es\/ca\/producte\/fela-anikulapo-kuti-afrika-70-v-i-p-vagabonds-in-power-vol-1-live-in-berlin\/\" \/>\n<meta property=\"og:locale\" content=\"ca_ES\" \/>\n<meta property=\"og:type\" content=\"article\" \/>\n<meta property=\"og:title\" content=\"F\u1eb9la An\u00edk\u00fal\u00e1p\u00f3 Kuti &amp; Afrika 70 \u200e\u2013 V.I.P. - DISCOS REDONDOS\" \/>\n<meta property=\"og:description\" content=\"F\u1eb9la An\u00edk\u00fal\u00e1p\u00f3 Kuti &amp; Afrika 70 \u200e\u2013 V.I.P. (Vagabonds In Power) Vol. 1 Live In Berlin - KFR2034-1, 720841204718 LP con carpeta sencilla\" \/>\n<meta property=\"og:url\" content=\"https:\/\/discos-redondos.es\/ca\/producte\/fela-anikulapo-kuti-afrika-70-v-i-p-vagabonds-in-power-vol-1-live-in-berlin\/\" \/>\n<meta property=\"og:site_name\" content=\"DISCOS REDONDOS\" \/>\n<meta property=\"article:publisher\" content=\"https:\/\/www.facebook.com\/discosredondos45\" \/>\n<meta property=\"article:modified_time\" content=\"2025-10-22T17:34:01+00:00\" \/>\n<meta property=\"og:image\" content=\"https:\/\/discos-redondos.es\/wp-content\/uploads\/2021\/05\/Fela-Anikulapo-Kuti-Afrika-70-\u200e\u2013-V.I.P.-Vagabonds-In-Power-Vol.-1-Live-In-Berlin.jpg\" \/>\n\t<meta property=\"og:image:width\" content=\"600\" \/>\n\t<meta property=\"og:image:height\" content=\"600\" \/>\n\t<meta property=\"og:image:type\" content=\"image\/jpeg\" \/>\n<meta name=\"twitter:card\" content=\"summary_large_image\" \/>\n<meta name=\"twitter:label1\" content=\"Temps estimat de lectura\" \/>\n\t<meta name=\"twitter:data1\" content=\"1 minut\" \/>\n<script type=\"application\/ld+json\" class=\"yoast-schema-graph\">{\"@context\":\"https:\\\/\\\/schema.org\",\"@graph\":[{\"@type\":\"WebPage\",\"@id\":\"https:\\\/\\\/discos-redondos.es\\\/producto\\\/fela-anikulapo-kuti-afrika-70-v-i-p-vagabonds-in-power-vol-1-live-in-berlin\",\"url\":\"https:\\\/\\\/discos-redondos.es\\\/producto\\\/fela-anikulapo-kuti-afrika-70-v-i-p-vagabonds-in-power-vol-1-live-in-berlin\",\"name\":\"F\u1eb9la An\u00edk\u00fal\u00e1p\u00f3 Kuti & Afrika 70 \u200e\u2013 V.I.P. - DISCOS REDONDOS\",\"isPartOf\":{\"@id\":\"https:\\\/\\\/discos-redondos.es\\\/#website\"},\"primaryImageOfPage\":{\"@id\":\"https:\\\/\\\/discos-redondos.es\\\/producto\\\/fela-anikulapo-kuti-afrika-70-v-i-p-vagabonds-in-power-vol-1-live-in-berlin#primaryimage\"},\"image\":{\"@id\":\"https:\\\/\\\/discos-redondos.es\\\/producto\\\/fela-anikulapo-kuti-afrika-70-v-i-p-vagabonds-in-power-vol-1-live-in-berlin#primaryimage\"},\"thumbnailUrl\":\"https:\\\/\\\/discos-redondos.es\\\/wp-content\\\/uploads\\\/2021\\\/05\\\/Fela-Anikulapo-Kuti-Afrika-70-\u200e\u2013-V.I.P.-Vagabonds-In-Power-Vol.-1-Live-In-Berlin.jpg\",\"datePublished\":\"2021-05-31T18:03:02+00:00\",\"dateModified\":\"2025-10-22T17:34:01+00:00\",\"description\":\"F\u1eb9la An\u00edk\u00fal\u00e1p\u00f3 Kuti & Afrika 70 \u200e\u2013 V.I.P. (Vagabonds In Power) Vol. 1 Live In Berlin - KFR2034-1, 720841204718 LP con carpeta sencilla\",\"breadcrumb\":{\"@id\":\"https:\\\/\\\/discos-redondos.es\\\/producto\\\/fela-anikulapo-kuti-afrika-70-v-i-p-vagabonds-in-power-vol-1-live-in-berlin#breadcrumb\"},\"inLanguage\":\"ca\",\"potentialAction\":[{\"@type\":\"ReadAction\",\"target\":[\"https:\\\/\\\/discos-redondos.es\\\/producto\\\/fela-anikulapo-kuti-afrika-70-v-i-p-vagabonds-in-power-vol-1-live-in-berlin\"]}]},{\"@type\":\"ImageObject\",\"inLanguage\":\"ca\",\"@id\":\"https:\\\/\\\/discos-redondos.es\\\/producto\\\/fela-anikulapo-kuti-afrika-70-v-i-p-vagabonds-in-power-vol-1-live-in-berlin#primaryimage\",\"url\":\"https:\\\/\\\/discos-redondos.es\\\/wp-content\\\/uploads\\\/2021\\\/05\\\/Fela-Anikulapo-Kuti-Afrika-70-\u200e\u2013-V.I.P.-Vagabonds-In-Power-Vol.-1-Live-In-Berlin.jpg\",\"contentUrl\":\"https:\\\/\\\/discos-redondos.es\\\/wp-content\\\/uploads\\\/2021\\\/05\\\/Fela-Anikulapo-Kuti-Afrika-70-\u200e\u2013-V.I.P.-Vagabonds-In-Power-Vol.-1-Live-In-Berlin.jpg\",\"width\":600,\"height\":600,\"caption\":\"F\u1eb9la An\u00edk\u00fal\u00e1p\u00f3 Kuti & Afrika 70 \u200e\u2013 V.I.P.\"},{\"@type\":\"BreadcrumbList\",\"@id\":\"https:\\\/\\\/discos-redondos.es\\\/producto\\\/fela-anikulapo-kuti-afrika-70-v-i-p-vagabonds-in-power-vol-1-live-in-berlin#breadcrumb\",\"itemListElement\":[{\"@type\":\"ListItem\",\"position\":1,\"name\":\"Portada\",\"item\":\"https:\\\/\\\/discos-redondos.es\\\/\"},{\"@type\":\"ListItem\",\"position\":2,\"name\":\"Tienda\",\"item\":\"https:\\\/\\\/discos-redondos.es\\\/?page_id=487\"},{\"@type\":\"ListItem\",\"position\":3,\"name\":\"F\u1eb9la An\u00edk\u00fal\u00e1p\u00f3 Kuti &#038; Afrika 70 \u200e\u2013 V.I.P.\"}]},{\"@type\":\"WebSite\",\"@id\":\"https:\\\/\\\/discos-redondos.es\\\/#website\",\"url\":\"https:\\\/\\\/discos-redondos.es\\\/\",\"name\":\"Discos Redondos\",\"description\":\"Tu tienda de discos en Barcelona\",\"publisher\":{\"@id\":\"https:\\\/\\\/discos-redondos.es\\\/#organization\"},\"alternateName\":\"Discos Redondos\",\"potentialAction\":[{\"@type\":\"SearchAction\",\"target\":{\"@type\":\"EntryPoint\",\"urlTemplate\":\"https:\\\/\\\/discos-redondos.es\\\/?s={search_term_string}\"},\"query-input\":{\"@type\":\"PropertyValueSpecification\",\"valueRequired\":true,\"valueName\":\"search_term_string\"}}],\"inLanguage\":\"ca\"},{\"@type\":\"Organization\",\"@id\":\"https:\\\/\\\/discos-redondos.es\\\/#organization\",\"name\":\"Discos Redondos\",\"url\":\"https:\\\/\\\/discos-redondos.es\\\/\",\"logo\":{\"@type\":\"ImageObject\",\"inLanguage\":\"ca\",\"@id\":\"https:\\\/\\\/discos-redondos.es\\\/#\\\/schema\\\/logo\\\/image\\\/\",\"url\":\"https:\\\/\\\/discos-redondos.es\\\/wp-content\\\/uploads\\\/2023\\\/04\\\/aaff-logo-raval-1-1.jpg\",\"contentUrl\":\"https:\\\/\\\/discos-redondos.es\\\/wp-content\\\/uploads\\\/2023\\\/04\\\/aaff-logo-raval-1-1.jpg\",\"width\":2362,\"height\":1441,\"caption\":\"Discos Redondos\"},\"image\":{\"@id\":\"https:\\\/\\\/discos-redondos.es\\\/#\\\/schema\\\/logo\\\/image\\\/\"},\"sameAs\":[\"https:\\\/\\\/www.facebook.com\\\/discosredondos45\",\"https:\\\/\\\/www.instagram.com\\\/discos.redondos33\\\/?hl=es\",\"https:\\\/\\\/discos-redondos.bandcamp.com\\\/\"]}]}<\/script>\n<!-- \/ Yoast SEO plugin. -->","yoast_head_json":{"title":"F\u1eb9la An\u00edk\u00fal\u00e1p\u00f3 Kuti & Afrika 70 \u200e\u2013 V.I.P. - DISCOS REDONDOS","description":"F\u1eb9la An\u00edk\u00fal\u00e1p\u00f3 Kuti & Afrika 70 \u200e\u2013 V.I.P. (Vagabonds In Power) Vol. 1 Live In Berlin - KFR2034-1, 720841204718 LP con carpeta sencilla","robots":{"index":"index","follow":"follow","max-snippet":"max-snippet:-1","max-image-preview":"max-image-preview:large","max-video-preview":"max-video-preview:-1"},"canonical":"https:\/\/discos-redondos.es\/ca\/producte\/fela-anikulapo-kuti-afrika-70-v-i-p-vagabonds-in-power-vol-1-live-in-berlin\/","og_locale":"ca_ES","og_type":"article","og_title":"F\u1eb9la An\u00edk\u00fal\u00e1p\u00f3 Kuti & Afrika 70 \u200e\u2013 V.I.P. - DISCOS REDONDOS","og_description":"F\u1eb9la An\u00edk\u00fal\u00e1p\u00f3 Kuti & Afrika 70 \u200e\u2013 V.I.P. (Vagabonds In Power) Vol. 1 Live In Berlin - KFR2034-1, 720841204718 LP con carpeta sencilla","og_url":"https:\/\/discos-redondos.es\/ca\/producte\/fela-anikulapo-kuti-afrika-70-v-i-p-vagabonds-in-power-vol-1-live-in-berlin\/","og_site_name":"DISCOS REDONDOS","article_publisher":"https:\/\/www.facebook.com\/discosredondos45","article_modified_time":"2025-10-22T17:34:01+00:00","og_image":[{"width":600,"height":600,"url":"https:\/\/discos-redondos.es\/wp-content\/uploads\/2021\/05\/Fela-Anikulapo-Kuti-Afrika-70-\u200e\u2013-V.I.P.-Vagabonds-In-Power-Vol.-1-Live-In-Berlin.jpg","type":"image\/jpeg"}],"twitter_card":"summary_large_image","twitter_misc":{"Temps estimat de lectura":"1 minut"},"schema":{"@context":"https:\/\/schema.org","@graph":[{"@type":"WebPage","@id":"https:\/\/discos-redondos.es\/producto\/fela-anikulapo-kuti-afrika-70-v-i-p-vagabonds-in-power-vol-1-live-in-berlin","url":"https:\/\/discos-redondos.es\/producto\/fela-anikulapo-kuti-afrika-70-v-i-p-vagabonds-in-power-vol-1-live-in-berlin","name":"F\u1eb9la An\u00edk\u00fal\u00e1p\u00f3 Kuti & Afrika 70 \u200e\u2013 V.I.P. - DISCOS REDONDOS","isPartOf":{"@id":"https:\/\/discos-redondos.es\/#website"},"primaryImageOfPage":{"@id":"https:\/\/discos-redondos.es\/producto\/fela-anikulapo-kuti-afrika-70-v-i-p-vagabonds-in-power-vol-1-live-in-berlin#primaryimage"},"image":{"@id":"https:\/\/discos-redondos.es\/producto\/fela-anikulapo-kuti-afrika-70-v-i-p-vagabonds-in-power-vol-1-live-in-berlin#primaryimage"},"thumbnailUrl":"https:\/\/discos-redondos.es\/wp-content\/uploads\/2021\/05\/Fela-Anikulapo-Kuti-Afrika-70-\u200e\u2013-V.I.P.-Vagabonds-In-Power-Vol.-1-Live-In-Berlin.jpg","datePublished":"2021-05-31T18:03:02+00:00","dateModified":"2025-10-22T17:34:01+00:00","description":"F\u1eb9la An\u00edk\u00fal\u00e1p\u00f3 Kuti & Afrika 70 \u200e\u2013 V.I.P. (Vagabonds In Power) Vol. 1 Live In Berlin - KFR2034-1, 720841204718 LP con carpeta sencilla","breadcrumb":{"@id":"https:\/\/discos-redondos.es\/producto\/fela-anikulapo-kuti-afrika-70-v-i-p-vagabonds-in-power-vol-1-live-in-berlin#breadcrumb"},"inLanguage":"ca","potentialAction":[{"@type":"ReadAction","target":["https:\/\/discos-redondos.es\/producto\/fela-anikulapo-kuti-afrika-70-v-i-p-vagabonds-in-power-vol-1-live-in-berlin"]}]},{"@type":"ImageObject","inLanguage":"ca","@id":"https:\/\/discos-redondos.es\/producto\/fela-anikulapo-kuti-afrika-70-v-i-p-vagabonds-in-power-vol-1-live-in-berlin#primaryimage","url":"https:\/\/discos-redondos.es\/wp-content\/uploads\/2021\/05\/Fela-Anikulapo-Kuti-Afrika-70-\u200e\u2013-V.I.P.-Vagabonds-In-Power-Vol.-1-Live-In-Berlin.jpg","contentUrl":"https:\/\/discos-redondos.es\/wp-content\/uploads\/2021\/05\/Fela-Anikulapo-Kuti-Afrika-70-\u200e\u2013-V.I.P.-Vagabonds-In-Power-Vol.-1-Live-In-Berlin.jpg","width":600,"height":600,"caption":"F\u1eb9la An\u00edk\u00fal\u00e1p\u00f3 Kuti & Afrika 70 \u200e\u2013 V.I.P."},{"@type":"BreadcrumbList","@id":"https:\/\/discos-redondos.es\/producto\/fela-anikulapo-kuti-afrika-70-v-i-p-vagabonds-in-power-vol-1-live-in-berlin#breadcrumb","itemListElement":[{"@type":"ListItem","position":1,"name":"Portada","item":"https:\/\/discos-redondos.es\/"},{"@type":"ListItem","position":2,"name":"Tienda","item":"https:\/\/discos-redondos.es\/?page_id=487"},{"@type":"ListItem","position":3,"name":"F\u1eb9la An\u00edk\u00fal\u00e1p\u00f3 Kuti &#038; Afrika 70 \u200e\u2013 V.I.P."}]},{"@type":"WebSite","@id":"https:\/\/discos-redondos.es\/#website","url":"https:\/\/discos-redondos.es\/","name":"Discos Redondos","description":"La teva botiga de discos a Barcelona","publisher":{"@id":"https:\/\/discos-redondos.es\/#organization"},"alternateName":"Discos Redondos","potentialAction":[{"@type":"SearchAction","target":{"@type":"EntryPoint","urlTemplate":"https:\/\/discos-redondos.es\/?s={search_term_string}"},"query-input":{"@type":"PropertyValueSpecification","valueRequired":true,"valueName":"search_term_string"}}],"inLanguage":"ca"},{"@type":"Organization","@id":"https:\/\/discos-redondos.es\/#organization","name":"Discos Redondos","url":"https:\/\/discos-redondos.es\/","logo":{"@type":"ImageObject","inLanguage":"ca","@id":"https:\/\/discos-redondos.es\/#\/schema\/logo\/image\/","url":"https:\/\/discos-redondos.es\/wp-content\/uploads\/2023\/04\/aaff-logo-raval-1-1.jpg","contentUrl":"https:\/\/discos-redondos.es\/wp-content\/uploads\/2023\/04\/aaff-logo-raval-1-1.jpg","width":2362,"height":1441,"caption":"Discos Redondos"},"image":{"@id":"https:\/\/discos-redondos.es\/#\/schema\/logo\/image\/"},"sameAs":["https:\/\/www.facebook.com\/discosredondos45","https:\/\/www.instagram.com\/discos.redondos33\/?hl=es","https:\/\/discos-redondos.bandcamp.com\/"]}]}},"jetpack_sharing_enabled":true,"_links":{"self":[{"href":"https:\/\/discos-redondos.es\/ca\/wp-json\/wp\/v2\/product\/1494","targetHints":{"allow":["GET"]}}],"collection":[{"href":"https:\/\/discos-redondos.es\/ca\/wp-json\/wp\/v2\/product"}],"about":[{"href":"https:\/\/discos-redondos.es\/ca\/wp-json\/wp\/v2\/types\/product"}],"wp:featuredmedia":[{"embeddable":true,"href":"https:\/\/discos-redondos.es\/ca\/wp-json\/wp\/v2\/media\/1495"}],"wp:attachment":[{"href":"https:\/\/discos-redondos.es\/ca\/wp-json\/wp\/v2\/media?parent=1494"}],"wp:term":[{"taxonomy":"product_brand","embeddable":true,"href":"https:\/\/discos-redondos.es\/ca\/wp-json\/wp\/v2\/product_brand?post=1494"},{"taxonomy":"product_cat","embeddable":true,"href":"https:\/\/discos-redondos.es\/ca\/wp-json\/wp\/v2\/product_cat?post=1494"},{"taxonomy":"product_tag","embeddable":true,"href":"https:\/\/discos-redondos.es\/ca\/wp-json\/wp\/v2\/product_tag?post=1494"}],"curies":[{"name":"wp","href":"https:\/\/api.w.org\/{rel}","templated":true}]}}