{"id":1505,"date":"2021-06-01T16:23:34","date_gmt":"2021-06-01T16:23:34","guid":{"rendered":"https:\/\/discos-redondos.es\/?post_type=product&#038;p=1505"},"modified":"2025-11-05T17:09:56","modified_gmt":"2025-11-05T17:09:56","slug":"fela-anikulapo-kuti-and-afrika-70-%e2%80%8e-j-j-d-johnny-just-drop-live-at-kalakuta-republik","status":"publish","type":"product","link":"https:\/\/discos-redondos.es\/ca\/producte\/fela-anikulapo-kuti-and-afrika-70-%e2%80%8e-j-j-d-johnny-just-drop-live-at-kalakuta-republik","title":{"rendered":"Fela An\u00edk\u00fal\u00e1p\u00f3 Kuti And Afrika 70 \u200e\u2013 J.J.D"},"content":{"rendered":"<h3>Fela An\u00edk\u00fal\u00e1p\u00f3 Kuti And Afrika 70 \u200e\u2013 J.J.D (Johnny Just Drop!!) &#8211; Live!! At Kalakuta Republik<\/h3>\n<h3 class=\"group\">Tracklist<\/h3>\n<div class=\"section_content\">\n<table class=\"playlist\">\n<tbody>\n<tr class=\"first tracklist_track track\" data-track-position=\"A\">\n<td class=\"tracklist_track_pos\">A<\/td>\n<td class=\"track tracklist_track_title\"><span class=\"tracklist_track_title\">J.J.D. (Johnny Just Drop) Part I<\/span><\/td>\n<td class=\"tracklist_track_duration\" width=\"25\"><\/td>\n<\/tr>\n<tr class=\"tracklist_track track\" data-track-position=\"B\">\n<td class=\"tracklist_track_pos\">B<\/td>\n<td class=\"track tracklist_track_title\"><span class=\"tracklist_track_title\">J.J.D. (Johnny Just Drop) Part II<\/span><\/td>\n<\/tr>\n<\/tbody>\n<\/table>\n<p><iframe loading=\"lazy\" title=\"Fela Anikulapo Kuti &amp; The Africa 70 - J.J.D.(Johnny Just Drop)\" width=\"832\" height=\"624\" src=\"https:\/\/www.youtube.com\/embed\/r5jenshOfRY?feature=oembed\" frameborder=\"0\" allow=\"accelerometer; autoplay; clipboard-write; encrypted-media; gyroscope; picture-in-picture; web-share\" referrerpolicy=\"strict-origin-when-cross-origin\" allowfullscreen><\/iframe><\/p>\n<p>&nbsp;<\/p>\n<\/div>","protected":false},"excerpt":{"rendered":"<p>Knitting Factory Records \u200e\u2013 KFR2026-1, 720841208310<\/p>\n<p>LP con carpeta sencilla<\/p>","protected":false},"featured_media":1506,"template":"","meta":[],"product_brand":[],"product_cat":[82],"product_tag":[],"class_list":{"0":"post-1505","1":"product","2":"type-product","3":"status-publish","4":"has-post-thumbnail","6":"product_cat-africana-world","8":"first","9":"instock","10":"taxable","11":"shipping-taxable","12":"purchasable","13":"product-type-simple"},"yoast_head":"<!-- This site is optimized with the Yoast SEO plugin v27.3 - https:\/\/yoast.com\/product\/yoast-seo-wordpress\/ -->\n<title>Fela An\u00edk\u00fal\u00e1p\u00f3 Kuti And Afrika 70 \u200e\u2013 J.J.D - DISCOS REDONDOS<\/title>\n<meta name=\"description\" content=\"Fela An\u00edk\u00fal\u00e1p\u00f3 Kuti And Afrika 70 \u200e\u2013 J.J.D (Johnny Just Drop!!) - Live!! At Kalakuta Republik \u200e\u2013 KFR2026-1, 720841208310 LP con carpeta sencilla\" \/>\n<meta name=\"robots\" content=\"index, follow, max-snippet:-1, max-image-preview:large, max-video-preview:-1\" \/>\n<link rel=\"canonical\" href=\"https:\/\/discos-redondos.es\/ca\/producte\/fela-anikulapo-kuti-and-afrika-70-\u200e-j-j-d-johnny-just-drop-live-at-kalakuta-republik\/\" \/>\n<meta property=\"og:locale\" content=\"ca_ES\" \/>\n<meta property=\"og:type\" content=\"article\" \/>\n<meta property=\"og:title\" content=\"Fela An\u00edk\u00fal\u00e1p\u00f3 Kuti And Afrika 70 \u200e\u2013 J.J.D - DISCOS REDONDOS\" \/>\n<meta property=\"og:description\" content=\"Fela An\u00edk\u00fal\u00e1p\u00f3 Kuti And Afrika 70 \u200e\u2013 J.J.D (Johnny Just Drop!!) - Live!! At Kalakuta Republik \u200e\u2013 KFR2026-1, 720841208310 LP con carpeta sencilla\" \/>\n<meta property=\"og:url\" content=\"https:\/\/discos-redondos.es\/ca\/producte\/fela-anikulapo-kuti-and-afrika-70-\u200e-j-j-d-johnny-just-drop-live-at-kalakuta-republik\/\" \/>\n<meta property=\"og:site_name\" content=\"DISCOS REDONDOS\" \/>\n<meta property=\"article:publisher\" content=\"https:\/\/www.facebook.com\/discosredondos45\" \/>\n<meta property=\"article:modified_time\" content=\"2025-11-05T17:09:56+00:00\" \/>\n<meta property=\"og:image\" content=\"https:\/\/discos-redondos.es\/wp-content\/uploads\/2021\/06\/Fela-Anikulapo-Kuti-And-Afrika-70-\u200e\u2013-J.J.D-Johnny-Just-Drop-Live-At-Kalakuta-Republik.jpg\" \/>\n\t<meta property=\"og:image:width\" content=\"599\" \/>\n\t<meta property=\"og:image:height\" content=\"612\" \/>\n\t<meta property=\"og:image:type\" content=\"image\/jpeg\" \/>\n<meta name=\"twitter:card\" content=\"summary_large_image\" \/>\n<meta name=\"twitter:label1\" content=\"Temps estimat de lectura\" \/>\n\t<meta name=\"twitter:data1\" content=\"1 minut\" \/>\n<script type=\"application\/ld+json\" class=\"yoast-schema-graph\">{\"@context\":\"https:\\\/\\\/schema.org\",\"@graph\":[{\"@type\":\"WebPage\",\"@id\":\"https:\\\/\\\/discos-redondos.es\\\/producto\\\/fela-anikulapo-kuti-and-afrika-70-%e2%80%8e-j-j-d-johnny-just-drop-live-at-kalakuta-republik\",\"url\":\"https:\\\/\\\/discos-redondos.es\\\/producto\\\/fela-anikulapo-kuti-and-afrika-70-%e2%80%8e-j-j-d-johnny-just-drop-live-at-kalakuta-republik\",\"name\":\"Fela An\u00edk\u00fal\u00e1p\u00f3 Kuti And Afrika 70 \u200e\u2013 J.J.D - DISCOS REDONDOS\",\"isPartOf\":{\"@id\":\"https:\\\/\\\/discos-redondos.es\\\/#website\"},\"primaryImageOfPage\":{\"@id\":\"https:\\\/\\\/discos-redondos.es\\\/producto\\\/fela-anikulapo-kuti-and-afrika-70-%e2%80%8e-j-j-d-johnny-just-drop-live-at-kalakuta-republik#primaryimage\"},\"image\":{\"@id\":\"https:\\\/\\\/discos-redondos.es\\\/producto\\\/fela-anikulapo-kuti-and-afrika-70-%e2%80%8e-j-j-d-johnny-just-drop-live-at-kalakuta-republik#primaryimage\"},\"thumbnailUrl\":\"https:\\\/\\\/discos-redondos.es\\\/wp-content\\\/uploads\\\/2021\\\/06\\\/Fela-Anikulapo-Kuti-And-Afrika-70-\u200e\u2013-J.J.D-Johnny-Just-Drop-Live-At-Kalakuta-Republik.jpg\",\"datePublished\":\"2021-06-01T16:23:34+00:00\",\"dateModified\":\"2025-11-05T17:09:56+00:00\",\"description\":\"Fela An\u00edk\u00fal\u00e1p\u00f3 Kuti And Afrika 70 \u200e\u2013 J.J.D (Johnny Just Drop!!) - Live!! At Kalakuta Republik \u200e\u2013 KFR2026-1, 720841208310 LP con carpeta sencilla\",\"breadcrumb\":{\"@id\":\"https:\\\/\\\/discos-redondos.es\\\/producto\\\/fela-anikulapo-kuti-and-afrika-70-%e2%80%8e-j-j-d-johnny-just-drop-live-at-kalakuta-republik#breadcrumb\"},\"inLanguage\":\"ca\",\"potentialAction\":[{\"@type\":\"ReadAction\",\"target\":[\"https:\\\/\\\/discos-redondos.es\\\/producto\\\/fela-anikulapo-kuti-and-afrika-70-%e2%80%8e-j-j-d-johnny-just-drop-live-at-kalakuta-republik\"]}]},{\"@type\":\"ImageObject\",\"inLanguage\":\"ca\",\"@id\":\"https:\\\/\\\/discos-redondos.es\\\/producto\\\/fela-anikulapo-kuti-and-afrika-70-%e2%80%8e-j-j-d-johnny-just-drop-live-at-kalakuta-republik#primaryimage\",\"url\":\"https:\\\/\\\/discos-redondos.es\\\/wp-content\\\/uploads\\\/2021\\\/06\\\/Fela-Anikulapo-Kuti-And-Afrika-70-\u200e\u2013-J.J.D-Johnny-Just-Drop-Live-At-Kalakuta-Republik.jpg\",\"contentUrl\":\"https:\\\/\\\/discos-redondos.es\\\/wp-content\\\/uploads\\\/2021\\\/06\\\/Fela-Anikulapo-Kuti-And-Afrika-70-\u200e\u2013-J.J.D-Johnny-Just-Drop-Live-At-Kalakuta-Republik.jpg\",\"width\":599,\"height\":612,\"caption\":\"Fela An\u00edk\u00fal\u00e1p\u00f3 Kuti And Afrika 70 \u200e\u2013 J.J.D\"},{\"@type\":\"BreadcrumbList\",\"@id\":\"https:\\\/\\\/discos-redondos.es\\\/producto\\\/fela-anikulapo-kuti-and-afrika-70-%e2%80%8e-j-j-d-johnny-just-drop-live-at-kalakuta-republik#breadcrumb\",\"itemListElement\":[{\"@type\":\"ListItem\",\"position\":1,\"name\":\"Portada\",\"item\":\"https:\\\/\\\/discos-redondos.es\\\/\"},{\"@type\":\"ListItem\",\"position\":2,\"name\":\"Tienda\",\"item\":\"https:\\\/\\\/discos-redondos.es\\\/?page_id=487\"},{\"@type\":\"ListItem\",\"position\":3,\"name\":\"Fela An\u00edk\u00fal\u00e1p\u00f3 Kuti And Afrika 70 \u200e\u2013 J.J.D\"}]},{\"@type\":\"WebSite\",\"@id\":\"https:\\\/\\\/discos-redondos.es\\\/#website\",\"url\":\"https:\\\/\\\/discos-redondos.es\\\/\",\"name\":\"Discos Redondos\",\"description\":\"Tu tienda de discos en Barcelona\",\"publisher\":{\"@id\":\"https:\\\/\\\/discos-redondos.es\\\/#organization\"},\"alternateName\":\"Discos Redondos\",\"potentialAction\":[{\"@type\":\"SearchAction\",\"target\":{\"@type\":\"EntryPoint\",\"urlTemplate\":\"https:\\\/\\\/discos-redondos.es\\\/?s={search_term_string}\"},\"query-input\":{\"@type\":\"PropertyValueSpecification\",\"valueRequired\":true,\"valueName\":\"search_term_string\"}}],\"inLanguage\":\"ca\"},{\"@type\":\"Organization\",\"@id\":\"https:\\\/\\\/discos-redondos.es\\\/#organization\",\"name\":\"Discos Redondos\",\"url\":\"https:\\\/\\\/discos-redondos.es\\\/\",\"logo\":{\"@type\":\"ImageObject\",\"inLanguage\":\"ca\",\"@id\":\"https:\\\/\\\/discos-redondos.es\\\/#\\\/schema\\\/logo\\\/image\\\/\",\"url\":\"https:\\\/\\\/discos-redondos.es\\\/wp-content\\\/uploads\\\/2023\\\/04\\\/aaff-logo-raval-1-1.jpg\",\"contentUrl\":\"https:\\\/\\\/discos-redondos.es\\\/wp-content\\\/uploads\\\/2023\\\/04\\\/aaff-logo-raval-1-1.jpg\",\"width\":2362,\"height\":1441,\"caption\":\"Discos Redondos\"},\"image\":{\"@id\":\"https:\\\/\\\/discos-redondos.es\\\/#\\\/schema\\\/logo\\\/image\\\/\"},\"sameAs\":[\"https:\\\/\\\/www.facebook.com\\\/discosredondos45\",\"https:\\\/\\\/www.instagram.com\\\/discos.redondos33\\\/?hl=es\",\"https:\\\/\\\/discos-redondos.bandcamp.com\\\/\"]}]}<\/script>\n<!-- \/ Yoast SEO plugin. -->","yoast_head_json":{"title":"Fela An\u00edk\u00fal\u00e1p\u00f3 Kuti And Afrika 70 \u200e\u2013 J.J.D - DISCOS REDONDOS","description":"Fela An\u00edk\u00fal\u00e1p\u00f3 Kuti And Afrika 70 \u200e\u2013 J.J.D (Johnny Just Drop!!) - Live!! At Kalakuta Republik \u200e\u2013 KFR2026-1, 720841208310 LP con carpeta sencilla","robots":{"index":"index","follow":"follow","max-snippet":"max-snippet:-1","max-image-preview":"max-image-preview:large","max-video-preview":"max-video-preview:-1"},"canonical":"https:\/\/discos-redondos.es\/ca\/producte\/fela-anikulapo-kuti-and-afrika-70-\u200e-j-j-d-johnny-just-drop-live-at-kalakuta-republik\/","og_locale":"ca_ES","og_type":"article","og_title":"Fela An\u00edk\u00fal\u00e1p\u00f3 Kuti And Afrika 70 \u200e\u2013 J.J.D - DISCOS REDONDOS","og_description":"Fela An\u00edk\u00fal\u00e1p\u00f3 Kuti And Afrika 70 \u200e\u2013 J.J.D (Johnny Just Drop!!) - Live!! At Kalakuta Republik \u200e\u2013 KFR2026-1, 720841208310 LP con carpeta sencilla","og_url":"https:\/\/discos-redondos.es\/ca\/producte\/fela-anikulapo-kuti-and-afrika-70-\u200e-j-j-d-johnny-just-drop-live-at-kalakuta-republik\/","og_site_name":"DISCOS REDONDOS","article_publisher":"https:\/\/www.facebook.com\/discosredondos45","article_modified_time":"2025-11-05T17:09:56+00:00","og_image":[{"width":599,"height":612,"url":"https:\/\/discos-redondos.es\/wp-content\/uploads\/2021\/06\/Fela-Anikulapo-Kuti-And-Afrika-70-\u200e\u2013-J.J.D-Johnny-Just-Drop-Live-At-Kalakuta-Republik.jpg","type":"image\/jpeg"}],"twitter_card":"summary_large_image","twitter_misc":{"Temps estimat de lectura":"1 minut"},"schema":{"@context":"https:\/\/schema.org","@graph":[{"@type":"WebPage","@id":"https:\/\/discos-redondos.es\/producto\/fela-anikulapo-kuti-and-afrika-70-%e2%80%8e-j-j-d-johnny-just-drop-live-at-kalakuta-republik","url":"https:\/\/discos-redondos.es\/producto\/fela-anikulapo-kuti-and-afrika-70-%e2%80%8e-j-j-d-johnny-just-drop-live-at-kalakuta-republik","name":"Fela An\u00edk\u00fal\u00e1p\u00f3 Kuti And Afrika 70 \u200e\u2013 J.J.D - DISCOS REDONDOS","isPartOf":{"@id":"https:\/\/discos-redondos.es\/#website"},"primaryImageOfPage":{"@id":"https:\/\/discos-redondos.es\/producto\/fela-anikulapo-kuti-and-afrika-70-%e2%80%8e-j-j-d-johnny-just-drop-live-at-kalakuta-republik#primaryimage"},"image":{"@id":"https:\/\/discos-redondos.es\/producto\/fela-anikulapo-kuti-and-afrika-70-%e2%80%8e-j-j-d-johnny-just-drop-live-at-kalakuta-republik#primaryimage"},"thumbnailUrl":"https:\/\/discos-redondos.es\/wp-content\/uploads\/2021\/06\/Fela-Anikulapo-Kuti-And-Afrika-70-\u200e\u2013-J.J.D-Johnny-Just-Drop-Live-At-Kalakuta-Republik.jpg","datePublished":"2021-06-01T16:23:34+00:00","dateModified":"2025-11-05T17:09:56+00:00","description":"Fela An\u00edk\u00fal\u00e1p\u00f3 Kuti And Afrika 70 \u200e\u2013 J.J.D (Johnny Just Drop!!) - Live!! At Kalakuta Republik \u200e\u2013 KFR2026-1, 720841208310 LP con carpeta sencilla","breadcrumb":{"@id":"https:\/\/discos-redondos.es\/producto\/fela-anikulapo-kuti-and-afrika-70-%e2%80%8e-j-j-d-johnny-just-drop-live-at-kalakuta-republik#breadcrumb"},"inLanguage":"ca","potentialAction":[{"@type":"ReadAction","target":["https:\/\/discos-redondos.es\/producto\/fela-anikulapo-kuti-and-afrika-70-%e2%80%8e-j-j-d-johnny-just-drop-live-at-kalakuta-republik"]}]},{"@type":"ImageObject","inLanguage":"ca","@id":"https:\/\/discos-redondos.es\/producto\/fela-anikulapo-kuti-and-afrika-70-%e2%80%8e-j-j-d-johnny-just-drop-live-at-kalakuta-republik#primaryimage","url":"https:\/\/discos-redondos.es\/wp-content\/uploads\/2021\/06\/Fela-Anikulapo-Kuti-And-Afrika-70-\u200e\u2013-J.J.D-Johnny-Just-Drop-Live-At-Kalakuta-Republik.jpg","contentUrl":"https:\/\/discos-redondos.es\/wp-content\/uploads\/2021\/06\/Fela-Anikulapo-Kuti-And-Afrika-70-\u200e\u2013-J.J.D-Johnny-Just-Drop-Live-At-Kalakuta-Republik.jpg","width":599,"height":612,"caption":"Fela An\u00edk\u00fal\u00e1p\u00f3 Kuti And Afrika 70 \u200e\u2013 J.J.D"},{"@type":"BreadcrumbList","@id":"https:\/\/discos-redondos.es\/producto\/fela-anikulapo-kuti-and-afrika-70-%e2%80%8e-j-j-d-johnny-just-drop-live-at-kalakuta-republik#breadcrumb","itemListElement":[{"@type":"ListItem","position":1,"name":"Portada","item":"https:\/\/discos-redondos.es\/"},{"@type":"ListItem","position":2,"name":"Tienda","item":"https:\/\/discos-redondos.es\/?page_id=487"},{"@type":"ListItem","position":3,"name":"Fela An\u00edk\u00fal\u00e1p\u00f3 Kuti And Afrika 70 \u200e\u2013 J.J.D"}]},{"@type":"WebSite","@id":"https:\/\/discos-redondos.es\/#website","url":"https:\/\/discos-redondos.es\/","name":"Discos Redondos","description":"La teva botiga de discos a Barcelona","publisher":{"@id":"https:\/\/discos-redondos.es\/#organization"},"alternateName":"Discos Redondos","potentialAction":[{"@type":"SearchAction","target":{"@type":"EntryPoint","urlTemplate":"https:\/\/discos-redondos.es\/?s={search_term_string}"},"query-input":{"@type":"PropertyValueSpecification","valueRequired":true,"valueName":"search_term_string"}}],"inLanguage":"ca"},{"@type":"Organization","@id":"https:\/\/discos-redondos.es\/#organization","name":"Discos Redondos","url":"https:\/\/discos-redondos.es\/","logo":{"@type":"ImageObject","inLanguage":"ca","@id":"https:\/\/discos-redondos.es\/#\/schema\/logo\/image\/","url":"https:\/\/discos-redondos.es\/wp-content\/uploads\/2023\/04\/aaff-logo-raval-1-1.jpg","contentUrl":"https:\/\/discos-redondos.es\/wp-content\/uploads\/2023\/04\/aaff-logo-raval-1-1.jpg","width":2362,"height":1441,"caption":"Discos Redondos"},"image":{"@id":"https:\/\/discos-redondos.es\/#\/schema\/logo\/image\/"},"sameAs":["https:\/\/www.facebook.com\/discosredondos45","https:\/\/www.instagram.com\/discos.redondos33\/?hl=es","https:\/\/discos-redondos.bandcamp.com\/"]}]}},"jetpack_sharing_enabled":true,"_links":{"self":[{"href":"https:\/\/discos-redondos.es\/ca\/wp-json\/wp\/v2\/product\/1505","targetHints":{"allow":["GET"]}}],"collection":[{"href":"https:\/\/discos-redondos.es\/ca\/wp-json\/wp\/v2\/product"}],"about":[{"href":"https:\/\/discos-redondos.es\/ca\/wp-json\/wp\/v2\/types\/product"}],"wp:featuredmedia":[{"embeddable":true,"href":"https:\/\/discos-redondos.es\/ca\/wp-json\/wp\/v2\/media\/1506"}],"wp:attachment":[{"href":"https:\/\/discos-redondos.es\/ca\/wp-json\/wp\/v2\/media?parent=1505"}],"wp:term":[{"taxonomy":"product_brand","embeddable":true,"href":"https:\/\/discos-redondos.es\/ca\/wp-json\/wp\/v2\/product_brand?post=1505"},{"taxonomy":"product_cat","embeddable":true,"href":"https:\/\/discos-redondos.es\/ca\/wp-json\/wp\/v2\/product_cat?post=1505"},{"taxonomy":"product_tag","embeddable":true,"href":"https:\/\/discos-redondos.es\/ca\/wp-json\/wp\/v2\/product_tag?post=1505"}],"curies":[{"name":"wp","href":"https:\/\/api.w.org\/{rel}","templated":true}]}}