{"id":15165,"date":"2026-03-14T10:40:53","date_gmt":"2026-03-14T10:40:53","guid":{"rendered":"https:\/\/discos-redondos.es\/?post_type=product&#038;p=15165"},"modified":"2026-03-17T17:51:55","modified_gmt":"2026-03-17T17:51:55","slug":"varios-studio-one-sound-rsd-2026","status":"publish","type":"product","link":"https:\/\/discos-redondos.es\/ca\/producte\/varios-studio-one-sound-rsd-2026","title":{"rendered":"Varios &#8211; Studio One Sound (RSD 2026)"},"content":{"rendered":"<p><strong>Varios &#8211; Studio One Sound (RSD 2026)<\/strong><\/p>\n<p>Studio One Sound es la colecci\u00f3n cl\u00e1sica de Studio One de Soul Jazz Records. Descrito como \u00abLa Universidad del Reggae\u00bb por Chris Blackwell, Studio One y su fundador, Clement \u00abSir Coxsone\u00bb Dodd, son, sin duda, los nombres m\u00e1s importantes en la historia de la m\u00fasica reggae.<\/p>\n<p>Lanzado originalmente en 2012, este \u00e1lbum ha estado descatalogado durante muchos a\u00f1os, lo que lo convierte en uno de los t\u00edtulos m\u00e1s codiciados de la serie Studio One de Soul Jazz Records. Este Record Store Day se lanza la primera edici\u00f3n en vinilo de color de este \u00e1lbum cl\u00e1sico, que incluye algunos de los temas m\u00e1s buscados y coleccionables de Studio One a lo largo de sus cincuenta a\u00f1os de historia, con la participaci\u00f3n de incre\u00edbles artistas legendarios del reggae como The Heptones, Ken Boothe, The Skatalites, Johnny Osbourne y Wailing Souls. Todos estos artistas (y cientos m\u00e1s) iniciaron sus carreras en Studio One bajo la tutela de Clement \u00abSir Coxsone\u00bb Dodd.<\/p>\n<p>La colecci\u00f3n Studio One Sound abarca desde el ska y el rocksteady cl\u00e1sicos hasta las ra\u00edces m\u00e1s profundas, el dub m\u00e1s potente y el dancehall roots. Las notas de la car\u00e1tula son de Rob Chapman, autor de los aclamados libros sobre Studio One Records, \u00abNever Grow Old\u00bb y \u00abDownbeat the Ruler\u00bb.<\/p>\n<p>\/\/ RESE\u00d1AS: \u00abConocer Studio One es fundamental para comprender el reggae. Studio One fue una fuerza crucial durante las d\u00e9cadas de 1960 y 1970, siendo la verdadera cuna del ska y un lugar important\u00edsimo para los inicios del reggae. Studio One Sound es una colecci\u00f3n sublime de la \u00e9poca dorada del sello. La excepcional selecci\u00f3n de temas lo convierte en un \u00e9xito rotundo.\u00bb BBC \/\/ \u00abMasterizado con esmero y con una calidad de sonido excelente. Studio One Sound es imprescindible y ofrece una buena visi\u00f3n general de la extraordinaria producci\u00f3n del sello.\u00bb UNITED REGGAE \/\/ \u00abTodo ha sido remasterizado para lograr la m\u00e1xima potencia sonora, conservando ese sonido crudo y caracter\u00edstico de Studio One.\u00bb TURNTABLE<br \/>\nEste lanzamiento es para el Record Store Day 2026.<\/p>\n<p>Tracklist<br \/>\nA1. Slim Smith \u2013 Hip Hug A2. Ras Michael and the Sons of Negus \u2013 Good People A3. Lord Tanamo \u2013 Keep On Moving A4. Wailing Soul \u2013 Trouble Maker<br \/>\nB1. Rita Marley \u2013 Come To Me B2. Johnny Osbourne \u2013 All I Have Is Love B3. The Martinis \u2013 I Second That Emotion B4. Irving Brown \u2013 Run Come B5. The Heptones \u2013 Give Give Love<br \/>\nC1. Rockie Ellis \u2013 Double Minded Man C2. Jackie Opel \u2013 The Lord Is With Me C3. Dub Specialist \u2013 Happy Feelings C4. Prince Lincoln \u2013 Live Up To Your Name<br \/>\nD1. Ken Boothe \u2013 I Am A Fool D2. Rheuben Alexander \u2013 Happy Valley D3. Larry Marshall \u2013 There\u2019s A Fire D4. Roland Alphonso \u2013 Rolando Special D5. Freddie McGregor \u2013 Homeward Bound<\/p>","protected":false},"excerpt":{"rendered":"<p>Soul Jazz Records &#8211; 5026328302560<\/p>\n<p>2 x LP edici\u00f3n correspondiente al Record Store Day del 18 de abril de 2026<\/p>","protected":false},"featured_media":15166,"template":"","meta":[],"product_brand":[143],"product_cat":[91],"product_tag":[],"class_list":{"0":"post-15165","1":"product","2":"type-product","3":"status-publish","4":"has-post-thumbnail","6":"product_brand-soul-jazz-records","7":"product_cat-record-store-day","9":"first","10":"outofstock","11":"taxable","12":"shipping-taxable","13":"purchasable","14":"product-type-simple"},"yoast_head":"<!-- This site is optimized with the Yoast SEO plugin v27.4 - https:\/\/yoast.com\/product\/yoast-seo-wordpress\/ -->\n<title>Varios - Studio One Sound (RSD 2026) - DISCOS REDONDOS<\/title>\n<meta name=\"description\" content=\"Varios - Studio One Sound (RSD 2026) Soul Jazz Records - 5026328302560 2 x LP edici\u00f3n correspondiente al Record Store Day del 18 de abril de 2026\" \/>\n<meta name=\"robots\" content=\"index, follow, max-snippet:-1, max-image-preview:large, max-video-preview:-1\" \/>\n<link rel=\"canonical\" href=\"https:\/\/discos-redondos.es\/ca\/producte\/varios-studio-one-sound-rsd-2026\/\" \/>\n<meta property=\"og:locale\" content=\"ca_ES\" \/>\n<meta property=\"og:type\" content=\"article\" \/>\n<meta property=\"og:title\" content=\"Varios - Studio One Sound (RSD 2026) - DISCOS REDONDOS\" \/>\n<meta property=\"og:description\" content=\"Varios - Studio One Sound (RSD 2026) Soul Jazz Records - 5026328302560 2 x LP edici\u00f3n correspondiente al Record Store Day del 18 de abril de 2026\" \/>\n<meta property=\"og:url\" content=\"https:\/\/discos-redondos.es\/ca\/producte\/varios-studio-one-sound-rsd-2026\/\" \/>\n<meta property=\"og:site_name\" content=\"DISCOS REDONDOS\" \/>\n<meta property=\"article:publisher\" content=\"https:\/\/www.facebook.com\/discosredondos45\" \/>\n<meta property=\"article:modified_time\" content=\"2026-03-17T17:51:55+00:00\" \/>\n<meta property=\"og:image\" content=\"https:\/\/discos-redondos.es\/wp-content\/uploads\/2026\/03\/Varios-Studio-One-Sound-RSD-2026.webp\" \/>\n\t<meta property=\"og:image:width\" content=\"800\" \/>\n\t<meta property=\"og:image:height\" content=\"800\" \/>\n\t<meta property=\"og:image:type\" content=\"image\/webp\" \/>\n<meta name=\"twitter:card\" content=\"summary_large_image\" \/>\n<meta name=\"twitter:label1\" content=\"Temps estimat de lectura\" \/>\n\t<meta name=\"twitter:data1\" content=\"3 minuts\" \/>\n<script type=\"application\/ld+json\" class=\"yoast-schema-graph\">{\"@context\":\"https:\\\/\\\/schema.org\",\"@graph\":[{\"@type\":\"WebPage\",\"@id\":\"https:\\\/\\\/discos-redondos.es\\\/producto\\\/varios-studio-one-sound-rsd-2026\",\"url\":\"https:\\\/\\\/discos-redondos.es\\\/producto\\\/varios-studio-one-sound-rsd-2026\",\"name\":\"Varios - Studio One Sound (RSD 2026) - DISCOS REDONDOS\",\"isPartOf\":{\"@id\":\"https:\\\/\\\/discos-redondos.es\\\/#website\"},\"primaryImageOfPage\":{\"@id\":\"https:\\\/\\\/discos-redondos.es\\\/producto\\\/varios-studio-one-sound-rsd-2026#primaryimage\"},\"image\":{\"@id\":\"https:\\\/\\\/discos-redondos.es\\\/producto\\\/varios-studio-one-sound-rsd-2026#primaryimage\"},\"thumbnailUrl\":\"https:\\\/\\\/discos-redondos.es\\\/wp-content\\\/uploads\\\/2026\\\/03\\\/Varios-Studio-One-Sound-RSD-2026.webp\",\"datePublished\":\"2026-03-14T10:40:53+00:00\",\"dateModified\":\"2026-03-17T17:51:55+00:00\",\"description\":\"Varios - Studio One Sound (RSD 2026) Soul Jazz Records - 5026328302560 2 x LP edici\u00f3n correspondiente al Record Store Day del 18 de abril de 2026\",\"breadcrumb\":{\"@id\":\"https:\\\/\\\/discos-redondos.es\\\/producto\\\/varios-studio-one-sound-rsd-2026#breadcrumb\"},\"inLanguage\":\"ca\",\"potentialAction\":[{\"@type\":\"ReadAction\",\"target\":[\"https:\\\/\\\/discos-redondos.es\\\/producto\\\/varios-studio-one-sound-rsd-2026\"]}]},{\"@type\":\"ImageObject\",\"inLanguage\":\"ca\",\"@id\":\"https:\\\/\\\/discos-redondos.es\\\/producto\\\/varios-studio-one-sound-rsd-2026#primaryimage\",\"url\":\"https:\\\/\\\/discos-redondos.es\\\/wp-content\\\/uploads\\\/2026\\\/03\\\/Varios-Studio-One-Sound-RSD-2026.webp\",\"contentUrl\":\"https:\\\/\\\/discos-redondos.es\\\/wp-content\\\/uploads\\\/2026\\\/03\\\/Varios-Studio-One-Sound-RSD-2026.webp\",\"width\":800,\"height\":800,\"caption\":\"Varios - Studio One Sound (RSD 2026)\"},{\"@type\":\"BreadcrumbList\",\"@id\":\"https:\\\/\\\/discos-redondos.es\\\/producto\\\/varios-studio-one-sound-rsd-2026#breadcrumb\",\"itemListElement\":[{\"@type\":\"ListItem\",\"position\":1,\"name\":\"Portada\",\"item\":\"https:\\\/\\\/discos-redondos.es\\\/\"},{\"@type\":\"ListItem\",\"position\":2,\"name\":\"Tienda\",\"item\":\"https:\\\/\\\/discos-redondos.es\\\/?page_id=487\"},{\"@type\":\"ListItem\",\"position\":3,\"name\":\"Varios &#8211; Studio One Sound (RSD 2026)\"}]},{\"@type\":\"WebSite\",\"@id\":\"https:\\\/\\\/discos-redondos.es\\\/#website\",\"url\":\"https:\\\/\\\/discos-redondos.es\\\/\",\"name\":\"Discos Redondos\",\"description\":\"Tu tienda de discos en Barcelona\",\"publisher\":{\"@id\":\"https:\\\/\\\/discos-redondos.es\\\/#organization\"},\"alternateName\":\"Discos Redondos\",\"potentialAction\":[{\"@type\":\"SearchAction\",\"target\":{\"@type\":\"EntryPoint\",\"urlTemplate\":\"https:\\\/\\\/discos-redondos.es\\\/?s={search_term_string}\"},\"query-input\":{\"@type\":\"PropertyValueSpecification\",\"valueRequired\":true,\"valueName\":\"search_term_string\"}}],\"inLanguage\":\"ca\"},{\"@type\":\"Organization\",\"@id\":\"https:\\\/\\\/discos-redondos.es\\\/#organization\",\"name\":\"Discos Redondos\",\"url\":\"https:\\\/\\\/discos-redondos.es\\\/\",\"logo\":{\"@type\":\"ImageObject\",\"inLanguage\":\"ca\",\"@id\":\"https:\\\/\\\/discos-redondos.es\\\/#\\\/schema\\\/logo\\\/image\\\/\",\"url\":\"https:\\\/\\\/discos-redondos.es\\\/wp-content\\\/uploads\\\/2023\\\/04\\\/aaff-logo-raval-1-1.jpg\",\"contentUrl\":\"https:\\\/\\\/discos-redondos.es\\\/wp-content\\\/uploads\\\/2023\\\/04\\\/aaff-logo-raval-1-1.jpg\",\"width\":2362,\"height\":1441,\"caption\":\"Discos Redondos\"},\"image\":{\"@id\":\"https:\\\/\\\/discos-redondos.es\\\/#\\\/schema\\\/logo\\\/image\\\/\"},\"sameAs\":[\"https:\\\/\\\/www.facebook.com\\\/discosredondos45\",\"https:\\\/\\\/www.instagram.com\\\/discos.redondos33\\\/?hl=es\",\"https:\\\/\\\/discos-redondos.bandcamp.com\\\/\"]}]}<\/script>\n<!-- \/ Yoast SEO plugin. -->","yoast_head_json":{"title":"Varios - Studio One Sound (RSD 2026) - DISCOS REDONDOS","description":"Varios - Studio One Sound (RSD 2026) Soul Jazz Records - 5026328302560 2 x LP edici\u00f3n correspondiente al Record Store Day del 18 de abril de 2026","robots":{"index":"index","follow":"follow","max-snippet":"max-snippet:-1","max-image-preview":"max-image-preview:large","max-video-preview":"max-video-preview:-1"},"canonical":"https:\/\/discos-redondos.es\/ca\/producte\/varios-studio-one-sound-rsd-2026\/","og_locale":"ca_ES","og_type":"article","og_title":"Varios - Studio One Sound (RSD 2026) - DISCOS REDONDOS","og_description":"Varios - Studio One Sound (RSD 2026) Soul Jazz Records - 5026328302560 2 x LP edici\u00f3n correspondiente al Record Store Day del 18 de abril de 2026","og_url":"https:\/\/discos-redondos.es\/ca\/producte\/varios-studio-one-sound-rsd-2026\/","og_site_name":"DISCOS REDONDOS","article_publisher":"https:\/\/www.facebook.com\/discosredondos45","article_modified_time":"2026-03-17T17:51:55+00:00","og_image":[{"width":800,"height":800,"url":"https:\/\/discos-redondos.es\/wp-content\/uploads\/2026\/03\/Varios-Studio-One-Sound-RSD-2026.webp","type":"image\/webp"}],"twitter_card":"summary_large_image","twitter_misc":{"Temps estimat de lectura":"3 minuts"},"schema":{"@context":"https:\/\/schema.org","@graph":[{"@type":"WebPage","@id":"https:\/\/discos-redondos.es\/producto\/varios-studio-one-sound-rsd-2026","url":"https:\/\/discos-redondos.es\/producto\/varios-studio-one-sound-rsd-2026","name":"Varios - Studio One Sound (RSD 2026) - DISCOS REDONDOS","isPartOf":{"@id":"https:\/\/discos-redondos.es\/#website"},"primaryImageOfPage":{"@id":"https:\/\/discos-redondos.es\/producto\/varios-studio-one-sound-rsd-2026#primaryimage"},"image":{"@id":"https:\/\/discos-redondos.es\/producto\/varios-studio-one-sound-rsd-2026#primaryimage"},"thumbnailUrl":"https:\/\/discos-redondos.es\/wp-content\/uploads\/2026\/03\/Varios-Studio-One-Sound-RSD-2026.webp","datePublished":"2026-03-14T10:40:53+00:00","dateModified":"2026-03-17T17:51:55+00:00","description":"Varios - Studio One Sound (RSD 2026) Soul Jazz Records - 5026328302560 2 x LP edici\u00f3n correspondiente al Record Store Day del 18 de abril de 2026","breadcrumb":{"@id":"https:\/\/discos-redondos.es\/producto\/varios-studio-one-sound-rsd-2026#breadcrumb"},"inLanguage":"ca","potentialAction":[{"@type":"ReadAction","target":["https:\/\/discos-redondos.es\/producto\/varios-studio-one-sound-rsd-2026"]}]},{"@type":"ImageObject","inLanguage":"ca","@id":"https:\/\/discos-redondos.es\/producto\/varios-studio-one-sound-rsd-2026#primaryimage","url":"https:\/\/discos-redondos.es\/wp-content\/uploads\/2026\/03\/Varios-Studio-One-Sound-RSD-2026.webp","contentUrl":"https:\/\/discos-redondos.es\/wp-content\/uploads\/2026\/03\/Varios-Studio-One-Sound-RSD-2026.webp","width":800,"height":800,"caption":"Varios - Studio One Sound (RSD 2026)"},{"@type":"BreadcrumbList","@id":"https:\/\/discos-redondos.es\/producto\/varios-studio-one-sound-rsd-2026#breadcrumb","itemListElement":[{"@type":"ListItem","position":1,"name":"Portada","item":"https:\/\/discos-redondos.es\/"},{"@type":"ListItem","position":2,"name":"Tienda","item":"https:\/\/discos-redondos.es\/?page_id=487"},{"@type":"ListItem","position":3,"name":"Varios &#8211; Studio One Sound (RSD 2026)"}]},{"@type":"WebSite","@id":"https:\/\/discos-redondos.es\/#website","url":"https:\/\/discos-redondos.es\/","name":"Discos Redondos","description":"La teva botiga de discos a Barcelona","publisher":{"@id":"https:\/\/discos-redondos.es\/#organization"},"alternateName":"Discos Redondos","potentialAction":[{"@type":"SearchAction","target":{"@type":"EntryPoint","urlTemplate":"https:\/\/discos-redondos.es\/?s={search_term_string}"},"query-input":{"@type":"PropertyValueSpecification","valueRequired":true,"valueName":"search_term_string"}}],"inLanguage":"ca"},{"@type":"Organization","@id":"https:\/\/discos-redondos.es\/#organization","name":"Discos Redondos","url":"https:\/\/discos-redondos.es\/","logo":{"@type":"ImageObject","inLanguage":"ca","@id":"https:\/\/discos-redondos.es\/#\/schema\/logo\/image\/","url":"https:\/\/discos-redondos.es\/wp-content\/uploads\/2023\/04\/aaff-logo-raval-1-1.jpg","contentUrl":"https:\/\/discos-redondos.es\/wp-content\/uploads\/2023\/04\/aaff-logo-raval-1-1.jpg","width":2362,"height":1441,"caption":"Discos Redondos"},"image":{"@id":"https:\/\/discos-redondos.es\/#\/schema\/logo\/image\/"},"sameAs":["https:\/\/www.facebook.com\/discosredondos45","https:\/\/www.instagram.com\/discos.redondos33\/?hl=es","https:\/\/discos-redondos.bandcamp.com\/"]}]}},"_links":{"self":[{"href":"https:\/\/discos-redondos.es\/ca\/wp-json\/wp\/v2\/product\/15165","targetHints":{"allow":["GET"]}}],"collection":[{"href":"https:\/\/discos-redondos.es\/ca\/wp-json\/wp\/v2\/product"}],"about":[{"href":"https:\/\/discos-redondos.es\/ca\/wp-json\/wp\/v2\/types\/product"}],"wp:featuredmedia":[{"embeddable":true,"href":"https:\/\/discos-redondos.es\/ca\/wp-json\/wp\/v2\/media\/15166"}],"wp:attachment":[{"href":"https:\/\/discos-redondos.es\/ca\/wp-json\/wp\/v2\/media?parent=15165"}],"wp:term":[{"taxonomy":"product_brand","embeddable":true,"href":"https:\/\/discos-redondos.es\/ca\/wp-json\/wp\/v2\/product_brand?post=15165"},{"taxonomy":"product_cat","embeddable":true,"href":"https:\/\/discos-redondos.es\/ca\/wp-json\/wp\/v2\/product_cat?post=15165"},{"taxonomy":"product_tag","embeddable":true,"href":"https:\/\/discos-redondos.es\/ca\/wp-json\/wp\/v2\/product_tag?post=15165"}],"curies":[{"name":"wp","href":"https:\/\/api.w.org\/{rel}","templated":true}]}}