{"id":15194,"date":"2026-03-16T16:38:43","date_gmt":"2026-03-16T16:38:43","guid":{"rendered":"https:\/\/discos-redondos.es\/?post_type=product&#038;p=15194"},"modified":"2026-03-30T15:47:20","modified_gmt":"2026-03-30T15:47:20","slug":"the-ahmad-jamal-trio-the-awakening","status":"publish","type":"product","link":"https:\/\/discos-redondos.es\/ca\/producte\/the-ahmad-jamal-trio-the-awakening","title":{"rendered":"The Ahmad Jamal Trio &#8211; The Awakening"},"content":{"rendered":"<p><strong>The Ahmad Jamal Trio &#8211; The Awakening<\/strong><\/p>\n<p><strong>Tracklist<\/strong><\/p>\n<table class=\"tracklist_ZdQ0I\">\n<tbody>\n<tr data-track-position=\"A1\">\n<td class=\"trackPos_n8vad\"><span class=\"MuiTypography-root MuiTypography-labelSmall css-1kybk0l\">A1<\/span><\/td>\n<td class=\"artist_VsG56\"><\/td>\n<td class=\"trackTitle_loyWF\"><span class=\"MuiTypography-root MuiTypography-labelSmall css-1kybk0l\"><span class=\"trackTitle_loyWF\">The Awakening<\/span><\/span><\/td>\n<td class=\"duration_GhhxK\"><span class=\"MuiTypography-root MuiTypography-labelSmall css-1kybk0l\">6:19<\/span><\/td>\n<\/tr>\n<tr data-track-position=\"A2\">\n<td class=\"trackPos_n8vad\"><span class=\"MuiTypography-root MuiTypography-labelSmall css-1kybk0l\">A2<\/span><\/td>\n<td class=\"artist_VsG56\"><\/td>\n<td class=\"trackTitle_loyWF\"><span class=\"MuiTypography-root MuiTypography-labelSmall css-1kybk0l\"><span class=\"trackTitle_loyWF\">I Love Music<\/span><\/span><\/td>\n<td class=\"duration_GhhxK\"><span class=\"MuiTypography-root MuiTypography-labelSmall css-1kybk0l\">7:19<\/span><\/td>\n<\/tr>\n<tr data-track-position=\"A3\">\n<td class=\"trackPos_n8vad\"><span class=\"MuiTypography-root MuiTypography-labelSmall css-1kybk0l\">A3<\/span><\/td>\n<td class=\"artist_VsG56\"><\/td>\n<td class=\"trackTitle_loyWF\"><span class=\"MuiTypography-root MuiTypography-labelSmall css-1kybk0l\"><span class=\"trackTitle_loyWF\">Patterns<\/span><\/span><\/td>\n<td class=\"duration_GhhxK\"><span class=\"MuiTypography-root MuiTypography-labelSmall css-1kybk0l\">6:19<\/span><\/td>\n<\/tr>\n<tr data-track-position=\"B1\">\n<td class=\"trackPos_n8vad\"><span class=\"MuiTypography-root MuiTypography-labelSmall css-1kybk0l\">B1<\/span><\/td>\n<td class=\"artist_VsG56\"><\/td>\n<td class=\"trackTitle_loyWF\"><span class=\"MuiTypography-root MuiTypography-labelSmall css-1kybk0l\"><span class=\"trackTitle_loyWF\">Dolphin Dance<\/span><\/span><\/td>\n<td class=\"duration_GhhxK\"><span class=\"MuiTypography-root MuiTypography-labelSmall css-1kybk0l\">5:05<\/span><\/td>\n<\/tr>\n<tr data-track-position=\"B2\">\n<td class=\"trackPos_n8vad\"><span class=\"MuiTypography-root MuiTypography-labelSmall css-1kybk0l\">B2<\/span><\/td>\n<td class=\"artist_VsG56\"><\/td>\n<td class=\"trackTitle_loyWF\"><span class=\"MuiTypography-root MuiTypography-labelSmall css-1kybk0l\"><span class=\"trackTitle_loyWF\">You&#8217;re My Everything<\/span><\/span><\/td>\n<td class=\"duration_GhhxK\"><span class=\"MuiTypography-root MuiTypography-labelSmall css-1kybk0l\">4:40<\/span><\/td>\n<\/tr>\n<tr data-track-position=\"B3\">\n<td class=\"trackPos_n8vad\"><span class=\"MuiTypography-root MuiTypography-labelSmall css-1kybk0l\">B3<\/span><\/td>\n<td class=\"artist_VsG56\"><\/td>\n<td class=\"trackTitle_loyWF\"><span class=\"MuiTypography-root MuiTypography-labelSmall css-1kybk0l\"><span class=\"trackTitle_loyWF\">Stolen Moments<\/span><\/span><\/td>\n<td class=\"duration_GhhxK\"><span class=\"MuiTypography-root MuiTypography-labelSmall css-1kybk0l\">6:27<\/span><\/td>\n<\/tr>\n<tr data-track-position=\"B4\">\n<td class=\"trackPos_n8vad\"><span class=\"MuiTypography-root MuiTypography-labelSmall css-1kybk0l\">B4<\/span><\/td>\n<td class=\"artist_VsG56\"><\/td>\n<td class=\"trackTitle_loyWF\"><span class=\"MuiTypography-root MuiTypography-labelSmall css-1kybk0l\"><span class=\"trackTitle_loyWF\">Wave<\/span><\/span><\/td>\n<td class=\"duration_GhhxK\"><span class=\"MuiTypography-root MuiTypography-labelSmall css-1kybk0l\">4:25<\/span><\/td>\n<\/tr>\n<\/tbody>\n<\/table>\n<p>&nbsp;<\/p>\n<p><iframe loading=\"lazy\" title=\"The Awakening\" width=\"832\" height=\"624\" src=\"https:\/\/www.youtube.com\/embed\/L34b0ut8Loc?feature=oembed\" frameborder=\"0\" allow=\"accelerometer; autoplay; clipboard-write; encrypted-media; gyroscope; picture-in-picture; web-share\" referrerpolicy=\"strict-origin-when-cross-origin\" allowfullscreen><\/iframe><\/p>\n<p>&nbsp;<\/p>\n<p><strong>The Ahmad Jamal Trio &#8211; The Awakening<\/strong><\/p>\n<p>Para 1970, el estilo del pianista Ahmad Jamal hab\u00eda evolucionado ligeramente desde la d\u00e9cada de 1950, volvi\u00e9ndose m\u00e1s denso y audaz, sin perder su identidad musical ni su caracter\u00edstica elegancia.<\/p>\n<p>El tr\u00edo de Jamal \u2014el bajista Jamil Nasser (cuyas l\u00edneas a doble tempo son a veces vertiginosas) y el baterista Frank Gant\u2014 ofrece interpretaciones fascinantes, demostrando la continua evoluci\u00f3n de Jamal. Este t\u00edtulo de Verve By Request incluye una remasterizaci\u00f3n en vinilo de 180 gramos, prensado en Third Man en Detroit.<\/p>","protected":false},"excerpt":{"rendered":"<p>Verve Records \u2013 B0036678-01, Impulse! \u2013 AS-9194, UMe \u2013 B0036678-01, 0602448476111<\/p>\n<p>LP en vinilo negro de 180 gramos<\/p>\n<p>&nbsp;<\/p>","protected":false},"featured_media":15195,"template":"","meta":[],"product_brand":[124],"product_cat":[77],"product_tag":[],"class_list":{"0":"post-15194","1":"product","2":"type-product","3":"status-publish","4":"has-post-thumbnail","6":"product_brand-universal-music-group","7":"product_cat-jazz","9":"first","10":"instock","11":"taxable","12":"shipping-taxable","13":"purchasable","14":"product-type-simple"},"yoast_head":"<!-- This site is optimized with the Yoast SEO plugin v27.3 - https:\/\/yoast.com\/product\/yoast-seo-wordpress\/ -->\n<title>The Ahmad Jamal Trio - The Awakening - DISCOS REDONDOS<\/title>\n<meta name=\"description\" content=\"The Ahmad Jamal Trio - The Awakening Verve Records \u2013 B0036678-01, Impulse! \u2013 AS-9194, UMe \u2013 B0036678-01, 0602448476111 LP en vinilo negro de 180 gramos\" \/>\n<meta name=\"robots\" content=\"index, follow, max-snippet:-1, max-image-preview:large, max-video-preview:-1\" \/>\n<link rel=\"canonical\" href=\"https:\/\/discos-redondos.es\/ca\/producte\/the-ahmad-jamal-trio-the-awakening\/\" \/>\n<meta property=\"og:locale\" content=\"ca_ES\" \/>\n<meta property=\"og:type\" content=\"article\" \/>\n<meta property=\"og:title\" content=\"The Ahmad Jamal Trio - The Awakening - DISCOS REDONDOS\" \/>\n<meta property=\"og:description\" content=\"The Ahmad Jamal Trio - The Awakening Verve Records \u2013 B0036678-01, Impulse! \u2013 AS-9194, UMe \u2013 B0036678-01, 0602448476111 LP en vinilo negro de 180 gramos\" \/>\n<meta property=\"og:url\" content=\"https:\/\/discos-redondos.es\/ca\/producte\/the-ahmad-jamal-trio-the-awakening\/\" \/>\n<meta property=\"og:site_name\" content=\"DISCOS REDONDOS\" \/>\n<meta property=\"article:publisher\" content=\"https:\/\/www.facebook.com\/discosredondos45\" \/>\n<meta property=\"article:modified_time\" content=\"2026-03-30T15:47:20+00:00\" \/>\n<meta property=\"og:image\" content=\"https:\/\/discos-redondos.es\/wp-content\/uploads\/2026\/03\/The-Ahmad-Jamal-Trio-The-Awakening.jpg\" \/>\n\t<meta property=\"og:image:width\" content=\"1000\" \/>\n\t<meta property=\"og:image:height\" content=\"1000\" \/>\n\t<meta property=\"og:image:type\" content=\"image\/jpeg\" \/>\n<meta name=\"twitter:card\" content=\"summary_large_image\" \/>\n<meta name=\"twitter:label1\" content=\"Temps estimat de lectura\" \/>\n\t<meta name=\"twitter:data1\" content=\"1 minut\" \/>\n<script type=\"application\/ld+json\" class=\"yoast-schema-graph\">{\"@context\":\"https:\\\/\\\/schema.org\",\"@graph\":[{\"@type\":\"WebPage\",\"@id\":\"https:\\\/\\\/discos-redondos.es\\\/producto\\\/the-ahmad-jamal-trio-the-awakening\",\"url\":\"https:\\\/\\\/discos-redondos.es\\\/producto\\\/the-ahmad-jamal-trio-the-awakening\",\"name\":\"The Ahmad Jamal Trio - The Awakening - DISCOS REDONDOS\",\"isPartOf\":{\"@id\":\"https:\\\/\\\/discos-redondos.es\\\/#website\"},\"primaryImageOfPage\":{\"@id\":\"https:\\\/\\\/discos-redondos.es\\\/producto\\\/the-ahmad-jamal-trio-the-awakening#primaryimage\"},\"image\":{\"@id\":\"https:\\\/\\\/discos-redondos.es\\\/producto\\\/the-ahmad-jamal-trio-the-awakening#primaryimage\"},\"thumbnailUrl\":\"https:\\\/\\\/discos-redondos.es\\\/wp-content\\\/uploads\\\/2026\\\/03\\\/The-Ahmad-Jamal-Trio-The-Awakening.jpg\",\"datePublished\":\"2026-03-16T16:38:43+00:00\",\"dateModified\":\"2026-03-30T15:47:20+00:00\",\"description\":\"The Ahmad Jamal Trio - The Awakening Verve Records \u2013 B0036678-01, Impulse! \u2013 AS-9194, UMe \u2013 B0036678-01, 0602448476111 LP en vinilo negro de 180 gramos\",\"breadcrumb\":{\"@id\":\"https:\\\/\\\/discos-redondos.es\\\/producto\\\/the-ahmad-jamal-trio-the-awakening#breadcrumb\"},\"inLanguage\":\"ca\",\"potentialAction\":[{\"@type\":\"ReadAction\",\"target\":[\"https:\\\/\\\/discos-redondos.es\\\/producto\\\/the-ahmad-jamal-trio-the-awakening\"]}]},{\"@type\":\"ImageObject\",\"inLanguage\":\"ca\",\"@id\":\"https:\\\/\\\/discos-redondos.es\\\/producto\\\/the-ahmad-jamal-trio-the-awakening#primaryimage\",\"url\":\"https:\\\/\\\/discos-redondos.es\\\/wp-content\\\/uploads\\\/2026\\\/03\\\/The-Ahmad-Jamal-Trio-The-Awakening.jpg\",\"contentUrl\":\"https:\\\/\\\/discos-redondos.es\\\/wp-content\\\/uploads\\\/2026\\\/03\\\/The-Ahmad-Jamal-Trio-The-Awakening.jpg\",\"width\":1000,\"height\":1000,\"caption\":\"The Ahmad Jamal Trio - The Awakening\"},{\"@type\":\"BreadcrumbList\",\"@id\":\"https:\\\/\\\/discos-redondos.es\\\/producto\\\/the-ahmad-jamal-trio-the-awakening#breadcrumb\",\"itemListElement\":[{\"@type\":\"ListItem\",\"position\":1,\"name\":\"Portada\",\"item\":\"https:\\\/\\\/discos-redondos.es\\\/\"},{\"@type\":\"ListItem\",\"position\":2,\"name\":\"Tienda\",\"item\":\"https:\\\/\\\/discos-redondos.es\\\/?page_id=487\"},{\"@type\":\"ListItem\",\"position\":3,\"name\":\"The Ahmad Jamal Trio &#8211; The Awakening\"}]},{\"@type\":\"WebSite\",\"@id\":\"https:\\\/\\\/discos-redondos.es\\\/#website\",\"url\":\"https:\\\/\\\/discos-redondos.es\\\/\",\"name\":\"Discos Redondos\",\"description\":\"Tu tienda de discos en Barcelona\",\"publisher\":{\"@id\":\"https:\\\/\\\/discos-redondos.es\\\/#organization\"},\"alternateName\":\"Discos Redondos\",\"potentialAction\":[{\"@type\":\"SearchAction\",\"target\":{\"@type\":\"EntryPoint\",\"urlTemplate\":\"https:\\\/\\\/discos-redondos.es\\\/?s={search_term_string}\"},\"query-input\":{\"@type\":\"PropertyValueSpecification\",\"valueRequired\":true,\"valueName\":\"search_term_string\"}}],\"inLanguage\":\"ca\"},{\"@type\":\"Organization\",\"@id\":\"https:\\\/\\\/discos-redondos.es\\\/#organization\",\"name\":\"Discos Redondos\",\"url\":\"https:\\\/\\\/discos-redondos.es\\\/\",\"logo\":{\"@type\":\"ImageObject\",\"inLanguage\":\"ca\",\"@id\":\"https:\\\/\\\/discos-redondos.es\\\/#\\\/schema\\\/logo\\\/image\\\/\",\"url\":\"https:\\\/\\\/discos-redondos.es\\\/wp-content\\\/uploads\\\/2023\\\/04\\\/aaff-logo-raval-1-1.jpg\",\"contentUrl\":\"https:\\\/\\\/discos-redondos.es\\\/wp-content\\\/uploads\\\/2023\\\/04\\\/aaff-logo-raval-1-1.jpg\",\"width\":2362,\"height\":1441,\"caption\":\"Discos Redondos\"},\"image\":{\"@id\":\"https:\\\/\\\/discos-redondos.es\\\/#\\\/schema\\\/logo\\\/image\\\/\"},\"sameAs\":[\"https:\\\/\\\/www.facebook.com\\\/discosredondos45\",\"https:\\\/\\\/www.instagram.com\\\/discos.redondos33\\\/?hl=es\",\"https:\\\/\\\/discos-redondos.bandcamp.com\\\/\"]}]}<\/script>\n<!-- \/ Yoast SEO plugin. -->","yoast_head_json":{"title":"The Ahmad Jamal Trio - The Awakening - DISCOS REDONDOS","description":"The Ahmad Jamal Trio - The Awakening Verve Records \u2013 B0036678-01, Impulse! \u2013 AS-9194, UMe \u2013 B0036678-01, 0602448476111 LP en vinilo negro de 180 gramos","robots":{"index":"index","follow":"follow","max-snippet":"max-snippet:-1","max-image-preview":"max-image-preview:large","max-video-preview":"max-video-preview:-1"},"canonical":"https:\/\/discos-redondos.es\/ca\/producte\/the-ahmad-jamal-trio-the-awakening\/","og_locale":"ca_ES","og_type":"article","og_title":"The Ahmad Jamal Trio - The Awakening - DISCOS REDONDOS","og_description":"The Ahmad Jamal Trio - The Awakening Verve Records \u2013 B0036678-01, Impulse! \u2013 AS-9194, UMe \u2013 B0036678-01, 0602448476111 LP en vinilo negro de 180 gramos","og_url":"https:\/\/discos-redondos.es\/ca\/producte\/the-ahmad-jamal-trio-the-awakening\/","og_site_name":"DISCOS REDONDOS","article_publisher":"https:\/\/www.facebook.com\/discosredondos45","article_modified_time":"2026-03-30T15:47:20+00:00","og_image":[{"width":1000,"height":1000,"url":"https:\/\/discos-redondos.es\/wp-content\/uploads\/2026\/03\/The-Ahmad-Jamal-Trio-The-Awakening.jpg","type":"image\/jpeg"}],"twitter_card":"summary_large_image","twitter_misc":{"Temps estimat de lectura":"1 minut"},"schema":{"@context":"https:\/\/schema.org","@graph":[{"@type":"WebPage","@id":"https:\/\/discos-redondos.es\/producto\/the-ahmad-jamal-trio-the-awakening","url":"https:\/\/discos-redondos.es\/producto\/the-ahmad-jamal-trio-the-awakening","name":"The Ahmad Jamal Trio - The Awakening - DISCOS REDONDOS","isPartOf":{"@id":"https:\/\/discos-redondos.es\/#website"},"primaryImageOfPage":{"@id":"https:\/\/discos-redondos.es\/producto\/the-ahmad-jamal-trio-the-awakening#primaryimage"},"image":{"@id":"https:\/\/discos-redondos.es\/producto\/the-ahmad-jamal-trio-the-awakening#primaryimage"},"thumbnailUrl":"https:\/\/discos-redondos.es\/wp-content\/uploads\/2026\/03\/The-Ahmad-Jamal-Trio-The-Awakening.jpg","datePublished":"2026-03-16T16:38:43+00:00","dateModified":"2026-03-30T15:47:20+00:00","description":"The Ahmad Jamal Trio - The Awakening Verve Records \u2013 B0036678-01, Impulse! \u2013 AS-9194, UMe \u2013 B0036678-01, 0602448476111 LP en vinilo negro de 180 gramos","breadcrumb":{"@id":"https:\/\/discos-redondos.es\/producto\/the-ahmad-jamal-trio-the-awakening#breadcrumb"},"inLanguage":"ca","potentialAction":[{"@type":"ReadAction","target":["https:\/\/discos-redondos.es\/producto\/the-ahmad-jamal-trio-the-awakening"]}]},{"@type":"ImageObject","inLanguage":"ca","@id":"https:\/\/discos-redondos.es\/producto\/the-ahmad-jamal-trio-the-awakening#primaryimage","url":"https:\/\/discos-redondos.es\/wp-content\/uploads\/2026\/03\/The-Ahmad-Jamal-Trio-The-Awakening.jpg","contentUrl":"https:\/\/discos-redondos.es\/wp-content\/uploads\/2026\/03\/The-Ahmad-Jamal-Trio-The-Awakening.jpg","width":1000,"height":1000,"caption":"The Ahmad Jamal Trio - The Awakening"},{"@type":"BreadcrumbList","@id":"https:\/\/discos-redondos.es\/producto\/the-ahmad-jamal-trio-the-awakening#breadcrumb","itemListElement":[{"@type":"ListItem","position":1,"name":"Portada","item":"https:\/\/discos-redondos.es\/"},{"@type":"ListItem","position":2,"name":"Tienda","item":"https:\/\/discos-redondos.es\/?page_id=487"},{"@type":"ListItem","position":3,"name":"The Ahmad Jamal Trio &#8211; The Awakening"}]},{"@type":"WebSite","@id":"https:\/\/discos-redondos.es\/#website","url":"https:\/\/discos-redondos.es\/","name":"Discos Redondos","description":"La teva botiga de discos a Barcelona","publisher":{"@id":"https:\/\/discos-redondos.es\/#organization"},"alternateName":"Discos Redondos","potentialAction":[{"@type":"SearchAction","target":{"@type":"EntryPoint","urlTemplate":"https:\/\/discos-redondos.es\/?s={search_term_string}"},"query-input":{"@type":"PropertyValueSpecification","valueRequired":true,"valueName":"search_term_string"}}],"inLanguage":"ca"},{"@type":"Organization","@id":"https:\/\/discos-redondos.es\/#organization","name":"Discos Redondos","url":"https:\/\/discos-redondos.es\/","logo":{"@type":"ImageObject","inLanguage":"ca","@id":"https:\/\/discos-redondos.es\/#\/schema\/logo\/image\/","url":"https:\/\/discos-redondos.es\/wp-content\/uploads\/2023\/04\/aaff-logo-raval-1-1.jpg","contentUrl":"https:\/\/discos-redondos.es\/wp-content\/uploads\/2023\/04\/aaff-logo-raval-1-1.jpg","width":2362,"height":1441,"caption":"Discos Redondos"},"image":{"@id":"https:\/\/discos-redondos.es\/#\/schema\/logo\/image\/"},"sameAs":["https:\/\/www.facebook.com\/discosredondos45","https:\/\/www.instagram.com\/discos.redondos33\/?hl=es","https:\/\/discos-redondos.bandcamp.com\/"]}]}},"jetpack_sharing_enabled":true,"_links":{"self":[{"href":"https:\/\/discos-redondos.es\/ca\/wp-json\/wp\/v2\/product\/15194","targetHints":{"allow":["GET"]}}],"collection":[{"href":"https:\/\/discos-redondos.es\/ca\/wp-json\/wp\/v2\/product"}],"about":[{"href":"https:\/\/discos-redondos.es\/ca\/wp-json\/wp\/v2\/types\/product"}],"wp:featuredmedia":[{"embeddable":true,"href":"https:\/\/discos-redondos.es\/ca\/wp-json\/wp\/v2\/media\/15195"}],"wp:attachment":[{"href":"https:\/\/discos-redondos.es\/ca\/wp-json\/wp\/v2\/media?parent=15194"}],"wp:term":[{"taxonomy":"product_brand","embeddable":true,"href":"https:\/\/discos-redondos.es\/ca\/wp-json\/wp\/v2\/product_brand?post=15194"},{"taxonomy":"product_cat","embeddable":true,"href":"https:\/\/discos-redondos.es\/ca\/wp-json\/wp\/v2\/product_cat?post=15194"},{"taxonomy":"product_tag","embeddable":true,"href":"https:\/\/discos-redondos.es\/ca\/wp-json\/wp\/v2\/product_tag?post=15194"}],"curies":[{"name":"wp","href":"https:\/\/api.w.org\/{rel}","templated":true}]}}