{"id":15208,"date":"2026-03-17T17:32:39","date_gmt":"2026-03-17T17:32:39","guid":{"rendered":"https:\/\/discos-redondos.es\/?post_type=product&#038;p=15208"},"modified":"2026-04-02T11:53:13","modified_gmt":"2026-04-02T11:53:13","slug":"pickpocket-4-top-50-hbo","status":"publish","type":"product","link":"https:\/\/discos-redondos.es\/ca\/producte\/pickpocket-4-top-50-hbo","title":{"rendered":"Pickpocket #4 (Top 50 HBO)"},"content":{"rendered":"<p><strong>Pickpocket es una revista de cine, series y otros desv\u00edos culturales<\/strong><\/p>\n<p>Esta cuarta entrega repasa los 50 greatest hits de la cadena HBO<\/p>\n<p>Noviembre 2025<\/p>","protected":false},"excerpt":{"rendered":"<p><strong>Pickpocket #4<\/strong><\/p>\n<p>Top 50 HBO<br \/>\nFormato: 17\u00d724 cm<br \/>\nN\u00famero de p\u00e1ginas: 96<br \/>\nImpresa a color en papel offset de 90g<\/p>","protected":false},"featured_media":15209,"template":"","meta":[],"product_brand":[],"product_cat":[133],"product_tag":[],"class_list":{"0":"post-15208","1":"product","2":"type-product","3":"status-publish","4":"has-post-thumbnail","6":"product_cat-revistas","8":"first","9":"instock","10":"taxable","11":"shipping-taxable","12":"purchasable","13":"product-type-simple"},"yoast_head":"<!-- This site is optimized with the Yoast SEO plugin v27.3 - https:\/\/yoast.com\/product\/yoast-seo-wordpress\/ -->\n<title>Pickpocket #4 (Top 50 HBO) - DISCOS REDONDOS<\/title>\n<meta name=\"description\" content=\"Pickpocket #4 (Top 50 HBO) Formato: 17\u00d724 cm N\u00famero de p\u00e1ginas: 96 Impresa a color en papel offset de 90g\" \/>\n<meta name=\"robots\" content=\"index, follow, max-snippet:-1, max-image-preview:large, max-video-preview:-1\" \/>\n<link rel=\"canonical\" href=\"https:\/\/discos-redondos.es\/ca\/producte\/pickpocket-4-top-50-hbo\/\" \/>\n<meta property=\"og:locale\" content=\"ca_ES\" \/>\n<meta property=\"og:type\" content=\"article\" \/>\n<meta property=\"og:title\" content=\"Pickpocket #4 (Top 50 HBO) - DISCOS REDONDOS\" \/>\n<meta property=\"og:description\" content=\"Pickpocket #4 (Top 50 HBO) Formato: 17\u00d724 cm N\u00famero de p\u00e1ginas: 96 Impresa a color en papel offset de 90g\" \/>\n<meta property=\"og:url\" content=\"https:\/\/discos-redondos.es\/ca\/producte\/pickpocket-4-top-50-hbo\/\" \/>\n<meta property=\"og:site_name\" content=\"DISCOS REDONDOS\" \/>\n<meta property=\"article:publisher\" content=\"https:\/\/www.facebook.com\/discosredondos45\" \/>\n<meta property=\"article:modified_time\" content=\"2026-04-02T11:53:13+00:00\" \/>\n<meta property=\"og:image\" content=\"https:\/\/discos-redondos.es\/wp-content\/uploads\/2026\/03\/Pickpocket-4-Top-50-HBO.jpg\" \/>\n\t<meta property=\"og:image:width\" content=\"850\" \/>\n\t<meta property=\"og:image:height\" content=\"1200\" \/>\n\t<meta property=\"og:image:type\" content=\"image\/jpeg\" \/>\n<meta name=\"twitter:card\" content=\"summary_large_image\" \/>\n<meta name=\"twitter:label1\" content=\"Temps estimat de lectura\" \/>\n\t<meta name=\"twitter:data1\" content=\"1 minut\" \/>\n<script type=\"application\/ld+json\" class=\"yoast-schema-graph\">{\"@context\":\"https:\\\/\\\/schema.org\",\"@graph\":[{\"@type\":\"WebPage\",\"@id\":\"https:\\\/\\\/discos-redondos.es\\\/producto\\\/pickpocket-4-top-50-hbo\",\"url\":\"https:\\\/\\\/discos-redondos.es\\\/producto\\\/pickpocket-4-top-50-hbo\",\"name\":\"Pickpocket #4 (Top 50 HBO) - DISCOS REDONDOS\",\"isPartOf\":{\"@id\":\"https:\\\/\\\/discos-redondos.es\\\/#website\"},\"primaryImageOfPage\":{\"@id\":\"https:\\\/\\\/discos-redondos.es\\\/producto\\\/pickpocket-4-top-50-hbo#primaryimage\"},\"image\":{\"@id\":\"https:\\\/\\\/discos-redondos.es\\\/producto\\\/pickpocket-4-top-50-hbo#primaryimage\"},\"thumbnailUrl\":\"https:\\\/\\\/discos-redondos.es\\\/wp-content\\\/uploads\\\/2026\\\/03\\\/Pickpocket-4-Top-50-HBO.jpg\",\"datePublished\":\"2026-03-17T17:32:39+00:00\",\"dateModified\":\"2026-04-02T11:53:13+00:00\",\"description\":\"Pickpocket #4 (Top 50 HBO) Formato: 17\u00d724 cm N\u00famero de p\u00e1ginas: 96 Impresa a color en papel offset de 90g\",\"breadcrumb\":{\"@id\":\"https:\\\/\\\/discos-redondos.es\\\/producto\\\/pickpocket-4-top-50-hbo#breadcrumb\"},\"inLanguage\":\"ca\",\"potentialAction\":[{\"@type\":\"ReadAction\",\"target\":[\"https:\\\/\\\/discos-redondos.es\\\/producto\\\/pickpocket-4-top-50-hbo\"]}]},{\"@type\":\"ImageObject\",\"inLanguage\":\"ca\",\"@id\":\"https:\\\/\\\/discos-redondos.es\\\/producto\\\/pickpocket-4-top-50-hbo#primaryimage\",\"url\":\"https:\\\/\\\/discos-redondos.es\\\/wp-content\\\/uploads\\\/2026\\\/03\\\/Pickpocket-4-Top-50-HBO.jpg\",\"contentUrl\":\"https:\\\/\\\/discos-redondos.es\\\/wp-content\\\/uploads\\\/2026\\\/03\\\/Pickpocket-4-Top-50-HBO.jpg\",\"width\":850,\"height\":1200,\"caption\":\"Pickpocket #4 (Top 50 HBO)\"},{\"@type\":\"BreadcrumbList\",\"@id\":\"https:\\\/\\\/discos-redondos.es\\\/producto\\\/pickpocket-4-top-50-hbo#breadcrumb\",\"itemListElement\":[{\"@type\":\"ListItem\",\"position\":1,\"name\":\"Portada\",\"item\":\"https:\\\/\\\/discos-redondos.es\\\/\"},{\"@type\":\"ListItem\",\"position\":2,\"name\":\"Tienda\",\"item\":\"https:\\\/\\\/discos-redondos.es\\\/?page_id=487\"},{\"@type\":\"ListItem\",\"position\":3,\"name\":\"Pickpocket #4 (Top 50 HBO)\"}]},{\"@type\":\"WebSite\",\"@id\":\"https:\\\/\\\/discos-redondos.es\\\/#website\",\"url\":\"https:\\\/\\\/discos-redondos.es\\\/\",\"name\":\"Discos Redondos\",\"description\":\"Tu tienda de discos en Barcelona\",\"publisher\":{\"@id\":\"https:\\\/\\\/discos-redondos.es\\\/#organization\"},\"alternateName\":\"Discos Redondos\",\"potentialAction\":[{\"@type\":\"SearchAction\",\"target\":{\"@type\":\"EntryPoint\",\"urlTemplate\":\"https:\\\/\\\/discos-redondos.es\\\/?s={search_term_string}\"},\"query-input\":{\"@type\":\"PropertyValueSpecification\",\"valueRequired\":true,\"valueName\":\"search_term_string\"}}],\"inLanguage\":\"ca\"},{\"@type\":\"Organization\",\"@id\":\"https:\\\/\\\/discos-redondos.es\\\/#organization\",\"name\":\"Discos Redondos\",\"url\":\"https:\\\/\\\/discos-redondos.es\\\/\",\"logo\":{\"@type\":\"ImageObject\",\"inLanguage\":\"ca\",\"@id\":\"https:\\\/\\\/discos-redondos.es\\\/#\\\/schema\\\/logo\\\/image\\\/\",\"url\":\"https:\\\/\\\/discos-redondos.es\\\/wp-content\\\/uploads\\\/2023\\\/04\\\/aaff-logo-raval-1-1.jpg\",\"contentUrl\":\"https:\\\/\\\/discos-redondos.es\\\/wp-content\\\/uploads\\\/2023\\\/04\\\/aaff-logo-raval-1-1.jpg\",\"width\":2362,\"height\":1441,\"caption\":\"Discos Redondos\"},\"image\":{\"@id\":\"https:\\\/\\\/discos-redondos.es\\\/#\\\/schema\\\/logo\\\/image\\\/\"},\"sameAs\":[\"https:\\\/\\\/www.facebook.com\\\/discosredondos45\",\"https:\\\/\\\/www.instagram.com\\\/discos.redondos33\\\/?hl=es\",\"https:\\\/\\\/discos-redondos.bandcamp.com\\\/\"]}]}<\/script>\n<!-- \/ Yoast SEO plugin. -->","yoast_head_json":{"title":"Pickpocket #4 (Top 50 HBO) - DISCOS REDONDOS","description":"Pickpocket #4 (Top 50 HBO) Formato: 17\u00d724 cm N\u00famero de p\u00e1ginas: 96 Impresa a color en papel offset de 90g","robots":{"index":"index","follow":"follow","max-snippet":"max-snippet:-1","max-image-preview":"max-image-preview:large","max-video-preview":"max-video-preview:-1"},"canonical":"https:\/\/discos-redondos.es\/ca\/producte\/pickpocket-4-top-50-hbo\/","og_locale":"ca_ES","og_type":"article","og_title":"Pickpocket #4 (Top 50 HBO) - DISCOS REDONDOS","og_description":"Pickpocket #4 (Top 50 HBO) Formato: 17\u00d724 cm N\u00famero de p\u00e1ginas: 96 Impresa a color en papel offset de 90g","og_url":"https:\/\/discos-redondos.es\/ca\/producte\/pickpocket-4-top-50-hbo\/","og_site_name":"DISCOS REDONDOS","article_publisher":"https:\/\/www.facebook.com\/discosredondos45","article_modified_time":"2026-04-02T11:53:13+00:00","og_image":[{"width":850,"height":1200,"url":"https:\/\/discos-redondos.es\/wp-content\/uploads\/2026\/03\/Pickpocket-4-Top-50-HBO.jpg","type":"image\/jpeg"}],"twitter_card":"summary_large_image","twitter_misc":{"Temps estimat de lectura":"1 minut"},"schema":{"@context":"https:\/\/schema.org","@graph":[{"@type":"WebPage","@id":"https:\/\/discos-redondos.es\/producto\/pickpocket-4-top-50-hbo","url":"https:\/\/discos-redondos.es\/producto\/pickpocket-4-top-50-hbo","name":"Pickpocket #4 (Top 50 HBO) - DISCOS REDONDOS","isPartOf":{"@id":"https:\/\/discos-redondos.es\/#website"},"primaryImageOfPage":{"@id":"https:\/\/discos-redondos.es\/producto\/pickpocket-4-top-50-hbo#primaryimage"},"image":{"@id":"https:\/\/discos-redondos.es\/producto\/pickpocket-4-top-50-hbo#primaryimage"},"thumbnailUrl":"https:\/\/discos-redondos.es\/wp-content\/uploads\/2026\/03\/Pickpocket-4-Top-50-HBO.jpg","datePublished":"2026-03-17T17:32:39+00:00","dateModified":"2026-04-02T11:53:13+00:00","description":"Pickpocket #4 (Top 50 HBO) Formato: 17\u00d724 cm N\u00famero de p\u00e1ginas: 96 Impresa a color en papel offset de 90g","breadcrumb":{"@id":"https:\/\/discos-redondos.es\/producto\/pickpocket-4-top-50-hbo#breadcrumb"},"inLanguage":"ca","potentialAction":[{"@type":"ReadAction","target":["https:\/\/discos-redondos.es\/producto\/pickpocket-4-top-50-hbo"]}]},{"@type":"ImageObject","inLanguage":"ca","@id":"https:\/\/discos-redondos.es\/producto\/pickpocket-4-top-50-hbo#primaryimage","url":"https:\/\/discos-redondos.es\/wp-content\/uploads\/2026\/03\/Pickpocket-4-Top-50-HBO.jpg","contentUrl":"https:\/\/discos-redondos.es\/wp-content\/uploads\/2026\/03\/Pickpocket-4-Top-50-HBO.jpg","width":850,"height":1200,"caption":"Pickpocket #4 (Top 50 HBO)"},{"@type":"BreadcrumbList","@id":"https:\/\/discos-redondos.es\/producto\/pickpocket-4-top-50-hbo#breadcrumb","itemListElement":[{"@type":"ListItem","position":1,"name":"Portada","item":"https:\/\/discos-redondos.es\/"},{"@type":"ListItem","position":2,"name":"Tienda","item":"https:\/\/discos-redondos.es\/?page_id=487"},{"@type":"ListItem","position":3,"name":"Pickpocket #4 (Top 50 HBO)"}]},{"@type":"WebSite","@id":"https:\/\/discos-redondos.es\/#website","url":"https:\/\/discos-redondos.es\/","name":"Discos Redondos","description":"La teva botiga de discos a Barcelona","publisher":{"@id":"https:\/\/discos-redondos.es\/#organization"},"alternateName":"Discos Redondos","potentialAction":[{"@type":"SearchAction","target":{"@type":"EntryPoint","urlTemplate":"https:\/\/discos-redondos.es\/?s={search_term_string}"},"query-input":{"@type":"PropertyValueSpecification","valueRequired":true,"valueName":"search_term_string"}}],"inLanguage":"ca"},{"@type":"Organization","@id":"https:\/\/discos-redondos.es\/#organization","name":"Discos Redondos","url":"https:\/\/discos-redondos.es\/","logo":{"@type":"ImageObject","inLanguage":"ca","@id":"https:\/\/discos-redondos.es\/#\/schema\/logo\/image\/","url":"https:\/\/discos-redondos.es\/wp-content\/uploads\/2023\/04\/aaff-logo-raval-1-1.jpg","contentUrl":"https:\/\/discos-redondos.es\/wp-content\/uploads\/2023\/04\/aaff-logo-raval-1-1.jpg","width":2362,"height":1441,"caption":"Discos Redondos"},"image":{"@id":"https:\/\/discos-redondos.es\/#\/schema\/logo\/image\/"},"sameAs":["https:\/\/www.facebook.com\/discosredondos45","https:\/\/www.instagram.com\/discos.redondos33\/?hl=es","https:\/\/discos-redondos.bandcamp.com\/"]}]}},"jetpack_sharing_enabled":true,"_links":{"self":[{"href":"https:\/\/discos-redondos.es\/ca\/wp-json\/wp\/v2\/product\/15208","targetHints":{"allow":["GET"]}}],"collection":[{"href":"https:\/\/discos-redondos.es\/ca\/wp-json\/wp\/v2\/product"}],"about":[{"href":"https:\/\/discos-redondos.es\/ca\/wp-json\/wp\/v2\/types\/product"}],"wp:featuredmedia":[{"embeddable":true,"href":"https:\/\/discos-redondos.es\/ca\/wp-json\/wp\/v2\/media\/15209"}],"wp:attachment":[{"href":"https:\/\/discos-redondos.es\/ca\/wp-json\/wp\/v2\/media?parent=15208"}],"wp:term":[{"taxonomy":"product_brand","embeddable":true,"href":"https:\/\/discos-redondos.es\/ca\/wp-json\/wp\/v2\/product_brand?post=15208"},{"taxonomy":"product_cat","embeddable":true,"href":"https:\/\/discos-redondos.es\/ca\/wp-json\/wp\/v2\/product_cat?post=15208"},{"taxonomy":"product_tag","embeddable":true,"href":"https:\/\/discos-redondos.es\/ca\/wp-json\/wp\/v2\/product_tag?post=15208"}],"curies":[{"name":"wp","href":"https:\/\/api.w.org\/{rel}","templated":true}]}}