{"id":15215,"date":"2026-03-18T15:57:17","date_gmt":"2026-03-18T15:57:17","guid":{"rendered":"https:\/\/discos-redondos.es\/?post_type=product&#038;p=15215"},"modified":"2026-03-18T15:57:18","modified_gmt":"2026-03-18T15:57:18","slug":"dope-john-densmore-chuck-d-no-country-for-old-men-rsd-2026","status":"publish","type":"product","link":"https:\/\/discos-redondos.es\/ca\/producte\/dope-john-densmore-chuck-d-no-country-for-old-men-rsd-2026","title":{"rendered":"doPE (John Densmore &#038; Chuck D) &#8211; No Country For Old Men (RSD 2026)"},"content":{"rendered":"<p><strong>doPE (John Densmore &amp; Chuck D) &#8211; No Country For Old Men (RSD 2026)<\/strong><\/p>\n<p>El ex embajador del Record Store Day y leyenda del hip-hop Chuck D (Public Enemy) une fuerzas con el ic\u00f3nico baterista de The Doors, John Densmore, para No Country for Old Men, el \u00e1lbum debut de su nuevo proyecto doPE, grabado especialmente para el Record Store Day 2026. Combinando spoken word, ritmo y una cruda cr\u00edtica social, el disco tiende puentes entre generaciones de rebeld\u00eda y reflexi\u00f3n. El vinilo de edici\u00f3n limitada estar\u00e1 disponible exclusivamente para el Record Store Day 2026, en una lujosa funda desplegable con ilustraciones originales del propio Chuck D. El \u00e1lbum incluye la Canci\u00f3n del A\u00f1o del Record Store Day: \u00abEvery Tick Tick Tick\u00bb.<\/p>\n<p><strong>Tracklist<\/strong><br \/>\nSide A:<br \/>\n1. Every Tick Tick Tick<br \/>\n2. No Country For Old Men<br \/>\n3. Doomsay<br \/>\n4. The Bones of My Feather<br \/>\n5. I Love That I Don&#8217;t Love<br \/>\n6. People Are Strangers<br \/>\nSide B:<br \/>\n1. Break Thru<br \/>\n2. Ops3ssion<br \/>\n3. Dajali II<br \/>\n4. Everybody Dies<br \/>\n5. No Country For Old Men (Dub)<br \/>\n6. Saydoom (Dub)<\/p>","protected":false},"excerpt":{"rendered":"<p><strong>Org Music &#8211; 0711574971619<\/strong><\/p>\n<p>LP edici\u00f3n correspondiente al Record Store Day del 18 de abril de 2026<\/p>","protected":false},"featured_media":15216,"template":"","meta":[],"product_brand":[136],"product_cat":[91],"product_tag":[],"class_list":{"0":"post-15215","1":"product","2":"type-product","3":"status-publish","4":"has-post-thumbnail","6":"product_brand-varios","7":"product_cat-record-store-day","9":"first","10":"outofstock","11":"taxable","12":"shipping-taxable","13":"purchasable","14":"product-type-simple"},"yoast_head":"<!-- This site is optimized with the Yoast SEO plugin v27.3 - https:\/\/yoast.com\/product\/yoast-seo-wordpress\/ -->\n<title>doPE (John Densmore &amp; Chuck D) - No Country For Old Men (RSD 2026) - DISCOS REDONDOS<\/title>\n<meta name=\"description\" content=\"doPE (John Densmore &amp; Chuck D) - No Country For Old Men (RSD 2026) Org Music - 0711574971619 LP edici\u00f3n correspondiente al Record Store Day 2026\" \/>\n<meta name=\"robots\" content=\"index, follow, max-snippet:-1, max-image-preview:large, max-video-preview:-1\" \/>\n<link rel=\"canonical\" href=\"https:\/\/discos-redondos.es\/ca\/producte\/dope-john-densmore-chuck-d-no-country-for-old-men-rsd-2026\/\" \/>\n<meta property=\"og:locale\" content=\"ca_ES\" \/>\n<meta property=\"og:type\" content=\"article\" \/>\n<meta property=\"og:title\" content=\"doPE (John Densmore &amp; Chuck D) - No Country For Old Men (RSD 2026) - DISCOS REDONDOS\" \/>\n<meta property=\"og:description\" content=\"doPE (John Densmore &amp; Chuck D) - No Country For Old Men (RSD 2026) Org Music - 0711574971619 LP edici\u00f3n correspondiente al Record Store Day 2026\" \/>\n<meta property=\"og:url\" content=\"https:\/\/discos-redondos.es\/ca\/producte\/dope-john-densmore-chuck-d-no-country-for-old-men-rsd-2026\/\" \/>\n<meta property=\"og:site_name\" content=\"DISCOS REDONDOS\" \/>\n<meta property=\"article:publisher\" content=\"https:\/\/www.facebook.com\/discosredondos45\" \/>\n<meta property=\"article:modified_time\" content=\"2026-03-18T15:57:18+00:00\" \/>\n<meta property=\"og:image\" content=\"https:\/\/discos-redondos.es\/wp-content\/uploads\/2026\/03\/doPE-John-Densmore-Chuck-D-No-Country-For-Old-Men-RSD-2026.webp\" \/>\n\t<meta property=\"og:image:width\" content=\"360\" \/>\n\t<meta property=\"og:image:height\" content=\"360\" \/>\n\t<meta property=\"og:image:type\" content=\"image\/webp\" \/>\n<meta name=\"twitter:card\" content=\"summary_large_image\" \/>\n<meta name=\"twitter:label1\" content=\"Temps estimat de lectura\" \/>\n\t<meta name=\"twitter:data1\" content=\"2 minuts\" \/>\n<script type=\"application\/ld+json\" class=\"yoast-schema-graph\">{\"@context\":\"https:\\\/\\\/schema.org\",\"@graph\":[{\"@type\":\"WebPage\",\"@id\":\"https:\\\/\\\/discos-redondos.es\\\/producto\\\/dope-john-densmore-chuck-d-no-country-for-old-men-rsd-2026\",\"url\":\"https:\\\/\\\/discos-redondos.es\\\/producto\\\/dope-john-densmore-chuck-d-no-country-for-old-men-rsd-2026\",\"name\":\"doPE (John Densmore & Chuck D) - No Country For Old Men (RSD 2026) - DISCOS REDONDOS\",\"isPartOf\":{\"@id\":\"https:\\\/\\\/discos-redondos.es\\\/#website\"},\"primaryImageOfPage\":{\"@id\":\"https:\\\/\\\/discos-redondos.es\\\/producto\\\/dope-john-densmore-chuck-d-no-country-for-old-men-rsd-2026#primaryimage\"},\"image\":{\"@id\":\"https:\\\/\\\/discos-redondos.es\\\/producto\\\/dope-john-densmore-chuck-d-no-country-for-old-men-rsd-2026#primaryimage\"},\"thumbnailUrl\":\"https:\\\/\\\/discos-redondos.es\\\/wp-content\\\/uploads\\\/2026\\\/03\\\/doPE-John-Densmore-Chuck-D-No-Country-For-Old-Men-RSD-2026.webp\",\"datePublished\":\"2026-03-18T15:57:17+00:00\",\"dateModified\":\"2026-03-18T15:57:18+00:00\",\"description\":\"doPE (John Densmore & Chuck D) - No Country For Old Men (RSD 2026) Org Music - 0711574971619 LP edici\u00f3n correspondiente al Record Store Day 2026\",\"breadcrumb\":{\"@id\":\"https:\\\/\\\/discos-redondos.es\\\/producto\\\/dope-john-densmore-chuck-d-no-country-for-old-men-rsd-2026#breadcrumb\"},\"inLanguage\":\"ca\",\"potentialAction\":[{\"@type\":\"ReadAction\",\"target\":[\"https:\\\/\\\/discos-redondos.es\\\/producto\\\/dope-john-densmore-chuck-d-no-country-for-old-men-rsd-2026\"]}]},{\"@type\":\"ImageObject\",\"inLanguage\":\"ca\",\"@id\":\"https:\\\/\\\/discos-redondos.es\\\/producto\\\/dope-john-densmore-chuck-d-no-country-for-old-men-rsd-2026#primaryimage\",\"url\":\"https:\\\/\\\/discos-redondos.es\\\/wp-content\\\/uploads\\\/2026\\\/03\\\/doPE-John-Densmore-Chuck-D-No-Country-For-Old-Men-RSD-2026.webp\",\"contentUrl\":\"https:\\\/\\\/discos-redondos.es\\\/wp-content\\\/uploads\\\/2026\\\/03\\\/doPE-John-Densmore-Chuck-D-No-Country-For-Old-Men-RSD-2026.webp\",\"width\":360,\"height\":360,\"caption\":\"doPE (John Densmore & Chuck D) - No Country For Old Men (RSD 2026)\"},{\"@type\":\"BreadcrumbList\",\"@id\":\"https:\\\/\\\/discos-redondos.es\\\/producto\\\/dope-john-densmore-chuck-d-no-country-for-old-men-rsd-2026#breadcrumb\",\"itemListElement\":[{\"@type\":\"ListItem\",\"position\":1,\"name\":\"Portada\",\"item\":\"https:\\\/\\\/discos-redondos.es\\\/\"},{\"@type\":\"ListItem\",\"position\":2,\"name\":\"Tienda\",\"item\":\"https:\\\/\\\/discos-redondos.es\\\/?page_id=487\"},{\"@type\":\"ListItem\",\"position\":3,\"name\":\"doPE (John Densmore &#038; Chuck D) &#8211; No Country For Old Men (RSD 2026)\"}]},{\"@type\":\"WebSite\",\"@id\":\"https:\\\/\\\/discos-redondos.es\\\/#website\",\"url\":\"https:\\\/\\\/discos-redondos.es\\\/\",\"name\":\"Discos Redondos\",\"description\":\"Tu tienda de discos en Barcelona\",\"publisher\":{\"@id\":\"https:\\\/\\\/discos-redondos.es\\\/#organization\"},\"alternateName\":\"Discos Redondos\",\"potentialAction\":[{\"@type\":\"SearchAction\",\"target\":{\"@type\":\"EntryPoint\",\"urlTemplate\":\"https:\\\/\\\/discos-redondos.es\\\/?s={search_term_string}\"},\"query-input\":{\"@type\":\"PropertyValueSpecification\",\"valueRequired\":true,\"valueName\":\"search_term_string\"}}],\"inLanguage\":\"ca\"},{\"@type\":\"Organization\",\"@id\":\"https:\\\/\\\/discos-redondos.es\\\/#organization\",\"name\":\"Discos Redondos\",\"url\":\"https:\\\/\\\/discos-redondos.es\\\/\",\"logo\":{\"@type\":\"ImageObject\",\"inLanguage\":\"ca\",\"@id\":\"https:\\\/\\\/discos-redondos.es\\\/#\\\/schema\\\/logo\\\/image\\\/\",\"url\":\"https:\\\/\\\/discos-redondos.es\\\/wp-content\\\/uploads\\\/2023\\\/04\\\/aaff-logo-raval-1-1.jpg\",\"contentUrl\":\"https:\\\/\\\/discos-redondos.es\\\/wp-content\\\/uploads\\\/2023\\\/04\\\/aaff-logo-raval-1-1.jpg\",\"width\":2362,\"height\":1441,\"caption\":\"Discos Redondos\"},\"image\":{\"@id\":\"https:\\\/\\\/discos-redondos.es\\\/#\\\/schema\\\/logo\\\/image\\\/\"},\"sameAs\":[\"https:\\\/\\\/www.facebook.com\\\/discosredondos45\",\"https:\\\/\\\/www.instagram.com\\\/discos.redondos33\\\/?hl=es\",\"https:\\\/\\\/discos-redondos.bandcamp.com\\\/\"]}]}<\/script>\n<!-- \/ Yoast SEO plugin. -->","yoast_head_json":{"title":"doPE (John Densmore & Chuck D) - No Country For Old Men (RSD 2026) - DISCOS REDONDOS","description":"doPE (John Densmore & Chuck D) - No Country For Old Men (RSD 2026) Org Music - 0711574971619 LP edici\u00f3n correspondiente al Record Store Day 2026","robots":{"index":"index","follow":"follow","max-snippet":"max-snippet:-1","max-image-preview":"max-image-preview:large","max-video-preview":"max-video-preview:-1"},"canonical":"https:\/\/discos-redondos.es\/ca\/producte\/dope-john-densmore-chuck-d-no-country-for-old-men-rsd-2026\/","og_locale":"ca_ES","og_type":"article","og_title":"doPE (John Densmore & Chuck D) - No Country For Old Men (RSD 2026) - DISCOS REDONDOS","og_description":"doPE (John Densmore & Chuck D) - No Country For Old Men (RSD 2026) Org Music - 0711574971619 LP edici\u00f3n correspondiente al Record Store Day 2026","og_url":"https:\/\/discos-redondos.es\/ca\/producte\/dope-john-densmore-chuck-d-no-country-for-old-men-rsd-2026\/","og_site_name":"DISCOS REDONDOS","article_publisher":"https:\/\/www.facebook.com\/discosredondos45","article_modified_time":"2026-03-18T15:57:18+00:00","og_image":[{"width":360,"height":360,"url":"https:\/\/discos-redondos.es\/wp-content\/uploads\/2026\/03\/doPE-John-Densmore-Chuck-D-No-Country-For-Old-Men-RSD-2026.webp","type":"image\/webp"}],"twitter_card":"summary_large_image","twitter_misc":{"Temps estimat de lectura":"2 minuts"},"schema":{"@context":"https:\/\/schema.org","@graph":[{"@type":"WebPage","@id":"https:\/\/discos-redondos.es\/producto\/dope-john-densmore-chuck-d-no-country-for-old-men-rsd-2026","url":"https:\/\/discos-redondos.es\/producto\/dope-john-densmore-chuck-d-no-country-for-old-men-rsd-2026","name":"doPE (John Densmore & Chuck D) - No Country For Old Men (RSD 2026) - DISCOS REDONDOS","isPartOf":{"@id":"https:\/\/discos-redondos.es\/#website"},"primaryImageOfPage":{"@id":"https:\/\/discos-redondos.es\/producto\/dope-john-densmore-chuck-d-no-country-for-old-men-rsd-2026#primaryimage"},"image":{"@id":"https:\/\/discos-redondos.es\/producto\/dope-john-densmore-chuck-d-no-country-for-old-men-rsd-2026#primaryimage"},"thumbnailUrl":"https:\/\/discos-redondos.es\/wp-content\/uploads\/2026\/03\/doPE-John-Densmore-Chuck-D-No-Country-For-Old-Men-RSD-2026.webp","datePublished":"2026-03-18T15:57:17+00:00","dateModified":"2026-03-18T15:57:18+00:00","description":"doPE (John Densmore & Chuck D) - No Country For Old Men (RSD 2026) Org Music - 0711574971619 LP edici\u00f3n correspondiente al Record Store Day 2026","breadcrumb":{"@id":"https:\/\/discos-redondos.es\/producto\/dope-john-densmore-chuck-d-no-country-for-old-men-rsd-2026#breadcrumb"},"inLanguage":"ca","potentialAction":[{"@type":"ReadAction","target":["https:\/\/discos-redondos.es\/producto\/dope-john-densmore-chuck-d-no-country-for-old-men-rsd-2026"]}]},{"@type":"ImageObject","inLanguage":"ca","@id":"https:\/\/discos-redondos.es\/producto\/dope-john-densmore-chuck-d-no-country-for-old-men-rsd-2026#primaryimage","url":"https:\/\/discos-redondos.es\/wp-content\/uploads\/2026\/03\/doPE-John-Densmore-Chuck-D-No-Country-For-Old-Men-RSD-2026.webp","contentUrl":"https:\/\/discos-redondos.es\/wp-content\/uploads\/2026\/03\/doPE-John-Densmore-Chuck-D-No-Country-For-Old-Men-RSD-2026.webp","width":360,"height":360,"caption":"doPE (John Densmore & Chuck D) - No Country For Old Men (RSD 2026)"},{"@type":"BreadcrumbList","@id":"https:\/\/discos-redondos.es\/producto\/dope-john-densmore-chuck-d-no-country-for-old-men-rsd-2026#breadcrumb","itemListElement":[{"@type":"ListItem","position":1,"name":"Portada","item":"https:\/\/discos-redondos.es\/"},{"@type":"ListItem","position":2,"name":"Tienda","item":"https:\/\/discos-redondos.es\/?page_id=487"},{"@type":"ListItem","position":3,"name":"doPE (John Densmore &#038; Chuck D) &#8211; No Country For Old Men (RSD 2026)"}]},{"@type":"WebSite","@id":"https:\/\/discos-redondos.es\/#website","url":"https:\/\/discos-redondos.es\/","name":"Discos Redondos","description":"La teva botiga de discos a Barcelona","publisher":{"@id":"https:\/\/discos-redondos.es\/#organization"},"alternateName":"Discos Redondos","potentialAction":[{"@type":"SearchAction","target":{"@type":"EntryPoint","urlTemplate":"https:\/\/discos-redondos.es\/?s={search_term_string}"},"query-input":{"@type":"PropertyValueSpecification","valueRequired":true,"valueName":"search_term_string"}}],"inLanguage":"ca"},{"@type":"Organization","@id":"https:\/\/discos-redondos.es\/#organization","name":"Discos Redondos","url":"https:\/\/discos-redondos.es\/","logo":{"@type":"ImageObject","inLanguage":"ca","@id":"https:\/\/discos-redondos.es\/#\/schema\/logo\/image\/","url":"https:\/\/discos-redondos.es\/wp-content\/uploads\/2023\/04\/aaff-logo-raval-1-1.jpg","contentUrl":"https:\/\/discos-redondos.es\/wp-content\/uploads\/2023\/04\/aaff-logo-raval-1-1.jpg","width":2362,"height":1441,"caption":"Discos Redondos"},"image":{"@id":"https:\/\/discos-redondos.es\/#\/schema\/logo\/image\/"},"sameAs":["https:\/\/www.facebook.com\/discosredondos45","https:\/\/www.instagram.com\/discos.redondos33\/?hl=es","https:\/\/discos-redondos.bandcamp.com\/"]}]}},"jetpack_sharing_enabled":true,"_links":{"self":[{"href":"https:\/\/discos-redondos.es\/ca\/wp-json\/wp\/v2\/product\/15215","targetHints":{"allow":["GET"]}}],"collection":[{"href":"https:\/\/discos-redondos.es\/ca\/wp-json\/wp\/v2\/product"}],"about":[{"href":"https:\/\/discos-redondos.es\/ca\/wp-json\/wp\/v2\/types\/product"}],"wp:featuredmedia":[{"embeddable":true,"href":"https:\/\/discos-redondos.es\/ca\/wp-json\/wp\/v2\/media\/15216"}],"wp:attachment":[{"href":"https:\/\/discos-redondos.es\/ca\/wp-json\/wp\/v2\/media?parent=15215"}],"wp:term":[{"taxonomy":"product_brand","embeddable":true,"href":"https:\/\/discos-redondos.es\/ca\/wp-json\/wp\/v2\/product_brand?post=15215"},{"taxonomy":"product_cat","embeddable":true,"href":"https:\/\/discos-redondos.es\/ca\/wp-json\/wp\/v2\/product_cat?post=15215"},{"taxonomy":"product_tag","embeddable":true,"href":"https:\/\/discos-redondos.es\/ca\/wp-json\/wp\/v2\/product_tag?post=15215"}],"curies":[{"name":"wp","href":"https:\/\/api.w.org\/{rel}","templated":true}]}}