{"id":15227,"date":"2026-03-18T16:43:24","date_gmt":"2026-03-18T16:43:24","guid":{"rendered":"https:\/\/discos-redondos.es\/?post_type=product&#038;p=15227"},"modified":"2026-03-18T16:43:25","modified_gmt":"2026-03-18T16:43:25","slug":"howe-gelb-confluence-rsd-2026","status":"publish","type":"product","link":"https:\/\/discos-redondos.es\/ca\/producte\/howe-gelb-confluence-rsd-2026","title":{"rendered":"Howe Gelb &#8211; Confluence (RSD 2026)"},"content":{"rendered":"<p><strong>Howe Gelb &#8211; Confluence (RSD 2026)<\/strong><\/p>\n<p>Primera vez en vinilo desde su lanzamiento original en 2001. Tras el aclamado \u00abChore Of Enchantment\u00bb de Giant Sand, \u00abConfluence\u00bb es un diario de viaje beatnik que recorre estados de \u00e1nimo y mentalidades con Howe acompa\u00f1ado por un grupo de amigos y familiares en un viaje que mezcla piano et\u00e9reo, una versi\u00f3n de Elvis y mucha atm\u00f3sfera de la \u00e9poca de la Gran Depresi\u00f3n. \u00abUn trovador errante en busca de encuentros fortuitos, Howe Gelb es un enigma\u00bb. The Quietus<\/p>\n<p><strong>Tracklist<\/strong><\/p>\n<div class=\"track\">1. 3 Sisters<\/div>\n<div class=\"track\">2. Saint Conformity<\/div>\n<div class=\"track\">3. Pontiac Slipstream<\/div>\n<div class=\"track\">4. Sputter<\/div>\n<div class=\"track\">5. Blue Marble Girl<\/div>\n<div class=\"track\">6. Source<\/div>\n<div class=\"track\">7. 2 Rivers<\/div>\n<div class=\"track\">8. Available Space<\/div>\n<div class=\"track\">9. Pedal Steel and She&#8217;ll<\/div>\n<div class=\"track\">10. Cold<\/div>\n<div class=\"track\">11. Can&#8217;t Help Falling in Love<\/div>\n<div class=\"track\">12. Hatch<\/div>\n<div class=\"track\">13. Shadow of Where a River Was<\/div>\n<div class=\"track\">14. Vex (Paris)<\/div>\n<div class=\"track\">15. Vex (Tucson)<\/div>","protected":false},"excerpt":{"rendered":"<p><strong>Cargo Records &#8211; 0809236004697<\/strong><\/p>\n<p>LP edici\u00f3n correspondiente al Record Store Day del 18 de abril de 2026<\/p>","protected":false},"featured_media":15228,"template":"","meta":[],"product_brand":[136],"product_cat":[91],"product_tag":[],"class_list":{"0":"post-15227","1":"product","2":"type-product","3":"status-publish","4":"has-post-thumbnail","6":"product_brand-varios","7":"product_cat-record-store-day","9":"first","10":"outofstock","11":"taxable","12":"shipping-taxable","13":"purchasable","14":"product-type-simple"},"yoast_head":"<!-- This site is optimized with the Yoast SEO plugin v27.3 - https:\/\/yoast.com\/product\/yoast-seo-wordpress\/ -->\n<title>Howe Gelb - Confluence (RSD 2026) - DISCOS REDONDOS<\/title>\n<meta name=\"description\" content=\"Howe Gelb - Confluence (RSD 2026) Cargo Records - 0809236004697 LP edici\u00f3n correspondiente al Record Store Day del 18 de abril de 2026\" \/>\n<meta name=\"robots\" content=\"index, follow, max-snippet:-1, max-image-preview:large, max-video-preview:-1\" \/>\n<link rel=\"canonical\" href=\"https:\/\/discos-redondos.es\/ca\/producte\/howe-gelb-confluence-rsd-2026\/\" \/>\n<meta property=\"og:locale\" content=\"ca_ES\" \/>\n<meta property=\"og:type\" content=\"article\" \/>\n<meta property=\"og:title\" content=\"Howe Gelb - Confluence (RSD 2026) - DISCOS REDONDOS\" \/>\n<meta property=\"og:description\" content=\"Howe Gelb - Confluence (RSD 2026) Cargo Records - 0809236004697 LP edici\u00f3n correspondiente al Record Store Day del 18 de abril de 2026\" \/>\n<meta property=\"og:url\" content=\"https:\/\/discos-redondos.es\/ca\/producte\/howe-gelb-confluence-rsd-2026\/\" \/>\n<meta property=\"og:site_name\" content=\"DISCOS REDONDOS\" \/>\n<meta property=\"article:publisher\" content=\"https:\/\/www.facebook.com\/discosredondos45\" \/>\n<meta property=\"article:modified_time\" content=\"2026-03-18T16:43:25+00:00\" \/>\n<meta property=\"og:image\" content=\"https:\/\/discos-redondos.es\/wp-content\/uploads\/2026\/03\/Howe-Gelb-Confluence-RSD-2026.jpg\" \/>\n\t<meta property=\"og:image:width\" content=\"500\" \/>\n\t<meta property=\"og:image:height\" content=\"500\" \/>\n\t<meta property=\"og:image:type\" content=\"image\/jpeg\" \/>\n<meta name=\"twitter:card\" content=\"summary_large_image\" \/>\n<meta name=\"twitter:label1\" content=\"Temps estimat de lectura\" \/>\n\t<meta name=\"twitter:data1\" content=\"1 minut\" \/>\n<script type=\"application\/ld+json\" class=\"yoast-schema-graph\">{\"@context\":\"https:\\\/\\\/schema.org\",\"@graph\":[{\"@type\":\"WebPage\",\"@id\":\"https:\\\/\\\/discos-redondos.es\\\/producto\\\/howe-gelb-confluence-rsd-2026\",\"url\":\"https:\\\/\\\/discos-redondos.es\\\/producto\\\/howe-gelb-confluence-rsd-2026\",\"name\":\"Howe Gelb - Confluence (RSD 2026) - DISCOS REDONDOS\",\"isPartOf\":{\"@id\":\"https:\\\/\\\/discos-redondos.es\\\/#website\"},\"primaryImageOfPage\":{\"@id\":\"https:\\\/\\\/discos-redondos.es\\\/producto\\\/howe-gelb-confluence-rsd-2026#primaryimage\"},\"image\":{\"@id\":\"https:\\\/\\\/discos-redondos.es\\\/producto\\\/howe-gelb-confluence-rsd-2026#primaryimage\"},\"thumbnailUrl\":\"https:\\\/\\\/discos-redondos.es\\\/wp-content\\\/uploads\\\/2026\\\/03\\\/Howe-Gelb-Confluence-RSD-2026.jpg\",\"datePublished\":\"2026-03-18T16:43:24+00:00\",\"dateModified\":\"2026-03-18T16:43:25+00:00\",\"description\":\"Howe Gelb - Confluence (RSD 2026) Cargo Records - 0809236004697 LP edici\u00f3n correspondiente al Record Store Day del 18 de abril de 2026\",\"breadcrumb\":{\"@id\":\"https:\\\/\\\/discos-redondos.es\\\/producto\\\/howe-gelb-confluence-rsd-2026#breadcrumb\"},\"inLanguage\":\"ca\",\"potentialAction\":[{\"@type\":\"ReadAction\",\"target\":[\"https:\\\/\\\/discos-redondos.es\\\/producto\\\/howe-gelb-confluence-rsd-2026\"]}]},{\"@type\":\"ImageObject\",\"inLanguage\":\"ca\",\"@id\":\"https:\\\/\\\/discos-redondos.es\\\/producto\\\/howe-gelb-confluence-rsd-2026#primaryimage\",\"url\":\"https:\\\/\\\/discos-redondos.es\\\/wp-content\\\/uploads\\\/2026\\\/03\\\/Howe-Gelb-Confluence-RSD-2026.jpg\",\"contentUrl\":\"https:\\\/\\\/discos-redondos.es\\\/wp-content\\\/uploads\\\/2026\\\/03\\\/Howe-Gelb-Confluence-RSD-2026.jpg\",\"width\":500,\"height\":500,\"caption\":\"Howe Gelb - Confluence (RSD 2026)\"},{\"@type\":\"BreadcrumbList\",\"@id\":\"https:\\\/\\\/discos-redondos.es\\\/producto\\\/howe-gelb-confluence-rsd-2026#breadcrumb\",\"itemListElement\":[{\"@type\":\"ListItem\",\"position\":1,\"name\":\"Portada\",\"item\":\"https:\\\/\\\/discos-redondos.es\\\/\"},{\"@type\":\"ListItem\",\"position\":2,\"name\":\"Tienda\",\"item\":\"https:\\\/\\\/discos-redondos.es\\\/?page_id=487\"},{\"@type\":\"ListItem\",\"position\":3,\"name\":\"Howe Gelb &#8211; Confluence (RSD 2026)\"}]},{\"@type\":\"WebSite\",\"@id\":\"https:\\\/\\\/discos-redondos.es\\\/#website\",\"url\":\"https:\\\/\\\/discos-redondos.es\\\/\",\"name\":\"Discos Redondos\",\"description\":\"Tu tienda de discos en Barcelona\",\"publisher\":{\"@id\":\"https:\\\/\\\/discos-redondos.es\\\/#organization\"},\"alternateName\":\"Discos Redondos\",\"potentialAction\":[{\"@type\":\"SearchAction\",\"target\":{\"@type\":\"EntryPoint\",\"urlTemplate\":\"https:\\\/\\\/discos-redondos.es\\\/?s={search_term_string}\"},\"query-input\":{\"@type\":\"PropertyValueSpecification\",\"valueRequired\":true,\"valueName\":\"search_term_string\"}}],\"inLanguage\":\"ca\"},{\"@type\":\"Organization\",\"@id\":\"https:\\\/\\\/discos-redondos.es\\\/#organization\",\"name\":\"Discos Redondos\",\"url\":\"https:\\\/\\\/discos-redondos.es\\\/\",\"logo\":{\"@type\":\"ImageObject\",\"inLanguage\":\"ca\",\"@id\":\"https:\\\/\\\/discos-redondos.es\\\/#\\\/schema\\\/logo\\\/image\\\/\",\"url\":\"https:\\\/\\\/discos-redondos.es\\\/wp-content\\\/uploads\\\/2023\\\/04\\\/aaff-logo-raval-1-1.jpg\",\"contentUrl\":\"https:\\\/\\\/discos-redondos.es\\\/wp-content\\\/uploads\\\/2023\\\/04\\\/aaff-logo-raval-1-1.jpg\",\"width\":2362,\"height\":1441,\"caption\":\"Discos Redondos\"},\"image\":{\"@id\":\"https:\\\/\\\/discos-redondos.es\\\/#\\\/schema\\\/logo\\\/image\\\/\"},\"sameAs\":[\"https:\\\/\\\/www.facebook.com\\\/discosredondos45\",\"https:\\\/\\\/www.instagram.com\\\/discos.redondos33\\\/?hl=es\",\"https:\\\/\\\/discos-redondos.bandcamp.com\\\/\"]}]}<\/script>\n<!-- \/ Yoast SEO plugin. -->","yoast_head_json":{"title":"Howe Gelb - Confluence (RSD 2026) - DISCOS REDONDOS","description":"Howe Gelb - Confluence (RSD 2026) Cargo Records - 0809236004697 LP edici\u00f3n correspondiente al Record Store Day del 18 de abril de 2026","robots":{"index":"index","follow":"follow","max-snippet":"max-snippet:-1","max-image-preview":"max-image-preview:large","max-video-preview":"max-video-preview:-1"},"canonical":"https:\/\/discos-redondos.es\/ca\/producte\/howe-gelb-confluence-rsd-2026\/","og_locale":"ca_ES","og_type":"article","og_title":"Howe Gelb - Confluence (RSD 2026) - DISCOS REDONDOS","og_description":"Howe Gelb - Confluence (RSD 2026) Cargo Records - 0809236004697 LP edici\u00f3n correspondiente al Record Store Day del 18 de abril de 2026","og_url":"https:\/\/discos-redondos.es\/ca\/producte\/howe-gelb-confluence-rsd-2026\/","og_site_name":"DISCOS REDONDOS","article_publisher":"https:\/\/www.facebook.com\/discosredondos45","article_modified_time":"2026-03-18T16:43:25+00:00","og_image":[{"width":500,"height":500,"url":"https:\/\/discos-redondos.es\/wp-content\/uploads\/2026\/03\/Howe-Gelb-Confluence-RSD-2026.jpg","type":"image\/jpeg"}],"twitter_card":"summary_large_image","twitter_misc":{"Temps estimat de lectura":"1 minut"},"schema":{"@context":"https:\/\/schema.org","@graph":[{"@type":"WebPage","@id":"https:\/\/discos-redondos.es\/producto\/howe-gelb-confluence-rsd-2026","url":"https:\/\/discos-redondos.es\/producto\/howe-gelb-confluence-rsd-2026","name":"Howe Gelb - Confluence (RSD 2026) - DISCOS REDONDOS","isPartOf":{"@id":"https:\/\/discos-redondos.es\/#website"},"primaryImageOfPage":{"@id":"https:\/\/discos-redondos.es\/producto\/howe-gelb-confluence-rsd-2026#primaryimage"},"image":{"@id":"https:\/\/discos-redondos.es\/producto\/howe-gelb-confluence-rsd-2026#primaryimage"},"thumbnailUrl":"https:\/\/discos-redondos.es\/wp-content\/uploads\/2026\/03\/Howe-Gelb-Confluence-RSD-2026.jpg","datePublished":"2026-03-18T16:43:24+00:00","dateModified":"2026-03-18T16:43:25+00:00","description":"Howe Gelb - Confluence (RSD 2026) Cargo Records - 0809236004697 LP edici\u00f3n correspondiente al Record Store Day del 18 de abril de 2026","breadcrumb":{"@id":"https:\/\/discos-redondos.es\/producto\/howe-gelb-confluence-rsd-2026#breadcrumb"},"inLanguage":"ca","potentialAction":[{"@type":"ReadAction","target":["https:\/\/discos-redondos.es\/producto\/howe-gelb-confluence-rsd-2026"]}]},{"@type":"ImageObject","inLanguage":"ca","@id":"https:\/\/discos-redondos.es\/producto\/howe-gelb-confluence-rsd-2026#primaryimage","url":"https:\/\/discos-redondos.es\/wp-content\/uploads\/2026\/03\/Howe-Gelb-Confluence-RSD-2026.jpg","contentUrl":"https:\/\/discos-redondos.es\/wp-content\/uploads\/2026\/03\/Howe-Gelb-Confluence-RSD-2026.jpg","width":500,"height":500,"caption":"Howe Gelb - Confluence (RSD 2026)"},{"@type":"BreadcrumbList","@id":"https:\/\/discos-redondos.es\/producto\/howe-gelb-confluence-rsd-2026#breadcrumb","itemListElement":[{"@type":"ListItem","position":1,"name":"Portada","item":"https:\/\/discos-redondos.es\/"},{"@type":"ListItem","position":2,"name":"Tienda","item":"https:\/\/discos-redondos.es\/?page_id=487"},{"@type":"ListItem","position":3,"name":"Howe Gelb &#8211; Confluence (RSD 2026)"}]},{"@type":"WebSite","@id":"https:\/\/discos-redondos.es\/#website","url":"https:\/\/discos-redondos.es\/","name":"Discos Redondos","description":"La teva botiga de discos a Barcelona","publisher":{"@id":"https:\/\/discos-redondos.es\/#organization"},"alternateName":"Discos Redondos","potentialAction":[{"@type":"SearchAction","target":{"@type":"EntryPoint","urlTemplate":"https:\/\/discos-redondos.es\/?s={search_term_string}"},"query-input":{"@type":"PropertyValueSpecification","valueRequired":true,"valueName":"search_term_string"}}],"inLanguage":"ca"},{"@type":"Organization","@id":"https:\/\/discos-redondos.es\/#organization","name":"Discos Redondos","url":"https:\/\/discos-redondos.es\/","logo":{"@type":"ImageObject","inLanguage":"ca","@id":"https:\/\/discos-redondos.es\/#\/schema\/logo\/image\/","url":"https:\/\/discos-redondos.es\/wp-content\/uploads\/2023\/04\/aaff-logo-raval-1-1.jpg","contentUrl":"https:\/\/discos-redondos.es\/wp-content\/uploads\/2023\/04\/aaff-logo-raval-1-1.jpg","width":2362,"height":1441,"caption":"Discos Redondos"},"image":{"@id":"https:\/\/discos-redondos.es\/#\/schema\/logo\/image\/"},"sameAs":["https:\/\/www.facebook.com\/discosredondos45","https:\/\/www.instagram.com\/discos.redondos33\/?hl=es","https:\/\/discos-redondos.bandcamp.com\/"]}]}},"jetpack_sharing_enabled":true,"_links":{"self":[{"href":"https:\/\/discos-redondos.es\/ca\/wp-json\/wp\/v2\/product\/15227","targetHints":{"allow":["GET"]}}],"collection":[{"href":"https:\/\/discos-redondos.es\/ca\/wp-json\/wp\/v2\/product"}],"about":[{"href":"https:\/\/discos-redondos.es\/ca\/wp-json\/wp\/v2\/types\/product"}],"wp:featuredmedia":[{"embeddable":true,"href":"https:\/\/discos-redondos.es\/ca\/wp-json\/wp\/v2\/media\/15228"}],"wp:attachment":[{"href":"https:\/\/discos-redondos.es\/ca\/wp-json\/wp\/v2\/media?parent=15227"}],"wp:term":[{"taxonomy":"product_brand","embeddable":true,"href":"https:\/\/discos-redondos.es\/ca\/wp-json\/wp\/v2\/product_brand?post=15227"},{"taxonomy":"product_cat","embeddable":true,"href":"https:\/\/discos-redondos.es\/ca\/wp-json\/wp\/v2\/product_cat?post=15227"},{"taxonomy":"product_tag","embeddable":true,"href":"https:\/\/discos-redondos.es\/ca\/wp-json\/wp\/v2\/product_tag?post=15227"}],"curies":[{"name":"wp","href":"https:\/\/api.w.org\/{rel}","templated":true}]}}