{"id":15241,"date":"2026-03-18T17:23:07","date_gmt":"2026-03-18T17:23:07","guid":{"rendered":"https:\/\/discos-redondos.es\/?post_type=product&#038;p=15241"},"modified":"2026-03-18T17:48:35","modified_gmt":"2026-03-18T17:48:35","slug":"teenage-fanclub-jad-fair-words-of-wisdom-and-hope-rsd-2026","status":"publish","type":"product","link":"https:\/\/discos-redondos.es\/ca\/producte\/teenage-fanclub-jad-fair-words-of-wisdom-and-hope-rsd-2026","title":{"rendered":"Teenage Fanclub &#038; Jad Fair &#8211; Words of Wisdom and Hope (RSD 2026)"},"content":{"rendered":"<p><strong>Teenage Fanclub &amp; Jad Fair &#8211; Words of Wisdom and Hope (RSD 2026)<\/strong><\/p>\n<p>\u00a1Atenci\u00f3n, amantes del indie pop! Con motivo del Record Store Day 2026, Merge Records reedita Words of Wisdom and Hope, el \u00e1lbum de 2002 de Teenage Fanclub y Jad Fair. Disponible en vinilo por primera vez desde su lanzamiento original en 2002, Words of Wisdom and Hope incluye un sencillo extra de 7 pulgadas: \u00abAlways In My Heart\u00bb y \u00abRock Me Tonight\u00bb en la cara B. Esta \u00faltima, cuyo debut en Norteam\u00e9rica, convierte a esta edici\u00f3n en la definitiva del \u00e1lbum.<\/p>\n<p>Words of Wisdom and Hope es una joya dentro del extenso cat\u00e1logo de Jad Fair y un giro inesperado para Teenage Fanclub tras el jangle-pop mel\u00f3dico de Howdy! Sus encantos \u2014implacables desde el momento en que Fair irrumpe en el ritmo de Teenage Fanclub con \u00abBehold the Miracle\u00bb para plasmar el brillo en los ojos de una chica\u2014 son tan evidentes como misteriosos: \u00bfEs la sinceridad espont\u00e1nea de Fair la que saca a relucir los aspectos m\u00e1s crudos de Teenage Fanclub? \u00bfEs el refinamiento de una banda en uno de sus mejores momentos revelando nuevas facetas de la composici\u00f3n del legendario l\u00edder de Half Japanese?<\/p>\n<p>Sea lo que sea, sus sensibilidades se fusionan a la perfecci\u00f3n. Words of Wisdom and Hope encuentra el punto de equilibrio entre los magn\u00edficos paisajes sonoros pop de Glasgow de Teenage Fanclub y las inquietantes reflexiones de Jad Fair sobre el amor y los monstruos, como si Jonathan Richman estuviera al mando de Velvet Underground en la \u00e9poca de Loaded, con una inocencia desbordante y una picard\u00eda p\u00edcara a la vez. Un \u00e1lbum dirigido directamente a la parte m\u00e1s intensa y emocionante del coraz\u00f3n: ponlo a todo volumen para los primeros amores, y a\u00fan m\u00e1s alto para recordar el amor juvenil.<\/p>","protected":false},"excerpt":{"rendered":"<p><strong>Merge Records &#8211; 0673855088211<\/strong><\/p>\n<p>LP + 7&#8243; edici\u00f3n correspondiente al Record Store Day del 18 de abril de 2026<\/p>","protected":false},"featured_media":15242,"template":"","meta":[],"product_brand":[136],"product_cat":[91],"product_tag":[],"class_list":{"0":"post-15241","1":"product","2":"type-product","3":"status-publish","4":"has-post-thumbnail","6":"product_brand-varios","7":"product_cat-record-store-day","9":"first","10":"outofstock","11":"taxable","12":"shipping-taxable","13":"purchasable","14":"product-type-simple"},"yoast_head":"<!-- This site is optimized with the Yoast SEO plugin v27.3 - https:\/\/yoast.com\/product\/yoast-seo-wordpress\/ -->\n<title>Teenage Fanclub &amp; Jad Fair - Words of Wisdom and Hope (RSD 2026) - DISCOS REDONDOS<\/title>\n<meta name=\"description\" content=\"Teenage Fanclub &amp; Jad Fair - Words of Wisdom and Hope (RSD 2026) Merge Records - 0673855088211 LP + 7&quot; edici\u00f3n correspondiente al Record Store Day 2026\" \/>\n<meta name=\"robots\" content=\"index, follow, max-snippet:-1, max-image-preview:large, max-video-preview:-1\" \/>\n<link rel=\"canonical\" href=\"https:\/\/discos-redondos.es\/ca\/producte\/teenage-fanclub-jad-fair-words-of-wisdom-and-hope-rsd-2026\/\" \/>\n<meta property=\"og:locale\" content=\"ca_ES\" \/>\n<meta property=\"og:type\" content=\"article\" \/>\n<meta property=\"og:title\" content=\"Teenage Fanclub &amp; Jad Fair - Words of Wisdom and Hope (RSD 2026) - DISCOS REDONDOS\" \/>\n<meta property=\"og:description\" content=\"Teenage Fanclub &amp; Jad Fair - Words of Wisdom and Hope (RSD 2026) Merge Records - 0673855088211 LP + 7&quot; edici\u00f3n correspondiente al Record Store Day 2026\" \/>\n<meta property=\"og:url\" content=\"https:\/\/discos-redondos.es\/ca\/producte\/teenage-fanclub-jad-fair-words-of-wisdom-and-hope-rsd-2026\/\" \/>\n<meta property=\"og:site_name\" content=\"DISCOS REDONDOS\" \/>\n<meta property=\"article:publisher\" content=\"https:\/\/www.facebook.com\/discosredondos45\" \/>\n<meta property=\"article:modified_time\" content=\"2026-03-18T17:48:35+00:00\" \/>\n<meta property=\"og:image\" content=\"https:\/\/discos-redondos.es\/wp-content\/uploads\/2026\/03\/Teenage-Fanclub-Jad-Fair-Words-of-Wisdom-and-Hope-.webp\" \/>\n\t<meta property=\"og:image:width\" content=\"800\" \/>\n\t<meta property=\"og:image:height\" content=\"800\" \/>\n\t<meta property=\"og:image:type\" content=\"image\/webp\" \/>\n<meta name=\"twitter:card\" content=\"summary_large_image\" \/>\n<meta name=\"twitter:label1\" content=\"Temps estimat de lectura\" \/>\n\t<meta name=\"twitter:data1\" content=\"2 minuts\" \/>\n<script type=\"application\/ld+json\" class=\"yoast-schema-graph\">{\"@context\":\"https:\\\/\\\/schema.org\",\"@graph\":[{\"@type\":\"WebPage\",\"@id\":\"https:\\\/\\\/discos-redondos.es\\\/producto\\\/teenage-fanclub-jad-fair-words-of-wisdom-and-hope-rsd-2026\",\"url\":\"https:\\\/\\\/discos-redondos.es\\\/producto\\\/teenage-fanclub-jad-fair-words-of-wisdom-and-hope-rsd-2026\",\"name\":\"Teenage Fanclub & Jad Fair - Words of Wisdom and Hope (RSD 2026) - DISCOS REDONDOS\",\"isPartOf\":{\"@id\":\"https:\\\/\\\/discos-redondos.es\\\/#website\"},\"primaryImageOfPage\":{\"@id\":\"https:\\\/\\\/discos-redondos.es\\\/producto\\\/teenage-fanclub-jad-fair-words-of-wisdom-and-hope-rsd-2026#primaryimage\"},\"image\":{\"@id\":\"https:\\\/\\\/discos-redondos.es\\\/producto\\\/teenage-fanclub-jad-fair-words-of-wisdom-and-hope-rsd-2026#primaryimage\"},\"thumbnailUrl\":\"https:\\\/\\\/discos-redondos.es\\\/wp-content\\\/uploads\\\/2026\\\/03\\\/Teenage-Fanclub-Jad-Fair-Words-of-Wisdom-and-Hope-.webp\",\"datePublished\":\"2026-03-18T17:23:07+00:00\",\"dateModified\":\"2026-03-18T17:48:35+00:00\",\"description\":\"Teenage Fanclub & Jad Fair - Words of Wisdom and Hope (RSD 2026) Merge Records - 0673855088211 LP + 7\\\" edici\u00f3n correspondiente al Record Store Day 2026\",\"breadcrumb\":{\"@id\":\"https:\\\/\\\/discos-redondos.es\\\/producto\\\/teenage-fanclub-jad-fair-words-of-wisdom-and-hope-rsd-2026#breadcrumb\"},\"inLanguage\":\"ca\",\"potentialAction\":[{\"@type\":\"ReadAction\",\"target\":[\"https:\\\/\\\/discos-redondos.es\\\/producto\\\/teenage-fanclub-jad-fair-words-of-wisdom-and-hope-rsd-2026\"]}]},{\"@type\":\"ImageObject\",\"inLanguage\":\"ca\",\"@id\":\"https:\\\/\\\/discos-redondos.es\\\/producto\\\/teenage-fanclub-jad-fair-words-of-wisdom-and-hope-rsd-2026#primaryimage\",\"url\":\"https:\\\/\\\/discos-redondos.es\\\/wp-content\\\/uploads\\\/2026\\\/03\\\/Teenage-Fanclub-Jad-Fair-Words-of-Wisdom-and-Hope-.webp\",\"contentUrl\":\"https:\\\/\\\/discos-redondos.es\\\/wp-content\\\/uploads\\\/2026\\\/03\\\/Teenage-Fanclub-Jad-Fair-Words-of-Wisdom-and-Hope-.webp\",\"width\":800,\"height\":800,\"caption\":\"Teenage Fanclub & Jad Fair - Words of Wisdom and Hope (RSD 2026)\"},{\"@type\":\"BreadcrumbList\",\"@id\":\"https:\\\/\\\/discos-redondos.es\\\/producto\\\/teenage-fanclub-jad-fair-words-of-wisdom-and-hope-rsd-2026#breadcrumb\",\"itemListElement\":[{\"@type\":\"ListItem\",\"position\":1,\"name\":\"Portada\",\"item\":\"https:\\\/\\\/discos-redondos.es\\\/\"},{\"@type\":\"ListItem\",\"position\":2,\"name\":\"Tienda\",\"item\":\"https:\\\/\\\/discos-redondos.es\\\/?page_id=487\"},{\"@type\":\"ListItem\",\"position\":3,\"name\":\"Teenage Fanclub &#038; Jad Fair &#8211; Words of Wisdom and Hope (RSD 2026)\"}]},{\"@type\":\"WebSite\",\"@id\":\"https:\\\/\\\/discos-redondos.es\\\/#website\",\"url\":\"https:\\\/\\\/discos-redondos.es\\\/\",\"name\":\"Discos Redondos\",\"description\":\"Tu tienda de discos en Barcelona\",\"publisher\":{\"@id\":\"https:\\\/\\\/discos-redondos.es\\\/#organization\"},\"alternateName\":\"Discos Redondos\",\"potentialAction\":[{\"@type\":\"SearchAction\",\"target\":{\"@type\":\"EntryPoint\",\"urlTemplate\":\"https:\\\/\\\/discos-redondos.es\\\/?s={search_term_string}\"},\"query-input\":{\"@type\":\"PropertyValueSpecification\",\"valueRequired\":true,\"valueName\":\"search_term_string\"}}],\"inLanguage\":\"ca\"},{\"@type\":\"Organization\",\"@id\":\"https:\\\/\\\/discos-redondos.es\\\/#organization\",\"name\":\"Discos Redondos\",\"url\":\"https:\\\/\\\/discos-redondos.es\\\/\",\"logo\":{\"@type\":\"ImageObject\",\"inLanguage\":\"ca\",\"@id\":\"https:\\\/\\\/discos-redondos.es\\\/#\\\/schema\\\/logo\\\/image\\\/\",\"url\":\"https:\\\/\\\/discos-redondos.es\\\/wp-content\\\/uploads\\\/2023\\\/04\\\/aaff-logo-raval-1-1.jpg\",\"contentUrl\":\"https:\\\/\\\/discos-redondos.es\\\/wp-content\\\/uploads\\\/2023\\\/04\\\/aaff-logo-raval-1-1.jpg\",\"width\":2362,\"height\":1441,\"caption\":\"Discos Redondos\"},\"image\":{\"@id\":\"https:\\\/\\\/discos-redondos.es\\\/#\\\/schema\\\/logo\\\/image\\\/\"},\"sameAs\":[\"https:\\\/\\\/www.facebook.com\\\/discosredondos45\",\"https:\\\/\\\/www.instagram.com\\\/discos.redondos33\\\/?hl=es\",\"https:\\\/\\\/discos-redondos.bandcamp.com\\\/\"]}]}<\/script>\n<!-- \/ Yoast SEO plugin. -->","yoast_head_json":{"title":"Teenage Fanclub & Jad Fair - Words of Wisdom and Hope (RSD 2026) - DISCOS REDONDOS","description":"Teenage Fanclub & Jad Fair - Words of Wisdom and Hope (RSD 2026) Merge Records - 0673855088211 LP + 7\" edici\u00f3n correspondiente al Record Store Day 2026","robots":{"index":"index","follow":"follow","max-snippet":"max-snippet:-1","max-image-preview":"max-image-preview:large","max-video-preview":"max-video-preview:-1"},"canonical":"https:\/\/discos-redondos.es\/ca\/producte\/teenage-fanclub-jad-fair-words-of-wisdom-and-hope-rsd-2026\/","og_locale":"ca_ES","og_type":"article","og_title":"Teenage Fanclub & Jad Fair - Words of Wisdom and Hope (RSD 2026) - DISCOS REDONDOS","og_description":"Teenage Fanclub & Jad Fair - Words of Wisdom and Hope (RSD 2026) Merge Records - 0673855088211 LP + 7\" edici\u00f3n correspondiente al Record Store Day 2026","og_url":"https:\/\/discos-redondos.es\/ca\/producte\/teenage-fanclub-jad-fair-words-of-wisdom-and-hope-rsd-2026\/","og_site_name":"DISCOS REDONDOS","article_publisher":"https:\/\/www.facebook.com\/discosredondos45","article_modified_time":"2026-03-18T17:48:35+00:00","og_image":[{"width":800,"height":800,"url":"https:\/\/discos-redondos.es\/wp-content\/uploads\/2026\/03\/Teenage-Fanclub-Jad-Fair-Words-of-Wisdom-and-Hope-.webp","type":"image\/webp"}],"twitter_card":"summary_large_image","twitter_misc":{"Temps estimat de lectura":"2 minuts"},"schema":{"@context":"https:\/\/schema.org","@graph":[{"@type":"WebPage","@id":"https:\/\/discos-redondos.es\/producto\/teenage-fanclub-jad-fair-words-of-wisdom-and-hope-rsd-2026","url":"https:\/\/discos-redondos.es\/producto\/teenage-fanclub-jad-fair-words-of-wisdom-and-hope-rsd-2026","name":"Teenage Fanclub & Jad Fair - Words of Wisdom and Hope (RSD 2026) - DISCOS REDONDOS","isPartOf":{"@id":"https:\/\/discos-redondos.es\/#website"},"primaryImageOfPage":{"@id":"https:\/\/discos-redondos.es\/producto\/teenage-fanclub-jad-fair-words-of-wisdom-and-hope-rsd-2026#primaryimage"},"image":{"@id":"https:\/\/discos-redondos.es\/producto\/teenage-fanclub-jad-fair-words-of-wisdom-and-hope-rsd-2026#primaryimage"},"thumbnailUrl":"https:\/\/discos-redondos.es\/wp-content\/uploads\/2026\/03\/Teenage-Fanclub-Jad-Fair-Words-of-Wisdom-and-Hope-.webp","datePublished":"2026-03-18T17:23:07+00:00","dateModified":"2026-03-18T17:48:35+00:00","description":"Teenage Fanclub & Jad Fair - Words of Wisdom and Hope (RSD 2026) Merge Records - 0673855088211 LP + 7\" edici\u00f3n correspondiente al Record Store Day 2026","breadcrumb":{"@id":"https:\/\/discos-redondos.es\/producto\/teenage-fanclub-jad-fair-words-of-wisdom-and-hope-rsd-2026#breadcrumb"},"inLanguage":"ca","potentialAction":[{"@type":"ReadAction","target":["https:\/\/discos-redondos.es\/producto\/teenage-fanclub-jad-fair-words-of-wisdom-and-hope-rsd-2026"]}]},{"@type":"ImageObject","inLanguage":"ca","@id":"https:\/\/discos-redondos.es\/producto\/teenage-fanclub-jad-fair-words-of-wisdom-and-hope-rsd-2026#primaryimage","url":"https:\/\/discos-redondos.es\/wp-content\/uploads\/2026\/03\/Teenage-Fanclub-Jad-Fair-Words-of-Wisdom-and-Hope-.webp","contentUrl":"https:\/\/discos-redondos.es\/wp-content\/uploads\/2026\/03\/Teenage-Fanclub-Jad-Fair-Words-of-Wisdom-and-Hope-.webp","width":800,"height":800,"caption":"Teenage Fanclub & Jad Fair - Words of Wisdom and Hope (RSD 2026)"},{"@type":"BreadcrumbList","@id":"https:\/\/discos-redondos.es\/producto\/teenage-fanclub-jad-fair-words-of-wisdom-and-hope-rsd-2026#breadcrumb","itemListElement":[{"@type":"ListItem","position":1,"name":"Portada","item":"https:\/\/discos-redondos.es\/"},{"@type":"ListItem","position":2,"name":"Tienda","item":"https:\/\/discos-redondos.es\/?page_id=487"},{"@type":"ListItem","position":3,"name":"Teenage Fanclub &#038; Jad Fair &#8211; Words of Wisdom and Hope (RSD 2026)"}]},{"@type":"WebSite","@id":"https:\/\/discos-redondos.es\/#website","url":"https:\/\/discos-redondos.es\/","name":"Discos Redondos","description":"La teva botiga de discos a Barcelona","publisher":{"@id":"https:\/\/discos-redondos.es\/#organization"},"alternateName":"Discos Redondos","potentialAction":[{"@type":"SearchAction","target":{"@type":"EntryPoint","urlTemplate":"https:\/\/discos-redondos.es\/?s={search_term_string}"},"query-input":{"@type":"PropertyValueSpecification","valueRequired":true,"valueName":"search_term_string"}}],"inLanguage":"ca"},{"@type":"Organization","@id":"https:\/\/discos-redondos.es\/#organization","name":"Discos Redondos","url":"https:\/\/discos-redondos.es\/","logo":{"@type":"ImageObject","inLanguage":"ca","@id":"https:\/\/discos-redondos.es\/#\/schema\/logo\/image\/","url":"https:\/\/discos-redondos.es\/wp-content\/uploads\/2023\/04\/aaff-logo-raval-1-1.jpg","contentUrl":"https:\/\/discos-redondos.es\/wp-content\/uploads\/2023\/04\/aaff-logo-raval-1-1.jpg","width":2362,"height":1441,"caption":"Discos Redondos"},"image":{"@id":"https:\/\/discos-redondos.es\/#\/schema\/logo\/image\/"},"sameAs":["https:\/\/www.facebook.com\/discosredondos45","https:\/\/www.instagram.com\/discos.redondos33\/?hl=es","https:\/\/discos-redondos.bandcamp.com\/"]}]}},"_links":{"self":[{"href":"https:\/\/discos-redondos.es\/ca\/wp-json\/wp\/v2\/product\/15241","targetHints":{"allow":["GET"]}}],"collection":[{"href":"https:\/\/discos-redondos.es\/ca\/wp-json\/wp\/v2\/product"}],"about":[{"href":"https:\/\/discos-redondos.es\/ca\/wp-json\/wp\/v2\/types\/product"}],"wp:featuredmedia":[{"embeddable":true,"href":"https:\/\/discos-redondos.es\/ca\/wp-json\/wp\/v2\/media\/15242"}],"wp:attachment":[{"href":"https:\/\/discos-redondos.es\/ca\/wp-json\/wp\/v2\/media?parent=15241"}],"wp:term":[{"taxonomy":"product_brand","embeddable":true,"href":"https:\/\/discos-redondos.es\/ca\/wp-json\/wp\/v2\/product_brand?post=15241"},{"taxonomy":"product_cat","embeddable":true,"href":"https:\/\/discos-redondos.es\/ca\/wp-json\/wp\/v2\/product_cat?post=15241"},{"taxonomy":"product_tag","embeddable":true,"href":"https:\/\/discos-redondos.es\/ca\/wp-json\/wp\/v2\/product_tag?post=15241"}],"curies":[{"name":"wp","href":"https:\/\/api.w.org\/{rel}","templated":true}]}}