{"id":15254,"date":"2026-03-18T19:28:43","date_gmt":"2026-03-18T19:28:43","guid":{"rendered":"https:\/\/discos-redondos.es\/?post_type=product&#038;p=15254"},"modified":"2026-03-18T19:28:44","modified_gmt":"2026-03-18T19:28:44","slug":"ariana-grande-cynthia-erivo-wicked-one-wonderful-night-live-rsd-2026","status":"publish","type":"product","link":"https:\/\/discos-redondos.es\/ca\/producte\/ariana-grande-cynthia-erivo-wicked-one-wonderful-night-live-rsd-2026","title":{"rendered":"Ariana Grande \/ Cynthia Erivo &#8211; Wicked: One Wonderful Night (Live) (RSD 2026)"},"content":{"rendered":"<p><strong>Ariana Grande \/ Cynthia Erivo &#8211; Wicked: One Wonderful Night (Live) (RSD 2026)<\/strong><\/p>\n<p>Disponible por primera vez en vinilo, Wicked: One Wonderful Night (Live) &#8211; The Soundtrack fue grabado en vivo en el ic\u00f3nico Dolby Theatre de Los \u00c1ngeles para el espectacular evento televisivo de NBC, Wicked: One Wonderful Night. El \u00e1lbum captura actuaciones impresionantes de las estrellas de Wicked y nominadas al Premio de la Academia\u00ae Cynthia Erivo y Ariana Grande, junto con Jeff Goldblum, Bowen Yang, Ethan Slater, Marissa Bode y m\u00e1s.<\/p>\n<p>La grabaci\u00f3n en vivo, respaldada por una orquesta de 37 m\u00fasicos dirigida por el productor musical ejecutivo de Wicked y Wicked: For Good, el ganador del premio Tony y dos premios Grammy Stephen Oremus, ofrece a los oyentes un asiento en primera fila para los arreglos reinventados del evento, la emoci\u00f3n arrolladora y los momentos inolvidables del mundo de Oz. Set de 2 LP en vinilo de color salpicado con una portada \u00fanica.<\/p>\n<p><strong>Tracklist<\/strong><br \/>\n\u00abSIDE A:<br \/>\n1. Overture \/ No One Mourns the Wicked \u2013 Ariana Grande<br \/>\n2. The Wizard And I \u2013 Cynthia Erivo feat. Jeff Goldblum<br \/>\nSIDE B:<br \/>\n3. What Is This Feeling? \/ Dear Old Shiz \u2013 Cynthia Erivo &amp; Ariana Grande<br \/>\n4. Popular \u2013 Ariana Grande ft. Remington Glass<br \/>\n5. I\u2019m Not That Girl \u2013 Cynthia Erivo<br \/>\nSIDE C:<br \/>\n6. Dancing Through Life \u2013 Bowen Yang, Ethan Slater &amp; Marissa Bode<br \/>\n7. Thank Goodness \u2013 Ariana Grande<br \/>\n8. Defying Gravity \u2013 Cynthia Erivo<br \/>\nSIDE D:<br \/>\n9. Get Happy \/ Happy Days Are Here Again \u2013 Cynthia Erivo &amp; Ariana Grande<br \/>\n10. For Good \u2013 Cynthia Erivo, Ariana Grande, Idina Menzel &amp; Kristin Chenoweth\u00bb<\/p>","protected":false},"excerpt":{"rendered":"<p><strong>Universal Music &#8211; 0199957192316<\/strong><\/p>\n<p>2xLP Elphaba &amp; Glinda Glitter Vinyl, edici\u00f3n correspondiente al Record Store Day del 18 de abril de 2026<\/p>","protected":false},"featured_media":15255,"template":"","meta":[],"product_brand":[124],"product_cat":[91],"product_tag":[],"class_list":{"0":"post-15254","1":"product","2":"type-product","3":"status-publish","4":"has-post-thumbnail","6":"product_brand-universal-music-group","7":"product_cat-record-store-day","9":"first","10":"outofstock","11":"taxable","12":"shipping-taxable","13":"purchasable","14":"product-type-simple"},"yoast_head":"<!-- This site is optimized with the Yoast SEO plugin v27.3 - https:\/\/yoast.com\/product\/yoast-seo-wordpress\/ -->\n<title>Ariana Grande \/ Cynthia Erivo - Wicked: One Wonderful Night (Live) (RSD 2026) - DISCOS REDONDOS<\/title>\n<meta name=\"description\" content=\"Ariana Grande \/ Cynthia Erivo - Wicked: One Wonderful Night (Live) (RSD 2026) Universal Music - 2xLP Elphaba &amp; Glinda Glitter Vinyl\" \/>\n<meta name=\"robots\" content=\"index, follow, max-snippet:-1, max-image-preview:large, max-video-preview:-1\" \/>\n<link rel=\"canonical\" href=\"https:\/\/discos-redondos.es\/ca\/producte\/ariana-grande-cynthia-erivo-wicked-one-wonderful-night-live-rsd-2026\/\" \/>\n<meta property=\"og:locale\" content=\"ca_ES\" \/>\n<meta property=\"og:type\" content=\"article\" \/>\n<meta property=\"og:title\" content=\"Ariana Grande \/ Cynthia Erivo - Wicked: One Wonderful Night (Live) (RSD 2026) - DISCOS REDONDOS\" \/>\n<meta property=\"og:description\" content=\"Ariana Grande \/ Cynthia Erivo - Wicked: One Wonderful Night (Live) (RSD 2026) Universal Music - 2xLP Elphaba &amp; Glinda Glitter Vinyl\" \/>\n<meta property=\"og:url\" content=\"https:\/\/discos-redondos.es\/ca\/producte\/ariana-grande-cynthia-erivo-wicked-one-wonderful-night-live-rsd-2026\/\" \/>\n<meta property=\"og:site_name\" content=\"DISCOS REDONDOS\" \/>\n<meta property=\"article:publisher\" content=\"https:\/\/www.facebook.com\/discosredondos45\" \/>\n<meta property=\"article:modified_time\" content=\"2026-03-18T19:28:44+00:00\" \/>\n<meta property=\"og:image\" content=\"https:\/\/discos-redondos.es\/wp-content\/uploads\/2026\/03\/Ariana-GrandeCynthia-Erivo-Wicked-One-Wonderful-Night-Live.webp\" \/>\n\t<meta property=\"og:image:width\" content=\"800\" \/>\n\t<meta property=\"og:image:height\" content=\"800\" \/>\n\t<meta property=\"og:image:type\" content=\"image\/webp\" \/>\n<meta name=\"twitter:card\" content=\"summary_large_image\" \/>\n<meta name=\"twitter:label1\" content=\"Temps estimat de lectura\" \/>\n\t<meta name=\"twitter:data1\" content=\"2 minuts\" \/>\n<script type=\"application\/ld+json\" class=\"yoast-schema-graph\">{\"@context\":\"https:\\\/\\\/schema.org\",\"@graph\":[{\"@type\":\"WebPage\",\"@id\":\"https:\\\/\\\/discos-redondos.es\\\/producto\\\/ariana-grande-cynthia-erivo-wicked-one-wonderful-night-live-rsd-2026\",\"url\":\"https:\\\/\\\/discos-redondos.es\\\/producto\\\/ariana-grande-cynthia-erivo-wicked-one-wonderful-night-live-rsd-2026\",\"name\":\"Ariana Grande \\\/ Cynthia Erivo - Wicked: One Wonderful Night (Live) (RSD 2026) - DISCOS REDONDOS\",\"isPartOf\":{\"@id\":\"https:\\\/\\\/discos-redondos.es\\\/#website\"},\"primaryImageOfPage\":{\"@id\":\"https:\\\/\\\/discos-redondos.es\\\/producto\\\/ariana-grande-cynthia-erivo-wicked-one-wonderful-night-live-rsd-2026#primaryimage\"},\"image\":{\"@id\":\"https:\\\/\\\/discos-redondos.es\\\/producto\\\/ariana-grande-cynthia-erivo-wicked-one-wonderful-night-live-rsd-2026#primaryimage\"},\"thumbnailUrl\":\"https:\\\/\\\/discos-redondos.es\\\/wp-content\\\/uploads\\\/2026\\\/03\\\/Ariana-GrandeCynthia-Erivo-Wicked-One-Wonderful-Night-Live.webp\",\"datePublished\":\"2026-03-18T19:28:43+00:00\",\"dateModified\":\"2026-03-18T19:28:44+00:00\",\"description\":\"Ariana Grande \\\/ Cynthia Erivo - Wicked: One Wonderful Night (Live) (RSD 2026) Universal Music - 2xLP Elphaba & Glinda Glitter Vinyl\",\"breadcrumb\":{\"@id\":\"https:\\\/\\\/discos-redondos.es\\\/producto\\\/ariana-grande-cynthia-erivo-wicked-one-wonderful-night-live-rsd-2026#breadcrumb\"},\"inLanguage\":\"ca\",\"potentialAction\":[{\"@type\":\"ReadAction\",\"target\":[\"https:\\\/\\\/discos-redondos.es\\\/producto\\\/ariana-grande-cynthia-erivo-wicked-one-wonderful-night-live-rsd-2026\"]}]},{\"@type\":\"ImageObject\",\"inLanguage\":\"ca\",\"@id\":\"https:\\\/\\\/discos-redondos.es\\\/producto\\\/ariana-grande-cynthia-erivo-wicked-one-wonderful-night-live-rsd-2026#primaryimage\",\"url\":\"https:\\\/\\\/discos-redondos.es\\\/wp-content\\\/uploads\\\/2026\\\/03\\\/Ariana-GrandeCynthia-Erivo-Wicked-One-Wonderful-Night-Live.webp\",\"contentUrl\":\"https:\\\/\\\/discos-redondos.es\\\/wp-content\\\/uploads\\\/2026\\\/03\\\/Ariana-GrandeCynthia-Erivo-Wicked-One-Wonderful-Night-Live.webp\",\"width\":800,\"height\":800,\"caption\":\"Ariana Grande \\\/ Cynthia Erivo - Wicked: One Wonderful Night (Live) (RSD 2026)\"},{\"@type\":\"BreadcrumbList\",\"@id\":\"https:\\\/\\\/discos-redondos.es\\\/producto\\\/ariana-grande-cynthia-erivo-wicked-one-wonderful-night-live-rsd-2026#breadcrumb\",\"itemListElement\":[{\"@type\":\"ListItem\",\"position\":1,\"name\":\"Portada\",\"item\":\"https:\\\/\\\/discos-redondos.es\\\/\"},{\"@type\":\"ListItem\",\"position\":2,\"name\":\"Tienda\",\"item\":\"https:\\\/\\\/discos-redondos.es\\\/?page_id=487\"},{\"@type\":\"ListItem\",\"position\":3,\"name\":\"Ariana Grande \\\/ Cynthia Erivo &#8211; Wicked: One Wonderful Night (Live) (RSD 2026)\"}]},{\"@type\":\"WebSite\",\"@id\":\"https:\\\/\\\/discos-redondos.es\\\/#website\",\"url\":\"https:\\\/\\\/discos-redondos.es\\\/\",\"name\":\"Discos Redondos\",\"description\":\"Tu tienda de discos en Barcelona\",\"publisher\":{\"@id\":\"https:\\\/\\\/discos-redondos.es\\\/#organization\"},\"alternateName\":\"Discos Redondos\",\"potentialAction\":[{\"@type\":\"SearchAction\",\"target\":{\"@type\":\"EntryPoint\",\"urlTemplate\":\"https:\\\/\\\/discos-redondos.es\\\/?s={search_term_string}\"},\"query-input\":{\"@type\":\"PropertyValueSpecification\",\"valueRequired\":true,\"valueName\":\"search_term_string\"}}],\"inLanguage\":\"ca\"},{\"@type\":\"Organization\",\"@id\":\"https:\\\/\\\/discos-redondos.es\\\/#organization\",\"name\":\"Discos Redondos\",\"url\":\"https:\\\/\\\/discos-redondos.es\\\/\",\"logo\":{\"@type\":\"ImageObject\",\"inLanguage\":\"ca\",\"@id\":\"https:\\\/\\\/discos-redondos.es\\\/#\\\/schema\\\/logo\\\/image\\\/\",\"url\":\"https:\\\/\\\/discos-redondos.es\\\/wp-content\\\/uploads\\\/2023\\\/04\\\/aaff-logo-raval-1-1.jpg\",\"contentUrl\":\"https:\\\/\\\/discos-redondos.es\\\/wp-content\\\/uploads\\\/2023\\\/04\\\/aaff-logo-raval-1-1.jpg\",\"width\":2362,\"height\":1441,\"caption\":\"Discos Redondos\"},\"image\":{\"@id\":\"https:\\\/\\\/discos-redondos.es\\\/#\\\/schema\\\/logo\\\/image\\\/\"},\"sameAs\":[\"https:\\\/\\\/www.facebook.com\\\/discosredondos45\",\"https:\\\/\\\/www.instagram.com\\\/discos.redondos33\\\/?hl=es\",\"https:\\\/\\\/discos-redondos.bandcamp.com\\\/\"]}]}<\/script>\n<!-- \/ Yoast SEO plugin. -->","yoast_head_json":{"title":"Ariana Grande \/ Cynthia Erivo - Wicked: One Wonderful Night (Live) (RSD 2026) - DISCOS REDONDOS","description":"Ariana Grande \/ Cynthia Erivo - Wicked: One Wonderful Night (Live) (RSD 2026) Universal Music - 2xLP Elphaba & Glinda Glitter Vinyl","robots":{"index":"index","follow":"follow","max-snippet":"max-snippet:-1","max-image-preview":"max-image-preview:large","max-video-preview":"max-video-preview:-1"},"canonical":"https:\/\/discos-redondos.es\/ca\/producte\/ariana-grande-cynthia-erivo-wicked-one-wonderful-night-live-rsd-2026\/","og_locale":"ca_ES","og_type":"article","og_title":"Ariana Grande \/ Cynthia Erivo - Wicked: One Wonderful Night (Live) (RSD 2026) - DISCOS REDONDOS","og_description":"Ariana Grande \/ Cynthia Erivo - Wicked: One Wonderful Night (Live) (RSD 2026) Universal Music - 2xLP Elphaba & Glinda Glitter Vinyl","og_url":"https:\/\/discos-redondos.es\/ca\/producte\/ariana-grande-cynthia-erivo-wicked-one-wonderful-night-live-rsd-2026\/","og_site_name":"DISCOS REDONDOS","article_publisher":"https:\/\/www.facebook.com\/discosredondos45","article_modified_time":"2026-03-18T19:28:44+00:00","og_image":[{"width":800,"height":800,"url":"https:\/\/discos-redondos.es\/wp-content\/uploads\/2026\/03\/Ariana-GrandeCynthia-Erivo-Wicked-One-Wonderful-Night-Live.webp","type":"image\/webp"}],"twitter_card":"summary_large_image","twitter_misc":{"Temps estimat de lectura":"2 minuts"},"schema":{"@context":"https:\/\/schema.org","@graph":[{"@type":"WebPage","@id":"https:\/\/discos-redondos.es\/producto\/ariana-grande-cynthia-erivo-wicked-one-wonderful-night-live-rsd-2026","url":"https:\/\/discos-redondos.es\/producto\/ariana-grande-cynthia-erivo-wicked-one-wonderful-night-live-rsd-2026","name":"Ariana Grande \/ Cynthia Erivo - Wicked: One Wonderful Night (Live) (RSD 2026) - DISCOS REDONDOS","isPartOf":{"@id":"https:\/\/discos-redondos.es\/#website"},"primaryImageOfPage":{"@id":"https:\/\/discos-redondos.es\/producto\/ariana-grande-cynthia-erivo-wicked-one-wonderful-night-live-rsd-2026#primaryimage"},"image":{"@id":"https:\/\/discos-redondos.es\/producto\/ariana-grande-cynthia-erivo-wicked-one-wonderful-night-live-rsd-2026#primaryimage"},"thumbnailUrl":"https:\/\/discos-redondos.es\/wp-content\/uploads\/2026\/03\/Ariana-GrandeCynthia-Erivo-Wicked-One-Wonderful-Night-Live.webp","datePublished":"2026-03-18T19:28:43+00:00","dateModified":"2026-03-18T19:28:44+00:00","description":"Ariana Grande \/ Cynthia Erivo - Wicked: One Wonderful Night (Live) (RSD 2026) Universal Music - 2xLP Elphaba & Glinda Glitter Vinyl","breadcrumb":{"@id":"https:\/\/discos-redondos.es\/producto\/ariana-grande-cynthia-erivo-wicked-one-wonderful-night-live-rsd-2026#breadcrumb"},"inLanguage":"ca","potentialAction":[{"@type":"ReadAction","target":["https:\/\/discos-redondos.es\/producto\/ariana-grande-cynthia-erivo-wicked-one-wonderful-night-live-rsd-2026"]}]},{"@type":"ImageObject","inLanguage":"ca","@id":"https:\/\/discos-redondos.es\/producto\/ariana-grande-cynthia-erivo-wicked-one-wonderful-night-live-rsd-2026#primaryimage","url":"https:\/\/discos-redondos.es\/wp-content\/uploads\/2026\/03\/Ariana-GrandeCynthia-Erivo-Wicked-One-Wonderful-Night-Live.webp","contentUrl":"https:\/\/discos-redondos.es\/wp-content\/uploads\/2026\/03\/Ariana-GrandeCynthia-Erivo-Wicked-One-Wonderful-Night-Live.webp","width":800,"height":800,"caption":"Ariana Grande \/ Cynthia Erivo - Wicked: One Wonderful Night (Live) (RSD 2026)"},{"@type":"BreadcrumbList","@id":"https:\/\/discos-redondos.es\/producto\/ariana-grande-cynthia-erivo-wicked-one-wonderful-night-live-rsd-2026#breadcrumb","itemListElement":[{"@type":"ListItem","position":1,"name":"Portada","item":"https:\/\/discos-redondos.es\/"},{"@type":"ListItem","position":2,"name":"Tienda","item":"https:\/\/discos-redondos.es\/?page_id=487"},{"@type":"ListItem","position":3,"name":"Ariana Grande \/ Cynthia Erivo &#8211; Wicked: One Wonderful Night (Live) (RSD 2026)"}]},{"@type":"WebSite","@id":"https:\/\/discos-redondos.es\/#website","url":"https:\/\/discos-redondos.es\/","name":"Discos Redondos","description":"La teva botiga de discos a Barcelona","publisher":{"@id":"https:\/\/discos-redondos.es\/#organization"},"alternateName":"Discos Redondos","potentialAction":[{"@type":"SearchAction","target":{"@type":"EntryPoint","urlTemplate":"https:\/\/discos-redondos.es\/?s={search_term_string}"},"query-input":{"@type":"PropertyValueSpecification","valueRequired":true,"valueName":"search_term_string"}}],"inLanguage":"ca"},{"@type":"Organization","@id":"https:\/\/discos-redondos.es\/#organization","name":"Discos Redondos","url":"https:\/\/discos-redondos.es\/","logo":{"@type":"ImageObject","inLanguage":"ca","@id":"https:\/\/discos-redondos.es\/#\/schema\/logo\/image\/","url":"https:\/\/discos-redondos.es\/wp-content\/uploads\/2023\/04\/aaff-logo-raval-1-1.jpg","contentUrl":"https:\/\/discos-redondos.es\/wp-content\/uploads\/2023\/04\/aaff-logo-raval-1-1.jpg","width":2362,"height":1441,"caption":"Discos Redondos"},"image":{"@id":"https:\/\/discos-redondos.es\/#\/schema\/logo\/image\/"},"sameAs":["https:\/\/www.facebook.com\/discosredondos45","https:\/\/www.instagram.com\/discos.redondos33\/?hl=es","https:\/\/discos-redondos.bandcamp.com\/"]}]}},"_links":{"self":[{"href":"https:\/\/discos-redondos.es\/ca\/wp-json\/wp\/v2\/product\/15254","targetHints":{"allow":["GET"]}}],"collection":[{"href":"https:\/\/discos-redondos.es\/ca\/wp-json\/wp\/v2\/product"}],"about":[{"href":"https:\/\/discos-redondos.es\/ca\/wp-json\/wp\/v2\/types\/product"}],"wp:featuredmedia":[{"embeddable":true,"href":"https:\/\/discos-redondos.es\/ca\/wp-json\/wp\/v2\/media\/15255"}],"wp:attachment":[{"href":"https:\/\/discos-redondos.es\/ca\/wp-json\/wp\/v2\/media?parent=15254"}],"wp:term":[{"taxonomy":"product_brand","embeddable":true,"href":"https:\/\/discos-redondos.es\/ca\/wp-json\/wp\/v2\/product_brand?post=15254"},{"taxonomy":"product_cat","embeddable":true,"href":"https:\/\/discos-redondos.es\/ca\/wp-json\/wp\/v2\/product_cat?post=15254"},{"taxonomy":"product_tag","embeddable":true,"href":"https:\/\/discos-redondos.es\/ca\/wp-json\/wp\/v2\/product_tag?post=15254"}],"curies":[{"name":"wp","href":"https:\/\/api.w.org\/{rel}","templated":true}]}}