{"id":15263,"date":"2026-03-19T10:46:41","date_gmt":"2026-03-19T10:46:41","guid":{"rendered":"https:\/\/discos-redondos.es\/?post_type=product&#038;p=15263"},"modified":"2026-03-19T10:46:42","modified_gmt":"2026-03-19T10:46:42","slug":"flying-lotus-1983-rsd-2026","status":"publish","type":"product","link":"https:\/\/discos-redondos.es\/ca\/producte\/flying-lotus-1983-rsd-2026","title":{"rendered":"Flying Lotus &#8211; 1983 (RSD 2026)"},"content":{"rendered":"<p><strong>Flying Lotus &#8211; 1983 (RSD 2026)<\/strong><\/p>\n<p>\u00abFlying Lotus, cuyo nombre real es Steven Ellison, es un productor, m\u00fasico, compositor y cineasta de Los \u00c1ngeles ganador de un premio GRAMMY. Conocido por su enfoque transgresor de la m\u00fasica y la narraci\u00f3n, Flying Lotus se ha convertido en una de las voces m\u00e1s influyentes y creativas de la m\u00fasica experimental y las artes visuales modernas. El primer lanzamiento de Flying Lotus en Brainfeeder ser\u00e1 un EP fren\u00e9tico, que ha sido descrito como grandilocuente, esot\u00e9rico y completamente \u00fanico.<\/p>\n<p>Flying Lotus obtuvo reconocimiento por primera vez con su debut en 2006, 1983, pero fueron Los Angeles (2008) y Cosmogramma (2010) los que lo consolidaron como pionero en la escena beat de Los \u00c1ngeles.<\/p>\n<p>Cosmogramma mezclaba la improvisaci\u00f3n jazz\u00edstica con texturas c\u00f3smicas, y est\u00e1 considerado, con raz\u00f3n, como uno de los mejores \u00e1lbumes electr\u00f3nicos de todos los tiempos. \u00c1lbumes posteriores como Until the Quiet Comes (2012) y You&#8217;re Dead! (2014) mostraron su creciente ambici\u00f3n. You\u2019re Dead!, un \u00e1lbum conceptual sobre el m\u00e1s all\u00e1, cont\u00f3 con la participaci\u00f3n de Kendrick Lamar, Thundercat y Herbie Hancock, y es considerado por muchos un cl\u00e1sico moderno. En 2019, lanz\u00f3 Flamagra, un \u00e1lbum expansivo y cinematogr\u00e1fico en el que participaron Anderson .Paak, Tierra Whack y David Lynch. Esto consolid\u00f3 a\u00fan m\u00e1s su reputaci\u00f3n como productor que crea mundos inmersivos en lugar de simples \u00e1lbumes.<\/p>","protected":false},"excerpt":{"rendered":"<p><strong>Brainfeeder &#8211; 5054429208580<\/strong><\/p>\n<p>LP edici\u00f3n correspondiente al Record Store Day del 18 de abril de 2026<\/p>","protected":false},"featured_media":15264,"template":"","meta":[],"product_brand":[124],"product_cat":[91],"product_tag":[],"class_list":{"0":"post-15263","1":"product","2":"type-product","3":"status-publish","4":"has-post-thumbnail","6":"product_brand-universal-music-group","7":"product_cat-record-store-day","9":"first","10":"outofstock","11":"taxable","12":"shipping-taxable","13":"purchasable","14":"product-type-simple"},"yoast_head":"<!-- This site is optimized with the Yoast SEO plugin v27.3 - https:\/\/yoast.com\/product\/yoast-seo-wordpress\/ -->\n<title>Flying Lotus - 1983 (RSD 2026) - DISCOS REDONDOS<\/title>\n<meta name=\"description\" content=\"Flying Lotus - 1983 (RSD 2026) Brainfeeder - 5054429208580 LP edici\u00f3n correspondiente al Record Store Day del 18 de abril de 2026\" \/>\n<meta name=\"robots\" content=\"index, follow, max-snippet:-1, max-image-preview:large, max-video-preview:-1\" \/>\n<link rel=\"canonical\" href=\"https:\/\/discos-redondos.es\/ca\/producte\/flying-lotus-1983-rsd-2026\/\" \/>\n<meta property=\"og:locale\" content=\"ca_ES\" \/>\n<meta property=\"og:type\" content=\"article\" \/>\n<meta property=\"og:title\" content=\"Flying Lotus - 1983 (RSD 2026) - DISCOS REDONDOS\" \/>\n<meta property=\"og:description\" content=\"Flying Lotus - 1983 (RSD 2026) Brainfeeder - 5054429208580 LP edici\u00f3n correspondiente al Record Store Day del 18 de abril de 2026\" \/>\n<meta property=\"og:url\" content=\"https:\/\/discos-redondos.es\/ca\/producte\/flying-lotus-1983-rsd-2026\/\" \/>\n<meta property=\"og:site_name\" content=\"DISCOS REDONDOS\" \/>\n<meta property=\"article:publisher\" content=\"https:\/\/www.facebook.com\/discosredondos45\" \/>\n<meta property=\"article:modified_time\" content=\"2026-03-19T10:46:42+00:00\" \/>\n<meta property=\"og:image\" content=\"https:\/\/discos-redondos.es\/wp-content\/uploads\/2026\/03\/Flying-Lotus-1983.webp\" \/>\n\t<meta property=\"og:image:width\" content=\"800\" \/>\n\t<meta property=\"og:image:height\" content=\"800\" \/>\n\t<meta property=\"og:image:type\" content=\"image\/webp\" \/>\n<meta name=\"twitter:card\" content=\"summary_large_image\" \/>\n<meta name=\"twitter:label1\" content=\"Temps estimat de lectura\" \/>\n\t<meta name=\"twitter:data1\" content=\"2 minuts\" \/>\n<script type=\"application\/ld+json\" class=\"yoast-schema-graph\">{\"@context\":\"https:\\\/\\\/schema.org\",\"@graph\":[{\"@type\":\"WebPage\",\"@id\":\"https:\\\/\\\/discos-redondos.es\\\/producto\\\/flying-lotus-1983-rsd-2026\",\"url\":\"https:\\\/\\\/discos-redondos.es\\\/producto\\\/flying-lotus-1983-rsd-2026\",\"name\":\"Flying Lotus - 1983 (RSD 2026) - DISCOS REDONDOS\",\"isPartOf\":{\"@id\":\"https:\\\/\\\/discos-redondos.es\\\/#website\"},\"primaryImageOfPage\":{\"@id\":\"https:\\\/\\\/discos-redondos.es\\\/producto\\\/flying-lotus-1983-rsd-2026#primaryimage\"},\"image\":{\"@id\":\"https:\\\/\\\/discos-redondos.es\\\/producto\\\/flying-lotus-1983-rsd-2026#primaryimage\"},\"thumbnailUrl\":\"https:\\\/\\\/discos-redondos.es\\\/wp-content\\\/uploads\\\/2026\\\/03\\\/Flying-Lotus-1983.webp\",\"datePublished\":\"2026-03-19T10:46:41+00:00\",\"dateModified\":\"2026-03-19T10:46:42+00:00\",\"description\":\"Flying Lotus - 1983 (RSD 2026) Brainfeeder - 5054429208580 LP edici\u00f3n correspondiente al Record Store Day del 18 de abril de 2026\",\"breadcrumb\":{\"@id\":\"https:\\\/\\\/discos-redondos.es\\\/producto\\\/flying-lotus-1983-rsd-2026#breadcrumb\"},\"inLanguage\":\"ca\",\"potentialAction\":[{\"@type\":\"ReadAction\",\"target\":[\"https:\\\/\\\/discos-redondos.es\\\/producto\\\/flying-lotus-1983-rsd-2026\"]}]},{\"@type\":\"ImageObject\",\"inLanguage\":\"ca\",\"@id\":\"https:\\\/\\\/discos-redondos.es\\\/producto\\\/flying-lotus-1983-rsd-2026#primaryimage\",\"url\":\"https:\\\/\\\/discos-redondos.es\\\/wp-content\\\/uploads\\\/2026\\\/03\\\/Flying-Lotus-1983.webp\",\"contentUrl\":\"https:\\\/\\\/discos-redondos.es\\\/wp-content\\\/uploads\\\/2026\\\/03\\\/Flying-Lotus-1983.webp\",\"width\":800,\"height\":800,\"caption\":\"Flying Lotus - 1983 (RSD 2026)\"},{\"@type\":\"BreadcrumbList\",\"@id\":\"https:\\\/\\\/discos-redondos.es\\\/producto\\\/flying-lotus-1983-rsd-2026#breadcrumb\",\"itemListElement\":[{\"@type\":\"ListItem\",\"position\":1,\"name\":\"Portada\",\"item\":\"https:\\\/\\\/discos-redondos.es\\\/\"},{\"@type\":\"ListItem\",\"position\":2,\"name\":\"Tienda\",\"item\":\"https:\\\/\\\/discos-redondos.es\\\/?page_id=487\"},{\"@type\":\"ListItem\",\"position\":3,\"name\":\"Flying Lotus &#8211; 1983 (RSD 2026)\"}]},{\"@type\":\"WebSite\",\"@id\":\"https:\\\/\\\/discos-redondos.es\\\/#website\",\"url\":\"https:\\\/\\\/discos-redondos.es\\\/\",\"name\":\"Discos Redondos\",\"description\":\"Tu tienda de discos en Barcelona\",\"publisher\":{\"@id\":\"https:\\\/\\\/discos-redondos.es\\\/#organization\"},\"alternateName\":\"Discos Redondos\",\"potentialAction\":[{\"@type\":\"SearchAction\",\"target\":{\"@type\":\"EntryPoint\",\"urlTemplate\":\"https:\\\/\\\/discos-redondos.es\\\/?s={search_term_string}\"},\"query-input\":{\"@type\":\"PropertyValueSpecification\",\"valueRequired\":true,\"valueName\":\"search_term_string\"}}],\"inLanguage\":\"ca\"},{\"@type\":\"Organization\",\"@id\":\"https:\\\/\\\/discos-redondos.es\\\/#organization\",\"name\":\"Discos Redondos\",\"url\":\"https:\\\/\\\/discos-redondos.es\\\/\",\"logo\":{\"@type\":\"ImageObject\",\"inLanguage\":\"ca\",\"@id\":\"https:\\\/\\\/discos-redondos.es\\\/#\\\/schema\\\/logo\\\/image\\\/\",\"url\":\"https:\\\/\\\/discos-redondos.es\\\/wp-content\\\/uploads\\\/2023\\\/04\\\/aaff-logo-raval-1-1.jpg\",\"contentUrl\":\"https:\\\/\\\/discos-redondos.es\\\/wp-content\\\/uploads\\\/2023\\\/04\\\/aaff-logo-raval-1-1.jpg\",\"width\":2362,\"height\":1441,\"caption\":\"Discos Redondos\"},\"image\":{\"@id\":\"https:\\\/\\\/discos-redondos.es\\\/#\\\/schema\\\/logo\\\/image\\\/\"},\"sameAs\":[\"https:\\\/\\\/www.facebook.com\\\/discosredondos45\",\"https:\\\/\\\/www.instagram.com\\\/discos.redondos33\\\/?hl=es\",\"https:\\\/\\\/discos-redondos.bandcamp.com\\\/\"]}]}<\/script>\n<!-- \/ Yoast SEO plugin. -->","yoast_head_json":{"title":"Flying Lotus - 1983 (RSD 2026) - DISCOS REDONDOS","description":"Flying Lotus - 1983 (RSD 2026) Brainfeeder - 5054429208580 LP edici\u00f3n correspondiente al Record Store Day del 18 de abril de 2026","robots":{"index":"index","follow":"follow","max-snippet":"max-snippet:-1","max-image-preview":"max-image-preview:large","max-video-preview":"max-video-preview:-1"},"canonical":"https:\/\/discos-redondos.es\/ca\/producte\/flying-lotus-1983-rsd-2026\/","og_locale":"ca_ES","og_type":"article","og_title":"Flying Lotus - 1983 (RSD 2026) - DISCOS REDONDOS","og_description":"Flying Lotus - 1983 (RSD 2026) Brainfeeder - 5054429208580 LP edici\u00f3n correspondiente al Record Store Day del 18 de abril de 2026","og_url":"https:\/\/discos-redondos.es\/ca\/producte\/flying-lotus-1983-rsd-2026\/","og_site_name":"DISCOS REDONDOS","article_publisher":"https:\/\/www.facebook.com\/discosredondos45","article_modified_time":"2026-03-19T10:46:42+00:00","og_image":[{"width":800,"height":800,"url":"https:\/\/discos-redondos.es\/wp-content\/uploads\/2026\/03\/Flying-Lotus-1983.webp","type":"image\/webp"}],"twitter_card":"summary_large_image","twitter_misc":{"Temps estimat de lectura":"2 minuts"},"schema":{"@context":"https:\/\/schema.org","@graph":[{"@type":"WebPage","@id":"https:\/\/discos-redondos.es\/producto\/flying-lotus-1983-rsd-2026","url":"https:\/\/discos-redondos.es\/producto\/flying-lotus-1983-rsd-2026","name":"Flying Lotus - 1983 (RSD 2026) - DISCOS REDONDOS","isPartOf":{"@id":"https:\/\/discos-redondos.es\/#website"},"primaryImageOfPage":{"@id":"https:\/\/discos-redondos.es\/producto\/flying-lotus-1983-rsd-2026#primaryimage"},"image":{"@id":"https:\/\/discos-redondos.es\/producto\/flying-lotus-1983-rsd-2026#primaryimage"},"thumbnailUrl":"https:\/\/discos-redondos.es\/wp-content\/uploads\/2026\/03\/Flying-Lotus-1983.webp","datePublished":"2026-03-19T10:46:41+00:00","dateModified":"2026-03-19T10:46:42+00:00","description":"Flying Lotus - 1983 (RSD 2026) Brainfeeder - 5054429208580 LP edici\u00f3n correspondiente al Record Store Day del 18 de abril de 2026","breadcrumb":{"@id":"https:\/\/discos-redondos.es\/producto\/flying-lotus-1983-rsd-2026#breadcrumb"},"inLanguage":"ca","potentialAction":[{"@type":"ReadAction","target":["https:\/\/discos-redondos.es\/producto\/flying-lotus-1983-rsd-2026"]}]},{"@type":"ImageObject","inLanguage":"ca","@id":"https:\/\/discos-redondos.es\/producto\/flying-lotus-1983-rsd-2026#primaryimage","url":"https:\/\/discos-redondos.es\/wp-content\/uploads\/2026\/03\/Flying-Lotus-1983.webp","contentUrl":"https:\/\/discos-redondos.es\/wp-content\/uploads\/2026\/03\/Flying-Lotus-1983.webp","width":800,"height":800,"caption":"Flying Lotus - 1983 (RSD 2026)"},{"@type":"BreadcrumbList","@id":"https:\/\/discos-redondos.es\/producto\/flying-lotus-1983-rsd-2026#breadcrumb","itemListElement":[{"@type":"ListItem","position":1,"name":"Portada","item":"https:\/\/discos-redondos.es\/"},{"@type":"ListItem","position":2,"name":"Tienda","item":"https:\/\/discos-redondos.es\/?page_id=487"},{"@type":"ListItem","position":3,"name":"Flying Lotus &#8211; 1983 (RSD 2026)"}]},{"@type":"WebSite","@id":"https:\/\/discos-redondos.es\/#website","url":"https:\/\/discos-redondos.es\/","name":"Discos Redondos","description":"La teva botiga de discos a Barcelona","publisher":{"@id":"https:\/\/discos-redondos.es\/#organization"},"alternateName":"Discos Redondos","potentialAction":[{"@type":"SearchAction","target":{"@type":"EntryPoint","urlTemplate":"https:\/\/discos-redondos.es\/?s={search_term_string}"},"query-input":{"@type":"PropertyValueSpecification","valueRequired":true,"valueName":"search_term_string"}}],"inLanguage":"ca"},{"@type":"Organization","@id":"https:\/\/discos-redondos.es\/#organization","name":"Discos Redondos","url":"https:\/\/discos-redondos.es\/","logo":{"@type":"ImageObject","inLanguage":"ca","@id":"https:\/\/discos-redondos.es\/#\/schema\/logo\/image\/","url":"https:\/\/discos-redondos.es\/wp-content\/uploads\/2023\/04\/aaff-logo-raval-1-1.jpg","contentUrl":"https:\/\/discos-redondos.es\/wp-content\/uploads\/2023\/04\/aaff-logo-raval-1-1.jpg","width":2362,"height":1441,"caption":"Discos Redondos"},"image":{"@id":"https:\/\/discos-redondos.es\/#\/schema\/logo\/image\/"},"sameAs":["https:\/\/www.facebook.com\/discosredondos45","https:\/\/www.instagram.com\/discos.redondos33\/?hl=es","https:\/\/discos-redondos.bandcamp.com\/"]}]}},"_links":{"self":[{"href":"https:\/\/discos-redondos.es\/ca\/wp-json\/wp\/v2\/product\/15263","targetHints":{"allow":["GET"]}}],"collection":[{"href":"https:\/\/discos-redondos.es\/ca\/wp-json\/wp\/v2\/product"}],"about":[{"href":"https:\/\/discos-redondos.es\/ca\/wp-json\/wp\/v2\/types\/product"}],"wp:featuredmedia":[{"embeddable":true,"href":"https:\/\/discos-redondos.es\/ca\/wp-json\/wp\/v2\/media\/15264"}],"wp:attachment":[{"href":"https:\/\/discos-redondos.es\/ca\/wp-json\/wp\/v2\/media?parent=15263"}],"wp:term":[{"taxonomy":"product_brand","embeddable":true,"href":"https:\/\/discos-redondos.es\/ca\/wp-json\/wp\/v2\/product_brand?post=15263"},{"taxonomy":"product_cat","embeddable":true,"href":"https:\/\/discos-redondos.es\/ca\/wp-json\/wp\/v2\/product_cat?post=15263"},{"taxonomy":"product_tag","embeddable":true,"href":"https:\/\/discos-redondos.es\/ca\/wp-json\/wp\/v2\/product_tag?post=15263"}],"curies":[{"name":"wp","href":"https:\/\/api.w.org\/{rel}","templated":true}]}}