{"id":15267,"date":"2026-03-19T11:00:44","date_gmt":"2026-03-19T11:00:44","guid":{"rendered":"https:\/\/discos-redondos.es\/?post_type=product&#038;p=15267"},"modified":"2026-03-19T11:03:06","modified_gmt":"2026-03-19T11:03:06","slug":"jack-johnson-hermanos-gutierrez-hold-on-to-the-light-rsd-2026","status":"publish","type":"product","link":"https:\/\/discos-redondos.es\/ca\/producte\/jack-johnson-hermanos-gutierrez-hold-on-to-the-light-rsd-2026","title":{"rendered":"Jack Johnson \/ Hermanos Gutierrez &#8211; Hold On To The Light (RSD 2026)"},"content":{"rendered":"<p><strong>Jack Johnson \/ Hermanos Gutierrez &#8211; Hold On To The Light (RSD 2026)<\/strong><\/p>\n<p>\u00abPara celebrar la gira, Jack acaba de lanzar una nueva canci\u00f3n, \u00abHold On To The Light\u00bb, con la colaboraci\u00f3n de Hermanos Guti\u00e9rrez. El tema es el primer adelanto de la banda sonora del nuevo documental SURFILMUSIC, que se estrenar\u00e1 en 2026.<\/p>\n<p>Tracklist<br \/>\n\u00abSIDE A:<br \/>\n1. Hold On To The Light<br \/>\nSIDE B:<br \/>\n2. Hold On To The Light (Sketch)\u00bb\u00bb<\/p>","protected":false},"excerpt":{"rendered":"<p><strong>Universal Music &#8211; 0199957317672<\/strong><\/p>\n<p>7&#8243; 45 rpm, edici\u00f3n correspondiente al Record Store Day del 18 de abril de 2026<\/p>","protected":false},"featured_media":15268,"template":"","meta":[],"product_brand":[124],"product_cat":[91],"product_tag":[],"class_list":{"0":"post-15267","1":"product","2":"type-product","3":"status-publish","4":"has-post-thumbnail","6":"product_brand-universal-music-group","7":"product_cat-record-store-day","9":"first","10":"outofstock","11":"taxable","12":"shipping-taxable","13":"purchasable","14":"product-type-simple"},"yoast_head":"<!-- This site is optimized with the Yoast SEO plugin v27.3 - https:\/\/yoast.com\/product\/yoast-seo-wordpress\/ -->\n<title>Jack Johnson \/ Hermanos Gutierrez - Hold On To The Light (RSD 2026) - DISCOS REDONDOS<\/title>\n<meta name=\"description\" content=\"Jack Johnson \/ Hermanos Gutierrez - Hold On To The Light (RSD 2026) Universal Music - 0199957317672 7&quot; 45 rpm, edici\u00f3n Record Store Day 2026\" \/>\n<meta name=\"robots\" content=\"index, follow, max-snippet:-1, max-image-preview:large, max-video-preview:-1\" \/>\n<link rel=\"canonical\" href=\"https:\/\/discos-redondos.es\/ca\/producte\/jack-johnson-hermanos-gutierrez-hold-on-to-the-light-rsd-2026\/\" \/>\n<meta property=\"og:locale\" content=\"ca_ES\" \/>\n<meta property=\"og:type\" content=\"article\" \/>\n<meta property=\"og:title\" content=\"Jack Johnson \/ Hermanos Gutierrez - Hold On To The Light (RSD 2026) - DISCOS REDONDOS\" \/>\n<meta property=\"og:description\" content=\"Jack Johnson \/ Hermanos Gutierrez - Hold On To The Light (RSD 2026) Universal Music - 0199957317672 7&quot; 45 rpm, edici\u00f3n Record Store Day 2026\" \/>\n<meta property=\"og:url\" content=\"https:\/\/discos-redondos.es\/ca\/producte\/jack-johnson-hermanos-gutierrez-hold-on-to-the-light-rsd-2026\/\" \/>\n<meta property=\"og:site_name\" content=\"DISCOS REDONDOS\" \/>\n<meta property=\"article:publisher\" content=\"https:\/\/www.facebook.com\/discosredondos45\" \/>\n<meta property=\"article:modified_time\" content=\"2026-03-19T11:03:06+00:00\" \/>\n<meta property=\"og:image\" content=\"https:\/\/discos-redondos.es\/wp-content\/uploads\/2026\/03\/Jack-Johnson-Hold-On-To-The-Light.webp\" \/>\n\t<meta property=\"og:image:width\" content=\"800\" \/>\n\t<meta property=\"og:image:height\" content=\"800\" \/>\n\t<meta property=\"og:image:type\" content=\"image\/webp\" \/>\n<meta name=\"twitter:card\" content=\"summary_large_image\" \/>\n<meta name=\"twitter:label1\" content=\"Temps estimat de lectura\" \/>\n\t<meta name=\"twitter:data1\" content=\"1 minut\" \/>\n<script type=\"application\/ld+json\" class=\"yoast-schema-graph\">{\"@context\":\"https:\\\/\\\/schema.org\",\"@graph\":[{\"@type\":\"WebPage\",\"@id\":\"https:\\\/\\\/discos-redondos.es\\\/producto\\\/jack-johnson-hermanos-gutierrez-hold-on-to-the-light-rsd-2026\",\"url\":\"https:\\\/\\\/discos-redondos.es\\\/producto\\\/jack-johnson-hermanos-gutierrez-hold-on-to-the-light-rsd-2026\",\"name\":\"Jack Johnson \\\/ Hermanos Gutierrez - Hold On To The Light (RSD 2026) - DISCOS REDONDOS\",\"isPartOf\":{\"@id\":\"https:\\\/\\\/discos-redondos.es\\\/#website\"},\"primaryImageOfPage\":{\"@id\":\"https:\\\/\\\/discos-redondos.es\\\/producto\\\/jack-johnson-hermanos-gutierrez-hold-on-to-the-light-rsd-2026#primaryimage\"},\"image\":{\"@id\":\"https:\\\/\\\/discos-redondos.es\\\/producto\\\/jack-johnson-hermanos-gutierrez-hold-on-to-the-light-rsd-2026#primaryimage\"},\"thumbnailUrl\":\"https:\\\/\\\/discos-redondos.es\\\/wp-content\\\/uploads\\\/2026\\\/03\\\/Jack-Johnson-Hold-On-To-The-Light.webp\",\"datePublished\":\"2026-03-19T11:00:44+00:00\",\"dateModified\":\"2026-03-19T11:03:06+00:00\",\"description\":\"Jack Johnson \\\/ Hermanos Gutierrez - Hold On To The Light (RSD 2026) Universal Music - 0199957317672 7\\\" 45 rpm, edici\u00f3n Record Store Day 2026\",\"breadcrumb\":{\"@id\":\"https:\\\/\\\/discos-redondos.es\\\/producto\\\/jack-johnson-hermanos-gutierrez-hold-on-to-the-light-rsd-2026#breadcrumb\"},\"inLanguage\":\"ca\",\"potentialAction\":[{\"@type\":\"ReadAction\",\"target\":[\"https:\\\/\\\/discos-redondos.es\\\/producto\\\/jack-johnson-hermanos-gutierrez-hold-on-to-the-light-rsd-2026\"]}]},{\"@type\":\"ImageObject\",\"inLanguage\":\"ca\",\"@id\":\"https:\\\/\\\/discos-redondos.es\\\/producto\\\/jack-johnson-hermanos-gutierrez-hold-on-to-the-light-rsd-2026#primaryimage\",\"url\":\"https:\\\/\\\/discos-redondos.es\\\/wp-content\\\/uploads\\\/2026\\\/03\\\/Jack-Johnson-Hold-On-To-The-Light.webp\",\"contentUrl\":\"https:\\\/\\\/discos-redondos.es\\\/wp-content\\\/uploads\\\/2026\\\/03\\\/Jack-Johnson-Hold-On-To-The-Light.webp\",\"width\":800,\"height\":800,\"caption\":\"Jack Johnson \\\/ Hermanos Gutierrez - Hold On To The Light (RSD 2026)\"},{\"@type\":\"BreadcrumbList\",\"@id\":\"https:\\\/\\\/discos-redondos.es\\\/producto\\\/jack-johnson-hermanos-gutierrez-hold-on-to-the-light-rsd-2026#breadcrumb\",\"itemListElement\":[{\"@type\":\"ListItem\",\"position\":1,\"name\":\"Portada\",\"item\":\"https:\\\/\\\/discos-redondos.es\\\/\"},{\"@type\":\"ListItem\",\"position\":2,\"name\":\"Tienda\",\"item\":\"https:\\\/\\\/discos-redondos.es\\\/?page_id=487\"},{\"@type\":\"ListItem\",\"position\":3,\"name\":\"Jack Johnson \\\/ Hermanos Gutierrez &#8211; Hold On To The Light (RSD 2026)\"}]},{\"@type\":\"WebSite\",\"@id\":\"https:\\\/\\\/discos-redondos.es\\\/#website\",\"url\":\"https:\\\/\\\/discos-redondos.es\\\/\",\"name\":\"Discos Redondos\",\"description\":\"Tu tienda de discos en Barcelona\",\"publisher\":{\"@id\":\"https:\\\/\\\/discos-redondos.es\\\/#organization\"},\"alternateName\":\"Discos Redondos\",\"potentialAction\":[{\"@type\":\"SearchAction\",\"target\":{\"@type\":\"EntryPoint\",\"urlTemplate\":\"https:\\\/\\\/discos-redondos.es\\\/?s={search_term_string}\"},\"query-input\":{\"@type\":\"PropertyValueSpecification\",\"valueRequired\":true,\"valueName\":\"search_term_string\"}}],\"inLanguage\":\"ca\"},{\"@type\":\"Organization\",\"@id\":\"https:\\\/\\\/discos-redondos.es\\\/#organization\",\"name\":\"Discos Redondos\",\"url\":\"https:\\\/\\\/discos-redondos.es\\\/\",\"logo\":{\"@type\":\"ImageObject\",\"inLanguage\":\"ca\",\"@id\":\"https:\\\/\\\/discos-redondos.es\\\/#\\\/schema\\\/logo\\\/image\\\/\",\"url\":\"https:\\\/\\\/discos-redondos.es\\\/wp-content\\\/uploads\\\/2023\\\/04\\\/aaff-logo-raval-1-1.jpg\",\"contentUrl\":\"https:\\\/\\\/discos-redondos.es\\\/wp-content\\\/uploads\\\/2023\\\/04\\\/aaff-logo-raval-1-1.jpg\",\"width\":2362,\"height\":1441,\"caption\":\"Discos Redondos\"},\"image\":{\"@id\":\"https:\\\/\\\/discos-redondos.es\\\/#\\\/schema\\\/logo\\\/image\\\/\"},\"sameAs\":[\"https:\\\/\\\/www.facebook.com\\\/discosredondos45\",\"https:\\\/\\\/www.instagram.com\\\/discos.redondos33\\\/?hl=es\",\"https:\\\/\\\/discos-redondos.bandcamp.com\\\/\"]}]}<\/script>\n<!-- \/ Yoast SEO plugin. -->","yoast_head_json":{"title":"Jack Johnson \/ Hermanos Gutierrez - Hold On To The Light (RSD 2026) - DISCOS REDONDOS","description":"Jack Johnson \/ Hermanos Gutierrez - Hold On To The Light (RSD 2026) Universal Music - 0199957317672 7\" 45 rpm, edici\u00f3n Record Store Day 2026","robots":{"index":"index","follow":"follow","max-snippet":"max-snippet:-1","max-image-preview":"max-image-preview:large","max-video-preview":"max-video-preview:-1"},"canonical":"https:\/\/discos-redondos.es\/ca\/producte\/jack-johnson-hermanos-gutierrez-hold-on-to-the-light-rsd-2026\/","og_locale":"ca_ES","og_type":"article","og_title":"Jack Johnson \/ Hermanos Gutierrez - Hold On To The Light (RSD 2026) - DISCOS REDONDOS","og_description":"Jack Johnson \/ Hermanos Gutierrez - Hold On To The Light (RSD 2026) Universal Music - 0199957317672 7\" 45 rpm, edici\u00f3n Record Store Day 2026","og_url":"https:\/\/discos-redondos.es\/ca\/producte\/jack-johnson-hermanos-gutierrez-hold-on-to-the-light-rsd-2026\/","og_site_name":"DISCOS REDONDOS","article_publisher":"https:\/\/www.facebook.com\/discosredondos45","article_modified_time":"2026-03-19T11:03:06+00:00","og_image":[{"width":800,"height":800,"url":"https:\/\/discos-redondos.es\/wp-content\/uploads\/2026\/03\/Jack-Johnson-Hold-On-To-The-Light.webp","type":"image\/webp"}],"twitter_card":"summary_large_image","twitter_misc":{"Temps estimat de lectura":"1 minut"},"schema":{"@context":"https:\/\/schema.org","@graph":[{"@type":"WebPage","@id":"https:\/\/discos-redondos.es\/producto\/jack-johnson-hermanos-gutierrez-hold-on-to-the-light-rsd-2026","url":"https:\/\/discos-redondos.es\/producto\/jack-johnson-hermanos-gutierrez-hold-on-to-the-light-rsd-2026","name":"Jack Johnson \/ Hermanos Gutierrez - Hold On To The Light (RSD 2026) - DISCOS REDONDOS","isPartOf":{"@id":"https:\/\/discos-redondos.es\/#website"},"primaryImageOfPage":{"@id":"https:\/\/discos-redondos.es\/producto\/jack-johnson-hermanos-gutierrez-hold-on-to-the-light-rsd-2026#primaryimage"},"image":{"@id":"https:\/\/discos-redondos.es\/producto\/jack-johnson-hermanos-gutierrez-hold-on-to-the-light-rsd-2026#primaryimage"},"thumbnailUrl":"https:\/\/discos-redondos.es\/wp-content\/uploads\/2026\/03\/Jack-Johnson-Hold-On-To-The-Light.webp","datePublished":"2026-03-19T11:00:44+00:00","dateModified":"2026-03-19T11:03:06+00:00","description":"Jack Johnson \/ Hermanos Gutierrez - Hold On To The Light (RSD 2026) Universal Music - 0199957317672 7\" 45 rpm, edici\u00f3n Record Store Day 2026","breadcrumb":{"@id":"https:\/\/discos-redondos.es\/producto\/jack-johnson-hermanos-gutierrez-hold-on-to-the-light-rsd-2026#breadcrumb"},"inLanguage":"ca","potentialAction":[{"@type":"ReadAction","target":["https:\/\/discos-redondos.es\/producto\/jack-johnson-hermanos-gutierrez-hold-on-to-the-light-rsd-2026"]}]},{"@type":"ImageObject","inLanguage":"ca","@id":"https:\/\/discos-redondos.es\/producto\/jack-johnson-hermanos-gutierrez-hold-on-to-the-light-rsd-2026#primaryimage","url":"https:\/\/discos-redondos.es\/wp-content\/uploads\/2026\/03\/Jack-Johnson-Hold-On-To-The-Light.webp","contentUrl":"https:\/\/discos-redondos.es\/wp-content\/uploads\/2026\/03\/Jack-Johnson-Hold-On-To-The-Light.webp","width":800,"height":800,"caption":"Jack Johnson \/ Hermanos Gutierrez - Hold On To The Light (RSD 2026)"},{"@type":"BreadcrumbList","@id":"https:\/\/discos-redondos.es\/producto\/jack-johnson-hermanos-gutierrez-hold-on-to-the-light-rsd-2026#breadcrumb","itemListElement":[{"@type":"ListItem","position":1,"name":"Portada","item":"https:\/\/discos-redondos.es\/"},{"@type":"ListItem","position":2,"name":"Tienda","item":"https:\/\/discos-redondos.es\/?page_id=487"},{"@type":"ListItem","position":3,"name":"Jack Johnson \/ Hermanos Gutierrez &#8211; Hold On To The Light (RSD 2026)"}]},{"@type":"WebSite","@id":"https:\/\/discos-redondos.es\/#website","url":"https:\/\/discos-redondos.es\/","name":"Discos Redondos","description":"La teva botiga de discos a Barcelona","publisher":{"@id":"https:\/\/discos-redondos.es\/#organization"},"alternateName":"Discos Redondos","potentialAction":[{"@type":"SearchAction","target":{"@type":"EntryPoint","urlTemplate":"https:\/\/discos-redondos.es\/?s={search_term_string}"},"query-input":{"@type":"PropertyValueSpecification","valueRequired":true,"valueName":"search_term_string"}}],"inLanguage":"ca"},{"@type":"Organization","@id":"https:\/\/discos-redondos.es\/#organization","name":"Discos Redondos","url":"https:\/\/discos-redondos.es\/","logo":{"@type":"ImageObject","inLanguage":"ca","@id":"https:\/\/discos-redondos.es\/#\/schema\/logo\/image\/","url":"https:\/\/discos-redondos.es\/wp-content\/uploads\/2023\/04\/aaff-logo-raval-1-1.jpg","contentUrl":"https:\/\/discos-redondos.es\/wp-content\/uploads\/2023\/04\/aaff-logo-raval-1-1.jpg","width":2362,"height":1441,"caption":"Discos Redondos"},"image":{"@id":"https:\/\/discos-redondos.es\/#\/schema\/logo\/image\/"},"sameAs":["https:\/\/www.facebook.com\/discosredondos45","https:\/\/www.instagram.com\/discos.redondos33\/?hl=es","https:\/\/discos-redondos.bandcamp.com\/"]}]}},"jetpack_sharing_enabled":true,"_links":{"self":[{"href":"https:\/\/discos-redondos.es\/ca\/wp-json\/wp\/v2\/product\/15267","targetHints":{"allow":["GET"]}}],"collection":[{"href":"https:\/\/discos-redondos.es\/ca\/wp-json\/wp\/v2\/product"}],"about":[{"href":"https:\/\/discos-redondos.es\/ca\/wp-json\/wp\/v2\/types\/product"}],"wp:featuredmedia":[{"embeddable":true,"href":"https:\/\/discos-redondos.es\/ca\/wp-json\/wp\/v2\/media\/15268"}],"wp:attachment":[{"href":"https:\/\/discos-redondos.es\/ca\/wp-json\/wp\/v2\/media?parent=15267"}],"wp:term":[{"taxonomy":"product_brand","embeddable":true,"href":"https:\/\/discos-redondos.es\/ca\/wp-json\/wp\/v2\/product_brand?post=15267"},{"taxonomy":"product_cat","embeddable":true,"href":"https:\/\/discos-redondos.es\/ca\/wp-json\/wp\/v2\/product_cat?post=15267"},{"taxonomy":"product_tag","embeddable":true,"href":"https:\/\/discos-redondos.es\/ca\/wp-json\/wp\/v2\/product_tag?post=15267"}],"curies":[{"name":"wp","href":"https:\/\/api.w.org\/{rel}","templated":true}]}}