{"id":15275,"date":"2026-03-19T12:09:47","date_gmt":"2026-03-19T12:09:47","guid":{"rendered":"https:\/\/discos-redondos.es\/?post_type=product&#038;p=15275"},"modified":"2026-03-19T12:09:47","modified_gmt":"2026-03-19T12:09:47","slug":"kpop-demon-hunters-soundtrack-from-the-netflix-film-saja-boys-edition-rsd-2026","status":"publish","type":"product","link":"https:\/\/discos-redondos.es\/ca\/producte\/kpop-demon-hunters-soundtrack-from-the-netflix-film-saja-boys-edition-rsd-2026","title":{"rendered":"KPop Demon Hunters (Soundtrack from the Netflix Film) &#8211; Saja Boys Edition (RSD 2026)"},"content":{"rendered":"<p><strong>KPop Demon Hunters (Soundtrack from the Netflix Film) &#8211; Saja Boys Edition (RSD 2026)<\/strong><\/p>\n<p>\u00abVinilo de 1 LP con efectos especiales y portada original del artista oficial de KPop Demon Hunters, Marion Bordeyne. Incluye p\u00f3ster desplegable, hoja de pegatinas y 3 tarjetas instant\u00e1neas (3 de 12 versiones).<\/p>\n<p>KPop Demon Hunters (banda sonora de la pel\u00edcula de Netflix) ha conquistado el mundo como un aut\u00e9ntico fen\u00f3meno de la cultura pop. La banda sonora m\u00e1s importante de 2025, ha alcanzado el n\u00famero 1 en la lista Billboard 200 y ha sido certificada como disco de platino por la RIAA. A la cabeza se encuentra \u00abGolden\u00bb, el lanzamiento m\u00e1s reproducido de 2025 a nivel mundial, que domin\u00f3 la lista Billboard Hot 100 durante ocho semanas, lo que supone el reinado m\u00e1s largo en el n\u00famero 1 del siglo XXI por parte de un grupo femenino.<\/p>\n<p>Aclamados tanto por los fans como por la cr\u00edtica, la pel\u00edcula y la banda sonora han recibido cinco nominaciones a los GRAMMY, incluida la de Canci\u00f3n del A\u00f1o, dos nominaciones a los Oscar, incluida la de Canci\u00f3n Original, tres nominaciones a los Globos de Oro, incluida la de Mejor Canci\u00f3n Original, y han ganado dos Critics Choice Awards, incluido el de Mejor Canci\u00f3n por \u00abGolden\u00bb.\u00bb<\/p>\n<p>&nbsp;<\/p>\n<p><strong>KPop Demon Hunters (Soundtrack from the Netflix Film) &#8211; Saja Boys Edition (RSD 2026)<\/strong><\/p>","protected":false},"excerpt":{"rendered":"<p><strong>Universal Music &#8211; 0199957134415<\/strong><\/p>\n<p>LP edici\u00f3n correspondiente al Record Store Day del 18 de abril de 2026<\/p>\n<p>&nbsp;<\/p>","protected":false},"featured_media":15276,"template":"","meta":[],"product_brand":[124],"product_cat":[91],"product_tag":[],"class_list":{"0":"post-15275","1":"product","2":"type-product","3":"status-publish","4":"has-post-thumbnail","6":"product_brand-universal-music-group","7":"product_cat-record-store-day","9":"first","10":"outofstock","11":"taxable","12":"shipping-taxable","13":"purchasable","14":"product-type-simple"},"yoast_head":"<!-- This site is optimized with the Yoast SEO plugin v27.3 - https:\/\/yoast.com\/product\/yoast-seo-wordpress\/ -->\n<title>KPop Demon Hunters (Soundtrack from the Netflix Film) - Saja Boys Edition (RSD 2026) - DISCOS REDONDOS<\/title>\n<meta name=\"description\" content=\"KPop Demon Hunters (Soundtrack from the Netflix Film) - Saja Boys Edition (RSD 2026) Universal Music - 0199957134415 LP Record Store Day 2026\" \/>\n<meta name=\"robots\" content=\"index, follow, max-snippet:-1, max-image-preview:large, max-video-preview:-1\" \/>\n<link rel=\"canonical\" href=\"https:\/\/discos-redondos.es\/ca\/producte\/kpop-demon-hunters-soundtrack-from-the-netflix-film-saja-boys-edition-rsd-2026\/\" \/>\n<meta property=\"og:locale\" content=\"ca_ES\" \/>\n<meta property=\"og:type\" content=\"article\" \/>\n<meta property=\"og:title\" content=\"KPop Demon Hunters (Soundtrack from the Netflix Film) - Saja Boys Edition (RSD 2026) - DISCOS REDONDOS\" \/>\n<meta property=\"og:description\" content=\"KPop Demon Hunters (Soundtrack from the Netflix Film) - Saja Boys Edition (RSD 2026) Universal Music - 0199957134415 LP Record Store Day 2026\" \/>\n<meta property=\"og:url\" content=\"https:\/\/discos-redondos.es\/ca\/producte\/kpop-demon-hunters-soundtrack-from-the-netflix-film-saja-boys-edition-rsd-2026\/\" \/>\n<meta property=\"og:site_name\" content=\"DISCOS REDONDOS\" \/>\n<meta property=\"article:publisher\" content=\"https:\/\/www.facebook.com\/discosredondos45\" \/>\n<meta property=\"og:image\" content=\"https:\/\/discos-redondos.es\/wp-content\/uploads\/2026\/03\/KPop-Demon-Hunters-Soundtrack-from-the-Netflix-Film-Saja-Boys-Edition.webp\" \/>\n\t<meta property=\"og:image:width\" content=\"800\" \/>\n\t<meta property=\"og:image:height\" content=\"800\" \/>\n\t<meta property=\"og:image:type\" content=\"image\/webp\" \/>\n<meta name=\"twitter:card\" content=\"summary_large_image\" \/>\n<meta name=\"twitter:label1\" content=\"Temps estimat de lectura\" \/>\n\t<meta name=\"twitter:data1\" content=\"2 minuts\" \/>\n<script type=\"application\/ld+json\" class=\"yoast-schema-graph\">{\"@context\":\"https:\\\/\\\/schema.org\",\"@graph\":[{\"@type\":\"WebPage\",\"@id\":\"https:\\\/\\\/discos-redondos.es\\\/producto\\\/kpop-demon-hunters-soundtrack-from-the-netflix-film-saja-boys-edition-rsd-2026\",\"url\":\"https:\\\/\\\/discos-redondos.es\\\/producto\\\/kpop-demon-hunters-soundtrack-from-the-netflix-film-saja-boys-edition-rsd-2026\",\"name\":\"KPop Demon Hunters (Soundtrack from the Netflix Film) - Saja Boys Edition (RSD 2026) - DISCOS REDONDOS\",\"isPartOf\":{\"@id\":\"https:\\\/\\\/discos-redondos.es\\\/#website\"},\"primaryImageOfPage\":{\"@id\":\"https:\\\/\\\/discos-redondos.es\\\/producto\\\/kpop-demon-hunters-soundtrack-from-the-netflix-film-saja-boys-edition-rsd-2026#primaryimage\"},\"image\":{\"@id\":\"https:\\\/\\\/discos-redondos.es\\\/producto\\\/kpop-demon-hunters-soundtrack-from-the-netflix-film-saja-boys-edition-rsd-2026#primaryimage\"},\"thumbnailUrl\":\"https:\\\/\\\/discos-redondos.es\\\/wp-content\\\/uploads\\\/2026\\\/03\\\/KPop-Demon-Hunters-Soundtrack-from-the-Netflix-Film-Saja-Boys-Edition.webp\",\"datePublished\":\"2026-03-19T12:09:47+00:00\",\"description\":\"KPop Demon Hunters (Soundtrack from the Netflix Film) - Saja Boys Edition (RSD 2026) Universal Music - 0199957134415 LP Record Store Day 2026\",\"breadcrumb\":{\"@id\":\"https:\\\/\\\/discos-redondos.es\\\/producto\\\/kpop-demon-hunters-soundtrack-from-the-netflix-film-saja-boys-edition-rsd-2026#breadcrumb\"},\"inLanguage\":\"ca\",\"potentialAction\":[{\"@type\":\"ReadAction\",\"target\":[\"https:\\\/\\\/discos-redondos.es\\\/producto\\\/kpop-demon-hunters-soundtrack-from-the-netflix-film-saja-boys-edition-rsd-2026\"]}]},{\"@type\":\"ImageObject\",\"inLanguage\":\"ca\",\"@id\":\"https:\\\/\\\/discos-redondos.es\\\/producto\\\/kpop-demon-hunters-soundtrack-from-the-netflix-film-saja-boys-edition-rsd-2026#primaryimage\",\"url\":\"https:\\\/\\\/discos-redondos.es\\\/wp-content\\\/uploads\\\/2026\\\/03\\\/KPop-Demon-Hunters-Soundtrack-from-the-Netflix-Film-Saja-Boys-Edition.webp\",\"contentUrl\":\"https:\\\/\\\/discos-redondos.es\\\/wp-content\\\/uploads\\\/2026\\\/03\\\/KPop-Demon-Hunters-Soundtrack-from-the-Netflix-Film-Saja-Boys-Edition.webp\",\"width\":800,\"height\":800,\"caption\":\"KPop Demon Hunters (Soundtrack from the Netflix Film) - Saja Boys Edition (RSD 2026)\"},{\"@type\":\"BreadcrumbList\",\"@id\":\"https:\\\/\\\/discos-redondos.es\\\/producto\\\/kpop-demon-hunters-soundtrack-from-the-netflix-film-saja-boys-edition-rsd-2026#breadcrumb\",\"itemListElement\":[{\"@type\":\"ListItem\",\"position\":1,\"name\":\"Portada\",\"item\":\"https:\\\/\\\/discos-redondos.es\\\/\"},{\"@type\":\"ListItem\",\"position\":2,\"name\":\"Tienda\",\"item\":\"https:\\\/\\\/discos-redondos.es\\\/?page_id=487\"},{\"@type\":\"ListItem\",\"position\":3,\"name\":\"KPop Demon Hunters (Soundtrack from the Netflix Film) &#8211; Saja Boys Edition (RSD 2026)\"}]},{\"@type\":\"WebSite\",\"@id\":\"https:\\\/\\\/discos-redondos.es\\\/#website\",\"url\":\"https:\\\/\\\/discos-redondos.es\\\/\",\"name\":\"Discos Redondos\",\"description\":\"Tu tienda de discos en Barcelona\",\"publisher\":{\"@id\":\"https:\\\/\\\/discos-redondos.es\\\/#organization\"},\"alternateName\":\"Discos Redondos\",\"potentialAction\":[{\"@type\":\"SearchAction\",\"target\":{\"@type\":\"EntryPoint\",\"urlTemplate\":\"https:\\\/\\\/discos-redondos.es\\\/?s={search_term_string}\"},\"query-input\":{\"@type\":\"PropertyValueSpecification\",\"valueRequired\":true,\"valueName\":\"search_term_string\"}}],\"inLanguage\":\"ca\"},{\"@type\":\"Organization\",\"@id\":\"https:\\\/\\\/discos-redondos.es\\\/#organization\",\"name\":\"Discos Redondos\",\"url\":\"https:\\\/\\\/discos-redondos.es\\\/\",\"logo\":{\"@type\":\"ImageObject\",\"inLanguage\":\"ca\",\"@id\":\"https:\\\/\\\/discos-redondos.es\\\/#\\\/schema\\\/logo\\\/image\\\/\",\"url\":\"https:\\\/\\\/discos-redondos.es\\\/wp-content\\\/uploads\\\/2023\\\/04\\\/aaff-logo-raval-1-1.jpg\",\"contentUrl\":\"https:\\\/\\\/discos-redondos.es\\\/wp-content\\\/uploads\\\/2023\\\/04\\\/aaff-logo-raval-1-1.jpg\",\"width\":2362,\"height\":1441,\"caption\":\"Discos Redondos\"},\"image\":{\"@id\":\"https:\\\/\\\/discos-redondos.es\\\/#\\\/schema\\\/logo\\\/image\\\/\"},\"sameAs\":[\"https:\\\/\\\/www.facebook.com\\\/discosredondos45\",\"https:\\\/\\\/www.instagram.com\\\/discos.redondos33\\\/?hl=es\",\"https:\\\/\\\/discos-redondos.bandcamp.com\\\/\"]}]}<\/script>\n<!-- \/ Yoast SEO plugin. -->","yoast_head_json":{"title":"KPop Demon Hunters (Soundtrack from the Netflix Film) - Saja Boys Edition (RSD 2026) - DISCOS REDONDOS","description":"KPop Demon Hunters (Soundtrack from the Netflix Film) - Saja Boys Edition (RSD 2026) Universal Music - 0199957134415 LP Record Store Day 2026","robots":{"index":"index","follow":"follow","max-snippet":"max-snippet:-1","max-image-preview":"max-image-preview:large","max-video-preview":"max-video-preview:-1"},"canonical":"https:\/\/discos-redondos.es\/ca\/producte\/kpop-demon-hunters-soundtrack-from-the-netflix-film-saja-boys-edition-rsd-2026\/","og_locale":"ca_ES","og_type":"article","og_title":"KPop Demon Hunters (Soundtrack from the Netflix Film) - Saja Boys Edition (RSD 2026) - DISCOS REDONDOS","og_description":"KPop Demon Hunters (Soundtrack from the Netflix Film) - Saja Boys Edition (RSD 2026) Universal Music - 0199957134415 LP Record Store Day 2026","og_url":"https:\/\/discos-redondos.es\/ca\/producte\/kpop-demon-hunters-soundtrack-from-the-netflix-film-saja-boys-edition-rsd-2026\/","og_site_name":"DISCOS REDONDOS","article_publisher":"https:\/\/www.facebook.com\/discosredondos45","og_image":[{"width":800,"height":800,"url":"https:\/\/discos-redondos.es\/wp-content\/uploads\/2026\/03\/KPop-Demon-Hunters-Soundtrack-from-the-Netflix-Film-Saja-Boys-Edition.webp","type":"image\/webp"}],"twitter_card":"summary_large_image","twitter_misc":{"Temps estimat de lectura":"2 minuts"},"schema":{"@context":"https:\/\/schema.org","@graph":[{"@type":"WebPage","@id":"https:\/\/discos-redondos.es\/producto\/kpop-demon-hunters-soundtrack-from-the-netflix-film-saja-boys-edition-rsd-2026","url":"https:\/\/discos-redondos.es\/producto\/kpop-demon-hunters-soundtrack-from-the-netflix-film-saja-boys-edition-rsd-2026","name":"KPop Demon Hunters (Soundtrack from the Netflix Film) - Saja Boys Edition (RSD 2026) - DISCOS REDONDOS","isPartOf":{"@id":"https:\/\/discos-redondos.es\/#website"},"primaryImageOfPage":{"@id":"https:\/\/discos-redondos.es\/producto\/kpop-demon-hunters-soundtrack-from-the-netflix-film-saja-boys-edition-rsd-2026#primaryimage"},"image":{"@id":"https:\/\/discos-redondos.es\/producto\/kpop-demon-hunters-soundtrack-from-the-netflix-film-saja-boys-edition-rsd-2026#primaryimage"},"thumbnailUrl":"https:\/\/discos-redondos.es\/wp-content\/uploads\/2026\/03\/KPop-Demon-Hunters-Soundtrack-from-the-Netflix-Film-Saja-Boys-Edition.webp","datePublished":"2026-03-19T12:09:47+00:00","description":"KPop Demon Hunters (Soundtrack from the Netflix Film) - Saja Boys Edition (RSD 2026) Universal Music - 0199957134415 LP Record Store Day 2026","breadcrumb":{"@id":"https:\/\/discos-redondos.es\/producto\/kpop-demon-hunters-soundtrack-from-the-netflix-film-saja-boys-edition-rsd-2026#breadcrumb"},"inLanguage":"ca","potentialAction":[{"@type":"ReadAction","target":["https:\/\/discos-redondos.es\/producto\/kpop-demon-hunters-soundtrack-from-the-netflix-film-saja-boys-edition-rsd-2026"]}]},{"@type":"ImageObject","inLanguage":"ca","@id":"https:\/\/discos-redondos.es\/producto\/kpop-demon-hunters-soundtrack-from-the-netflix-film-saja-boys-edition-rsd-2026#primaryimage","url":"https:\/\/discos-redondos.es\/wp-content\/uploads\/2026\/03\/KPop-Demon-Hunters-Soundtrack-from-the-Netflix-Film-Saja-Boys-Edition.webp","contentUrl":"https:\/\/discos-redondos.es\/wp-content\/uploads\/2026\/03\/KPop-Demon-Hunters-Soundtrack-from-the-Netflix-Film-Saja-Boys-Edition.webp","width":800,"height":800,"caption":"KPop Demon Hunters (Soundtrack from the Netflix Film) - Saja Boys Edition (RSD 2026)"},{"@type":"BreadcrumbList","@id":"https:\/\/discos-redondos.es\/producto\/kpop-demon-hunters-soundtrack-from-the-netflix-film-saja-boys-edition-rsd-2026#breadcrumb","itemListElement":[{"@type":"ListItem","position":1,"name":"Portada","item":"https:\/\/discos-redondos.es\/"},{"@type":"ListItem","position":2,"name":"Tienda","item":"https:\/\/discos-redondos.es\/?page_id=487"},{"@type":"ListItem","position":3,"name":"KPop Demon Hunters (Soundtrack from the Netflix Film) &#8211; Saja Boys Edition (RSD 2026)"}]},{"@type":"WebSite","@id":"https:\/\/discos-redondos.es\/#website","url":"https:\/\/discos-redondos.es\/","name":"Discos Redondos","description":"La teva botiga de discos a Barcelona","publisher":{"@id":"https:\/\/discos-redondos.es\/#organization"},"alternateName":"Discos Redondos","potentialAction":[{"@type":"SearchAction","target":{"@type":"EntryPoint","urlTemplate":"https:\/\/discos-redondos.es\/?s={search_term_string}"},"query-input":{"@type":"PropertyValueSpecification","valueRequired":true,"valueName":"search_term_string"}}],"inLanguage":"ca"},{"@type":"Organization","@id":"https:\/\/discos-redondos.es\/#organization","name":"Discos Redondos","url":"https:\/\/discos-redondos.es\/","logo":{"@type":"ImageObject","inLanguage":"ca","@id":"https:\/\/discos-redondos.es\/#\/schema\/logo\/image\/","url":"https:\/\/discos-redondos.es\/wp-content\/uploads\/2023\/04\/aaff-logo-raval-1-1.jpg","contentUrl":"https:\/\/discos-redondos.es\/wp-content\/uploads\/2023\/04\/aaff-logo-raval-1-1.jpg","width":2362,"height":1441,"caption":"Discos Redondos"},"image":{"@id":"https:\/\/discos-redondos.es\/#\/schema\/logo\/image\/"},"sameAs":["https:\/\/www.facebook.com\/discosredondos45","https:\/\/www.instagram.com\/discos.redondos33\/?hl=es","https:\/\/discos-redondos.bandcamp.com\/"]}]}},"_links":{"self":[{"href":"https:\/\/discos-redondos.es\/ca\/wp-json\/wp\/v2\/product\/15275","targetHints":{"allow":["GET"]}}],"collection":[{"href":"https:\/\/discos-redondos.es\/ca\/wp-json\/wp\/v2\/product"}],"about":[{"href":"https:\/\/discos-redondos.es\/ca\/wp-json\/wp\/v2\/types\/product"}],"wp:featuredmedia":[{"embeddable":true,"href":"https:\/\/discos-redondos.es\/ca\/wp-json\/wp\/v2\/media\/15276"}],"wp:attachment":[{"href":"https:\/\/discos-redondos.es\/ca\/wp-json\/wp\/v2\/media?parent=15275"}],"wp:term":[{"taxonomy":"product_brand","embeddable":true,"href":"https:\/\/discos-redondos.es\/ca\/wp-json\/wp\/v2\/product_brand?post=15275"},{"taxonomy":"product_cat","embeddable":true,"href":"https:\/\/discos-redondos.es\/ca\/wp-json\/wp\/v2\/product_cat?post=15275"},{"taxonomy":"product_tag","embeddable":true,"href":"https:\/\/discos-redondos.es\/ca\/wp-json\/wp\/v2\/product_tag?post=15275"}],"curies":[{"name":"wp","href":"https:\/\/api.w.org\/{rel}","templated":true}]}}