{"id":15277,"date":"2026-03-19T13:12:06","date_gmt":"2026-03-19T13:12:06","guid":{"rendered":"https:\/\/discos-redondos.es\/?post_type=product&#038;p=15277"},"modified":"2026-03-19T13:17:45","modified_gmt":"2026-03-19T13:17:45","slug":"mark-knopfler-emmylou-harris-all-the-roadrunning-rsd-2026","status":"publish","type":"product","link":"https:\/\/discos-redondos.es\/ca\/producte\/mark-knopfler-emmylou-harris-all-the-roadrunning-rsd-2026","title":{"rendered":"Mark Knopfler &#038; Emmylou Harris &#8211; All The Roadrunning (RSD 2026)"},"content":{"rendered":"<p><strong>Mark Knopfler &amp; Emmylou Harris &#8211; All The Roadrunning (RSD 2026)<\/strong><\/p>\n<p>\u00abPara celebrar su vig\u00e9simo aniversario, el \u00e1lbum colaborativo entre Mark Knopfler, de Dire Straits, y Emmylou Harris, \u00abAll The Roadrunning\u00bb, se reedita en vinilo de color para el Record Store Day 2026, lo que supone el primer lanzamiento en vinilo del \u00e1lbum fuera de Estados Unidos.<\/p>\n<p>All The Roadrunning, un tesoro de duetos grabados a lo largo de siete a\u00f1os, se public\u00f3 originalmente en 2006 y fue un \u00e9xito entre los diez primeros en el Reino Unido y n\u00famero 1 en varios pa\u00edses europeos. El \u00e1lbum incluye la canci\u00f3n que da t\u00edtulo al disco, que se public\u00f3 como single y alcanz\u00f3 el n\u00famero 8 en las listas brit\u00e1nicas, as\u00ed como los singles \u00abThis Is Us\u00bb y \u00abBeachcombing\u00bb.<\/p>\n<p>En aquel momento, Knopfler, que conoci\u00f3 a Harris en un especial televisivo de Chet Atkins, dijo: \u00abEl respeto y el afecto de Emmylou por los m\u00fasicos y la m\u00fasica me impresionaron entonces y a\u00fan hoy me siguen impresionando. En mis composiciones, hab\u00eda tratado bastante el tema de la forma masculina\/femenina. Con esa voz incre\u00edble, Emmylou, ahora m\u00e1s que nunca, parece capturar una especie de experiencia femenina universal, algo que habla a todas las edades. Despu\u00e9s de nuestra primera sesi\u00f3n y de grabar un par de duetos para un tributo a Hank Williams, pens\u00e9 que deber\u00edamos seguir grabando, y afortunadamente Emmylou opinaba lo mismo\u00bb.<\/p>\n<p>En palabras de Emmylou: \u00abHacer este \u00e1lbum fue una aut\u00e9ntica alegr\u00eda, estar rodeada de m\u00fasicos extraordinarios y guiada por uno de los grandes artistas de nuestro tiempo. Es realmente un regalo por el que siempre estar\u00e9 agradecida\u00bb.<\/p>\n<p>&nbsp;<\/p>","protected":false},"excerpt":{"rendered":"<p><strong>Universal Music &#8211; 0602488217668<\/strong><\/p>\n<p>LP edici\u00f3n correspondiente al Record Store Day del 18 de abril de 2026<\/p>","protected":false},"featured_media":15278,"template":"","meta":[],"product_brand":[124],"product_cat":[91],"product_tag":[],"class_list":{"0":"post-15277","1":"product","2":"type-product","3":"status-publish","4":"has-post-thumbnail","6":"product_brand-universal-music-group","7":"product_cat-record-store-day","9":"first","10":"outofstock","11":"taxable","12":"shipping-taxable","13":"purchasable","14":"product-type-simple"},"yoast_head":"<!-- This site is optimized with the Yoast SEO plugin v27.3 - https:\/\/yoast.com\/product\/yoast-seo-wordpress\/ -->\n<title>Mark Knopfler &amp; Emmylou Harris - All The Roadrunning (RSD 2026) - DISCOS REDONDOS<\/title>\n<meta name=\"description\" content=\"Mark Knopfler &amp; Emmylou Harris - All The Roadrunning (RSD 2026) Universal Music - 0602488217668 LP edici\u00f3n correspondiente al Record Store Day 2026\" \/>\n<meta name=\"robots\" content=\"index, follow, max-snippet:-1, max-image-preview:large, max-video-preview:-1\" \/>\n<link rel=\"canonical\" href=\"https:\/\/discos-redondos.es\/ca\/producte\/mark-knopfler-emmylou-harris-all-the-roadrunning-rsd-2026\/\" \/>\n<meta property=\"og:locale\" content=\"ca_ES\" \/>\n<meta property=\"og:type\" content=\"article\" \/>\n<meta property=\"og:title\" content=\"Mark Knopfler &amp; Emmylou Harris - All The Roadrunning (RSD 2026) - DISCOS REDONDOS\" \/>\n<meta property=\"og:description\" content=\"Mark Knopfler &amp; Emmylou Harris - All The Roadrunning (RSD 2026) Universal Music - 0602488217668 LP edici\u00f3n correspondiente al Record Store Day 2026\" \/>\n<meta property=\"og:url\" content=\"https:\/\/discos-redondos.es\/ca\/producte\/mark-knopfler-emmylou-harris-all-the-roadrunning-rsd-2026\/\" \/>\n<meta property=\"og:site_name\" content=\"DISCOS REDONDOS\" \/>\n<meta property=\"article:publisher\" content=\"https:\/\/www.facebook.com\/discosredondos45\" \/>\n<meta property=\"article:modified_time\" content=\"2026-03-19T13:17:45+00:00\" \/>\n<meta property=\"og:image\" content=\"https:\/\/discos-redondos.es\/wp-content\/uploads\/2026\/03\/Mark-Knopfler-Emmylou-Harris-All-The-Roadrunning.webp\" \/>\n\t<meta property=\"og:image:width\" content=\"800\" \/>\n\t<meta property=\"og:image:height\" content=\"800\" \/>\n\t<meta property=\"og:image:type\" content=\"image\/webp\" \/>\n<meta name=\"twitter:card\" content=\"summary_large_image\" \/>\n<meta name=\"twitter:label1\" content=\"Temps estimat de lectura\" \/>\n\t<meta name=\"twitter:data1\" content=\"2 minuts\" \/>\n<script type=\"application\/ld+json\" class=\"yoast-schema-graph\">{\"@context\":\"https:\\\/\\\/schema.org\",\"@graph\":[{\"@type\":\"WebPage\",\"@id\":\"https:\\\/\\\/discos-redondos.es\\\/producto\\\/mark-knopfler-emmylou-harris-all-the-roadrunning-rsd-2026\",\"url\":\"https:\\\/\\\/discos-redondos.es\\\/producto\\\/mark-knopfler-emmylou-harris-all-the-roadrunning-rsd-2026\",\"name\":\"Mark Knopfler & Emmylou Harris - All The Roadrunning (RSD 2026) - DISCOS REDONDOS\",\"isPartOf\":{\"@id\":\"https:\\\/\\\/discos-redondos.es\\\/#website\"},\"primaryImageOfPage\":{\"@id\":\"https:\\\/\\\/discos-redondos.es\\\/producto\\\/mark-knopfler-emmylou-harris-all-the-roadrunning-rsd-2026#primaryimage\"},\"image\":{\"@id\":\"https:\\\/\\\/discos-redondos.es\\\/producto\\\/mark-knopfler-emmylou-harris-all-the-roadrunning-rsd-2026#primaryimage\"},\"thumbnailUrl\":\"https:\\\/\\\/discos-redondos.es\\\/wp-content\\\/uploads\\\/2026\\\/03\\\/Mark-Knopfler-Emmylou-Harris-All-The-Roadrunning.webp\",\"datePublished\":\"2026-03-19T13:12:06+00:00\",\"dateModified\":\"2026-03-19T13:17:45+00:00\",\"description\":\"Mark Knopfler & Emmylou Harris - All The Roadrunning (RSD 2026) Universal Music - 0602488217668 LP edici\u00f3n correspondiente al Record Store Day 2026\",\"breadcrumb\":{\"@id\":\"https:\\\/\\\/discos-redondos.es\\\/producto\\\/mark-knopfler-emmylou-harris-all-the-roadrunning-rsd-2026#breadcrumb\"},\"inLanguage\":\"ca\",\"potentialAction\":[{\"@type\":\"ReadAction\",\"target\":[\"https:\\\/\\\/discos-redondos.es\\\/producto\\\/mark-knopfler-emmylou-harris-all-the-roadrunning-rsd-2026\"]}]},{\"@type\":\"ImageObject\",\"inLanguage\":\"ca\",\"@id\":\"https:\\\/\\\/discos-redondos.es\\\/producto\\\/mark-knopfler-emmylou-harris-all-the-roadrunning-rsd-2026#primaryimage\",\"url\":\"https:\\\/\\\/discos-redondos.es\\\/wp-content\\\/uploads\\\/2026\\\/03\\\/Mark-Knopfler-Emmylou-Harris-All-The-Roadrunning.webp\",\"contentUrl\":\"https:\\\/\\\/discos-redondos.es\\\/wp-content\\\/uploads\\\/2026\\\/03\\\/Mark-Knopfler-Emmylou-Harris-All-The-Roadrunning.webp\",\"width\":800,\"height\":800,\"caption\":\"Mark Knopfler & Emmylou Harris - All The Roadrunning (RSD 2026)\"},{\"@type\":\"BreadcrumbList\",\"@id\":\"https:\\\/\\\/discos-redondos.es\\\/producto\\\/mark-knopfler-emmylou-harris-all-the-roadrunning-rsd-2026#breadcrumb\",\"itemListElement\":[{\"@type\":\"ListItem\",\"position\":1,\"name\":\"Portada\",\"item\":\"https:\\\/\\\/discos-redondos.es\\\/\"},{\"@type\":\"ListItem\",\"position\":2,\"name\":\"Tienda\",\"item\":\"https:\\\/\\\/discos-redondos.es\\\/?page_id=487\"},{\"@type\":\"ListItem\",\"position\":3,\"name\":\"Mark Knopfler &#038; Emmylou Harris &#8211; All The Roadrunning (RSD 2026)\"}]},{\"@type\":\"WebSite\",\"@id\":\"https:\\\/\\\/discos-redondos.es\\\/#website\",\"url\":\"https:\\\/\\\/discos-redondos.es\\\/\",\"name\":\"Discos Redondos\",\"description\":\"Tu tienda de discos en Barcelona\",\"publisher\":{\"@id\":\"https:\\\/\\\/discos-redondos.es\\\/#organization\"},\"alternateName\":\"Discos Redondos\",\"potentialAction\":[{\"@type\":\"SearchAction\",\"target\":{\"@type\":\"EntryPoint\",\"urlTemplate\":\"https:\\\/\\\/discos-redondos.es\\\/?s={search_term_string}\"},\"query-input\":{\"@type\":\"PropertyValueSpecification\",\"valueRequired\":true,\"valueName\":\"search_term_string\"}}],\"inLanguage\":\"ca\"},{\"@type\":\"Organization\",\"@id\":\"https:\\\/\\\/discos-redondos.es\\\/#organization\",\"name\":\"Discos Redondos\",\"url\":\"https:\\\/\\\/discos-redondos.es\\\/\",\"logo\":{\"@type\":\"ImageObject\",\"inLanguage\":\"ca\",\"@id\":\"https:\\\/\\\/discos-redondos.es\\\/#\\\/schema\\\/logo\\\/image\\\/\",\"url\":\"https:\\\/\\\/discos-redondos.es\\\/wp-content\\\/uploads\\\/2023\\\/04\\\/aaff-logo-raval-1-1.jpg\",\"contentUrl\":\"https:\\\/\\\/discos-redondos.es\\\/wp-content\\\/uploads\\\/2023\\\/04\\\/aaff-logo-raval-1-1.jpg\",\"width\":2362,\"height\":1441,\"caption\":\"Discos Redondos\"},\"image\":{\"@id\":\"https:\\\/\\\/discos-redondos.es\\\/#\\\/schema\\\/logo\\\/image\\\/\"},\"sameAs\":[\"https:\\\/\\\/www.facebook.com\\\/discosredondos45\",\"https:\\\/\\\/www.instagram.com\\\/discos.redondos33\\\/?hl=es\",\"https:\\\/\\\/discos-redondos.bandcamp.com\\\/\"]}]}<\/script>\n<!-- \/ Yoast SEO plugin. -->","yoast_head_json":{"title":"Mark Knopfler & Emmylou Harris - All The Roadrunning (RSD 2026) - DISCOS REDONDOS","description":"Mark Knopfler & Emmylou Harris - All The Roadrunning (RSD 2026) Universal Music - 0602488217668 LP edici\u00f3n correspondiente al Record Store Day 2026","robots":{"index":"index","follow":"follow","max-snippet":"max-snippet:-1","max-image-preview":"max-image-preview:large","max-video-preview":"max-video-preview:-1"},"canonical":"https:\/\/discos-redondos.es\/ca\/producte\/mark-knopfler-emmylou-harris-all-the-roadrunning-rsd-2026\/","og_locale":"ca_ES","og_type":"article","og_title":"Mark Knopfler & Emmylou Harris - All The Roadrunning (RSD 2026) - DISCOS REDONDOS","og_description":"Mark Knopfler & Emmylou Harris - All The Roadrunning (RSD 2026) Universal Music - 0602488217668 LP edici\u00f3n correspondiente al Record Store Day 2026","og_url":"https:\/\/discos-redondos.es\/ca\/producte\/mark-knopfler-emmylou-harris-all-the-roadrunning-rsd-2026\/","og_site_name":"DISCOS REDONDOS","article_publisher":"https:\/\/www.facebook.com\/discosredondos45","article_modified_time":"2026-03-19T13:17:45+00:00","og_image":[{"width":800,"height":800,"url":"https:\/\/discos-redondos.es\/wp-content\/uploads\/2026\/03\/Mark-Knopfler-Emmylou-Harris-All-The-Roadrunning.webp","type":"image\/webp"}],"twitter_card":"summary_large_image","twitter_misc":{"Temps estimat de lectura":"2 minuts"},"schema":{"@context":"https:\/\/schema.org","@graph":[{"@type":"WebPage","@id":"https:\/\/discos-redondos.es\/producto\/mark-knopfler-emmylou-harris-all-the-roadrunning-rsd-2026","url":"https:\/\/discos-redondos.es\/producto\/mark-knopfler-emmylou-harris-all-the-roadrunning-rsd-2026","name":"Mark Knopfler & Emmylou Harris - All The Roadrunning (RSD 2026) - DISCOS REDONDOS","isPartOf":{"@id":"https:\/\/discos-redondos.es\/#website"},"primaryImageOfPage":{"@id":"https:\/\/discos-redondos.es\/producto\/mark-knopfler-emmylou-harris-all-the-roadrunning-rsd-2026#primaryimage"},"image":{"@id":"https:\/\/discos-redondos.es\/producto\/mark-knopfler-emmylou-harris-all-the-roadrunning-rsd-2026#primaryimage"},"thumbnailUrl":"https:\/\/discos-redondos.es\/wp-content\/uploads\/2026\/03\/Mark-Knopfler-Emmylou-Harris-All-The-Roadrunning.webp","datePublished":"2026-03-19T13:12:06+00:00","dateModified":"2026-03-19T13:17:45+00:00","description":"Mark Knopfler & Emmylou Harris - All The Roadrunning (RSD 2026) Universal Music - 0602488217668 LP edici\u00f3n correspondiente al Record Store Day 2026","breadcrumb":{"@id":"https:\/\/discos-redondos.es\/producto\/mark-knopfler-emmylou-harris-all-the-roadrunning-rsd-2026#breadcrumb"},"inLanguage":"ca","potentialAction":[{"@type":"ReadAction","target":["https:\/\/discos-redondos.es\/producto\/mark-knopfler-emmylou-harris-all-the-roadrunning-rsd-2026"]}]},{"@type":"ImageObject","inLanguage":"ca","@id":"https:\/\/discos-redondos.es\/producto\/mark-knopfler-emmylou-harris-all-the-roadrunning-rsd-2026#primaryimage","url":"https:\/\/discos-redondos.es\/wp-content\/uploads\/2026\/03\/Mark-Knopfler-Emmylou-Harris-All-The-Roadrunning.webp","contentUrl":"https:\/\/discos-redondos.es\/wp-content\/uploads\/2026\/03\/Mark-Knopfler-Emmylou-Harris-All-The-Roadrunning.webp","width":800,"height":800,"caption":"Mark Knopfler & Emmylou Harris - All The Roadrunning (RSD 2026)"},{"@type":"BreadcrumbList","@id":"https:\/\/discos-redondos.es\/producto\/mark-knopfler-emmylou-harris-all-the-roadrunning-rsd-2026#breadcrumb","itemListElement":[{"@type":"ListItem","position":1,"name":"Portada","item":"https:\/\/discos-redondos.es\/"},{"@type":"ListItem","position":2,"name":"Tienda","item":"https:\/\/discos-redondos.es\/?page_id=487"},{"@type":"ListItem","position":3,"name":"Mark Knopfler &#038; Emmylou Harris &#8211; All The Roadrunning (RSD 2026)"}]},{"@type":"WebSite","@id":"https:\/\/discos-redondos.es\/#website","url":"https:\/\/discos-redondos.es\/","name":"Discos Redondos","description":"La teva botiga de discos a Barcelona","publisher":{"@id":"https:\/\/discos-redondos.es\/#organization"},"alternateName":"Discos Redondos","potentialAction":[{"@type":"SearchAction","target":{"@type":"EntryPoint","urlTemplate":"https:\/\/discos-redondos.es\/?s={search_term_string}"},"query-input":{"@type":"PropertyValueSpecification","valueRequired":true,"valueName":"search_term_string"}}],"inLanguage":"ca"},{"@type":"Organization","@id":"https:\/\/discos-redondos.es\/#organization","name":"Discos Redondos","url":"https:\/\/discos-redondos.es\/","logo":{"@type":"ImageObject","inLanguage":"ca","@id":"https:\/\/discos-redondos.es\/#\/schema\/logo\/image\/","url":"https:\/\/discos-redondos.es\/wp-content\/uploads\/2023\/04\/aaff-logo-raval-1-1.jpg","contentUrl":"https:\/\/discos-redondos.es\/wp-content\/uploads\/2023\/04\/aaff-logo-raval-1-1.jpg","width":2362,"height":1441,"caption":"Discos Redondos"},"image":{"@id":"https:\/\/discos-redondos.es\/#\/schema\/logo\/image\/"},"sameAs":["https:\/\/www.facebook.com\/discosredondos45","https:\/\/www.instagram.com\/discos.redondos33\/?hl=es","https:\/\/discos-redondos.bandcamp.com\/"]}]}},"jetpack_sharing_enabled":true,"_links":{"self":[{"href":"https:\/\/discos-redondos.es\/ca\/wp-json\/wp\/v2\/product\/15277","targetHints":{"allow":["GET"]}}],"collection":[{"href":"https:\/\/discos-redondos.es\/ca\/wp-json\/wp\/v2\/product"}],"about":[{"href":"https:\/\/discos-redondos.es\/ca\/wp-json\/wp\/v2\/types\/product"}],"wp:featuredmedia":[{"embeddable":true,"href":"https:\/\/discos-redondos.es\/ca\/wp-json\/wp\/v2\/media\/15278"}],"wp:attachment":[{"href":"https:\/\/discos-redondos.es\/ca\/wp-json\/wp\/v2\/media?parent=15277"}],"wp:term":[{"taxonomy":"product_brand","embeddable":true,"href":"https:\/\/discos-redondos.es\/ca\/wp-json\/wp\/v2\/product_brand?post=15277"},{"taxonomy":"product_cat","embeddable":true,"href":"https:\/\/discos-redondos.es\/ca\/wp-json\/wp\/v2\/product_cat?post=15277"},{"taxonomy":"product_tag","embeddable":true,"href":"https:\/\/discos-redondos.es\/ca\/wp-json\/wp\/v2\/product_tag?post=15277"}],"curies":[{"name":"wp","href":"https:\/\/api.w.org\/{rel}","templated":true}]}}