{"id":15505,"date":"2026-04-02T09:48:52","date_gmt":"2026-04-02T09:48:52","guid":{"rendered":"https:\/\/discos-redondos.es\/?post_type=product&#038;p=15505"},"modified":"2026-04-02T09:48:52","modified_gmt":"2026-04-02T09:48:52","slug":"cecil-taylor-unit-fragments-rsd-2026","status":"publish","type":"product","link":"https:\/\/discos-redondos.es\/ca\/producte\/cecil-taylor-unit-fragments-rsd-2026","title":{"rendered":"Cecil Taylor Unit &#8211; Fragments (RSD 2026)"},"content":{"rendered":"<p><strong>Cecil Taylor Unit &#8211; Fragments (RSD 2026) Live at Salle Pleyel, Paris, 1969<\/strong><\/p>\n<p><strong>3 x LP en vinilo de 180 gramos, gatefold<\/strong><\/p>\n<p>Incluye un extenso libreto tama\u00f1o LP.<\/p>\n<p>Edici\u00f3n limitada numerada. Tambi\u00e9n disponible en edici\u00f3n de lujo de 2 CD.<\/p>\n<p>Cecil Taylor \u2013 Fragments: The Complete 1969 Salle Pleyel Concerts es una grabaci\u00f3n en vivo monumental e in\u00e9dita que captura a la Cecil Taylor Unit en el 8.\u00ba Festival de Jazz de Par\u00eds, el 3 de noviembre de 1969, interpretando dos sets completos en la legendaria Salle Pleyel. Este concierto hist\u00f3rico cuenta con una formaci\u00f3n estelar: Cecil Taylor (piano), Sam Rivers (saxof\u00f3n tenor y soprano, flauta), Jimmy Lyons (saxof\u00f3n alto) y Andrew Cyrille (bater\u00eda).<\/p>\n<p>Transferido de las cintas anal\u00f3gicas originales conservadas por INA y masterizado por Matthew Lutthans en The Mastering Lab, esta edici\u00f3n de lujo se presenta en un set de 3 LP de 180 g con funda desplegable que recupera toda la fuerza sonora y la energ\u00eda de la interpretaci\u00f3n original.<\/p>\n<p>Incluye un folleto ricamente ilustrado con fotos de conciertos in\u00e9ditas de Jean-Pierre Leloir, Jan Persson, Christian Rose y otros, con nuevas notas de Phil Freeman, adem\u00e1s de testimonios exclusivos de Andrew Cyrille, Jack DeJohnette, Matthew Shipp, Karen Borca y Monique Rivers.<\/p>","protected":false},"excerpt":{"rendered":"<p>Elemental Music &#8211; 8435395505014<\/p>\n<p>3 x LP en vinilo negro de 180 gramos con libreto, edici\u00f3n correspondiente al Record Store Day 2026<\/p>","protected":false},"featured_media":15506,"template":"","meta":[],"product_brand":[136],"product_cat":[91],"product_tag":[],"class_list":{"0":"post-15505","1":"product","2":"type-product","3":"status-publish","4":"has-post-thumbnail","6":"product_brand-varios","7":"product_cat-record-store-day","9":"first","10":"outofstock","11":"taxable","12":"shipping-taxable","13":"purchasable","14":"product-type-simple"},"yoast_head":"<!-- This site is optimized with the Yoast SEO plugin v27.3 - https:\/\/yoast.com\/product\/yoast-seo-wordpress\/ -->\n<title>Cecil Taylor Unit - Fragments (RSD 2026) - DISCOS REDONDOS<\/title>\n<meta name=\"description\" content=\"Elemental Music - 84353955050143 x LP en vinilo negro de 180 gramos con libreto, edici\u00f3n correspondiente al Record Store Day 202\" \/>\n<meta name=\"robots\" content=\"index, follow, max-snippet:-1, max-image-preview:large, max-video-preview:-1\" \/>\n<link rel=\"canonical\" href=\"https:\/\/discos-redondos.es\/ca\/producte\/cecil-taylor-unit-fragments-rsd-2026\/\" \/>\n<meta property=\"og:locale\" content=\"ca_ES\" \/>\n<meta property=\"og:type\" content=\"article\" \/>\n<meta property=\"og:title\" content=\"Cecil Taylor Unit - Fragments (RSD 2026) - DISCOS REDONDOS\" \/>\n<meta property=\"og:description\" content=\"Elemental Music - 84353955050143 x LP en vinilo negro de 180 gramos con libreto, edici\u00f3n correspondiente al Record Store Day 202\" \/>\n<meta property=\"og:url\" content=\"https:\/\/discos-redondos.es\/ca\/producte\/cecil-taylor-unit-fragments-rsd-2026\/\" \/>\n<meta property=\"og:site_name\" content=\"DISCOS REDONDOS\" \/>\n<meta property=\"article:publisher\" content=\"https:\/\/www.facebook.com\/discosredondos45\" \/>\n<meta property=\"og:image\" content=\"https:\/\/discos-redondos.es\/wp-content\/uploads\/2026\/04\/Cecil-Taylor-Unit-Fragments-RSD-2026.png\" \/>\n\t<meta property=\"og:image:width\" content=\"1100\" \/>\n\t<meta property=\"og:image:height\" content=\"1422\" \/>\n\t<meta property=\"og:image:type\" content=\"image\/png\" \/>\n<meta name=\"twitter:card\" content=\"summary_large_image\" \/>\n<meta name=\"twitter:label1\" content=\"Temps estimat de lectura\" \/>\n\t<meta name=\"twitter:data1\" content=\"2 minuts\" \/>\n<script type=\"application\/ld+json\" class=\"yoast-schema-graph\">{\"@context\":\"https:\\\/\\\/schema.org\",\"@graph\":[{\"@type\":\"WebPage\",\"@id\":\"https:\\\/\\\/discos-redondos.es\\\/producto\\\/cecil-taylor-unit-fragments-rsd-2026\",\"url\":\"https:\\\/\\\/discos-redondos.es\\\/producto\\\/cecil-taylor-unit-fragments-rsd-2026\",\"name\":\"Cecil Taylor Unit - Fragments (RSD 2026) - DISCOS REDONDOS\",\"isPartOf\":{\"@id\":\"https:\\\/\\\/discos-redondos.es\\\/#website\"},\"primaryImageOfPage\":{\"@id\":\"https:\\\/\\\/discos-redondos.es\\\/producto\\\/cecil-taylor-unit-fragments-rsd-2026#primaryimage\"},\"image\":{\"@id\":\"https:\\\/\\\/discos-redondos.es\\\/producto\\\/cecil-taylor-unit-fragments-rsd-2026#primaryimage\"},\"thumbnailUrl\":\"https:\\\/\\\/discos-redondos.es\\\/wp-content\\\/uploads\\\/2026\\\/04\\\/Cecil-Taylor-Unit-Fragments-RSD-2026.png\",\"datePublished\":\"2026-04-02T09:48:52+00:00\",\"description\":\"Elemental Music - 84353955050143 x LP en vinilo negro de 180 gramos con libreto, edici\u00f3n correspondiente al Record Store Day 202\",\"breadcrumb\":{\"@id\":\"https:\\\/\\\/discos-redondos.es\\\/producto\\\/cecil-taylor-unit-fragments-rsd-2026#breadcrumb\"},\"inLanguage\":\"ca\",\"potentialAction\":[{\"@type\":\"ReadAction\",\"target\":[\"https:\\\/\\\/discos-redondos.es\\\/producto\\\/cecil-taylor-unit-fragments-rsd-2026\"]}]},{\"@type\":\"ImageObject\",\"inLanguage\":\"ca\",\"@id\":\"https:\\\/\\\/discos-redondos.es\\\/producto\\\/cecil-taylor-unit-fragments-rsd-2026#primaryimage\",\"url\":\"https:\\\/\\\/discos-redondos.es\\\/wp-content\\\/uploads\\\/2026\\\/04\\\/Cecil-Taylor-Unit-Fragments-RSD-2026.png\",\"contentUrl\":\"https:\\\/\\\/discos-redondos.es\\\/wp-content\\\/uploads\\\/2026\\\/04\\\/Cecil-Taylor-Unit-Fragments-RSD-2026.png\",\"width\":1100,\"height\":1422,\"caption\":\"Cecil Taylor Unit - Fragments (RSD 2026)\"},{\"@type\":\"BreadcrumbList\",\"@id\":\"https:\\\/\\\/discos-redondos.es\\\/producto\\\/cecil-taylor-unit-fragments-rsd-2026#breadcrumb\",\"itemListElement\":[{\"@type\":\"ListItem\",\"position\":1,\"name\":\"Portada\",\"item\":\"https:\\\/\\\/discos-redondos.es\\\/\"},{\"@type\":\"ListItem\",\"position\":2,\"name\":\"Tienda\",\"item\":\"https:\\\/\\\/discos-redondos.es\\\/?page_id=487\"},{\"@type\":\"ListItem\",\"position\":3,\"name\":\"Cecil Taylor Unit &#8211; Fragments (RSD 2026)\"}]},{\"@type\":\"WebSite\",\"@id\":\"https:\\\/\\\/discos-redondos.es\\\/#website\",\"url\":\"https:\\\/\\\/discos-redondos.es\\\/\",\"name\":\"Discos Redondos\",\"description\":\"Tu tienda de discos en Barcelona\",\"publisher\":{\"@id\":\"https:\\\/\\\/discos-redondos.es\\\/#organization\"},\"alternateName\":\"Discos Redondos\",\"potentialAction\":[{\"@type\":\"SearchAction\",\"target\":{\"@type\":\"EntryPoint\",\"urlTemplate\":\"https:\\\/\\\/discos-redondos.es\\\/?s={search_term_string}\"},\"query-input\":{\"@type\":\"PropertyValueSpecification\",\"valueRequired\":true,\"valueName\":\"search_term_string\"}}],\"inLanguage\":\"ca\"},{\"@type\":\"Organization\",\"@id\":\"https:\\\/\\\/discos-redondos.es\\\/#organization\",\"name\":\"Discos Redondos\",\"url\":\"https:\\\/\\\/discos-redondos.es\\\/\",\"logo\":{\"@type\":\"ImageObject\",\"inLanguage\":\"ca\",\"@id\":\"https:\\\/\\\/discos-redondos.es\\\/#\\\/schema\\\/logo\\\/image\\\/\",\"url\":\"https:\\\/\\\/discos-redondos.es\\\/wp-content\\\/uploads\\\/2023\\\/04\\\/aaff-logo-raval-1-1.jpg\",\"contentUrl\":\"https:\\\/\\\/discos-redondos.es\\\/wp-content\\\/uploads\\\/2023\\\/04\\\/aaff-logo-raval-1-1.jpg\",\"width\":2362,\"height\":1441,\"caption\":\"Discos Redondos\"},\"image\":{\"@id\":\"https:\\\/\\\/discos-redondos.es\\\/#\\\/schema\\\/logo\\\/image\\\/\"},\"sameAs\":[\"https:\\\/\\\/www.facebook.com\\\/discosredondos45\",\"https:\\\/\\\/www.instagram.com\\\/discos.redondos33\\\/?hl=es\",\"https:\\\/\\\/discos-redondos.bandcamp.com\\\/\"]}]}<\/script>\n<!-- \/ Yoast SEO plugin. -->","yoast_head_json":{"title":"Cecil Taylor Unit - Fragments (RSD 2026) - DISCOS REDONDOS","description":"Elemental Music - 84353955050143 x LP en vinilo negro de 180 gramos con libreto, edici\u00f3n correspondiente al Record Store Day 202","robots":{"index":"index","follow":"follow","max-snippet":"max-snippet:-1","max-image-preview":"max-image-preview:large","max-video-preview":"max-video-preview:-1"},"canonical":"https:\/\/discos-redondos.es\/ca\/producte\/cecil-taylor-unit-fragments-rsd-2026\/","og_locale":"ca_ES","og_type":"article","og_title":"Cecil Taylor Unit - Fragments (RSD 2026) - DISCOS REDONDOS","og_description":"Elemental Music - 84353955050143 x LP en vinilo negro de 180 gramos con libreto, edici\u00f3n correspondiente al Record Store Day 202","og_url":"https:\/\/discos-redondos.es\/ca\/producte\/cecil-taylor-unit-fragments-rsd-2026\/","og_site_name":"DISCOS REDONDOS","article_publisher":"https:\/\/www.facebook.com\/discosredondos45","og_image":[{"width":1100,"height":1422,"url":"https:\/\/discos-redondos.es\/wp-content\/uploads\/2026\/04\/Cecil-Taylor-Unit-Fragments-RSD-2026.png","type":"image\/png"}],"twitter_card":"summary_large_image","twitter_misc":{"Temps estimat de lectura":"2 minuts"},"schema":{"@context":"https:\/\/schema.org","@graph":[{"@type":"WebPage","@id":"https:\/\/discos-redondos.es\/producto\/cecil-taylor-unit-fragments-rsd-2026","url":"https:\/\/discos-redondos.es\/producto\/cecil-taylor-unit-fragments-rsd-2026","name":"Cecil Taylor Unit - Fragments (RSD 2026) - DISCOS REDONDOS","isPartOf":{"@id":"https:\/\/discos-redondos.es\/#website"},"primaryImageOfPage":{"@id":"https:\/\/discos-redondos.es\/producto\/cecil-taylor-unit-fragments-rsd-2026#primaryimage"},"image":{"@id":"https:\/\/discos-redondos.es\/producto\/cecil-taylor-unit-fragments-rsd-2026#primaryimage"},"thumbnailUrl":"https:\/\/discos-redondos.es\/wp-content\/uploads\/2026\/04\/Cecil-Taylor-Unit-Fragments-RSD-2026.png","datePublished":"2026-04-02T09:48:52+00:00","description":"Elemental Music - 84353955050143 x LP en vinilo negro de 180 gramos con libreto, edici\u00f3n correspondiente al Record Store Day 202","breadcrumb":{"@id":"https:\/\/discos-redondos.es\/producto\/cecil-taylor-unit-fragments-rsd-2026#breadcrumb"},"inLanguage":"ca","potentialAction":[{"@type":"ReadAction","target":["https:\/\/discos-redondos.es\/producto\/cecil-taylor-unit-fragments-rsd-2026"]}]},{"@type":"ImageObject","inLanguage":"ca","@id":"https:\/\/discos-redondos.es\/producto\/cecil-taylor-unit-fragments-rsd-2026#primaryimage","url":"https:\/\/discos-redondos.es\/wp-content\/uploads\/2026\/04\/Cecil-Taylor-Unit-Fragments-RSD-2026.png","contentUrl":"https:\/\/discos-redondos.es\/wp-content\/uploads\/2026\/04\/Cecil-Taylor-Unit-Fragments-RSD-2026.png","width":1100,"height":1422,"caption":"Cecil Taylor Unit - Fragments (RSD 2026)"},{"@type":"BreadcrumbList","@id":"https:\/\/discos-redondos.es\/producto\/cecil-taylor-unit-fragments-rsd-2026#breadcrumb","itemListElement":[{"@type":"ListItem","position":1,"name":"Portada","item":"https:\/\/discos-redondos.es\/"},{"@type":"ListItem","position":2,"name":"Tienda","item":"https:\/\/discos-redondos.es\/?page_id=487"},{"@type":"ListItem","position":3,"name":"Cecil Taylor Unit &#8211; Fragments (RSD 2026)"}]},{"@type":"WebSite","@id":"https:\/\/discos-redondos.es\/#website","url":"https:\/\/discos-redondos.es\/","name":"Discos Redondos","description":"La teva botiga de discos a Barcelona","publisher":{"@id":"https:\/\/discos-redondos.es\/#organization"},"alternateName":"Discos Redondos","potentialAction":[{"@type":"SearchAction","target":{"@type":"EntryPoint","urlTemplate":"https:\/\/discos-redondos.es\/?s={search_term_string}"},"query-input":{"@type":"PropertyValueSpecification","valueRequired":true,"valueName":"search_term_string"}}],"inLanguage":"ca"},{"@type":"Organization","@id":"https:\/\/discos-redondos.es\/#organization","name":"Discos Redondos","url":"https:\/\/discos-redondos.es\/","logo":{"@type":"ImageObject","inLanguage":"ca","@id":"https:\/\/discos-redondos.es\/#\/schema\/logo\/image\/","url":"https:\/\/discos-redondos.es\/wp-content\/uploads\/2023\/04\/aaff-logo-raval-1-1.jpg","contentUrl":"https:\/\/discos-redondos.es\/wp-content\/uploads\/2023\/04\/aaff-logo-raval-1-1.jpg","width":2362,"height":1441,"caption":"Discos Redondos"},"image":{"@id":"https:\/\/discos-redondos.es\/#\/schema\/logo\/image\/"},"sameAs":["https:\/\/www.facebook.com\/discosredondos45","https:\/\/www.instagram.com\/discos.redondos33\/?hl=es","https:\/\/discos-redondos.bandcamp.com\/"]}]}},"jetpack_sharing_enabled":true,"_links":{"self":[{"href":"https:\/\/discos-redondos.es\/ca\/wp-json\/wp\/v2\/product\/15505","targetHints":{"allow":["GET"]}}],"collection":[{"href":"https:\/\/discos-redondos.es\/ca\/wp-json\/wp\/v2\/product"}],"about":[{"href":"https:\/\/discos-redondos.es\/ca\/wp-json\/wp\/v2\/types\/product"}],"wp:featuredmedia":[{"embeddable":true,"href":"https:\/\/discos-redondos.es\/ca\/wp-json\/wp\/v2\/media\/15506"}],"wp:attachment":[{"href":"https:\/\/discos-redondos.es\/ca\/wp-json\/wp\/v2\/media?parent=15505"}],"wp:term":[{"taxonomy":"product_brand","embeddable":true,"href":"https:\/\/discos-redondos.es\/ca\/wp-json\/wp\/v2\/product_brand?post=15505"},{"taxonomy":"product_cat","embeddable":true,"href":"https:\/\/discos-redondos.es\/ca\/wp-json\/wp\/v2\/product_cat?post=15505"},{"taxonomy":"product_tag","embeddable":true,"href":"https:\/\/discos-redondos.es\/ca\/wp-json\/wp\/v2\/product_tag?post=15505"}],"curies":[{"name":"wp","href":"https:\/\/api.w.org\/{rel}","templated":true}]}}