{"id":15507,"date":"2026-04-02T09:54:58","date_gmt":"2026-04-02T09:54:58","guid":{"rendered":"https:\/\/discos-redondos.es\/?post_type=product&#038;p=15507"},"modified":"2026-04-02T09:54:58","modified_gmt":"2026-04-02T09:54:58","slug":"michel-petrucciani-kuumbwa-rsd-2026","status":"publish","type":"product","link":"https:\/\/discos-redondos.es\/ca\/producte\/michel-petrucciani-kuumbwa-rsd-2026","title":{"rendered":"Michel Petrucciani &#8211; Kuumbwa (RSD 2026)"},"content":{"rendered":"<p><strong>Michel Petrucciani &#8211; Kuumbwa (RSD 2026)<\/strong><\/p>\n<p>Michel Petrucciani \u2013 Kuumbwa es una grabaci\u00f3n extraordinaria e in\u00e9dita, capturada en directo en el Kuumbwa Jazz Center de Santa Cruz, California, el 11 de mayo de 1987. Esta impresionante actuaci\u00f3n documenta la \u00fanica gira conocida de un tr\u00edo de corta duraci\u00f3n formado por Michel Petrucciani (piano), Dave Holland (bajo) y Eliot Zigmund (bater\u00eda), tres gigantes del jazz moderno en la plenitud de su creatividad.<\/p>\n<p>Restaurada a partir de las cintas anal\u00f3gicas originales y masterizada por Matthew Lutthans en The Mastering Lab, esta edici\u00f3n de lujo se presenta en un set de 2 LP de 180 gramos con carpeta desplegable, un libreto de 16 p\u00e1ginas con fotograf\u00edas in\u00e9ditas de Christian Rose, Tom Copi y Deborah Feingold, notas de Thierry P\u00e9r\u00e9marti y reflexiones exclusivas de Alexandre Petrucciani, Eliot Zigmund, Enrico Pieranunzi y Tim Jackson (cofundador de Kuumbwa).<\/p>\n<p><strong>Tracklist<\/strong><\/p>\n<p>Side A<\/p>\n<p>1. LIMBO (Wayne Shorter) 8:20<br \/>\n2. EUGENIA (Michel Petrucciani) 11:30<br \/>\n3. MIKE P. BLUES (Michel Petrucciani) 10:35<\/p>\n<p>Side B<\/p>\n<p>1. STELLA BY STARLIGHT (Victor Young \/ Ned Washington) 8:50<br \/>\n2. THE PRAYER (Michel Petrucciani) 8:42<br \/>\n3. AUTUMN LEAVES (Joseph Kosma \/ Johnny Mercer \/ Jacques Pr\u00e9vert) 9:05<\/p>\n<p>Side C<\/p>\n<p>1. MY FUNNY VALENTINE (Richard Rodgers \/ Lorenz Hart) 8:55<br \/>\n2. ALL THE THINGS YOU ARE (Jerome Kern \/ Oscar Hammerstein II) 5:54<br \/>\n3. MORNING BLUES (Michel Petrucciani) 8:30<\/p>\n<p>Side D<\/p>\n<p>1. NARDIS (Miles Davis) 10:53<br \/>\n2. SWEET GEORGIA BROWN (Charles Lloyd) 2:50<br \/>\n3. SOMEDAY MY PRINCE WILL COME (Frank Churchill \/ Larry Morey) 10:03<\/p>","protected":false},"excerpt":{"rendered":"<p>Elemental Music &#8211; 8435395505113<\/p>\n<p>2 x LP en vinilo negro de 180 gramos, edici\u00f3n correspondiente al Record Store Day 2026<\/p>","protected":false},"featured_media":15508,"template":"","meta":[],"product_brand":[136],"product_cat":[91],"product_tag":[],"class_list":{"0":"post-15507","1":"product","2":"type-product","3":"status-publish","4":"has-post-thumbnail","6":"product_brand-varios","7":"product_cat-record-store-day","9":"first","10":"outofstock","11":"taxable","12":"shipping-taxable","13":"purchasable","14":"product-type-simple"},"yoast_head":"<!-- This site is optimized with the Yoast SEO plugin v27.3 - https:\/\/yoast.com\/product\/yoast-seo-wordpress\/ -->\n<title>Michel Petrucciani - Kuumbwa (RSD 2026) - DISCOS REDONDOS<\/title>\n<meta name=\"description\" content=\"Michel Petrucciani - Kuumbwa - Elemental Music - 84353955051132 x LP en vinilo negro de 180 gramos, edici\u00f3n correspondiente al Record Store Day 2026\" \/>\n<meta name=\"robots\" content=\"index, follow, max-snippet:-1, max-image-preview:large, max-video-preview:-1\" \/>\n<link rel=\"canonical\" href=\"https:\/\/discos-redondos.es\/ca\/producte\/michel-petrucciani-kuumbwa-rsd-2026\/\" \/>\n<meta property=\"og:locale\" content=\"ca_ES\" \/>\n<meta property=\"og:type\" content=\"article\" \/>\n<meta property=\"og:title\" content=\"Michel Petrucciani - Kuumbwa (RSD 2026) - DISCOS REDONDOS\" \/>\n<meta property=\"og:description\" content=\"Michel Petrucciani - Kuumbwa - Elemental Music - 84353955051132 x LP en vinilo negro de 180 gramos, edici\u00f3n correspondiente al Record Store Day 2026\" \/>\n<meta property=\"og:url\" content=\"https:\/\/discos-redondos.es\/ca\/producte\/michel-petrucciani-kuumbwa-rsd-2026\/\" \/>\n<meta property=\"og:site_name\" content=\"DISCOS REDONDOS\" \/>\n<meta property=\"article:publisher\" content=\"https:\/\/www.facebook.com\/discosredondos45\" \/>\n<meta property=\"og:image\" content=\"https:\/\/discos-redondos.es\/wp-content\/uploads\/2026\/04\/Michel-Petrucciani-Kuumbwa-RSD-2026.png\" \/>\n\t<meta property=\"og:image:width\" content=\"1100\" \/>\n\t<meta property=\"og:image:height\" content=\"1422\" \/>\n\t<meta property=\"og:image:type\" content=\"image\/png\" \/>\n<meta name=\"twitter:card\" content=\"summary_large_image\" \/>\n<meta name=\"twitter:label1\" content=\"Temps estimat de lectura\" \/>\n\t<meta name=\"twitter:data1\" content=\"2 minuts\" \/>\n<script type=\"application\/ld+json\" class=\"yoast-schema-graph\">{\"@context\":\"https:\\\/\\\/schema.org\",\"@graph\":[{\"@type\":\"WebPage\",\"@id\":\"https:\\\/\\\/discos-redondos.es\\\/producto\\\/michel-petrucciani-kuumbwa-rsd-2026\",\"url\":\"https:\\\/\\\/discos-redondos.es\\\/producto\\\/michel-petrucciani-kuumbwa-rsd-2026\",\"name\":\"Michel Petrucciani - Kuumbwa (RSD 2026) - DISCOS REDONDOS\",\"isPartOf\":{\"@id\":\"https:\\\/\\\/discos-redondos.es\\\/#website\"},\"primaryImageOfPage\":{\"@id\":\"https:\\\/\\\/discos-redondos.es\\\/producto\\\/michel-petrucciani-kuumbwa-rsd-2026#primaryimage\"},\"image\":{\"@id\":\"https:\\\/\\\/discos-redondos.es\\\/producto\\\/michel-petrucciani-kuumbwa-rsd-2026#primaryimage\"},\"thumbnailUrl\":\"https:\\\/\\\/discos-redondos.es\\\/wp-content\\\/uploads\\\/2026\\\/04\\\/Michel-Petrucciani-Kuumbwa-RSD-2026.png\",\"datePublished\":\"2026-04-02T09:54:58+00:00\",\"description\":\"Michel Petrucciani - Kuumbwa - Elemental Music - 84353955051132 x LP en vinilo negro de 180 gramos, edici\u00f3n correspondiente al Record Store Day 2026\",\"breadcrumb\":{\"@id\":\"https:\\\/\\\/discos-redondos.es\\\/producto\\\/michel-petrucciani-kuumbwa-rsd-2026#breadcrumb\"},\"inLanguage\":\"ca\",\"potentialAction\":[{\"@type\":\"ReadAction\",\"target\":[\"https:\\\/\\\/discos-redondos.es\\\/producto\\\/michel-petrucciani-kuumbwa-rsd-2026\"]}]},{\"@type\":\"ImageObject\",\"inLanguage\":\"ca\",\"@id\":\"https:\\\/\\\/discos-redondos.es\\\/producto\\\/michel-petrucciani-kuumbwa-rsd-2026#primaryimage\",\"url\":\"https:\\\/\\\/discos-redondos.es\\\/wp-content\\\/uploads\\\/2026\\\/04\\\/Michel-Petrucciani-Kuumbwa-RSD-2026.png\",\"contentUrl\":\"https:\\\/\\\/discos-redondos.es\\\/wp-content\\\/uploads\\\/2026\\\/04\\\/Michel-Petrucciani-Kuumbwa-RSD-2026.png\",\"width\":1100,\"height\":1422,\"caption\":\"Michel Petrucciani - Kuumbwa (RSD 2026)\"},{\"@type\":\"BreadcrumbList\",\"@id\":\"https:\\\/\\\/discos-redondos.es\\\/producto\\\/michel-petrucciani-kuumbwa-rsd-2026#breadcrumb\",\"itemListElement\":[{\"@type\":\"ListItem\",\"position\":1,\"name\":\"Portada\",\"item\":\"https:\\\/\\\/discos-redondos.es\\\/\"},{\"@type\":\"ListItem\",\"position\":2,\"name\":\"Tienda\",\"item\":\"https:\\\/\\\/discos-redondos.es\\\/?page_id=487\"},{\"@type\":\"ListItem\",\"position\":3,\"name\":\"Michel Petrucciani &#8211; Kuumbwa (RSD 2026)\"}]},{\"@type\":\"WebSite\",\"@id\":\"https:\\\/\\\/discos-redondos.es\\\/#website\",\"url\":\"https:\\\/\\\/discos-redondos.es\\\/\",\"name\":\"Discos Redondos\",\"description\":\"Tu tienda de discos en Barcelona\",\"publisher\":{\"@id\":\"https:\\\/\\\/discos-redondos.es\\\/#organization\"},\"alternateName\":\"Discos Redondos\",\"potentialAction\":[{\"@type\":\"SearchAction\",\"target\":{\"@type\":\"EntryPoint\",\"urlTemplate\":\"https:\\\/\\\/discos-redondos.es\\\/?s={search_term_string}\"},\"query-input\":{\"@type\":\"PropertyValueSpecification\",\"valueRequired\":true,\"valueName\":\"search_term_string\"}}],\"inLanguage\":\"ca\"},{\"@type\":\"Organization\",\"@id\":\"https:\\\/\\\/discos-redondos.es\\\/#organization\",\"name\":\"Discos Redondos\",\"url\":\"https:\\\/\\\/discos-redondos.es\\\/\",\"logo\":{\"@type\":\"ImageObject\",\"inLanguage\":\"ca\",\"@id\":\"https:\\\/\\\/discos-redondos.es\\\/#\\\/schema\\\/logo\\\/image\\\/\",\"url\":\"https:\\\/\\\/discos-redondos.es\\\/wp-content\\\/uploads\\\/2023\\\/04\\\/aaff-logo-raval-1-1.jpg\",\"contentUrl\":\"https:\\\/\\\/discos-redondos.es\\\/wp-content\\\/uploads\\\/2023\\\/04\\\/aaff-logo-raval-1-1.jpg\",\"width\":2362,\"height\":1441,\"caption\":\"Discos Redondos\"},\"image\":{\"@id\":\"https:\\\/\\\/discos-redondos.es\\\/#\\\/schema\\\/logo\\\/image\\\/\"},\"sameAs\":[\"https:\\\/\\\/www.facebook.com\\\/discosredondos45\",\"https:\\\/\\\/www.instagram.com\\\/discos.redondos33\\\/?hl=es\",\"https:\\\/\\\/discos-redondos.bandcamp.com\\\/\"]}]}<\/script>\n<!-- \/ Yoast SEO plugin. -->","yoast_head_json":{"title":"Michel Petrucciani - Kuumbwa (RSD 2026) - DISCOS REDONDOS","description":"Michel Petrucciani - Kuumbwa - Elemental Music - 84353955051132 x LP en vinilo negro de 180 gramos, edici\u00f3n correspondiente al Record Store Day 2026","robots":{"index":"index","follow":"follow","max-snippet":"max-snippet:-1","max-image-preview":"max-image-preview:large","max-video-preview":"max-video-preview:-1"},"canonical":"https:\/\/discos-redondos.es\/ca\/producte\/michel-petrucciani-kuumbwa-rsd-2026\/","og_locale":"ca_ES","og_type":"article","og_title":"Michel Petrucciani - Kuumbwa (RSD 2026) - DISCOS REDONDOS","og_description":"Michel Petrucciani - Kuumbwa - Elemental Music - 84353955051132 x LP en vinilo negro de 180 gramos, edici\u00f3n correspondiente al Record Store Day 2026","og_url":"https:\/\/discos-redondos.es\/ca\/producte\/michel-petrucciani-kuumbwa-rsd-2026\/","og_site_name":"DISCOS REDONDOS","article_publisher":"https:\/\/www.facebook.com\/discosredondos45","og_image":[{"width":1100,"height":1422,"url":"https:\/\/discos-redondos.es\/wp-content\/uploads\/2026\/04\/Michel-Petrucciani-Kuumbwa-RSD-2026.png","type":"image\/png"}],"twitter_card":"summary_large_image","twitter_misc":{"Temps estimat de lectura":"2 minuts"},"schema":{"@context":"https:\/\/schema.org","@graph":[{"@type":"WebPage","@id":"https:\/\/discos-redondos.es\/producto\/michel-petrucciani-kuumbwa-rsd-2026","url":"https:\/\/discos-redondos.es\/producto\/michel-petrucciani-kuumbwa-rsd-2026","name":"Michel Petrucciani - Kuumbwa (RSD 2026) - DISCOS REDONDOS","isPartOf":{"@id":"https:\/\/discos-redondos.es\/#website"},"primaryImageOfPage":{"@id":"https:\/\/discos-redondos.es\/producto\/michel-petrucciani-kuumbwa-rsd-2026#primaryimage"},"image":{"@id":"https:\/\/discos-redondos.es\/producto\/michel-petrucciani-kuumbwa-rsd-2026#primaryimage"},"thumbnailUrl":"https:\/\/discos-redondos.es\/wp-content\/uploads\/2026\/04\/Michel-Petrucciani-Kuumbwa-RSD-2026.png","datePublished":"2026-04-02T09:54:58+00:00","description":"Michel Petrucciani - Kuumbwa - Elemental Music - 84353955051132 x LP en vinilo negro de 180 gramos, edici\u00f3n correspondiente al Record Store Day 2026","breadcrumb":{"@id":"https:\/\/discos-redondos.es\/producto\/michel-petrucciani-kuumbwa-rsd-2026#breadcrumb"},"inLanguage":"ca","potentialAction":[{"@type":"ReadAction","target":["https:\/\/discos-redondos.es\/producto\/michel-petrucciani-kuumbwa-rsd-2026"]}]},{"@type":"ImageObject","inLanguage":"ca","@id":"https:\/\/discos-redondos.es\/producto\/michel-petrucciani-kuumbwa-rsd-2026#primaryimage","url":"https:\/\/discos-redondos.es\/wp-content\/uploads\/2026\/04\/Michel-Petrucciani-Kuumbwa-RSD-2026.png","contentUrl":"https:\/\/discos-redondos.es\/wp-content\/uploads\/2026\/04\/Michel-Petrucciani-Kuumbwa-RSD-2026.png","width":1100,"height":1422,"caption":"Michel Petrucciani - Kuumbwa (RSD 2026)"},{"@type":"BreadcrumbList","@id":"https:\/\/discos-redondos.es\/producto\/michel-petrucciani-kuumbwa-rsd-2026#breadcrumb","itemListElement":[{"@type":"ListItem","position":1,"name":"Portada","item":"https:\/\/discos-redondos.es\/"},{"@type":"ListItem","position":2,"name":"Tienda","item":"https:\/\/discos-redondos.es\/?page_id=487"},{"@type":"ListItem","position":3,"name":"Michel Petrucciani &#8211; Kuumbwa (RSD 2026)"}]},{"@type":"WebSite","@id":"https:\/\/discos-redondos.es\/#website","url":"https:\/\/discos-redondos.es\/","name":"Discos Redondos","description":"La teva botiga de discos a Barcelona","publisher":{"@id":"https:\/\/discos-redondos.es\/#organization"},"alternateName":"Discos Redondos","potentialAction":[{"@type":"SearchAction","target":{"@type":"EntryPoint","urlTemplate":"https:\/\/discos-redondos.es\/?s={search_term_string}"},"query-input":{"@type":"PropertyValueSpecification","valueRequired":true,"valueName":"search_term_string"}}],"inLanguage":"ca"},{"@type":"Organization","@id":"https:\/\/discos-redondos.es\/#organization","name":"Discos Redondos","url":"https:\/\/discos-redondos.es\/","logo":{"@type":"ImageObject","inLanguage":"ca","@id":"https:\/\/discos-redondos.es\/#\/schema\/logo\/image\/","url":"https:\/\/discos-redondos.es\/wp-content\/uploads\/2023\/04\/aaff-logo-raval-1-1.jpg","contentUrl":"https:\/\/discos-redondos.es\/wp-content\/uploads\/2023\/04\/aaff-logo-raval-1-1.jpg","width":2362,"height":1441,"caption":"Discos Redondos"},"image":{"@id":"https:\/\/discos-redondos.es\/#\/schema\/logo\/image\/"},"sameAs":["https:\/\/www.facebook.com\/discosredondos45","https:\/\/www.instagram.com\/discos.redondos33\/?hl=es","https:\/\/discos-redondos.bandcamp.com\/"]}]}},"jetpack_sharing_enabled":true,"_links":{"self":[{"href":"https:\/\/discos-redondos.es\/ca\/wp-json\/wp\/v2\/product\/15507","targetHints":{"allow":["GET"]}}],"collection":[{"href":"https:\/\/discos-redondos.es\/ca\/wp-json\/wp\/v2\/product"}],"about":[{"href":"https:\/\/discos-redondos.es\/ca\/wp-json\/wp\/v2\/types\/product"}],"wp:featuredmedia":[{"embeddable":true,"href":"https:\/\/discos-redondos.es\/ca\/wp-json\/wp\/v2\/media\/15508"}],"wp:attachment":[{"href":"https:\/\/discos-redondos.es\/ca\/wp-json\/wp\/v2\/media?parent=15507"}],"wp:term":[{"taxonomy":"product_brand","embeddable":true,"href":"https:\/\/discos-redondos.es\/ca\/wp-json\/wp\/v2\/product_brand?post=15507"},{"taxonomy":"product_cat","embeddable":true,"href":"https:\/\/discos-redondos.es\/ca\/wp-json\/wp\/v2\/product_cat?post=15507"},{"taxonomy":"product_tag","embeddable":true,"href":"https:\/\/discos-redondos.es\/ca\/wp-json\/wp\/v2\/product_tag?post=15507"}],"curies":[{"name":"wp","href":"https:\/\/api.w.org\/{rel}","templated":true}]}}