{"id":15509,"date":"2026-04-02T10:01:40","date_gmt":"2026-04-02T10:01:40","guid":{"rendered":"https:\/\/discos-redondos.es\/?post_type=product&#038;p=15509"},"modified":"2026-04-02T10:05:20","modified_gmt":"2026-04-02T10:05:20","slug":"ahmad-jamal-at-the-jazz-showcase-rsd-2026","status":"publish","type":"product","link":"https:\/\/discos-redondos.es\/ca\/producte\/ahmad-jamal-at-the-jazz-showcase-rsd-2026","title":{"rendered":"Ahmad Jamal &#8211; At The Jazz Showcase (RSD 2026)"},"content":{"rendered":"<p><strong>Ahmad Jamal &#8211; At The Jazz Showcase: Live In Chicago (RSD 2026)<\/strong><\/p>\n<p>\u00abAt the Jazz Showcase\u00bb es el primer lanzamiento del tr\u00edo del legendario pianista Ahmad Jamal, con el bajista John Heard y el baterista Frank Gant, quien lo acompa\u00f1\u00f3 durante muchos a\u00f1os. La grabaci\u00f3n se realiz\u00f3 en vivo en el Joe Segal&#8217;s Jazz Showcase de Chicago, Illinois, los d\u00edas 20 y 21 de marzo de 1976.<\/p>\n<p>Este set de 2 LP de edici\u00f3n limitada de 180 gramos fue masterizado a partir de las cintas originales por el ingeniero Matthew Lutthans en The Mastering Lab de Salina, Kansas, y prensado en Le Vinylist, una planta de prensado audi\u00f3filo de Quebec. La edici\u00f3n de lujo incluye notas de presentaci\u00f3n especialmente seleccionadas por el experto en Jamal, Eugene Holley Jr., adem\u00e1s de entrevistas con el rapero, DJ y productor Pete Rock, Wayne Segal (hijo de Joe Segal) y otros.<\/p>\n<p><strong>Tracklist<\/strong><\/p>\n<p>A1 &#8211; Ahmad\u2019s Song (15:00)<br \/>\nA2 &#8211; Wave (13:40)<br \/>\nB1 &#8211; Have You Met Miss Jones (9:37)<br \/>\nB2 &#8211; Theme from M*A*S*H (11:49)<br \/>\nC1 &#8211; Dolphin Dance (9:59)<br \/>\nC2 &#8211; Prelude To A Kiss (9:28)<br \/>\nC3 &#8211; A Time for Love (8:27)<br \/>\nD1 &#8211; Swahililand (21:19)<br \/>\nD2 &#8211; A Nightingale Sang in Berkeley Square (3:11)<\/p>","protected":false},"excerpt":{"rendered":"<p>Resonance Records &#8211; 780518324606<\/p>\n<p>2 x LP, edici\u00f3n correspondiente al Record Store Day 2026<\/p>","protected":false},"featured_media":15510,"template":"","meta":[],"product_brand":[136],"product_cat":[91],"product_tag":[],"class_list":{"0":"post-15509","1":"product","2":"type-product","3":"status-publish","4":"has-post-thumbnail","6":"product_brand-varios","7":"product_cat-record-store-day","9":"first","10":"outofstock","11":"taxable","12":"shipping-taxable","13":"purchasable","14":"product-type-simple"},"yoast_head":"<!-- This site is optimized with the Yoast SEO plugin v27.3 - https:\/\/yoast.com\/product\/yoast-seo-wordpress\/ -->\n<title>Ahmad Jamal - At The Jazz Showcase (RSD 2026) - DISCOS REDONDOS<\/title>\n<meta name=\"description\" content=\"Ahmad Jamal - At The Jazz Showcase (RSD 2026) Resonance Records - 780518324606 2 x LP, edici\u00f3n correspondiente al Record Store Day 2026\" \/>\n<meta name=\"robots\" content=\"index, follow, max-snippet:-1, max-image-preview:large, max-video-preview:-1\" \/>\n<link rel=\"canonical\" href=\"https:\/\/discos-redondos.es\/ca\/producte\/ahmad-jamal-at-the-jazz-showcase-rsd-2026\/\" \/>\n<meta property=\"og:locale\" content=\"ca_ES\" \/>\n<meta property=\"og:type\" content=\"article\" \/>\n<meta property=\"og:title\" content=\"Ahmad Jamal - At The Jazz Showcase (RSD 2026) - DISCOS REDONDOS\" \/>\n<meta property=\"og:description\" content=\"Ahmad Jamal - At The Jazz Showcase (RSD 2026) Resonance Records - 780518324606 2 x LP, edici\u00f3n correspondiente al Record Store Day 2026\" \/>\n<meta property=\"og:url\" content=\"https:\/\/discos-redondos.es\/ca\/producte\/ahmad-jamal-at-the-jazz-showcase-rsd-2026\/\" \/>\n<meta property=\"og:site_name\" content=\"DISCOS REDONDOS\" \/>\n<meta property=\"article:publisher\" content=\"https:\/\/www.facebook.com\/discosredondos45\" \/>\n<meta property=\"article:modified_time\" content=\"2026-04-02T10:05:20+00:00\" \/>\n<meta property=\"og:image\" content=\"https:\/\/discos-redondos.es\/wp-content\/uploads\/2026\/04\/Ahmad-Jamal-At-The-Jazz-Showcase-RSD-2026.jpg\" \/>\n\t<meta property=\"og:image:width\" content=\"500\" \/>\n\t<meta property=\"og:image:height\" content=\"500\" \/>\n\t<meta property=\"og:image:type\" content=\"image\/jpeg\" \/>\n<meta name=\"twitter:card\" content=\"summary_large_image\" \/>\n<meta name=\"twitter:label1\" content=\"Temps estimat de lectura\" \/>\n\t<meta name=\"twitter:data1\" content=\"2 minuts\" \/>\n<script type=\"application\/ld+json\" class=\"yoast-schema-graph\">{\"@context\":\"https:\\\/\\\/schema.org\",\"@graph\":[{\"@type\":\"WebPage\",\"@id\":\"https:\\\/\\\/discos-redondos.es\\\/producto\\\/ahmad-jamal-at-the-jazz-showcase-rsd-2026\",\"url\":\"https:\\\/\\\/discos-redondos.es\\\/producto\\\/ahmad-jamal-at-the-jazz-showcase-rsd-2026\",\"name\":\"Ahmad Jamal - At The Jazz Showcase (RSD 2026) - DISCOS REDONDOS\",\"isPartOf\":{\"@id\":\"https:\\\/\\\/discos-redondos.es\\\/#website\"},\"primaryImageOfPage\":{\"@id\":\"https:\\\/\\\/discos-redondos.es\\\/producto\\\/ahmad-jamal-at-the-jazz-showcase-rsd-2026#primaryimage\"},\"image\":{\"@id\":\"https:\\\/\\\/discos-redondos.es\\\/producto\\\/ahmad-jamal-at-the-jazz-showcase-rsd-2026#primaryimage\"},\"thumbnailUrl\":\"https:\\\/\\\/discos-redondos.es\\\/wp-content\\\/uploads\\\/2026\\\/04\\\/Ahmad-Jamal-At-The-Jazz-Showcase-RSD-2026.jpg\",\"datePublished\":\"2026-04-02T10:01:40+00:00\",\"dateModified\":\"2026-04-02T10:05:20+00:00\",\"description\":\"Ahmad Jamal - At The Jazz Showcase (RSD 2026) Resonance Records - 780518324606 2 x LP, edici\u00f3n correspondiente al Record Store Day 2026\",\"breadcrumb\":{\"@id\":\"https:\\\/\\\/discos-redondos.es\\\/producto\\\/ahmad-jamal-at-the-jazz-showcase-rsd-2026#breadcrumb\"},\"inLanguage\":\"ca\",\"potentialAction\":[{\"@type\":\"ReadAction\",\"target\":[\"https:\\\/\\\/discos-redondos.es\\\/producto\\\/ahmad-jamal-at-the-jazz-showcase-rsd-2026\"]}]},{\"@type\":\"ImageObject\",\"inLanguage\":\"ca\",\"@id\":\"https:\\\/\\\/discos-redondos.es\\\/producto\\\/ahmad-jamal-at-the-jazz-showcase-rsd-2026#primaryimage\",\"url\":\"https:\\\/\\\/discos-redondos.es\\\/wp-content\\\/uploads\\\/2026\\\/04\\\/Ahmad-Jamal-At-The-Jazz-Showcase-RSD-2026.jpg\",\"contentUrl\":\"https:\\\/\\\/discos-redondos.es\\\/wp-content\\\/uploads\\\/2026\\\/04\\\/Ahmad-Jamal-At-The-Jazz-Showcase-RSD-2026.jpg\",\"width\":500,\"height\":500,\"caption\":\"Ahmad Jamal - At The Jazz Showcase (RSD 2026)\"},{\"@type\":\"BreadcrumbList\",\"@id\":\"https:\\\/\\\/discos-redondos.es\\\/producto\\\/ahmad-jamal-at-the-jazz-showcase-rsd-2026#breadcrumb\",\"itemListElement\":[{\"@type\":\"ListItem\",\"position\":1,\"name\":\"Portada\",\"item\":\"https:\\\/\\\/discos-redondos.es\\\/\"},{\"@type\":\"ListItem\",\"position\":2,\"name\":\"Tienda\",\"item\":\"https:\\\/\\\/discos-redondos.es\\\/?page_id=487\"},{\"@type\":\"ListItem\",\"position\":3,\"name\":\"Ahmad Jamal &#8211; At The Jazz Showcase (RSD 2026)\"}]},{\"@type\":\"WebSite\",\"@id\":\"https:\\\/\\\/discos-redondos.es\\\/#website\",\"url\":\"https:\\\/\\\/discos-redondos.es\\\/\",\"name\":\"Discos Redondos\",\"description\":\"Tu tienda de discos en Barcelona\",\"publisher\":{\"@id\":\"https:\\\/\\\/discos-redondos.es\\\/#organization\"},\"alternateName\":\"Discos Redondos\",\"potentialAction\":[{\"@type\":\"SearchAction\",\"target\":{\"@type\":\"EntryPoint\",\"urlTemplate\":\"https:\\\/\\\/discos-redondos.es\\\/?s={search_term_string}\"},\"query-input\":{\"@type\":\"PropertyValueSpecification\",\"valueRequired\":true,\"valueName\":\"search_term_string\"}}],\"inLanguage\":\"ca\"},{\"@type\":\"Organization\",\"@id\":\"https:\\\/\\\/discos-redondos.es\\\/#organization\",\"name\":\"Discos Redondos\",\"url\":\"https:\\\/\\\/discos-redondos.es\\\/\",\"logo\":{\"@type\":\"ImageObject\",\"inLanguage\":\"ca\",\"@id\":\"https:\\\/\\\/discos-redondos.es\\\/#\\\/schema\\\/logo\\\/image\\\/\",\"url\":\"https:\\\/\\\/discos-redondos.es\\\/wp-content\\\/uploads\\\/2023\\\/04\\\/aaff-logo-raval-1-1.jpg\",\"contentUrl\":\"https:\\\/\\\/discos-redondos.es\\\/wp-content\\\/uploads\\\/2023\\\/04\\\/aaff-logo-raval-1-1.jpg\",\"width\":2362,\"height\":1441,\"caption\":\"Discos Redondos\"},\"image\":{\"@id\":\"https:\\\/\\\/discos-redondos.es\\\/#\\\/schema\\\/logo\\\/image\\\/\"},\"sameAs\":[\"https:\\\/\\\/www.facebook.com\\\/discosredondos45\",\"https:\\\/\\\/www.instagram.com\\\/discos.redondos33\\\/?hl=es\",\"https:\\\/\\\/discos-redondos.bandcamp.com\\\/\"]}]}<\/script>\n<!-- \/ Yoast SEO plugin. -->","yoast_head_json":{"title":"Ahmad Jamal - At The Jazz Showcase (RSD 2026) - DISCOS REDONDOS","description":"Ahmad Jamal - At The Jazz Showcase (RSD 2026) Resonance Records - 780518324606 2 x LP, edici\u00f3n correspondiente al Record Store Day 2026","robots":{"index":"index","follow":"follow","max-snippet":"max-snippet:-1","max-image-preview":"max-image-preview:large","max-video-preview":"max-video-preview:-1"},"canonical":"https:\/\/discos-redondos.es\/ca\/producte\/ahmad-jamal-at-the-jazz-showcase-rsd-2026\/","og_locale":"ca_ES","og_type":"article","og_title":"Ahmad Jamal - At The Jazz Showcase (RSD 2026) - DISCOS REDONDOS","og_description":"Ahmad Jamal - At The Jazz Showcase (RSD 2026) Resonance Records - 780518324606 2 x LP, edici\u00f3n correspondiente al Record Store Day 2026","og_url":"https:\/\/discos-redondos.es\/ca\/producte\/ahmad-jamal-at-the-jazz-showcase-rsd-2026\/","og_site_name":"DISCOS REDONDOS","article_publisher":"https:\/\/www.facebook.com\/discosredondos45","article_modified_time":"2026-04-02T10:05:20+00:00","og_image":[{"width":500,"height":500,"url":"https:\/\/discos-redondos.es\/wp-content\/uploads\/2026\/04\/Ahmad-Jamal-At-The-Jazz-Showcase-RSD-2026.jpg","type":"image\/jpeg"}],"twitter_card":"summary_large_image","twitter_misc":{"Temps estimat de lectura":"2 minuts"},"schema":{"@context":"https:\/\/schema.org","@graph":[{"@type":"WebPage","@id":"https:\/\/discos-redondos.es\/producto\/ahmad-jamal-at-the-jazz-showcase-rsd-2026","url":"https:\/\/discos-redondos.es\/producto\/ahmad-jamal-at-the-jazz-showcase-rsd-2026","name":"Ahmad Jamal - At The Jazz Showcase (RSD 2026) - DISCOS REDONDOS","isPartOf":{"@id":"https:\/\/discos-redondos.es\/#website"},"primaryImageOfPage":{"@id":"https:\/\/discos-redondos.es\/producto\/ahmad-jamal-at-the-jazz-showcase-rsd-2026#primaryimage"},"image":{"@id":"https:\/\/discos-redondos.es\/producto\/ahmad-jamal-at-the-jazz-showcase-rsd-2026#primaryimage"},"thumbnailUrl":"https:\/\/discos-redondos.es\/wp-content\/uploads\/2026\/04\/Ahmad-Jamal-At-The-Jazz-Showcase-RSD-2026.jpg","datePublished":"2026-04-02T10:01:40+00:00","dateModified":"2026-04-02T10:05:20+00:00","description":"Ahmad Jamal - At The Jazz Showcase (RSD 2026) Resonance Records - 780518324606 2 x LP, edici\u00f3n correspondiente al Record Store Day 2026","breadcrumb":{"@id":"https:\/\/discos-redondos.es\/producto\/ahmad-jamal-at-the-jazz-showcase-rsd-2026#breadcrumb"},"inLanguage":"ca","potentialAction":[{"@type":"ReadAction","target":["https:\/\/discos-redondos.es\/producto\/ahmad-jamal-at-the-jazz-showcase-rsd-2026"]}]},{"@type":"ImageObject","inLanguage":"ca","@id":"https:\/\/discos-redondos.es\/producto\/ahmad-jamal-at-the-jazz-showcase-rsd-2026#primaryimage","url":"https:\/\/discos-redondos.es\/wp-content\/uploads\/2026\/04\/Ahmad-Jamal-At-The-Jazz-Showcase-RSD-2026.jpg","contentUrl":"https:\/\/discos-redondos.es\/wp-content\/uploads\/2026\/04\/Ahmad-Jamal-At-The-Jazz-Showcase-RSD-2026.jpg","width":500,"height":500,"caption":"Ahmad Jamal - At The Jazz Showcase (RSD 2026)"},{"@type":"BreadcrumbList","@id":"https:\/\/discos-redondos.es\/producto\/ahmad-jamal-at-the-jazz-showcase-rsd-2026#breadcrumb","itemListElement":[{"@type":"ListItem","position":1,"name":"Portada","item":"https:\/\/discos-redondos.es\/"},{"@type":"ListItem","position":2,"name":"Tienda","item":"https:\/\/discos-redondos.es\/?page_id=487"},{"@type":"ListItem","position":3,"name":"Ahmad Jamal &#8211; At The Jazz Showcase (RSD 2026)"}]},{"@type":"WebSite","@id":"https:\/\/discos-redondos.es\/#website","url":"https:\/\/discos-redondos.es\/","name":"Discos Redondos","description":"La teva botiga de discos a Barcelona","publisher":{"@id":"https:\/\/discos-redondos.es\/#organization"},"alternateName":"Discos Redondos","potentialAction":[{"@type":"SearchAction","target":{"@type":"EntryPoint","urlTemplate":"https:\/\/discos-redondos.es\/?s={search_term_string}"},"query-input":{"@type":"PropertyValueSpecification","valueRequired":true,"valueName":"search_term_string"}}],"inLanguage":"ca"},{"@type":"Organization","@id":"https:\/\/discos-redondos.es\/#organization","name":"Discos Redondos","url":"https:\/\/discos-redondos.es\/","logo":{"@type":"ImageObject","inLanguage":"ca","@id":"https:\/\/discos-redondos.es\/#\/schema\/logo\/image\/","url":"https:\/\/discos-redondos.es\/wp-content\/uploads\/2023\/04\/aaff-logo-raval-1-1.jpg","contentUrl":"https:\/\/discos-redondos.es\/wp-content\/uploads\/2023\/04\/aaff-logo-raval-1-1.jpg","width":2362,"height":1441,"caption":"Discos Redondos"},"image":{"@id":"https:\/\/discos-redondos.es\/#\/schema\/logo\/image\/"},"sameAs":["https:\/\/www.facebook.com\/discosredondos45","https:\/\/www.instagram.com\/discos.redondos33\/?hl=es","https:\/\/discos-redondos.bandcamp.com\/"]}]}},"jetpack_sharing_enabled":true,"_links":{"self":[{"href":"https:\/\/discos-redondos.es\/ca\/wp-json\/wp\/v2\/product\/15509","targetHints":{"allow":["GET"]}}],"collection":[{"href":"https:\/\/discos-redondos.es\/ca\/wp-json\/wp\/v2\/product"}],"about":[{"href":"https:\/\/discos-redondos.es\/ca\/wp-json\/wp\/v2\/types\/product"}],"wp:featuredmedia":[{"embeddable":true,"href":"https:\/\/discos-redondos.es\/ca\/wp-json\/wp\/v2\/media\/15510"}],"wp:attachment":[{"href":"https:\/\/discos-redondos.es\/ca\/wp-json\/wp\/v2\/media?parent=15509"}],"wp:term":[{"taxonomy":"product_brand","embeddable":true,"href":"https:\/\/discos-redondos.es\/ca\/wp-json\/wp\/v2\/product_brand?post=15509"},{"taxonomy":"product_cat","embeddable":true,"href":"https:\/\/discos-redondos.es\/ca\/wp-json\/wp\/v2\/product_cat?post=15509"},{"taxonomy":"product_tag","embeddable":true,"href":"https:\/\/discos-redondos.es\/ca\/wp-json\/wp\/v2\/product_tag?post=15509"}],"curies":[{"name":"wp","href":"https:\/\/api.w.org\/{rel}","templated":true}]}}