{"id":15597,"date":"2026-04-15T15:45:50","date_gmt":"2026-04-15T15:45:50","guid":{"rendered":"https:\/\/discos-redondos.es\/?post_type=product&#038;p=15597"},"modified":"2026-04-15T15:45:50","modified_gmt":"2026-04-15T15:45:50","slug":"the-cure-acoustic-hits-rsd-2026","status":"publish","type":"product","link":"https:\/\/discos-redondos.es\/ca\/producte\/the-cure-acoustic-hits-rsd-2026","title":{"rendered":"The Cure &#8211; Acoustic Hits (RSD 2026)"},"content":{"rendered":"<p><strong>The Cure &#8211; Acoustic Hits (RSD 2026)<\/strong><\/p>\n<p>Acoustic Hits, el complemento de la colecci\u00f3n Greatest Hits de 2001. Grabado en los Olympic Studios de Londres en agosto de 2001. La colecci\u00f3n, remasterizada por Robert Smith, incluye versiones ac\u00fasticas de las 18 canciones de Greatest Hits, como \u00abBoys Don\u2019t Cry\u00bb, \u00abA Forest\u00bb, \u00abJust Like Heaven\u00bb y \u00abFriday I\u2019m In Love\u00bb. Disponible por primera vez en vinilo plateado de doble LP.<\/p>\n<p>Tracklist<br \/>\nA1. Boys Don&#8217;t Cry<br \/>\nA2. A Forest<br \/>\nA3. Let&#8217;s Go To Bed<br \/>\nA4. The Walk<br \/>\nA5. The Lovecats<br \/>\nB1. Inbetween Days<br \/>\nB2. Close To Me<br \/>\nB3. Why Can&#8217;t I Be You?<br \/>\nB4. Just Like Heaven<br \/>\nB5. Lullaby<br \/>\nC1. Lovesong<br \/>\nC2. Never Enough<br \/>\nC3. High<br \/>\nC4. Friday I&#8217;m In Love<br \/>\nD1. Mint Car<br \/>\nD2. Wrong Number<br \/>\nD3. Cut Here<br \/>\nD4. Just Say Yes<\/p>","protected":false},"excerpt":{"rendered":"<p>Rhino Records &#8211; 0602488319485<\/p>\n<p>2 x LP edici\u00f3n perteneciente al Record Store Day 2026<\/p>","protected":false},"featured_media":15598,"template":"","meta":[],"product_brand":[230],"product_cat":[91],"product_tag":[],"class_list":{"0":"post-15597","1":"product","2":"type-product","3":"status-publish","4":"has-post-thumbnail","6":"product_brand-rhino-records","7":"product_cat-record-store-day","9":"first","10":"outofstock","11":"taxable","12":"shipping-taxable","13":"purchasable","14":"product-type-simple"},"yoast_head":"<!-- This site is optimized with the Yoast SEO plugin v27.4 - https:\/\/yoast.com\/product\/yoast-seo-wordpress\/ -->\n<title>The Cure - Acoustic Hits (RSD 2026) - DISCOS REDONDOS<\/title>\n<meta name=\"description\" content=\"The Cure - Acoustic Hits (RSD 2026) Rhino Records - 0602488319485 2 x LP edici\u00f3n perteneciente al Record Store Day 2026\" \/>\n<meta name=\"robots\" content=\"index, follow, max-snippet:-1, max-image-preview:large, max-video-preview:-1\" \/>\n<link rel=\"canonical\" href=\"https:\/\/discos-redondos.es\/ca\/producte\/the-cure-acoustic-hits-rsd-2026\/\" \/>\n<meta property=\"og:locale\" content=\"ca_ES\" \/>\n<meta property=\"og:type\" content=\"article\" \/>\n<meta property=\"og:title\" content=\"The Cure - Acoustic Hits (RSD 2026) - DISCOS REDONDOS\" \/>\n<meta property=\"og:description\" content=\"The Cure - Acoustic Hits (RSD 2026) Rhino Records - 0602488319485 2 x LP edici\u00f3n perteneciente al Record Store Day 2026\" \/>\n<meta property=\"og:url\" content=\"https:\/\/discos-redondos.es\/ca\/producte\/the-cure-acoustic-hits-rsd-2026\/\" \/>\n<meta property=\"og:site_name\" content=\"DISCOS REDONDOS\" \/>\n<meta property=\"article:publisher\" content=\"https:\/\/www.facebook.com\/discosredondos45\" \/>\n<meta property=\"og:image\" content=\"https:\/\/discos-redondos.es\/wp-content\/uploads\/2026\/04\/The-Cure-Acoustic-Hits-RSD-2026.webp\" \/>\n\t<meta property=\"og:image:width\" content=\"800\" \/>\n\t<meta property=\"og:image:height\" content=\"800\" \/>\n\t<meta property=\"og:image:type\" content=\"image\/webp\" \/>\n<meta name=\"twitter:card\" content=\"summary_large_image\" \/>\n<meta name=\"twitter:label1\" content=\"Temps estimat de lectura\" \/>\n\t<meta name=\"twitter:data1\" content=\"1 minut\" \/>\n<script type=\"application\/ld+json\" class=\"yoast-schema-graph\">{\"@context\":\"https:\\\/\\\/schema.org\",\"@graph\":[{\"@type\":\"WebPage\",\"@id\":\"https:\\\/\\\/discos-redondos.es\\\/producto\\\/the-cure-acoustic-hits-rsd-2026\",\"url\":\"https:\\\/\\\/discos-redondos.es\\\/producto\\\/the-cure-acoustic-hits-rsd-2026\",\"name\":\"The Cure - Acoustic Hits (RSD 2026) - DISCOS REDONDOS\",\"isPartOf\":{\"@id\":\"https:\\\/\\\/discos-redondos.es\\\/#website\"},\"primaryImageOfPage\":{\"@id\":\"https:\\\/\\\/discos-redondos.es\\\/producto\\\/the-cure-acoustic-hits-rsd-2026#primaryimage\"},\"image\":{\"@id\":\"https:\\\/\\\/discos-redondos.es\\\/producto\\\/the-cure-acoustic-hits-rsd-2026#primaryimage\"},\"thumbnailUrl\":\"https:\\\/\\\/discos-redondos.es\\\/wp-content\\\/uploads\\\/2026\\\/04\\\/The-Cure-Acoustic-Hits-RSD-2026.webp\",\"datePublished\":\"2026-04-15T15:45:50+00:00\",\"description\":\"The Cure - Acoustic Hits (RSD 2026) Rhino Records - 0602488319485 2 x LP edici\u00f3n perteneciente al Record Store Day 2026\",\"breadcrumb\":{\"@id\":\"https:\\\/\\\/discos-redondos.es\\\/producto\\\/the-cure-acoustic-hits-rsd-2026#breadcrumb\"},\"inLanguage\":\"ca\",\"potentialAction\":[{\"@type\":\"ReadAction\",\"target\":[\"https:\\\/\\\/discos-redondos.es\\\/producto\\\/the-cure-acoustic-hits-rsd-2026\"]}]},{\"@type\":\"ImageObject\",\"inLanguage\":\"ca\",\"@id\":\"https:\\\/\\\/discos-redondos.es\\\/producto\\\/the-cure-acoustic-hits-rsd-2026#primaryimage\",\"url\":\"https:\\\/\\\/discos-redondos.es\\\/wp-content\\\/uploads\\\/2026\\\/04\\\/The-Cure-Acoustic-Hits-RSD-2026.webp\",\"contentUrl\":\"https:\\\/\\\/discos-redondos.es\\\/wp-content\\\/uploads\\\/2026\\\/04\\\/The-Cure-Acoustic-Hits-RSD-2026.webp\",\"width\":800,\"height\":800,\"caption\":\"The Cure - Acoustic Hits (RSD 2026)\"},{\"@type\":\"BreadcrumbList\",\"@id\":\"https:\\\/\\\/discos-redondos.es\\\/producto\\\/the-cure-acoustic-hits-rsd-2026#breadcrumb\",\"itemListElement\":[{\"@type\":\"ListItem\",\"position\":1,\"name\":\"Portada\",\"item\":\"https:\\\/\\\/discos-redondos.es\\\/\"},{\"@type\":\"ListItem\",\"position\":2,\"name\":\"Tienda\",\"item\":\"https:\\\/\\\/discos-redondos.es\\\/?page_id=487\"},{\"@type\":\"ListItem\",\"position\":3,\"name\":\"The Cure &#8211; Acoustic Hits (RSD 2026)\"}]},{\"@type\":\"WebSite\",\"@id\":\"https:\\\/\\\/discos-redondos.es\\\/#website\",\"url\":\"https:\\\/\\\/discos-redondos.es\\\/\",\"name\":\"Discos Redondos\",\"description\":\"Tu tienda de discos en Barcelona\",\"publisher\":{\"@id\":\"https:\\\/\\\/discos-redondos.es\\\/#organization\"},\"alternateName\":\"Discos Redondos\",\"potentialAction\":[{\"@type\":\"SearchAction\",\"target\":{\"@type\":\"EntryPoint\",\"urlTemplate\":\"https:\\\/\\\/discos-redondos.es\\\/?s={search_term_string}\"},\"query-input\":{\"@type\":\"PropertyValueSpecification\",\"valueRequired\":true,\"valueName\":\"search_term_string\"}}],\"inLanguage\":\"ca\"},{\"@type\":\"Organization\",\"@id\":\"https:\\\/\\\/discos-redondos.es\\\/#organization\",\"name\":\"Discos Redondos\",\"url\":\"https:\\\/\\\/discos-redondos.es\\\/\",\"logo\":{\"@type\":\"ImageObject\",\"inLanguage\":\"ca\",\"@id\":\"https:\\\/\\\/discos-redondos.es\\\/#\\\/schema\\\/logo\\\/image\\\/\",\"url\":\"https:\\\/\\\/discos-redondos.es\\\/wp-content\\\/uploads\\\/2023\\\/04\\\/aaff-logo-raval-1-1.jpg\",\"contentUrl\":\"https:\\\/\\\/discos-redondos.es\\\/wp-content\\\/uploads\\\/2023\\\/04\\\/aaff-logo-raval-1-1.jpg\",\"width\":2362,\"height\":1441,\"caption\":\"Discos Redondos\"},\"image\":{\"@id\":\"https:\\\/\\\/discos-redondos.es\\\/#\\\/schema\\\/logo\\\/image\\\/\"},\"sameAs\":[\"https:\\\/\\\/www.facebook.com\\\/discosredondos45\",\"https:\\\/\\\/www.instagram.com\\\/discos.redondos33\\\/?hl=es\",\"https:\\\/\\\/discos-redondos.bandcamp.com\\\/\"]}]}<\/script>\n<!-- \/ Yoast SEO plugin. -->","yoast_head_json":{"title":"The Cure - Acoustic Hits (RSD 2026) - DISCOS REDONDOS","description":"The Cure - Acoustic Hits (RSD 2026) Rhino Records - 0602488319485 2 x LP edici\u00f3n perteneciente al Record Store Day 2026","robots":{"index":"index","follow":"follow","max-snippet":"max-snippet:-1","max-image-preview":"max-image-preview:large","max-video-preview":"max-video-preview:-1"},"canonical":"https:\/\/discos-redondos.es\/ca\/producte\/the-cure-acoustic-hits-rsd-2026\/","og_locale":"ca_ES","og_type":"article","og_title":"The Cure - Acoustic Hits (RSD 2026) - DISCOS REDONDOS","og_description":"The Cure - Acoustic Hits (RSD 2026) Rhino Records - 0602488319485 2 x LP edici\u00f3n perteneciente al Record Store Day 2026","og_url":"https:\/\/discos-redondos.es\/ca\/producte\/the-cure-acoustic-hits-rsd-2026\/","og_site_name":"DISCOS REDONDOS","article_publisher":"https:\/\/www.facebook.com\/discosredondos45","og_image":[{"width":800,"height":800,"url":"https:\/\/discos-redondos.es\/wp-content\/uploads\/2026\/04\/The-Cure-Acoustic-Hits-RSD-2026.webp","type":"image\/webp"}],"twitter_card":"summary_large_image","twitter_misc":{"Temps estimat de lectura":"1 minut"},"schema":{"@context":"https:\/\/schema.org","@graph":[{"@type":"WebPage","@id":"https:\/\/discos-redondos.es\/producto\/the-cure-acoustic-hits-rsd-2026","url":"https:\/\/discos-redondos.es\/producto\/the-cure-acoustic-hits-rsd-2026","name":"The Cure - Acoustic Hits (RSD 2026) - DISCOS REDONDOS","isPartOf":{"@id":"https:\/\/discos-redondos.es\/#website"},"primaryImageOfPage":{"@id":"https:\/\/discos-redondos.es\/producto\/the-cure-acoustic-hits-rsd-2026#primaryimage"},"image":{"@id":"https:\/\/discos-redondos.es\/producto\/the-cure-acoustic-hits-rsd-2026#primaryimage"},"thumbnailUrl":"https:\/\/discos-redondos.es\/wp-content\/uploads\/2026\/04\/The-Cure-Acoustic-Hits-RSD-2026.webp","datePublished":"2026-04-15T15:45:50+00:00","description":"The Cure - Acoustic Hits (RSD 2026) Rhino Records - 0602488319485 2 x LP edici\u00f3n perteneciente al Record Store Day 2026","breadcrumb":{"@id":"https:\/\/discos-redondos.es\/producto\/the-cure-acoustic-hits-rsd-2026#breadcrumb"},"inLanguage":"ca","potentialAction":[{"@type":"ReadAction","target":["https:\/\/discos-redondos.es\/producto\/the-cure-acoustic-hits-rsd-2026"]}]},{"@type":"ImageObject","inLanguage":"ca","@id":"https:\/\/discos-redondos.es\/producto\/the-cure-acoustic-hits-rsd-2026#primaryimage","url":"https:\/\/discos-redondos.es\/wp-content\/uploads\/2026\/04\/The-Cure-Acoustic-Hits-RSD-2026.webp","contentUrl":"https:\/\/discos-redondos.es\/wp-content\/uploads\/2026\/04\/The-Cure-Acoustic-Hits-RSD-2026.webp","width":800,"height":800,"caption":"The Cure - Acoustic Hits (RSD 2026)"},{"@type":"BreadcrumbList","@id":"https:\/\/discos-redondos.es\/producto\/the-cure-acoustic-hits-rsd-2026#breadcrumb","itemListElement":[{"@type":"ListItem","position":1,"name":"Portada","item":"https:\/\/discos-redondos.es\/"},{"@type":"ListItem","position":2,"name":"Tienda","item":"https:\/\/discos-redondos.es\/?page_id=487"},{"@type":"ListItem","position":3,"name":"The Cure &#8211; Acoustic Hits (RSD 2026)"}]},{"@type":"WebSite","@id":"https:\/\/discos-redondos.es\/#website","url":"https:\/\/discos-redondos.es\/","name":"Discos Redondos","description":"La teva botiga de discos a Barcelona","publisher":{"@id":"https:\/\/discos-redondos.es\/#organization"},"alternateName":"Discos Redondos","potentialAction":[{"@type":"SearchAction","target":{"@type":"EntryPoint","urlTemplate":"https:\/\/discos-redondos.es\/?s={search_term_string}"},"query-input":{"@type":"PropertyValueSpecification","valueRequired":true,"valueName":"search_term_string"}}],"inLanguage":"ca"},{"@type":"Organization","@id":"https:\/\/discos-redondos.es\/#organization","name":"Discos Redondos","url":"https:\/\/discos-redondos.es\/","logo":{"@type":"ImageObject","inLanguage":"ca","@id":"https:\/\/discos-redondos.es\/#\/schema\/logo\/image\/","url":"https:\/\/discos-redondos.es\/wp-content\/uploads\/2023\/04\/aaff-logo-raval-1-1.jpg","contentUrl":"https:\/\/discos-redondos.es\/wp-content\/uploads\/2023\/04\/aaff-logo-raval-1-1.jpg","width":2362,"height":1441,"caption":"Discos Redondos"},"image":{"@id":"https:\/\/discos-redondos.es\/#\/schema\/logo\/image\/"},"sameAs":["https:\/\/www.facebook.com\/discosredondos45","https:\/\/www.instagram.com\/discos.redondos33\/?hl=es","https:\/\/discos-redondos.bandcamp.com\/"]}]}},"_links":{"self":[{"href":"https:\/\/discos-redondos.es\/ca\/wp-json\/wp\/v2\/product\/15597","targetHints":{"allow":["GET"]}}],"collection":[{"href":"https:\/\/discos-redondos.es\/ca\/wp-json\/wp\/v2\/product"}],"about":[{"href":"https:\/\/discos-redondos.es\/ca\/wp-json\/wp\/v2\/types\/product"}],"wp:featuredmedia":[{"embeddable":true,"href":"https:\/\/discos-redondos.es\/ca\/wp-json\/wp\/v2\/media\/15598"}],"wp:attachment":[{"href":"https:\/\/discos-redondos.es\/ca\/wp-json\/wp\/v2\/media?parent=15597"}],"wp:term":[{"taxonomy":"product_brand","embeddable":true,"href":"https:\/\/discos-redondos.es\/ca\/wp-json\/wp\/v2\/product_brand?post=15597"},{"taxonomy":"product_cat","embeddable":true,"href":"https:\/\/discos-redondos.es\/ca\/wp-json\/wp\/v2\/product_cat?post=15597"},{"taxonomy":"product_tag","embeddable":true,"href":"https:\/\/discos-redondos.es\/ca\/wp-json\/wp\/v2\/product_tag?post=15597"}],"curies":[{"name":"wp","href":"https:\/\/api.w.org\/{rel}","templated":true}]}}