{"id":15619,"date":"2026-04-16T09:14:52","date_gmt":"2026-04-16T09:14:52","guid":{"rendered":"https:\/\/discos-redondos.es\/?post_type=product&#038;p=15619"},"modified":"2026-04-16T09:14:53","modified_gmt":"2026-04-16T09:14:53","slug":"prince-buster-the-blue-beat-label-presents-prince-buster-on-tour-rsd-2026","status":"publish","type":"product","link":"https:\/\/discos-redondos.es\/ca\/producte\/prince-buster-the-blue-beat-label-presents-prince-buster-on-tour-rsd-2026","title":{"rendered":"Prince Buster &#8211; THE BLUE BEAT LABEL Presents PRINCE BUSTER ON TOUR (RSD 2026)"},"content":{"rendered":"<p><strong>Prince Buster &#8211; THE BLUE BEAT LABEL Presents PRINCE BUSTER ON TOUR (RSD 2026)<\/strong><\/p>\n<p>El legendario Prince Buster On Tour, del legendario y siempre codiciado sello Blue Beat, fue grabado durante su gira por el Reino Unido en 1967 e incluye temas cl\u00e1sicos como Madness, Cincinnati Kid, Al Capone y otros.<\/p>\n<p>Remasterizado y lanzado en vinilo de 12&#8243; con un dise\u00f1o actualizado, una funda desplegable con una fascinante lista de las fechas de la gira (The Marquee y The West Indies Club, Ritz Ballroom, por ejemplo), y nuevas notas sobre la gira, Prince Buster, el sello Blue Beat y las propias canciones. Publicado originalmente por el sello Blue Beat hace casi 60 a\u00f1os, en 1967, esta edici\u00f3n especial del Record Store Day 2026 de este cl\u00e1sico es imprescindible para todos los fans de Prince Buster y coleccionistas de vinilos del sello Blue Beat.<\/p>\n<p>Tracklist<br \/>\nSide A<br \/>\n1. Intro.<br \/>\n2. Madness<br \/>\n3. Take It Easy<br \/>\n4. Oh Love<br \/>\n5. Seven Times To Rise<br \/>\n6. 007<br \/>\n7. Come To Jamaica<br \/>\nSide B<br \/>\n1. Cincinnati Kids<br \/>\n2. Move Over<br \/>\n3. Sound and Pressure<br \/>\n4. On The Beach<br \/>\n5. Al Capone<\/p>","protected":false},"excerpt":{"rendered":"<p>Blue Beat Label &#8211; MEMBBLP180426<\/p>\n<p>LP edici\u00f3n correspondiente al Record Store Day 2026<\/p>","protected":false},"featured_media":15620,"template":"","meta":[],"product_brand":[136],"product_cat":[91],"product_tag":[],"class_list":{"0":"post-15619","1":"product","2":"type-product","3":"status-publish","4":"has-post-thumbnail","6":"product_brand-varios","7":"product_cat-record-store-day","9":"first","10":"outofstock","11":"taxable","12":"shipping-taxable","13":"purchasable","14":"product-type-simple"},"yoast_head":"<!-- This site is optimized with the Yoast SEO plugin v27.4 - https:\/\/yoast.com\/product\/yoast-seo-wordpress\/ -->\n<title>Prince Buster - THE BLUE BEAT LABEL Presents PRINCE BUSTER ON TOUR (RSD 2026) - DISCOS REDONDOS<\/title>\n<meta name=\"description\" content=\"Prince Buster - THE BLUE BEAT LABEL Presents PRINCE BUSTER ON TOUR Blue Beat Label - MEMBBLP180426\u00a0LP edici\u00f3n correspondiente al Record Store Day 2026\" \/>\n<meta name=\"robots\" content=\"index, follow, max-snippet:-1, max-image-preview:large, max-video-preview:-1\" \/>\n<link rel=\"canonical\" href=\"https:\/\/discos-redondos.es\/ca\/producte\/prince-buster-the-blue-beat-label-presents-prince-buster-on-tour-rsd-2026\/\" \/>\n<meta property=\"og:locale\" content=\"ca_ES\" \/>\n<meta property=\"og:type\" content=\"article\" \/>\n<meta property=\"og:title\" content=\"Prince Buster - THE BLUE BEAT LABEL Presents PRINCE BUSTER ON TOUR (RSD 2026) - DISCOS REDONDOS\" \/>\n<meta property=\"og:description\" content=\"Prince Buster - THE BLUE BEAT LABEL Presents PRINCE BUSTER ON TOUR Blue Beat Label - MEMBBLP180426\u00a0LP edici\u00f3n correspondiente al Record Store Day 2026\" \/>\n<meta property=\"og:url\" content=\"https:\/\/discos-redondos.es\/ca\/producte\/prince-buster-the-blue-beat-label-presents-prince-buster-on-tour-rsd-2026\/\" \/>\n<meta property=\"og:site_name\" content=\"DISCOS REDONDOS\" \/>\n<meta property=\"article:publisher\" content=\"https:\/\/www.facebook.com\/discosredondos45\" \/>\n<meta property=\"article:modified_time\" content=\"2026-04-16T09:14:53+00:00\" \/>\n<meta property=\"og:image\" content=\"https:\/\/discos-redondos.es\/wp-content\/uploads\/2026\/04\/Prince-Buster-THE-BLUE-BEAT-LABEL-Presents-PRINCE-BUSTER-ON-TOUR-.webp\" \/>\n\t<meta property=\"og:image:width\" content=\"800\" \/>\n\t<meta property=\"og:image:height\" content=\"800\" \/>\n\t<meta property=\"og:image:type\" content=\"image\/webp\" \/>\n<meta name=\"twitter:card\" content=\"summary_large_image\" \/>\n<meta name=\"twitter:label1\" content=\"Temps estimat de lectura\" \/>\n\t<meta name=\"twitter:data1\" content=\"2 minuts\" \/>\n<script type=\"application\/ld+json\" class=\"yoast-schema-graph\">{\"@context\":\"https:\\\/\\\/schema.org\",\"@graph\":[{\"@type\":\"WebPage\",\"@id\":\"https:\\\/\\\/discos-redondos.es\\\/producto\\\/prince-buster-the-blue-beat-label-presents-prince-buster-on-tour-rsd-2026\",\"url\":\"https:\\\/\\\/discos-redondos.es\\\/producto\\\/prince-buster-the-blue-beat-label-presents-prince-buster-on-tour-rsd-2026\",\"name\":\"Prince Buster - THE BLUE BEAT LABEL Presents PRINCE BUSTER ON TOUR (RSD 2026) - DISCOS REDONDOS\",\"isPartOf\":{\"@id\":\"https:\\\/\\\/discos-redondos.es\\\/#website\"},\"primaryImageOfPage\":{\"@id\":\"https:\\\/\\\/discos-redondos.es\\\/producto\\\/prince-buster-the-blue-beat-label-presents-prince-buster-on-tour-rsd-2026#primaryimage\"},\"image\":{\"@id\":\"https:\\\/\\\/discos-redondos.es\\\/producto\\\/prince-buster-the-blue-beat-label-presents-prince-buster-on-tour-rsd-2026#primaryimage\"},\"thumbnailUrl\":\"https:\\\/\\\/discos-redondos.es\\\/wp-content\\\/uploads\\\/2026\\\/04\\\/Prince-Buster-THE-BLUE-BEAT-LABEL-Presents-PRINCE-BUSTER-ON-TOUR-.webp\",\"datePublished\":\"2026-04-16T09:14:52+00:00\",\"dateModified\":\"2026-04-16T09:14:53+00:00\",\"description\":\"Prince Buster - THE BLUE BEAT LABEL Presents PRINCE BUSTER ON TOUR Blue Beat Label - MEMBBLP180426\u00a0LP edici\u00f3n correspondiente al Record Store Day 2026\",\"breadcrumb\":{\"@id\":\"https:\\\/\\\/discos-redondos.es\\\/producto\\\/prince-buster-the-blue-beat-label-presents-prince-buster-on-tour-rsd-2026#breadcrumb\"},\"inLanguage\":\"ca\",\"potentialAction\":[{\"@type\":\"ReadAction\",\"target\":[\"https:\\\/\\\/discos-redondos.es\\\/producto\\\/prince-buster-the-blue-beat-label-presents-prince-buster-on-tour-rsd-2026\"]}]},{\"@type\":\"ImageObject\",\"inLanguage\":\"ca\",\"@id\":\"https:\\\/\\\/discos-redondos.es\\\/producto\\\/prince-buster-the-blue-beat-label-presents-prince-buster-on-tour-rsd-2026#primaryimage\",\"url\":\"https:\\\/\\\/discos-redondos.es\\\/wp-content\\\/uploads\\\/2026\\\/04\\\/Prince-Buster-THE-BLUE-BEAT-LABEL-Presents-PRINCE-BUSTER-ON-TOUR-.webp\",\"contentUrl\":\"https:\\\/\\\/discos-redondos.es\\\/wp-content\\\/uploads\\\/2026\\\/04\\\/Prince-Buster-THE-BLUE-BEAT-LABEL-Presents-PRINCE-BUSTER-ON-TOUR-.webp\",\"width\":800,\"height\":800,\"caption\":\"Prince Buster - THE BLUE BEAT LABEL Presents PRINCE BUSTER ON TOUR (RSD 2026)\"},{\"@type\":\"BreadcrumbList\",\"@id\":\"https:\\\/\\\/discos-redondos.es\\\/producto\\\/prince-buster-the-blue-beat-label-presents-prince-buster-on-tour-rsd-2026#breadcrumb\",\"itemListElement\":[{\"@type\":\"ListItem\",\"position\":1,\"name\":\"Portada\",\"item\":\"https:\\\/\\\/discos-redondos.es\\\/\"},{\"@type\":\"ListItem\",\"position\":2,\"name\":\"Tienda\",\"item\":\"https:\\\/\\\/discos-redondos.es\\\/?page_id=487\"},{\"@type\":\"ListItem\",\"position\":3,\"name\":\"Prince Buster &#8211; THE BLUE BEAT LABEL Presents PRINCE BUSTER ON TOUR (RSD 2026)\"}]},{\"@type\":\"WebSite\",\"@id\":\"https:\\\/\\\/discos-redondos.es\\\/#website\",\"url\":\"https:\\\/\\\/discos-redondos.es\\\/\",\"name\":\"Discos Redondos\",\"description\":\"Tu tienda de discos en Barcelona\",\"publisher\":{\"@id\":\"https:\\\/\\\/discos-redondos.es\\\/#organization\"},\"alternateName\":\"Discos Redondos\",\"potentialAction\":[{\"@type\":\"SearchAction\",\"target\":{\"@type\":\"EntryPoint\",\"urlTemplate\":\"https:\\\/\\\/discos-redondos.es\\\/?s={search_term_string}\"},\"query-input\":{\"@type\":\"PropertyValueSpecification\",\"valueRequired\":true,\"valueName\":\"search_term_string\"}}],\"inLanguage\":\"ca\"},{\"@type\":\"Organization\",\"@id\":\"https:\\\/\\\/discos-redondos.es\\\/#organization\",\"name\":\"Discos Redondos\",\"url\":\"https:\\\/\\\/discos-redondos.es\\\/\",\"logo\":{\"@type\":\"ImageObject\",\"inLanguage\":\"ca\",\"@id\":\"https:\\\/\\\/discos-redondos.es\\\/#\\\/schema\\\/logo\\\/image\\\/\",\"url\":\"https:\\\/\\\/discos-redondos.es\\\/wp-content\\\/uploads\\\/2023\\\/04\\\/aaff-logo-raval-1-1.jpg\",\"contentUrl\":\"https:\\\/\\\/discos-redondos.es\\\/wp-content\\\/uploads\\\/2023\\\/04\\\/aaff-logo-raval-1-1.jpg\",\"width\":2362,\"height\":1441,\"caption\":\"Discos Redondos\"},\"image\":{\"@id\":\"https:\\\/\\\/discos-redondos.es\\\/#\\\/schema\\\/logo\\\/image\\\/\"},\"sameAs\":[\"https:\\\/\\\/www.facebook.com\\\/discosredondos45\",\"https:\\\/\\\/www.instagram.com\\\/discos.redondos33\\\/?hl=es\",\"https:\\\/\\\/discos-redondos.bandcamp.com\\\/\"]}]}<\/script>\n<!-- \/ Yoast SEO plugin. -->","yoast_head_json":{"title":"Prince Buster - THE BLUE BEAT LABEL Presents PRINCE BUSTER ON TOUR (RSD 2026) - DISCOS REDONDOS","description":"Prince Buster - THE BLUE BEAT LABEL Presents PRINCE BUSTER ON TOUR Blue Beat Label - MEMBBLP180426\u00a0LP edici\u00f3n correspondiente al Record Store Day 2026","robots":{"index":"index","follow":"follow","max-snippet":"max-snippet:-1","max-image-preview":"max-image-preview:large","max-video-preview":"max-video-preview:-1"},"canonical":"https:\/\/discos-redondos.es\/ca\/producte\/prince-buster-the-blue-beat-label-presents-prince-buster-on-tour-rsd-2026\/","og_locale":"ca_ES","og_type":"article","og_title":"Prince Buster - THE BLUE BEAT LABEL Presents PRINCE BUSTER ON TOUR (RSD 2026) - DISCOS REDONDOS","og_description":"Prince Buster - THE BLUE BEAT LABEL Presents PRINCE BUSTER ON TOUR Blue Beat Label - MEMBBLP180426\u00a0LP edici\u00f3n correspondiente al Record Store Day 2026","og_url":"https:\/\/discos-redondos.es\/ca\/producte\/prince-buster-the-blue-beat-label-presents-prince-buster-on-tour-rsd-2026\/","og_site_name":"DISCOS REDONDOS","article_publisher":"https:\/\/www.facebook.com\/discosredondos45","article_modified_time":"2026-04-16T09:14:53+00:00","og_image":[{"width":800,"height":800,"url":"https:\/\/discos-redondos.es\/wp-content\/uploads\/2026\/04\/Prince-Buster-THE-BLUE-BEAT-LABEL-Presents-PRINCE-BUSTER-ON-TOUR-.webp","type":"image\/webp"}],"twitter_card":"summary_large_image","twitter_misc":{"Temps estimat de lectura":"2 minuts"},"schema":{"@context":"https:\/\/schema.org","@graph":[{"@type":"WebPage","@id":"https:\/\/discos-redondos.es\/producto\/prince-buster-the-blue-beat-label-presents-prince-buster-on-tour-rsd-2026","url":"https:\/\/discos-redondos.es\/producto\/prince-buster-the-blue-beat-label-presents-prince-buster-on-tour-rsd-2026","name":"Prince Buster - THE BLUE BEAT LABEL Presents PRINCE BUSTER ON TOUR (RSD 2026) - DISCOS REDONDOS","isPartOf":{"@id":"https:\/\/discos-redondos.es\/#website"},"primaryImageOfPage":{"@id":"https:\/\/discos-redondos.es\/producto\/prince-buster-the-blue-beat-label-presents-prince-buster-on-tour-rsd-2026#primaryimage"},"image":{"@id":"https:\/\/discos-redondos.es\/producto\/prince-buster-the-blue-beat-label-presents-prince-buster-on-tour-rsd-2026#primaryimage"},"thumbnailUrl":"https:\/\/discos-redondos.es\/wp-content\/uploads\/2026\/04\/Prince-Buster-THE-BLUE-BEAT-LABEL-Presents-PRINCE-BUSTER-ON-TOUR-.webp","datePublished":"2026-04-16T09:14:52+00:00","dateModified":"2026-04-16T09:14:53+00:00","description":"Prince Buster - THE BLUE BEAT LABEL Presents PRINCE BUSTER ON TOUR Blue Beat Label - MEMBBLP180426\u00a0LP edici\u00f3n correspondiente al Record Store Day 2026","breadcrumb":{"@id":"https:\/\/discos-redondos.es\/producto\/prince-buster-the-blue-beat-label-presents-prince-buster-on-tour-rsd-2026#breadcrumb"},"inLanguage":"ca","potentialAction":[{"@type":"ReadAction","target":["https:\/\/discos-redondos.es\/producto\/prince-buster-the-blue-beat-label-presents-prince-buster-on-tour-rsd-2026"]}]},{"@type":"ImageObject","inLanguage":"ca","@id":"https:\/\/discos-redondos.es\/producto\/prince-buster-the-blue-beat-label-presents-prince-buster-on-tour-rsd-2026#primaryimage","url":"https:\/\/discos-redondos.es\/wp-content\/uploads\/2026\/04\/Prince-Buster-THE-BLUE-BEAT-LABEL-Presents-PRINCE-BUSTER-ON-TOUR-.webp","contentUrl":"https:\/\/discos-redondos.es\/wp-content\/uploads\/2026\/04\/Prince-Buster-THE-BLUE-BEAT-LABEL-Presents-PRINCE-BUSTER-ON-TOUR-.webp","width":800,"height":800,"caption":"Prince Buster - THE BLUE BEAT LABEL Presents PRINCE BUSTER ON TOUR (RSD 2026)"},{"@type":"BreadcrumbList","@id":"https:\/\/discos-redondos.es\/producto\/prince-buster-the-blue-beat-label-presents-prince-buster-on-tour-rsd-2026#breadcrumb","itemListElement":[{"@type":"ListItem","position":1,"name":"Portada","item":"https:\/\/discos-redondos.es\/"},{"@type":"ListItem","position":2,"name":"Tienda","item":"https:\/\/discos-redondos.es\/?page_id=487"},{"@type":"ListItem","position":3,"name":"Prince Buster &#8211; THE BLUE BEAT LABEL Presents PRINCE BUSTER ON TOUR (RSD 2026)"}]},{"@type":"WebSite","@id":"https:\/\/discos-redondos.es\/#website","url":"https:\/\/discos-redondos.es\/","name":"Discos Redondos","description":"La teva botiga de discos a Barcelona","publisher":{"@id":"https:\/\/discos-redondos.es\/#organization"},"alternateName":"Discos Redondos","potentialAction":[{"@type":"SearchAction","target":{"@type":"EntryPoint","urlTemplate":"https:\/\/discos-redondos.es\/?s={search_term_string}"},"query-input":{"@type":"PropertyValueSpecification","valueRequired":true,"valueName":"search_term_string"}}],"inLanguage":"ca"},{"@type":"Organization","@id":"https:\/\/discos-redondos.es\/#organization","name":"Discos Redondos","url":"https:\/\/discos-redondos.es\/","logo":{"@type":"ImageObject","inLanguage":"ca","@id":"https:\/\/discos-redondos.es\/#\/schema\/logo\/image\/","url":"https:\/\/discos-redondos.es\/wp-content\/uploads\/2023\/04\/aaff-logo-raval-1-1.jpg","contentUrl":"https:\/\/discos-redondos.es\/wp-content\/uploads\/2023\/04\/aaff-logo-raval-1-1.jpg","width":2362,"height":1441,"caption":"Discos Redondos"},"image":{"@id":"https:\/\/discos-redondos.es\/#\/schema\/logo\/image\/"},"sameAs":["https:\/\/www.facebook.com\/discosredondos45","https:\/\/www.instagram.com\/discos.redondos33\/?hl=es","https:\/\/discos-redondos.bandcamp.com\/"]}]}},"_links":{"self":[{"href":"https:\/\/discos-redondos.es\/ca\/wp-json\/wp\/v2\/product\/15619","targetHints":{"allow":["GET"]}}],"collection":[{"href":"https:\/\/discos-redondos.es\/ca\/wp-json\/wp\/v2\/product"}],"about":[{"href":"https:\/\/discos-redondos.es\/ca\/wp-json\/wp\/v2\/types\/product"}],"wp:featuredmedia":[{"embeddable":true,"href":"https:\/\/discos-redondos.es\/ca\/wp-json\/wp\/v2\/media\/15620"}],"wp:attachment":[{"href":"https:\/\/discos-redondos.es\/ca\/wp-json\/wp\/v2\/media?parent=15619"}],"wp:term":[{"taxonomy":"product_brand","embeddable":true,"href":"https:\/\/discos-redondos.es\/ca\/wp-json\/wp\/v2\/product_brand?post=15619"},{"taxonomy":"product_cat","embeddable":true,"href":"https:\/\/discos-redondos.es\/ca\/wp-json\/wp\/v2\/product_cat?post=15619"},{"taxonomy":"product_tag","embeddable":true,"href":"https:\/\/discos-redondos.es\/ca\/wp-json\/wp\/v2\/product_tag?post=15619"}],"curies":[{"name":"wp","href":"https:\/\/api.w.org\/{rel}","templated":true}]}}