{"id":15630,"date":"2026-04-16T10:27:36","date_gmt":"2026-04-16T10:27:36","guid":{"rendered":"https:\/\/discos-redondos.es\/?post_type=product&#038;p=15630"},"modified":"2026-04-16T10:33:30","modified_gmt":"2026-04-16T10:33:30","slug":"tommy-peltier-echo-park-the-70s-sessions","status":"publish","type":"product","link":"https:\/\/discos-redondos.es\/ca\/producte\/tommy-peltier-echo-park-the-70s-sessions","title":{"rendered":"Tommy Peltier &#8211; Echo Park (The 70s Sessions)"},"content":{"rendered":"<p><strong>Tommy Peltier &#8211; Echo Park (The 70s Sessions)<\/strong><\/p>\n<p><strong>Tracklist<\/strong><\/p>\n<div class=\"track\">1. Oneness<\/div>\n<div class=\"track\">2. Judee Girl<\/div>\n<div class=\"track\">3. National Stardom<\/div>\n<div class=\"track\">4. Flight of the Dancer<\/div>\n<div class=\"track\">5. Time After Time<\/div>\n<div class=\"track\">6. Blue Rose<\/div>\n<div class=\"track\">7. 10,000 Greyhounds<\/div>\n<div class=\"track\">8. A Heartbeat Away<\/div>\n<div class=\"track\">9. Yellow Beach Umbrella<\/div>\n<div class=\"track\">10. Here Today<\/div>\n<div class=\"track\">11. Smile All the While<\/div>\n<div><\/div>\n<div>Justo al este de Hollywood, Tommy Peltier ha creado m\u00fasica encantadora en las colinas de Echo Park durante m\u00e1s de sesenta a\u00f1os. M\u00fasico de jazz de formaci\u00f3n, en 1970 se reinvent\u00f3 como cantautor en Los \u00c1ngeles, componiendo un pu\u00f1ado de melod\u00edas pop brillantes que, inexplicablemente, no se publicaron hasta ahora.<\/div>\n<div><\/div>\n<div>Grabado entre 1970 y 1976 en distintos estudios de la ciudad y mezclado y masterizado HOY por Jim O&#8217;Rourke, Echo Park captura los sonidos suaves, el glamour y el esp\u00edritu libre que se pod\u00edan encontrar a pocos pasos de la meca del cine en su \u00e9poca dorada.<\/div>\n<div><\/div>\n<div><\/div>\n<div>\n<p><iframe loading=\"lazy\" title=\"Oneness\" width=\"832\" height=\"624\" src=\"https:\/\/www.youtube.com\/embed\/bVG6q6E6-BI?feature=oembed\" frameborder=\"0\" allow=\"accelerometer; autoplay; clipboard-write; encrypted-media; gyroscope; picture-in-picture; web-share\" referrerpolicy=\"strict-origin-when-cross-origin\" allowfullscreen><\/iframe><\/p>\n<\/div>","protected":false},"excerpt":{"rendered":"<p>Drag City Incorporated &#8211; 781484097716<\/p>\n<p>LP en vinilo negro y carpeta sencilla, USA 2026<\/p>","protected":false},"featured_media":15631,"template":"","meta":[],"product_brand":[136],"product_cat":[117],"product_tag":[],"class_list":{"0":"post-15630","1":"product","2":"type-product","3":"status-publish","4":"has-post-thumbnail","6":"product_brand-varios","7":"product_cat-rock-pop-indie","9":"first","10":"instock","11":"taxable","12":"shipping-taxable","13":"purchasable","14":"product-type-simple"},"yoast_head":"<!-- This site is optimized with the Yoast SEO plugin v27.4 - https:\/\/yoast.com\/product\/yoast-seo-wordpress\/ -->\n<title>Tommy Peltier - Echo Park (The 70s Sessions) - DISCOS REDONDOS<\/title>\n<meta name=\"description\" content=\"Tommy Peltier - Echo Park (The 70s Sessions) Drag City Incorporated - 781484097716 LP en vinilo negro y carpeta sencilla, USA 2026\" \/>\n<meta name=\"robots\" content=\"index, follow, max-snippet:-1, max-image-preview:large, max-video-preview:-1\" \/>\n<link rel=\"canonical\" href=\"https:\/\/discos-redondos.es\/ca\/producte\/tommy-peltier-echo-park-the-70s-sessions\/\" \/>\n<meta property=\"og:locale\" content=\"ca_ES\" \/>\n<meta property=\"og:type\" content=\"article\" \/>\n<meta property=\"og:title\" content=\"Tommy Peltier - Echo Park (The 70s Sessions) - DISCOS REDONDOS\" \/>\n<meta property=\"og:description\" content=\"Tommy Peltier - Echo Park (The 70s Sessions) Drag City Incorporated - 781484097716 LP en vinilo negro y carpeta sencilla, USA 2026\" \/>\n<meta property=\"og:url\" content=\"https:\/\/discos-redondos.es\/ca\/producte\/tommy-peltier-echo-park-the-70s-sessions\/\" \/>\n<meta property=\"og:site_name\" content=\"DISCOS REDONDOS\" \/>\n<meta property=\"article:publisher\" content=\"https:\/\/www.facebook.com\/discosredondos45\" \/>\n<meta property=\"article:modified_time\" content=\"2026-04-16T10:33:30+00:00\" \/>\n<meta property=\"og:image\" content=\"https:\/\/discos-redondos.es\/wp-content\/uploads\/2026\/04\/Tommy-Peltier-Echo-Park-The-70s-Sessions.jpg\" \/>\n\t<meta property=\"og:image:width\" content=\"500\" \/>\n\t<meta property=\"og:image:height\" content=\"500\" \/>\n\t<meta property=\"og:image:type\" content=\"image\/jpeg\" \/>\n<meta name=\"twitter:card\" content=\"summary_large_image\" \/>\n<meta name=\"twitter:label1\" content=\"Temps estimat de lectura\" \/>\n\t<meta name=\"twitter:data1\" content=\"1 minut\" \/>\n<script type=\"application\/ld+json\" class=\"yoast-schema-graph\">{\"@context\":\"https:\\\/\\\/schema.org\",\"@graph\":[{\"@type\":\"WebPage\",\"@id\":\"https:\\\/\\\/discos-redondos.es\\\/producto\\\/tommy-peltier-echo-park-the-70s-sessions\",\"url\":\"https:\\\/\\\/discos-redondos.es\\\/producto\\\/tommy-peltier-echo-park-the-70s-sessions\",\"name\":\"Tommy Peltier - Echo Park (The 70s Sessions) - DISCOS REDONDOS\",\"isPartOf\":{\"@id\":\"https:\\\/\\\/discos-redondos.es\\\/#website\"},\"primaryImageOfPage\":{\"@id\":\"https:\\\/\\\/discos-redondos.es\\\/producto\\\/tommy-peltier-echo-park-the-70s-sessions#primaryimage\"},\"image\":{\"@id\":\"https:\\\/\\\/discos-redondos.es\\\/producto\\\/tommy-peltier-echo-park-the-70s-sessions#primaryimage\"},\"thumbnailUrl\":\"https:\\\/\\\/discos-redondos.es\\\/wp-content\\\/uploads\\\/2026\\\/04\\\/Tommy-Peltier-Echo-Park-The-70s-Sessions.jpg\",\"datePublished\":\"2026-04-16T10:27:36+00:00\",\"dateModified\":\"2026-04-16T10:33:30+00:00\",\"description\":\"Tommy Peltier - Echo Park (The 70s Sessions) Drag City Incorporated - 781484097716 LP en vinilo negro y carpeta sencilla, USA 2026\",\"breadcrumb\":{\"@id\":\"https:\\\/\\\/discos-redondos.es\\\/producto\\\/tommy-peltier-echo-park-the-70s-sessions#breadcrumb\"},\"inLanguage\":\"ca\",\"potentialAction\":[{\"@type\":\"ReadAction\",\"target\":[\"https:\\\/\\\/discos-redondos.es\\\/producto\\\/tommy-peltier-echo-park-the-70s-sessions\"]}]},{\"@type\":\"ImageObject\",\"inLanguage\":\"ca\",\"@id\":\"https:\\\/\\\/discos-redondos.es\\\/producto\\\/tommy-peltier-echo-park-the-70s-sessions#primaryimage\",\"url\":\"https:\\\/\\\/discos-redondos.es\\\/wp-content\\\/uploads\\\/2026\\\/04\\\/Tommy-Peltier-Echo-Park-The-70s-Sessions.jpg\",\"contentUrl\":\"https:\\\/\\\/discos-redondos.es\\\/wp-content\\\/uploads\\\/2026\\\/04\\\/Tommy-Peltier-Echo-Park-The-70s-Sessions.jpg\",\"width\":500,\"height\":500,\"caption\":\"Tommy Peltier - Echo Park (The 70s Sessions)\"},{\"@type\":\"BreadcrumbList\",\"@id\":\"https:\\\/\\\/discos-redondos.es\\\/producto\\\/tommy-peltier-echo-park-the-70s-sessions#breadcrumb\",\"itemListElement\":[{\"@type\":\"ListItem\",\"position\":1,\"name\":\"Portada\",\"item\":\"https:\\\/\\\/discos-redondos.es\\\/\"},{\"@type\":\"ListItem\",\"position\":2,\"name\":\"Tienda\",\"item\":\"https:\\\/\\\/discos-redondos.es\\\/?page_id=487\"},{\"@type\":\"ListItem\",\"position\":3,\"name\":\"Tommy Peltier &#8211; Echo Park (The 70s Sessions)\"}]},{\"@type\":\"WebSite\",\"@id\":\"https:\\\/\\\/discos-redondos.es\\\/#website\",\"url\":\"https:\\\/\\\/discos-redondos.es\\\/\",\"name\":\"Discos Redondos\",\"description\":\"Tu tienda de discos en Barcelona\",\"publisher\":{\"@id\":\"https:\\\/\\\/discos-redondos.es\\\/#organization\"},\"alternateName\":\"Discos Redondos\",\"potentialAction\":[{\"@type\":\"SearchAction\",\"target\":{\"@type\":\"EntryPoint\",\"urlTemplate\":\"https:\\\/\\\/discos-redondos.es\\\/?s={search_term_string}\"},\"query-input\":{\"@type\":\"PropertyValueSpecification\",\"valueRequired\":true,\"valueName\":\"search_term_string\"}}],\"inLanguage\":\"ca\"},{\"@type\":\"Organization\",\"@id\":\"https:\\\/\\\/discos-redondos.es\\\/#organization\",\"name\":\"Discos Redondos\",\"url\":\"https:\\\/\\\/discos-redondos.es\\\/\",\"logo\":{\"@type\":\"ImageObject\",\"inLanguage\":\"ca\",\"@id\":\"https:\\\/\\\/discos-redondos.es\\\/#\\\/schema\\\/logo\\\/image\\\/\",\"url\":\"https:\\\/\\\/discos-redondos.es\\\/wp-content\\\/uploads\\\/2023\\\/04\\\/aaff-logo-raval-1-1.jpg\",\"contentUrl\":\"https:\\\/\\\/discos-redondos.es\\\/wp-content\\\/uploads\\\/2023\\\/04\\\/aaff-logo-raval-1-1.jpg\",\"width\":2362,\"height\":1441,\"caption\":\"Discos Redondos\"},\"image\":{\"@id\":\"https:\\\/\\\/discos-redondos.es\\\/#\\\/schema\\\/logo\\\/image\\\/\"},\"sameAs\":[\"https:\\\/\\\/www.facebook.com\\\/discosredondos45\",\"https:\\\/\\\/www.instagram.com\\\/discos.redondos33\\\/?hl=es\",\"https:\\\/\\\/discos-redondos.bandcamp.com\\\/\"]}]}<\/script>\n<!-- \/ Yoast SEO plugin. -->","yoast_head_json":{"title":"Tommy Peltier - Echo Park (The 70s Sessions) - DISCOS REDONDOS","description":"Tommy Peltier - Echo Park (The 70s Sessions) Drag City Incorporated - 781484097716 LP en vinilo negro y carpeta sencilla, USA 2026","robots":{"index":"index","follow":"follow","max-snippet":"max-snippet:-1","max-image-preview":"max-image-preview:large","max-video-preview":"max-video-preview:-1"},"canonical":"https:\/\/discos-redondos.es\/ca\/producte\/tommy-peltier-echo-park-the-70s-sessions\/","og_locale":"ca_ES","og_type":"article","og_title":"Tommy Peltier - Echo Park (The 70s Sessions) - DISCOS REDONDOS","og_description":"Tommy Peltier - Echo Park (The 70s Sessions) Drag City Incorporated - 781484097716 LP en vinilo negro y carpeta sencilla, USA 2026","og_url":"https:\/\/discos-redondos.es\/ca\/producte\/tommy-peltier-echo-park-the-70s-sessions\/","og_site_name":"DISCOS REDONDOS","article_publisher":"https:\/\/www.facebook.com\/discosredondos45","article_modified_time":"2026-04-16T10:33:30+00:00","og_image":[{"width":500,"height":500,"url":"https:\/\/discos-redondos.es\/wp-content\/uploads\/2026\/04\/Tommy-Peltier-Echo-Park-The-70s-Sessions.jpg","type":"image\/jpeg"}],"twitter_card":"summary_large_image","twitter_misc":{"Temps estimat de lectura":"1 minut"},"schema":{"@context":"https:\/\/schema.org","@graph":[{"@type":"WebPage","@id":"https:\/\/discos-redondos.es\/producto\/tommy-peltier-echo-park-the-70s-sessions","url":"https:\/\/discos-redondos.es\/producto\/tommy-peltier-echo-park-the-70s-sessions","name":"Tommy Peltier - Echo Park (The 70s Sessions) - DISCOS REDONDOS","isPartOf":{"@id":"https:\/\/discos-redondos.es\/#website"},"primaryImageOfPage":{"@id":"https:\/\/discos-redondos.es\/producto\/tommy-peltier-echo-park-the-70s-sessions#primaryimage"},"image":{"@id":"https:\/\/discos-redondos.es\/producto\/tommy-peltier-echo-park-the-70s-sessions#primaryimage"},"thumbnailUrl":"https:\/\/discos-redondos.es\/wp-content\/uploads\/2026\/04\/Tommy-Peltier-Echo-Park-The-70s-Sessions.jpg","datePublished":"2026-04-16T10:27:36+00:00","dateModified":"2026-04-16T10:33:30+00:00","description":"Tommy Peltier - Echo Park (The 70s Sessions) Drag City Incorporated - 781484097716 LP en vinilo negro y carpeta sencilla, USA 2026","breadcrumb":{"@id":"https:\/\/discos-redondos.es\/producto\/tommy-peltier-echo-park-the-70s-sessions#breadcrumb"},"inLanguage":"ca","potentialAction":[{"@type":"ReadAction","target":["https:\/\/discos-redondos.es\/producto\/tommy-peltier-echo-park-the-70s-sessions"]}]},{"@type":"ImageObject","inLanguage":"ca","@id":"https:\/\/discos-redondos.es\/producto\/tommy-peltier-echo-park-the-70s-sessions#primaryimage","url":"https:\/\/discos-redondos.es\/wp-content\/uploads\/2026\/04\/Tommy-Peltier-Echo-Park-The-70s-Sessions.jpg","contentUrl":"https:\/\/discos-redondos.es\/wp-content\/uploads\/2026\/04\/Tommy-Peltier-Echo-Park-The-70s-Sessions.jpg","width":500,"height":500,"caption":"Tommy Peltier - Echo Park (The 70s Sessions)"},{"@type":"BreadcrumbList","@id":"https:\/\/discos-redondos.es\/producto\/tommy-peltier-echo-park-the-70s-sessions#breadcrumb","itemListElement":[{"@type":"ListItem","position":1,"name":"Portada","item":"https:\/\/discos-redondos.es\/"},{"@type":"ListItem","position":2,"name":"Tienda","item":"https:\/\/discos-redondos.es\/?page_id=487"},{"@type":"ListItem","position":3,"name":"Tommy Peltier &#8211; Echo Park (The 70s Sessions)"}]},{"@type":"WebSite","@id":"https:\/\/discos-redondos.es\/#website","url":"https:\/\/discos-redondos.es\/","name":"Discos Redondos","description":"La teva botiga de discos a Barcelona","publisher":{"@id":"https:\/\/discos-redondos.es\/#organization"},"alternateName":"Discos Redondos","potentialAction":[{"@type":"SearchAction","target":{"@type":"EntryPoint","urlTemplate":"https:\/\/discos-redondos.es\/?s={search_term_string}"},"query-input":{"@type":"PropertyValueSpecification","valueRequired":true,"valueName":"search_term_string"}}],"inLanguage":"ca"},{"@type":"Organization","@id":"https:\/\/discos-redondos.es\/#organization","name":"Discos Redondos","url":"https:\/\/discos-redondos.es\/","logo":{"@type":"ImageObject","inLanguage":"ca","@id":"https:\/\/discos-redondos.es\/#\/schema\/logo\/image\/","url":"https:\/\/discos-redondos.es\/wp-content\/uploads\/2023\/04\/aaff-logo-raval-1-1.jpg","contentUrl":"https:\/\/discos-redondos.es\/wp-content\/uploads\/2023\/04\/aaff-logo-raval-1-1.jpg","width":2362,"height":1441,"caption":"Discos Redondos"},"image":{"@id":"https:\/\/discos-redondos.es\/#\/schema\/logo\/image\/"},"sameAs":["https:\/\/www.facebook.com\/discosredondos45","https:\/\/www.instagram.com\/discos.redondos33\/?hl=es","https:\/\/discos-redondos.bandcamp.com\/"]}]}},"_links":{"self":[{"href":"https:\/\/discos-redondos.es\/ca\/wp-json\/wp\/v2\/product\/15630","targetHints":{"allow":["GET"]}}],"collection":[{"href":"https:\/\/discos-redondos.es\/ca\/wp-json\/wp\/v2\/product"}],"about":[{"href":"https:\/\/discos-redondos.es\/ca\/wp-json\/wp\/v2\/types\/product"}],"wp:featuredmedia":[{"embeddable":true,"href":"https:\/\/discos-redondos.es\/ca\/wp-json\/wp\/v2\/media\/15631"}],"wp:attachment":[{"href":"https:\/\/discos-redondos.es\/ca\/wp-json\/wp\/v2\/media?parent=15630"}],"wp:term":[{"taxonomy":"product_brand","embeddable":true,"href":"https:\/\/discos-redondos.es\/ca\/wp-json\/wp\/v2\/product_brand?post=15630"},{"taxonomy":"product_cat","embeddable":true,"href":"https:\/\/discos-redondos.es\/ca\/wp-json\/wp\/v2\/product_cat?post=15630"},{"taxonomy":"product_tag","embeddable":true,"href":"https:\/\/discos-redondos.es\/ca\/wp-json\/wp\/v2\/product_tag?post=15630"}],"curies":[{"name":"wp","href":"https:\/\/api.w.org\/{rel}","templated":true}]}}