{"id":15693,"date":"2026-04-23T10:48:45","date_gmt":"2026-04-23T10:48:45","guid":{"rendered":"https:\/\/discos-redondos.es\/?post_type=product&#038;p=15693"},"modified":"2026-04-23T10:50:47","modified_gmt":"2026-04-23T10:50:47","slug":"mark-adams-this-is-neo-soul","status":"publish","type":"product","link":"https:\/\/discos-redondos.es\/ca\/producte\/mark-adams-this-is-neo-soul","title":{"rendered":"Mark Adams &#8211; This is Neo-Soul"},"content":{"rendered":"<p><strong>Mark Adams &#8211; This is Neo-Soul<\/strong><\/p>\n<p><strong>Tracklist<\/strong><\/p>\n<table class=\"tracklist_ZdQ0I\">\n<tbody>\n<tr data-track-position=\"A1\">\n<td class=\"trackPos_n8vad\"><span class=\"MuiTypography-root MuiTypography-labelSmall css-1kybk0l\">A1<\/span><\/td>\n<td class=\"artist_VsG56\"><\/td>\n<td class=\"trackTitle_loyWF\"><span class=\"MuiTypography-root MuiTypography-labelSmall css-1kybk0l\"><span class=\"trackTitle_loyWF\">Sweet Tears<\/span><\/span><\/td>\n<td class=\"duration_GhhxK\"><span class=\"MuiTypography-root MuiTypography-labelSmall css-1kybk0l\">6:38<\/span><\/td>\n<\/tr>\n<tr data-track-position=\"A2\">\n<td class=\"trackPos_n8vad\"><span class=\"MuiTypography-root MuiTypography-labelSmall css-1kybk0l\">A2<\/span><\/td>\n<td class=\"artist_VsG56\"><\/td>\n<td class=\"trackTitle_loyWF\"><span class=\"MuiTypography-root MuiTypography-labelSmall css-1kybk0l\"><span class=\"trackTitle_loyWF\">Open Letter<\/span><\/span><\/td>\n<td class=\"duration_GhhxK\"><span class=\"MuiTypography-root MuiTypography-labelSmall css-1kybk0l\">4:28<\/span><\/td>\n<\/tr>\n<tr data-track-position=\"A3\">\n<td class=\"trackPos_n8vad\"><span class=\"MuiTypography-root MuiTypography-labelSmall css-1kybk0l\">A3<\/span><\/td>\n<td class=\"artist_VsG56\"><\/td>\n<td class=\"trackTitle_loyWF\"><span class=\"MuiTypography-root MuiTypography-labelSmall css-1kybk0l\"><span class=\"trackTitle_loyWF\">Day Dreaming<\/span><\/span><\/td>\n<td class=\"duration_GhhxK\"><span class=\"MuiTypography-root MuiTypography-labelSmall css-1kybk0l\">4:07<\/span><\/td>\n<\/tr>\n<tr data-track-position=\"A4\">\n<td class=\"trackPos_n8vad\"><span class=\"MuiTypography-root MuiTypography-labelSmall css-1kybk0l\">A4<\/span><\/td>\n<td class=\"artist_VsG56\"><\/td>\n<td class=\"trackTitle_loyWF\"><span class=\"MuiTypography-root MuiTypography-labelSmall css-1kybk0l\"><span class=\"trackTitle_loyWF\">Expansions<\/span><\/span><\/td>\n<td class=\"duration_GhhxK\"><span class=\"MuiTypography-root MuiTypography-labelSmall css-1kybk0l\">4:51<\/span><\/td>\n<\/tr>\n<tr data-track-position=\"A5\">\n<td class=\"trackPos_n8vad\"><span class=\"MuiTypography-root MuiTypography-labelSmall css-1kybk0l\">A5<\/span><\/td>\n<td class=\"artist_VsG56\"><\/td>\n<td class=\"trackTitle_loyWF\"><span class=\"MuiTypography-root MuiTypography-labelSmall css-1kybk0l\"><span class=\"trackTitle_loyWF\">LLS Groove<\/span><\/span><\/td>\n<td class=\"duration_GhhxK\"><span class=\"MuiTypography-root MuiTypography-labelSmall css-1kybk0l\">1:22<\/span><\/td>\n<\/tr>\n<tr data-track-position=\"B1\">\n<td class=\"trackPos_n8vad\"><span class=\"MuiTypography-root MuiTypography-labelSmall css-1kybk0l\">B1<\/span><\/td>\n<td class=\"artist_VsG56\"><\/td>\n<td class=\"trackTitle_loyWF\"><span class=\"MuiTypography-root MuiTypography-labelSmall css-1kybk0l\"><span class=\"trackTitle_loyWF\">Don\u2019t Stop The Feeling<\/span><\/span><\/td>\n<td class=\"duration_GhhxK\"><span class=\"MuiTypography-root MuiTypography-labelSmall css-1kybk0l\">4:57<\/span><\/td>\n<\/tr>\n<tr data-track-position=\"B2\">\n<td class=\"trackPos_n8vad\"><span class=\"MuiTypography-root MuiTypography-labelSmall css-1kybk0l\">B2<\/span><\/td>\n<td class=\"artist_VsG56\"><\/td>\n<td class=\"trackTitle_loyWF\"><span class=\"MuiTypography-root MuiTypography-labelSmall css-1kybk0l\"><span class=\"trackTitle_loyWF\">Talking Walls<\/span><\/span><\/td>\n<td class=\"duration_GhhxK\"><span class=\"MuiTypography-root MuiTypography-labelSmall css-1kybk0l\">3:20<\/span><\/td>\n<\/tr>\n<tr data-track-position=\"B3\">\n<td class=\"trackPos_n8vad\"><span class=\"MuiTypography-root MuiTypography-labelSmall css-1kybk0l\">B3<\/span><\/td>\n<td class=\"artist_VsG56\"><\/td>\n<td class=\"trackTitle_loyWF\"><span class=\"MuiTypography-root MuiTypography-labelSmall css-1kybk0l\"><span class=\"trackTitle_loyWF\">Don\u2019t Look Back<\/span><\/span><\/td>\n<td class=\"duration_GhhxK\"><span class=\"MuiTypography-root MuiTypography-labelSmall css-1kybk0l\">5:07<\/span><\/td>\n<\/tr>\n<tr data-track-position=\"B4\">\n<td class=\"trackPos_n8vad\"><span class=\"MuiTypography-root MuiTypography-labelSmall css-1kybk0l\">B4<\/span><\/td>\n<td class=\"artist_VsG56\"><\/td>\n<td class=\"trackTitle_loyWF\"><span class=\"MuiTypography-root MuiTypography-labelSmall css-1kybk0l\"><span class=\"trackTitle_loyWF\">Vibrations<\/span><\/span><\/td>\n<td class=\"duration_GhhxK\"><span class=\"MuiTypography-root MuiTypography-labelSmall css-1kybk0l\">3:55<\/span><\/td>\n<\/tr>\n<tr data-track-position=\"B5\">\n<td class=\"trackPos_n8vad\"><span class=\"MuiTypography-root MuiTypography-labelSmall css-1kybk0l\">B5<\/span><\/td>\n<td class=\"artist_VsG56\"><\/td>\n<td class=\"trackTitle_loyWF\"><span class=\"MuiTypography-root MuiTypography-labelSmall css-1kybk0l\"><span class=\"trackTitle_loyWF\">Dre\u2019s World<\/span><\/span><\/td>\n<td class=\"duration_GhhxK\"><span class=\"MuiTypography-root MuiTypography-labelSmall css-1kybk0l\">5:04<\/span><\/td>\n<\/tr>\n<\/tbody>\n<\/table>\n<p>&nbsp;<\/p>\n<p><iframe loading=\"lazy\" title=\"Mark Adams - Dre&#039;s World\" width=\"832\" height=\"468\" src=\"https:\/\/www.youtube.com\/embed\/y0-3VfgRBUY?feature=oembed\" frameborder=\"0\" allow=\"accelerometer; autoplay; clipboard-write; encrypted-media; gyroscope; picture-in-picture; web-share\" referrerpolicy=\"strict-origin-when-cross-origin\" allowfullscreen><\/iframe><\/p>\n<p>&nbsp;<\/p>\n<p>Mark Adams, virtuoso del teclado y miembro veterano de la famosa banda de Roy Ayers, crea un \u00e1lbum on\u00edrico que fusiona neo-soul, jazz y gospel. DownJazz presenta: \u00abMark Adams, esto es neo-soul\u00bb. Quince m\u00fasicos de las bandas Roy Ayers, Chic, Lonnie Liston Smith y Chaka Khan grabaron un \u00e1lbum en vivo durante tres a\u00f1os, un testimonio del sonido \u00abNeo-Soul-Jazz\u00bb de Harlem, Nueva York, en 1970.<\/p>\n<p>El \u00e1lbum incluye 10 temas, entre ellos versiones tributo de \u00abSweet Tears\u00bb y \u00abVibrations\u00bb, junto con una nueva versi\u00f3n de \u00abExpansions\u00bb, un cl\u00e1sico muy oportuno de Lonnie Liston Smith &amp; the Cosmic Echoes.<\/p>\n<p>Muchas composiciones nuevas con influencias funk se alinean perfectamente con las canciones ic\u00f3nicas mencionadas, dando como resultado un \u00e1lbum magistralmente elaborado, repleto de riffs elegantes, bajos potentes, potentes secciones de metales y una abundancia de estilo musical.<\/p>\n<p>Junto a Adams en este emocionante proyecto se encuentran los m\u00fasicos:<\/p>\n<ul>\n<li>Chris DeCarmine (baterista de Ubiquity)<\/li>\n<li>Kimberly Davis, voz (Chic, Nile Rodgers)<\/li>\n<li>Dave Mullins, saxo (Nile Rodgers, Roy Ayers, Gloria Gaynor, Gill Scott). Heron)<\/li>\n<li>John Pressley, voz (Roy Ayers)<\/li>\n<li>Bill White, guitarra, (Chaka Khan, Lonnie Liston Smith, Brian Jackson, Hall &amp; Oats)<\/li>\n<li>Kenyatta Beasley, trompeta, (Shakira, Wynton Marsalis, Mary J Blige)<\/li>\n<li>Monte Croft, vibr\u00e1fono (Gladys Knight, Smokey Robinson, Valerie Simpson)<\/li>\n<li>Steve Kroon, percusi\u00f3n, (Luther Vandross, Roberta Flack)<\/li>\n<li>Jonathan Quash, voz (Mark Adams)<\/li>\n<li>Miya Bass, (Broadway)<\/li>\n<li>Roy Bennett, bajo, (Bernard Perdie, Teddy Pendergrass)<\/li>\n<li>Donald Nicks, bajo, (Roy Ayers, Tom Browne, Bobbi Humphrey)<\/li>\n<li>John Smith, guitarra, (William Patterson, Bebe &amp; CeCe Winans)<\/li>\n<li>Emanual Gatewood, bajo (Moss Def, Diana Reeves)<\/li>\n<\/ul>","protected":false},"excerpt":{"rendered":"<p>DownJazz Records US \u2013 DJRMA25V, Nublu &#8211; 0602581188780<\/p>\n<p>LP en vinilo <i>Powder Blue Marbled, <\/i>USA 2026<\/p>","protected":false},"featured_media":15694,"template":"","meta":[],"product_brand":[242],"product_cat":[85],"product_tag":[],"class_list":{"0":"post-15693","1":"product","2":"type-product","3":"status-publish","4":"has-post-thumbnail","6":"product_brand-nublu-records","7":"product_cat-jazz-contemporaneo","9":"first","10":"instock","11":"taxable","12":"shipping-taxable","13":"purchasable","14":"product-type-simple"},"yoast_head":"<!-- This site is optimized with the Yoast SEO plugin v27.4 - https:\/\/yoast.com\/product\/yoast-seo-wordpress\/ -->\n<title>Mark Adams - This is Neo-Soul - DISCOS REDONDOS<\/title>\n<meta name=\"description\" content=\"Mark Adams - This is Neo-Soul DownJazz Records US \u2013 DJRMA25V, Nublu - 0602581188780 LP en vinilo Powder Blue Marbled, USA 2026\" \/>\n<meta name=\"robots\" content=\"index, follow, max-snippet:-1, max-image-preview:large, max-video-preview:-1\" \/>\n<link rel=\"canonical\" href=\"https:\/\/discos-redondos.es\/ca\/producte\/mark-adams-this-is-neo-soul\/\" \/>\n<meta property=\"og:locale\" content=\"ca_ES\" \/>\n<meta property=\"og:type\" content=\"article\" \/>\n<meta property=\"og:title\" content=\"Mark Adams - This is Neo-Soul - DISCOS REDONDOS\" \/>\n<meta property=\"og:description\" content=\"Mark Adams - This is Neo-Soul DownJazz Records US \u2013 DJRMA25V, Nublu - 0602581188780 LP en vinilo Powder Blue Marbled, USA 2026\" \/>\n<meta property=\"og:url\" content=\"https:\/\/discos-redondos.es\/ca\/producte\/mark-adams-this-is-neo-soul\/\" \/>\n<meta property=\"og:site_name\" content=\"DISCOS REDONDOS\" \/>\n<meta property=\"article:publisher\" content=\"https:\/\/www.facebook.com\/discosredondos45\" \/>\n<meta property=\"article:modified_time\" content=\"2026-04-23T10:50:47+00:00\" \/>\n<meta property=\"og:image\" content=\"https:\/\/discos-redondos.es\/wp-content\/uploads\/2026\/04\/Mark-Adams-This-is-Neo-Soul.jpg\" \/>\n\t<meta property=\"og:image:width\" content=\"1000\" \/>\n\t<meta property=\"og:image:height\" content=\"1000\" \/>\n\t<meta property=\"og:image:type\" content=\"image\/jpeg\" \/>\n<meta name=\"twitter:card\" content=\"summary_large_image\" \/>\n<meta name=\"twitter:label1\" content=\"Temps estimat de lectura\" \/>\n\t<meta name=\"twitter:data1\" content=\"2 minuts\" \/>\n<script type=\"application\/ld+json\" class=\"yoast-schema-graph\">{\"@context\":\"https:\\\/\\\/schema.org\",\"@graph\":[{\"@type\":\"WebPage\",\"@id\":\"https:\\\/\\\/discos-redondos.es\\\/producto\\\/mark-adams-this-is-neo-soul\",\"url\":\"https:\\\/\\\/discos-redondos.es\\\/producto\\\/mark-adams-this-is-neo-soul\",\"name\":\"Mark Adams - This is Neo-Soul - DISCOS REDONDOS\",\"isPartOf\":{\"@id\":\"https:\\\/\\\/discos-redondos.es\\\/#website\"},\"primaryImageOfPage\":{\"@id\":\"https:\\\/\\\/discos-redondos.es\\\/producto\\\/mark-adams-this-is-neo-soul#primaryimage\"},\"image\":{\"@id\":\"https:\\\/\\\/discos-redondos.es\\\/producto\\\/mark-adams-this-is-neo-soul#primaryimage\"},\"thumbnailUrl\":\"https:\\\/\\\/discos-redondos.es\\\/wp-content\\\/uploads\\\/2026\\\/04\\\/Mark-Adams-This-is-Neo-Soul.jpg\",\"datePublished\":\"2026-04-23T10:48:45+00:00\",\"dateModified\":\"2026-04-23T10:50:47+00:00\",\"description\":\"Mark Adams - This is Neo-Soul DownJazz Records US \u2013 DJRMA25V, Nublu - 0602581188780 LP en vinilo Powder Blue Marbled, USA 2026\",\"breadcrumb\":{\"@id\":\"https:\\\/\\\/discos-redondos.es\\\/producto\\\/mark-adams-this-is-neo-soul#breadcrumb\"},\"inLanguage\":\"ca\",\"potentialAction\":[{\"@type\":\"ReadAction\",\"target\":[\"https:\\\/\\\/discos-redondos.es\\\/producto\\\/mark-adams-this-is-neo-soul\"]}]},{\"@type\":\"ImageObject\",\"inLanguage\":\"ca\",\"@id\":\"https:\\\/\\\/discos-redondos.es\\\/producto\\\/mark-adams-this-is-neo-soul#primaryimage\",\"url\":\"https:\\\/\\\/discos-redondos.es\\\/wp-content\\\/uploads\\\/2026\\\/04\\\/Mark-Adams-This-is-Neo-Soul.jpg\",\"contentUrl\":\"https:\\\/\\\/discos-redondos.es\\\/wp-content\\\/uploads\\\/2026\\\/04\\\/Mark-Adams-This-is-Neo-Soul.jpg\",\"width\":1000,\"height\":1000,\"caption\":\"Mark Adams - This is Neo-Soul\"},{\"@type\":\"BreadcrumbList\",\"@id\":\"https:\\\/\\\/discos-redondos.es\\\/producto\\\/mark-adams-this-is-neo-soul#breadcrumb\",\"itemListElement\":[{\"@type\":\"ListItem\",\"position\":1,\"name\":\"Portada\",\"item\":\"https:\\\/\\\/discos-redondos.es\\\/\"},{\"@type\":\"ListItem\",\"position\":2,\"name\":\"Tienda\",\"item\":\"https:\\\/\\\/discos-redondos.es\\\/?page_id=487\"},{\"@type\":\"ListItem\",\"position\":3,\"name\":\"Mark Adams &#8211; This is Neo-Soul\"}]},{\"@type\":\"WebSite\",\"@id\":\"https:\\\/\\\/discos-redondos.es\\\/#website\",\"url\":\"https:\\\/\\\/discos-redondos.es\\\/\",\"name\":\"Discos Redondos\",\"description\":\"Tu tienda de discos en Barcelona\",\"publisher\":{\"@id\":\"https:\\\/\\\/discos-redondos.es\\\/#organization\"},\"alternateName\":\"Discos Redondos\",\"potentialAction\":[{\"@type\":\"SearchAction\",\"target\":{\"@type\":\"EntryPoint\",\"urlTemplate\":\"https:\\\/\\\/discos-redondos.es\\\/?s={search_term_string}\"},\"query-input\":{\"@type\":\"PropertyValueSpecification\",\"valueRequired\":true,\"valueName\":\"search_term_string\"}}],\"inLanguage\":\"ca\"},{\"@type\":\"Organization\",\"@id\":\"https:\\\/\\\/discos-redondos.es\\\/#organization\",\"name\":\"Discos Redondos\",\"url\":\"https:\\\/\\\/discos-redondos.es\\\/\",\"logo\":{\"@type\":\"ImageObject\",\"inLanguage\":\"ca\",\"@id\":\"https:\\\/\\\/discos-redondos.es\\\/#\\\/schema\\\/logo\\\/image\\\/\",\"url\":\"https:\\\/\\\/discos-redondos.es\\\/wp-content\\\/uploads\\\/2023\\\/04\\\/aaff-logo-raval-1-1.jpg\",\"contentUrl\":\"https:\\\/\\\/discos-redondos.es\\\/wp-content\\\/uploads\\\/2023\\\/04\\\/aaff-logo-raval-1-1.jpg\",\"width\":2362,\"height\":1441,\"caption\":\"Discos Redondos\"},\"image\":{\"@id\":\"https:\\\/\\\/discos-redondos.es\\\/#\\\/schema\\\/logo\\\/image\\\/\"},\"sameAs\":[\"https:\\\/\\\/www.facebook.com\\\/discosredondos45\",\"https:\\\/\\\/www.instagram.com\\\/discos.redondos33\\\/?hl=es\",\"https:\\\/\\\/discos-redondos.bandcamp.com\\\/\"]}]}<\/script>\n<!-- \/ Yoast SEO plugin. -->","yoast_head_json":{"title":"Mark Adams - This is Neo-Soul - DISCOS REDONDOS","description":"Mark Adams - This is Neo-Soul DownJazz Records US \u2013 DJRMA25V, Nublu - 0602581188780 LP en vinilo Powder Blue Marbled, USA 2026","robots":{"index":"index","follow":"follow","max-snippet":"max-snippet:-1","max-image-preview":"max-image-preview:large","max-video-preview":"max-video-preview:-1"},"canonical":"https:\/\/discos-redondos.es\/ca\/producte\/mark-adams-this-is-neo-soul\/","og_locale":"ca_ES","og_type":"article","og_title":"Mark Adams - This is Neo-Soul - DISCOS REDONDOS","og_description":"Mark Adams - This is Neo-Soul DownJazz Records US \u2013 DJRMA25V, Nublu - 0602581188780 LP en vinilo Powder Blue Marbled, USA 2026","og_url":"https:\/\/discos-redondos.es\/ca\/producte\/mark-adams-this-is-neo-soul\/","og_site_name":"DISCOS REDONDOS","article_publisher":"https:\/\/www.facebook.com\/discosredondos45","article_modified_time":"2026-04-23T10:50:47+00:00","og_image":[{"width":1000,"height":1000,"url":"https:\/\/discos-redondos.es\/wp-content\/uploads\/2026\/04\/Mark-Adams-This-is-Neo-Soul.jpg","type":"image\/jpeg"}],"twitter_card":"summary_large_image","twitter_misc":{"Temps estimat de lectura":"2 minuts"},"schema":{"@context":"https:\/\/schema.org","@graph":[{"@type":"WebPage","@id":"https:\/\/discos-redondos.es\/producto\/mark-adams-this-is-neo-soul","url":"https:\/\/discos-redondos.es\/producto\/mark-adams-this-is-neo-soul","name":"Mark Adams - This is Neo-Soul - DISCOS REDONDOS","isPartOf":{"@id":"https:\/\/discos-redondos.es\/#website"},"primaryImageOfPage":{"@id":"https:\/\/discos-redondos.es\/producto\/mark-adams-this-is-neo-soul#primaryimage"},"image":{"@id":"https:\/\/discos-redondos.es\/producto\/mark-adams-this-is-neo-soul#primaryimage"},"thumbnailUrl":"https:\/\/discos-redondos.es\/wp-content\/uploads\/2026\/04\/Mark-Adams-This-is-Neo-Soul.jpg","datePublished":"2026-04-23T10:48:45+00:00","dateModified":"2026-04-23T10:50:47+00:00","description":"Mark Adams - This is Neo-Soul DownJazz Records US \u2013 DJRMA25V, Nublu - 0602581188780 LP en vinilo Powder Blue Marbled, USA 2026","breadcrumb":{"@id":"https:\/\/discos-redondos.es\/producto\/mark-adams-this-is-neo-soul#breadcrumb"},"inLanguage":"ca","potentialAction":[{"@type":"ReadAction","target":["https:\/\/discos-redondos.es\/producto\/mark-adams-this-is-neo-soul"]}]},{"@type":"ImageObject","inLanguage":"ca","@id":"https:\/\/discos-redondos.es\/producto\/mark-adams-this-is-neo-soul#primaryimage","url":"https:\/\/discos-redondos.es\/wp-content\/uploads\/2026\/04\/Mark-Adams-This-is-Neo-Soul.jpg","contentUrl":"https:\/\/discos-redondos.es\/wp-content\/uploads\/2026\/04\/Mark-Adams-This-is-Neo-Soul.jpg","width":1000,"height":1000,"caption":"Mark Adams - This is Neo-Soul"},{"@type":"BreadcrumbList","@id":"https:\/\/discos-redondos.es\/producto\/mark-adams-this-is-neo-soul#breadcrumb","itemListElement":[{"@type":"ListItem","position":1,"name":"Portada","item":"https:\/\/discos-redondos.es\/"},{"@type":"ListItem","position":2,"name":"Tienda","item":"https:\/\/discos-redondos.es\/?page_id=487"},{"@type":"ListItem","position":3,"name":"Mark Adams &#8211; This is Neo-Soul"}]},{"@type":"WebSite","@id":"https:\/\/discos-redondos.es\/#website","url":"https:\/\/discos-redondos.es\/","name":"Discos Redondos","description":"La teva botiga de discos a Barcelona","publisher":{"@id":"https:\/\/discos-redondos.es\/#organization"},"alternateName":"Discos Redondos","potentialAction":[{"@type":"SearchAction","target":{"@type":"EntryPoint","urlTemplate":"https:\/\/discos-redondos.es\/?s={search_term_string}"},"query-input":{"@type":"PropertyValueSpecification","valueRequired":true,"valueName":"search_term_string"}}],"inLanguage":"ca"},{"@type":"Organization","@id":"https:\/\/discos-redondos.es\/#organization","name":"Discos Redondos","url":"https:\/\/discos-redondos.es\/","logo":{"@type":"ImageObject","inLanguage":"ca","@id":"https:\/\/discos-redondos.es\/#\/schema\/logo\/image\/","url":"https:\/\/discos-redondos.es\/wp-content\/uploads\/2023\/04\/aaff-logo-raval-1-1.jpg","contentUrl":"https:\/\/discos-redondos.es\/wp-content\/uploads\/2023\/04\/aaff-logo-raval-1-1.jpg","width":2362,"height":1441,"caption":"Discos Redondos"},"image":{"@id":"https:\/\/discos-redondos.es\/#\/schema\/logo\/image\/"},"sameAs":["https:\/\/www.facebook.com\/discosredondos45","https:\/\/www.instagram.com\/discos.redondos33\/?hl=es","https:\/\/discos-redondos.bandcamp.com\/"]}]}},"_links":{"self":[{"href":"https:\/\/discos-redondos.es\/ca\/wp-json\/wp\/v2\/product\/15693","targetHints":{"allow":["GET"]}}],"collection":[{"href":"https:\/\/discos-redondos.es\/ca\/wp-json\/wp\/v2\/product"}],"about":[{"href":"https:\/\/discos-redondos.es\/ca\/wp-json\/wp\/v2\/types\/product"}],"wp:featuredmedia":[{"embeddable":true,"href":"https:\/\/discos-redondos.es\/ca\/wp-json\/wp\/v2\/media\/15694"}],"wp:attachment":[{"href":"https:\/\/discos-redondos.es\/ca\/wp-json\/wp\/v2\/media?parent=15693"}],"wp:term":[{"taxonomy":"product_brand","embeddable":true,"href":"https:\/\/discos-redondos.es\/ca\/wp-json\/wp\/v2\/product_brand?post=15693"},{"taxonomy":"product_cat","embeddable":true,"href":"https:\/\/discos-redondos.es\/ca\/wp-json\/wp\/v2\/product_cat?post=15693"},{"taxonomy":"product_tag","embeddable":true,"href":"https:\/\/discos-redondos.es\/ca\/wp-json\/wp\/v2\/product_tag?post=15693"}],"curies":[{"name":"wp","href":"https:\/\/api.w.org\/{rel}","templated":true}]}}