{"id":15743,"date":"2026-04-30T10:00:11","date_gmt":"2026-04-30T10:00:11","guid":{"rendered":"https:\/\/discos-redondos.es\/?post_type=product&#038;p=15743"},"modified":"2026-04-30T10:02:50","modified_gmt":"2026-04-30T10:02:50","slug":"disciplinantes-dj-toner-con-raynald-colom-y-dani-molina-vinilo-azul","status":"publish","type":"product","link":"https:\/\/discos-redondos.es\/ca\/producte\/disciplinantes-dj-toner-con-raynald-colom-y-dani-molina-vinilo-azul","title":{"rendered":"Disciplinantes &#8211; DJ Toner con Raynald Colom y Dani Molina (Vinilo Azul)"},"content":{"rendered":"<p><strong>Disciplinantes &#8211; DJ Toner con Raynald Colom y Dani Molina (Vinilo Azul)<\/strong><\/p>\n<p>10 canciones inspiradas en los creadores de la m\u00fasica Impresionista y Modernista. Estos fueron los actores claves en la evoluci\u00f3n de la m\u00fasica cl\u00e1sica al Jazz y dem\u00e1s g\u00e9neros actuales. DJToner y Dani Molina han buceado durante 2 a\u00f1os en el encuentro que dichos artistas concertaron en el Par\u00eds de principios del siglo XX y ahora como ellos, tambi\u00e9n han revivido en su encuentro con el trompetista parisino Raynald Colom, uno de los artistas contempor\u00e1neos m\u00e1s interesantes que ha dado la escena del jazz actual en todo el mundo, conocido por acompa\u00f1ar a m\u00fasicos como el mism\u00edsimo Paco de Luc\u00eda, por su elegancia\u00a0 a la hora de ejecutar su m\u00fasica.<\/p>\n<p>MCM.\u00a0 El \u00c1lbum es una declaraci\u00f3n de intenciones para acercarse entre ellos a la m\u00fasica Lo Fi jazz y hip hop como ya hicieron estos compositores en su d\u00eda, estos tres artistas se han reunido fruto de su inquietud y b\u00fasqueda de las ra\u00edces antropol\u00f3gicas para resignificar a dichos compositores en la fusi\u00f3n amparada por la m\u00fasica electr\u00f3nica.<\/p>\n<p>Un relato fascinante reinterpretado desde la m\u00fasica Impresionista creada a principios del 1900. Una serie de canciones que se presentan por cap\u00edtulos y que podemos escuchar su primera entrega el 27 de febrero ya que se presenta el disco en todas las plataformas digitales con un primer single \u201cSfogava\u201d. La obra se presenta al directo en una composici\u00f3n de arte visual y m\u00fasica en formato tr\u00edo.<\/p>","protected":false},"excerpt":{"rendered":"<p>Kraken &#8211;<\/p>\n<p>LP en vinilo azul y carpeta sencilla, con insert<\/p>","protected":false},"featured_media":15514,"template":"","meta":[],"product_brand":[136],"product_cat":[74,85],"product_tag":[],"class_list":{"0":"post-15743","1":"product","2":"type-product","3":"status-publish","4":"has-post-thumbnail","6":"product_brand-varios","7":"product_cat-hip-hop","8":"product_cat-jazz-contemporaneo","10":"first","11":"instock","12":"taxable","13":"shipping-taxable","14":"purchasable","15":"product-type-simple"},"yoast_head":"<!-- This site is optimized with the Yoast SEO plugin v27.5 - https:\/\/yoast.com\/product\/yoast-seo-wordpress\/ -->\n<title>Disciplinantes - DJ Toner con Raynald Colom y Dani Molina (Vinilo Azul) - DISCOS REDONDOS<\/title>\n<meta name=\"description\" content=\"Disciplinantes - DJ Toner con Raynald Colom y Dani Molina (Vinilo Azul) Kraken - LP en vinilo azul y carpeta sencilla, con insert\" \/>\n<meta name=\"robots\" content=\"index, follow, max-snippet:-1, max-image-preview:large, max-video-preview:-1\" \/>\n<link rel=\"canonical\" href=\"https:\/\/discos-redondos.es\/ca\/producte\/disciplinantes-dj-toner-con-raynald-colom-y-dani-molina-vinilo-azul\/\" \/>\n<meta property=\"og:locale\" content=\"ca_ES\" \/>\n<meta property=\"og:type\" content=\"article\" \/>\n<meta property=\"og:title\" content=\"Disciplinantes - DJ Toner con Raynald Colom y Dani Molina (Vinilo Azul) - DISCOS REDONDOS\" \/>\n<meta property=\"og:description\" content=\"Disciplinantes - DJ Toner con Raynald Colom y Dani Molina (Vinilo Azul) Kraken - LP en vinilo azul y carpeta sencilla, con insert\" \/>\n<meta property=\"og:url\" content=\"https:\/\/discos-redondos.es\/ca\/producte\/disciplinantes-dj-toner-con-raynald-colom-y-dani-molina-vinilo-azul\/\" \/>\n<meta property=\"og:site_name\" content=\"DISCOS REDONDOS\" \/>\n<meta property=\"article:publisher\" content=\"https:\/\/www.facebook.com\/discosredondos45\" \/>\n<meta property=\"article:modified_time\" content=\"2026-04-30T10:02:50+00:00\" \/>\n<meta property=\"og:image\" content=\"https:\/\/discos-redondos.es\/wp-content\/uploads\/2026\/04\/Disciplantes-DJ-Toner-con-Raynald-Colom-y-Dani-Molina-RSD-2026.jpg\" \/>\n\t<meta property=\"og:image:width\" content=\"550\" \/>\n\t<meta property=\"og:image:height\" content=\"550\" \/>\n\t<meta property=\"og:image:type\" content=\"image\/jpeg\" \/>\n<meta name=\"twitter:card\" content=\"summary_large_image\" \/>\n<meta name=\"twitter:label1\" content=\"Temps estimat de lectura\" \/>\n\t<meta name=\"twitter:data1\" content=\"2 minuts\" \/>\n<script type=\"application\/ld+json\" class=\"yoast-schema-graph\">{\"@context\":\"https:\\\/\\\/schema.org\",\"@graph\":[{\"@type\":\"WebPage\",\"@id\":\"https:\\\/\\\/discos-redondos.es\\\/producto\\\/disciplinantes-dj-toner-con-raynald-colom-y-dani-molina-vinilo-azul\",\"url\":\"https:\\\/\\\/discos-redondos.es\\\/producto\\\/disciplinantes-dj-toner-con-raynald-colom-y-dani-molina-vinilo-azul\",\"name\":\"Disciplinantes - DJ Toner con Raynald Colom y Dani Molina (Vinilo Azul) - DISCOS REDONDOS\",\"isPartOf\":{\"@id\":\"https:\\\/\\\/discos-redondos.es\\\/#website\"},\"primaryImageOfPage\":{\"@id\":\"https:\\\/\\\/discos-redondos.es\\\/producto\\\/disciplinantes-dj-toner-con-raynald-colom-y-dani-molina-vinilo-azul#primaryimage\"},\"image\":{\"@id\":\"https:\\\/\\\/discos-redondos.es\\\/producto\\\/disciplinantes-dj-toner-con-raynald-colom-y-dani-molina-vinilo-azul#primaryimage\"},\"thumbnailUrl\":\"https:\\\/\\\/discos-redondos.es\\\/wp-content\\\/uploads\\\/2026\\\/04\\\/Disciplantes-DJ-Toner-con-Raynald-Colom-y-Dani-Molina-RSD-2026.jpg\",\"datePublished\":\"2026-04-30T10:00:11+00:00\",\"dateModified\":\"2026-04-30T10:02:50+00:00\",\"description\":\"Disciplinantes - DJ Toner con Raynald Colom y Dani Molina (Vinilo Azul) Kraken - LP en vinilo azul y carpeta sencilla, con insert\",\"breadcrumb\":{\"@id\":\"https:\\\/\\\/discos-redondos.es\\\/producto\\\/disciplinantes-dj-toner-con-raynald-colom-y-dani-molina-vinilo-azul#breadcrumb\"},\"inLanguage\":\"ca\",\"potentialAction\":[{\"@type\":\"ReadAction\",\"target\":[\"https:\\\/\\\/discos-redondos.es\\\/producto\\\/disciplinantes-dj-toner-con-raynald-colom-y-dani-molina-vinilo-azul\"]}]},{\"@type\":\"ImageObject\",\"inLanguage\":\"ca\",\"@id\":\"https:\\\/\\\/discos-redondos.es\\\/producto\\\/disciplinantes-dj-toner-con-raynald-colom-y-dani-molina-vinilo-azul#primaryimage\",\"url\":\"https:\\\/\\\/discos-redondos.es\\\/wp-content\\\/uploads\\\/2026\\\/04\\\/Disciplantes-DJ-Toner-con-Raynald-Colom-y-Dani-Molina-RSD-2026.jpg\",\"contentUrl\":\"https:\\\/\\\/discos-redondos.es\\\/wp-content\\\/uploads\\\/2026\\\/04\\\/Disciplantes-DJ-Toner-con-Raynald-Colom-y-Dani-Molina-RSD-2026.jpg\",\"width\":550,\"height\":550,\"caption\":\"Disciplinantes - DJ Toner con Raynald Colom y Dani Molina (RSD 2026)\"},{\"@type\":\"BreadcrumbList\",\"@id\":\"https:\\\/\\\/discos-redondos.es\\\/producto\\\/disciplinantes-dj-toner-con-raynald-colom-y-dani-molina-vinilo-azul#breadcrumb\",\"itemListElement\":[{\"@type\":\"ListItem\",\"position\":1,\"name\":\"Portada\",\"item\":\"https:\\\/\\\/discos-redondos.es\\\/\"},{\"@type\":\"ListItem\",\"position\":2,\"name\":\"Tienda\",\"item\":\"https:\\\/\\\/discos-redondos.es\\\/?page_id=487\"},{\"@type\":\"ListItem\",\"position\":3,\"name\":\"Disciplinantes &#8211; DJ Toner con Raynald Colom y Dani Molina (Vinilo Azul)\"}]},{\"@type\":\"WebSite\",\"@id\":\"https:\\\/\\\/discos-redondos.es\\\/#website\",\"url\":\"https:\\\/\\\/discos-redondos.es\\\/\",\"name\":\"Discos Redondos\",\"description\":\"Tu tienda de discos en Barcelona\",\"publisher\":{\"@id\":\"https:\\\/\\\/discos-redondos.es\\\/#organization\"},\"alternateName\":\"Discos Redondos\",\"potentialAction\":[{\"@type\":\"SearchAction\",\"target\":{\"@type\":\"EntryPoint\",\"urlTemplate\":\"https:\\\/\\\/discos-redondos.es\\\/?s={search_term_string}\"},\"query-input\":{\"@type\":\"PropertyValueSpecification\",\"valueRequired\":true,\"valueName\":\"search_term_string\"}}],\"inLanguage\":\"ca\"},{\"@type\":\"Organization\",\"@id\":\"https:\\\/\\\/discos-redondos.es\\\/#organization\",\"name\":\"Discos Redondos\",\"url\":\"https:\\\/\\\/discos-redondos.es\\\/\",\"logo\":{\"@type\":\"ImageObject\",\"inLanguage\":\"ca\",\"@id\":\"https:\\\/\\\/discos-redondos.es\\\/#\\\/schema\\\/logo\\\/image\\\/\",\"url\":\"https:\\\/\\\/discos-redondos.es\\\/wp-content\\\/uploads\\\/2023\\\/04\\\/aaff-logo-raval-1-1.jpg\",\"contentUrl\":\"https:\\\/\\\/discos-redondos.es\\\/wp-content\\\/uploads\\\/2023\\\/04\\\/aaff-logo-raval-1-1.jpg\",\"width\":2362,\"height\":1441,\"caption\":\"Discos Redondos\"},\"image\":{\"@id\":\"https:\\\/\\\/discos-redondos.es\\\/#\\\/schema\\\/logo\\\/image\\\/\"},\"sameAs\":[\"https:\\\/\\\/www.facebook.com\\\/discosredondos45\",\"https:\\\/\\\/www.instagram.com\\\/discos.redondos33\\\/?hl=es\",\"https:\\\/\\\/discos-redondos.bandcamp.com\\\/\"]}]}<\/script>\n<!-- \/ Yoast SEO plugin. -->","yoast_head_json":{"title":"Disciplinantes - DJ Toner con Raynald Colom y Dani Molina (Vinilo Azul) - DISCOS REDONDOS","description":"Disciplinantes - DJ Toner con Raynald Colom y Dani Molina (Vinilo Azul) Kraken - LP en vinilo azul y carpeta sencilla, con insert","robots":{"index":"index","follow":"follow","max-snippet":"max-snippet:-1","max-image-preview":"max-image-preview:large","max-video-preview":"max-video-preview:-1"},"canonical":"https:\/\/discos-redondos.es\/ca\/producte\/disciplinantes-dj-toner-con-raynald-colom-y-dani-molina-vinilo-azul\/","og_locale":"ca_ES","og_type":"article","og_title":"Disciplinantes - DJ Toner con Raynald Colom y Dani Molina (Vinilo Azul) - DISCOS REDONDOS","og_description":"Disciplinantes - DJ Toner con Raynald Colom y Dani Molina (Vinilo Azul) Kraken - LP en vinilo azul y carpeta sencilla, con insert","og_url":"https:\/\/discos-redondos.es\/ca\/producte\/disciplinantes-dj-toner-con-raynald-colom-y-dani-molina-vinilo-azul\/","og_site_name":"DISCOS REDONDOS","article_publisher":"https:\/\/www.facebook.com\/discosredondos45","article_modified_time":"2026-04-30T10:02:50+00:00","og_image":[{"width":550,"height":550,"url":"https:\/\/discos-redondos.es\/wp-content\/uploads\/2026\/04\/Disciplantes-DJ-Toner-con-Raynald-Colom-y-Dani-Molina-RSD-2026.jpg","type":"image\/jpeg"}],"twitter_card":"summary_large_image","twitter_misc":{"Temps estimat de lectura":"2 minuts"},"schema":{"@context":"https:\/\/schema.org","@graph":[{"@type":"WebPage","@id":"https:\/\/discos-redondos.es\/producto\/disciplinantes-dj-toner-con-raynald-colom-y-dani-molina-vinilo-azul","url":"https:\/\/discos-redondos.es\/producto\/disciplinantes-dj-toner-con-raynald-colom-y-dani-molina-vinilo-azul","name":"Disciplinantes - DJ Toner con Raynald Colom y Dani Molina (Vinilo Azul) - DISCOS REDONDOS","isPartOf":{"@id":"https:\/\/discos-redondos.es\/#website"},"primaryImageOfPage":{"@id":"https:\/\/discos-redondos.es\/producto\/disciplinantes-dj-toner-con-raynald-colom-y-dani-molina-vinilo-azul#primaryimage"},"image":{"@id":"https:\/\/discos-redondos.es\/producto\/disciplinantes-dj-toner-con-raynald-colom-y-dani-molina-vinilo-azul#primaryimage"},"thumbnailUrl":"https:\/\/discos-redondos.es\/wp-content\/uploads\/2026\/04\/Disciplantes-DJ-Toner-con-Raynald-Colom-y-Dani-Molina-RSD-2026.jpg","datePublished":"2026-04-30T10:00:11+00:00","dateModified":"2026-04-30T10:02:50+00:00","description":"Disciplinantes - DJ Toner con Raynald Colom y Dani Molina (Vinilo Azul) Kraken - LP en vinilo azul y carpeta sencilla, con insert","breadcrumb":{"@id":"https:\/\/discos-redondos.es\/producto\/disciplinantes-dj-toner-con-raynald-colom-y-dani-molina-vinilo-azul#breadcrumb"},"inLanguage":"ca","potentialAction":[{"@type":"ReadAction","target":["https:\/\/discos-redondos.es\/producto\/disciplinantes-dj-toner-con-raynald-colom-y-dani-molina-vinilo-azul"]}]},{"@type":"ImageObject","inLanguage":"ca","@id":"https:\/\/discos-redondos.es\/producto\/disciplinantes-dj-toner-con-raynald-colom-y-dani-molina-vinilo-azul#primaryimage","url":"https:\/\/discos-redondos.es\/wp-content\/uploads\/2026\/04\/Disciplantes-DJ-Toner-con-Raynald-Colom-y-Dani-Molina-RSD-2026.jpg","contentUrl":"https:\/\/discos-redondos.es\/wp-content\/uploads\/2026\/04\/Disciplantes-DJ-Toner-con-Raynald-Colom-y-Dani-Molina-RSD-2026.jpg","width":550,"height":550,"caption":"Disciplinantes - DJ Toner con Raynald Colom y Dani Molina (RSD 2026)"},{"@type":"BreadcrumbList","@id":"https:\/\/discos-redondos.es\/producto\/disciplinantes-dj-toner-con-raynald-colom-y-dani-molina-vinilo-azul#breadcrumb","itemListElement":[{"@type":"ListItem","position":1,"name":"Portada","item":"https:\/\/discos-redondos.es\/"},{"@type":"ListItem","position":2,"name":"Tienda","item":"https:\/\/discos-redondos.es\/?page_id=487"},{"@type":"ListItem","position":3,"name":"Disciplinantes &#8211; DJ Toner con Raynald Colom y Dani Molina (Vinilo Azul)"}]},{"@type":"WebSite","@id":"https:\/\/discos-redondos.es\/#website","url":"https:\/\/discos-redondos.es\/","name":"Discos Redondos","description":"La teva botiga de discos a Barcelona","publisher":{"@id":"https:\/\/discos-redondos.es\/#organization"},"alternateName":"Discos Redondos","potentialAction":[{"@type":"SearchAction","target":{"@type":"EntryPoint","urlTemplate":"https:\/\/discos-redondos.es\/?s={search_term_string}"},"query-input":{"@type":"PropertyValueSpecification","valueRequired":true,"valueName":"search_term_string"}}],"inLanguage":"ca"},{"@type":"Organization","@id":"https:\/\/discos-redondos.es\/#organization","name":"Discos Redondos","url":"https:\/\/discos-redondos.es\/","logo":{"@type":"ImageObject","inLanguage":"ca","@id":"https:\/\/discos-redondos.es\/#\/schema\/logo\/image\/","url":"https:\/\/discos-redondos.es\/wp-content\/uploads\/2023\/04\/aaff-logo-raval-1-1.jpg","contentUrl":"https:\/\/discos-redondos.es\/wp-content\/uploads\/2023\/04\/aaff-logo-raval-1-1.jpg","width":2362,"height":1441,"caption":"Discos Redondos"},"image":{"@id":"https:\/\/discos-redondos.es\/#\/schema\/logo\/image\/"},"sameAs":["https:\/\/www.facebook.com\/discosredondos45","https:\/\/www.instagram.com\/discos.redondos33\/?hl=es","https:\/\/discos-redondos.bandcamp.com\/"]}]}},"_links":{"self":[{"href":"https:\/\/discos-redondos.es\/ca\/wp-json\/wp\/v2\/product\/15743","targetHints":{"allow":["GET"]}}],"collection":[{"href":"https:\/\/discos-redondos.es\/ca\/wp-json\/wp\/v2\/product"}],"about":[{"href":"https:\/\/discos-redondos.es\/ca\/wp-json\/wp\/v2\/types\/product"}],"wp:featuredmedia":[{"embeddable":true,"href":"https:\/\/discos-redondos.es\/ca\/wp-json\/wp\/v2\/media\/15514"}],"wp:attachment":[{"href":"https:\/\/discos-redondos.es\/ca\/wp-json\/wp\/v2\/media?parent=15743"}],"wp:term":[{"taxonomy":"product_brand","embeddable":true,"href":"https:\/\/discos-redondos.es\/ca\/wp-json\/wp\/v2\/product_brand?post=15743"},{"taxonomy":"product_cat","embeddable":true,"href":"https:\/\/discos-redondos.es\/ca\/wp-json\/wp\/v2\/product_cat?post=15743"},{"taxonomy":"product_tag","embeddable":true,"href":"https:\/\/discos-redondos.es\/ca\/wp-json\/wp\/v2\/product_tag?post=15743"}],"curies":[{"name":"wp","href":"https:\/\/api.w.org\/{rel}","templated":true}]}}