{"id":1694,"date":"2021-06-17T15:05:39","date_gmt":"2021-06-17T15:05:39","guid":{"rendered":"https:\/\/discos-redondos.es\/?post_type=product&#038;p=1694"},"modified":"2025-04-04T14:34:59","modified_gmt":"2025-04-04T14:34:59","slug":"the-miles-davis-sextet-the-thelonious-monk-quartet-miles-monk-at-newport","status":"publish","type":"product","link":"https:\/\/discos-redondos.es\/ca\/producte\/the-miles-davis-sextet-the-thelonious-monk-quartet-miles-monk-at-newport","title":{"rendered":"Miles &#038; Monk At Newport"},"content":{"rendered":"<p><strong>The Miles Davis Sextet &amp; The Thelonious Monk Quartet \u200e\u2013 Miles &amp; Monk At Newport<\/strong><\/p>\n<p><strong>Tracklist<\/strong><\/p>\n<p>A1 \u2013The Miles Davis Sextet Ah-Leu-Cha 5:47<br \/>\nA2 \u2013The Miles Davis Sextet Straight, No Chaser 8:46<br \/>\nA3 \u2013The Miles Davis Sextet Fran-Dance 7:04<br \/>\nA4 \u2013The Miles Davis Sextet Two Bass Hit 4:13<\/p>\n<p>B1 \u2013The Thelonious Monk Quartet Nutty 13:55<br \/>\nB2 \u2013The Thelonious Monk Quartet Blue Monk 11:15<\/p>\n<p><iframe loading=\"lazy\" title=\"Miles &amp; Monk At Newport [FLAC 24 bit\/96 kHz] 1964\/2017\" width=\"832\" height=\"468\" src=\"https:\/\/www.youtube.com\/embed\/ZSmyK_GGs5k?feature=oembed\" frameborder=\"0\" allow=\"accelerometer; autoplay; clipboard-write; encrypted-media; gyroscope; picture-in-picture; web-share\" referrerpolicy=\"strict-origin-when-cross-origin\" allowfullscreen><\/iframe><\/p>\n<p><strong>The Miles Davis Sextet &amp; The Thelonious Monk Quartet \u200e\u2013 Miles &amp; Monk At Newport: <\/strong>Miles &amp; Monk at Newport es un split album que recoge actuaciones separadas del sexteto de Miles Davis y el cuarteto de Thelonious Monk en el Festival de Jazz de Newport, grabado en 1958 y 1963, respectivamente, y lanzado en junio de 1964 por Columbia Records. A pesar del t\u00edtulo del \u00e1lbum, los dos artistas no act\u00faan juntos en ning\u00fan momento.<\/p>\n<p>En la primera cara del LP hay una serie de interpretaciones uptempo de melod\u00edas de bebop y otros elementos b\u00e1sicos del repertorio en vivo de Davis de 1958. Aparte del lanzamiento de 1973 Jazz at the Plaza (tambi\u00e9n un concierto de 1958) en su momento esta fue la \u00fanica grabaci\u00f3n leg\u00edtima (no pirata) de una actuaci\u00f3n de Davis en vivo anterior a las grabaciones de Blackhawk de 1960. Como tal, esta actuaci\u00f3n y Jazz at the Plaza fueron las \u00fanicas grabaciones en vivo leg\u00edtimas que representaban al sexteto del Kind of Blue.<\/p>\n<p>En la cara B hay algunos n\u00fameros del combo de Thelonious Monk en una aparici\u00f3n en Newport en 1963. Hay una aparici\u00f3n\u00a0 del clarinetista Pee Wee Russell. El conjunto de Miles se grab\u00f3 en mono y el conjunto de Monk en est\u00e9reo, por lo que el LP mono presentaba un repliegue del conjunto de Monk y el LP est\u00e9reo presentaba una remezcla en est\u00e9reo recanalizada electr\u00f3nicamente del conjunto de Miles.<\/p>\n<p>En 1973, se lanz\u00f3 una versi\u00f3n ampliada de la actuaci\u00f3n de Davis Newport como LP Miles &amp; Coltrane.<\/p>\n<p>&nbsp;<\/p>\n<p>&nbsp;<\/p>\n","protected":false},"excerpt":{"rendered":"<p>Columbia \u200e\u2013 CL 2178, Music On Vinyl \u200e\u2013 MOVLP962, 8718469534524<\/p>\n<p>LP vinilo de 180 gramos con carpeta sencilla, edici\u00f3n UE<\/p>","protected":false},"featured_media":1695,"template":"","meta":[],"product_brand":[],"product_cat":[77],"product_tag":[],"class_list":{"0":"post-1694","1":"product","2":"type-product","3":"status-publish","4":"has-post-thumbnail","6":"product_cat-jazz","8":"first","9":"outofstock","10":"taxable","11":"shipping-taxable","12":"purchasable","13":"product-type-simple"},"yoast_head":"<!-- This site is optimized with the Yoast SEO plugin v27.4 - https:\/\/yoast.com\/product\/yoast-seo-wordpress\/ -->\n<title>Miles &amp; Monk At Newport - DISCOS REDONDOS<\/title>\n<meta name=\"description\" content=\"The Miles Davis Sextet &amp; The Thelonious Monk Quartet \u200e\u2013 Miles &amp; Monk At Newport - Columbia \u200e\u2013 CL 2178, Music On Vinyl \u200e\u2013 MOVLP962, 8718469534524\" \/>\n<meta name=\"robots\" content=\"index, follow, max-snippet:-1, max-image-preview:large, max-video-preview:-1\" \/>\n<link rel=\"canonical\" href=\"https:\/\/discos-redondos.es\/ca\/producte\/the-miles-davis-sextet-the-thelonious-monk-quartet-miles-monk-at-newport\/\" \/>\n<meta property=\"og:locale\" content=\"ca_ES\" \/>\n<meta property=\"og:type\" content=\"article\" \/>\n<meta property=\"og:title\" content=\"Miles &amp; Monk At Newport - DISCOS REDONDOS\" \/>\n<meta property=\"og:description\" content=\"The Miles Davis Sextet &amp; The Thelonious Monk Quartet \u200e\u2013 Miles &amp; Monk At Newport - Columbia \u200e\u2013 CL 2178, Music On Vinyl \u200e\u2013 MOVLP962, 8718469534524\" \/>\n<meta property=\"og:url\" content=\"https:\/\/discos-redondos.es\/ca\/producte\/the-miles-davis-sextet-the-thelonious-monk-quartet-miles-monk-at-newport\/\" \/>\n<meta property=\"og:site_name\" content=\"DISCOS REDONDOS\" \/>\n<meta property=\"article:publisher\" content=\"https:\/\/www.facebook.com\/discosredondos45\" \/>\n<meta property=\"article:modified_time\" content=\"2025-04-04T14:34:59+00:00\" \/>\n<meta property=\"og:image\" content=\"https:\/\/discos-redondos.es\/wp-content\/uploads\/2021\/06\/The-Miles-Davis-Sextet-The-Thelonious-Monk-Quartet-\u200e\u2013-Miles-Monk-At-Newport.jpg\" \/>\n\t<meta property=\"og:image:width\" content=\"293\" \/>\n\t<meta property=\"og:image:height\" content=\"300\" \/>\n\t<meta property=\"og:image:type\" content=\"image\/jpeg\" \/>\n<meta name=\"twitter:card\" content=\"summary_large_image\" \/>\n<meta name=\"twitter:label1\" content=\"Temps estimat de lectura\" \/>\n\t<meta name=\"twitter:data1\" content=\"2 minuts\" \/>\n<script type=\"application\/ld+json\" class=\"yoast-schema-graph\">{\"@context\":\"https:\\\/\\\/schema.org\",\"@graph\":[{\"@type\":\"WebPage\",\"@id\":\"https:\\\/\\\/discos-redondos.es\\\/producto\\\/the-miles-davis-sextet-the-thelonious-monk-quartet-miles-monk-at-newport\",\"url\":\"https:\\\/\\\/discos-redondos.es\\\/producto\\\/the-miles-davis-sextet-the-thelonious-monk-quartet-miles-monk-at-newport\",\"name\":\"Miles & Monk At Newport - DISCOS REDONDOS\",\"isPartOf\":{\"@id\":\"https:\\\/\\\/discos-redondos.es\\\/#website\"},\"primaryImageOfPage\":{\"@id\":\"https:\\\/\\\/discos-redondos.es\\\/producto\\\/the-miles-davis-sextet-the-thelonious-monk-quartet-miles-monk-at-newport#primaryimage\"},\"image\":{\"@id\":\"https:\\\/\\\/discos-redondos.es\\\/producto\\\/the-miles-davis-sextet-the-thelonious-monk-quartet-miles-monk-at-newport#primaryimage\"},\"thumbnailUrl\":\"https:\\\/\\\/discos-redondos.es\\\/wp-content\\\/uploads\\\/2021\\\/06\\\/The-Miles-Davis-Sextet-The-Thelonious-Monk-Quartet-\u200e\u2013-Miles-Monk-At-Newport.jpg\",\"datePublished\":\"2021-06-17T15:05:39+00:00\",\"dateModified\":\"2025-04-04T14:34:59+00:00\",\"description\":\"The Miles Davis Sextet & The Thelonious Monk Quartet \u200e\u2013 Miles & Monk At Newport - Columbia \u200e\u2013 CL 2178, Music On Vinyl \u200e\u2013 MOVLP962, 8718469534524\",\"breadcrumb\":{\"@id\":\"https:\\\/\\\/discos-redondos.es\\\/producto\\\/the-miles-davis-sextet-the-thelonious-monk-quartet-miles-monk-at-newport#breadcrumb\"},\"inLanguage\":\"ca\",\"potentialAction\":[{\"@type\":\"ReadAction\",\"target\":[\"https:\\\/\\\/discos-redondos.es\\\/producto\\\/the-miles-davis-sextet-the-thelonious-monk-quartet-miles-monk-at-newport\"]}]},{\"@type\":\"ImageObject\",\"inLanguage\":\"ca\",\"@id\":\"https:\\\/\\\/discos-redondos.es\\\/producto\\\/the-miles-davis-sextet-the-thelonious-monk-quartet-miles-monk-at-newport#primaryimage\",\"url\":\"https:\\\/\\\/discos-redondos.es\\\/wp-content\\\/uploads\\\/2021\\\/06\\\/The-Miles-Davis-Sextet-The-Thelonious-Monk-Quartet-\u200e\u2013-Miles-Monk-At-Newport.jpg\",\"contentUrl\":\"https:\\\/\\\/discos-redondos.es\\\/wp-content\\\/uploads\\\/2021\\\/06\\\/The-Miles-Davis-Sextet-The-Thelonious-Monk-Quartet-\u200e\u2013-Miles-Monk-At-Newport.jpg\",\"width\":293,\"height\":300,\"caption\":\"The Miles Davis Sextet & The Thelonious Monk Quartet \u200e\u2013 Miles & Monk At Newport\"},{\"@type\":\"BreadcrumbList\",\"@id\":\"https:\\\/\\\/discos-redondos.es\\\/producto\\\/the-miles-davis-sextet-the-thelonious-monk-quartet-miles-monk-at-newport#breadcrumb\",\"itemListElement\":[{\"@type\":\"ListItem\",\"position\":1,\"name\":\"Portada\",\"item\":\"https:\\\/\\\/discos-redondos.es\\\/\"},{\"@type\":\"ListItem\",\"position\":2,\"name\":\"Tienda\",\"item\":\"https:\\\/\\\/discos-redondos.es\\\/?page_id=487\"},{\"@type\":\"ListItem\",\"position\":3,\"name\":\"Miles &#038; Monk At Newport\"}]},{\"@type\":\"WebSite\",\"@id\":\"https:\\\/\\\/discos-redondos.es\\\/#website\",\"url\":\"https:\\\/\\\/discos-redondos.es\\\/\",\"name\":\"Discos Redondos\",\"description\":\"Tu tienda de discos en Barcelona\",\"publisher\":{\"@id\":\"https:\\\/\\\/discos-redondos.es\\\/#organization\"},\"alternateName\":\"Discos Redondos\",\"potentialAction\":[{\"@type\":\"SearchAction\",\"target\":{\"@type\":\"EntryPoint\",\"urlTemplate\":\"https:\\\/\\\/discos-redondos.es\\\/?s={search_term_string}\"},\"query-input\":{\"@type\":\"PropertyValueSpecification\",\"valueRequired\":true,\"valueName\":\"search_term_string\"}}],\"inLanguage\":\"ca\"},{\"@type\":\"Organization\",\"@id\":\"https:\\\/\\\/discos-redondos.es\\\/#organization\",\"name\":\"Discos Redondos\",\"url\":\"https:\\\/\\\/discos-redondos.es\\\/\",\"logo\":{\"@type\":\"ImageObject\",\"inLanguage\":\"ca\",\"@id\":\"https:\\\/\\\/discos-redondos.es\\\/#\\\/schema\\\/logo\\\/image\\\/\",\"url\":\"https:\\\/\\\/discos-redondos.es\\\/wp-content\\\/uploads\\\/2023\\\/04\\\/aaff-logo-raval-1-1.jpg\",\"contentUrl\":\"https:\\\/\\\/discos-redondos.es\\\/wp-content\\\/uploads\\\/2023\\\/04\\\/aaff-logo-raval-1-1.jpg\",\"width\":2362,\"height\":1441,\"caption\":\"Discos Redondos\"},\"image\":{\"@id\":\"https:\\\/\\\/discos-redondos.es\\\/#\\\/schema\\\/logo\\\/image\\\/\"},\"sameAs\":[\"https:\\\/\\\/www.facebook.com\\\/discosredondos45\",\"https:\\\/\\\/www.instagram.com\\\/discos.redondos33\\\/?hl=es\",\"https:\\\/\\\/discos-redondos.bandcamp.com\\\/\"]}]}<\/script>\n<!-- \/ Yoast SEO plugin. -->","yoast_head_json":{"title":"Miles & Monk At Newport - DISCOS REDONDOS","description":"The Miles Davis Sextet & The Thelonious Monk Quartet \u200e\u2013 Miles & Monk At Newport - Columbia \u200e\u2013 CL 2178, Music On Vinyl \u200e\u2013 MOVLP962, 8718469534524","robots":{"index":"index","follow":"follow","max-snippet":"max-snippet:-1","max-image-preview":"max-image-preview:large","max-video-preview":"max-video-preview:-1"},"canonical":"https:\/\/discos-redondos.es\/ca\/producte\/the-miles-davis-sextet-the-thelonious-monk-quartet-miles-monk-at-newport\/","og_locale":"ca_ES","og_type":"article","og_title":"Miles & Monk At Newport - DISCOS REDONDOS","og_description":"The Miles Davis Sextet & The Thelonious Monk Quartet \u200e\u2013 Miles & Monk At Newport - Columbia \u200e\u2013 CL 2178, Music On Vinyl \u200e\u2013 MOVLP962, 8718469534524","og_url":"https:\/\/discos-redondos.es\/ca\/producte\/the-miles-davis-sextet-the-thelonious-monk-quartet-miles-monk-at-newport\/","og_site_name":"DISCOS REDONDOS","article_publisher":"https:\/\/www.facebook.com\/discosredondos45","article_modified_time":"2025-04-04T14:34:59+00:00","og_image":[{"width":293,"height":300,"url":"https:\/\/discos-redondos.es\/wp-content\/uploads\/2021\/06\/The-Miles-Davis-Sextet-The-Thelonious-Monk-Quartet-\u200e\u2013-Miles-Monk-At-Newport.jpg","type":"image\/jpeg"}],"twitter_card":"summary_large_image","twitter_misc":{"Temps estimat de lectura":"2 minuts"},"schema":{"@context":"https:\/\/schema.org","@graph":[{"@type":"WebPage","@id":"https:\/\/discos-redondos.es\/producto\/the-miles-davis-sextet-the-thelonious-monk-quartet-miles-monk-at-newport","url":"https:\/\/discos-redondos.es\/producto\/the-miles-davis-sextet-the-thelonious-monk-quartet-miles-monk-at-newport","name":"Miles & Monk At Newport - DISCOS REDONDOS","isPartOf":{"@id":"https:\/\/discos-redondos.es\/#website"},"primaryImageOfPage":{"@id":"https:\/\/discos-redondos.es\/producto\/the-miles-davis-sextet-the-thelonious-monk-quartet-miles-monk-at-newport#primaryimage"},"image":{"@id":"https:\/\/discos-redondos.es\/producto\/the-miles-davis-sextet-the-thelonious-monk-quartet-miles-monk-at-newport#primaryimage"},"thumbnailUrl":"https:\/\/discos-redondos.es\/wp-content\/uploads\/2021\/06\/The-Miles-Davis-Sextet-The-Thelonious-Monk-Quartet-\u200e\u2013-Miles-Monk-At-Newport.jpg","datePublished":"2021-06-17T15:05:39+00:00","dateModified":"2025-04-04T14:34:59+00:00","description":"The Miles Davis Sextet & The Thelonious Monk Quartet \u200e\u2013 Miles & Monk At Newport - Columbia \u200e\u2013 CL 2178, Music On Vinyl \u200e\u2013 MOVLP962, 8718469534524","breadcrumb":{"@id":"https:\/\/discos-redondos.es\/producto\/the-miles-davis-sextet-the-thelonious-monk-quartet-miles-monk-at-newport#breadcrumb"},"inLanguage":"ca","potentialAction":[{"@type":"ReadAction","target":["https:\/\/discos-redondos.es\/producto\/the-miles-davis-sextet-the-thelonious-monk-quartet-miles-monk-at-newport"]}]},{"@type":"ImageObject","inLanguage":"ca","@id":"https:\/\/discos-redondos.es\/producto\/the-miles-davis-sextet-the-thelonious-monk-quartet-miles-monk-at-newport#primaryimage","url":"https:\/\/discos-redondos.es\/wp-content\/uploads\/2021\/06\/The-Miles-Davis-Sextet-The-Thelonious-Monk-Quartet-\u200e\u2013-Miles-Monk-At-Newport.jpg","contentUrl":"https:\/\/discos-redondos.es\/wp-content\/uploads\/2021\/06\/The-Miles-Davis-Sextet-The-Thelonious-Monk-Quartet-\u200e\u2013-Miles-Monk-At-Newport.jpg","width":293,"height":300,"caption":"The Miles Davis Sextet & The Thelonious Monk Quartet \u200e\u2013 Miles & Monk At Newport"},{"@type":"BreadcrumbList","@id":"https:\/\/discos-redondos.es\/producto\/the-miles-davis-sextet-the-thelonious-monk-quartet-miles-monk-at-newport#breadcrumb","itemListElement":[{"@type":"ListItem","position":1,"name":"Portada","item":"https:\/\/discos-redondos.es\/"},{"@type":"ListItem","position":2,"name":"Tienda","item":"https:\/\/discos-redondos.es\/?page_id=487"},{"@type":"ListItem","position":3,"name":"Miles &#038; Monk At Newport"}]},{"@type":"WebSite","@id":"https:\/\/discos-redondos.es\/#website","url":"https:\/\/discos-redondos.es\/","name":"Discos Redondos","description":"La teva botiga de discos a Barcelona","publisher":{"@id":"https:\/\/discos-redondos.es\/#organization"},"alternateName":"Discos Redondos","potentialAction":[{"@type":"SearchAction","target":{"@type":"EntryPoint","urlTemplate":"https:\/\/discos-redondos.es\/?s={search_term_string}"},"query-input":{"@type":"PropertyValueSpecification","valueRequired":true,"valueName":"search_term_string"}}],"inLanguage":"ca"},{"@type":"Organization","@id":"https:\/\/discos-redondos.es\/#organization","name":"Discos Redondos","url":"https:\/\/discos-redondos.es\/","logo":{"@type":"ImageObject","inLanguage":"ca","@id":"https:\/\/discos-redondos.es\/#\/schema\/logo\/image\/","url":"https:\/\/discos-redondos.es\/wp-content\/uploads\/2023\/04\/aaff-logo-raval-1-1.jpg","contentUrl":"https:\/\/discos-redondos.es\/wp-content\/uploads\/2023\/04\/aaff-logo-raval-1-1.jpg","width":2362,"height":1441,"caption":"Discos Redondos"},"image":{"@id":"https:\/\/discos-redondos.es\/#\/schema\/logo\/image\/"},"sameAs":["https:\/\/www.facebook.com\/discosredondos45","https:\/\/www.instagram.com\/discos.redondos33\/?hl=es","https:\/\/discos-redondos.bandcamp.com\/"]}]}},"_links":{"self":[{"href":"https:\/\/discos-redondos.es\/ca\/wp-json\/wp\/v2\/product\/1694","targetHints":{"allow":["GET"]}}],"collection":[{"href":"https:\/\/discos-redondos.es\/ca\/wp-json\/wp\/v2\/product"}],"about":[{"href":"https:\/\/discos-redondos.es\/ca\/wp-json\/wp\/v2\/types\/product"}],"wp:featuredmedia":[{"embeddable":true,"href":"https:\/\/discos-redondos.es\/ca\/wp-json\/wp\/v2\/media\/1695"}],"wp:attachment":[{"href":"https:\/\/discos-redondos.es\/ca\/wp-json\/wp\/v2\/media?parent=1694"}],"wp:term":[{"taxonomy":"product_brand","embeddable":true,"href":"https:\/\/discos-redondos.es\/ca\/wp-json\/wp\/v2\/product_brand?post=1694"},{"taxonomy":"product_cat","embeddable":true,"href":"https:\/\/discos-redondos.es\/ca\/wp-json\/wp\/v2\/product_cat?post=1694"},{"taxonomy":"product_tag","embeddable":true,"href":"https:\/\/discos-redondos.es\/ca\/wp-json\/wp\/v2\/product_tag?post=1694"}],"curies":[{"name":"wp","href":"https:\/\/api.w.org\/{rel}","templated":true}]}}