{"id":1929,"date":"2021-06-22T16:40:40","date_gmt":"2021-06-22T16:40:40","guid":{"rendered":"https:\/\/discos-redondos.es\/?post_type=product&#038;p=1929"},"modified":"2026-04-16T10:17:52","modified_gmt":"2026-04-16T10:17:52","slug":"herbie-hancock-%e2%80%8e-secrets","status":"publish","type":"product","link":"https:\/\/discos-redondos.es\/ca\/producte\/herbie-hancock-%e2%80%8e-secrets","title":{"rendered":"Herbie Hancock \u200e\u2013 Secrets"},"content":{"rendered":"<h3>Herbie Hancock \u200e\u2013 Secrets<\/h3>\n<h3 class=\"group\">Tracklist<\/h3>\n<div class=\"section_content\">\n<table class=\"playlist\">\n<tbody>\n<tr class=\"first tracklist_track track\" data-track-position=\"A1\">\n<td class=\"tracklist_track_pos\">A1<\/td>\n<td class=\"track tracklist_track_title\"><span class=\"tracklist_track_title\">Doin&#8217; It<\/span><\/td>\n<td class=\"tracklist_track_duration\" width=\"25\">8:00<\/td>\n<\/tr>\n<tr class=\"tracklist_track track\" data-track-position=\"A2\">\n<td class=\"tracklist_track_pos\">A2<\/td>\n<td class=\"track tracklist_track_title\"><span class=\"tracklist_track_title\">People Music<\/span><\/td>\n<td class=\"tracklist_track_duration\" width=\"25\">7:07<\/td>\n<\/tr>\n<tr class=\"tracklist_track track\" data-track-position=\"A3\">\n<td class=\"tracklist_track_pos\">A3<\/td>\n<td class=\"track tracklist_track_title\"><span class=\"tracklist_track_title\">Cantelope Island<\/span><\/td>\n<td class=\"tracklist_track_duration\" width=\"25\">7:06<\/td>\n<\/tr>\n<tr class=\"tracklist_track track\" data-track-position=\"B1\">\n<td class=\"tracklist_track_pos\">B1<\/td>\n<td class=\"track tracklist_track_title\"><span class=\"tracklist_track_title\">Spider<\/span><\/td>\n<td class=\"tracklist_track_duration\" width=\"25\">7:20<\/td>\n<\/tr>\n<tr class=\"tracklist_track track\" data-track-position=\"B2\">\n<td class=\"tracklist_track_pos\">B2<\/td>\n<td class=\"track tracklist_track_title\"><span class=\"tracklist_track_title\">Gentle Thoughts<\/span><\/td>\n<td class=\"tracklist_track_duration\" width=\"25\">7:01<\/td>\n<\/tr>\n<tr class=\"tracklist_track track\" data-track-position=\"B3\">\n<td class=\"tracklist_track_pos\">B3<\/td>\n<td class=\"track tracklist_track_title\"><span class=\"tracklist_track_title\">Swamp Rat<\/span><\/td>\n<td class=\"tracklist_track_duration\" width=\"25\">6:25<\/td>\n<\/tr>\n<tr class=\"tracklist_track track\" data-track-position=\"B4\">\n<td class=\"tracklist_track_pos\">B4<\/td>\n<td class=\"track tracklist_track_title\"><span class=\"tracklist_track_title\">Sansho Shima<\/span><\/td>\n<td class=\"tracklist_track_duration\" width=\"25\">4:50<\/td>\n<\/tr>\n<\/tbody>\n<\/table>\n<p>&nbsp;<\/p>\n<p><iframe loading=\"lazy\" title=\"Herbie Hancock \u2013 Secrets | A\" width=\"832\" height=\"468\" src=\"https:\/\/www.youtube.com\/embed\/kpO4ISh_eic?feature=oembed\" frameborder=\"0\" allow=\"accelerometer; autoplay; clipboard-write; encrypted-media; gyroscope; picture-in-picture; web-share\" referrerpolicy=\"strict-origin-when-cross-origin\" allowfullscreen><\/iframe><\/p>\n<p><strong>Herbie Hancock \u200e\u2013 Secrets: <\/strong>Secrets es un \u00e1lbum de fusi\u00f3n y jazz-funk del teclista Herbie Hancock. Tambi\u00e9n es el decimos\u00e9ptimo \u00e1lbum de Hancock en general. Los m\u00fasicos participantes incluyen al saxofonista Bennie Maupin y al guitarrista Wah Wah Watson.<\/p>\n<p>El \u00e1lbum sigui\u00f3 claramente a su predecesor Man-Child. Como siempre, las l\u00edneas de bajo de Paul Jackson fueron cr\u00edticas, y el otro miembro regular del grupo, Bennie Maupin, continu\u00f3 tomando la mayor\u00eda de los solos junto a Hancock. Man-Child hab\u00edasupuesto la adici\u00f3n de la guitarra el\u00e9ctrica al sonido de Hancock, y Secrets supuso que el lugar de la guitarra en los arreglos cobraba una importancia crucial. Las extravagantes contribuciones de guitarra r\u00edtmica del destacado m\u00fasico de sesi\u00f3n de Motown, Wah Wah Watson, son una caracter\u00edstica particularmente notable del \u00e1lbum.<\/p>\n<p>Mientras que Man-Child se dividi\u00f3 en partes iguales entre pistas animadas y relajadas, Secrets enfatiz\u00f3 el estado de \u00e1nimo m\u00e1s suave y redondeado. Incluso las pistas m\u00e1s aceleradas, \u00abDoin&#8217; It\u00bb y \u00abCantelope Island\u00bb (una nueva versi\u00f3n de la composici\u00f3n de Hancock de 1964), est\u00e1n impregnadas de una influencia caribe\u00f1a relajada y, en general, el \u00e1lbum tiende hacia ritmos moderados y ondulantes en lugar de abiertamente power funk. Hancock usa los tonos suaves del piano Fender Rhodes y aprovecha los sintetizadores polif\u00f3nicos para contribuir con colchones gruesas, presagiando lo que ser\u00eda la m\u00fasica ambiental.<\/p>\n<p>Aunque veraniego y suave, el \u00e1lbum estaba lejos de la m\u00fasica lounge, con algunas secciones extremadamente abstractas e intensas, en particular en la segunda mitad; tambi\u00e9n es completamente instrumental salvo por las voces de la pista de apertura. En \u00e1lbumes sucesivos, Hancock fue incorporando m\u00e1s pistas vocales.<\/p>\n<p>&nbsp;<\/p>\n<\/div>","protected":false},"excerpt":{"rendered":"<p>Music On Vinyl, Columbia \u200e\u2013 MOVLP1023, 8718469535194<\/p>\n<p>LP edici\u00f3n europea en vinilo de 180 gramos<\/p>","protected":false},"featured_media":1930,"template":"","meta":[],"product_brand":[121],"product_cat":[93],"product_tag":[],"class_list":{"0":"post-1929","1":"product","2":"type-product","3":"status-publish","4":"has-post-thumbnail","6":"product_brand-music-on-vinyl","7":"product_cat-jazz-funk-jazz-fusion","9":"first","10":"instock","11":"taxable","12":"shipping-taxable","13":"purchasable","14":"product-type-simple"},"yoast_head":"<!-- This site is optimized with the Yoast SEO plugin v27.4 - https:\/\/yoast.com\/product\/yoast-seo-wordpress\/ -->\n<title>Herbie Hancock \u200e\u2013 Secrets - DISCOS REDONDOS<\/title>\n<meta name=\"description\" content=\"Herbie Hancock \u200e\u2013 Secrets - Music On Vinyl, Columbia \u200e\u2013 MOVLP1023, 8718469535194LP edici\u00f3n europea en vinilo de 180 gramos\" \/>\n<meta name=\"robots\" content=\"index, follow, max-snippet:-1, max-image-preview:large, max-video-preview:-1\" \/>\n<link rel=\"canonical\" href=\"https:\/\/discos-redondos.es\/ca\/producte\/herbie-hancock-\u200e-secrets\/\" \/>\n<meta property=\"og:locale\" content=\"ca_ES\" \/>\n<meta property=\"og:type\" content=\"article\" \/>\n<meta property=\"og:title\" content=\"Herbie Hancock \u200e\u2013 Secrets - DISCOS REDONDOS\" \/>\n<meta property=\"og:description\" content=\"Herbie Hancock \u200e\u2013 Secrets - Music On Vinyl, Columbia \u200e\u2013 MOVLP1023, 8718469535194LP edici\u00f3n europea en vinilo de 180 gramos\" \/>\n<meta property=\"og:url\" content=\"https:\/\/discos-redondos.es\/ca\/producte\/herbie-hancock-\u200e-secrets\/\" \/>\n<meta property=\"og:site_name\" content=\"DISCOS REDONDOS\" \/>\n<meta property=\"article:publisher\" content=\"https:\/\/www.facebook.com\/discosredondos45\" \/>\n<meta property=\"article:modified_time\" content=\"2026-04-16T10:17:52+00:00\" \/>\n<meta property=\"og:image\" content=\"https:\/\/discos-redondos.es\/wp-content\/uploads\/2021\/06\/Herbie-Hancock-\u200e\u2013-Secrets.jpg\" \/>\n\t<meta property=\"og:image:width\" content=\"400\" \/>\n\t<meta property=\"og:image:height\" content=\"400\" \/>\n\t<meta property=\"og:image:type\" content=\"image\/jpeg\" \/>\n<meta name=\"twitter:card\" content=\"summary_large_image\" \/>\n<meta name=\"twitter:label1\" content=\"Temps estimat de lectura\" \/>\n\t<meta name=\"twitter:data1\" content=\"2 minuts\" \/>\n<script type=\"application\/ld+json\" class=\"yoast-schema-graph\">{\"@context\":\"https:\\\/\\\/schema.org\",\"@graph\":[{\"@type\":\"WebPage\",\"@id\":\"https:\\\/\\\/discos-redondos.es\\\/producto\\\/herbie-hancock-%e2%80%8e-secrets\",\"url\":\"https:\\\/\\\/discos-redondos.es\\\/producto\\\/herbie-hancock-%e2%80%8e-secrets\",\"name\":\"Herbie Hancock \u200e\u2013 Secrets - DISCOS REDONDOS\",\"isPartOf\":{\"@id\":\"https:\\\/\\\/discos-redondos.es\\\/#website\"},\"primaryImageOfPage\":{\"@id\":\"https:\\\/\\\/discos-redondos.es\\\/producto\\\/herbie-hancock-%e2%80%8e-secrets#primaryimage\"},\"image\":{\"@id\":\"https:\\\/\\\/discos-redondos.es\\\/producto\\\/herbie-hancock-%e2%80%8e-secrets#primaryimage\"},\"thumbnailUrl\":\"https:\\\/\\\/discos-redondos.es\\\/wp-content\\\/uploads\\\/2021\\\/06\\\/Herbie-Hancock-\u200e\u2013-Secrets.jpg\",\"datePublished\":\"2021-06-22T16:40:40+00:00\",\"dateModified\":\"2026-04-16T10:17:52+00:00\",\"description\":\"Herbie Hancock \u200e\u2013 Secrets - Music On Vinyl, Columbia \u200e\u2013 MOVLP1023, 8718469535194LP edici\u00f3n europea en vinilo de 180 gramos\",\"breadcrumb\":{\"@id\":\"https:\\\/\\\/discos-redondos.es\\\/producto\\\/herbie-hancock-%e2%80%8e-secrets#breadcrumb\"},\"inLanguage\":\"ca\",\"potentialAction\":[{\"@type\":\"ReadAction\",\"target\":[\"https:\\\/\\\/discos-redondos.es\\\/producto\\\/herbie-hancock-%e2%80%8e-secrets\"]}]},{\"@type\":\"ImageObject\",\"inLanguage\":\"ca\",\"@id\":\"https:\\\/\\\/discos-redondos.es\\\/producto\\\/herbie-hancock-%e2%80%8e-secrets#primaryimage\",\"url\":\"https:\\\/\\\/discos-redondos.es\\\/wp-content\\\/uploads\\\/2021\\\/06\\\/Herbie-Hancock-\u200e\u2013-Secrets.jpg\",\"contentUrl\":\"https:\\\/\\\/discos-redondos.es\\\/wp-content\\\/uploads\\\/2021\\\/06\\\/Herbie-Hancock-\u200e\u2013-Secrets.jpg\",\"width\":400,\"height\":400,\"caption\":\"Herbie Hancock \u200e\u2013 Secrets\"},{\"@type\":\"BreadcrumbList\",\"@id\":\"https:\\\/\\\/discos-redondos.es\\\/producto\\\/herbie-hancock-%e2%80%8e-secrets#breadcrumb\",\"itemListElement\":[{\"@type\":\"ListItem\",\"position\":1,\"name\":\"Portada\",\"item\":\"https:\\\/\\\/discos-redondos.es\\\/\"},{\"@type\":\"ListItem\",\"position\":2,\"name\":\"Tienda\",\"item\":\"https:\\\/\\\/discos-redondos.es\\\/?page_id=487\"},{\"@type\":\"ListItem\",\"position\":3,\"name\":\"Herbie Hancock \u200e\u2013 Secrets\"}]},{\"@type\":\"WebSite\",\"@id\":\"https:\\\/\\\/discos-redondos.es\\\/#website\",\"url\":\"https:\\\/\\\/discos-redondos.es\\\/\",\"name\":\"Discos Redondos\",\"description\":\"Tu tienda de discos en Barcelona\",\"publisher\":{\"@id\":\"https:\\\/\\\/discos-redondos.es\\\/#organization\"},\"alternateName\":\"Discos Redondos\",\"potentialAction\":[{\"@type\":\"SearchAction\",\"target\":{\"@type\":\"EntryPoint\",\"urlTemplate\":\"https:\\\/\\\/discos-redondos.es\\\/?s={search_term_string}\"},\"query-input\":{\"@type\":\"PropertyValueSpecification\",\"valueRequired\":true,\"valueName\":\"search_term_string\"}}],\"inLanguage\":\"ca\"},{\"@type\":\"Organization\",\"@id\":\"https:\\\/\\\/discos-redondos.es\\\/#organization\",\"name\":\"Discos Redondos\",\"url\":\"https:\\\/\\\/discos-redondos.es\\\/\",\"logo\":{\"@type\":\"ImageObject\",\"inLanguage\":\"ca\",\"@id\":\"https:\\\/\\\/discos-redondos.es\\\/#\\\/schema\\\/logo\\\/image\\\/\",\"url\":\"https:\\\/\\\/discos-redondos.es\\\/wp-content\\\/uploads\\\/2023\\\/04\\\/aaff-logo-raval-1-1.jpg\",\"contentUrl\":\"https:\\\/\\\/discos-redondos.es\\\/wp-content\\\/uploads\\\/2023\\\/04\\\/aaff-logo-raval-1-1.jpg\",\"width\":2362,\"height\":1441,\"caption\":\"Discos Redondos\"},\"image\":{\"@id\":\"https:\\\/\\\/discos-redondos.es\\\/#\\\/schema\\\/logo\\\/image\\\/\"},\"sameAs\":[\"https:\\\/\\\/www.facebook.com\\\/discosredondos45\",\"https:\\\/\\\/www.instagram.com\\\/discos.redondos33\\\/?hl=es\",\"https:\\\/\\\/discos-redondos.bandcamp.com\\\/\"]}]}<\/script>\n<!-- \/ Yoast SEO plugin. -->","yoast_head_json":{"title":"Herbie Hancock \u200e\u2013 Secrets - DISCOS REDONDOS","description":"Herbie Hancock \u200e\u2013 Secrets - Music On Vinyl, Columbia \u200e\u2013 MOVLP1023, 8718469535194LP edici\u00f3n europea en vinilo de 180 gramos","robots":{"index":"index","follow":"follow","max-snippet":"max-snippet:-1","max-image-preview":"max-image-preview:large","max-video-preview":"max-video-preview:-1"},"canonical":"https:\/\/discos-redondos.es\/ca\/producte\/herbie-hancock-\u200e-secrets\/","og_locale":"ca_ES","og_type":"article","og_title":"Herbie Hancock \u200e\u2013 Secrets - DISCOS REDONDOS","og_description":"Herbie Hancock \u200e\u2013 Secrets - Music On Vinyl, Columbia \u200e\u2013 MOVLP1023, 8718469535194LP edici\u00f3n europea en vinilo de 180 gramos","og_url":"https:\/\/discos-redondos.es\/ca\/producte\/herbie-hancock-\u200e-secrets\/","og_site_name":"DISCOS REDONDOS","article_publisher":"https:\/\/www.facebook.com\/discosredondos45","article_modified_time":"2026-04-16T10:17:52+00:00","og_image":[{"width":400,"height":400,"url":"https:\/\/discos-redondos.es\/wp-content\/uploads\/2021\/06\/Herbie-Hancock-\u200e\u2013-Secrets.jpg","type":"image\/jpeg"}],"twitter_card":"summary_large_image","twitter_misc":{"Temps estimat de lectura":"2 minuts"},"schema":{"@context":"https:\/\/schema.org","@graph":[{"@type":"WebPage","@id":"https:\/\/discos-redondos.es\/producto\/herbie-hancock-%e2%80%8e-secrets","url":"https:\/\/discos-redondos.es\/producto\/herbie-hancock-%e2%80%8e-secrets","name":"Herbie Hancock \u200e\u2013 Secrets - DISCOS REDONDOS","isPartOf":{"@id":"https:\/\/discos-redondos.es\/#website"},"primaryImageOfPage":{"@id":"https:\/\/discos-redondos.es\/producto\/herbie-hancock-%e2%80%8e-secrets#primaryimage"},"image":{"@id":"https:\/\/discos-redondos.es\/producto\/herbie-hancock-%e2%80%8e-secrets#primaryimage"},"thumbnailUrl":"https:\/\/discos-redondos.es\/wp-content\/uploads\/2021\/06\/Herbie-Hancock-\u200e\u2013-Secrets.jpg","datePublished":"2021-06-22T16:40:40+00:00","dateModified":"2026-04-16T10:17:52+00:00","description":"Herbie Hancock \u200e\u2013 Secrets - Music On Vinyl, Columbia \u200e\u2013 MOVLP1023, 8718469535194LP edici\u00f3n europea en vinilo de 180 gramos","breadcrumb":{"@id":"https:\/\/discos-redondos.es\/producto\/herbie-hancock-%e2%80%8e-secrets#breadcrumb"},"inLanguage":"ca","potentialAction":[{"@type":"ReadAction","target":["https:\/\/discos-redondos.es\/producto\/herbie-hancock-%e2%80%8e-secrets"]}]},{"@type":"ImageObject","inLanguage":"ca","@id":"https:\/\/discos-redondos.es\/producto\/herbie-hancock-%e2%80%8e-secrets#primaryimage","url":"https:\/\/discos-redondos.es\/wp-content\/uploads\/2021\/06\/Herbie-Hancock-\u200e\u2013-Secrets.jpg","contentUrl":"https:\/\/discos-redondos.es\/wp-content\/uploads\/2021\/06\/Herbie-Hancock-\u200e\u2013-Secrets.jpg","width":400,"height":400,"caption":"Herbie Hancock \u200e\u2013 Secrets"},{"@type":"BreadcrumbList","@id":"https:\/\/discos-redondos.es\/producto\/herbie-hancock-%e2%80%8e-secrets#breadcrumb","itemListElement":[{"@type":"ListItem","position":1,"name":"Portada","item":"https:\/\/discos-redondos.es\/"},{"@type":"ListItem","position":2,"name":"Tienda","item":"https:\/\/discos-redondos.es\/?page_id=487"},{"@type":"ListItem","position":3,"name":"Herbie Hancock \u200e\u2013 Secrets"}]},{"@type":"WebSite","@id":"https:\/\/discos-redondos.es\/#website","url":"https:\/\/discos-redondos.es\/","name":"Discos Redondos","description":"La teva botiga de discos a Barcelona","publisher":{"@id":"https:\/\/discos-redondos.es\/#organization"},"alternateName":"Discos Redondos","potentialAction":[{"@type":"SearchAction","target":{"@type":"EntryPoint","urlTemplate":"https:\/\/discos-redondos.es\/?s={search_term_string}"},"query-input":{"@type":"PropertyValueSpecification","valueRequired":true,"valueName":"search_term_string"}}],"inLanguage":"ca"},{"@type":"Organization","@id":"https:\/\/discos-redondos.es\/#organization","name":"Discos Redondos","url":"https:\/\/discos-redondos.es\/","logo":{"@type":"ImageObject","inLanguage":"ca","@id":"https:\/\/discos-redondos.es\/#\/schema\/logo\/image\/","url":"https:\/\/discos-redondos.es\/wp-content\/uploads\/2023\/04\/aaff-logo-raval-1-1.jpg","contentUrl":"https:\/\/discos-redondos.es\/wp-content\/uploads\/2023\/04\/aaff-logo-raval-1-1.jpg","width":2362,"height":1441,"caption":"Discos Redondos"},"image":{"@id":"https:\/\/discos-redondos.es\/#\/schema\/logo\/image\/"},"sameAs":["https:\/\/www.facebook.com\/discosredondos45","https:\/\/www.instagram.com\/discos.redondos33\/?hl=es","https:\/\/discos-redondos.bandcamp.com\/"]}]}},"_links":{"self":[{"href":"https:\/\/discos-redondos.es\/ca\/wp-json\/wp\/v2\/product\/1929","targetHints":{"allow":["GET"]}}],"collection":[{"href":"https:\/\/discos-redondos.es\/ca\/wp-json\/wp\/v2\/product"}],"about":[{"href":"https:\/\/discos-redondos.es\/ca\/wp-json\/wp\/v2\/types\/product"}],"wp:featuredmedia":[{"embeddable":true,"href":"https:\/\/discos-redondos.es\/ca\/wp-json\/wp\/v2\/media\/1930"}],"wp:attachment":[{"href":"https:\/\/discos-redondos.es\/ca\/wp-json\/wp\/v2\/media?parent=1929"}],"wp:term":[{"taxonomy":"product_brand","embeddable":true,"href":"https:\/\/discos-redondos.es\/ca\/wp-json\/wp\/v2\/product_brand?post=1929"},{"taxonomy":"product_cat","embeddable":true,"href":"https:\/\/discos-redondos.es\/ca\/wp-json\/wp\/v2\/product_cat?post=1929"},{"taxonomy":"product_tag","embeddable":true,"href":"https:\/\/discos-redondos.es\/ca\/wp-json\/wp\/v2\/product_tag?post=1929"}],"curies":[{"name":"wp","href":"https:\/\/api.w.org\/{rel}","templated":true}]}}