{"id":2171,"date":"2021-06-26T16:52:58","date_gmt":"2021-06-26T16:52:58","guid":{"rendered":"https:\/\/discos-redondos.es\/?post_type=product&#038;p=2171"},"modified":"2025-07-21T14:55:40","modified_gmt":"2025-07-21T14:55:40","slug":"the-meters-fire-on-the-bayou","status":"publish","type":"product","link":"https:\/\/discos-redondos.es\/ca\/producte\/the-meters-fire-on-the-bayou","title":{"rendered":"The Meters \u200e\u2013 Fire On The Bayou"},"content":{"rendered":"<h3>The Meters \u200e\u2013 Fire On The Bayou<\/h3>\n<h3>(Expanded Edition)<\/h3>\n<h3 class=\"group\">Tracklist<\/h3>\n<div class=\"section_content\">\n<table class=\"playlist\">\n<tbody>\n<tr class=\"first tracklist_track track\" data-track-position=\"A1\">\n<td class=\"tracklist_track_pos\">A1<\/td>\n<td class=\"track tracklist_track_title\"><span class=\"tracklist_track_title\">Out In The Country<\/span><\/td>\n<td class=\"tracklist_track_duration\" width=\"25\"><\/td>\n<\/tr>\n<tr class=\"tracklist_track track\" data-track-position=\"A2\">\n<td class=\"tracklist_track_pos\">A2<\/td>\n<td class=\"track tracklist_track_title\"><span class=\"tracklist_track_title\">Fire On The Bayou<\/span><\/td>\n<td class=\"tracklist_track_duration\" width=\"25\"><\/td>\n<\/tr>\n<tr class=\"tracklist_track track\" data-track-position=\"A3\">\n<td class=\"tracklist_track_pos\">A3<\/td>\n<td class=\"track tracklist_track_title\"><span class=\"tracklist_track_title\">Love Slip Upon Ya<\/span><\/td>\n<td class=\"tracklist_track_duration\" width=\"25\"><\/td>\n<\/tr>\n<tr class=\"tracklist_track track\" data-track-position=\"A4\">\n<td class=\"tracklist_track_pos\">A4<\/td>\n<td class=\"track tracklist_track_title\"><span class=\"tracklist_track_title\">Talkin&#8217; &#8216;Bout New Orleans<\/span><\/td>\n<td class=\"tracklist_track_duration\" width=\"25\"><\/td>\n<\/tr>\n<tr class=\"tracklist_track track\" data-track-position=\"B1\">\n<td class=\"tracklist_track_pos\">B1<\/td>\n<td class=\"track tracklist_track_title\"><span class=\"tracklist_track_title\">They All Ask&#8217;d For You<\/span><\/td>\n<td class=\"tracklist_track_duration\" width=\"25\"><\/td>\n<\/tr>\n<tr class=\"tracklist_track track\" data-track-position=\"B2\">\n<td class=\"tracklist_track_pos\">B2<\/td>\n<td class=\"track tracklist_track_title\"><span class=\"tracklist_track_title\">Can You Do Without?<\/span><\/td>\n<td class=\"tracklist_track_duration\" width=\"25\"><\/td>\n<\/tr>\n<tr class=\"tracklist_track track\" data-track-position=\"B3\">\n<td class=\"tracklist_track_pos\">B3<\/td>\n<td class=\"track tracklist_track_title\"><span class=\"tracklist_track_title\">Liar<\/span><\/td>\n<td class=\"tracklist_track_duration\" width=\"25\"><\/td>\n<\/tr>\n<tr class=\"tracklist_track track\" data-track-position=\"B4\">\n<td class=\"tracklist_track_pos\">B4<\/td>\n<td class=\"track tracklist_track_title\"><span class=\"tracklist_track_title\">You&#8217;re A Friend Of Mine<\/span><\/td>\n<td class=\"tracklist_track_duration\" width=\"25\"><\/td>\n<\/tr>\n<tr class=\"tracklist_track track\" data-track-position=\"C1\">\n<td class=\"tracklist_track_pos\">C1<\/td>\n<td class=\"track tracklist_track_title\"><span class=\"tracklist_track_title\">Middle Of The Road<\/span><\/td>\n<td class=\"tracklist_track_duration\" width=\"25\"><\/td>\n<\/tr>\n<tr class=\"tracklist_track track\" data-track-position=\"C2\">\n<td class=\"tracklist_track_pos\">C2<\/td>\n<td class=\"track tracklist_track_title\"><span class=\"tracklist_track_title\">Running Fast<\/span><\/td>\n<td class=\"tracklist_track_duration\" width=\"25\"><\/td>\n<\/tr>\n<tr class=\"tracklist_track track\" data-track-position=\"C3\">\n<td class=\"tracklist_track_pos\">C3<\/td>\n<td class=\"track tracklist_track_title\"><span class=\"tracklist_track_title\">Mardi Gras Mambo<\/span><\/td>\n<td class=\"tracklist_track_duration\" width=\"25\"><\/td>\n<\/tr>\n<tr class=\"tracklist_track track\" data-track-position=\"C4\">\n<td class=\"tracklist_track_pos\">C4<\/td>\n<td class=\"track tracklist_track_title\"><span class=\"tracklist_track_title\">Running Fast (Bonus Track)<\/span><\/td>\n<td class=\"tracklist_track_duration\" width=\"25\"><\/td>\n<\/tr>\n<tr class=\"tracklist_track track\" data-track-position=\"D1\">\n<td class=\"tracklist_track_pos\">D1<\/td>\n<td class=\"track tracklist_track_title\"><span class=\"tracklist_track_title\">Keep On Marching (Bonus Track)<\/span><\/td>\n<td class=\"tracklist_track_duration\" width=\"25\"><\/td>\n<\/tr>\n<tr class=\"tracklist_track track\" data-track-position=\"D2\">\n<td class=\"tracklist_track_pos\">D2<\/td>\n<td class=\"track tracklist_track_title\"><span class=\"tracklist_track_title\">He Bite Me (Bonus Track)<\/span><\/td>\n<td class=\"tracklist_track_duration\" width=\"25\"><\/td>\n<\/tr>\n<tr class=\"tracklist_track track\" data-track-position=\"D3\">\n<td class=\"tracklist_track_pos\">D3<\/td>\n<td class=\"track tracklist_track_title\"><span class=\"tracklist_track_title\">Mother&#8217;s Love (Bonus Track)<\/span><\/td>\n<td class=\"tracklist_track_duration\" width=\"25\"><\/td>\n<\/tr>\n<tr class=\"tracklist_track track\" data-track-position=\"D4\">\n<td class=\"tracklist_track_pos\">D4<\/td>\n<td class=\"track tracklist_track_title\"><span class=\"tracklist_track_title\">Jambalaya (Bonus Track)<\/span><\/td>\n<\/tr>\n<\/tbody>\n<\/table>\n<p>&nbsp;<\/p>\n<p><iframe loading=\"lazy\" title=\"The Meters - &quot;Fire On The Bayou&quot;\" width=\"832\" height=\"624\" src=\"https:\/\/www.youtube.com\/embed\/phUTCsVAKXA?feature=oembed\" frameborder=\"0\" allow=\"accelerometer; autoplay; clipboard-write; encrypted-media; gyroscope; picture-in-picture; web-share\" referrerpolicy=\"strict-origin-when-cross-origin\" allowfullscreen><\/iframe><\/p>\n<p><strong>The Meters \u200e\u2013 Fire On The Bayou: <\/strong>Fire on the Bayou es el sexto \u00e1lbum de estudio de la banda de funk de New Orleans The Meters. Este fue el primer \u00e1lbum de la banda con Cyril Neville como miembro. En ese momento, la banda estaba recibiendo muy buenas cr\u00edticas por su directo. De acuerdo con una rese\u00f1a en The Real Paper, \u00abpodr\u00edan echar del escenario pr\u00e1cticamente a cualquier otra banda del pa\u00eds\u00bb.\u00a0 El \u00e1lbum fue lanzado en julio de 1975, en un momento en que el grupo estaba teloneando a los Rolling Stones en su gira por Estados Unidos. El \u00e1lbum vendi\u00f3 88.000 copias, lo que no cumpli\u00f3 con las expectativas de Reprise, el sello discogr\u00e1fico encargado del lanzamiento. Seg\u00fan Rupert Surcouf, el road manager de la banda en ese momento, el sello discogr\u00e1fico se dio cuenta de que \u00ablos Meters no encajaban en ning\u00fan molde convencional\u00bb, por lo que tuvieron dificultades para promocionar su m\u00fasica.<\/p>\n<p>Hoy d\u00eda est\u00e1 considerado un cl\u00e1sico del g\u00e9nero y un trabajo indispensable para entender el funk de New Orleans y el sonido del Sur en general.<\/p>\n<p>Esta edici\u00f3n realizada en la Uni\u00f3n Europea est\u00e1 prensada en vinilo de 180 gramos (2 discos en carpeta sencilla) y cuenta con 5 bonus tracks, no inclu\u00eddos en la edici\u00f3n original.<\/p>\n<p>&nbsp;<\/p>\n<\/div>","protected":false},"excerpt":{"rendered":"<p>Music On Vinyl, Reprise Records \u200e\u2013 MOVLP859, 8718469533503<\/p>\n<p>2 x LP en vinilo de 180 gramos<\/p>","protected":false},"featured_media":2175,"template":"","meta":[],"product_brand":[],"product_cat":[80],"product_tag":[],"class_list":{"0":"post-2171","1":"product","2":"type-product","3":"status-publish","4":"has-post-thumbnail","6":"product_cat-discos-de-vinilo-de-funk-y-soul","8":"first","9":"instock","10":"taxable","11":"shipping-taxable","12":"purchasable","13":"product-type-simple"},"yoast_head":"<!-- This site is optimized with the Yoast SEO plugin v27.4 - https:\/\/yoast.com\/product\/yoast-seo-wordpress\/ -->\n<title>The Meters \u200e\u2013 Fire On The Bayou - DISCOS REDONDOS<\/title>\n<meta name=\"description\" content=\"The Meters \u200e\u2013 Fire On The Bayou - Music On Vinyl, Reprise Records \u200e\u2013 MOVLP859, 8718469533503- 2 x LP en vinilo de 180 gramos\" \/>\n<meta name=\"robots\" content=\"index, follow, max-snippet:-1, max-image-preview:large, max-video-preview:-1\" \/>\n<link rel=\"canonical\" href=\"https:\/\/discos-redondos.es\/ca\/producte\/the-meters-fire-on-the-bayou\/\" \/>\n<meta property=\"og:locale\" content=\"ca_ES\" \/>\n<meta property=\"og:type\" content=\"article\" \/>\n<meta property=\"og:title\" content=\"The Meters \u200e\u2013 Fire On The Bayou - DISCOS REDONDOS\" \/>\n<meta property=\"og:description\" content=\"The Meters \u200e\u2013 Fire On The Bayou - Music On Vinyl, Reprise Records \u200e\u2013 MOVLP859, 8718469533503- 2 x LP en vinilo de 180 gramos\" \/>\n<meta property=\"og:url\" content=\"https:\/\/discos-redondos.es\/ca\/producte\/the-meters-fire-on-the-bayou\/\" \/>\n<meta property=\"og:site_name\" content=\"DISCOS REDONDOS\" \/>\n<meta property=\"article:publisher\" content=\"https:\/\/www.facebook.com\/discosredondos45\" \/>\n<meta property=\"article:modified_time\" content=\"2025-07-21T14:55:40+00:00\" \/>\n<meta property=\"og:image\" content=\"https:\/\/discos-redondos.es\/wp-content\/uploads\/2021\/06\/The-Meters-\u200e\u2013-Fire-On-The-Bayou-Expanded-Edition.jpg\" \/>\n\t<meta property=\"og:image:width\" content=\"600\" \/>\n\t<meta property=\"og:image:height\" content=\"600\" \/>\n\t<meta property=\"og:image:type\" content=\"image\/jpeg\" \/>\n<meta name=\"twitter:card\" content=\"summary_large_image\" \/>\n<meta name=\"twitter:label1\" content=\"Temps estimat de lectura\" \/>\n\t<meta name=\"twitter:data1\" content=\"2 minuts\" \/>\n<script type=\"application\/ld+json\" class=\"yoast-schema-graph\">{\"@context\":\"https:\\\/\\\/schema.org\",\"@graph\":[{\"@type\":\"WebPage\",\"@id\":\"https:\\\/\\\/discos-redondos.es\\\/producto\\\/the-meters-fire-on-the-bayou\",\"url\":\"https:\\\/\\\/discos-redondos.es\\\/producto\\\/the-meters-fire-on-the-bayou\",\"name\":\"The Meters \u200e\u2013 Fire On The Bayou - DISCOS REDONDOS\",\"isPartOf\":{\"@id\":\"https:\\\/\\\/discos-redondos.es\\\/#website\"},\"primaryImageOfPage\":{\"@id\":\"https:\\\/\\\/discos-redondos.es\\\/producto\\\/the-meters-fire-on-the-bayou#primaryimage\"},\"image\":{\"@id\":\"https:\\\/\\\/discos-redondos.es\\\/producto\\\/the-meters-fire-on-the-bayou#primaryimage\"},\"thumbnailUrl\":\"https:\\\/\\\/discos-redondos.es\\\/wp-content\\\/uploads\\\/2021\\\/06\\\/The-Meters-\u200e\u2013-Fire-On-The-Bayou-Expanded-Edition.jpg\",\"datePublished\":\"2021-06-26T16:52:58+00:00\",\"dateModified\":\"2025-07-21T14:55:40+00:00\",\"description\":\"The Meters \u200e\u2013 Fire On The Bayou - Music On Vinyl, Reprise Records \u200e\u2013 MOVLP859, 8718469533503- 2 x LP en vinilo de 180 gramos\",\"breadcrumb\":{\"@id\":\"https:\\\/\\\/discos-redondos.es\\\/producto\\\/the-meters-fire-on-the-bayou#breadcrumb\"},\"inLanguage\":\"ca\",\"potentialAction\":[{\"@type\":\"ReadAction\",\"target\":[\"https:\\\/\\\/discos-redondos.es\\\/producto\\\/the-meters-fire-on-the-bayou\"]}]},{\"@type\":\"ImageObject\",\"inLanguage\":\"ca\",\"@id\":\"https:\\\/\\\/discos-redondos.es\\\/producto\\\/the-meters-fire-on-the-bayou#primaryimage\",\"url\":\"https:\\\/\\\/discos-redondos.es\\\/wp-content\\\/uploads\\\/2021\\\/06\\\/The-Meters-\u200e\u2013-Fire-On-The-Bayou-Expanded-Edition.jpg\",\"contentUrl\":\"https:\\\/\\\/discos-redondos.es\\\/wp-content\\\/uploads\\\/2021\\\/06\\\/The-Meters-\u200e\u2013-Fire-On-The-Bayou-Expanded-Edition.jpg\",\"width\":600,\"height\":600,\"caption\":\"The Meters \u200e\u2013 Fire On The Bayou\"},{\"@type\":\"BreadcrumbList\",\"@id\":\"https:\\\/\\\/discos-redondos.es\\\/producto\\\/the-meters-fire-on-the-bayou#breadcrumb\",\"itemListElement\":[{\"@type\":\"ListItem\",\"position\":1,\"name\":\"Portada\",\"item\":\"https:\\\/\\\/discos-redondos.es\\\/\"},{\"@type\":\"ListItem\",\"position\":2,\"name\":\"Tienda\",\"item\":\"https:\\\/\\\/discos-redondos.es\\\/?page_id=487\"},{\"@type\":\"ListItem\",\"position\":3,\"name\":\"The Meters \u200e\u2013 Fire On The Bayou\"}]},{\"@type\":\"WebSite\",\"@id\":\"https:\\\/\\\/discos-redondos.es\\\/#website\",\"url\":\"https:\\\/\\\/discos-redondos.es\\\/\",\"name\":\"Discos Redondos\",\"description\":\"Tu tienda de discos en Barcelona\",\"publisher\":{\"@id\":\"https:\\\/\\\/discos-redondos.es\\\/#organization\"},\"alternateName\":\"Discos Redondos\",\"potentialAction\":[{\"@type\":\"SearchAction\",\"target\":{\"@type\":\"EntryPoint\",\"urlTemplate\":\"https:\\\/\\\/discos-redondos.es\\\/?s={search_term_string}\"},\"query-input\":{\"@type\":\"PropertyValueSpecification\",\"valueRequired\":true,\"valueName\":\"search_term_string\"}}],\"inLanguage\":\"ca\"},{\"@type\":\"Organization\",\"@id\":\"https:\\\/\\\/discos-redondos.es\\\/#organization\",\"name\":\"Discos Redondos\",\"url\":\"https:\\\/\\\/discos-redondos.es\\\/\",\"logo\":{\"@type\":\"ImageObject\",\"inLanguage\":\"ca\",\"@id\":\"https:\\\/\\\/discos-redondos.es\\\/#\\\/schema\\\/logo\\\/image\\\/\",\"url\":\"https:\\\/\\\/discos-redondos.es\\\/wp-content\\\/uploads\\\/2023\\\/04\\\/aaff-logo-raval-1-1.jpg\",\"contentUrl\":\"https:\\\/\\\/discos-redondos.es\\\/wp-content\\\/uploads\\\/2023\\\/04\\\/aaff-logo-raval-1-1.jpg\",\"width\":2362,\"height\":1441,\"caption\":\"Discos Redondos\"},\"image\":{\"@id\":\"https:\\\/\\\/discos-redondos.es\\\/#\\\/schema\\\/logo\\\/image\\\/\"},\"sameAs\":[\"https:\\\/\\\/www.facebook.com\\\/discosredondos45\",\"https:\\\/\\\/www.instagram.com\\\/discos.redondos33\\\/?hl=es\",\"https:\\\/\\\/discos-redondos.bandcamp.com\\\/\"]}]}<\/script>\n<!-- \/ Yoast SEO plugin. -->","yoast_head_json":{"title":"The Meters \u200e\u2013 Fire On The Bayou - DISCOS REDONDOS","description":"The Meters \u200e\u2013 Fire On The Bayou - Music On Vinyl, Reprise Records \u200e\u2013 MOVLP859, 8718469533503- 2 x LP en vinilo de 180 gramos","robots":{"index":"index","follow":"follow","max-snippet":"max-snippet:-1","max-image-preview":"max-image-preview:large","max-video-preview":"max-video-preview:-1"},"canonical":"https:\/\/discos-redondos.es\/ca\/producte\/the-meters-fire-on-the-bayou\/","og_locale":"ca_ES","og_type":"article","og_title":"The Meters \u200e\u2013 Fire On The Bayou - DISCOS REDONDOS","og_description":"The Meters \u200e\u2013 Fire On The Bayou - Music On Vinyl, Reprise Records \u200e\u2013 MOVLP859, 8718469533503- 2 x LP en vinilo de 180 gramos","og_url":"https:\/\/discos-redondos.es\/ca\/producte\/the-meters-fire-on-the-bayou\/","og_site_name":"DISCOS REDONDOS","article_publisher":"https:\/\/www.facebook.com\/discosredondos45","article_modified_time":"2025-07-21T14:55:40+00:00","og_image":[{"width":600,"height":600,"url":"https:\/\/discos-redondos.es\/wp-content\/uploads\/2021\/06\/The-Meters-\u200e\u2013-Fire-On-The-Bayou-Expanded-Edition.jpg","type":"image\/jpeg"}],"twitter_card":"summary_large_image","twitter_misc":{"Temps estimat de lectura":"2 minuts"},"schema":{"@context":"https:\/\/schema.org","@graph":[{"@type":"WebPage","@id":"https:\/\/discos-redondos.es\/producto\/the-meters-fire-on-the-bayou","url":"https:\/\/discos-redondos.es\/producto\/the-meters-fire-on-the-bayou","name":"The Meters \u200e\u2013 Fire On The Bayou - DISCOS REDONDOS","isPartOf":{"@id":"https:\/\/discos-redondos.es\/#website"},"primaryImageOfPage":{"@id":"https:\/\/discos-redondos.es\/producto\/the-meters-fire-on-the-bayou#primaryimage"},"image":{"@id":"https:\/\/discos-redondos.es\/producto\/the-meters-fire-on-the-bayou#primaryimage"},"thumbnailUrl":"https:\/\/discos-redondos.es\/wp-content\/uploads\/2021\/06\/The-Meters-\u200e\u2013-Fire-On-The-Bayou-Expanded-Edition.jpg","datePublished":"2021-06-26T16:52:58+00:00","dateModified":"2025-07-21T14:55:40+00:00","description":"The Meters \u200e\u2013 Fire On The Bayou - Music On Vinyl, Reprise Records \u200e\u2013 MOVLP859, 8718469533503- 2 x LP en vinilo de 180 gramos","breadcrumb":{"@id":"https:\/\/discos-redondos.es\/producto\/the-meters-fire-on-the-bayou#breadcrumb"},"inLanguage":"ca","potentialAction":[{"@type":"ReadAction","target":["https:\/\/discos-redondos.es\/producto\/the-meters-fire-on-the-bayou"]}]},{"@type":"ImageObject","inLanguage":"ca","@id":"https:\/\/discos-redondos.es\/producto\/the-meters-fire-on-the-bayou#primaryimage","url":"https:\/\/discos-redondos.es\/wp-content\/uploads\/2021\/06\/The-Meters-\u200e\u2013-Fire-On-The-Bayou-Expanded-Edition.jpg","contentUrl":"https:\/\/discos-redondos.es\/wp-content\/uploads\/2021\/06\/The-Meters-\u200e\u2013-Fire-On-The-Bayou-Expanded-Edition.jpg","width":600,"height":600,"caption":"The Meters \u200e\u2013 Fire On The Bayou"},{"@type":"BreadcrumbList","@id":"https:\/\/discos-redondos.es\/producto\/the-meters-fire-on-the-bayou#breadcrumb","itemListElement":[{"@type":"ListItem","position":1,"name":"Portada","item":"https:\/\/discos-redondos.es\/"},{"@type":"ListItem","position":2,"name":"Tienda","item":"https:\/\/discos-redondos.es\/?page_id=487"},{"@type":"ListItem","position":3,"name":"The Meters \u200e\u2013 Fire On The Bayou"}]},{"@type":"WebSite","@id":"https:\/\/discos-redondos.es\/#website","url":"https:\/\/discos-redondos.es\/","name":"Discos Redondos","description":"La teva botiga de discos a Barcelona","publisher":{"@id":"https:\/\/discos-redondos.es\/#organization"},"alternateName":"Discos Redondos","potentialAction":[{"@type":"SearchAction","target":{"@type":"EntryPoint","urlTemplate":"https:\/\/discos-redondos.es\/?s={search_term_string}"},"query-input":{"@type":"PropertyValueSpecification","valueRequired":true,"valueName":"search_term_string"}}],"inLanguage":"ca"},{"@type":"Organization","@id":"https:\/\/discos-redondos.es\/#organization","name":"Discos Redondos","url":"https:\/\/discos-redondos.es\/","logo":{"@type":"ImageObject","inLanguage":"ca","@id":"https:\/\/discos-redondos.es\/#\/schema\/logo\/image\/","url":"https:\/\/discos-redondos.es\/wp-content\/uploads\/2023\/04\/aaff-logo-raval-1-1.jpg","contentUrl":"https:\/\/discos-redondos.es\/wp-content\/uploads\/2023\/04\/aaff-logo-raval-1-1.jpg","width":2362,"height":1441,"caption":"Discos Redondos"},"image":{"@id":"https:\/\/discos-redondos.es\/#\/schema\/logo\/image\/"},"sameAs":["https:\/\/www.facebook.com\/discosredondos45","https:\/\/www.instagram.com\/discos.redondos33\/?hl=es","https:\/\/discos-redondos.bandcamp.com\/"]}]}},"_links":{"self":[{"href":"https:\/\/discos-redondos.es\/ca\/wp-json\/wp\/v2\/product\/2171","targetHints":{"allow":["GET"]}}],"collection":[{"href":"https:\/\/discos-redondos.es\/ca\/wp-json\/wp\/v2\/product"}],"about":[{"href":"https:\/\/discos-redondos.es\/ca\/wp-json\/wp\/v2\/types\/product"}],"wp:featuredmedia":[{"embeddable":true,"href":"https:\/\/discos-redondos.es\/ca\/wp-json\/wp\/v2\/media\/2175"}],"wp:attachment":[{"href":"https:\/\/discos-redondos.es\/ca\/wp-json\/wp\/v2\/media?parent=2171"}],"wp:term":[{"taxonomy":"product_brand","embeddable":true,"href":"https:\/\/discos-redondos.es\/ca\/wp-json\/wp\/v2\/product_brand?post=2171"},{"taxonomy":"product_cat","embeddable":true,"href":"https:\/\/discos-redondos.es\/ca\/wp-json\/wp\/v2\/product_cat?post=2171"},{"taxonomy":"product_tag","embeddable":true,"href":"https:\/\/discos-redondos.es\/ca\/wp-json\/wp\/v2\/product_tag?post=2171"}],"curies":[{"name":"wp","href":"https:\/\/api.w.org\/{rel}","templated":true}]}}