{"id":2440,"date":"2021-07-02T17:20:53","date_gmt":"2021-07-02T17:20:53","guid":{"rendered":"https:\/\/discos-redondos.es\/?post_type=product&#038;p=2440"},"modified":"2026-04-08T17:48:56","modified_gmt":"2026-04-08T17:48:56","slug":"mf-doom-operation-doomsday-original-cover","status":"publish","type":"product","link":"https:\/\/discos-redondos.es\/ca\/producte\/mf-doom-operation-doomsday-original-cover","title":{"rendered":"MF Doom \u200e\u2013 Operation: Doomsday"},"content":{"rendered":"<h3>MF Doom \u200e\u2013 Operation: Doomsday (Original cover)<\/h3>\n<h3 class=\"group\">Tracklist<\/h3>\n<div class=\"section_content\">\n<table class=\"playlist\">\n<tbody>\n<tr class=\"first tracklist_track track_heading\">\n<td class=\"tracklist_track_pos\"><\/td>\n<td class=\"tracklist_track_title\" colspan=\"2\">Side Zero<\/td>\n<\/tr>\n<tr class=\"tracklist_track track\" data-track-position=\"A1\">\n<td class=\"tracklist_track_pos\">A1<\/td>\n<td class=\"track tracklist_track_title\"><span class=\"tracklist_track_title\">The Time We Faced Doom (Skit)<\/span><\/td>\n<td class=\"tracklist_track_duration\" width=\"25\">2:04<\/td>\n<\/tr>\n<tr class=\"tracklist_track track\" data-track-position=\"A2\">\n<td class=\"tracklist_track_pos\">A2<\/td>\n<td class=\"track tracklist_track_title\"><span class=\"tracklist_track_title\">Doomsday<\/span><\/td>\n<td class=\"tracklist_track_duration\" width=\"25\">4:58<\/td>\n<\/tr>\n<tr class=\"tracklist_track track\" data-track-position=\"A3\">\n<td class=\"tracklist_track_pos\">A3<\/td>\n<td class=\"track tracklist_track_title\"><span class=\"tracklist_track_title\">Rhymes Like Dimes<\/span><\/td>\n<td class=\"tracklist_track_duration\" width=\"25\">4:18<\/td>\n<\/tr>\n<tr class=\"tracklist_track track\" data-track-position=\"A4\">\n<td class=\"tracklist_track_pos\">A4<\/td>\n<td class=\"track tracklist_track_title\"><span class=\"tracklist_track_title\">The Finest<\/span><\/td>\n<td class=\"tracklist_track_duration\" width=\"25\">4:01<\/td>\n<\/tr>\n<tr class=\"tracklist_track track\" data-track-position=\"A5\">\n<td class=\"tracklist_track_pos\">A5<\/td>\n<td class=\"track tracklist_track_title\"><span class=\"tracklist_track_title\">Back In The Days (Skit)<\/span><\/td>\n<td class=\"tracklist_track_duration\" width=\"25\">0:45<\/td>\n<\/tr>\n<tr class=\"tracklist_track track_heading\">\n<td class=\"tracklist_track_pos\"><\/td>\n<td class=\"tracklist_track_title\" colspan=\"2\">Side One<\/td>\n<\/tr>\n<tr class=\"tracklist_track track\" data-track-position=\"B1\">\n<td class=\"tracklist_track_pos\">B1<\/td>\n<td class=\"track tracklist_track_title\"><span class=\"tracklist_track_title\">Go With The Flow<\/span><\/td>\n<td class=\"tracklist_track_duration\" width=\"25\">3:36<\/td>\n<\/tr>\n<tr class=\"tracklist_track track\" data-track-position=\"B2\">\n<td class=\"tracklist_track_pos\">B2<\/td>\n<td class=\"track tracklist_track_title\"><span class=\"tracklist_track_title\">Tick, Tick&#8230;<\/span><\/td>\n<td class=\"tracklist_track_duration\" width=\"25\">4:04<\/td>\n<\/tr>\n<tr class=\"tracklist_track track\" data-track-position=\"B3\">\n<td class=\"tracklist_track_pos\">B3<\/td>\n<td class=\"track tracklist_track_title\"><span class=\"tracklist_track_title\">Red And Gold<\/span><\/td>\n<td class=\"tracklist_track_duration\" width=\"25\">4:42<\/td>\n<\/tr>\n<tr class=\"tracklist_track track\" data-track-position=\"B4\">\n<td class=\"tracklist_track_pos\">B4<\/td>\n<td class=\"track tracklist_track_title\"><span class=\"tracklist_track_title\">The Hands Of Doom (Skit)<\/span><\/td>\n<td class=\"tracklist_track_duration\" width=\"25\">1:50<\/td>\n<\/tr>\n<tr class=\"tracklist_track track\" data-track-position=\"B5\">\n<td class=\"tracklist_track_pos\">B5<\/td>\n<td class=\"track tracklist_track_title\"><span class=\"tracklist_track_title\">Who You Think I Am?<\/span><\/td>\n<td class=\"tracklist_track_duration\" width=\"25\">3:24<\/td>\n<\/tr>\n<tr class=\"tracklist_track track_heading\">\n<td class=\"tracklist_track_pos\"><\/td>\n<td class=\"tracklist_track_title\" colspan=\"2\">Side Two<\/td>\n<\/tr>\n<tr class=\"tracklist_track track\" data-track-position=\"C1\">\n<td class=\"tracklist_track_pos\">C1<\/td>\n<td class=\"track tracklist_track_title\"><span class=\"tracklist_track_title\">Doom, Are You Awake? (Skit)<\/span><\/td>\n<td class=\"tracklist_track_duration\" width=\"25\">1:12<\/td>\n<\/tr>\n<tr class=\"tracklist_track track\" data-track-position=\"C2\">\n<td class=\"tracklist_track_pos\">C2<\/td>\n<td class=\"track tracklist_track_title\"><span class=\"tracklist_track_title\">Hey!<\/span><\/td>\n<td class=\"tracklist_track_duration\" width=\"25\">3:46<\/td>\n<\/tr>\n<tr class=\"tracklist_track track\" data-track-position=\"C3\">\n<td class=\"tracklist_track_pos\">C3<\/td>\n<td class=\"track tracklist_track_title\"><span class=\"tracklist_track_title\">Operation: Greenbacks<\/span><\/td>\n<td class=\"tracklist_track_duration\" width=\"25\">3:46<\/td>\n<\/tr>\n<tr class=\"tracklist_track track\" data-track-position=\"C4\">\n<td class=\"tracklist_track_pos\">C4<\/td>\n<td class=\"track tracklist_track_title\"><span class=\"tracklist_track_title\">The Mic<\/span><\/td>\n<td class=\"tracklist_track_duration\" width=\"25\">3:02<\/td>\n<\/tr>\n<tr class=\"tracklist_track track\" data-track-position=\"C5\">\n<td class=\"tracklist_track_pos\">C5<\/td>\n<td class=\"track tracklist_track_title\"><span class=\"tracklist_track_title\">The Mystery Of Doom (Skit)<\/span><\/td>\n<td class=\"tracklist_track_duration\" width=\"25\">0:21<\/td>\n<\/tr>\n<tr class=\"tracklist_track track_heading\">\n<td class=\"tracklist_track_pos\"><\/td>\n<td class=\"tracklist_track_title\" colspan=\"2\">Side Three<\/td>\n<\/tr>\n<tr class=\"tracklist_track track\" data-track-position=\"D1\">\n<td class=\"tracklist_track_pos\">D1<\/td>\n<td class=\"track tracklist_track_title\"><span class=\"tracklist_track_title\">Dead Bent<\/span><\/td>\n<td class=\"tracklist_track_duration\" width=\"25\">2:22<\/td>\n<\/tr>\n<tr class=\"tracklist_track track\" data-track-position=\"D2\">\n<td class=\"tracklist_track_pos\">D2<\/td>\n<td class=\"track tracklist_track_title\"><span class=\"tracklist_track_title\">Gas Drawls<\/span><\/td>\n<td class=\"tracklist_track_duration\" width=\"25\">3:43<\/td>\n<\/tr>\n<tr class=\"tracklist_track track\" data-track-position=\"D3\">\n<td class=\"tracklist_track_pos\">D3<\/td>\n<td class=\"track tracklist_track_title\"><span class=\"tracklist_track_title\">?<\/span><\/td>\n<td class=\"tracklist_track_duration\" width=\"25\">3:09<\/td>\n<\/tr>\n<tr class=\"tracklist_track track\" data-track-position=\"D4\">\n<td class=\"tracklist_track_pos\">D4<\/td>\n<td class=\"track tracklist_track_title\"><span class=\"tracklist_track_title\">Hero v.s. Villain (Epilogue)<\/span><\/td>\n<td class=\"tracklist_track_duration\" width=\"25\">2:55<\/td>\n<\/tr>\n<\/tbody>\n<\/table>\n<p>&nbsp;<\/p>\n<p><iframe loading=\"lazy\" title=\"MF DOOM - The Time We Faced DOOM (ending beat)\" width=\"832\" height=\"624\" src=\"https:\/\/www.youtube.com\/embed\/jkWCtThxW9s?feature=oembed\" frameborder=\"0\" allow=\"accelerometer; autoplay; clipboard-write; encrypted-media; gyroscope; picture-in-picture; web-share\" referrerpolicy=\"strict-origin-when-cross-origin\" allowfullscreen><\/iframe><\/p>\n<p><strong>MF Doom \u200e\u2013 Operation: Doomsday: <\/strong>Operation: Doomsday es el \u00e1lbum de estudio debut del rapero MF DOOM, lanzado con Fondle &#8216;Em Records el 19 de octubre de 1999 y reeditado por Sub Verse Records en 2001 con una lista de canciones ligeramente alterada. Fue su primer lanzamiento en solitario bajo el nombre de MF DOOM despu\u00e9s de aparecer previamente como Zev Love X en el grupo KMD. Operation: Doomsday es considerado como uno de los \u00e1lbumes m\u00e1s influyentes en la historia del hip-hop independiente.<\/p>\n<p>Despu\u00e9s de su debut a fines de la d\u00e9cada de 1980, Daniel Dumile, entonces conocido como Zev Love X, sufri\u00f3 una serie de contratiempos desafortunados, incluida la muerte de su hermano y compa\u00f1ero de KMD, DJ Subroc, y el posterior abandono del segundo \u00e1lbum de estudio del grupo, Black Bastards. por parte de Elektra Records debido a su mensaje pol\u00edtico y por el arte de portada.<\/p>\n<p>Despu\u00e9s de la prematura muerte de su hermano y la disoluci\u00f3n de KMD en 1993, Zev Love X abandon\u00f3 la comunidad del hi hop y pasar\u00eda a\u00f1os casi en la indigencia. En 1997 resurgi\u00f3 como MF DOOM, cubri\u00e9ndose la cara en los shows y lanzando ssingles en el sello Fondle &#8216;Em Records de Bobbito Garc\u00eda. Los tres sencillos lanzados generaron suficiente entusiasmo para que Garc\u00eda aceptara firmar a DOOM para un \u00e1lbum.<\/p>\n<p>Operation: Doomsday fue producido por el mismo Daniel Dumile y grabado bajo su nuevo nombre MF DOOM, tambi\u00e9n conocido como Metal Face DOOM. La grabaci\u00f3n debe la mayor parte de su car\u00e1cter de la producci\u00f3n de lo-fi realizada por el propio DOOM.<\/p>\n<p>&nbsp;<\/p>\n<\/div>","protected":false},"excerpt":{"rendered":"<p>Metal Face Records \u200e\u2013 MF 93 LP, 829357009319<\/p>\n<p>2 x LP USA, reedici\u00f3n con p\u00f3ster y con la portada original<\/p>","protected":false},"featured_media":2443,"template":"","meta":[],"product_brand":[139],"product_cat":[74],"product_tag":[],"class_list":{"0":"post-2440","1":"product","2":"type-product","3":"status-publish","4":"has-post-thumbnail","6":"product_brand-rhymesayers-entertainment","7":"product_cat-hip-hop","9":"first","10":"instock","11":"taxable","12":"shipping-taxable","13":"purchasable","14":"product-type-simple"},"yoast_head":"<!-- This site is optimized with the Yoast SEO plugin v27.4 - https:\/\/yoast.com\/product\/yoast-seo-wordpress\/ -->\n<title>MF Doom \u200e\u2013 Operation: Doomsday - DISCOS REDONDOS<\/title>\n<meta name=\"description\" content=\"MF Doom \u200e\u2013 Operation: Doomsday - Metal Face Records \u200e\u2013 MF 93 LP, 829357009319 - 2 x LP USA, reedici\u00f3n con p\u00f3ster y con la portada original\" \/>\n<meta name=\"robots\" content=\"index, follow, max-snippet:-1, max-image-preview:large, max-video-preview:-1\" \/>\n<link rel=\"canonical\" href=\"https:\/\/discos-redondos.es\/ca\/producte\/mf-doom-operation-doomsday-original-cover\/\" \/>\n<meta property=\"og:locale\" content=\"ca_ES\" \/>\n<meta property=\"og:type\" content=\"article\" \/>\n<meta property=\"og:title\" content=\"MF Doom \u200e\u2013 Operation: Doomsday - DISCOS REDONDOS\" \/>\n<meta property=\"og:description\" content=\"MF Doom \u200e\u2013 Operation: Doomsday - Metal Face Records \u200e\u2013 MF 93 LP, 829357009319 - 2 x LP USA, reedici\u00f3n con p\u00f3ster y con la portada original\" \/>\n<meta property=\"og:url\" content=\"https:\/\/discos-redondos.es\/ca\/producte\/mf-doom-operation-doomsday-original-cover\/\" \/>\n<meta property=\"og:site_name\" content=\"DISCOS REDONDOS\" \/>\n<meta property=\"article:publisher\" content=\"https:\/\/www.facebook.com\/discosredondos45\" \/>\n<meta property=\"article:modified_time\" content=\"2026-04-08T17:48:56+00:00\" \/>\n<meta property=\"og:image\" content=\"https:\/\/discos-redondos.es\/wp-content\/uploads\/2021\/07\/MF-Doom-\u200e\u2013-Operation-org.jpg\" \/>\n\t<meta property=\"og:image:width\" content=\"600\" \/>\n\t<meta property=\"og:image:height\" content=\"599\" \/>\n\t<meta property=\"og:image:type\" content=\"image\/jpeg\" \/>\n<meta name=\"twitter:card\" content=\"summary_large_image\" \/>\n<meta name=\"twitter:label1\" content=\"Temps estimat de lectura\" \/>\n\t<meta name=\"twitter:data1\" content=\"2 minuts\" \/>\n<script type=\"application\/ld+json\" class=\"yoast-schema-graph\">{\"@context\":\"https:\\\/\\\/schema.org\",\"@graph\":[{\"@type\":\"WebPage\",\"@id\":\"https:\\\/\\\/discos-redondos.es\\\/producto\\\/mf-doom-operation-doomsday-original-cover\",\"url\":\"https:\\\/\\\/discos-redondos.es\\\/producto\\\/mf-doom-operation-doomsday-original-cover\",\"name\":\"MF Doom \u200e\u2013 Operation: Doomsday - DISCOS REDONDOS\",\"isPartOf\":{\"@id\":\"https:\\\/\\\/discos-redondos.es\\\/#website\"},\"primaryImageOfPage\":{\"@id\":\"https:\\\/\\\/discos-redondos.es\\\/producto\\\/mf-doom-operation-doomsday-original-cover#primaryimage\"},\"image\":{\"@id\":\"https:\\\/\\\/discos-redondos.es\\\/producto\\\/mf-doom-operation-doomsday-original-cover#primaryimage\"},\"thumbnailUrl\":\"https:\\\/\\\/discos-redondos.es\\\/wp-content\\\/uploads\\\/2021\\\/07\\\/MF-Doom-\u200e\u2013-Operation-org.jpg\",\"datePublished\":\"2021-07-02T17:20:53+00:00\",\"dateModified\":\"2026-04-08T17:48:56+00:00\",\"description\":\"MF Doom \u200e\u2013 Operation: Doomsday - Metal Face Records \u200e\u2013 MF 93 LP, 829357009319 - 2 x LP USA, reedici\u00f3n con p\u00f3ster y con la portada original\",\"breadcrumb\":{\"@id\":\"https:\\\/\\\/discos-redondos.es\\\/producto\\\/mf-doom-operation-doomsday-original-cover#breadcrumb\"},\"inLanguage\":\"ca\",\"potentialAction\":[{\"@type\":\"ReadAction\",\"target\":[\"https:\\\/\\\/discos-redondos.es\\\/producto\\\/mf-doom-operation-doomsday-original-cover\"]}]},{\"@type\":\"ImageObject\",\"inLanguage\":\"ca\",\"@id\":\"https:\\\/\\\/discos-redondos.es\\\/producto\\\/mf-doom-operation-doomsday-original-cover#primaryimage\",\"url\":\"https:\\\/\\\/discos-redondos.es\\\/wp-content\\\/uploads\\\/2021\\\/07\\\/MF-Doom-\u200e\u2013-Operation-org.jpg\",\"contentUrl\":\"https:\\\/\\\/discos-redondos.es\\\/wp-content\\\/uploads\\\/2021\\\/07\\\/MF-Doom-\u200e\u2013-Operation-org.jpg\",\"width\":600,\"height\":599,\"caption\":\"MF Doom \u200e\u2013 Operation: Doomsday\"},{\"@type\":\"BreadcrumbList\",\"@id\":\"https:\\\/\\\/discos-redondos.es\\\/producto\\\/mf-doom-operation-doomsday-original-cover#breadcrumb\",\"itemListElement\":[{\"@type\":\"ListItem\",\"position\":1,\"name\":\"Portada\",\"item\":\"https:\\\/\\\/discos-redondos.es\\\/\"},{\"@type\":\"ListItem\",\"position\":2,\"name\":\"Tienda\",\"item\":\"https:\\\/\\\/discos-redondos.es\\\/?page_id=487\"},{\"@type\":\"ListItem\",\"position\":3,\"name\":\"MF Doom \u200e\u2013 Operation: Doomsday\"}]},{\"@type\":\"WebSite\",\"@id\":\"https:\\\/\\\/discos-redondos.es\\\/#website\",\"url\":\"https:\\\/\\\/discos-redondos.es\\\/\",\"name\":\"Discos Redondos\",\"description\":\"Tu tienda de discos en Barcelona\",\"publisher\":{\"@id\":\"https:\\\/\\\/discos-redondos.es\\\/#organization\"},\"alternateName\":\"Discos Redondos\",\"potentialAction\":[{\"@type\":\"SearchAction\",\"target\":{\"@type\":\"EntryPoint\",\"urlTemplate\":\"https:\\\/\\\/discos-redondos.es\\\/?s={search_term_string}\"},\"query-input\":{\"@type\":\"PropertyValueSpecification\",\"valueRequired\":true,\"valueName\":\"search_term_string\"}}],\"inLanguage\":\"ca\"},{\"@type\":\"Organization\",\"@id\":\"https:\\\/\\\/discos-redondos.es\\\/#organization\",\"name\":\"Discos Redondos\",\"url\":\"https:\\\/\\\/discos-redondos.es\\\/\",\"logo\":{\"@type\":\"ImageObject\",\"inLanguage\":\"ca\",\"@id\":\"https:\\\/\\\/discos-redondos.es\\\/#\\\/schema\\\/logo\\\/image\\\/\",\"url\":\"https:\\\/\\\/discos-redondos.es\\\/wp-content\\\/uploads\\\/2023\\\/04\\\/aaff-logo-raval-1-1.jpg\",\"contentUrl\":\"https:\\\/\\\/discos-redondos.es\\\/wp-content\\\/uploads\\\/2023\\\/04\\\/aaff-logo-raval-1-1.jpg\",\"width\":2362,\"height\":1441,\"caption\":\"Discos Redondos\"},\"image\":{\"@id\":\"https:\\\/\\\/discos-redondos.es\\\/#\\\/schema\\\/logo\\\/image\\\/\"},\"sameAs\":[\"https:\\\/\\\/www.facebook.com\\\/discosredondos45\",\"https:\\\/\\\/www.instagram.com\\\/discos.redondos33\\\/?hl=es\",\"https:\\\/\\\/discos-redondos.bandcamp.com\\\/\"]}]}<\/script>\n<!-- \/ Yoast SEO plugin. -->","yoast_head_json":{"title":"MF Doom \u200e\u2013 Operation: Doomsday - DISCOS REDONDOS","description":"MF Doom \u200e\u2013 Operation: Doomsday - Metal Face Records \u200e\u2013 MF 93 LP, 829357009319 - 2 x LP USA, reedici\u00f3n con p\u00f3ster y con la portada original","robots":{"index":"index","follow":"follow","max-snippet":"max-snippet:-1","max-image-preview":"max-image-preview:large","max-video-preview":"max-video-preview:-1"},"canonical":"https:\/\/discos-redondos.es\/ca\/producte\/mf-doom-operation-doomsday-original-cover\/","og_locale":"ca_ES","og_type":"article","og_title":"MF Doom \u200e\u2013 Operation: Doomsday - DISCOS REDONDOS","og_description":"MF Doom \u200e\u2013 Operation: Doomsday - Metal Face Records \u200e\u2013 MF 93 LP, 829357009319 - 2 x LP USA, reedici\u00f3n con p\u00f3ster y con la portada original","og_url":"https:\/\/discos-redondos.es\/ca\/producte\/mf-doom-operation-doomsday-original-cover\/","og_site_name":"DISCOS REDONDOS","article_publisher":"https:\/\/www.facebook.com\/discosredondos45","article_modified_time":"2026-04-08T17:48:56+00:00","og_image":[{"width":600,"height":599,"url":"https:\/\/discos-redondos.es\/wp-content\/uploads\/2021\/07\/MF-Doom-\u200e\u2013-Operation-org.jpg","type":"image\/jpeg"}],"twitter_card":"summary_large_image","twitter_misc":{"Temps estimat de lectura":"2 minuts"},"schema":{"@context":"https:\/\/schema.org","@graph":[{"@type":"WebPage","@id":"https:\/\/discos-redondos.es\/producto\/mf-doom-operation-doomsday-original-cover","url":"https:\/\/discos-redondos.es\/producto\/mf-doom-operation-doomsday-original-cover","name":"MF Doom \u200e\u2013 Operation: Doomsday - DISCOS REDONDOS","isPartOf":{"@id":"https:\/\/discos-redondos.es\/#website"},"primaryImageOfPage":{"@id":"https:\/\/discos-redondos.es\/producto\/mf-doom-operation-doomsday-original-cover#primaryimage"},"image":{"@id":"https:\/\/discos-redondos.es\/producto\/mf-doom-operation-doomsday-original-cover#primaryimage"},"thumbnailUrl":"https:\/\/discos-redondos.es\/wp-content\/uploads\/2021\/07\/MF-Doom-\u200e\u2013-Operation-org.jpg","datePublished":"2021-07-02T17:20:53+00:00","dateModified":"2026-04-08T17:48:56+00:00","description":"MF Doom \u200e\u2013 Operation: Doomsday - Metal Face Records \u200e\u2013 MF 93 LP, 829357009319 - 2 x LP USA, reedici\u00f3n con p\u00f3ster y con la portada original","breadcrumb":{"@id":"https:\/\/discos-redondos.es\/producto\/mf-doom-operation-doomsday-original-cover#breadcrumb"},"inLanguage":"ca","potentialAction":[{"@type":"ReadAction","target":["https:\/\/discos-redondos.es\/producto\/mf-doom-operation-doomsday-original-cover"]}]},{"@type":"ImageObject","inLanguage":"ca","@id":"https:\/\/discos-redondos.es\/producto\/mf-doom-operation-doomsday-original-cover#primaryimage","url":"https:\/\/discos-redondos.es\/wp-content\/uploads\/2021\/07\/MF-Doom-\u200e\u2013-Operation-org.jpg","contentUrl":"https:\/\/discos-redondos.es\/wp-content\/uploads\/2021\/07\/MF-Doom-\u200e\u2013-Operation-org.jpg","width":600,"height":599,"caption":"MF Doom \u200e\u2013 Operation: Doomsday"},{"@type":"BreadcrumbList","@id":"https:\/\/discos-redondos.es\/producto\/mf-doom-operation-doomsday-original-cover#breadcrumb","itemListElement":[{"@type":"ListItem","position":1,"name":"Portada","item":"https:\/\/discos-redondos.es\/"},{"@type":"ListItem","position":2,"name":"Tienda","item":"https:\/\/discos-redondos.es\/?page_id=487"},{"@type":"ListItem","position":3,"name":"MF Doom \u200e\u2013 Operation: Doomsday"}]},{"@type":"WebSite","@id":"https:\/\/discos-redondos.es\/#website","url":"https:\/\/discos-redondos.es\/","name":"Discos Redondos","description":"La teva botiga de discos a Barcelona","publisher":{"@id":"https:\/\/discos-redondos.es\/#organization"},"alternateName":"Discos Redondos","potentialAction":[{"@type":"SearchAction","target":{"@type":"EntryPoint","urlTemplate":"https:\/\/discos-redondos.es\/?s={search_term_string}"},"query-input":{"@type":"PropertyValueSpecification","valueRequired":true,"valueName":"search_term_string"}}],"inLanguage":"ca"},{"@type":"Organization","@id":"https:\/\/discos-redondos.es\/#organization","name":"Discos Redondos","url":"https:\/\/discos-redondos.es\/","logo":{"@type":"ImageObject","inLanguage":"ca","@id":"https:\/\/discos-redondos.es\/#\/schema\/logo\/image\/","url":"https:\/\/discos-redondos.es\/wp-content\/uploads\/2023\/04\/aaff-logo-raval-1-1.jpg","contentUrl":"https:\/\/discos-redondos.es\/wp-content\/uploads\/2023\/04\/aaff-logo-raval-1-1.jpg","width":2362,"height":1441,"caption":"Discos Redondos"},"image":{"@id":"https:\/\/discos-redondos.es\/#\/schema\/logo\/image\/"},"sameAs":["https:\/\/www.facebook.com\/discosredondos45","https:\/\/www.instagram.com\/discos.redondos33\/?hl=es","https:\/\/discos-redondos.bandcamp.com\/"]}]}},"_links":{"self":[{"href":"https:\/\/discos-redondos.es\/ca\/wp-json\/wp\/v2\/product\/2440","targetHints":{"allow":["GET"]}}],"collection":[{"href":"https:\/\/discos-redondos.es\/ca\/wp-json\/wp\/v2\/product"}],"about":[{"href":"https:\/\/discos-redondos.es\/ca\/wp-json\/wp\/v2\/types\/product"}],"wp:featuredmedia":[{"embeddable":true,"href":"https:\/\/discos-redondos.es\/ca\/wp-json\/wp\/v2\/media\/2443"}],"wp:attachment":[{"href":"https:\/\/discos-redondos.es\/ca\/wp-json\/wp\/v2\/media?parent=2440"}],"wp:term":[{"taxonomy":"product_brand","embeddable":true,"href":"https:\/\/discos-redondos.es\/ca\/wp-json\/wp\/v2\/product_brand?post=2440"},{"taxonomy":"product_cat","embeddable":true,"href":"https:\/\/discos-redondos.es\/ca\/wp-json\/wp\/v2\/product_cat?post=2440"},{"taxonomy":"product_tag","embeddable":true,"href":"https:\/\/discos-redondos.es\/ca\/wp-json\/wp\/v2\/product_tag?post=2440"}],"curies":[{"name":"wp","href":"https:\/\/api.w.org\/{rel}","templated":true}]}}