{"id":2871,"date":"2021-09-08T16:41:35","date_gmt":"2021-09-08T16:41:35","guid":{"rendered":"https:\/\/discos-redondos.es\/?post_type=product&#038;p=2871"},"modified":"2025-11-03T17:01:30","modified_gmt":"2025-11-03T17:01:30","slug":"sonny-clark-cool-struttin","status":"publish","type":"product","link":"https:\/\/discos-redondos.es\/ca\/producte\/sonny-clark-cool-struttin","title":{"rendered":"Sonny Clark \u2013 Cool Struttin&#8217;"},"content":{"rendered":"<header class=\"header_W2hzl\" role=\"\">\n<h3>Sonny Clark &#8211; Cool Struttin&#8217;<\/h3>\n<h3>Tracklist<\/h3>\n<\/header>\n<div class=\"content_1TFzi\">\n<table class=\"tracklist_3QGRS\">\n<tbody>\n<tr data-track-position=\"A1\">\n<td class=\"trackPos_2RCje\">A1<\/td>\n<td class=\"artist_3zAQD\"><\/td>\n<td class=\"trackTitle_CTKp4\"><span class=\"trackTitle_CTKp4\">Cool Struttin&#8217;<\/span><\/td>\n<\/tr>\n<tr data-track-position=\"A2\">\n<td class=\"trackPos_2RCje\">A2<\/td>\n<td class=\"artist_3zAQD\"><\/td>\n<td class=\"trackTitle_CTKp4\"><span class=\"trackTitle_CTKp4\">Blue Minor<\/span><\/td>\n<\/tr>\n<tr data-track-position=\"B1\">\n<td class=\"trackPos_2RCje\">B1<\/td>\n<td class=\"artist_3zAQD\"><\/td>\n<td class=\"trackTitle_CTKp4\"><span class=\"trackTitle_CTKp4\">Sippin&#8217; At Bells<\/span><\/td>\n<\/tr>\n<tr data-track-position=\"B2\">\n<td class=\"trackPos_2RCje\">B2<\/td>\n<td class=\"artist_3zAQD\"><\/td>\n<td class=\"trackTitle_CTKp4\"><span class=\"trackTitle_CTKp4\">Deep Night<\/span><\/td>\n<\/tr>\n<\/tbody>\n<\/table>\n<p>https:\/\/youtu.be\/W3FLd1eBmTU<\/p>\n<p>Sonny Clark \u2013 Cool Struttin&#8217;: Sonny Clark (Conrad Yeatis Clark, Herminie, de Pensilvania, 21 de julio de 1931 \u2013 13 de enero de 1963) fue un pianista de jazz que principalmente se desarroll\u00f3 dentro del idioma del hard bop.<\/p>\n<p>Naci\u00f3 y fue criado en Herminie. A la edad de 12 a\u00f1os se mud\u00f3 a Pittsburgh. Cuando estaba de visita en California, a los 20 a\u00f1os, decidi\u00f3 quedarse y comenzar a trabajar con el saxofonista Wardell Gray. Clark fue a San Francisco con Oscar Pettiford y, al cabo de un par de meses, estaba trabajando con el clarinetista Buddy DeFranco. Era 1953. Clark recorri\u00f3 los Estados Unidos y Europa con DeFranco hasta enero de 1956, cuando se uni\u00f3 a The Lighthouse All-Stars, orquesta de The Lighthouse Cafe de Hermosa Beach dirigida por el contrabajista Howard Rumsey.<\/p>\n<p>Su deseo de volver a la costa este le llev\u00f3 a acepar un trabajo como acompa\u00f1ante de la cantante Dinah Washington en febrero de 1957, mud\u00e1ndose a Nueva York. Grab\u00f3 para Blue Note Records con muchos m\u00fasicos de hard bop, entre ellos Kenny Burrell, Donald Byrd, Paul Chambers, John Coltrane, Dexter Gordon, Art Farmer, Curtis Fuller, Grant Green, Philly Joe Jones, Clifford Jordan, Jackie McLean, Hank Mobley, Art Taylor y Wilbur Ware. Tambi\u00e9n grab\u00f3 sesiones con Charles Mingus, Sonny Rollins, Billie Holiday, Stanley Turrentine, y Lee Morgan.<\/p>\n<p>Como lider, grab\u00f3 los siguientes \u00e1lbumes:<\/p>\n<ul>\n<li>Dial \u00abS\u00bb for Sonny (1957).<\/li>\n<li>Sonny&#8217;s Crib (1957).<\/li>\n<li>Sonny Clark Trio (1957), con Paul Chambers y Philly Joe Jones.<\/li>\n<li>Sonny Clark \u2013 Cool Struttin&#8217;\u00a0(1958).<\/li>\n<li>Sonny Clark Trio, con George Duvivier y Max Roach, publicado en 1960.<\/li>\n<\/ul>\n<p>Clark muri\u00f3 de un ataque al coraz\u00f3n en la ciudad de Nueva York.\u200b Se atribuye su temprana muerte al abuso de las drogas y el alcohol.<\/p>\n<\/div>","protected":false},"excerpt":{"rendered":"<p>Blue Note, UMe \u2013 3579178, Blue Note \u2013 ST-81588, UMe \u2013 00602435791784<\/p>\n<p>LP en vinilo de 180 gramos perteneciente a la serie Blue Note Classic Vinyl Series<\/p>\n<p>Sonny Clark \u2013 Cool Struttin&#8217;<\/p>","protected":false},"featured_media":2874,"template":"","meta":[],"product_brand":[],"product_cat":[77],"product_tag":[],"class_list":{"0":"post-2871","1":"product","2":"type-product","3":"status-publish","4":"has-post-thumbnail","6":"product_cat-jazz","8":"first","9":"instock","10":"taxable","11":"shipping-taxable","12":"purchasable","13":"product-type-simple"},"yoast_head":"<!-- This site is optimized with the Yoast SEO plugin v27.3 - https:\/\/yoast.com\/product\/yoast-seo-wordpress\/ -->\n<title>Sonny Clark \u2013 Cool Struttin&#039; - DISCOS REDONDOS<\/title>\n<meta name=\"description\" content=\"Sonny Clark \u2013 Cool Struttin&#039;- LP en vinilo de 180 gramos perteneciente a la serie Blue Note Classic Vinyl Series - Blue Note, 3579178, UMe \u2013 00602435791784\" \/>\n<meta name=\"robots\" content=\"index, follow, max-snippet:-1, max-image-preview:large, max-video-preview:-1\" \/>\n<link rel=\"canonical\" href=\"https:\/\/discos-redondos.es\/ca\/producte\/sonny-clark-cool-struttin\/\" \/>\n<meta property=\"og:locale\" content=\"ca_ES\" \/>\n<meta property=\"og:type\" content=\"article\" \/>\n<meta property=\"og:title\" content=\"Sonny Clark \u2013 Cool Struttin&#039; - DISCOS REDONDOS\" \/>\n<meta property=\"og:description\" content=\"Sonny Clark \u2013 Cool Struttin&#039;- LP en vinilo de 180 gramos perteneciente a la serie Blue Note Classic Vinyl Series - Blue Note, 3579178, UMe \u2013 00602435791784\" \/>\n<meta property=\"og:url\" content=\"https:\/\/discos-redondos.es\/ca\/producte\/sonny-clark-cool-struttin\/\" \/>\n<meta property=\"og:site_name\" content=\"DISCOS REDONDOS\" \/>\n<meta property=\"article:publisher\" content=\"https:\/\/www.facebook.com\/discosredondos45\" \/>\n<meta property=\"article:modified_time\" content=\"2025-11-03T17:01:30+00:00\" \/>\n<meta property=\"og:image\" content=\"https:\/\/discos-redondos.es\/wp-content\/uploads\/2021\/09\/Sonny-Clark-\u2013-Cool-Struttin.jpg\" \/>\n\t<meta property=\"og:image:width\" content=\"569\" \/>\n\t<meta property=\"og:image:height\" content=\"566\" \/>\n\t<meta property=\"og:image:type\" content=\"image\/jpeg\" \/>\n<meta name=\"twitter:card\" content=\"summary_large_image\" \/>\n<meta name=\"twitter:label1\" content=\"Temps estimat de lectura\" \/>\n\t<meta name=\"twitter:data1\" content=\"2 minuts\" \/>\n<script type=\"application\/ld+json\" class=\"yoast-schema-graph\">{\"@context\":\"https:\\\/\\\/schema.org\",\"@graph\":[{\"@type\":\"WebPage\",\"@id\":\"https:\\\/\\\/discos-redondos.es\\\/producto\\\/sonny-clark-cool-struttin\",\"url\":\"https:\\\/\\\/discos-redondos.es\\\/producto\\\/sonny-clark-cool-struttin\",\"name\":\"Sonny Clark \u2013 Cool Struttin' - DISCOS REDONDOS\",\"isPartOf\":{\"@id\":\"https:\\\/\\\/discos-redondos.es\\\/#website\"},\"primaryImageOfPage\":{\"@id\":\"https:\\\/\\\/discos-redondos.es\\\/producto\\\/sonny-clark-cool-struttin#primaryimage\"},\"image\":{\"@id\":\"https:\\\/\\\/discos-redondos.es\\\/producto\\\/sonny-clark-cool-struttin#primaryimage\"},\"thumbnailUrl\":\"https:\\\/\\\/discos-redondos.es\\\/wp-content\\\/uploads\\\/2021\\\/09\\\/Sonny-Clark-\u2013-Cool-Struttin.jpg\",\"datePublished\":\"2021-09-08T16:41:35+00:00\",\"dateModified\":\"2025-11-03T17:01:30+00:00\",\"description\":\"Sonny Clark \u2013 Cool Struttin'- LP en vinilo de 180 gramos perteneciente a la serie Blue Note Classic Vinyl Series - Blue Note, 3579178, UMe \u2013 00602435791784\",\"breadcrumb\":{\"@id\":\"https:\\\/\\\/discos-redondos.es\\\/producto\\\/sonny-clark-cool-struttin#breadcrumb\"},\"inLanguage\":\"ca\",\"potentialAction\":[{\"@type\":\"ReadAction\",\"target\":[\"https:\\\/\\\/discos-redondos.es\\\/producto\\\/sonny-clark-cool-struttin\"]}]},{\"@type\":\"ImageObject\",\"inLanguage\":\"ca\",\"@id\":\"https:\\\/\\\/discos-redondos.es\\\/producto\\\/sonny-clark-cool-struttin#primaryimage\",\"url\":\"https:\\\/\\\/discos-redondos.es\\\/wp-content\\\/uploads\\\/2021\\\/09\\\/Sonny-Clark-\u2013-Cool-Struttin.jpg\",\"contentUrl\":\"https:\\\/\\\/discos-redondos.es\\\/wp-content\\\/uploads\\\/2021\\\/09\\\/Sonny-Clark-\u2013-Cool-Struttin.jpg\",\"width\":569,\"height\":566,\"caption\":\"Sonny Clark \u2013 Cool Struttin'\"},{\"@type\":\"BreadcrumbList\",\"@id\":\"https:\\\/\\\/discos-redondos.es\\\/producto\\\/sonny-clark-cool-struttin#breadcrumb\",\"itemListElement\":[{\"@type\":\"ListItem\",\"position\":1,\"name\":\"Portada\",\"item\":\"https:\\\/\\\/discos-redondos.es\\\/\"},{\"@type\":\"ListItem\",\"position\":2,\"name\":\"Tienda\",\"item\":\"https:\\\/\\\/discos-redondos.es\\\/?page_id=487\"},{\"@type\":\"ListItem\",\"position\":3,\"name\":\"Sonny Clark \u2013 Cool Struttin&#8217;\"}]},{\"@type\":\"WebSite\",\"@id\":\"https:\\\/\\\/discos-redondos.es\\\/#website\",\"url\":\"https:\\\/\\\/discos-redondos.es\\\/\",\"name\":\"Discos Redondos\",\"description\":\"Tu tienda de discos en Barcelona\",\"publisher\":{\"@id\":\"https:\\\/\\\/discos-redondos.es\\\/#organization\"},\"alternateName\":\"Discos Redondos\",\"potentialAction\":[{\"@type\":\"SearchAction\",\"target\":{\"@type\":\"EntryPoint\",\"urlTemplate\":\"https:\\\/\\\/discos-redondos.es\\\/?s={search_term_string}\"},\"query-input\":{\"@type\":\"PropertyValueSpecification\",\"valueRequired\":true,\"valueName\":\"search_term_string\"}}],\"inLanguage\":\"ca\"},{\"@type\":\"Organization\",\"@id\":\"https:\\\/\\\/discos-redondos.es\\\/#organization\",\"name\":\"Discos Redondos\",\"url\":\"https:\\\/\\\/discos-redondos.es\\\/\",\"logo\":{\"@type\":\"ImageObject\",\"inLanguage\":\"ca\",\"@id\":\"https:\\\/\\\/discos-redondos.es\\\/#\\\/schema\\\/logo\\\/image\\\/\",\"url\":\"https:\\\/\\\/discos-redondos.es\\\/wp-content\\\/uploads\\\/2023\\\/04\\\/aaff-logo-raval-1-1.jpg\",\"contentUrl\":\"https:\\\/\\\/discos-redondos.es\\\/wp-content\\\/uploads\\\/2023\\\/04\\\/aaff-logo-raval-1-1.jpg\",\"width\":2362,\"height\":1441,\"caption\":\"Discos Redondos\"},\"image\":{\"@id\":\"https:\\\/\\\/discos-redondos.es\\\/#\\\/schema\\\/logo\\\/image\\\/\"},\"sameAs\":[\"https:\\\/\\\/www.facebook.com\\\/discosredondos45\",\"https:\\\/\\\/www.instagram.com\\\/discos.redondos33\\\/?hl=es\",\"https:\\\/\\\/discos-redondos.bandcamp.com\\\/\"]}]}<\/script>\n<!-- \/ Yoast SEO plugin. -->","yoast_head_json":{"title":"Sonny Clark \u2013 Cool Struttin' - DISCOS REDONDOS","description":"Sonny Clark \u2013 Cool Struttin'- LP en vinilo de 180 gramos perteneciente a la serie Blue Note Classic Vinyl Series - Blue Note, 3579178, UMe \u2013 00602435791784","robots":{"index":"index","follow":"follow","max-snippet":"max-snippet:-1","max-image-preview":"max-image-preview:large","max-video-preview":"max-video-preview:-1"},"canonical":"https:\/\/discos-redondos.es\/ca\/producte\/sonny-clark-cool-struttin\/","og_locale":"ca_ES","og_type":"article","og_title":"Sonny Clark \u2013 Cool Struttin' - DISCOS REDONDOS","og_description":"Sonny Clark \u2013 Cool Struttin'- LP en vinilo de 180 gramos perteneciente a la serie Blue Note Classic Vinyl Series - Blue Note, 3579178, UMe \u2013 00602435791784","og_url":"https:\/\/discos-redondos.es\/ca\/producte\/sonny-clark-cool-struttin\/","og_site_name":"DISCOS REDONDOS","article_publisher":"https:\/\/www.facebook.com\/discosredondos45","article_modified_time":"2025-11-03T17:01:30+00:00","og_image":[{"width":569,"height":566,"url":"https:\/\/discos-redondos.es\/wp-content\/uploads\/2021\/09\/Sonny-Clark-\u2013-Cool-Struttin.jpg","type":"image\/jpeg"}],"twitter_card":"summary_large_image","twitter_misc":{"Temps estimat de lectura":"2 minuts"},"schema":{"@context":"https:\/\/schema.org","@graph":[{"@type":"WebPage","@id":"https:\/\/discos-redondos.es\/producto\/sonny-clark-cool-struttin","url":"https:\/\/discos-redondos.es\/producto\/sonny-clark-cool-struttin","name":"Sonny Clark \u2013 Cool Struttin' - DISCOS REDONDOS","isPartOf":{"@id":"https:\/\/discos-redondos.es\/#website"},"primaryImageOfPage":{"@id":"https:\/\/discos-redondos.es\/producto\/sonny-clark-cool-struttin#primaryimage"},"image":{"@id":"https:\/\/discos-redondos.es\/producto\/sonny-clark-cool-struttin#primaryimage"},"thumbnailUrl":"https:\/\/discos-redondos.es\/wp-content\/uploads\/2021\/09\/Sonny-Clark-\u2013-Cool-Struttin.jpg","datePublished":"2021-09-08T16:41:35+00:00","dateModified":"2025-11-03T17:01:30+00:00","description":"Sonny Clark \u2013 Cool Struttin'- LP en vinilo de 180 gramos perteneciente a la serie Blue Note Classic Vinyl Series - Blue Note, 3579178, UMe \u2013 00602435791784","breadcrumb":{"@id":"https:\/\/discos-redondos.es\/producto\/sonny-clark-cool-struttin#breadcrumb"},"inLanguage":"ca","potentialAction":[{"@type":"ReadAction","target":["https:\/\/discos-redondos.es\/producto\/sonny-clark-cool-struttin"]}]},{"@type":"ImageObject","inLanguage":"ca","@id":"https:\/\/discos-redondos.es\/producto\/sonny-clark-cool-struttin#primaryimage","url":"https:\/\/discos-redondos.es\/wp-content\/uploads\/2021\/09\/Sonny-Clark-\u2013-Cool-Struttin.jpg","contentUrl":"https:\/\/discos-redondos.es\/wp-content\/uploads\/2021\/09\/Sonny-Clark-\u2013-Cool-Struttin.jpg","width":569,"height":566,"caption":"Sonny Clark \u2013 Cool Struttin'"},{"@type":"BreadcrumbList","@id":"https:\/\/discos-redondos.es\/producto\/sonny-clark-cool-struttin#breadcrumb","itemListElement":[{"@type":"ListItem","position":1,"name":"Portada","item":"https:\/\/discos-redondos.es\/"},{"@type":"ListItem","position":2,"name":"Tienda","item":"https:\/\/discos-redondos.es\/?page_id=487"},{"@type":"ListItem","position":3,"name":"Sonny Clark \u2013 Cool Struttin&#8217;"}]},{"@type":"WebSite","@id":"https:\/\/discos-redondos.es\/#website","url":"https:\/\/discos-redondos.es\/","name":"Discos Redondos","description":"La teva botiga de discos a Barcelona","publisher":{"@id":"https:\/\/discos-redondos.es\/#organization"},"alternateName":"Discos Redondos","potentialAction":[{"@type":"SearchAction","target":{"@type":"EntryPoint","urlTemplate":"https:\/\/discos-redondos.es\/?s={search_term_string}"},"query-input":{"@type":"PropertyValueSpecification","valueRequired":true,"valueName":"search_term_string"}}],"inLanguage":"ca"},{"@type":"Organization","@id":"https:\/\/discos-redondos.es\/#organization","name":"Discos Redondos","url":"https:\/\/discos-redondos.es\/","logo":{"@type":"ImageObject","inLanguage":"ca","@id":"https:\/\/discos-redondos.es\/#\/schema\/logo\/image\/","url":"https:\/\/discos-redondos.es\/wp-content\/uploads\/2023\/04\/aaff-logo-raval-1-1.jpg","contentUrl":"https:\/\/discos-redondos.es\/wp-content\/uploads\/2023\/04\/aaff-logo-raval-1-1.jpg","width":2362,"height":1441,"caption":"Discos Redondos"},"image":{"@id":"https:\/\/discos-redondos.es\/#\/schema\/logo\/image\/"},"sameAs":["https:\/\/www.facebook.com\/discosredondos45","https:\/\/www.instagram.com\/discos.redondos33\/?hl=es","https:\/\/discos-redondos.bandcamp.com\/"]}]}},"jetpack_sharing_enabled":true,"_links":{"self":[{"href":"https:\/\/discos-redondos.es\/ca\/wp-json\/wp\/v2\/product\/2871","targetHints":{"allow":["GET"]}}],"collection":[{"href":"https:\/\/discos-redondos.es\/ca\/wp-json\/wp\/v2\/product"}],"about":[{"href":"https:\/\/discos-redondos.es\/ca\/wp-json\/wp\/v2\/types\/product"}],"wp:featuredmedia":[{"embeddable":true,"href":"https:\/\/discos-redondos.es\/ca\/wp-json\/wp\/v2\/media\/2874"}],"wp:attachment":[{"href":"https:\/\/discos-redondos.es\/ca\/wp-json\/wp\/v2\/media?parent=2871"}],"wp:term":[{"taxonomy":"product_brand","embeddable":true,"href":"https:\/\/discos-redondos.es\/ca\/wp-json\/wp\/v2\/product_brand?post=2871"},{"taxonomy":"product_cat","embeddable":true,"href":"https:\/\/discos-redondos.es\/ca\/wp-json\/wp\/v2\/product_cat?post=2871"},{"taxonomy":"product_tag","embeddable":true,"href":"https:\/\/discos-redondos.es\/ca\/wp-json\/wp\/v2\/product_tag?post=2871"}],"curies":[{"name":"wp","href":"https:\/\/api.w.org\/{rel}","templated":true}]}}