{"id":3028,"date":"2021-10-15T15:04:40","date_gmt":"2021-10-15T15:04:40","guid":{"rendered":"https:\/\/discos-redondos.es\/?post_type=product&#038;p=3028"},"modified":"2026-05-05T15:55:13","modified_gmt":"2026-05-05T15:55:13","slug":"idris-muhammad-power-of-soul","status":"publish","type":"product","link":"https:\/\/discos-redondos.es\/ca\/producte\/idris-muhammad-power-of-soul","title":{"rendered":"Idris Muhammad \u2013 Power Of Soul"},"content":{"rendered":"<header class=\"header_W2hzl\" role=\"\">\n<h3>Idris Muhammad \u2013 Power Of Soul<\/h3>\n<h3>Tracklist<\/h3>\n<\/header>\n<div class=\"content_1TFzi\">\n<table class=\"tracklist_3QGRS\">\n<tbody>\n<tr data-track-position=\"A1\">\n<td class=\"trackPos_2RCje\">A1<\/td>\n<td class=\"artist_3zAQD\"><\/td>\n<td class=\"trackTitle_CTKp4\"><span class=\"trackTitle_CTKp4\">Power Of Soul<\/span><\/td>\n<td class=\"duration_2t4qr\">7:07<\/td>\n<\/tr>\n<tr data-track-position=\"A2\">\n<td class=\"trackPos_2RCje\">A2<\/td>\n<td class=\"artist_3zAQD\"><\/td>\n<td class=\"trackTitle_CTKp4\"><span class=\"trackTitle_CTKp4\">Piece Of Mind<\/span><\/td>\n<td class=\"duration_2t4qr\">9:24<\/td>\n<\/tr>\n<tr data-track-position=\"B1\">\n<td class=\"trackPos_2RCje\">B1<\/td>\n<td class=\"artist_3zAQD\"><\/td>\n<td class=\"trackTitle_CTKp4\"><span class=\"trackTitle_CTKp4\">The Saddest Thing<\/span><\/td>\n<td class=\"duration_2t4qr\">7:10<\/td>\n<\/tr>\n<tr data-track-position=\"B2\">\n<td class=\"trackPos_2RCje\">B2<\/td>\n<td class=\"artist_3zAQD\"><\/td>\n<td class=\"trackTitle_CTKp4\"><span class=\"trackTitle_CTKp4\">Loran&#8217;s Dance<\/span><\/td>\n<td class=\"duration_2t4qr\">10:39<\/td>\n<\/tr>\n<\/tbody>\n<\/table>\n<p>&nbsp;<\/p>\n<p>https:\/\/youtu.be\/lPY1fEMh8l4<\/p>\n<p><strong>Idris Muhammad \u2013 Power Of Soul: <\/strong>Idris Muhammad (\u00e1rabe: \u0625\u062f\u0631\u064a\u0633 \u0645\u062d\u0645\u062f; nacido Leo Morris; 13 de noviembre de 1939 &#8211; 29 de julio de 2014) fue un baterista y director de orquesta de jazz estadounidense. Tuvo una extensa carrera interpretando jazz, funk, R&amp;B y m\u00fasica soul y grab\u00f3 con m\u00fasicos como Ahmad Jamal, Lou Donaldson, Pharoah Sanders, Bob James y Tete Montoliu.<\/p>\n<p>Nacido como Leo Morris en Nueva Orleans, Idris Muhammad creci\u00f3 en el Distrito 13 de la ciudad en una casa al lado de una tintorer\u00eda. Mientras crec\u00eda, pas\u00f3 tiempo con sus compa\u00f1eros de Nueva Orleans The Neville Brothers. Aunque tambi\u00e9n estuvo interesado en otros instrumentos, mostr\u00f3 talento temprano como percusionista, tocando en un desfile de Mardi Gras a los 9 a\u00f1os.<\/p>\n<p>A la edad de 14 a\u00f1os, Muhammad comenz\u00f3 su carrera profesional actuando con The Hawketts en su ic\u00f3nica grabaci\u00f3n \u00abMardi Gras Mambo\u00bb. Dos a\u00f1os m\u00e1s tarde, en 1956, toc\u00f3 la bater\u00eda en la grabaci\u00f3n de \u00abBlueberry Hill\u00bb de Fats Domino.<\/p>\n<p>Despu\u00e9s de ser presentado por Joe Jones, Muhammad comenz\u00f3 a girar con Sam Cooke. M\u00e1s tarde toc\u00f3 con Jerry Butler y Curtis Mayfield en Chicago, trabajando principalmente en R&#8217;n&#8217;B, antes de mudarse a la ciudad de Nueva York a mediados de la d\u00e9cada de 1960. En Nueva York, Muhammad se hizo un hueco en la escena del jazz tocando con Kenny Dorham, Horace Silver, Lou Donaldson y Betty Carter. Tambi\u00e9n toc\u00f3 en la banda residente del Teatro Apollo. En 1967, acept\u00f3 un trabajo en la orquesta para la producci\u00f3n inicial Off Broadway de Hair y se qued\u00f3 en ella cuando se traslad\u00f3 a Broadway.<\/p>\n<p>Durante estos a\u00f1os, Muhammad tambi\u00e9n estuvo en la banda residente de Prestige. Raliz\u00f3 m\u00e1s de 150 grabaciones para los sellos Prestige, Blue Note y CTI. Grab\u00f3 con artistas como Lou Donaldson y Charles Earland, quienes hab\u00edan comenzado a fusionar el jazz\u00a0 con el funk, el soul y el rock. Muhammad tambi\u00e9n apareci\u00f3 como acompa\u00f1ante de artistas como Gene Ammons, Nat Adderley y George Benson. Rudy Van Gelder a menudo trabajaba con Muhammad y ten\u00eda una relaci\u00f3n especial con \u00e9l. El productor fue de gran ayuda para afinar el sonido de bater\u00eda grabado de Muhammad.<\/p>\n<p>&nbsp;<\/p>\n<\/div>","protected":false},"excerpt":{"rendered":"<p>Kudu, Music On Vinyl \u2013 MOVLP738, 8719262005068<\/p>\n<p>LP en vinilo de 180 gramos, UE<\/p>\n<p>Idris Muhammad, Grover Washington, Jr., Bob James, Ralph MacDonald, Joe Beck, Gary King, Randy Brecker<\/p>","protected":false},"featured_media":3031,"template":"","meta":[],"product_brand":[],"product_cat":[93],"product_tag":[],"class_list":{"0":"post-3028","1":"product","2":"type-product","3":"status-publish","4":"has-post-thumbnail","6":"product_cat-jazz-funk-jazz-fusion","8":"first","9":"instock","10":"taxable","11":"shipping-taxable","12":"purchasable","13":"product-type-simple"},"yoast_head":"<!-- This site is optimized with the Yoast SEO plugin v27.6 - https:\/\/yoast.com\/product\/yoast-seo-wordpress\/ -->\n<title>Idris Muhammad \u2013 Power Of Soul - DISCOS REDONDOS<\/title>\n<meta name=\"description\" content=\"Idris Muhammad \u2013 Power Of Soul - Kudu, Music On Vinyl \u2013 MOVLP738, 8719262005068LP en vinilo de 180 gramos, Idris Muhammad, Grover Washington, Jr., Bob James\" \/>\n<meta name=\"robots\" content=\"index, follow, max-snippet:-1, max-image-preview:large, max-video-preview:-1\" \/>\n<link rel=\"canonical\" href=\"https:\/\/discos-redondos.es\/ca\/producte\/idris-muhammad-power-of-soul\/\" \/>\n<meta property=\"og:locale\" content=\"ca_ES\" \/>\n<meta property=\"og:type\" content=\"article\" \/>\n<meta property=\"og:title\" content=\"Idris Muhammad \u2013 Power Of Soul - DISCOS REDONDOS\" \/>\n<meta property=\"og:description\" content=\"Idris Muhammad \u2013 Power Of Soul - Kudu, Music On Vinyl \u2013 MOVLP738, 8719262005068LP en vinilo de 180 gramos, Idris Muhammad, Grover Washington, Jr., Bob James\" \/>\n<meta property=\"og:url\" content=\"https:\/\/discos-redondos.es\/ca\/producte\/idris-muhammad-power-of-soul\/\" \/>\n<meta property=\"og:site_name\" content=\"DISCOS REDONDOS\" \/>\n<meta property=\"article:publisher\" content=\"https:\/\/www.facebook.com\/discosredondos45\" \/>\n<meta property=\"article:modified_time\" content=\"2026-05-05T15:55:13+00:00\" \/>\n<meta property=\"og:image\" content=\"https:\/\/discos-redondos.es\/wp-content\/uploads\/2021\/10\/Idris-Muhammad-\u2013-Power-Of-Soul.jpg\" \/>\n\t<meta property=\"og:image:width\" content=\"600\" \/>\n\t<meta property=\"og:image:height\" content=\"600\" \/>\n\t<meta property=\"og:image:type\" content=\"image\/jpeg\" \/>\n<meta name=\"twitter:card\" content=\"summary_large_image\" \/>\n<meta name=\"twitter:label1\" content=\"Temps estimat de lectura\" \/>\n\t<meta name=\"twitter:data1\" content=\"2 minuts\" \/>\n<script type=\"application\/ld+json\" class=\"yoast-schema-graph\">{\"@context\":\"https:\\\/\\\/schema.org\",\"@graph\":[{\"@type\":\"WebPage\",\"@id\":\"https:\\\/\\\/discos-redondos.es\\\/producto\\\/idris-muhammad-power-of-soul\",\"url\":\"https:\\\/\\\/discos-redondos.es\\\/producto\\\/idris-muhammad-power-of-soul\",\"name\":\"Idris Muhammad \u2013 Power Of Soul - DISCOS REDONDOS\",\"isPartOf\":{\"@id\":\"https:\\\/\\\/discos-redondos.es\\\/#website\"},\"primaryImageOfPage\":{\"@id\":\"https:\\\/\\\/discos-redondos.es\\\/producto\\\/idris-muhammad-power-of-soul#primaryimage\"},\"image\":{\"@id\":\"https:\\\/\\\/discos-redondos.es\\\/producto\\\/idris-muhammad-power-of-soul#primaryimage\"},\"thumbnailUrl\":\"https:\\\/\\\/discos-redondos.es\\\/wp-content\\\/uploads\\\/2021\\\/10\\\/Idris-Muhammad-\u2013-Power-Of-Soul.jpg\",\"datePublished\":\"2021-10-15T15:04:40+00:00\",\"dateModified\":\"2026-05-05T15:55:13+00:00\",\"description\":\"Idris Muhammad \u2013 Power Of Soul - Kudu, Music On Vinyl \u2013 MOVLP738, 8719262005068LP en vinilo de 180 gramos, Idris Muhammad, Grover Washington, Jr., Bob James\",\"breadcrumb\":{\"@id\":\"https:\\\/\\\/discos-redondos.es\\\/producto\\\/idris-muhammad-power-of-soul#breadcrumb\"},\"inLanguage\":\"ca\",\"potentialAction\":[{\"@type\":\"ReadAction\",\"target\":[\"https:\\\/\\\/discos-redondos.es\\\/producto\\\/idris-muhammad-power-of-soul\"]}]},{\"@type\":\"ImageObject\",\"inLanguage\":\"ca\",\"@id\":\"https:\\\/\\\/discos-redondos.es\\\/producto\\\/idris-muhammad-power-of-soul#primaryimage\",\"url\":\"https:\\\/\\\/discos-redondos.es\\\/wp-content\\\/uploads\\\/2021\\\/10\\\/Idris-Muhammad-\u2013-Power-Of-Soul.jpg\",\"contentUrl\":\"https:\\\/\\\/discos-redondos.es\\\/wp-content\\\/uploads\\\/2021\\\/10\\\/Idris-Muhammad-\u2013-Power-Of-Soul.jpg\",\"width\":600,\"height\":600,\"caption\":\"Idris Muhammad \u2013 Power Of Soul\"},{\"@type\":\"BreadcrumbList\",\"@id\":\"https:\\\/\\\/discos-redondos.es\\\/producto\\\/idris-muhammad-power-of-soul#breadcrumb\",\"itemListElement\":[{\"@type\":\"ListItem\",\"position\":1,\"name\":\"Portada\",\"item\":\"https:\\\/\\\/discos-redondos.es\\\/\"},{\"@type\":\"ListItem\",\"position\":2,\"name\":\"Tienda\",\"item\":\"https:\\\/\\\/discos-redondos.es\\\/?page_id=487\"},{\"@type\":\"ListItem\",\"position\":3,\"name\":\"Idris Muhammad \u2013 Power Of Soul\"}]},{\"@type\":\"WebSite\",\"@id\":\"https:\\\/\\\/discos-redondos.es\\\/#website\",\"url\":\"https:\\\/\\\/discos-redondos.es\\\/\",\"name\":\"Discos Redondos\",\"description\":\"Tu tienda de discos en Barcelona\",\"publisher\":{\"@id\":\"https:\\\/\\\/discos-redondos.es\\\/#organization\"},\"alternateName\":\"Discos Redondos\",\"potentialAction\":[{\"@type\":\"SearchAction\",\"target\":{\"@type\":\"EntryPoint\",\"urlTemplate\":\"https:\\\/\\\/discos-redondos.es\\\/?s={search_term_string}\"},\"query-input\":{\"@type\":\"PropertyValueSpecification\",\"valueRequired\":true,\"valueName\":\"search_term_string\"}}],\"inLanguage\":\"ca\"},{\"@type\":\"Organization\",\"@id\":\"https:\\\/\\\/discos-redondos.es\\\/#organization\",\"name\":\"Discos Redondos\",\"url\":\"https:\\\/\\\/discos-redondos.es\\\/\",\"logo\":{\"@type\":\"ImageObject\",\"inLanguage\":\"ca\",\"@id\":\"https:\\\/\\\/discos-redondos.es\\\/#\\\/schema\\\/logo\\\/image\\\/\",\"url\":\"https:\\\/\\\/discos-redondos.es\\\/wp-content\\\/uploads\\\/2023\\\/04\\\/aaff-logo-raval-1-1.jpg\",\"contentUrl\":\"https:\\\/\\\/discos-redondos.es\\\/wp-content\\\/uploads\\\/2023\\\/04\\\/aaff-logo-raval-1-1.jpg\",\"width\":2362,\"height\":1441,\"caption\":\"Discos Redondos\"},\"image\":{\"@id\":\"https:\\\/\\\/discos-redondos.es\\\/#\\\/schema\\\/logo\\\/image\\\/\"},\"sameAs\":[\"https:\\\/\\\/www.facebook.com\\\/discosredondos45\",\"https:\\\/\\\/www.instagram.com\\\/discos.redondos33\\\/?hl=es\",\"https:\\\/\\\/discos-redondos.bandcamp.com\\\/\"]}]}<\/script>\n<!-- \/ Yoast SEO plugin. -->","yoast_head_json":{"title":"Idris Muhammad \u2013 Power Of Soul - DISCOS REDONDOS","description":"Idris Muhammad \u2013 Power Of Soul - Kudu, Music On Vinyl \u2013 MOVLP738, 8719262005068LP en vinilo de 180 gramos, Idris Muhammad, Grover Washington, Jr., Bob James","robots":{"index":"index","follow":"follow","max-snippet":"max-snippet:-1","max-image-preview":"max-image-preview:large","max-video-preview":"max-video-preview:-1"},"canonical":"https:\/\/discos-redondos.es\/ca\/producte\/idris-muhammad-power-of-soul\/","og_locale":"ca_ES","og_type":"article","og_title":"Idris Muhammad \u2013 Power Of Soul - DISCOS REDONDOS","og_description":"Idris Muhammad \u2013 Power Of Soul - Kudu, Music On Vinyl \u2013 MOVLP738, 8719262005068LP en vinilo de 180 gramos, Idris Muhammad, Grover Washington, Jr., Bob James","og_url":"https:\/\/discos-redondos.es\/ca\/producte\/idris-muhammad-power-of-soul\/","og_site_name":"DISCOS REDONDOS","article_publisher":"https:\/\/www.facebook.com\/discosredondos45","article_modified_time":"2026-05-05T15:55:13+00:00","og_image":[{"width":600,"height":600,"url":"https:\/\/discos-redondos.es\/wp-content\/uploads\/2021\/10\/Idris-Muhammad-\u2013-Power-Of-Soul.jpg","type":"image\/jpeg"}],"twitter_card":"summary_large_image","twitter_misc":{"Temps estimat de lectura":"2 minuts"},"schema":{"@context":"https:\/\/schema.org","@graph":[{"@type":"WebPage","@id":"https:\/\/discos-redondos.es\/producto\/idris-muhammad-power-of-soul","url":"https:\/\/discos-redondos.es\/producto\/idris-muhammad-power-of-soul","name":"Idris Muhammad \u2013 Power Of Soul - DISCOS REDONDOS","isPartOf":{"@id":"https:\/\/discos-redondos.es\/#website"},"primaryImageOfPage":{"@id":"https:\/\/discos-redondos.es\/producto\/idris-muhammad-power-of-soul#primaryimage"},"image":{"@id":"https:\/\/discos-redondos.es\/producto\/idris-muhammad-power-of-soul#primaryimage"},"thumbnailUrl":"https:\/\/discos-redondos.es\/wp-content\/uploads\/2021\/10\/Idris-Muhammad-\u2013-Power-Of-Soul.jpg","datePublished":"2021-10-15T15:04:40+00:00","dateModified":"2026-05-05T15:55:13+00:00","description":"Idris Muhammad \u2013 Power Of Soul - Kudu, Music On Vinyl \u2013 MOVLP738, 8719262005068LP en vinilo de 180 gramos, Idris Muhammad, Grover Washington, Jr., Bob James","breadcrumb":{"@id":"https:\/\/discos-redondos.es\/producto\/idris-muhammad-power-of-soul#breadcrumb"},"inLanguage":"ca","potentialAction":[{"@type":"ReadAction","target":["https:\/\/discos-redondos.es\/producto\/idris-muhammad-power-of-soul"]}]},{"@type":"ImageObject","inLanguage":"ca","@id":"https:\/\/discos-redondos.es\/producto\/idris-muhammad-power-of-soul#primaryimage","url":"https:\/\/discos-redondos.es\/wp-content\/uploads\/2021\/10\/Idris-Muhammad-\u2013-Power-Of-Soul.jpg","contentUrl":"https:\/\/discos-redondos.es\/wp-content\/uploads\/2021\/10\/Idris-Muhammad-\u2013-Power-Of-Soul.jpg","width":600,"height":600,"caption":"Idris Muhammad \u2013 Power Of Soul"},{"@type":"BreadcrumbList","@id":"https:\/\/discos-redondos.es\/producto\/idris-muhammad-power-of-soul#breadcrumb","itemListElement":[{"@type":"ListItem","position":1,"name":"Portada","item":"https:\/\/discos-redondos.es\/"},{"@type":"ListItem","position":2,"name":"Tienda","item":"https:\/\/discos-redondos.es\/?page_id=487"},{"@type":"ListItem","position":3,"name":"Idris Muhammad \u2013 Power Of Soul"}]},{"@type":"WebSite","@id":"https:\/\/discos-redondos.es\/#website","url":"https:\/\/discos-redondos.es\/","name":"Discos Redondos","description":"La teva botiga de discos a Barcelona","publisher":{"@id":"https:\/\/discos-redondos.es\/#organization"},"alternateName":"Discos Redondos","potentialAction":[{"@type":"SearchAction","target":{"@type":"EntryPoint","urlTemplate":"https:\/\/discos-redondos.es\/?s={search_term_string}"},"query-input":{"@type":"PropertyValueSpecification","valueRequired":true,"valueName":"search_term_string"}}],"inLanguage":"ca"},{"@type":"Organization","@id":"https:\/\/discos-redondos.es\/#organization","name":"Discos Redondos","url":"https:\/\/discos-redondos.es\/","logo":{"@type":"ImageObject","inLanguage":"ca","@id":"https:\/\/discos-redondos.es\/#\/schema\/logo\/image\/","url":"https:\/\/discos-redondos.es\/wp-content\/uploads\/2023\/04\/aaff-logo-raval-1-1.jpg","contentUrl":"https:\/\/discos-redondos.es\/wp-content\/uploads\/2023\/04\/aaff-logo-raval-1-1.jpg","width":2362,"height":1441,"caption":"Discos Redondos"},"image":{"@id":"https:\/\/discos-redondos.es\/#\/schema\/logo\/image\/"},"sameAs":["https:\/\/www.facebook.com\/discosredondos45","https:\/\/www.instagram.com\/discos.redondos33\/?hl=es","https:\/\/discos-redondos.bandcamp.com\/"]}]}},"_links":{"self":[{"href":"https:\/\/discos-redondos.es\/ca\/wp-json\/wp\/v2\/product\/3028","targetHints":{"allow":["GET"]}}],"collection":[{"href":"https:\/\/discos-redondos.es\/ca\/wp-json\/wp\/v2\/product"}],"about":[{"href":"https:\/\/discos-redondos.es\/ca\/wp-json\/wp\/v2\/types\/product"}],"wp:featuredmedia":[{"embeddable":true,"href":"https:\/\/discos-redondos.es\/ca\/wp-json\/wp\/v2\/media\/3031"}],"wp:attachment":[{"href":"https:\/\/discos-redondos.es\/ca\/wp-json\/wp\/v2\/media?parent=3028"}],"wp:term":[{"taxonomy":"product_brand","embeddable":true,"href":"https:\/\/discos-redondos.es\/ca\/wp-json\/wp\/v2\/product_brand?post=3028"},{"taxonomy":"product_cat","embeddable":true,"href":"https:\/\/discos-redondos.es\/ca\/wp-json\/wp\/v2\/product_cat?post=3028"},{"taxonomy":"product_tag","embeddable":true,"href":"https:\/\/discos-redondos.es\/ca\/wp-json\/wp\/v2\/product_tag?post=3028"}],"curies":[{"name":"wp","href":"https:\/\/api.w.org\/{rel}","templated":true}]}}