{"id":3150,"date":"2021-10-21T15:07:56","date_gmt":"2021-10-21T15:07:56","guid":{"rendered":"https:\/\/discos-redondos.es\/?post_type=product&#038;p=3150"},"modified":"2026-03-30T15:39:10","modified_gmt":"2026-03-30T15:39:10","slug":"kendrick-lamar-good-kid-m-a-a-d-city","status":"publish","type":"product","link":"https:\/\/discos-redondos.es\/ca\/producte\/kendrick-lamar-good-kid-m-a-a-d-city","title":{"rendered":"Kendrick Lamar &#8211; Good Kid, m.A.A.d City"},"content":{"rendered":"<header class=\"header_W2hzl\" role=\"\"><strong>Kendrick Lamar &#8211; Good Kid, m.A.A.d City<\/strong><\/header>\n<header role=\"\"><\/header>\n<header class=\"header_W2hzl\" role=\"\"><strong>Tracklist<\/strong><\/header>\n<header role=\"\"><\/header>\n<header role=\"\"><\/header>\n<div class=\"content_1TFzi\">\n<table class=\"tracklist_3QGRS\">\n<tbody>\n<tr data-track-position=\"A1\">\n<td class=\"trackPos_2RCje\">A1<\/td>\n<td class=\"artist_3zAQD\"><\/td>\n<td class=\"trackTitle_CTKp4\"><span class=\"trackTitle_CTKp4\">Sherane a.k.a Master Splinter\u2019s Daughter<\/span><\/td>\n<\/tr>\n<tr data-track-position=\"A2\">\n<td class=\"trackPos_2RCje\">A2<\/td>\n<td class=\"artist_3zAQD\"><\/td>\n<td class=\"trackTitle_CTKp4\"><span class=\"trackTitle_CTKp4\">Bitch, Don\u2019t Kill My Vibe<\/span><\/td>\n<\/tr>\n<tr data-track-position=\"A3\">\n<td class=\"trackPos_2RCje\">A3<\/td>\n<td class=\"artist_3zAQD\"><\/td>\n<td class=\"trackTitle_CTKp4\"><span class=\"trackTitle_CTKp4\">Backseat Freestyle<\/span><\/td>\n<\/tr>\n<tr data-track-position=\"A4\">\n<td class=\"trackPos_2RCje\">A4<\/td>\n<td class=\"artist_3zAQD\"><\/td>\n<td class=\"trackTitle_CTKp4\"><span class=\"trackTitle_CTKp4\">The Art Of Peer Pressure<\/span><\/td>\n<\/tr>\n<tr data-track-position=\"B1\">\n<td class=\"trackPos_2RCje\">B1<\/td>\n<td class=\"artist_3zAQD\"><\/td>\n<td class=\"trackTitle_CTKp4\"><span class=\"trackTitle_CTKp4\">Money Trees<\/span><\/td>\n<\/tr>\n<tr data-track-position=\"B2\">\n<td class=\"trackPos_2RCje\">B2<\/td>\n<td class=\"artist_3zAQD\"><\/td>\n<td class=\"trackTitle_CTKp4\"><span class=\"trackTitle_CTKp4\">Poetic Justice<\/span><\/td>\n<\/tr>\n<tr data-track-position=\"B3\">\n<td class=\"trackPos_2RCje\">B3<\/td>\n<td class=\"artist_3zAQD\"><\/td>\n<td class=\"trackTitle_CTKp4\"><span class=\"trackTitle_CTKp4\">Good Kid<\/span><\/td>\n<\/tr>\n<tr data-track-position=\"B4\">\n<td class=\"trackPos_2RCje\">B4<\/td>\n<td class=\"artist_3zAQD\"><\/td>\n<td class=\"trackTitle_CTKp4\"><span class=\"trackTitle_CTKp4\">m.A.A.d City<\/span><\/td>\n<\/tr>\n<tr data-track-position=\"C1\">\n<td class=\"trackPos_2RCje\">C1<\/td>\n<td class=\"artist_3zAQD\"><\/td>\n<td class=\"trackTitle_CTKp4\"><span class=\"trackTitle_CTKp4\">Swimming Pools (Drank) (Extended Version)<\/span><\/td>\n<\/tr>\n<tr data-track-position=\"C2\">\n<td class=\"trackPos_2RCje\">C2<\/td>\n<td class=\"artist_3zAQD\"><\/td>\n<td class=\"trackTitle_CTKp4\"><span class=\"trackTitle_CTKp4\">Sing About Me, I&#8217;m Dying Of Thirst<\/span><\/td>\n<\/tr>\n<tr data-track-position=\"C3\">\n<td class=\"trackPos_2RCje\">C3<\/td>\n<td class=\"artist_3zAQD\"><\/td>\n<td class=\"trackTitle_CTKp4\"><span class=\"trackTitle_CTKp4\">Real<\/span><\/td>\n<\/tr>\n<tr data-track-position=\"D1\">\n<td class=\"trackPos_2RCje\">D1<\/td>\n<td class=\"artist_3zAQD\"><\/td>\n<td class=\"trackTitle_CTKp4\"><span class=\"trackTitle_CTKp4\">Compton<\/span><\/td>\n<\/tr>\n<tr data-track-position=\"D2\">\n<td class=\"trackPos_2RCje\">D2<\/td>\n<td class=\"artist_3zAQD\"><\/td>\n<td class=\"trackTitle_CTKp4\"><span class=\"trackTitle_CTKp4\">The Recipe<\/span><\/td>\n<\/tr>\n<tr data-track-position=\"D3\">\n<td class=\"trackPos_2RCje\">D3<\/td>\n<td class=\"artist_3zAQD\"><\/td>\n<td class=\"trackTitle_CTKp4\"><span class=\"trackTitle_CTKp4\">Black Boy Fly<\/span><\/td>\n<\/tr>\n<tr data-track-position=\"D4\">\n<td class=\"trackPos_2RCje\">D4<\/td>\n<td class=\"artist_3zAQD\"><\/td>\n<td class=\"trackTitle_CTKp4\"><span class=\"trackTitle_CTKp4\">Now Or Never<\/span><\/td>\n<\/tr>\n<\/tbody>\n<\/table>\n<p><iframe loading=\"lazy\" title=\"The Art of Peer Pressure\" width=\"832\" height=\"624\" src=\"https:\/\/www.youtube.com\/embed\/WgRJ2BtWn8g?feature=oembed\" frameborder=\"0\" allow=\"accelerometer; autoplay; clipboard-write; encrypted-media; gyroscope; picture-in-picture; web-share\" referrerpolicy=\"strict-origin-when-cross-origin\" allowfullscreen><\/iframe><\/p>\n<h2>Kendrick Lamar &#8211; Good Kid, m.A.A.d City<\/h2>\n<p>Publicado en 2012, \u00abgood kid, m.A.A.d city\u00bb es la obra maestra que consolid\u00f3 a Kendrick Lamar como el nuevo \u00abRey de la Costa Oeste\u00bb. Este \u00e1lbum conceptual, subtitulado \u00abA Short Film by Kendrick Lamar\u00bb, redefine el storytelling en el hip-hop a trav\u00e9s de una narrativa no lineal sobre la madurez en Compton, California.<\/p>\n<p>El disco destaca por su impecable producci\u00f3n, fusionando el G-Funk cl\u00e1sico con sonidos experimentales y beats atmosf\u00e9ricos. Tracks ic\u00f3nicos como \u00abBitch, Don&#8217;t Kill My Vibe\u00bb y \u00abSwimming Pools (Drank)\u00bb no solo dominaron las listas de \u00e9xitos, sino que introdujeron letras introspectivas sobre la presi\u00f3n de grupo, el alcoholismo y la redenci\u00f3n. La dualidad del t\u00edtulo explora el conflicto de ser un \u00abbuen chico\u00bb que intenta sobrevivir en una ciudad \u00abloca\u00bb (m.A.A.d), rodeada de violencia de pandillas y desigualdad social.<\/p>\n<p>Lamar utiliza diferentes registros vocales para representar su evoluci\u00f3n personal, apoyado por colaboraciones estrat\u00e9gicas con artistas como Dr. Dre, Drake y Jay Rock. Los interludios o skits a\u00f1aden una capa cinematogr\u00e1fica \u00fanica, permitiendo al oyente sumergirse en la cruda realidad de su juventud.<\/p>\n<p>Para los entusiastas del g\u00e9nero, este \u00e1lbum es una pieza esencial que elev\u00f3 el est\u00e1ndar del, ganando m\u00faltiples nominaciones al Grammy y certificaciones de platino. Es, sin duda, un pilar de la cultura musical contempor\u00e1nea que sigue influyendo a nuevas generaciones de artistas por su profundidad l\u00edrica y su autenticidad social.<\/p>\n<\/div>","protected":false},"excerpt":{"rendered":"<p>Top Dawg Entertainment, Aftermath Entertainment, Interscope Records \u2013 B0017695-01, 0602448161406<\/p>\n<p>2 x LP, en vinilo negro y carpeta gatefold, UE 2026<\/p>","protected":false},"featured_media":3151,"template":"","meta":[],"product_brand":[211,124],"product_cat":[74],"product_tag":[],"class_list":{"0":"post-3150","1":"product","2":"type-product","3":"status-publish","4":"has-post-thumbnail","6":"product_brand-interscope-records","7":"product_brand-universal-music-group","8":"product_cat-hip-hop","10":"first","11":"instock","12":"taxable","13":"shipping-taxable","14":"purchasable","15":"product-type-simple"},"yoast_head":"<!-- This site is optimized with the Yoast SEO plugin v27.4 - https:\/\/yoast.com\/product\/yoast-seo-wordpress\/ -->\n<title>Kendrick Lamar - Good Kid, m.A.A.d City - DISCOS REDONDOS<\/title>\n<meta name=\"description\" content=\"Kendrick Lamar - Good Kid, m.A.A.d City Top Dawg Entertainment, Aftermath Entertainment, Interscope Records \u2013 0602448161406\" \/>\n<meta name=\"robots\" content=\"index, follow, max-snippet:-1, max-image-preview:large, max-video-preview:-1\" \/>\n<link rel=\"canonical\" href=\"https:\/\/discos-redondos.es\/ca\/producte\/kendrick-lamar-good-kid-m-a-a-d-city\/\" \/>\n<meta property=\"og:locale\" content=\"ca_ES\" \/>\n<meta property=\"og:type\" content=\"article\" \/>\n<meta property=\"og:title\" content=\"Kendrick Lamar - Good Kid, m.A.A.d City - DISCOS REDONDOS\" \/>\n<meta property=\"og:description\" content=\"Kendrick Lamar - Good Kid, m.A.A.d City Top Dawg Entertainment, Aftermath Entertainment, Interscope Records \u2013 0602448161406\" \/>\n<meta property=\"og:url\" content=\"https:\/\/discos-redondos.es\/ca\/producte\/kendrick-lamar-good-kid-m-a-a-d-city\/\" \/>\n<meta property=\"og:site_name\" content=\"DISCOS REDONDOS\" \/>\n<meta property=\"article:publisher\" content=\"https:\/\/www.facebook.com\/discosredondos45\" \/>\n<meta property=\"article:modified_time\" content=\"2026-03-30T15:39:10+00:00\" \/>\n<meta property=\"og:image\" content=\"https:\/\/discos-redondos.es\/wp-content\/uploads\/2021\/10\/Kendrick-Lamar-\u2013-Good-Kid-m.A.A.d-City.jpg\" \/>\n\t<meta property=\"og:image:width\" content=\"599\" \/>\n\t<meta property=\"og:image:height\" content=\"594\" \/>\n\t<meta property=\"og:image:type\" content=\"image\/jpeg\" \/>\n<meta name=\"twitter:card\" content=\"summary_large_image\" \/>\n<meta name=\"twitter:label1\" content=\"Temps estimat de lectura\" \/>\n\t<meta name=\"twitter:data1\" content=\"2 minuts\" \/>\n<script type=\"application\/ld+json\" class=\"yoast-schema-graph\">{\"@context\":\"https:\\\/\\\/schema.org\",\"@graph\":[{\"@type\":\"WebPage\",\"@id\":\"https:\\\/\\\/discos-redondos.es\\\/producto\\\/kendrick-lamar-good-kid-m-a-a-d-city\",\"url\":\"https:\\\/\\\/discos-redondos.es\\\/producto\\\/kendrick-lamar-good-kid-m-a-a-d-city\",\"name\":\"Kendrick Lamar - Good Kid, m.A.A.d City - DISCOS REDONDOS\",\"isPartOf\":{\"@id\":\"https:\\\/\\\/discos-redondos.es\\\/#website\"},\"primaryImageOfPage\":{\"@id\":\"https:\\\/\\\/discos-redondos.es\\\/producto\\\/kendrick-lamar-good-kid-m-a-a-d-city#primaryimage\"},\"image\":{\"@id\":\"https:\\\/\\\/discos-redondos.es\\\/producto\\\/kendrick-lamar-good-kid-m-a-a-d-city#primaryimage\"},\"thumbnailUrl\":\"https:\\\/\\\/discos-redondos.es\\\/wp-content\\\/uploads\\\/2021\\\/10\\\/Kendrick-Lamar-\u2013-Good-Kid-m.A.A.d-City.jpg\",\"datePublished\":\"2021-10-21T15:07:56+00:00\",\"dateModified\":\"2026-03-30T15:39:10+00:00\",\"description\":\"Kendrick Lamar - Good Kid, m.A.A.d City Top Dawg Entertainment, Aftermath Entertainment, Interscope Records \u2013 0602448161406\",\"breadcrumb\":{\"@id\":\"https:\\\/\\\/discos-redondos.es\\\/producto\\\/kendrick-lamar-good-kid-m-a-a-d-city#breadcrumb\"},\"inLanguage\":\"ca\",\"potentialAction\":[{\"@type\":\"ReadAction\",\"target\":[\"https:\\\/\\\/discos-redondos.es\\\/producto\\\/kendrick-lamar-good-kid-m-a-a-d-city\"]}]},{\"@type\":\"ImageObject\",\"inLanguage\":\"ca\",\"@id\":\"https:\\\/\\\/discos-redondos.es\\\/producto\\\/kendrick-lamar-good-kid-m-a-a-d-city#primaryimage\",\"url\":\"https:\\\/\\\/discos-redondos.es\\\/wp-content\\\/uploads\\\/2021\\\/10\\\/Kendrick-Lamar-\u2013-Good-Kid-m.A.A.d-City.jpg\",\"contentUrl\":\"https:\\\/\\\/discos-redondos.es\\\/wp-content\\\/uploads\\\/2021\\\/10\\\/Kendrick-Lamar-\u2013-Good-Kid-m.A.A.d-City.jpg\",\"width\":599,\"height\":594,\"caption\":\"Kendrick Lamar - Good Kid, m.A.A.d City\"},{\"@type\":\"BreadcrumbList\",\"@id\":\"https:\\\/\\\/discos-redondos.es\\\/producto\\\/kendrick-lamar-good-kid-m-a-a-d-city#breadcrumb\",\"itemListElement\":[{\"@type\":\"ListItem\",\"position\":1,\"name\":\"Portada\",\"item\":\"https:\\\/\\\/discos-redondos.es\\\/\"},{\"@type\":\"ListItem\",\"position\":2,\"name\":\"Tienda\",\"item\":\"https:\\\/\\\/discos-redondos.es\\\/?page_id=487\"},{\"@type\":\"ListItem\",\"position\":3,\"name\":\"Kendrick Lamar &#8211; Good Kid, m.A.A.d City\"}]},{\"@type\":\"WebSite\",\"@id\":\"https:\\\/\\\/discos-redondos.es\\\/#website\",\"url\":\"https:\\\/\\\/discos-redondos.es\\\/\",\"name\":\"Discos Redondos\",\"description\":\"Tu tienda de discos en Barcelona\",\"publisher\":{\"@id\":\"https:\\\/\\\/discos-redondos.es\\\/#organization\"},\"alternateName\":\"Discos Redondos\",\"potentialAction\":[{\"@type\":\"SearchAction\",\"target\":{\"@type\":\"EntryPoint\",\"urlTemplate\":\"https:\\\/\\\/discos-redondos.es\\\/?s={search_term_string}\"},\"query-input\":{\"@type\":\"PropertyValueSpecification\",\"valueRequired\":true,\"valueName\":\"search_term_string\"}}],\"inLanguage\":\"ca\"},{\"@type\":\"Organization\",\"@id\":\"https:\\\/\\\/discos-redondos.es\\\/#organization\",\"name\":\"Discos Redondos\",\"url\":\"https:\\\/\\\/discos-redondos.es\\\/\",\"logo\":{\"@type\":\"ImageObject\",\"inLanguage\":\"ca\",\"@id\":\"https:\\\/\\\/discos-redondos.es\\\/#\\\/schema\\\/logo\\\/image\\\/\",\"url\":\"https:\\\/\\\/discos-redondos.es\\\/wp-content\\\/uploads\\\/2023\\\/04\\\/aaff-logo-raval-1-1.jpg\",\"contentUrl\":\"https:\\\/\\\/discos-redondos.es\\\/wp-content\\\/uploads\\\/2023\\\/04\\\/aaff-logo-raval-1-1.jpg\",\"width\":2362,\"height\":1441,\"caption\":\"Discos Redondos\"},\"image\":{\"@id\":\"https:\\\/\\\/discos-redondos.es\\\/#\\\/schema\\\/logo\\\/image\\\/\"},\"sameAs\":[\"https:\\\/\\\/www.facebook.com\\\/discosredondos45\",\"https:\\\/\\\/www.instagram.com\\\/discos.redondos33\\\/?hl=es\",\"https:\\\/\\\/discos-redondos.bandcamp.com\\\/\"]}]}<\/script>\n<!-- \/ Yoast SEO plugin. -->","yoast_head_json":{"title":"Kendrick Lamar - Good Kid, m.A.A.d City - DISCOS REDONDOS","description":"Kendrick Lamar - Good Kid, m.A.A.d City Top Dawg Entertainment, Aftermath Entertainment, Interscope Records \u2013 0602448161406","robots":{"index":"index","follow":"follow","max-snippet":"max-snippet:-1","max-image-preview":"max-image-preview:large","max-video-preview":"max-video-preview:-1"},"canonical":"https:\/\/discos-redondos.es\/ca\/producte\/kendrick-lamar-good-kid-m-a-a-d-city\/","og_locale":"ca_ES","og_type":"article","og_title":"Kendrick Lamar - Good Kid, m.A.A.d City - DISCOS REDONDOS","og_description":"Kendrick Lamar - Good Kid, m.A.A.d City Top Dawg Entertainment, Aftermath Entertainment, Interscope Records \u2013 0602448161406","og_url":"https:\/\/discos-redondos.es\/ca\/producte\/kendrick-lamar-good-kid-m-a-a-d-city\/","og_site_name":"DISCOS REDONDOS","article_publisher":"https:\/\/www.facebook.com\/discosredondos45","article_modified_time":"2026-03-30T15:39:10+00:00","og_image":[{"width":599,"height":594,"url":"https:\/\/discos-redondos.es\/wp-content\/uploads\/2021\/10\/Kendrick-Lamar-\u2013-Good-Kid-m.A.A.d-City.jpg","type":"image\/jpeg"}],"twitter_card":"summary_large_image","twitter_misc":{"Temps estimat de lectura":"2 minuts"},"schema":{"@context":"https:\/\/schema.org","@graph":[{"@type":"WebPage","@id":"https:\/\/discos-redondos.es\/producto\/kendrick-lamar-good-kid-m-a-a-d-city","url":"https:\/\/discos-redondos.es\/producto\/kendrick-lamar-good-kid-m-a-a-d-city","name":"Kendrick Lamar - Good Kid, m.A.A.d City - DISCOS REDONDOS","isPartOf":{"@id":"https:\/\/discos-redondos.es\/#website"},"primaryImageOfPage":{"@id":"https:\/\/discos-redondos.es\/producto\/kendrick-lamar-good-kid-m-a-a-d-city#primaryimage"},"image":{"@id":"https:\/\/discos-redondos.es\/producto\/kendrick-lamar-good-kid-m-a-a-d-city#primaryimage"},"thumbnailUrl":"https:\/\/discos-redondos.es\/wp-content\/uploads\/2021\/10\/Kendrick-Lamar-\u2013-Good-Kid-m.A.A.d-City.jpg","datePublished":"2021-10-21T15:07:56+00:00","dateModified":"2026-03-30T15:39:10+00:00","description":"Kendrick Lamar - Good Kid, m.A.A.d City Top Dawg Entertainment, Aftermath Entertainment, Interscope Records \u2013 0602448161406","breadcrumb":{"@id":"https:\/\/discos-redondos.es\/producto\/kendrick-lamar-good-kid-m-a-a-d-city#breadcrumb"},"inLanguage":"ca","potentialAction":[{"@type":"ReadAction","target":["https:\/\/discos-redondos.es\/producto\/kendrick-lamar-good-kid-m-a-a-d-city"]}]},{"@type":"ImageObject","inLanguage":"ca","@id":"https:\/\/discos-redondos.es\/producto\/kendrick-lamar-good-kid-m-a-a-d-city#primaryimage","url":"https:\/\/discos-redondos.es\/wp-content\/uploads\/2021\/10\/Kendrick-Lamar-\u2013-Good-Kid-m.A.A.d-City.jpg","contentUrl":"https:\/\/discos-redondos.es\/wp-content\/uploads\/2021\/10\/Kendrick-Lamar-\u2013-Good-Kid-m.A.A.d-City.jpg","width":599,"height":594,"caption":"Kendrick Lamar - Good Kid, m.A.A.d City"},{"@type":"BreadcrumbList","@id":"https:\/\/discos-redondos.es\/producto\/kendrick-lamar-good-kid-m-a-a-d-city#breadcrumb","itemListElement":[{"@type":"ListItem","position":1,"name":"Portada","item":"https:\/\/discos-redondos.es\/"},{"@type":"ListItem","position":2,"name":"Tienda","item":"https:\/\/discos-redondos.es\/?page_id=487"},{"@type":"ListItem","position":3,"name":"Kendrick Lamar &#8211; Good Kid, m.A.A.d City"}]},{"@type":"WebSite","@id":"https:\/\/discos-redondos.es\/#website","url":"https:\/\/discos-redondos.es\/","name":"Discos Redondos","description":"La teva botiga de discos a Barcelona","publisher":{"@id":"https:\/\/discos-redondos.es\/#organization"},"alternateName":"Discos Redondos","potentialAction":[{"@type":"SearchAction","target":{"@type":"EntryPoint","urlTemplate":"https:\/\/discos-redondos.es\/?s={search_term_string}"},"query-input":{"@type":"PropertyValueSpecification","valueRequired":true,"valueName":"search_term_string"}}],"inLanguage":"ca"},{"@type":"Organization","@id":"https:\/\/discos-redondos.es\/#organization","name":"Discos Redondos","url":"https:\/\/discos-redondos.es\/","logo":{"@type":"ImageObject","inLanguage":"ca","@id":"https:\/\/discos-redondos.es\/#\/schema\/logo\/image\/","url":"https:\/\/discos-redondos.es\/wp-content\/uploads\/2023\/04\/aaff-logo-raval-1-1.jpg","contentUrl":"https:\/\/discos-redondos.es\/wp-content\/uploads\/2023\/04\/aaff-logo-raval-1-1.jpg","width":2362,"height":1441,"caption":"Discos Redondos"},"image":{"@id":"https:\/\/discos-redondos.es\/#\/schema\/logo\/image\/"},"sameAs":["https:\/\/www.facebook.com\/discosredondos45","https:\/\/www.instagram.com\/discos.redondos33\/?hl=es","https:\/\/discos-redondos.bandcamp.com\/"]}]}},"_links":{"self":[{"href":"https:\/\/discos-redondos.es\/ca\/wp-json\/wp\/v2\/product\/3150","targetHints":{"allow":["GET"]}}],"collection":[{"href":"https:\/\/discos-redondos.es\/ca\/wp-json\/wp\/v2\/product"}],"about":[{"href":"https:\/\/discos-redondos.es\/ca\/wp-json\/wp\/v2\/types\/product"}],"wp:featuredmedia":[{"embeddable":true,"href":"https:\/\/discos-redondos.es\/ca\/wp-json\/wp\/v2\/media\/3151"}],"wp:attachment":[{"href":"https:\/\/discos-redondos.es\/ca\/wp-json\/wp\/v2\/media?parent=3150"}],"wp:term":[{"taxonomy":"product_brand","embeddable":true,"href":"https:\/\/discos-redondos.es\/ca\/wp-json\/wp\/v2\/product_brand?post=3150"},{"taxonomy":"product_cat","embeddable":true,"href":"https:\/\/discos-redondos.es\/ca\/wp-json\/wp\/v2\/product_cat?post=3150"},{"taxonomy":"product_tag","embeddable":true,"href":"https:\/\/discos-redondos.es\/ca\/wp-json\/wp\/v2\/product_tag?post=3150"}],"curies":[{"name":"wp","href":"https:\/\/api.w.org\/{rel}","templated":true}]}}