{"id":3158,"date":"2021-10-21T15:24:14","date_gmt":"2021-10-21T15:24:14","guid":{"rendered":"https:\/\/discos-redondos.es\/?post_type=product&#038;p=3158"},"modified":"2025-03-27T11:14:33","modified_gmt":"2025-03-27T11:14:33","slug":"kenny-burrell-midnight-blue","status":"publish","type":"product","link":"https:\/\/discos-redondos.es\/ca\/producte\/kenny-burrell-midnight-blue","title":{"rendered":"Kenny Burrell \u200e- Midnight Blue"},"content":{"rendered":"<p data-for=\".tracklist\"><strong>Kenny Burrell \u200e- Midnight Blue<\/strong><\/p>\n<p class=\"toggle_section_control float_fix\" data-for=\".tracklist\"><strong>Tracklist<\/strong><\/p>\n<div class=\"section_content toggle_section_content\">\n<table class=\"playlist\">\n<tbody>\n<tr class=\"first tracklist_track track\" data-track-position=\"A1\">\n<td class=\"tracklist_track_pos\">A1<\/td>\n<td class=\"track tracklist_track_title\"><span class=\"tracklist_track_title\">Chitlins Con Carne<\/span><\/td>\n<td class=\"tracklist_track_duration\" width=\"25\">5:30<\/td>\n<\/tr>\n<tr class=\"tracklist_track track\" data-track-position=\"A2\">\n<td class=\"tracklist_track_pos\">A2<\/td>\n<td class=\"track tracklist_track_title\"><span class=\"tracklist_track_title\">Mule<\/span><\/td>\n<td class=\"tracklist_track_duration\" width=\"25\">6:56<\/td>\n<\/tr>\n<tr class=\"tracklist_track track\" data-track-position=\"A3\">\n<td class=\"tracklist_track_pos\">A3<\/td>\n<td class=\"track tracklist_track_title\"><span class=\"tracklist_track_title\">Soul Lament<\/span><\/td>\n<td class=\"tracklist_track_duration\" width=\"25\">2:43<\/td>\n<\/tr>\n<tr class=\"tracklist_track track\" data-track-position=\"A4\">\n<td class=\"tracklist_track_pos\">A4<\/td>\n<td class=\"track tracklist_track_title\"><span class=\"tracklist_track_title\">Midnight Blue<\/span><\/td>\n<td class=\"tracklist_track_duration\" width=\"25\">4:02<\/td>\n<\/tr>\n<tr class=\"tracklist_track track\" data-track-position=\"B1\">\n<td class=\"tracklist_track_pos\">B1<\/td>\n<td class=\"track tracklist_track_title\"><span class=\"tracklist_track_title\">Wavy Gravy<\/span><\/td>\n<td class=\"tracklist_track_duration\" width=\"25\">5:47<\/td>\n<\/tr>\n<tr class=\"tracklist_track track\" data-track-position=\"B2\">\n<td class=\"tracklist_track_pos\">B2<\/td>\n<td class=\"track tracklist_track_title\"><span class=\"tracklist_track_title\">Gee Baby Ain&#8217;t I Good To You<\/span><\/td>\n<td class=\"tracklist_track_duration\" width=\"25\">4:25<\/td>\n<\/tr>\n<tr class=\"tracklist_track track\" data-track-position=\"B3\">\n<td class=\"tracklist_track_pos\">B3<\/td>\n<td class=\"track tracklist_track_title\"><span class=\"tracklist_track_title\">Saturday Night Blues<\/span><\/td>\n<td class=\"tracklist_track_duration\" width=\"25\">6:16<\/td>\n<\/tr>\n<\/tbody>\n<\/table>\n<p>&nbsp;<\/p>\n<p><iframe loading=\"lazy\" title=\"Kenny Burrell - Midnight Blue\" width=\"832\" height=\"624\" src=\"https:\/\/www.youtube.com\/embed\/eNWDwOsQqlw?feature=oembed\" frameborder=\"0\" allow=\"accelerometer; autoplay; clipboard-write; encrypted-media; gyroscope; picture-in-picture; web-share\" referrerpolicy=\"strict-origin-when-cross-origin\" allowfullscreen><\/iframe><\/p>\n<p>&nbsp;<\/p>\n<p><strong>Kenny Burrell \u200e- Midnight Blue : <\/strong>Kenneth Earl \u00abKenny\u00bb Burrell (31 de julio de 1931)1\u200b es un m\u00fasico de jazz estadounidense, conocido\u00a0 por sus colaboraciones como guitarrista de Jimmy Smith.<\/p>\n<p>Burrell naci\u00f3 en Detroit, en el seno de una familia de tradici\u00f3n musical. Comenz\u00f3 a tocar la guitarra a la edad de 12 a\u00f1os. Sus principales influencias como guitarrista fueron Charlie Christian, Django Reinhardt y Wes Montgomery. Siendo un estudiante en Wayne State University, hizo su debut grabando como miembro del sexteto de Dizzy Gillespie en 1951. Particip\u00f3 en una gira con Oscar Peterson tras graduarse en 1955. Se traslad\u00f3 a New York en 1956.<\/p>\n<p>Aunque ha liderado su propio grupo desde 1951 y grabado numerosos \u00e1lbumes,\u200b tambi\u00e9n ha sido acompa\u00f1ante y m\u00fasico de sesi\u00f3n, tanto en directo como en grabaciones de destacados m\u00fasicos de jazz, como Dizzy Gillespie, Oscar Peterson, Benny Goodman, Jimmy Smith, Stan Getz, Gil Evans, Chet Baker, Gene Ammons, Donald Byrd, Ron Carter, Paul Chambers, Nat \u00abKing\u00bb Cole, John Coltrane, Bill Evans, Red Garland, Herbie Hancock, Coleman Hawkins, Joe Henderson, Billie Holiday, Milt Jackson, Elvin Jones, Etta Jones, Jackie McLean, Hank Mobley, Wes Montgomery, Sonny Rollins, Clark Terry, Cal Tjader, Stanley Turrentine, Sarah Vaughan, Mal Waldron, Cedar Walton o Dinah Washington.<\/p>\n<p>Discograf\u00eda como l\u00edder:<\/p>\n<ul>\n<li>Introducing Kenny Burrell (1956), Blue Note<\/li>\n<li>All Day Long (1957), Prestige<\/li>\n<li>Kenny Burrell and John Coltrane (1958), Prestige<\/li>\n<li>Blue Lights (1958), Blue Note<\/li>\n<li>On View At The Five Spot Cafe (1959), Blue Note<\/li>\n<li>Bluesy Burrell (1962), Moodsville<\/li>\n<li>Midnight Blue (1963), Blue Note<\/li>\n<li>Guitar Forms (1964), Verve<\/li>\n<li>Have Yourself a Soulful Little Christmas (1967), Cadet<\/li>\n<li>God Bless the Child (1971), CTI<\/li>\n<li>\u2018Round Midnight (1972), Fantasy<\/li>\n<li>Ellington Is Forever (1975-77), Fantasy<\/li>\n<li>12-15-78 (1999), 32 Jazz<\/li>\n<li>Lucky So and So (2001), Concord Jazz<\/li>\n<\/ul>\n<p>&nbsp;<\/p>\n<\/div>","protected":false},"excerpt":{"rendered":"<p>Blue Note, UMe \u200e\u2013 3579908, Blue Note \u200e\u2013 ST-84123, UMe \u200e\u2013 602435799087<\/p>\n<p>LP en vinilo de 180 gramos masterizado a partir de las cintas originales<\/p>","protected":false},"featured_media":3161,"template":"","meta":[],"product_brand":[],"product_cat":[77],"product_tag":[],"class_list":{"0":"post-3158","1":"product","2":"type-product","3":"status-publish","4":"has-post-thumbnail","6":"product_cat-jazz","8":"first","9":"outofstock","10":"taxable","11":"shipping-taxable","12":"purchasable","13":"product-type-simple"},"yoast_head":"<!-- This site is optimized with the Yoast SEO plugin v27.3 - https:\/\/yoast.com\/product\/yoast-seo-wordpress\/ -->\n<title>Kenny Burrell \u200e- Midnight Blue - DISCOS REDONDOS<\/title>\n<meta name=\"description\" content=\"Kenny Burrell \u200e- Midnight Blue - Blue Note, UMe \u200e\u2013 3579908, Blue Note \u200e\u2013 ST-84123, UMe \u200e\u2013 602435799087LP en vinilo de 180 gramos masterizado\" \/>\n<meta name=\"robots\" content=\"index, follow, max-snippet:-1, max-image-preview:large, max-video-preview:-1\" \/>\n<link rel=\"canonical\" href=\"https:\/\/discos-redondos.es\/ca\/producte\/kenny-burrell-midnight-blue\/\" \/>\n<meta property=\"og:locale\" content=\"ca_ES\" \/>\n<meta property=\"og:type\" content=\"article\" \/>\n<meta property=\"og:title\" content=\"Kenny Burrell \u200e- Midnight Blue - DISCOS REDONDOS\" \/>\n<meta property=\"og:description\" content=\"Kenny Burrell \u200e- Midnight Blue - Blue Note, UMe \u200e\u2013 3579908, Blue Note \u200e\u2013 ST-84123, UMe \u200e\u2013 602435799087LP en vinilo de 180 gramos masterizado\" \/>\n<meta property=\"og:url\" content=\"https:\/\/discos-redondos.es\/ca\/producte\/kenny-burrell-midnight-blue\/\" \/>\n<meta property=\"og:site_name\" content=\"DISCOS REDONDOS\" \/>\n<meta property=\"article:publisher\" content=\"https:\/\/www.facebook.com\/discosredondos45\" \/>\n<meta property=\"article:modified_time\" content=\"2025-03-27T11:14:33+00:00\" \/>\n<meta property=\"og:image\" content=\"https:\/\/discos-redondos.es\/wp-content\/uploads\/2021\/10\/Kenny-Burrell-\u200e\u2013-Midnight-Blue.jpg\" \/>\n\t<meta property=\"og:image:width\" content=\"589\" \/>\n\t<meta property=\"og:image:height\" content=\"584\" \/>\n\t<meta property=\"og:image:type\" content=\"image\/jpeg\" \/>\n<meta name=\"twitter:card\" content=\"summary_large_image\" \/>\n<meta name=\"twitter:label1\" content=\"Temps estimat de lectura\" \/>\n\t<meta name=\"twitter:data1\" content=\"2 minuts\" \/>\n<script type=\"application\/ld+json\" class=\"yoast-schema-graph\">{\"@context\":\"https:\\\/\\\/schema.org\",\"@graph\":[{\"@type\":\"WebPage\",\"@id\":\"https:\\\/\\\/discos-redondos.es\\\/producto\\\/kenny-burrell-midnight-blue\",\"url\":\"https:\\\/\\\/discos-redondos.es\\\/producto\\\/kenny-burrell-midnight-blue\",\"name\":\"Kenny Burrell \u200e- Midnight Blue - DISCOS REDONDOS\",\"isPartOf\":{\"@id\":\"https:\\\/\\\/discos-redondos.es\\\/#website\"},\"primaryImageOfPage\":{\"@id\":\"https:\\\/\\\/discos-redondos.es\\\/producto\\\/kenny-burrell-midnight-blue#primaryimage\"},\"image\":{\"@id\":\"https:\\\/\\\/discos-redondos.es\\\/producto\\\/kenny-burrell-midnight-blue#primaryimage\"},\"thumbnailUrl\":\"https:\\\/\\\/discos-redondos.es\\\/wp-content\\\/uploads\\\/2021\\\/10\\\/Kenny-Burrell-\u200e\u2013-Midnight-Blue.jpg\",\"datePublished\":\"2021-10-21T15:24:14+00:00\",\"dateModified\":\"2025-03-27T11:14:33+00:00\",\"description\":\"Kenny Burrell \u200e- Midnight Blue - Blue Note, UMe \u200e\u2013 3579908, Blue Note \u200e\u2013 ST-84123, UMe \u200e\u2013 602435799087LP en vinilo de 180 gramos masterizado\",\"breadcrumb\":{\"@id\":\"https:\\\/\\\/discos-redondos.es\\\/producto\\\/kenny-burrell-midnight-blue#breadcrumb\"},\"inLanguage\":\"ca\",\"potentialAction\":[{\"@type\":\"ReadAction\",\"target\":[\"https:\\\/\\\/discos-redondos.es\\\/producto\\\/kenny-burrell-midnight-blue\"]}]},{\"@type\":\"ImageObject\",\"inLanguage\":\"ca\",\"@id\":\"https:\\\/\\\/discos-redondos.es\\\/producto\\\/kenny-burrell-midnight-blue#primaryimage\",\"url\":\"https:\\\/\\\/discos-redondos.es\\\/wp-content\\\/uploads\\\/2021\\\/10\\\/Kenny-Burrell-\u200e\u2013-Midnight-Blue.jpg\",\"contentUrl\":\"https:\\\/\\\/discos-redondos.es\\\/wp-content\\\/uploads\\\/2021\\\/10\\\/Kenny-Burrell-\u200e\u2013-Midnight-Blue.jpg\",\"width\":589,\"height\":584,\"caption\":\"Kenny Burrell \u200e- Midnight Blue\"},{\"@type\":\"BreadcrumbList\",\"@id\":\"https:\\\/\\\/discos-redondos.es\\\/producto\\\/kenny-burrell-midnight-blue#breadcrumb\",\"itemListElement\":[{\"@type\":\"ListItem\",\"position\":1,\"name\":\"Portada\",\"item\":\"https:\\\/\\\/discos-redondos.es\\\/\"},{\"@type\":\"ListItem\",\"position\":2,\"name\":\"Tienda\",\"item\":\"https:\\\/\\\/discos-redondos.es\\\/?page_id=487\"},{\"@type\":\"ListItem\",\"position\":3,\"name\":\"Kenny Burrell \u200e- Midnight Blue\"}]},{\"@type\":\"WebSite\",\"@id\":\"https:\\\/\\\/discos-redondos.es\\\/#website\",\"url\":\"https:\\\/\\\/discos-redondos.es\\\/\",\"name\":\"Discos Redondos\",\"description\":\"Tu tienda de discos en Barcelona\",\"publisher\":{\"@id\":\"https:\\\/\\\/discos-redondos.es\\\/#organization\"},\"alternateName\":\"Discos Redondos\",\"potentialAction\":[{\"@type\":\"SearchAction\",\"target\":{\"@type\":\"EntryPoint\",\"urlTemplate\":\"https:\\\/\\\/discos-redondos.es\\\/?s={search_term_string}\"},\"query-input\":{\"@type\":\"PropertyValueSpecification\",\"valueRequired\":true,\"valueName\":\"search_term_string\"}}],\"inLanguage\":\"ca\"},{\"@type\":\"Organization\",\"@id\":\"https:\\\/\\\/discos-redondos.es\\\/#organization\",\"name\":\"Discos Redondos\",\"url\":\"https:\\\/\\\/discos-redondos.es\\\/\",\"logo\":{\"@type\":\"ImageObject\",\"inLanguage\":\"ca\",\"@id\":\"https:\\\/\\\/discos-redondos.es\\\/#\\\/schema\\\/logo\\\/image\\\/\",\"url\":\"https:\\\/\\\/discos-redondos.es\\\/wp-content\\\/uploads\\\/2023\\\/04\\\/aaff-logo-raval-1-1.jpg\",\"contentUrl\":\"https:\\\/\\\/discos-redondos.es\\\/wp-content\\\/uploads\\\/2023\\\/04\\\/aaff-logo-raval-1-1.jpg\",\"width\":2362,\"height\":1441,\"caption\":\"Discos Redondos\"},\"image\":{\"@id\":\"https:\\\/\\\/discos-redondos.es\\\/#\\\/schema\\\/logo\\\/image\\\/\"},\"sameAs\":[\"https:\\\/\\\/www.facebook.com\\\/discosredondos45\",\"https:\\\/\\\/www.instagram.com\\\/discos.redondos33\\\/?hl=es\",\"https:\\\/\\\/discos-redondos.bandcamp.com\\\/\"]}]}<\/script>\n<!-- \/ Yoast SEO plugin. -->","yoast_head_json":{"title":"Kenny Burrell \u200e- Midnight Blue - DISCOS REDONDOS","description":"Kenny Burrell \u200e- Midnight Blue - Blue Note, UMe \u200e\u2013 3579908, Blue Note \u200e\u2013 ST-84123, UMe \u200e\u2013 602435799087LP en vinilo de 180 gramos masterizado","robots":{"index":"index","follow":"follow","max-snippet":"max-snippet:-1","max-image-preview":"max-image-preview:large","max-video-preview":"max-video-preview:-1"},"canonical":"https:\/\/discos-redondos.es\/ca\/producte\/kenny-burrell-midnight-blue\/","og_locale":"ca_ES","og_type":"article","og_title":"Kenny Burrell \u200e- Midnight Blue - DISCOS REDONDOS","og_description":"Kenny Burrell \u200e- Midnight Blue - Blue Note, UMe \u200e\u2013 3579908, Blue Note \u200e\u2013 ST-84123, UMe \u200e\u2013 602435799087LP en vinilo de 180 gramos masterizado","og_url":"https:\/\/discos-redondos.es\/ca\/producte\/kenny-burrell-midnight-blue\/","og_site_name":"DISCOS REDONDOS","article_publisher":"https:\/\/www.facebook.com\/discosredondos45","article_modified_time":"2025-03-27T11:14:33+00:00","og_image":[{"width":589,"height":584,"url":"https:\/\/discos-redondos.es\/wp-content\/uploads\/2021\/10\/Kenny-Burrell-\u200e\u2013-Midnight-Blue.jpg","type":"image\/jpeg"}],"twitter_card":"summary_large_image","twitter_misc":{"Temps estimat de lectura":"2 minuts"},"schema":{"@context":"https:\/\/schema.org","@graph":[{"@type":"WebPage","@id":"https:\/\/discos-redondos.es\/producto\/kenny-burrell-midnight-blue","url":"https:\/\/discos-redondos.es\/producto\/kenny-burrell-midnight-blue","name":"Kenny Burrell \u200e- Midnight Blue - DISCOS REDONDOS","isPartOf":{"@id":"https:\/\/discos-redondos.es\/#website"},"primaryImageOfPage":{"@id":"https:\/\/discos-redondos.es\/producto\/kenny-burrell-midnight-blue#primaryimage"},"image":{"@id":"https:\/\/discos-redondos.es\/producto\/kenny-burrell-midnight-blue#primaryimage"},"thumbnailUrl":"https:\/\/discos-redondos.es\/wp-content\/uploads\/2021\/10\/Kenny-Burrell-\u200e\u2013-Midnight-Blue.jpg","datePublished":"2021-10-21T15:24:14+00:00","dateModified":"2025-03-27T11:14:33+00:00","description":"Kenny Burrell \u200e- Midnight Blue - Blue Note, UMe \u200e\u2013 3579908, Blue Note \u200e\u2013 ST-84123, UMe \u200e\u2013 602435799087LP en vinilo de 180 gramos masterizado","breadcrumb":{"@id":"https:\/\/discos-redondos.es\/producto\/kenny-burrell-midnight-blue#breadcrumb"},"inLanguage":"ca","potentialAction":[{"@type":"ReadAction","target":["https:\/\/discos-redondos.es\/producto\/kenny-burrell-midnight-blue"]}]},{"@type":"ImageObject","inLanguage":"ca","@id":"https:\/\/discos-redondos.es\/producto\/kenny-burrell-midnight-blue#primaryimage","url":"https:\/\/discos-redondos.es\/wp-content\/uploads\/2021\/10\/Kenny-Burrell-\u200e\u2013-Midnight-Blue.jpg","contentUrl":"https:\/\/discos-redondos.es\/wp-content\/uploads\/2021\/10\/Kenny-Burrell-\u200e\u2013-Midnight-Blue.jpg","width":589,"height":584,"caption":"Kenny Burrell \u200e- Midnight Blue"},{"@type":"BreadcrumbList","@id":"https:\/\/discos-redondos.es\/producto\/kenny-burrell-midnight-blue#breadcrumb","itemListElement":[{"@type":"ListItem","position":1,"name":"Portada","item":"https:\/\/discos-redondos.es\/"},{"@type":"ListItem","position":2,"name":"Tienda","item":"https:\/\/discos-redondos.es\/?page_id=487"},{"@type":"ListItem","position":3,"name":"Kenny Burrell \u200e- Midnight Blue"}]},{"@type":"WebSite","@id":"https:\/\/discos-redondos.es\/#website","url":"https:\/\/discos-redondos.es\/","name":"Discos Redondos","description":"La teva botiga de discos a Barcelona","publisher":{"@id":"https:\/\/discos-redondos.es\/#organization"},"alternateName":"Discos Redondos","potentialAction":[{"@type":"SearchAction","target":{"@type":"EntryPoint","urlTemplate":"https:\/\/discos-redondos.es\/?s={search_term_string}"},"query-input":{"@type":"PropertyValueSpecification","valueRequired":true,"valueName":"search_term_string"}}],"inLanguage":"ca"},{"@type":"Organization","@id":"https:\/\/discos-redondos.es\/#organization","name":"Discos Redondos","url":"https:\/\/discos-redondos.es\/","logo":{"@type":"ImageObject","inLanguage":"ca","@id":"https:\/\/discos-redondos.es\/#\/schema\/logo\/image\/","url":"https:\/\/discos-redondos.es\/wp-content\/uploads\/2023\/04\/aaff-logo-raval-1-1.jpg","contentUrl":"https:\/\/discos-redondos.es\/wp-content\/uploads\/2023\/04\/aaff-logo-raval-1-1.jpg","width":2362,"height":1441,"caption":"Discos Redondos"},"image":{"@id":"https:\/\/discos-redondos.es\/#\/schema\/logo\/image\/"},"sameAs":["https:\/\/www.facebook.com\/discosredondos45","https:\/\/www.instagram.com\/discos.redondos33\/?hl=es","https:\/\/discos-redondos.bandcamp.com\/"]}]}},"jetpack_sharing_enabled":true,"_links":{"self":[{"href":"https:\/\/discos-redondos.es\/ca\/wp-json\/wp\/v2\/product\/3158","targetHints":{"allow":["GET"]}}],"collection":[{"href":"https:\/\/discos-redondos.es\/ca\/wp-json\/wp\/v2\/product"}],"about":[{"href":"https:\/\/discos-redondos.es\/ca\/wp-json\/wp\/v2\/types\/product"}],"wp:featuredmedia":[{"embeddable":true,"href":"https:\/\/discos-redondos.es\/ca\/wp-json\/wp\/v2\/media\/3161"}],"wp:attachment":[{"href":"https:\/\/discos-redondos.es\/ca\/wp-json\/wp\/v2\/media?parent=3158"}],"wp:term":[{"taxonomy":"product_brand","embeddable":true,"href":"https:\/\/discos-redondos.es\/ca\/wp-json\/wp\/v2\/product_brand?post=3158"},{"taxonomy":"product_cat","embeddable":true,"href":"https:\/\/discos-redondos.es\/ca\/wp-json\/wp\/v2\/product_cat?post=3158"},{"taxonomy":"product_tag","embeddable":true,"href":"https:\/\/discos-redondos.es\/ca\/wp-json\/wp\/v2\/product_tag?post=3158"}],"curies":[{"name":"wp","href":"https:\/\/api.w.org\/{rel}","templated":true}]}}