{"id":3283,"date":"2021-10-23T18:03:58","date_gmt":"2021-10-23T18:03:58","guid":{"rendered":"https:\/\/discos-redondos.es\/?post_type=product&#038;p=3283"},"modified":"2026-05-01T20:22:28","modified_gmt":"2026-05-01T20:22:28","slug":"doom-and-madlib-madvillain-madvillainy","status":"publish","type":"product","link":"https:\/\/discos-redondos.es\/ca\/producte\/doom-and-madlib-madvillain-madvillainy","title":{"rendered":"Madvillain &#8211; Madvillainy"},"content":{"rendered":"<header class=\"header_W2hzl\" role=\"\"><strong>Madvillain \u2013 Madvillainy<\/strong><strong>Tracklist<\/strong><\/p>\n<\/header>\n<div class=\"content_1TFzi\">\n<table class=\"tracklist_3QGRS\">\n<tbody>\n<tr data-track-position=\"1A\">\n<td class=\"trackPos_2RCje\">1A<\/td>\n<td class=\"artist_3zAQD\"><\/td>\n<td class=\"trackTitle_CTKp4\"><span class=\"trackTitle_CTKp4\">The Illest Villains<\/span><\/td>\n<td class=\"duration_2t4qr\">1:55<\/td>\n<\/tr>\n<tr data-track-position=\"2A\">\n<td class=\"trackPos_2RCje\">2A<\/td>\n<td class=\"artist_3zAQD\"><\/td>\n<td class=\"trackTitle_CTKp4\"><span class=\"trackTitle_CTKp4\">Accordion<\/span><\/td>\n<td class=\"duration_2t4qr\">1:58<\/td>\n<\/tr>\n<tr data-track-position=\"3A\">\n<td class=\"trackPos_2RCje\">3A<\/td>\n<td class=\"artist_3zAQD\"><\/td>\n<td class=\"trackTitle_CTKp4\"><span class=\"trackTitle_CTKp4\">Meat Grinder<\/span><\/td>\n<td class=\"duration_2t4qr\">2:11<\/td>\n<\/tr>\n<tr data-track-position=\"4A\">\n<td class=\"trackPos_2RCje\">4A<\/td>\n<td class=\"artist_3zAQD\"><\/td>\n<td class=\"trackTitle_CTKp4\"><span class=\"trackTitle_CTKp4\">Bistro<\/span><\/td>\n<td class=\"duration_2t4qr\">1:08<\/td>\n<\/tr>\n<tr data-track-position=\"5A\">\n<td class=\"trackPos_2RCje\">5A<\/td>\n<td class=\"artist_3zAQD\"><\/td>\n<td class=\"trackTitle_CTKp4\"><span class=\"trackTitle_CTKp4\">Raid<\/span><\/td>\n<td class=\"duration_2t4qr\">2:35<\/td>\n<\/tr>\n<tr data-track-position=\"1B\">\n<td class=\"trackPos_2RCje\">1B<\/td>\n<td class=\"artist_3zAQD\"><\/td>\n<td class=\"trackTitle_CTKp4\"><span class=\"trackTitle_CTKp4\">America&#8217;s Most Blunted<\/span><\/td>\n<td class=\"duration_2t4qr\">3:54<\/td>\n<\/tr>\n<tr data-track-position=\"2B\">\n<td class=\"trackPos_2RCje\">2B<\/td>\n<td class=\"artist_3zAQD\"><\/td>\n<td class=\"trackTitle_CTKp4\"><span class=\"trackTitle_CTKp4\">Sickfit (Inst.)<\/span><\/td>\n<td class=\"duration_2t4qr\">1:21<\/td>\n<\/tr>\n<tr data-track-position=\"3B\">\n<td class=\"trackPos_2RCje\">3B<\/td>\n<td class=\"artist_3zAQD\"><\/td>\n<td class=\"trackTitle_CTKp4\"><span class=\"trackTitle_CTKp4\">Rainbows<\/span><\/td>\n<td class=\"duration_2t4qr\">2:51<\/td>\n<\/tr>\n<tr data-track-position=\"4B\">\n<td class=\"trackPos_2RCje\">4B<\/td>\n<td class=\"artist_3zAQD\"><\/td>\n<td class=\"trackTitle_CTKp4\"><span class=\"trackTitle_CTKp4\">Curls<\/span><\/td>\n<td class=\"duration_2t4qr\">1:33<\/td>\n<\/tr>\n<tr data-track-position=\"5B\">\n<td class=\"trackPos_2RCje\">5B<\/td>\n<td class=\"artist_3zAQD\"><\/td>\n<td class=\"trackTitle_CTKp4\"><span class=\"trackTitle_CTKp4\">Do Not Fire! (Inst.)<\/span><\/td>\n<td class=\"duration_2t4qr\">0:52<\/td>\n<\/tr>\n<tr data-track-position=\"6B\">\n<td class=\"trackPos_2RCje\">6B<\/td>\n<td class=\"artist_3zAQD\"><\/td>\n<td class=\"trackTitle_CTKp4\"><span class=\"trackTitle_CTKp4\">Money Folder<\/span><\/td>\n<td class=\"duration_2t4qr\">2:41<\/td>\n<\/tr>\n<tr data-track-position=\"1C\">\n<td class=\"trackPos_2RCje\">1C<\/td>\n<td class=\"artist_3zAQD\"><\/td>\n<td class=\"trackTitle_CTKp4\"><span class=\"trackTitle_CTKp4\">Scene Two (Voice Skit)<\/span><\/td>\n<td class=\"duration_2t4qr\">0:20<\/td>\n<\/tr>\n<tr data-track-position=\"2C\">\n<td class=\"trackPos_2RCje\">2C<\/td>\n<td class=\"artist_3zAQD\"><\/td>\n<td class=\"trackTitle_CTKp4\"><span class=\"trackTitle_CTKp4\">Shadows Of Tomorrow<\/span><\/td>\n<td class=\"duration_2t4qr\">2:36<\/td>\n<\/tr>\n<tr data-track-position=\"3C\">\n<td class=\"trackPos_2RCje\">3C<\/td>\n<td class=\"artist_3zAQD\"><\/td>\n<td class=\"trackTitle_CTKp4\"><span class=\"trackTitle_CTKp4\">Operation Lifesaver AKA Mint Test<\/span><\/td>\n<td class=\"duration_2t4qr\">1:30<\/td>\n<\/tr>\n<tr data-track-position=\"4C\">\n<td class=\"trackPos_2RCje\">4C<\/td>\n<td class=\"artist_3zAQD\"><\/td>\n<td class=\"trackTitle_CTKp4\"><span class=\"trackTitle_CTKp4\">Figaro<\/span><\/td>\n<td class=\"duration_2t4qr\">2:25<\/td>\n<\/tr>\n<tr data-track-position=\"5C\">\n<td class=\"trackPos_2RCje\">5C<\/td>\n<td class=\"artist_3zAQD\"><\/td>\n<td class=\"trackTitle_CTKp4\"><span class=\"trackTitle_CTKp4\">Hardcore Hustle<\/span><\/td>\n<td class=\"duration_2t4qr\">1:21<\/td>\n<\/tr>\n<tr data-track-position=\"6C\">\n<td class=\"trackPos_2RCje\">6C<\/td>\n<td class=\"artist_3zAQD\"><\/td>\n<td class=\"trackTitle_CTKp4\"><span class=\"trackTitle_CTKp4\">Strange Ways<\/span><\/td>\n<td class=\"duration_2t4qr\">1:23<\/td>\n<\/tr>\n<tr data-track-position=\"1D\">\n<td class=\"trackPos_2RCje\">1D<\/td>\n<td class=\"artist_3zAQD\"><\/td>\n<td class=\"trackTitle_CTKp4\"><span class=\"trackTitle_CTKp4\">(Intro)<\/span><\/td>\n<td class=\"duration_2t4qr\">0:29<\/td>\n<\/tr>\n<tr data-track-position=\"2D\">\n<td class=\"trackPos_2RCje\">2D<\/td>\n<td class=\"artist_3zAQD\"><\/td>\n<td class=\"trackTitle_CTKp4\"><span class=\"trackTitle_CTKp4\">Fancy Clown<\/span><\/td>\n<td class=\"duration_2t4qr\">1:55<\/td>\n<\/tr>\n<tr data-track-position=\"3D\">\n<td class=\"trackPos_2RCje\">3D<\/td>\n<td class=\"artist_3zAQD\"><\/td>\n<td class=\"trackTitle_CTKp4\"><span class=\"trackTitle_CTKp4\">Eye<\/span><\/td>\n<td class=\"duration_2t4qr\">1:57<\/td>\n<\/tr>\n<tr data-track-position=\"4D\">\n<td class=\"trackPos_2RCje\">4D<\/td>\n<td class=\"artist_3zAQD\"><\/td>\n<td class=\"trackTitle_CTKp4\"><span class=\"trackTitle_CTKp4\">Supervillain Theme (Inst.)<\/span><\/td>\n<td class=\"duration_2t4qr\">0:52<\/td>\n<\/tr>\n<tr data-track-position=\"5D\">\n<td class=\"trackPos_2RCje\">5D<\/td>\n<td class=\"artist_3zAQD\"><\/td>\n<td class=\"trackTitle_CTKp4\"><span class=\"trackTitle_CTKp4\">All Caps<\/span><\/td>\n<td class=\"duration_2t4qr\">2:10<\/td>\n<\/tr>\n<tr data-track-position=\"6D\">\n<td class=\"trackPos_2RCje\">6D<\/td>\n<td class=\"artist_3zAQD\"><\/td>\n<td class=\"trackTitle_CTKp4\"><span class=\"trackTitle_CTKp4\">Great Day<\/span><\/td>\n<td class=\"duration_2t4qr\">2:16<\/td>\n<\/tr>\n<tr data-track-position=\"7D\">\n<td class=\"trackPos_2RCje\">7D<\/td>\n<td class=\"artist_3zAQD\"><\/td>\n<td class=\"trackTitle_CTKp4\"><span class=\"trackTitle_CTKp4\">Rhinestone Cowboy<\/span><\/td>\n<td class=\"duration_2t4qr\">4:00<\/td>\n<\/tr>\n<\/tbody>\n<\/table>\n<h2><strong>Madvillain \u2013 Madvillainy<\/strong><\/h2>\n<p>Madvillainy es el \u00fanico \u00e1lbum de estudio del d\u00fao estadounidense de hip hop Madvillain, que est\u00e1 formado por el rapero MF DOOM y el productor Madlib, y fue lanzado el 23 de marzo de 2004 por Stones Throw Records.<\/p>\n<p>Grabado entre 2002 y 2004, y en \u00e9l Madlib cre\u00f3 la mayor\u00eda de los beats durante un viaje a Brasil, en su habitaci\u00f3n de hotel, utilizando una cantidad m\u00ednima de equipo: un sampler Boss SP-303, un tocadiscos y una pletina de cassette. Catorce meses antes del lanzamiento del \u00e1lbum, una versi\u00f3n demo sin terminar se rob\u00f3 y se filtr\u00f3 en Internet por lo que, frustrado, el d\u00fao dej\u00f3 de trabajar en el \u00e1lbum y volvi\u00f3 a \u00e9l solo despu\u00e9s de haber lanzado otros proyectos en solitario.<\/p>\n<p>Si bien Madvillainy logr\u00f3 solo un \u00e9xito comercial moderado, se convirti\u00f3 en uno de los \u00e1lbumes de Stones Throw m\u00e1s vendidos, alcanzando el puesto 179 en el Billboard 200 de EE. UU. y atrayendo la atenci\u00f3n de los medios de comunicaci\u00f3n que generalmente no cubren el hip hop, incluido The New Yorker.<\/p>\n<p>Madvillainy recibi\u00f3 los elogios generalizados de la cr\u00edtica por la producci\u00f3n de Madlib y el lirismo de MF Doom, y se considera la obra maestra de DOOM, y a r\u00e1iz de esto se ha incluido en las listas de varias publicaciones especializadas como uno de los mejores \u00e1lbumes de todos los tiempos, alcanzando incluso el puesto 411 en la lista de NME de los 500 mejores \u00e1lbumes de todos los tiempos, el 365 en los 500 mejores \u00e1lbumes de todos los tiempos de Rolling Stone, y en 18 en la lista de los 200 mejores \u00e1lbumes de hip-hop de todos los tiempos de la revista Rolling Stone.<\/p>\n<\/div>","protected":false},"excerpt":{"rendered":"<p>Stones Throw Records \u2013 STH2065, 659457206512<\/p>\n<p>2 x LP USA<\/p>","protected":false},"featured_media":3284,"template":"","meta":[],"product_brand":[148],"product_cat":[74],"product_tag":[],"class_list":{"0":"post-3283","1":"product","2":"type-product","3":"status-publish","4":"has-post-thumbnail","6":"product_brand-stones-throw-records","7":"product_cat-hip-hop","9":"first","10":"outofstock","11":"taxable","12":"shipping-taxable","13":"purchasable","14":"product-type-simple"},"yoast_head":"<!-- This site is optimized with the Yoast SEO plugin v27.5 - https:\/\/yoast.com\/product\/yoast-seo-wordpress\/ -->\n<title>Madvillain - Madvillainy - DISCOS REDONDOS<\/title>\n<meta name=\"description\" content=\"(Doom And Madlib) Madvillain \u2013 Madvillainy - Editado por Stones Throw Records \u2013 STH2065, 6594572065122 x LP USA, prensada 2023\" \/>\n<meta name=\"robots\" content=\"index, follow, max-snippet:-1, max-image-preview:large, max-video-preview:-1\" \/>\n<link rel=\"canonical\" href=\"https:\/\/discos-redondos.es\/ca\/producte\/doom-and-madlib-madvillain-madvillainy\/\" \/>\n<meta property=\"og:locale\" content=\"ca_ES\" \/>\n<meta property=\"og:type\" content=\"article\" \/>\n<meta property=\"og:title\" content=\"Madvillain - Madvillainy - DISCOS REDONDOS\" \/>\n<meta property=\"og:description\" content=\"(Doom And Madlib) Madvillain \u2013 Madvillainy - Editado por Stones Throw Records \u2013 STH2065, 6594572065122 x LP USA, prensada 2023\" \/>\n<meta property=\"og:url\" content=\"https:\/\/discos-redondos.es\/ca\/producte\/doom-and-madlib-madvillain-madvillainy\/\" \/>\n<meta property=\"og:site_name\" content=\"DISCOS REDONDOS\" \/>\n<meta property=\"article:publisher\" content=\"https:\/\/www.facebook.com\/discosredondos45\" \/>\n<meta property=\"article:modified_time\" content=\"2026-05-01T20:22:28+00:00\" \/>\n<meta property=\"og:image\" content=\"https:\/\/discos-redondos.es\/wp-content\/uploads\/2021\/10\/Madvillain-\u2013-Madvillainy.jpg\" \/>\n\t<meta property=\"og:image:width\" content=\"591\" \/>\n\t<meta property=\"og:image:height\" content=\"595\" \/>\n\t<meta property=\"og:image:type\" content=\"image\/jpeg\" \/>\n<meta name=\"twitter:card\" content=\"summary_large_image\" \/>\n<meta name=\"twitter:label1\" content=\"Temps estimat de lectura\" \/>\n\t<meta name=\"twitter:data1\" content=\"2 minuts\" \/>\n<script type=\"application\/ld+json\" class=\"yoast-schema-graph\">{\"@context\":\"https:\\\/\\\/schema.org\",\"@graph\":[{\"@type\":\"WebPage\",\"@id\":\"https:\\\/\\\/discos-redondos.es\\\/producto\\\/doom-and-madlib-madvillain-madvillainy\",\"url\":\"https:\\\/\\\/discos-redondos.es\\\/producto\\\/doom-and-madlib-madvillain-madvillainy\",\"name\":\"Madvillain - Madvillainy - DISCOS REDONDOS\",\"isPartOf\":{\"@id\":\"https:\\\/\\\/discos-redondos.es\\\/#website\"},\"primaryImageOfPage\":{\"@id\":\"https:\\\/\\\/discos-redondos.es\\\/producto\\\/doom-and-madlib-madvillain-madvillainy#primaryimage\"},\"image\":{\"@id\":\"https:\\\/\\\/discos-redondos.es\\\/producto\\\/doom-and-madlib-madvillain-madvillainy#primaryimage\"},\"thumbnailUrl\":\"https:\\\/\\\/discos-redondos.es\\\/wp-content\\\/uploads\\\/2021\\\/10\\\/Madvillain-\u2013-Madvillainy.jpg\",\"datePublished\":\"2021-10-23T18:03:58+00:00\",\"dateModified\":\"2026-05-01T20:22:28+00:00\",\"description\":\"(Doom And Madlib) Madvillain \u2013 Madvillainy - Editado por Stones Throw Records \u2013 STH2065, 6594572065122 x LP USA, prensada 2023\",\"breadcrumb\":{\"@id\":\"https:\\\/\\\/discos-redondos.es\\\/producto\\\/doom-and-madlib-madvillain-madvillainy#breadcrumb\"},\"inLanguage\":\"ca\",\"potentialAction\":[{\"@type\":\"ReadAction\",\"target\":[\"https:\\\/\\\/discos-redondos.es\\\/producto\\\/doom-and-madlib-madvillain-madvillainy\"]}]},{\"@type\":\"ImageObject\",\"inLanguage\":\"ca\",\"@id\":\"https:\\\/\\\/discos-redondos.es\\\/producto\\\/doom-and-madlib-madvillain-madvillainy#primaryimage\",\"url\":\"https:\\\/\\\/discos-redondos.es\\\/wp-content\\\/uploads\\\/2021\\\/10\\\/Madvillain-\u2013-Madvillainy.jpg\",\"contentUrl\":\"https:\\\/\\\/discos-redondos.es\\\/wp-content\\\/uploads\\\/2021\\\/10\\\/Madvillain-\u2013-Madvillainy.jpg\",\"width\":591,\"height\":595,\"caption\":\"Madvillain \u2013 Madvillainy\"},{\"@type\":\"BreadcrumbList\",\"@id\":\"https:\\\/\\\/discos-redondos.es\\\/producto\\\/doom-and-madlib-madvillain-madvillainy#breadcrumb\",\"itemListElement\":[{\"@type\":\"ListItem\",\"position\":1,\"name\":\"Portada\",\"item\":\"https:\\\/\\\/discos-redondos.es\\\/\"},{\"@type\":\"ListItem\",\"position\":2,\"name\":\"Tienda\",\"item\":\"https:\\\/\\\/discos-redondos.es\\\/?page_id=487\"},{\"@type\":\"ListItem\",\"position\":3,\"name\":\"Madvillain &#8211; Madvillainy\"}]},{\"@type\":\"WebSite\",\"@id\":\"https:\\\/\\\/discos-redondos.es\\\/#website\",\"url\":\"https:\\\/\\\/discos-redondos.es\\\/\",\"name\":\"Discos Redondos\",\"description\":\"Tu tienda de discos en Barcelona\",\"publisher\":{\"@id\":\"https:\\\/\\\/discos-redondos.es\\\/#organization\"},\"alternateName\":\"Discos Redondos\",\"potentialAction\":[{\"@type\":\"SearchAction\",\"target\":{\"@type\":\"EntryPoint\",\"urlTemplate\":\"https:\\\/\\\/discos-redondos.es\\\/?s={search_term_string}\"},\"query-input\":{\"@type\":\"PropertyValueSpecification\",\"valueRequired\":true,\"valueName\":\"search_term_string\"}}],\"inLanguage\":\"ca\"},{\"@type\":\"Organization\",\"@id\":\"https:\\\/\\\/discos-redondos.es\\\/#organization\",\"name\":\"Discos Redondos\",\"url\":\"https:\\\/\\\/discos-redondos.es\\\/\",\"logo\":{\"@type\":\"ImageObject\",\"inLanguage\":\"ca\",\"@id\":\"https:\\\/\\\/discos-redondos.es\\\/#\\\/schema\\\/logo\\\/image\\\/\",\"url\":\"https:\\\/\\\/discos-redondos.es\\\/wp-content\\\/uploads\\\/2023\\\/04\\\/aaff-logo-raval-1-1.jpg\",\"contentUrl\":\"https:\\\/\\\/discos-redondos.es\\\/wp-content\\\/uploads\\\/2023\\\/04\\\/aaff-logo-raval-1-1.jpg\",\"width\":2362,\"height\":1441,\"caption\":\"Discos Redondos\"},\"image\":{\"@id\":\"https:\\\/\\\/discos-redondos.es\\\/#\\\/schema\\\/logo\\\/image\\\/\"},\"sameAs\":[\"https:\\\/\\\/www.facebook.com\\\/discosredondos45\",\"https:\\\/\\\/www.instagram.com\\\/discos.redondos33\\\/?hl=es\",\"https:\\\/\\\/discos-redondos.bandcamp.com\\\/\"]}]}<\/script>\n<!-- \/ Yoast SEO plugin. -->","yoast_head_json":{"title":"Madvillain - Madvillainy - DISCOS REDONDOS","description":"(Doom And Madlib) Madvillain \u2013 Madvillainy - Editado por Stones Throw Records \u2013 STH2065, 6594572065122 x LP USA, prensada 2023","robots":{"index":"index","follow":"follow","max-snippet":"max-snippet:-1","max-image-preview":"max-image-preview:large","max-video-preview":"max-video-preview:-1"},"canonical":"https:\/\/discos-redondos.es\/ca\/producte\/doom-and-madlib-madvillain-madvillainy\/","og_locale":"ca_ES","og_type":"article","og_title":"Madvillain - Madvillainy - DISCOS REDONDOS","og_description":"(Doom And Madlib) Madvillain \u2013 Madvillainy - Editado por Stones Throw Records \u2013 STH2065, 6594572065122 x LP USA, prensada 2023","og_url":"https:\/\/discos-redondos.es\/ca\/producte\/doom-and-madlib-madvillain-madvillainy\/","og_site_name":"DISCOS REDONDOS","article_publisher":"https:\/\/www.facebook.com\/discosredondos45","article_modified_time":"2026-05-01T20:22:28+00:00","og_image":[{"width":591,"height":595,"url":"https:\/\/discos-redondos.es\/wp-content\/uploads\/2021\/10\/Madvillain-\u2013-Madvillainy.jpg","type":"image\/jpeg"}],"twitter_card":"summary_large_image","twitter_misc":{"Temps estimat de lectura":"2 minuts"},"schema":{"@context":"https:\/\/schema.org","@graph":[{"@type":"WebPage","@id":"https:\/\/discos-redondos.es\/producto\/doom-and-madlib-madvillain-madvillainy","url":"https:\/\/discos-redondos.es\/producto\/doom-and-madlib-madvillain-madvillainy","name":"Madvillain - Madvillainy - DISCOS REDONDOS","isPartOf":{"@id":"https:\/\/discos-redondos.es\/#website"},"primaryImageOfPage":{"@id":"https:\/\/discos-redondos.es\/producto\/doom-and-madlib-madvillain-madvillainy#primaryimage"},"image":{"@id":"https:\/\/discos-redondos.es\/producto\/doom-and-madlib-madvillain-madvillainy#primaryimage"},"thumbnailUrl":"https:\/\/discos-redondos.es\/wp-content\/uploads\/2021\/10\/Madvillain-\u2013-Madvillainy.jpg","datePublished":"2021-10-23T18:03:58+00:00","dateModified":"2026-05-01T20:22:28+00:00","description":"(Doom And Madlib) Madvillain \u2013 Madvillainy - Editado por Stones Throw Records \u2013 STH2065, 6594572065122 x LP USA, prensada 2023","breadcrumb":{"@id":"https:\/\/discos-redondos.es\/producto\/doom-and-madlib-madvillain-madvillainy#breadcrumb"},"inLanguage":"ca","potentialAction":[{"@type":"ReadAction","target":["https:\/\/discos-redondos.es\/producto\/doom-and-madlib-madvillain-madvillainy"]}]},{"@type":"ImageObject","inLanguage":"ca","@id":"https:\/\/discos-redondos.es\/producto\/doom-and-madlib-madvillain-madvillainy#primaryimage","url":"https:\/\/discos-redondos.es\/wp-content\/uploads\/2021\/10\/Madvillain-\u2013-Madvillainy.jpg","contentUrl":"https:\/\/discos-redondos.es\/wp-content\/uploads\/2021\/10\/Madvillain-\u2013-Madvillainy.jpg","width":591,"height":595,"caption":"Madvillain \u2013 Madvillainy"},{"@type":"BreadcrumbList","@id":"https:\/\/discos-redondos.es\/producto\/doom-and-madlib-madvillain-madvillainy#breadcrumb","itemListElement":[{"@type":"ListItem","position":1,"name":"Portada","item":"https:\/\/discos-redondos.es\/"},{"@type":"ListItem","position":2,"name":"Tienda","item":"https:\/\/discos-redondos.es\/?page_id=487"},{"@type":"ListItem","position":3,"name":"Madvillain &#8211; Madvillainy"}]},{"@type":"WebSite","@id":"https:\/\/discos-redondos.es\/#website","url":"https:\/\/discos-redondos.es\/","name":"Discos Redondos","description":"La teva botiga de discos a Barcelona","publisher":{"@id":"https:\/\/discos-redondos.es\/#organization"},"alternateName":"Discos Redondos","potentialAction":[{"@type":"SearchAction","target":{"@type":"EntryPoint","urlTemplate":"https:\/\/discos-redondos.es\/?s={search_term_string}"},"query-input":{"@type":"PropertyValueSpecification","valueRequired":true,"valueName":"search_term_string"}}],"inLanguage":"ca"},{"@type":"Organization","@id":"https:\/\/discos-redondos.es\/#organization","name":"Discos Redondos","url":"https:\/\/discos-redondos.es\/","logo":{"@type":"ImageObject","inLanguage":"ca","@id":"https:\/\/discos-redondos.es\/#\/schema\/logo\/image\/","url":"https:\/\/discos-redondos.es\/wp-content\/uploads\/2023\/04\/aaff-logo-raval-1-1.jpg","contentUrl":"https:\/\/discos-redondos.es\/wp-content\/uploads\/2023\/04\/aaff-logo-raval-1-1.jpg","width":2362,"height":1441,"caption":"Discos Redondos"},"image":{"@id":"https:\/\/discos-redondos.es\/#\/schema\/logo\/image\/"},"sameAs":["https:\/\/www.facebook.com\/discosredondos45","https:\/\/www.instagram.com\/discos.redondos33\/?hl=es","https:\/\/discos-redondos.bandcamp.com\/"]}]}},"_links":{"self":[{"href":"https:\/\/discos-redondos.es\/ca\/wp-json\/wp\/v2\/product\/3283","targetHints":{"allow":["GET"]}}],"collection":[{"href":"https:\/\/discos-redondos.es\/ca\/wp-json\/wp\/v2\/product"}],"about":[{"href":"https:\/\/discos-redondos.es\/ca\/wp-json\/wp\/v2\/types\/product"}],"wp:featuredmedia":[{"embeddable":true,"href":"https:\/\/discos-redondos.es\/ca\/wp-json\/wp\/v2\/media\/3284"}],"wp:attachment":[{"href":"https:\/\/discos-redondos.es\/ca\/wp-json\/wp\/v2\/media?parent=3283"}],"wp:term":[{"taxonomy":"product_brand","embeddable":true,"href":"https:\/\/discos-redondos.es\/ca\/wp-json\/wp\/v2\/product_brand?post=3283"},{"taxonomy":"product_cat","embeddable":true,"href":"https:\/\/discos-redondos.es\/ca\/wp-json\/wp\/v2\/product_cat?post=3283"},{"taxonomy":"product_tag","embeddable":true,"href":"https:\/\/discos-redondos.es\/ca\/wp-json\/wp\/v2\/product_tag?post=3283"}],"curies":[{"name":"wp","href":"https:\/\/api.w.org\/{rel}","templated":true}]}}