{"id":3379,"date":"2021-11-05T16:28:31","date_gmt":"2021-11-05T16:28:31","guid":{"rendered":"https:\/\/discos-redondos.es\/?post_type=product&#038;p=3379"},"modified":"2025-03-27T11:13:27","modified_gmt":"2025-03-27T11:13:27","slug":"idris-muhammad-black-rhythm-revolution","status":"publish","type":"product","link":"https:\/\/discos-redondos.es\/ca\/producte\/idris-muhammad-black-rhythm-revolution","title":{"rendered":"Idris Muhammad \u200e\u2013 Black Rhythm Revolution"},"content":{"rendered":"<header class=\"header_W2hzl\" role=\"\">\n<h3>Idris Muhammad \u200e\u2013 Black Rhythm Revolution<\/h3>\n<h3>Tracklist<\/h3>\n<\/header>\n<div class=\"content_1TFzi\">\n<table class=\"tracklist_3QGRS\">\n<tbody>\n<tr data-track-position=\"A1\">\n<td class=\"trackPos_2RCje\">A1<\/td>\n<td class=\"artist_3zAQD\"><\/td>\n<td class=\"trackTitle_CTKp4\"><span class=\"trackTitle_CTKp4\">Express Yourself<\/span><\/td>\n<td class=\"duration_2t4qr\">5:30<\/td>\n<\/tr>\n<tr data-track-position=\"A2\">\n<td class=\"trackPos_2RCje\">A2<\/td>\n<td class=\"artist_3zAQD\"><\/td>\n<td class=\"trackTitle_CTKp4\"><span class=\"trackTitle_CTKp4\">Soulful Drums<\/span><\/td>\n<td class=\"duration_2t4qr\">4:35<\/td>\n<\/tr>\n<tr data-track-position=\"A3\">\n<td class=\"trackPos_2RCje\">A3<\/td>\n<td class=\"artist_3zAQD\"><\/td>\n<td class=\"trackTitle_CTKp4\"><span class=\"trackTitle_CTKp4\">Super Bad<\/span><\/td>\n<td class=\"duration_2t4qr\">5:25<\/td>\n<\/tr>\n<tr data-track-position=\"B1\">\n<td class=\"trackPos_2RCje\">B1<\/td>\n<td class=\"artist_3zAQD\"><\/td>\n<td class=\"trackTitle_CTKp4\"><span class=\"trackTitle_CTKp4\">Wander<\/span><\/td>\n<td class=\"duration_2t4qr\">11:05<\/td>\n<\/tr>\n<tr data-track-position=\"B2\">\n<td class=\"trackPos_2RCje\">B2<\/td>\n<td class=\"artist_3zAQD\"><\/td>\n<td class=\"trackTitle_CTKp4\"><span class=\"trackTitle_CTKp4\">By The Red Sea<\/span><\/td>\n<td class=\"duration_2t4qr\">8:55<\/td>\n<\/tr>\n<\/tbody>\n<\/table>\n<p>&nbsp;<\/p>\n<p><iframe loading=\"lazy\" title=\"Idris Muhammad -  Express Yourself 1971\" width=\"832\" height=\"468\" src=\"https:\/\/www.youtube.com\/embed\/kw6jZc8k2Kw?feature=oembed\" frameborder=\"0\" allow=\"accelerometer; autoplay; clipboard-write; encrypted-media; gyroscope; picture-in-picture; web-share\" referrerpolicy=\"strict-origin-when-cross-origin\" allowfullscreen><\/iframe><\/p>\n<p><strong>Idris Muhammad \u200e\u2013 Black Rhythm Revolution: <\/strong>Es el primer \u00e1lbum del baterista de jazz Idris Muhammad. Fue grabado para el sello Prestige en 1970. Stewart Mason de AllMusic escribi\u00f3: \u00abBlack Rhythm Revolution no es un mal \u00e1lbum en absoluto; de hecho, la mayor\u00eda de las pistas son buenas o excelentes, con los extensos \u00absujetalibros\u00bb \u00abBy the Red Sea\u00bb y \u00abWander\u00bb, ambos con ritmos memorables y ritmos ajustados.\u00a0 Solos compactos. Es considerablemente menos intenso de lo que el t\u00edtulo podr\u00eda hacer creer\u00bb.<br \/>\nLa mayor\u00eda de los cr\u00edticos que escucharon el \u00e1lbum dijeron que, aunque en gran parte desconocido, fue uno de los mejores \u00e1lbumes de bateristas de su tiempo.<\/p>\n<p>Hoy en d\u00eda est\u00e1 considerado un cl\u00e1sico del jazz funk y cuenta con gran reconocimineto dentro de la escena del hip hop. LOs m\u00fasicos que participaron en esta grabaci\u00f3n fueron los siguientes:<\/p>\n<p>Idris Muhammad \u2013 bater\u00eda<br \/>\nVirgil Jones \u2013 trompeta<br \/>\nClarence Thomas \u2013\u00a0 saxos tenor y soprano<br \/>\nHarold Mabern \u2013 fender rhodes<br \/>\nMelvin Sparks \u2013 guitarra<br \/>\nJimmy Lewis \u2013 bajo el\u00e9ctrico<br \/>\nBuddy Caldwell \u2013 congas<\/p>\n<p>&nbsp;<\/p>\n<\/div>","protected":false},"excerpt":{"rendered":"<p>BGP Records \u2013 BGPD 1068, 029667276818<\/p>\n<p>LP UK<\/p>","protected":false},"featured_media":3382,"template":"","meta":[],"product_brand":[],"product_cat":[93],"product_tag":[],"class_list":{"0":"post-3379","1":"product","2":"type-product","3":"status-publish","4":"has-post-thumbnail","6":"product_cat-jazz-funk-jazz-fusion","8":"first","9":"outofstock","10":"taxable","11":"shipping-taxable","12":"purchasable","13":"product-type-simple"},"yoast_head":"<!-- This site is optimized with the Yoast SEO plugin v27.5 - https:\/\/yoast.com\/product\/yoast-seo-wordpress\/ -->\n<title>Idris Muhammad \u200e\u2013 Black Rhythm Revolution - DISCOS REDONDOS<\/title>\n<meta name=\"description\" content=\"Idris Muhammad \u200e\u2013 Black Rhythm Revolution - BGP Records \u2013 BGPD 1068, 029667276818 LP prensado en UK\" \/>\n<meta name=\"robots\" content=\"index, follow, max-snippet:-1, max-image-preview:large, max-video-preview:-1\" \/>\n<link rel=\"canonical\" href=\"https:\/\/discos-redondos.es\/ca\/producte\/idris-muhammad-black-rhythm-revolution\/\" \/>\n<meta property=\"og:locale\" content=\"ca_ES\" \/>\n<meta property=\"og:type\" content=\"article\" \/>\n<meta property=\"og:title\" content=\"Idris Muhammad \u200e\u2013 Black Rhythm Revolution - DISCOS REDONDOS\" \/>\n<meta property=\"og:description\" content=\"Idris Muhammad \u200e\u2013 Black Rhythm Revolution - BGP Records \u2013 BGPD 1068, 029667276818 LP prensado en UK\" \/>\n<meta property=\"og:url\" content=\"https:\/\/discos-redondos.es\/ca\/producte\/idris-muhammad-black-rhythm-revolution\/\" \/>\n<meta property=\"og:site_name\" content=\"DISCOS REDONDOS\" \/>\n<meta property=\"article:publisher\" content=\"https:\/\/www.facebook.com\/discosredondos45\" \/>\n<meta property=\"article:modified_time\" content=\"2025-03-27T11:13:27+00:00\" \/>\n<meta property=\"og:image\" content=\"https:\/\/discos-redondos.es\/wp-content\/uploads\/2021\/11\/Idris-Muhammad-\u2013-Black-Rhythm-Revolution.jpg\" \/>\n\t<meta property=\"og:image:width\" content=\"600\" \/>\n\t<meta property=\"og:image:height\" content=\"599\" \/>\n\t<meta property=\"og:image:type\" content=\"image\/jpeg\" \/>\n<meta name=\"twitter:card\" content=\"summary_large_image\" \/>\n<meta name=\"twitter:label1\" content=\"Temps estimat de lectura\" \/>\n\t<meta name=\"twitter:data1\" content=\"1 minut\" \/>\n<script type=\"application\/ld+json\" class=\"yoast-schema-graph\">{\"@context\":\"https:\\\/\\\/schema.org\",\"@graph\":[{\"@type\":\"WebPage\",\"@id\":\"https:\\\/\\\/discos-redondos.es\\\/producto\\\/idris-muhammad-black-rhythm-revolution\",\"url\":\"https:\\\/\\\/discos-redondos.es\\\/producto\\\/idris-muhammad-black-rhythm-revolution\",\"name\":\"Idris Muhammad \u200e\u2013 Black Rhythm Revolution - DISCOS REDONDOS\",\"isPartOf\":{\"@id\":\"https:\\\/\\\/discos-redondos.es\\\/#website\"},\"primaryImageOfPage\":{\"@id\":\"https:\\\/\\\/discos-redondos.es\\\/producto\\\/idris-muhammad-black-rhythm-revolution#primaryimage\"},\"image\":{\"@id\":\"https:\\\/\\\/discos-redondos.es\\\/producto\\\/idris-muhammad-black-rhythm-revolution#primaryimage\"},\"thumbnailUrl\":\"https:\\\/\\\/discos-redondos.es\\\/wp-content\\\/uploads\\\/2021\\\/11\\\/Idris-Muhammad-\u2013-Black-Rhythm-Revolution.jpg\",\"datePublished\":\"2021-11-05T16:28:31+00:00\",\"dateModified\":\"2025-03-27T11:13:27+00:00\",\"description\":\"Idris Muhammad \u200e\u2013 Black Rhythm Revolution - BGP Records \u2013 BGPD 1068, 029667276818 LP prensado en UK\",\"breadcrumb\":{\"@id\":\"https:\\\/\\\/discos-redondos.es\\\/producto\\\/idris-muhammad-black-rhythm-revolution#breadcrumb\"},\"inLanguage\":\"ca\",\"potentialAction\":[{\"@type\":\"ReadAction\",\"target\":[\"https:\\\/\\\/discos-redondos.es\\\/producto\\\/idris-muhammad-black-rhythm-revolution\"]}]},{\"@type\":\"ImageObject\",\"inLanguage\":\"ca\",\"@id\":\"https:\\\/\\\/discos-redondos.es\\\/producto\\\/idris-muhammad-black-rhythm-revolution#primaryimage\",\"url\":\"https:\\\/\\\/discos-redondos.es\\\/wp-content\\\/uploads\\\/2021\\\/11\\\/Idris-Muhammad-\u2013-Black-Rhythm-Revolution.jpg\",\"contentUrl\":\"https:\\\/\\\/discos-redondos.es\\\/wp-content\\\/uploads\\\/2021\\\/11\\\/Idris-Muhammad-\u2013-Black-Rhythm-Revolution.jpg\",\"width\":600,\"height\":599,\"caption\":\"Idris Muhammad \u200e\u2013 Black Rhythm Revolution\"},{\"@type\":\"BreadcrumbList\",\"@id\":\"https:\\\/\\\/discos-redondos.es\\\/producto\\\/idris-muhammad-black-rhythm-revolution#breadcrumb\",\"itemListElement\":[{\"@type\":\"ListItem\",\"position\":1,\"name\":\"Portada\",\"item\":\"https:\\\/\\\/discos-redondos.es\\\/\"},{\"@type\":\"ListItem\",\"position\":2,\"name\":\"Tienda\",\"item\":\"https:\\\/\\\/discos-redondos.es\\\/?page_id=487\"},{\"@type\":\"ListItem\",\"position\":3,\"name\":\"Idris Muhammad \u200e\u2013 Black Rhythm Revolution\"}]},{\"@type\":\"WebSite\",\"@id\":\"https:\\\/\\\/discos-redondos.es\\\/#website\",\"url\":\"https:\\\/\\\/discos-redondos.es\\\/\",\"name\":\"Discos Redondos\",\"description\":\"Tu tienda de discos en Barcelona\",\"publisher\":{\"@id\":\"https:\\\/\\\/discos-redondos.es\\\/#organization\"},\"alternateName\":\"Discos Redondos\",\"potentialAction\":[{\"@type\":\"SearchAction\",\"target\":{\"@type\":\"EntryPoint\",\"urlTemplate\":\"https:\\\/\\\/discos-redondos.es\\\/?s={search_term_string}\"},\"query-input\":{\"@type\":\"PropertyValueSpecification\",\"valueRequired\":true,\"valueName\":\"search_term_string\"}}],\"inLanguage\":\"ca\"},{\"@type\":\"Organization\",\"@id\":\"https:\\\/\\\/discos-redondos.es\\\/#organization\",\"name\":\"Discos Redondos\",\"url\":\"https:\\\/\\\/discos-redondos.es\\\/\",\"logo\":{\"@type\":\"ImageObject\",\"inLanguage\":\"ca\",\"@id\":\"https:\\\/\\\/discos-redondos.es\\\/#\\\/schema\\\/logo\\\/image\\\/\",\"url\":\"https:\\\/\\\/discos-redondos.es\\\/wp-content\\\/uploads\\\/2023\\\/04\\\/aaff-logo-raval-1-1.jpg\",\"contentUrl\":\"https:\\\/\\\/discos-redondos.es\\\/wp-content\\\/uploads\\\/2023\\\/04\\\/aaff-logo-raval-1-1.jpg\",\"width\":2362,\"height\":1441,\"caption\":\"Discos Redondos\"},\"image\":{\"@id\":\"https:\\\/\\\/discos-redondos.es\\\/#\\\/schema\\\/logo\\\/image\\\/\"},\"sameAs\":[\"https:\\\/\\\/www.facebook.com\\\/discosredondos45\",\"https:\\\/\\\/www.instagram.com\\\/discos.redondos33\\\/?hl=es\",\"https:\\\/\\\/discos-redondos.bandcamp.com\\\/\"]}]}<\/script>\n<!-- \/ Yoast SEO plugin. -->","yoast_head_json":{"title":"Idris Muhammad \u200e\u2013 Black Rhythm Revolution - DISCOS REDONDOS","description":"Idris Muhammad \u200e\u2013 Black Rhythm Revolution - BGP Records \u2013 BGPD 1068, 029667276818 LP prensado en UK","robots":{"index":"index","follow":"follow","max-snippet":"max-snippet:-1","max-image-preview":"max-image-preview:large","max-video-preview":"max-video-preview:-1"},"canonical":"https:\/\/discos-redondos.es\/ca\/producte\/idris-muhammad-black-rhythm-revolution\/","og_locale":"ca_ES","og_type":"article","og_title":"Idris Muhammad \u200e\u2013 Black Rhythm Revolution - DISCOS REDONDOS","og_description":"Idris Muhammad \u200e\u2013 Black Rhythm Revolution - BGP Records \u2013 BGPD 1068, 029667276818 LP prensado en UK","og_url":"https:\/\/discos-redondos.es\/ca\/producte\/idris-muhammad-black-rhythm-revolution\/","og_site_name":"DISCOS REDONDOS","article_publisher":"https:\/\/www.facebook.com\/discosredondos45","article_modified_time":"2025-03-27T11:13:27+00:00","og_image":[{"width":600,"height":599,"url":"https:\/\/discos-redondos.es\/wp-content\/uploads\/2021\/11\/Idris-Muhammad-\u2013-Black-Rhythm-Revolution.jpg","type":"image\/jpeg"}],"twitter_card":"summary_large_image","twitter_misc":{"Temps estimat de lectura":"1 minut"},"schema":{"@context":"https:\/\/schema.org","@graph":[{"@type":"WebPage","@id":"https:\/\/discos-redondos.es\/producto\/idris-muhammad-black-rhythm-revolution","url":"https:\/\/discos-redondos.es\/producto\/idris-muhammad-black-rhythm-revolution","name":"Idris Muhammad \u200e\u2013 Black Rhythm Revolution - DISCOS REDONDOS","isPartOf":{"@id":"https:\/\/discos-redondos.es\/#website"},"primaryImageOfPage":{"@id":"https:\/\/discos-redondos.es\/producto\/idris-muhammad-black-rhythm-revolution#primaryimage"},"image":{"@id":"https:\/\/discos-redondos.es\/producto\/idris-muhammad-black-rhythm-revolution#primaryimage"},"thumbnailUrl":"https:\/\/discos-redondos.es\/wp-content\/uploads\/2021\/11\/Idris-Muhammad-\u2013-Black-Rhythm-Revolution.jpg","datePublished":"2021-11-05T16:28:31+00:00","dateModified":"2025-03-27T11:13:27+00:00","description":"Idris Muhammad \u200e\u2013 Black Rhythm Revolution - BGP Records \u2013 BGPD 1068, 029667276818 LP prensado en UK","breadcrumb":{"@id":"https:\/\/discos-redondos.es\/producto\/idris-muhammad-black-rhythm-revolution#breadcrumb"},"inLanguage":"ca","potentialAction":[{"@type":"ReadAction","target":["https:\/\/discos-redondos.es\/producto\/idris-muhammad-black-rhythm-revolution"]}]},{"@type":"ImageObject","inLanguage":"ca","@id":"https:\/\/discos-redondos.es\/producto\/idris-muhammad-black-rhythm-revolution#primaryimage","url":"https:\/\/discos-redondos.es\/wp-content\/uploads\/2021\/11\/Idris-Muhammad-\u2013-Black-Rhythm-Revolution.jpg","contentUrl":"https:\/\/discos-redondos.es\/wp-content\/uploads\/2021\/11\/Idris-Muhammad-\u2013-Black-Rhythm-Revolution.jpg","width":600,"height":599,"caption":"Idris Muhammad \u200e\u2013 Black Rhythm Revolution"},{"@type":"BreadcrumbList","@id":"https:\/\/discos-redondos.es\/producto\/idris-muhammad-black-rhythm-revolution#breadcrumb","itemListElement":[{"@type":"ListItem","position":1,"name":"Portada","item":"https:\/\/discos-redondos.es\/"},{"@type":"ListItem","position":2,"name":"Tienda","item":"https:\/\/discos-redondos.es\/?page_id=487"},{"@type":"ListItem","position":3,"name":"Idris Muhammad \u200e\u2013 Black Rhythm Revolution"}]},{"@type":"WebSite","@id":"https:\/\/discos-redondos.es\/#website","url":"https:\/\/discos-redondos.es\/","name":"Discos Redondos","description":"La teva botiga de discos a Barcelona","publisher":{"@id":"https:\/\/discos-redondos.es\/#organization"},"alternateName":"Discos Redondos","potentialAction":[{"@type":"SearchAction","target":{"@type":"EntryPoint","urlTemplate":"https:\/\/discos-redondos.es\/?s={search_term_string}"},"query-input":{"@type":"PropertyValueSpecification","valueRequired":true,"valueName":"search_term_string"}}],"inLanguage":"ca"},{"@type":"Organization","@id":"https:\/\/discos-redondos.es\/#organization","name":"Discos Redondos","url":"https:\/\/discos-redondos.es\/","logo":{"@type":"ImageObject","inLanguage":"ca","@id":"https:\/\/discos-redondos.es\/#\/schema\/logo\/image\/","url":"https:\/\/discos-redondos.es\/wp-content\/uploads\/2023\/04\/aaff-logo-raval-1-1.jpg","contentUrl":"https:\/\/discos-redondos.es\/wp-content\/uploads\/2023\/04\/aaff-logo-raval-1-1.jpg","width":2362,"height":1441,"caption":"Discos Redondos"},"image":{"@id":"https:\/\/discos-redondos.es\/#\/schema\/logo\/image\/"},"sameAs":["https:\/\/www.facebook.com\/discosredondos45","https:\/\/www.instagram.com\/discos.redondos33\/?hl=es","https:\/\/discos-redondos.bandcamp.com\/"]}]}},"_links":{"self":[{"href":"https:\/\/discos-redondos.es\/ca\/wp-json\/wp\/v2\/product\/3379","targetHints":{"allow":["GET"]}}],"collection":[{"href":"https:\/\/discos-redondos.es\/ca\/wp-json\/wp\/v2\/product"}],"about":[{"href":"https:\/\/discos-redondos.es\/ca\/wp-json\/wp\/v2\/types\/product"}],"wp:featuredmedia":[{"embeddable":true,"href":"https:\/\/discos-redondos.es\/ca\/wp-json\/wp\/v2\/media\/3382"}],"wp:attachment":[{"href":"https:\/\/discos-redondos.es\/ca\/wp-json\/wp\/v2\/media?parent=3379"}],"wp:term":[{"taxonomy":"product_brand","embeddable":true,"href":"https:\/\/discos-redondos.es\/ca\/wp-json\/wp\/v2\/product_brand?post=3379"},{"taxonomy":"product_cat","embeddable":true,"href":"https:\/\/discos-redondos.es\/ca\/wp-json\/wp\/v2\/product_cat?post=3379"},{"taxonomy":"product_tag","embeddable":true,"href":"https:\/\/discos-redondos.es\/ca\/wp-json\/wp\/v2\/product_tag?post=3379"}],"curies":[{"name":"wp","href":"https:\/\/api.w.org\/{rel}","templated":true}]}}