{"id":3834,"date":"2022-01-07T16:35:16","date_gmt":"2022-01-07T16:35:16","guid":{"rendered":"https:\/\/discos-redondos.es\/?post_type=product&#038;p=3834"},"modified":"2026-04-21T17:29:22","modified_gmt":"2026-04-21T17:29:22","slug":"anderson-paak-venice","status":"publish","type":"product","link":"https:\/\/discos-redondos.es\/ca\/producte\/anderson-paak-venice","title":{"rendered":"Anderson .Paak &#8211; Venice"},"content":{"rendered":"<header class=\"header_W2hzl\" role=\"\"><strong>Anderson .Paak &#8211; Venice<\/strong><\/p>\n<p><strong>Tracklist<\/strong><\/p>\n<\/header>\n<div class=\"content_1TFzi\">\n<table class=\"tracklist_3QGRS\">\n<tbody>\n<tr data-track-position=\"A1\">\n<td class=\"trackPos_2RCje\">A1<\/td>\n<td class=\"artist_3zAQD\"><\/td>\n<td class=\"trackTitle_CTKp4\"><span class=\"trackTitle_CTKp4\">Waves<\/span><\/td>\n<td class=\"duration_2t4qr\">0:26<\/td>\n<\/tr>\n<tr data-track-position=\"A2\">\n<td class=\"trackPos_2RCje\">A2<\/td>\n<td class=\"artist_3zAQD\"><\/td>\n<td class=\"trackTitle_CTKp4\"><span class=\"trackTitle_CTKp4\">Milk And Honey<\/span><\/td>\n<td class=\"duration_2t4qr\">4:18<\/td>\n<\/tr>\n<tr data-track-position=\"A3\">\n<td class=\"trackPos_2RCje\">A3<\/td>\n<td class=\"artist_3zAQD\"><\/td>\n<td class=\"trackTitle_CTKp4\"><span class=\"trackTitle_CTKp4\">The City<\/span><\/td>\n<td class=\"duration_2t4qr\">3:34<\/td>\n<\/tr>\n<tr data-track-position=\"A4\">\n<td class=\"trackPos_2RCje\">A4<\/td>\n<td class=\"artist_3zAQD\"><\/td>\n<td class=\"trackTitle_CTKp4\"><span class=\"trackTitle_CTKp4\">Might Be<\/span><\/td>\n<td class=\"duration_2t4qr\">3:57<\/td>\n<\/tr>\n<tr data-track-position=\"B1\">\n<td class=\"trackPos_2RCje\">B1<\/td>\n<td class=\"artist_3zAQD\"><\/td>\n<td class=\"trackTitle_CTKp4\"><span class=\"trackTitle_CTKp4\">Miss Right<\/span><\/td>\n<td class=\"duration_2t4qr\">3:18<\/td>\n<\/tr>\n<tr data-track-position=\"B2\">\n<td class=\"trackPos_2RCje\">B2<\/td>\n<td class=\"artist_3zAQD\"><\/td>\n<td class=\"trackTitle_CTKp4\"><span class=\"trackTitle_CTKp4\">Put You On<\/span><\/td>\n<td class=\"duration_2t4qr\">2:43<\/td>\n<\/tr>\n<tr data-track-position=\"B3\">\n<td class=\"trackPos_2RCje\">B3<\/td>\n<td class=\"artist_3zAQD\"><\/td>\n<td class=\"trackTitle_CTKp4\"><span class=\"trackTitle_CTKp4\">Already<\/span><\/td>\n<td class=\"duration_2t4qr\">3:14<\/td>\n<\/tr>\n<tr data-track-position=\"B4\">\n<td class=\"trackPos_2RCje\">B4<\/td>\n<td class=\"artist_3zAQD\"><\/td>\n<td class=\"trackTitle_CTKp4\"><span class=\"trackTitle_CTKp4\">Dogtown<\/span><\/td>\n<td class=\"duration_2t4qr\">0:26<\/td>\n<\/tr>\n<tr data-track-position=\"C1\">\n<td class=\"trackPos_2RCje\">C1<\/td>\n<td class=\"artist_3zAQD\"><\/td>\n<td class=\"trackTitle_CTKp4\"><span class=\"trackTitle_CTKp4\">I Miss That Whip<\/span><\/td>\n<td class=\"duration_2t4qr\">3:08<\/td>\n<\/tr>\n<tr data-track-position=\"C2\">\n<td class=\"trackPos_2RCje\">C2<\/td>\n<td class=\"artist_3zAQD\"><\/td>\n<td class=\"trackTitle_CTKp4\"><span class=\"trackTitle_CTKp4\">Get Em Up<\/span><\/td>\n<td class=\"duration_2t4qr\">4:08<\/td>\n<\/tr>\n<tr data-track-position=\"C3\">\n<td class=\"trackPos_2RCje\">C3<\/td>\n<td class=\"artist_3zAQD\"><\/td>\n<td class=\"trackTitle_CTKp4\"><span class=\"trackTitle_CTKp4\">Paint<\/span><\/td>\n<td class=\"duration_2t4qr\">3:57<\/td>\n<\/tr>\n<tr data-track-position=\"C4\">\n<td class=\"trackPos_2RCje\">C4<\/td>\n<td class=\"artist_3zAQD\"><\/td>\n<td class=\"trackTitle_CTKp4\"><span class=\"trackTitle_CTKp4\">Drugs<\/span><\/td>\n<td class=\"duration_2t4qr\">4:52<\/td>\n<\/tr>\n<tr data-track-position=\"D1\">\n<td class=\"trackPos_2RCje\">D1<\/td>\n<td class=\"artist_3zAQD\"><\/td>\n<td class=\"trackTitle_CTKp4\"><span class=\"trackTitle_CTKp4\">Mike Doralude<\/span><\/td>\n<td class=\"duration_2t4qr\">0:50<\/td>\n<\/tr>\n<tr data-track-position=\"D2\">\n<td class=\"trackPos_2RCje\">D2<\/td>\n<td class=\"artist_3zAQD\"><\/td>\n<td class=\"trackTitle_CTKp4\"><span class=\"trackTitle_CTKp4\">Luh You<\/span><\/td>\n<td class=\"duration_2t4qr\">3:30<\/td>\n<\/tr>\n<tr data-track-position=\"D3\">\n<td class=\"trackPos_2RCje\">D3<\/td>\n<td class=\"artist_3zAQD\"><\/td>\n<td class=\"trackTitle_CTKp4\"><span class=\"trackTitle_CTKp4\">Right There<\/span><\/td>\n<td class=\"duration_2t4qr\">3:27<\/td>\n<\/tr>\n<tr data-track-position=\"D4\">\n<td class=\"trackPos_2RCje\">D4<\/td>\n<td class=\"artist_3zAQD\"><\/td>\n<td class=\"trackTitle_CTKp4\"><span class=\"trackTitle_CTKp4\">Off The Ground<\/span><\/td>\n<td class=\"duration_2t4qr\">4:48<\/td>\n<\/tr>\n<\/tbody>\n<\/table>\n<p>&nbsp;<\/p>\n<p>\u00abVenice\u00bb de Anderson .Paak con una reedici\u00f3n exclusiva en vinilo de edici\u00f3n limitada por su d\u00e9cimo aniversario. Ganador de un premio GRAMMY, influyente y referente cultural, Anderson .Paak es un m\u00fasico, cantante, compositor y productor discogr\u00e1fico estadounidense conocido por su singular fusi\u00f3n de R&amp;B, hip-hop, funk y soul. Obtuvo un reconocimiento significativo con su \u00e1lbum debut \u00abVenice\u00bb en 2014.<\/p>\n<p><iframe loading=\"lazy\" title=\"Anderson .Paak - Milk N&#039; Honey\" width=\"832\" height=\"468\" src=\"https:\/\/www.youtube.com\/embed\/U0xanxgiyEg?feature=oembed\" frameborder=\"0\" allow=\"accelerometer; autoplay; clipboard-write; encrypted-media; gyroscope; picture-in-picture; web-share\" referrerpolicy=\"strict-origin-when-cross-origin\" allowfullscreen><\/iframe><\/p>\n<\/div>","protected":false},"excerpt":{"rendered":"<p>Giant Music &#8211;\u00a0 0716841632729<\/p>\n<p>2 x LP en vinilo negro<\/p>","protected":false},"featured_media":3835,"template":"","meta":[],"product_brand":[223],"product_cat":[74,118],"product_tag":[],"class_list":{"0":"post-3834","1":"product","2":"type-product","3":"status-publish","4":"has-post-thumbnail","6":"product_brand-giant-music","7":"product_cat-hip-hop","8":"product_cat-neo-soul-rnb-nu-soul-instrumental","10":"first","11":"instock","12":"taxable","13":"shipping-taxable","14":"purchasable","15":"product-type-simple"},"yoast_head":"<!-- This site is optimized with the Yoast SEO plugin v27.5 - https:\/\/yoast.com\/product\/yoast-seo-wordpress\/ -->\n<title>Anderson .Paak - Venice - DISCOS REDONDOS<\/title>\n<meta name=\"description\" content=\"Anderson .Paak - Venice Giant Music -\u00a0 0716841632729 2 x LP en vinilo negro\" \/>\n<meta name=\"robots\" content=\"index, follow, max-snippet:-1, max-image-preview:large, max-video-preview:-1\" \/>\n<link rel=\"canonical\" href=\"https:\/\/discos-redondos.es\/ca\/producte\/anderson-paak-venice\/\" \/>\n<meta property=\"og:locale\" content=\"ca_ES\" \/>\n<meta property=\"og:type\" content=\"article\" \/>\n<meta property=\"og:title\" content=\"Anderson .Paak - Venice - DISCOS REDONDOS\" \/>\n<meta property=\"og:description\" content=\"Anderson .Paak - Venice Giant Music -\u00a0 0716841632729 2 x LP en vinilo negro\" \/>\n<meta property=\"og:url\" content=\"https:\/\/discos-redondos.es\/ca\/producte\/anderson-paak-venice\/\" \/>\n<meta property=\"og:site_name\" content=\"DISCOS REDONDOS\" \/>\n<meta property=\"article:publisher\" content=\"https:\/\/www.facebook.com\/discosredondos45\" \/>\n<meta property=\"article:modified_time\" content=\"2026-04-21T17:29:22+00:00\" \/>\n<meta property=\"og:image\" content=\"https:\/\/discos-redondos.es\/wp-content\/uploads\/2022\/01\/Anderson-.Paak-\u2013-Venice.jpg\" \/>\n\t<meta property=\"og:image:width\" content=\"600\" \/>\n\t<meta property=\"og:image:height\" content=\"600\" \/>\n\t<meta property=\"og:image:type\" content=\"image\/jpeg\" \/>\n<meta name=\"twitter:card\" content=\"summary_large_image\" \/>\n<meta name=\"twitter:label1\" content=\"Temps estimat de lectura\" \/>\n\t<meta name=\"twitter:data1\" content=\"1 minut\" \/>\n<script type=\"application\/ld+json\" class=\"yoast-schema-graph\">{\"@context\":\"https:\\\/\\\/schema.org\",\"@graph\":[{\"@type\":\"WebPage\",\"@id\":\"https:\\\/\\\/discos-redondos.es\\\/producto\\\/anderson-paak-venice\",\"url\":\"https:\\\/\\\/discos-redondos.es\\\/producto\\\/anderson-paak-venice\",\"name\":\"Anderson .Paak - Venice - DISCOS REDONDOS\",\"isPartOf\":{\"@id\":\"https:\\\/\\\/discos-redondos.es\\\/#website\"},\"primaryImageOfPage\":{\"@id\":\"https:\\\/\\\/discos-redondos.es\\\/producto\\\/anderson-paak-venice#primaryimage\"},\"image\":{\"@id\":\"https:\\\/\\\/discos-redondos.es\\\/producto\\\/anderson-paak-venice#primaryimage\"},\"thumbnailUrl\":\"https:\\\/\\\/discos-redondos.es\\\/wp-content\\\/uploads\\\/2022\\\/01\\\/Anderson-.Paak-\u2013-Venice.jpg\",\"datePublished\":\"2022-01-07T16:35:16+00:00\",\"dateModified\":\"2026-04-21T17:29:22+00:00\",\"description\":\"Anderson .Paak - Venice Giant Music -\u00a0 0716841632729 2 x LP en vinilo negro\",\"breadcrumb\":{\"@id\":\"https:\\\/\\\/discos-redondos.es\\\/producto\\\/anderson-paak-venice#breadcrumb\"},\"inLanguage\":\"ca\",\"potentialAction\":[{\"@type\":\"ReadAction\",\"target\":[\"https:\\\/\\\/discos-redondos.es\\\/producto\\\/anderson-paak-venice\"]}]},{\"@type\":\"ImageObject\",\"inLanguage\":\"ca\",\"@id\":\"https:\\\/\\\/discos-redondos.es\\\/producto\\\/anderson-paak-venice#primaryimage\",\"url\":\"https:\\\/\\\/discos-redondos.es\\\/wp-content\\\/uploads\\\/2022\\\/01\\\/Anderson-.Paak-\u2013-Venice.jpg\",\"contentUrl\":\"https:\\\/\\\/discos-redondos.es\\\/wp-content\\\/uploads\\\/2022\\\/01\\\/Anderson-.Paak-\u2013-Venice.jpg\",\"width\":600,\"height\":600,\"caption\":\"Anderson .Paak - Venice\"},{\"@type\":\"BreadcrumbList\",\"@id\":\"https:\\\/\\\/discos-redondos.es\\\/producto\\\/anderson-paak-venice#breadcrumb\",\"itemListElement\":[{\"@type\":\"ListItem\",\"position\":1,\"name\":\"Portada\",\"item\":\"https:\\\/\\\/discos-redondos.es\\\/\"},{\"@type\":\"ListItem\",\"position\":2,\"name\":\"Tienda\",\"item\":\"https:\\\/\\\/discos-redondos.es\\\/?page_id=487\"},{\"@type\":\"ListItem\",\"position\":3,\"name\":\"Anderson .Paak &#8211; Venice\"}]},{\"@type\":\"WebSite\",\"@id\":\"https:\\\/\\\/discos-redondos.es\\\/#website\",\"url\":\"https:\\\/\\\/discos-redondos.es\\\/\",\"name\":\"Discos Redondos\",\"description\":\"Tu tienda de discos en Barcelona\",\"publisher\":{\"@id\":\"https:\\\/\\\/discos-redondos.es\\\/#organization\"},\"alternateName\":\"Discos Redondos\",\"potentialAction\":[{\"@type\":\"SearchAction\",\"target\":{\"@type\":\"EntryPoint\",\"urlTemplate\":\"https:\\\/\\\/discos-redondos.es\\\/?s={search_term_string}\"},\"query-input\":{\"@type\":\"PropertyValueSpecification\",\"valueRequired\":true,\"valueName\":\"search_term_string\"}}],\"inLanguage\":\"ca\"},{\"@type\":\"Organization\",\"@id\":\"https:\\\/\\\/discos-redondos.es\\\/#organization\",\"name\":\"Discos Redondos\",\"url\":\"https:\\\/\\\/discos-redondos.es\\\/\",\"logo\":{\"@type\":\"ImageObject\",\"inLanguage\":\"ca\",\"@id\":\"https:\\\/\\\/discos-redondos.es\\\/#\\\/schema\\\/logo\\\/image\\\/\",\"url\":\"https:\\\/\\\/discos-redondos.es\\\/wp-content\\\/uploads\\\/2023\\\/04\\\/aaff-logo-raval-1-1.jpg\",\"contentUrl\":\"https:\\\/\\\/discos-redondos.es\\\/wp-content\\\/uploads\\\/2023\\\/04\\\/aaff-logo-raval-1-1.jpg\",\"width\":2362,\"height\":1441,\"caption\":\"Discos Redondos\"},\"image\":{\"@id\":\"https:\\\/\\\/discos-redondos.es\\\/#\\\/schema\\\/logo\\\/image\\\/\"},\"sameAs\":[\"https:\\\/\\\/www.facebook.com\\\/discosredondos45\",\"https:\\\/\\\/www.instagram.com\\\/discos.redondos33\\\/?hl=es\",\"https:\\\/\\\/discos-redondos.bandcamp.com\\\/\"]}]}<\/script>\n<!-- \/ Yoast SEO plugin. -->","yoast_head_json":{"title":"Anderson .Paak - Venice - DISCOS REDONDOS","description":"Anderson .Paak - Venice Giant Music -\u00a0 0716841632729 2 x LP en vinilo negro","robots":{"index":"index","follow":"follow","max-snippet":"max-snippet:-1","max-image-preview":"max-image-preview:large","max-video-preview":"max-video-preview:-1"},"canonical":"https:\/\/discos-redondos.es\/ca\/producte\/anderson-paak-venice\/","og_locale":"ca_ES","og_type":"article","og_title":"Anderson .Paak - Venice - DISCOS REDONDOS","og_description":"Anderson .Paak - Venice Giant Music -\u00a0 0716841632729 2 x LP en vinilo negro","og_url":"https:\/\/discos-redondos.es\/ca\/producte\/anderson-paak-venice\/","og_site_name":"DISCOS REDONDOS","article_publisher":"https:\/\/www.facebook.com\/discosredondos45","article_modified_time":"2026-04-21T17:29:22+00:00","og_image":[{"width":600,"height":600,"url":"https:\/\/discos-redondos.es\/wp-content\/uploads\/2022\/01\/Anderson-.Paak-\u2013-Venice.jpg","type":"image\/jpeg"}],"twitter_card":"summary_large_image","twitter_misc":{"Temps estimat de lectura":"1 minut"},"schema":{"@context":"https:\/\/schema.org","@graph":[{"@type":"WebPage","@id":"https:\/\/discos-redondos.es\/producto\/anderson-paak-venice","url":"https:\/\/discos-redondos.es\/producto\/anderson-paak-venice","name":"Anderson .Paak - Venice - DISCOS REDONDOS","isPartOf":{"@id":"https:\/\/discos-redondos.es\/#website"},"primaryImageOfPage":{"@id":"https:\/\/discos-redondos.es\/producto\/anderson-paak-venice#primaryimage"},"image":{"@id":"https:\/\/discos-redondos.es\/producto\/anderson-paak-venice#primaryimage"},"thumbnailUrl":"https:\/\/discos-redondos.es\/wp-content\/uploads\/2022\/01\/Anderson-.Paak-\u2013-Venice.jpg","datePublished":"2022-01-07T16:35:16+00:00","dateModified":"2026-04-21T17:29:22+00:00","description":"Anderson .Paak - Venice Giant Music -\u00a0 0716841632729 2 x LP en vinilo negro","breadcrumb":{"@id":"https:\/\/discos-redondos.es\/producto\/anderson-paak-venice#breadcrumb"},"inLanguage":"ca","potentialAction":[{"@type":"ReadAction","target":["https:\/\/discos-redondos.es\/producto\/anderson-paak-venice"]}]},{"@type":"ImageObject","inLanguage":"ca","@id":"https:\/\/discos-redondos.es\/producto\/anderson-paak-venice#primaryimage","url":"https:\/\/discos-redondos.es\/wp-content\/uploads\/2022\/01\/Anderson-.Paak-\u2013-Venice.jpg","contentUrl":"https:\/\/discos-redondos.es\/wp-content\/uploads\/2022\/01\/Anderson-.Paak-\u2013-Venice.jpg","width":600,"height":600,"caption":"Anderson .Paak - Venice"},{"@type":"BreadcrumbList","@id":"https:\/\/discos-redondos.es\/producto\/anderson-paak-venice#breadcrumb","itemListElement":[{"@type":"ListItem","position":1,"name":"Portada","item":"https:\/\/discos-redondos.es\/"},{"@type":"ListItem","position":2,"name":"Tienda","item":"https:\/\/discos-redondos.es\/?page_id=487"},{"@type":"ListItem","position":3,"name":"Anderson .Paak &#8211; Venice"}]},{"@type":"WebSite","@id":"https:\/\/discos-redondos.es\/#website","url":"https:\/\/discos-redondos.es\/","name":"Discos Redondos","description":"La teva botiga de discos a Barcelona","publisher":{"@id":"https:\/\/discos-redondos.es\/#organization"},"alternateName":"Discos Redondos","potentialAction":[{"@type":"SearchAction","target":{"@type":"EntryPoint","urlTemplate":"https:\/\/discos-redondos.es\/?s={search_term_string}"},"query-input":{"@type":"PropertyValueSpecification","valueRequired":true,"valueName":"search_term_string"}}],"inLanguage":"ca"},{"@type":"Organization","@id":"https:\/\/discos-redondos.es\/#organization","name":"Discos Redondos","url":"https:\/\/discos-redondos.es\/","logo":{"@type":"ImageObject","inLanguage":"ca","@id":"https:\/\/discos-redondos.es\/#\/schema\/logo\/image\/","url":"https:\/\/discos-redondos.es\/wp-content\/uploads\/2023\/04\/aaff-logo-raval-1-1.jpg","contentUrl":"https:\/\/discos-redondos.es\/wp-content\/uploads\/2023\/04\/aaff-logo-raval-1-1.jpg","width":2362,"height":1441,"caption":"Discos Redondos"},"image":{"@id":"https:\/\/discos-redondos.es\/#\/schema\/logo\/image\/"},"sameAs":["https:\/\/www.facebook.com\/discosredondos45","https:\/\/www.instagram.com\/discos.redondos33\/?hl=es","https:\/\/discos-redondos.bandcamp.com\/"]}]}},"_links":{"self":[{"href":"https:\/\/discos-redondos.es\/ca\/wp-json\/wp\/v2\/product\/3834","targetHints":{"allow":["GET"]}}],"collection":[{"href":"https:\/\/discos-redondos.es\/ca\/wp-json\/wp\/v2\/product"}],"about":[{"href":"https:\/\/discos-redondos.es\/ca\/wp-json\/wp\/v2\/types\/product"}],"wp:featuredmedia":[{"embeddable":true,"href":"https:\/\/discos-redondos.es\/ca\/wp-json\/wp\/v2\/media\/3835"}],"wp:attachment":[{"href":"https:\/\/discos-redondos.es\/ca\/wp-json\/wp\/v2\/media?parent=3834"}],"wp:term":[{"taxonomy":"product_brand","embeddable":true,"href":"https:\/\/discos-redondos.es\/ca\/wp-json\/wp\/v2\/product_brand?post=3834"},{"taxonomy":"product_cat","embeddable":true,"href":"https:\/\/discos-redondos.es\/ca\/wp-json\/wp\/v2\/product_cat?post=3834"},{"taxonomy":"product_tag","embeddable":true,"href":"https:\/\/discos-redondos.es\/ca\/wp-json\/wp\/v2\/product_tag?post=3834"}],"curies":[{"name":"wp","href":"https:\/\/api.w.org\/{rel}","templated":true}]}}