{"id":4717,"date":"2022-11-02T16:11:22","date_gmt":"2022-11-02T16:11:22","guid":{"rendered":"https:\/\/discos-redondos.es\/?post_type=product&#038;p=4717"},"modified":"2025-01-03T16:41:02","modified_gmt":"2025-01-03T16:41:02","slug":"john-coltrane-a-love-supreme","status":"publish","type":"product","link":"https:\/\/discos-redondos.es\/ca\/producte\/john-coltrane-a-love-supreme","title":{"rendered":"John Coltrane \u2013 A Love Supreme"},"content":{"rendered":"<p><strong>John Coltrane \u2013 A Love Supreme<\/strong><\/p>\n<p><strong>Tracklist<\/strong><\/p>\n<table class=\"tracklist_3QGRS\">\n<tbody>\n<tr data-track-position=\"A1\">\n<td class=\"trackPos_2RCje\">A1<\/td>\n<td class=\"artist_3zAQD\"><\/td>\n<td class=\"trackTitle_CTKp4\"><span class=\"trackTitle_CTKp4\">Part 1&gt; Acknowledgement<\/span><\/td>\n<td class=\"duration_2t4qr\">7:39<\/td>\n<\/tr>\n<tr data-track-position=\"A2\">\n<td class=\"trackPos_2RCje\">A2<\/td>\n<td class=\"artist_3zAQD\"><\/td>\n<td class=\"trackTitle_CTKp4\"><span class=\"trackTitle_CTKp4\">Part 2&gt; Resolution<\/span><\/td>\n<td class=\"duration_2t4qr\">7:15<\/td>\n<\/tr>\n<tr data-track-position=\"B1\">\n<td class=\"trackPos_2RCje\">B1<\/td>\n<td class=\"artist_3zAQD\"><\/td>\n<td class=\"trackTitle_CTKp4\"><span class=\"trackTitle_CTKp4\">Part 3&gt; Pursuance \/ Part 4&gt; Psalm<\/span><\/td>\n<td class=\"duration_2t4qr\">17:40<\/td>\n<\/tr>\n<\/tbody>\n<\/table>\n<p>&nbsp;<\/p>\n<p><iframe loading=\"lazy\" title=\"John Coltrane - A Love Supreme [Full Album] (1965)\" width=\"832\" height=\"624\" src=\"https:\/\/www.youtube.com\/embed\/ll3CMgiUPuU?feature=oembed\" frameborder=\"0\" allow=\"accelerometer; autoplay; clipboard-write; encrypted-media; gyroscope; picture-in-picture; web-share\" referrerpolicy=\"strict-origin-when-cross-origin\" allowfullscreen><\/iframe><\/p>\n<p><strong>John Coltrane \u2013 A Love Supreme:<\/strong><\/p>\n<p>A Love Supreme es un \u00e1lbum del saxofonista de jazz estadounidense John Coltrane. Fue grabado en una sesi\u00f3n el 9 de diciembre de 1964 en el Van Gelder Studio en Englewood Cliffs, Nueva Jersey, al frente del cuarteto m\u00edtico con el pianista McCoy Tyner, el bajista Jimmy Garrison y el baterista Elvin Jones. A Love Supreme fue lanzado por Impulse! Records en enero de 1965. Es de los \u00e1lbumes m\u00e1s vendidos de Coltrane y est\u00e1 considerado casi un\u00e1nimemente como su obra maestra.<\/p>\n<p>A Love Supreme es una suite completa compuesta en cuatro partes: \u00abAcknowledgment\u00bb (que incluye el canto que da nombre al \u00e1lbum), \u00abResolution\u00bb, \u00abPursuance\u00bb y \u00abPsalm\u00bb. Coltrane toca el saxo tenor en todos los temas. Es una obra de profundo car\u00e1cter espiritual, con una gran influencia del Islam.<\/p>\n<p>El disco comienza con el sonido de un gong (tam-tam) y ambientes de platillos en el primer tema, \u00abAcknowledgement\u00bb. Jimmy Garrison entra en contrabajo con el motivo de cuatro notas que sienta las bases del primer movimiento. Coltrane comienza su solo. Toca variaciones sobre el motivo hasta que repite las cuatro notas treinta y seis veces. El motivo se convierte en el canto vocal \u00abA Love Supreme\u00bb, cantado por Coltrane acompa\u00f1\u00e1ndose a s\u00ed mismo a trav\u00e9s de overdubs hasta diecinueve veces.\u00a0 Seg\u00fan Rolling Stone, el tema de cuatro notas de este movimiento es \u00abla humilde base de la suite\u00bb.<\/p>\n<p>En el cuarto y \u00faltimo movimiento, \u00abSalmo\u00bb, Coltrane interpreta lo que \u00e9l llama una \u00abnarraci\u00f3n musical\u00bb. Lewis Porter lo llama una \u00abrecitaci\u00f3n sin palabras\u00bb. El devocional est\u00e1 incluido en las notas de la edici\u00f3n original. Coltrane \u00abtoca\u00bb las palabras del poema en el saxof\u00f3n pero no las pronuncia. Algunos estudiosos han sugerido que esta actuaci\u00f3n es un homenaje a los sermones de los predicadores afroamericanos. El poema (y, a su manera, el solo de Coltrane) termina con el grito: \u00abJ\u00fabilo. Elegancia. Exaltaci\u00f3n. Todo de Dios. Gracias, Dios. Am\u00e9n\u00bb.<\/p>\n<p>&nbsp;<\/p>\n","protected":false},"excerpt":{"rendered":"<p>Impulse! Stereo A-77, Universal Records 0011105015516<\/p>\n<p>LP gatefold en vinilo de 180 gramos, prensado en Alemania<\/p>","protected":false},"featured_media":4718,"template":"","meta":[],"product_brand":[],"product_cat":[77],"product_tag":[],"class_list":{"0":"post-4717","1":"product","2":"type-product","3":"status-publish","4":"has-post-thumbnail","6":"product_cat-jazz","8":"first","9":"outofstock","10":"taxable","11":"shipping-taxable","12":"purchasable","13":"product-type-simple"},"yoast_head":"<!-- This site is optimized with the Yoast SEO plugin v27.5 - https:\/\/yoast.com\/product\/yoast-seo-wordpress\/ -->\n<title>John Coltrane \u2013 A Love Supreme - DISCOS REDONDOS<\/title>\n<meta name=\"description\" content=\"John Coltrane \u2013 A Love Supreme - Impulse! Stereo A-77, Universal Records 0011105015516 LP gatefold en vinilo de 180 gramos, prensado en Alemania\" \/>\n<meta name=\"robots\" content=\"index, follow, max-snippet:-1, max-image-preview:large, max-video-preview:-1\" \/>\n<link rel=\"canonical\" href=\"https:\/\/discos-redondos.es\/ca\/producte\/john-coltrane-a-love-supreme\/\" \/>\n<meta property=\"og:locale\" content=\"ca_ES\" \/>\n<meta property=\"og:type\" content=\"article\" \/>\n<meta property=\"og:title\" content=\"John Coltrane \u2013 A Love Supreme - DISCOS REDONDOS\" \/>\n<meta property=\"og:description\" content=\"John Coltrane \u2013 A Love Supreme - Impulse! Stereo A-77, Universal Records 0011105015516 LP gatefold en vinilo de 180 gramos, prensado en Alemania\" \/>\n<meta property=\"og:url\" content=\"https:\/\/discos-redondos.es\/ca\/producte\/john-coltrane-a-love-supreme\/\" \/>\n<meta property=\"og:site_name\" content=\"DISCOS REDONDOS\" \/>\n<meta property=\"article:publisher\" content=\"https:\/\/www.facebook.com\/discosredondos45\" \/>\n<meta property=\"article:modified_time\" content=\"2025-01-03T16:41:02+00:00\" \/>\n<meta property=\"og:image\" content=\"https:\/\/discos-redondos.es\/wp-content\/uploads\/2022\/11\/John-Coltrane-\u2013-A-Love-Supreme.jpeg\" \/>\n\t<meta property=\"og:image:width\" content=\"640\" \/>\n\t<meta property=\"og:image:height\" content=\"640\" \/>\n\t<meta property=\"og:image:type\" content=\"image\/jpeg\" \/>\n<meta name=\"twitter:card\" content=\"summary_large_image\" \/>\n<meta name=\"twitter:label1\" content=\"Temps estimat de lectura\" \/>\n\t<meta name=\"twitter:data1\" content=\"2 minuts\" \/>\n<script type=\"application\/ld+json\" class=\"yoast-schema-graph\">{\"@context\":\"https:\\\/\\\/schema.org\",\"@graph\":[{\"@type\":\"WebPage\",\"@id\":\"https:\\\/\\\/discos-redondos.es\\\/producto\\\/john-coltrane-a-love-supreme\",\"url\":\"https:\\\/\\\/discos-redondos.es\\\/producto\\\/john-coltrane-a-love-supreme\",\"name\":\"John Coltrane \u2013 A Love Supreme - DISCOS REDONDOS\",\"isPartOf\":{\"@id\":\"https:\\\/\\\/discos-redondos.es\\\/#website\"},\"primaryImageOfPage\":{\"@id\":\"https:\\\/\\\/discos-redondos.es\\\/producto\\\/john-coltrane-a-love-supreme#primaryimage\"},\"image\":{\"@id\":\"https:\\\/\\\/discos-redondos.es\\\/producto\\\/john-coltrane-a-love-supreme#primaryimage\"},\"thumbnailUrl\":\"https:\\\/\\\/discos-redondos.es\\\/wp-content\\\/uploads\\\/2022\\\/11\\\/John-Coltrane-\u2013-A-Love-Supreme.jpeg\",\"datePublished\":\"2022-11-02T16:11:22+00:00\",\"dateModified\":\"2025-01-03T16:41:02+00:00\",\"description\":\"John Coltrane \u2013 A Love Supreme - Impulse! Stereo A-77, Universal Records 0011105015516 LP gatefold en vinilo de 180 gramos, prensado en Alemania\",\"breadcrumb\":{\"@id\":\"https:\\\/\\\/discos-redondos.es\\\/producto\\\/john-coltrane-a-love-supreme#breadcrumb\"},\"inLanguage\":\"ca\",\"potentialAction\":[{\"@type\":\"ReadAction\",\"target\":[\"https:\\\/\\\/discos-redondos.es\\\/producto\\\/john-coltrane-a-love-supreme\"]}]},{\"@type\":\"ImageObject\",\"inLanguage\":\"ca\",\"@id\":\"https:\\\/\\\/discos-redondos.es\\\/producto\\\/john-coltrane-a-love-supreme#primaryimage\",\"url\":\"https:\\\/\\\/discos-redondos.es\\\/wp-content\\\/uploads\\\/2022\\\/11\\\/John-Coltrane-\u2013-A-Love-Supreme.jpeg\",\"contentUrl\":\"https:\\\/\\\/discos-redondos.es\\\/wp-content\\\/uploads\\\/2022\\\/11\\\/John-Coltrane-\u2013-A-Love-Supreme.jpeg\",\"width\":640,\"height\":640,\"caption\":\"John Coltrane \u2013 A Love Supreme\"},{\"@type\":\"BreadcrumbList\",\"@id\":\"https:\\\/\\\/discos-redondos.es\\\/producto\\\/john-coltrane-a-love-supreme#breadcrumb\",\"itemListElement\":[{\"@type\":\"ListItem\",\"position\":1,\"name\":\"Portada\",\"item\":\"https:\\\/\\\/discos-redondos.es\\\/\"},{\"@type\":\"ListItem\",\"position\":2,\"name\":\"Tienda\",\"item\":\"https:\\\/\\\/discos-redondos.es\\\/?page_id=487\"},{\"@type\":\"ListItem\",\"position\":3,\"name\":\"John Coltrane \u2013 A Love Supreme\"}]},{\"@type\":\"WebSite\",\"@id\":\"https:\\\/\\\/discos-redondos.es\\\/#website\",\"url\":\"https:\\\/\\\/discos-redondos.es\\\/\",\"name\":\"Discos Redondos\",\"description\":\"Tu tienda de discos en Barcelona\",\"publisher\":{\"@id\":\"https:\\\/\\\/discos-redondos.es\\\/#organization\"},\"alternateName\":\"Discos Redondos\",\"potentialAction\":[{\"@type\":\"SearchAction\",\"target\":{\"@type\":\"EntryPoint\",\"urlTemplate\":\"https:\\\/\\\/discos-redondos.es\\\/?s={search_term_string}\"},\"query-input\":{\"@type\":\"PropertyValueSpecification\",\"valueRequired\":true,\"valueName\":\"search_term_string\"}}],\"inLanguage\":\"ca\"},{\"@type\":\"Organization\",\"@id\":\"https:\\\/\\\/discos-redondos.es\\\/#organization\",\"name\":\"Discos Redondos\",\"url\":\"https:\\\/\\\/discos-redondos.es\\\/\",\"logo\":{\"@type\":\"ImageObject\",\"inLanguage\":\"ca\",\"@id\":\"https:\\\/\\\/discos-redondos.es\\\/#\\\/schema\\\/logo\\\/image\\\/\",\"url\":\"https:\\\/\\\/discos-redondos.es\\\/wp-content\\\/uploads\\\/2023\\\/04\\\/aaff-logo-raval-1-1.jpg\",\"contentUrl\":\"https:\\\/\\\/discos-redondos.es\\\/wp-content\\\/uploads\\\/2023\\\/04\\\/aaff-logo-raval-1-1.jpg\",\"width\":2362,\"height\":1441,\"caption\":\"Discos Redondos\"},\"image\":{\"@id\":\"https:\\\/\\\/discos-redondos.es\\\/#\\\/schema\\\/logo\\\/image\\\/\"},\"sameAs\":[\"https:\\\/\\\/www.facebook.com\\\/discosredondos45\",\"https:\\\/\\\/www.instagram.com\\\/discos.redondos33\\\/?hl=es\",\"https:\\\/\\\/discos-redondos.bandcamp.com\\\/\"]}]}<\/script>\n<!-- \/ Yoast SEO plugin. -->","yoast_head_json":{"title":"John Coltrane \u2013 A Love Supreme - DISCOS REDONDOS","description":"John Coltrane \u2013 A Love Supreme - Impulse! Stereo A-77, Universal Records 0011105015516 LP gatefold en vinilo de 180 gramos, prensado en Alemania","robots":{"index":"index","follow":"follow","max-snippet":"max-snippet:-1","max-image-preview":"max-image-preview:large","max-video-preview":"max-video-preview:-1"},"canonical":"https:\/\/discos-redondos.es\/ca\/producte\/john-coltrane-a-love-supreme\/","og_locale":"ca_ES","og_type":"article","og_title":"John Coltrane \u2013 A Love Supreme - DISCOS REDONDOS","og_description":"John Coltrane \u2013 A Love Supreme - Impulse! Stereo A-77, Universal Records 0011105015516 LP gatefold en vinilo de 180 gramos, prensado en Alemania","og_url":"https:\/\/discos-redondos.es\/ca\/producte\/john-coltrane-a-love-supreme\/","og_site_name":"DISCOS REDONDOS","article_publisher":"https:\/\/www.facebook.com\/discosredondos45","article_modified_time":"2025-01-03T16:41:02+00:00","og_image":[{"width":640,"height":640,"url":"https:\/\/discos-redondos.es\/wp-content\/uploads\/2022\/11\/John-Coltrane-\u2013-A-Love-Supreme.jpeg","type":"image\/jpeg"}],"twitter_card":"summary_large_image","twitter_misc":{"Temps estimat de lectura":"2 minuts"},"schema":{"@context":"https:\/\/schema.org","@graph":[{"@type":"WebPage","@id":"https:\/\/discos-redondos.es\/producto\/john-coltrane-a-love-supreme","url":"https:\/\/discos-redondos.es\/producto\/john-coltrane-a-love-supreme","name":"John Coltrane \u2013 A Love Supreme - DISCOS REDONDOS","isPartOf":{"@id":"https:\/\/discos-redondos.es\/#website"},"primaryImageOfPage":{"@id":"https:\/\/discos-redondos.es\/producto\/john-coltrane-a-love-supreme#primaryimage"},"image":{"@id":"https:\/\/discos-redondos.es\/producto\/john-coltrane-a-love-supreme#primaryimage"},"thumbnailUrl":"https:\/\/discos-redondos.es\/wp-content\/uploads\/2022\/11\/John-Coltrane-\u2013-A-Love-Supreme.jpeg","datePublished":"2022-11-02T16:11:22+00:00","dateModified":"2025-01-03T16:41:02+00:00","description":"John Coltrane \u2013 A Love Supreme - Impulse! Stereo A-77, Universal Records 0011105015516 LP gatefold en vinilo de 180 gramos, prensado en Alemania","breadcrumb":{"@id":"https:\/\/discos-redondos.es\/producto\/john-coltrane-a-love-supreme#breadcrumb"},"inLanguage":"ca","potentialAction":[{"@type":"ReadAction","target":["https:\/\/discos-redondos.es\/producto\/john-coltrane-a-love-supreme"]}]},{"@type":"ImageObject","inLanguage":"ca","@id":"https:\/\/discos-redondos.es\/producto\/john-coltrane-a-love-supreme#primaryimage","url":"https:\/\/discos-redondos.es\/wp-content\/uploads\/2022\/11\/John-Coltrane-\u2013-A-Love-Supreme.jpeg","contentUrl":"https:\/\/discos-redondos.es\/wp-content\/uploads\/2022\/11\/John-Coltrane-\u2013-A-Love-Supreme.jpeg","width":640,"height":640,"caption":"John Coltrane \u2013 A Love Supreme"},{"@type":"BreadcrumbList","@id":"https:\/\/discos-redondos.es\/producto\/john-coltrane-a-love-supreme#breadcrumb","itemListElement":[{"@type":"ListItem","position":1,"name":"Portada","item":"https:\/\/discos-redondos.es\/"},{"@type":"ListItem","position":2,"name":"Tienda","item":"https:\/\/discos-redondos.es\/?page_id=487"},{"@type":"ListItem","position":3,"name":"John Coltrane \u2013 A Love Supreme"}]},{"@type":"WebSite","@id":"https:\/\/discos-redondos.es\/#website","url":"https:\/\/discos-redondos.es\/","name":"Discos Redondos","description":"La teva botiga de discos a Barcelona","publisher":{"@id":"https:\/\/discos-redondos.es\/#organization"},"alternateName":"Discos Redondos","potentialAction":[{"@type":"SearchAction","target":{"@type":"EntryPoint","urlTemplate":"https:\/\/discos-redondos.es\/?s={search_term_string}"},"query-input":{"@type":"PropertyValueSpecification","valueRequired":true,"valueName":"search_term_string"}}],"inLanguage":"ca"},{"@type":"Organization","@id":"https:\/\/discos-redondos.es\/#organization","name":"Discos Redondos","url":"https:\/\/discos-redondos.es\/","logo":{"@type":"ImageObject","inLanguage":"ca","@id":"https:\/\/discos-redondos.es\/#\/schema\/logo\/image\/","url":"https:\/\/discos-redondos.es\/wp-content\/uploads\/2023\/04\/aaff-logo-raval-1-1.jpg","contentUrl":"https:\/\/discos-redondos.es\/wp-content\/uploads\/2023\/04\/aaff-logo-raval-1-1.jpg","width":2362,"height":1441,"caption":"Discos Redondos"},"image":{"@id":"https:\/\/discos-redondos.es\/#\/schema\/logo\/image\/"},"sameAs":["https:\/\/www.facebook.com\/discosredondos45","https:\/\/www.instagram.com\/discos.redondos33\/?hl=es","https:\/\/discos-redondos.bandcamp.com\/"]}]}},"_links":{"self":[{"href":"https:\/\/discos-redondos.es\/ca\/wp-json\/wp\/v2\/product\/4717","targetHints":{"allow":["GET"]}}],"collection":[{"href":"https:\/\/discos-redondos.es\/ca\/wp-json\/wp\/v2\/product"}],"about":[{"href":"https:\/\/discos-redondos.es\/ca\/wp-json\/wp\/v2\/types\/product"}],"wp:featuredmedia":[{"embeddable":true,"href":"https:\/\/discos-redondos.es\/ca\/wp-json\/wp\/v2\/media\/4718"}],"wp:attachment":[{"href":"https:\/\/discos-redondos.es\/ca\/wp-json\/wp\/v2\/media?parent=4717"}],"wp:term":[{"taxonomy":"product_brand","embeddable":true,"href":"https:\/\/discos-redondos.es\/ca\/wp-json\/wp\/v2\/product_brand?post=4717"},{"taxonomy":"product_cat","embeddable":true,"href":"https:\/\/discos-redondos.es\/ca\/wp-json\/wp\/v2\/product_cat?post=4717"},{"taxonomy":"product_tag","embeddable":true,"href":"https:\/\/discos-redondos.es\/ca\/wp-json\/wp\/v2\/product_tag?post=4717"}],"curies":[{"name":"wp","href":"https:\/\/api.w.org\/{rel}","templated":true}]}}