{"id":4806,"date":"2022-12-09T12:37:02","date_gmt":"2022-12-09T12:37:02","guid":{"rendered":"https:\/\/discos-redondos.es\/?post_type=product&#038;p=4806"},"modified":"2025-06-25T16:28:27","modified_gmt":"2025-06-25T16:28:27","slug":"john-coltrane-a-love-supreme-2","status":"publish","type":"product","link":"https:\/\/discos-redondos.es\/ca\/producte\/john-coltrane-a-love-supreme-2","title":{"rendered":"John Coltrane \u2013 A Love Supreme (Acoustic Sounds Series)"},"content":{"rendered":"<p><strong>John Coltrane \u2013 A Love Supreme<\/strong><\/p>\n<p><strong>Tracklist<\/strong><\/p>\n<table class=\"tracklist_3QGRS\">\n<tbody>\n<tr data-track-position=\"A1\">\n<td class=\"trackPos_2RCje\">A1<\/td>\n<td class=\"artist_3zAQD\"><\/td>\n<td class=\"trackTitle_CTKp4\"><span class=\"trackTitle_CTKp4\">Part I &#8211; Acknowledgement<\/span><\/td>\n<td class=\"duration_2t4qr\">7:39<\/td>\n<\/tr>\n<tr data-track-position=\"A2\">\n<td class=\"trackPos_2RCje\">A2<\/td>\n<td class=\"artist_3zAQD\"><\/td>\n<td class=\"trackTitle_CTKp4\"><span class=\"trackTitle_CTKp4\">Part II &#8211; Resolution<\/span><\/td>\n<td class=\"duration_2t4qr\">7:15<\/td>\n<\/tr>\n<tr data-track-position=\"B1\">\n<td class=\"trackPos_2RCje\">B1<\/td>\n<td class=\"artist_3zAQD\"><\/td>\n<td class=\"trackTitle_CTKp4\"><span class=\"trackTitle_CTKp4\">Part III &#8211; Pursuance \/ Part IV &#8211; Psalm<\/span><\/td>\n<td class=\"duration_2t4qr\">17:40<\/td>\n<\/tr>\n<\/tbody>\n<\/table>\n<p>&nbsp;<\/p>\n<p><iframe loading=\"lazy\" title=\"John Coltrane - A Love Supreme [Full Album] (1965)\" width=\"832\" height=\"624\" src=\"https:\/\/www.youtube.com\/embed\/ll3CMgiUPuU?feature=oembed\" frameborder=\"0\" allow=\"accelerometer; autoplay; clipboard-write; encrypted-media; gyroscope; picture-in-picture; web-share\" referrerpolicy=\"strict-origin-when-cross-origin\" allowfullscreen><\/iframe><\/p>\n<p><strong>John Coltrane \u2013 A Love Supreme: <\/strong>A Love Supreme es un \u00e1lbum grabado por el cuarteto de John Coltrane el 9 de diciembre de 1964 en el estudio de Rudy Van Gelder en Englewood Cliffs, Nueva Jersey. Es una suite en cuatro partes, que se corresponden con sendos temas: Acknowledgement (que contiene el famoso mantra que da nombre a la suite), Resolution, Pursuance y Psalm. Fue concebido como un disco espiritual, representativo de una b\u00fasqueda personal de pureza por parte de Coltrane. El tema final se corresponde con la letra de un poema piadoso incluido en las notas de presentaci\u00f3n del disco.<\/p>\n<p>Una versi\u00f3n alternativa de \u00abAcknowledgement\u00bb fue grabada al d\u00eda siguiente. Esta versi\u00f3n incluy\u00f3 la participaci\u00f3n del saxo tenor Archie Shepp y del bajista Art Davis.<\/p>\n<p>A Love Supreme es habitualmente considerado como uno de los discos de jazz m\u00e1s importantes de la historia. En una encuesta de 2005 del canal ingl\u00e9s de televisi\u00f3n Channel 4 para elegir los mejores discos de la historia, alcanz\u00f3 el puesto n\u00famero 82.\u200b En otra encuesta (Rolling Stone&#8217;s list of the 500 greatest albums of all time) lleg\u00f3 al puesto 47 y fue reconocido como uno de los tres m\u00e1s importantes en Rate Your Music&#8217;s Top Albums of All-time list. Los elementos de libertad arm\u00f3nica reconocibles en el disco indican los cambios que se ir\u00edan a producir en la m\u00fasica de Coltrane.<\/p>\n<p>Esta edici\u00f3n\u00a0 en vinilo de 180 gramos ha sido remasterizada en Sterling Sound y fabricada en QRP (Quality Record Pressings) a partir de las cintas anal\u00f3gicas originales y pertenece a la serie Acoustic Sound de Impulse! \/ Verve. Se presenta en carpeta gatefold de cart\u00f3n duro oversized.<\/p>\n","protected":false},"excerpt":{"rendered":"<p>Impulse!, Verve Records, UMe \u2013 B0032077-01, Impulse! \u2013 A-77, AS-77, 0602508889288<\/p>\n<p>LP en vinilo de 180 gramos, gatefold, USA, perteneciente a las Acoustic Sound Series.<\/p>\n<p>Remasterizado en Sterling Sound a partir de las cintas anal\u00f3gicas originales.<\/p>","protected":false},"featured_media":4813,"template":"","meta":[],"product_brand":[],"product_cat":[77],"product_tag":[],"class_list":{"0":"post-4806","1":"product","2":"type-product","3":"status-publish","4":"has-post-thumbnail","6":"product_cat-jazz","8":"first","9":"outofstock","10":"taxable","11":"shipping-taxable","12":"purchasable","13":"product-type-simple"},"yoast_head":"<!-- This site is optimized with the Yoast SEO plugin v27.4 - https:\/\/yoast.com\/product\/yoast-seo-wordpress\/ -->\n<title>John Coltrane \u2013 A Love Supreme (Acoustic Sounds Series) - DISCOS REDONDOS<\/title>\n<meta name=\"description\" content=\"John Coltrane \u2013 A Love Supreme - Vinilo de 180 gramos, gatefold, USA, perteneciente a las Acoustic Sound Series de Impulse!\" \/>\n<meta name=\"robots\" content=\"index, follow, max-snippet:-1, max-image-preview:large, max-video-preview:-1\" \/>\n<link rel=\"canonical\" href=\"https:\/\/discos-redondos.es\/ca\/producte\/john-coltrane-a-love-supreme-2\/\" \/>\n<meta property=\"og:locale\" content=\"ca_ES\" \/>\n<meta property=\"og:type\" content=\"article\" \/>\n<meta property=\"og:title\" content=\"John Coltrane \u2013 A Love Supreme (Acoustic Sounds Series) - DISCOS REDONDOS\" \/>\n<meta property=\"og:description\" content=\"John Coltrane \u2013 A Love Supreme - Vinilo de 180 gramos, gatefold, USA, perteneciente a las Acoustic Sound Series de Impulse!\" \/>\n<meta property=\"og:url\" content=\"https:\/\/discos-redondos.es\/ca\/producte\/john-coltrane-a-love-supreme-2\/\" \/>\n<meta property=\"og:site_name\" content=\"DISCOS REDONDOS\" \/>\n<meta property=\"article:publisher\" content=\"https:\/\/www.facebook.com\/discosredondos45\" \/>\n<meta property=\"article:modified_time\" content=\"2025-06-25T16:28:27+00:00\" \/>\n<meta property=\"og:image\" content=\"https:\/\/discos-redondos.es\/wp-content\/uploads\/2022\/12\/John-Coltrane-\u2013-A-Love-Supreme-esp.jpg\" \/>\n\t<meta property=\"og:image:width\" content=\"600\" \/>\n\t<meta property=\"og:image:height\" content=\"588\" \/>\n\t<meta property=\"og:image:type\" content=\"image\/jpeg\" \/>\n<meta name=\"twitter:card\" content=\"summary_large_image\" \/>\n<meta name=\"twitter:label1\" content=\"Temps estimat de lectura\" \/>\n\t<meta name=\"twitter:data1\" content=\"2 minuts\" \/>\n<script type=\"application\/ld+json\" class=\"yoast-schema-graph\">{\"@context\":\"https:\\\/\\\/schema.org\",\"@graph\":[{\"@type\":\"WebPage\",\"@id\":\"https:\\\/\\\/discos-redondos.es\\\/producto\\\/john-coltrane-a-love-supreme-2\",\"url\":\"https:\\\/\\\/discos-redondos.es\\\/producto\\\/john-coltrane-a-love-supreme-2\",\"name\":\"John Coltrane \u2013 A Love Supreme (Acoustic Sounds Series) - DISCOS REDONDOS\",\"isPartOf\":{\"@id\":\"https:\\\/\\\/discos-redondos.es\\\/#website\"},\"primaryImageOfPage\":{\"@id\":\"https:\\\/\\\/discos-redondos.es\\\/producto\\\/john-coltrane-a-love-supreme-2#primaryimage\"},\"image\":{\"@id\":\"https:\\\/\\\/discos-redondos.es\\\/producto\\\/john-coltrane-a-love-supreme-2#primaryimage\"},\"thumbnailUrl\":\"https:\\\/\\\/discos-redondos.es\\\/wp-content\\\/uploads\\\/2022\\\/12\\\/John-Coltrane-\u2013-A-Love-Supreme-esp.jpg\",\"datePublished\":\"2022-12-09T12:37:02+00:00\",\"dateModified\":\"2025-06-25T16:28:27+00:00\",\"description\":\"John Coltrane \u2013 A Love Supreme - Vinilo de 180 gramos, gatefold, USA, perteneciente a las Acoustic Sound Series de Impulse!\",\"breadcrumb\":{\"@id\":\"https:\\\/\\\/discos-redondos.es\\\/producto\\\/john-coltrane-a-love-supreme-2#breadcrumb\"},\"inLanguage\":\"ca\",\"potentialAction\":[{\"@type\":\"ReadAction\",\"target\":[\"https:\\\/\\\/discos-redondos.es\\\/producto\\\/john-coltrane-a-love-supreme-2\"]}]},{\"@type\":\"ImageObject\",\"inLanguage\":\"ca\",\"@id\":\"https:\\\/\\\/discos-redondos.es\\\/producto\\\/john-coltrane-a-love-supreme-2#primaryimage\",\"url\":\"https:\\\/\\\/discos-redondos.es\\\/wp-content\\\/uploads\\\/2022\\\/12\\\/John-Coltrane-\u2013-A-Love-Supreme-esp.jpg\",\"contentUrl\":\"https:\\\/\\\/discos-redondos.es\\\/wp-content\\\/uploads\\\/2022\\\/12\\\/John-Coltrane-\u2013-A-Love-Supreme-esp.jpg\",\"width\":600,\"height\":588,\"caption\":\"John Coltrane \u2013 A Love Supreme (Acoustic Sounds Series)\"},{\"@type\":\"BreadcrumbList\",\"@id\":\"https:\\\/\\\/discos-redondos.es\\\/producto\\\/john-coltrane-a-love-supreme-2#breadcrumb\",\"itemListElement\":[{\"@type\":\"ListItem\",\"position\":1,\"name\":\"Portada\",\"item\":\"https:\\\/\\\/discos-redondos.es\\\/\"},{\"@type\":\"ListItem\",\"position\":2,\"name\":\"Tienda\",\"item\":\"https:\\\/\\\/discos-redondos.es\\\/?page_id=487\"},{\"@type\":\"ListItem\",\"position\":3,\"name\":\"John Coltrane \u2013 A Love Supreme (Acoustic Sounds Series)\"}]},{\"@type\":\"WebSite\",\"@id\":\"https:\\\/\\\/discos-redondos.es\\\/#website\",\"url\":\"https:\\\/\\\/discos-redondos.es\\\/\",\"name\":\"Discos Redondos\",\"description\":\"Tu tienda de discos en Barcelona\",\"publisher\":{\"@id\":\"https:\\\/\\\/discos-redondos.es\\\/#organization\"},\"alternateName\":\"Discos Redondos\",\"potentialAction\":[{\"@type\":\"SearchAction\",\"target\":{\"@type\":\"EntryPoint\",\"urlTemplate\":\"https:\\\/\\\/discos-redondos.es\\\/?s={search_term_string}\"},\"query-input\":{\"@type\":\"PropertyValueSpecification\",\"valueRequired\":true,\"valueName\":\"search_term_string\"}}],\"inLanguage\":\"ca\"},{\"@type\":\"Organization\",\"@id\":\"https:\\\/\\\/discos-redondos.es\\\/#organization\",\"name\":\"Discos Redondos\",\"url\":\"https:\\\/\\\/discos-redondos.es\\\/\",\"logo\":{\"@type\":\"ImageObject\",\"inLanguage\":\"ca\",\"@id\":\"https:\\\/\\\/discos-redondos.es\\\/#\\\/schema\\\/logo\\\/image\\\/\",\"url\":\"https:\\\/\\\/discos-redondos.es\\\/wp-content\\\/uploads\\\/2023\\\/04\\\/aaff-logo-raval-1-1.jpg\",\"contentUrl\":\"https:\\\/\\\/discos-redondos.es\\\/wp-content\\\/uploads\\\/2023\\\/04\\\/aaff-logo-raval-1-1.jpg\",\"width\":2362,\"height\":1441,\"caption\":\"Discos Redondos\"},\"image\":{\"@id\":\"https:\\\/\\\/discos-redondos.es\\\/#\\\/schema\\\/logo\\\/image\\\/\"},\"sameAs\":[\"https:\\\/\\\/www.facebook.com\\\/discosredondos45\",\"https:\\\/\\\/www.instagram.com\\\/discos.redondos33\\\/?hl=es\",\"https:\\\/\\\/discos-redondos.bandcamp.com\\\/\"]}]}<\/script>\n<!-- \/ Yoast SEO plugin. -->","yoast_head_json":{"title":"John Coltrane \u2013 A Love Supreme (Acoustic Sounds Series) - DISCOS REDONDOS","description":"John Coltrane \u2013 A Love Supreme - Vinilo de 180 gramos, gatefold, USA, perteneciente a las Acoustic Sound Series de Impulse!","robots":{"index":"index","follow":"follow","max-snippet":"max-snippet:-1","max-image-preview":"max-image-preview:large","max-video-preview":"max-video-preview:-1"},"canonical":"https:\/\/discos-redondos.es\/ca\/producte\/john-coltrane-a-love-supreme-2\/","og_locale":"ca_ES","og_type":"article","og_title":"John Coltrane \u2013 A Love Supreme (Acoustic Sounds Series) - DISCOS REDONDOS","og_description":"John Coltrane \u2013 A Love Supreme - Vinilo de 180 gramos, gatefold, USA, perteneciente a las Acoustic Sound Series de Impulse!","og_url":"https:\/\/discos-redondos.es\/ca\/producte\/john-coltrane-a-love-supreme-2\/","og_site_name":"DISCOS REDONDOS","article_publisher":"https:\/\/www.facebook.com\/discosredondos45","article_modified_time":"2025-06-25T16:28:27+00:00","og_image":[{"width":600,"height":588,"url":"https:\/\/discos-redondos.es\/wp-content\/uploads\/2022\/12\/John-Coltrane-\u2013-A-Love-Supreme-esp.jpg","type":"image\/jpeg"}],"twitter_card":"summary_large_image","twitter_misc":{"Temps estimat de lectura":"2 minuts"},"schema":{"@context":"https:\/\/schema.org","@graph":[{"@type":"WebPage","@id":"https:\/\/discos-redondos.es\/producto\/john-coltrane-a-love-supreme-2","url":"https:\/\/discos-redondos.es\/producto\/john-coltrane-a-love-supreme-2","name":"John Coltrane \u2013 A Love Supreme (Acoustic Sounds Series) - DISCOS REDONDOS","isPartOf":{"@id":"https:\/\/discos-redondos.es\/#website"},"primaryImageOfPage":{"@id":"https:\/\/discos-redondos.es\/producto\/john-coltrane-a-love-supreme-2#primaryimage"},"image":{"@id":"https:\/\/discos-redondos.es\/producto\/john-coltrane-a-love-supreme-2#primaryimage"},"thumbnailUrl":"https:\/\/discos-redondos.es\/wp-content\/uploads\/2022\/12\/John-Coltrane-\u2013-A-Love-Supreme-esp.jpg","datePublished":"2022-12-09T12:37:02+00:00","dateModified":"2025-06-25T16:28:27+00:00","description":"John Coltrane \u2013 A Love Supreme - Vinilo de 180 gramos, gatefold, USA, perteneciente a las Acoustic Sound Series de Impulse!","breadcrumb":{"@id":"https:\/\/discos-redondos.es\/producto\/john-coltrane-a-love-supreme-2#breadcrumb"},"inLanguage":"ca","potentialAction":[{"@type":"ReadAction","target":["https:\/\/discos-redondos.es\/producto\/john-coltrane-a-love-supreme-2"]}]},{"@type":"ImageObject","inLanguage":"ca","@id":"https:\/\/discos-redondos.es\/producto\/john-coltrane-a-love-supreme-2#primaryimage","url":"https:\/\/discos-redondos.es\/wp-content\/uploads\/2022\/12\/John-Coltrane-\u2013-A-Love-Supreme-esp.jpg","contentUrl":"https:\/\/discos-redondos.es\/wp-content\/uploads\/2022\/12\/John-Coltrane-\u2013-A-Love-Supreme-esp.jpg","width":600,"height":588,"caption":"John Coltrane \u2013 A Love Supreme (Acoustic Sounds Series)"},{"@type":"BreadcrumbList","@id":"https:\/\/discos-redondos.es\/producto\/john-coltrane-a-love-supreme-2#breadcrumb","itemListElement":[{"@type":"ListItem","position":1,"name":"Portada","item":"https:\/\/discos-redondos.es\/"},{"@type":"ListItem","position":2,"name":"Tienda","item":"https:\/\/discos-redondos.es\/?page_id=487"},{"@type":"ListItem","position":3,"name":"John Coltrane \u2013 A Love Supreme (Acoustic Sounds Series)"}]},{"@type":"WebSite","@id":"https:\/\/discos-redondos.es\/#website","url":"https:\/\/discos-redondos.es\/","name":"Discos Redondos","description":"La teva botiga de discos a Barcelona","publisher":{"@id":"https:\/\/discos-redondos.es\/#organization"},"alternateName":"Discos Redondos","potentialAction":[{"@type":"SearchAction","target":{"@type":"EntryPoint","urlTemplate":"https:\/\/discos-redondos.es\/?s={search_term_string}"},"query-input":{"@type":"PropertyValueSpecification","valueRequired":true,"valueName":"search_term_string"}}],"inLanguage":"ca"},{"@type":"Organization","@id":"https:\/\/discos-redondos.es\/#organization","name":"Discos Redondos","url":"https:\/\/discos-redondos.es\/","logo":{"@type":"ImageObject","inLanguage":"ca","@id":"https:\/\/discos-redondos.es\/#\/schema\/logo\/image\/","url":"https:\/\/discos-redondos.es\/wp-content\/uploads\/2023\/04\/aaff-logo-raval-1-1.jpg","contentUrl":"https:\/\/discos-redondos.es\/wp-content\/uploads\/2023\/04\/aaff-logo-raval-1-1.jpg","width":2362,"height":1441,"caption":"Discos Redondos"},"image":{"@id":"https:\/\/discos-redondos.es\/#\/schema\/logo\/image\/"},"sameAs":["https:\/\/www.facebook.com\/discosredondos45","https:\/\/www.instagram.com\/discos.redondos33\/?hl=es","https:\/\/discos-redondos.bandcamp.com\/"]}]}},"_links":{"self":[{"href":"https:\/\/discos-redondos.es\/ca\/wp-json\/wp\/v2\/product\/4806","targetHints":{"allow":["GET"]}}],"collection":[{"href":"https:\/\/discos-redondos.es\/ca\/wp-json\/wp\/v2\/product"}],"about":[{"href":"https:\/\/discos-redondos.es\/ca\/wp-json\/wp\/v2\/types\/product"}],"wp:featuredmedia":[{"embeddable":true,"href":"https:\/\/discos-redondos.es\/ca\/wp-json\/wp\/v2\/media\/4813"}],"wp:attachment":[{"href":"https:\/\/discos-redondos.es\/ca\/wp-json\/wp\/v2\/media?parent=4806"}],"wp:term":[{"taxonomy":"product_brand","embeddable":true,"href":"https:\/\/discos-redondos.es\/ca\/wp-json\/wp\/v2\/product_brand?post=4806"},{"taxonomy":"product_cat","embeddable":true,"href":"https:\/\/discos-redondos.es\/ca\/wp-json\/wp\/v2\/product_cat?post=4806"},{"taxonomy":"product_tag","embeddable":true,"href":"https:\/\/discos-redondos.es\/ca\/wp-json\/wp\/v2\/product_tag?post=4806"}],"curies":[{"name":"wp","href":"https:\/\/api.w.org\/{rel}","templated":true}]}}