{"id":4926,"date":"2023-01-05T13:05:38","date_gmt":"2023-01-05T13:05:38","guid":{"rendered":"https:\/\/discos-redondos.es\/?post_type=product&#038;p=4926"},"modified":"2026-03-30T15:00:35","modified_gmt":"2026-03-30T15:00:35","slug":"takuya-kuroda-midnight-crisp","status":"publish","type":"product","link":"https:\/\/discos-redondos.es\/ca\/producte\/takuya-kuroda-midnight-crisp","title":{"rendered":"Takuya Kuroda &#8211; Midnight Crisp"},"content":{"rendered":"<p><strong>Takuya Kuroda &#8211; Midnight Crisp<\/strong><\/p>\n<p><strong>Tracklist<\/strong><\/p>\n<table class=\"tracklist_3QGRS\">\n<tbody>\n<tr data-track-position=\"A1\">\n<td class=\"trackPos_2RCje\">A1<\/td>\n<td class=\"artist_3zAQD\"><\/td>\n<td class=\"trackTitle_CTKp4\"><span class=\"trackTitle_CTKp4\">Midnight Crisp<\/span><\/td>\n<td class=\"duration_2t4qr\">5:26<\/td>\n<\/tr>\n<tr data-track-position=\"A2\">\n<td class=\"trackPos_2RCje\">A2<\/td>\n<td class=\"artist_3zAQD\"><\/td>\n<td class=\"trackTitle_CTKp4\"><span class=\"trackTitle_CTKp4\">Time Coil<\/span><\/td>\n<td class=\"duration_2t4qr\">6:35<\/td>\n<\/tr>\n<tr data-track-position=\"A3\">\n<td class=\"trackPos_2RCje\">A3<\/td>\n<td class=\"artist_3zAQD\"><\/td>\n<td class=\"trackTitle_CTKp4\"><span class=\"trackTitle_CTKp4\">It&#8217;s Okay<\/span><\/td>\n<td class=\"duration_2t4qr\">6:05<\/td>\n<\/tr>\n<tr data-track-position=\"B1\">\n<td class=\"trackPos_2RCje\">B1<\/td>\n<td class=\"artist_3zAQD\"><\/td>\n<td class=\"trackTitle_CTKp4\"><span class=\"trackTitle_CTKp4\">Dead End Dance<\/span><\/td>\n<td class=\"duration_2t4qr\">4:21<\/td>\n<\/tr>\n<tr data-track-position=\"B2\">\n<td class=\"trackPos_2RCje\">B2<\/td>\n<td class=\"artist_3zAQD\"><\/td>\n<td class=\"trackTitle_CTKp4\"><span class=\"trackTitle_CTKp4\">Old Picture<\/span><\/td>\n<td class=\"duration_2t4qr\">5:19<\/td>\n<\/tr>\n<tr data-track-position=\"B3\">\n<td class=\"trackPos_2RCje\">B3<\/td>\n<td class=\"artist_3zAQD\"><\/td>\n<td class=\"trackTitle_CTKp4\"><span class=\"trackTitle_CTKp4\">Choy Soda<\/span><\/td>\n<td class=\"duration_2t4qr\">4:47<\/td>\n<\/tr>\n<\/tbody>\n<\/table>\n<p>&nbsp;<\/p>\n<p><iframe loading=\"lazy\" title=\"Takuya Kuroda - Midnight Crisp\" width=\"832\" height=\"468\" src=\"https:\/\/www.youtube.com\/embed\/fcGgExgGtZs?feature=oembed\" frameborder=\"0\" allow=\"accelerometer; autoplay; clipboard-write; encrypted-media; gyroscope; picture-in-picture; web-share\" referrerpolicy=\"strict-origin-when-cross-origin\" allowfullscreen><\/iframe><\/p>\n<h2><\/h2>\n<p>Takuya Kuroda es un trompetista y arreglista de gran prestigio, nacido en Kobe, Jap\u00f3n, y residente en Nueva York. \u00abMidnight Crisp\u00bb es su s\u00e9ptimo \u00e1lbum de estudio, producido \u00edntegramente por \u00e9l mismo y sucesor del aclamado \u00abFly Moon Die Soon\u00bb de 2020, tambi\u00e9n publicado por el sello brit\u00e1nico First Word (ganador del premio al Sello del A\u00f1o en los Worldwide Awards de 2019). Con seis temas nuevos, este \u00e1lbum muestra una vez m\u00e1s el sonido h\u00edbrido \u00fanico de Takuya, que fusiona jazz soul, funk, post-bop, fusi\u00f3n y hip hop.<\/p>\n<p>Tras graduarse se consolid\u00f3 en la escena del jazz neoyorquino, actuando con grupos como Akoya Afrobeat y, en los \u00faltimos a\u00f1os, con la banda BADDER de DJ Premier. Premier coment\u00f3: \u00abEl proyecto de la banda BADDER fue idea de mi m\u00e1nager y un agente que conozco desde el inicio de mi carrera con Gang Starr. Me dijo: \u00ab\u00bfY si formamos una banda que gire en torno a un trompetista japon\u00e9s llamado Takuya Kuroda? Tiene una perspectiva hip-hop y es respetado en el mundo del jazz\u2026\u00bb\u00bb.<\/p>\n<p>Su \u00faltimo \u00e1lbum fue &#8216;Fly Moon Die Soon&#8217; en First Word, que recibi\u00f3 reproducciones y apoyo de medios como Pitchfork, Earmilk, Bandcamp Weekly, Worldwide FM, All About Jazz, Apple Music, Tidal, Stereogum, Treble, Brooklyn Vegan, FIP (Francia), Tony Minvielle, Jazz FM, Huey Morgan (BBC 6 Music), BBC Radio 3, Novena Carmel, KCRW y muchos m\u00e1s DJs, creadores de tendencias, selectores, estaciones de radio, blogueros y revistas.<\/p>\n<p>&nbsp;<\/p>","protected":false},"excerpt":{"rendered":"<p>First Word Records \u2013 FW260, 5050580788923<\/p>\n<p>LP en vinilo negro yc arpeta sencilla, UK 2022<\/p>","protected":false},"featured_media":4927,"template":"","meta":[],"product_brand":[210],"product_cat":[85],"product_tag":[],"class_list":{"0":"post-4926","1":"product","2":"type-product","3":"status-publish","4":"has-post-thumbnail","6":"product_brand-first-word","7":"product_cat-jazz-contemporaneo","9":"first","10":"instock","11":"taxable","12":"shipping-taxable","13":"purchasable","14":"product-type-simple"},"yoast_head":"<!-- This site is optimized with the Yoast SEO plugin v27.5 - https:\/\/yoast.com\/product\/yoast-seo-wordpress\/ -->\n<title>Takuya Kuroda - Midnight Crisp - DISCOS REDONDOS<\/title>\n<meta name=\"description\" content=\"Takuya Kuroda - Midnight Crisp - First Word Records \u2013 FW260, 5050580788923 LP en vinilo negro yc arpeta sencilla, UK 2022\" \/>\n<meta name=\"robots\" content=\"index, follow, max-snippet:-1, max-image-preview:large, max-video-preview:-1\" \/>\n<link rel=\"canonical\" href=\"https:\/\/discos-redondos.es\/ca\/producte\/takuya-kuroda-midnight-crisp\/\" \/>\n<meta property=\"og:locale\" content=\"ca_ES\" \/>\n<meta property=\"og:type\" content=\"article\" \/>\n<meta property=\"og:title\" content=\"Takuya Kuroda - Midnight Crisp - DISCOS REDONDOS\" \/>\n<meta property=\"og:description\" content=\"Takuya Kuroda - Midnight Crisp - First Word Records \u2013 FW260, 5050580788923 LP en vinilo negro yc arpeta sencilla, UK 2022\" \/>\n<meta property=\"og:url\" content=\"https:\/\/discos-redondos.es\/ca\/producte\/takuya-kuroda-midnight-crisp\/\" \/>\n<meta property=\"og:site_name\" content=\"DISCOS REDONDOS\" \/>\n<meta property=\"article:publisher\" content=\"https:\/\/www.facebook.com\/discosredondos45\" \/>\n<meta property=\"article:modified_time\" content=\"2026-03-30T15:00:35+00:00\" \/>\n<meta property=\"og:image\" content=\"https:\/\/discos-redondos.es\/wp-content\/uploads\/2023\/01\/Takuya-Kuroda-\u2013-Midnight-Crisp.jpg\" \/>\n\t<meta property=\"og:image:width\" content=\"1400\" \/>\n\t<meta property=\"og:image:height\" content=\"1400\" \/>\n\t<meta property=\"og:image:type\" content=\"image\/jpeg\" \/>\n<meta name=\"twitter:card\" content=\"summary_large_image\" \/>\n<meta name=\"twitter:label1\" content=\"Temps estimat de lectura\" \/>\n\t<meta name=\"twitter:data1\" content=\"2 minuts\" \/>\n<script type=\"application\/ld+json\" class=\"yoast-schema-graph\">{\"@context\":\"https:\\\/\\\/schema.org\",\"@graph\":[{\"@type\":\"WebPage\",\"@id\":\"https:\\\/\\\/discos-redondos.es\\\/producto\\\/takuya-kuroda-midnight-crisp\",\"url\":\"https:\\\/\\\/discos-redondos.es\\\/producto\\\/takuya-kuroda-midnight-crisp\",\"name\":\"Takuya Kuroda - Midnight Crisp - DISCOS REDONDOS\",\"isPartOf\":{\"@id\":\"https:\\\/\\\/discos-redondos.es\\\/#website\"},\"primaryImageOfPage\":{\"@id\":\"https:\\\/\\\/discos-redondos.es\\\/producto\\\/takuya-kuroda-midnight-crisp#primaryimage\"},\"image\":{\"@id\":\"https:\\\/\\\/discos-redondos.es\\\/producto\\\/takuya-kuroda-midnight-crisp#primaryimage\"},\"thumbnailUrl\":\"https:\\\/\\\/discos-redondos.es\\\/wp-content\\\/uploads\\\/2023\\\/01\\\/Takuya-Kuroda-\u2013-Midnight-Crisp.jpg\",\"datePublished\":\"2023-01-05T13:05:38+00:00\",\"dateModified\":\"2026-03-30T15:00:35+00:00\",\"description\":\"Takuya Kuroda - Midnight Crisp - First Word Records \u2013 FW260, 5050580788923 LP en vinilo negro yc arpeta sencilla, UK 2022\",\"breadcrumb\":{\"@id\":\"https:\\\/\\\/discos-redondos.es\\\/producto\\\/takuya-kuroda-midnight-crisp#breadcrumb\"},\"inLanguage\":\"ca\",\"potentialAction\":[{\"@type\":\"ReadAction\",\"target\":[\"https:\\\/\\\/discos-redondos.es\\\/producto\\\/takuya-kuroda-midnight-crisp\"]}]},{\"@type\":\"ImageObject\",\"inLanguage\":\"ca\",\"@id\":\"https:\\\/\\\/discos-redondos.es\\\/producto\\\/takuya-kuroda-midnight-crisp#primaryimage\",\"url\":\"https:\\\/\\\/discos-redondos.es\\\/wp-content\\\/uploads\\\/2023\\\/01\\\/Takuya-Kuroda-\u2013-Midnight-Crisp.jpg\",\"contentUrl\":\"https:\\\/\\\/discos-redondos.es\\\/wp-content\\\/uploads\\\/2023\\\/01\\\/Takuya-Kuroda-\u2013-Midnight-Crisp.jpg\",\"width\":1400,\"height\":1400,\"caption\":\"Takuya Kuroda - Midnight Crisp\"},{\"@type\":\"BreadcrumbList\",\"@id\":\"https:\\\/\\\/discos-redondos.es\\\/producto\\\/takuya-kuroda-midnight-crisp#breadcrumb\",\"itemListElement\":[{\"@type\":\"ListItem\",\"position\":1,\"name\":\"Portada\",\"item\":\"https:\\\/\\\/discos-redondos.es\\\/\"},{\"@type\":\"ListItem\",\"position\":2,\"name\":\"Tienda\",\"item\":\"https:\\\/\\\/discos-redondos.es\\\/?page_id=487\"},{\"@type\":\"ListItem\",\"position\":3,\"name\":\"Takuya Kuroda &#8211; Midnight Crisp\"}]},{\"@type\":\"WebSite\",\"@id\":\"https:\\\/\\\/discos-redondos.es\\\/#website\",\"url\":\"https:\\\/\\\/discos-redondos.es\\\/\",\"name\":\"Discos Redondos\",\"description\":\"Tu tienda de discos en Barcelona\",\"publisher\":{\"@id\":\"https:\\\/\\\/discos-redondos.es\\\/#organization\"},\"alternateName\":\"Discos Redondos\",\"potentialAction\":[{\"@type\":\"SearchAction\",\"target\":{\"@type\":\"EntryPoint\",\"urlTemplate\":\"https:\\\/\\\/discos-redondos.es\\\/?s={search_term_string}\"},\"query-input\":{\"@type\":\"PropertyValueSpecification\",\"valueRequired\":true,\"valueName\":\"search_term_string\"}}],\"inLanguage\":\"ca\"},{\"@type\":\"Organization\",\"@id\":\"https:\\\/\\\/discos-redondos.es\\\/#organization\",\"name\":\"Discos Redondos\",\"url\":\"https:\\\/\\\/discos-redondos.es\\\/\",\"logo\":{\"@type\":\"ImageObject\",\"inLanguage\":\"ca\",\"@id\":\"https:\\\/\\\/discos-redondos.es\\\/#\\\/schema\\\/logo\\\/image\\\/\",\"url\":\"https:\\\/\\\/discos-redondos.es\\\/wp-content\\\/uploads\\\/2023\\\/04\\\/aaff-logo-raval-1-1.jpg\",\"contentUrl\":\"https:\\\/\\\/discos-redondos.es\\\/wp-content\\\/uploads\\\/2023\\\/04\\\/aaff-logo-raval-1-1.jpg\",\"width\":2362,\"height\":1441,\"caption\":\"Discos Redondos\"},\"image\":{\"@id\":\"https:\\\/\\\/discos-redondos.es\\\/#\\\/schema\\\/logo\\\/image\\\/\"},\"sameAs\":[\"https:\\\/\\\/www.facebook.com\\\/discosredondos45\",\"https:\\\/\\\/www.instagram.com\\\/discos.redondos33\\\/?hl=es\",\"https:\\\/\\\/discos-redondos.bandcamp.com\\\/\"]}]}<\/script>\n<!-- \/ Yoast SEO plugin. -->","yoast_head_json":{"title":"Takuya Kuroda - Midnight Crisp - DISCOS REDONDOS","description":"Takuya Kuroda - Midnight Crisp - First Word Records \u2013 FW260, 5050580788923 LP en vinilo negro yc arpeta sencilla, UK 2022","robots":{"index":"index","follow":"follow","max-snippet":"max-snippet:-1","max-image-preview":"max-image-preview:large","max-video-preview":"max-video-preview:-1"},"canonical":"https:\/\/discos-redondos.es\/ca\/producte\/takuya-kuroda-midnight-crisp\/","og_locale":"ca_ES","og_type":"article","og_title":"Takuya Kuroda - Midnight Crisp - DISCOS REDONDOS","og_description":"Takuya Kuroda - Midnight Crisp - First Word Records \u2013 FW260, 5050580788923 LP en vinilo negro yc arpeta sencilla, UK 2022","og_url":"https:\/\/discos-redondos.es\/ca\/producte\/takuya-kuroda-midnight-crisp\/","og_site_name":"DISCOS REDONDOS","article_publisher":"https:\/\/www.facebook.com\/discosredondos45","article_modified_time":"2026-03-30T15:00:35+00:00","og_image":[{"width":1400,"height":1400,"url":"https:\/\/discos-redondos.es\/wp-content\/uploads\/2023\/01\/Takuya-Kuroda-\u2013-Midnight-Crisp.jpg","type":"image\/jpeg"}],"twitter_card":"summary_large_image","twitter_misc":{"Temps estimat de lectura":"2 minuts"},"schema":{"@context":"https:\/\/schema.org","@graph":[{"@type":"WebPage","@id":"https:\/\/discos-redondos.es\/producto\/takuya-kuroda-midnight-crisp","url":"https:\/\/discos-redondos.es\/producto\/takuya-kuroda-midnight-crisp","name":"Takuya Kuroda - Midnight Crisp - DISCOS REDONDOS","isPartOf":{"@id":"https:\/\/discos-redondos.es\/#website"},"primaryImageOfPage":{"@id":"https:\/\/discos-redondos.es\/producto\/takuya-kuroda-midnight-crisp#primaryimage"},"image":{"@id":"https:\/\/discos-redondos.es\/producto\/takuya-kuroda-midnight-crisp#primaryimage"},"thumbnailUrl":"https:\/\/discos-redondos.es\/wp-content\/uploads\/2023\/01\/Takuya-Kuroda-\u2013-Midnight-Crisp.jpg","datePublished":"2023-01-05T13:05:38+00:00","dateModified":"2026-03-30T15:00:35+00:00","description":"Takuya Kuroda - Midnight Crisp - First Word Records \u2013 FW260, 5050580788923 LP en vinilo negro yc arpeta sencilla, UK 2022","breadcrumb":{"@id":"https:\/\/discos-redondos.es\/producto\/takuya-kuroda-midnight-crisp#breadcrumb"},"inLanguage":"ca","potentialAction":[{"@type":"ReadAction","target":["https:\/\/discos-redondos.es\/producto\/takuya-kuroda-midnight-crisp"]}]},{"@type":"ImageObject","inLanguage":"ca","@id":"https:\/\/discos-redondos.es\/producto\/takuya-kuroda-midnight-crisp#primaryimage","url":"https:\/\/discos-redondos.es\/wp-content\/uploads\/2023\/01\/Takuya-Kuroda-\u2013-Midnight-Crisp.jpg","contentUrl":"https:\/\/discos-redondos.es\/wp-content\/uploads\/2023\/01\/Takuya-Kuroda-\u2013-Midnight-Crisp.jpg","width":1400,"height":1400,"caption":"Takuya Kuroda - Midnight Crisp"},{"@type":"BreadcrumbList","@id":"https:\/\/discos-redondos.es\/producto\/takuya-kuroda-midnight-crisp#breadcrumb","itemListElement":[{"@type":"ListItem","position":1,"name":"Portada","item":"https:\/\/discos-redondos.es\/"},{"@type":"ListItem","position":2,"name":"Tienda","item":"https:\/\/discos-redondos.es\/?page_id=487"},{"@type":"ListItem","position":3,"name":"Takuya Kuroda &#8211; Midnight Crisp"}]},{"@type":"WebSite","@id":"https:\/\/discos-redondos.es\/#website","url":"https:\/\/discos-redondos.es\/","name":"Discos Redondos","description":"La teva botiga de discos a Barcelona","publisher":{"@id":"https:\/\/discos-redondos.es\/#organization"},"alternateName":"Discos Redondos","potentialAction":[{"@type":"SearchAction","target":{"@type":"EntryPoint","urlTemplate":"https:\/\/discos-redondos.es\/?s={search_term_string}"},"query-input":{"@type":"PropertyValueSpecification","valueRequired":true,"valueName":"search_term_string"}}],"inLanguage":"ca"},{"@type":"Organization","@id":"https:\/\/discos-redondos.es\/#organization","name":"Discos Redondos","url":"https:\/\/discos-redondos.es\/","logo":{"@type":"ImageObject","inLanguage":"ca","@id":"https:\/\/discos-redondos.es\/#\/schema\/logo\/image\/","url":"https:\/\/discos-redondos.es\/wp-content\/uploads\/2023\/04\/aaff-logo-raval-1-1.jpg","contentUrl":"https:\/\/discos-redondos.es\/wp-content\/uploads\/2023\/04\/aaff-logo-raval-1-1.jpg","width":2362,"height":1441,"caption":"Discos Redondos"},"image":{"@id":"https:\/\/discos-redondos.es\/#\/schema\/logo\/image\/"},"sameAs":["https:\/\/www.facebook.com\/discosredondos45","https:\/\/www.instagram.com\/discos.redondos33\/?hl=es","https:\/\/discos-redondos.bandcamp.com\/"]}]}},"_links":{"self":[{"href":"https:\/\/discos-redondos.es\/ca\/wp-json\/wp\/v2\/product\/4926","targetHints":{"allow":["GET"]}}],"collection":[{"href":"https:\/\/discos-redondos.es\/ca\/wp-json\/wp\/v2\/product"}],"about":[{"href":"https:\/\/discos-redondos.es\/ca\/wp-json\/wp\/v2\/types\/product"}],"wp:featuredmedia":[{"embeddable":true,"href":"https:\/\/discos-redondos.es\/ca\/wp-json\/wp\/v2\/media\/4927"}],"wp:attachment":[{"href":"https:\/\/discos-redondos.es\/ca\/wp-json\/wp\/v2\/media?parent=4926"}],"wp:term":[{"taxonomy":"product_brand","embeddable":true,"href":"https:\/\/discos-redondos.es\/ca\/wp-json\/wp\/v2\/product_brand?post=4926"},{"taxonomy":"product_cat","embeddable":true,"href":"https:\/\/discos-redondos.es\/ca\/wp-json\/wp\/v2\/product_cat?post=4926"},{"taxonomy":"product_tag","embeddable":true,"href":"https:\/\/discos-redondos.es\/ca\/wp-json\/wp\/v2\/product_tag?post=4926"}],"curies":[{"name":"wp","href":"https:\/\/api.w.org\/{rel}","templated":true}]}}