{"id":500,"date":"2021-04-24T11:47:13","date_gmt":"2021-04-24T11:47:13","guid":{"rendered":"https:\/\/discos-redondos.es\/?post_type=product&#038;p=500"},"modified":"2025-03-27T10:49:26","modified_gmt":"2025-03-27T10:49:26","slug":"robert-glasper-experiment-%e2%80%8e-black-radio","status":"publish","type":"product","link":"https:\/\/discos-redondos.es\/ca\/producte\/robert-glasper-experiment-%e2%80%8e-black-radio","title":{"rendered":"Robert Glasper Experiment \u200e\u2013 Black Radio"},"content":{"rendered":"<p><strong>Robert Glasper Experiment \u200e\u2013 Black Radio<\/strong><\/p>\n<p style=\"text-align: left;\"><strong>Tracklist<\/strong><\/p>\n<p>A1 Lift Off Mic Check &#8211; Composed by Robert Glasper; featuring Shafiq Husayn<br \/>\nA2 Afro Blue &#8211; Composed by Mongo Santamaria; featuring Erykah Badu<br \/>\nA3 Cherish The Day &#8211; Composed by Andrew Hale, Sade, Stuart Matthewman; featuring Lalah Hathaway<\/p>\n<p>B1 Always Shine &#8211; Composed by Lupe Fiasco, Robert Glasper; featuring Bilal, Lupe Fiasco<br \/>\nB2 Gonna Be Alright (F.T.B.) &#8211; Composed by L. Young, Robert Glasper; featuring Ledisi<br \/>\nB3 Move Love &#8211; Composed by Amber Strother, Anita Bias, Paris Strother, Robert Glasper; featuring King<\/p>\n<p>C1 Ah Yeah &#8211; Composed by C. M. Payne, Derrick Hodge, Robert Glasper, T. Johnson; featuring Musiq Soulchild<br \/>\nC2 The Consequences Of Jealousy &#8211; Composed by Robert Glasper; featuring Meshell Ndegeocello<br \/>\nC3 Why Do We Try &#8211; Composed by Jeffrey Allen, Lawrence Waddell, O&#8217;Dell, Ricky Kinchen, Stokley Williams; featuring Stokley<\/p>\n<p>D1 Black Radio &#8211; Composed by Chris E. Dave, D. Smith, Derrick Hodge, Robert Glasper; featuring Yasiin Bey<br \/>\nD2 Letter To Hermione &#8211; Composed by David Bowie; featuring Bilal<br \/>\nD3 Smells Like Teen Spirit &#8211; Composed by Dave Grohl, Krist Novoselic, Kurt Cobain<\/p>\n<p><iframe loading=\"lazy\" title=\"Robert Glasper Experiment - Afro Blue (Feat. Erykah Badu)\" width=\"832\" height=\"624\" src=\"https:\/\/www.youtube.com\/embed\/3-0JZlrk4xA?feature=oembed\" frameborder=\"0\" allow=\"accelerometer; autoplay; clipboard-write; encrypted-media; gyroscope; picture-in-picture; web-share\" referrerpolicy=\"strict-origin-when-cross-origin\" allowfullscreen><\/iframe><\/p>\n<p><strong>Robert Glasper Experiment \u200e\u2013 Black Radio: <\/strong>Black Radio es un \u00e1lbum de Robert Glasper, grabado con su cuarteto el\u00e9ctrico, el Robert Glasper Experiment. Lanzado el 28 de febrero de 2012 en el sello Blue Note. El \u00e1lbum gan\u00f3 el premio al Mejor \u00c1lbum de R&amp;B en la 55\u00aa entrega de los Premios Grammy y tambi\u00e9n recibi\u00f3 una nominaci\u00f3n a la Mejor Interpretaci\u00f3n de R&amp;B del corte del \u00e1lbum \u00abGonna Be Alright (FTB)\u00bb, que cont\u00f3 con la participaci\u00f3n del cantante de R&amp;B. Ledisi, en febrero de 2013.<\/p>","protected":false},"excerpt":{"rendered":"<p>Blue Note \u200e\u2013 88333, 5099972976715<\/p>\n<p>2 x LP carpeta gatefold, edici\u00f3n EU 2023<\/p>","protected":false},"featured_media":502,"template":"","meta":[],"product_brand":[],"product_cat":[74,85],"product_tag":[],"class_list":{"0":"post-500","1":"product","2":"type-product","3":"status-publish","4":"has-post-thumbnail","6":"product_cat-hip-hop","7":"product_cat-jazz-contemporaneo","9":"first","10":"outofstock","11":"taxable","12":"shipping-taxable","13":"purchasable","14":"product-type-simple"},"yoast_head":"<!-- This site is optimized with the Yoast SEO plugin v27.4 - https:\/\/yoast.com\/product\/yoast-seo-wordpress\/ -->\n<title>Robert Glasper Experiment \u200e\u2013 Black Radio - DISCOS REDONDOS<\/title>\n<meta name=\"description\" content=\"Robert Glasper Experiment \u200e\u2013 Black Radio - Blue Note \u200e\u2013 88333 - 2 x LP carpeta gatefold, edici\u00f3n de la Uni\u00f3n Europea 2023\" \/>\n<meta name=\"robots\" content=\"index, follow, max-snippet:-1, max-image-preview:large, max-video-preview:-1\" \/>\n<link rel=\"canonical\" href=\"https:\/\/discos-redondos.es\/ca\/producte\/robert-glasper-experiment-\u200e-black-radio\/\" \/>\n<meta property=\"og:locale\" content=\"ca_ES\" \/>\n<meta property=\"og:type\" content=\"article\" \/>\n<meta property=\"og:title\" content=\"Robert Glasper Experiment \u200e\u2013 Black Radio - DISCOS REDONDOS\" \/>\n<meta property=\"og:description\" content=\"Robert Glasper Experiment \u200e\u2013 Black Radio - Blue Note \u200e\u2013 88333 - 2 x LP carpeta gatefold, edici\u00f3n de la Uni\u00f3n Europea 2023\" \/>\n<meta property=\"og:url\" content=\"https:\/\/discos-redondos.es\/ca\/producte\/robert-glasper-experiment-\u200e-black-radio\/\" \/>\n<meta property=\"og:site_name\" content=\"DISCOS REDONDOS\" \/>\n<meta property=\"article:publisher\" content=\"https:\/\/www.facebook.com\/discosredondos45\" \/>\n<meta property=\"article:modified_time\" content=\"2025-03-27T10:49:26+00:00\" \/>\n<meta property=\"og:image\" content=\"https:\/\/discos-redondos.es\/wp-content\/uploads\/2021\/04\/robert-glasper-black-radio.jpg\" \/>\n\t<meta property=\"og:image:width\" content=\"599\" \/>\n\t<meta property=\"og:image:height\" content=\"563\" \/>\n\t<meta property=\"og:image:type\" content=\"image\/jpeg\" \/>\n<meta name=\"twitter:card\" content=\"summary_large_image\" \/>\n<meta name=\"twitter:label1\" content=\"Temps estimat de lectura\" \/>\n\t<meta name=\"twitter:data1\" content=\"2 minuts\" \/>\n<script type=\"application\/ld+json\" class=\"yoast-schema-graph\">{\"@context\":\"https:\\\/\\\/schema.org\",\"@graph\":[{\"@type\":\"WebPage\",\"@id\":\"https:\\\/\\\/discos-redondos.es\\\/producto\\\/robert-glasper-experiment-%e2%80%8e-black-radio\",\"url\":\"https:\\\/\\\/discos-redondos.es\\\/producto\\\/robert-glasper-experiment-%e2%80%8e-black-radio\",\"name\":\"Robert Glasper Experiment \u200e\u2013 Black Radio - DISCOS REDONDOS\",\"isPartOf\":{\"@id\":\"https:\\\/\\\/discos-redondos.es\\\/#website\"},\"primaryImageOfPage\":{\"@id\":\"https:\\\/\\\/discos-redondos.es\\\/producto\\\/robert-glasper-experiment-%e2%80%8e-black-radio#primaryimage\"},\"image\":{\"@id\":\"https:\\\/\\\/discos-redondos.es\\\/producto\\\/robert-glasper-experiment-%e2%80%8e-black-radio#primaryimage\"},\"thumbnailUrl\":\"https:\\\/\\\/discos-redondos.es\\\/wp-content\\\/uploads\\\/2021\\\/04\\\/robert-glasper-black-radio.jpg\",\"datePublished\":\"2021-04-24T11:47:13+00:00\",\"dateModified\":\"2025-03-27T10:49:26+00:00\",\"description\":\"Robert Glasper Experiment \u200e\u2013 Black Radio - Blue Note \u200e\u2013 88333 - 2 x LP carpeta gatefold, edici\u00f3n de la Uni\u00f3n Europea 2023\",\"breadcrumb\":{\"@id\":\"https:\\\/\\\/discos-redondos.es\\\/producto\\\/robert-glasper-experiment-%e2%80%8e-black-radio#breadcrumb\"},\"inLanguage\":\"ca\",\"potentialAction\":[{\"@type\":\"ReadAction\",\"target\":[\"https:\\\/\\\/discos-redondos.es\\\/producto\\\/robert-glasper-experiment-%e2%80%8e-black-radio\"]}]},{\"@type\":\"ImageObject\",\"inLanguage\":\"ca\",\"@id\":\"https:\\\/\\\/discos-redondos.es\\\/producto\\\/robert-glasper-experiment-%e2%80%8e-black-radio#primaryimage\",\"url\":\"https:\\\/\\\/discos-redondos.es\\\/wp-content\\\/uploads\\\/2021\\\/04\\\/robert-glasper-black-radio.jpg\",\"contentUrl\":\"https:\\\/\\\/discos-redondos.es\\\/wp-content\\\/uploads\\\/2021\\\/04\\\/robert-glasper-black-radio.jpg\",\"width\":599,\"height\":563,\"caption\":\"Robert Glasper Experiment \u200e\u2013 Black Radio\"},{\"@type\":\"BreadcrumbList\",\"@id\":\"https:\\\/\\\/discos-redondos.es\\\/producto\\\/robert-glasper-experiment-%e2%80%8e-black-radio#breadcrumb\",\"itemListElement\":[{\"@type\":\"ListItem\",\"position\":1,\"name\":\"Portada\",\"item\":\"https:\\\/\\\/discos-redondos.es\\\/\"},{\"@type\":\"ListItem\",\"position\":2,\"name\":\"Tienda\",\"item\":\"https:\\\/\\\/discos-redondos.es\\\/?page_id=487\"},{\"@type\":\"ListItem\",\"position\":3,\"name\":\"Robert Glasper Experiment \u200e\u2013 Black Radio\"}]},{\"@type\":\"WebSite\",\"@id\":\"https:\\\/\\\/discos-redondos.es\\\/#website\",\"url\":\"https:\\\/\\\/discos-redondos.es\\\/\",\"name\":\"Discos Redondos\",\"description\":\"Tu tienda de discos en Barcelona\",\"publisher\":{\"@id\":\"https:\\\/\\\/discos-redondos.es\\\/#organization\"},\"alternateName\":\"Discos Redondos\",\"potentialAction\":[{\"@type\":\"SearchAction\",\"target\":{\"@type\":\"EntryPoint\",\"urlTemplate\":\"https:\\\/\\\/discos-redondos.es\\\/?s={search_term_string}\"},\"query-input\":{\"@type\":\"PropertyValueSpecification\",\"valueRequired\":true,\"valueName\":\"search_term_string\"}}],\"inLanguage\":\"ca\"},{\"@type\":\"Organization\",\"@id\":\"https:\\\/\\\/discos-redondos.es\\\/#organization\",\"name\":\"Discos Redondos\",\"url\":\"https:\\\/\\\/discos-redondos.es\\\/\",\"logo\":{\"@type\":\"ImageObject\",\"inLanguage\":\"ca\",\"@id\":\"https:\\\/\\\/discos-redondos.es\\\/#\\\/schema\\\/logo\\\/image\\\/\",\"url\":\"https:\\\/\\\/discos-redondos.es\\\/wp-content\\\/uploads\\\/2023\\\/04\\\/aaff-logo-raval-1-1.jpg\",\"contentUrl\":\"https:\\\/\\\/discos-redondos.es\\\/wp-content\\\/uploads\\\/2023\\\/04\\\/aaff-logo-raval-1-1.jpg\",\"width\":2362,\"height\":1441,\"caption\":\"Discos Redondos\"},\"image\":{\"@id\":\"https:\\\/\\\/discos-redondos.es\\\/#\\\/schema\\\/logo\\\/image\\\/\"},\"sameAs\":[\"https:\\\/\\\/www.facebook.com\\\/discosredondos45\",\"https:\\\/\\\/www.instagram.com\\\/discos.redondos33\\\/?hl=es\",\"https:\\\/\\\/discos-redondos.bandcamp.com\\\/\"]}]}<\/script>\n<!-- \/ Yoast SEO plugin. -->","yoast_head_json":{"title":"Robert Glasper Experiment \u200e\u2013 Black Radio - DISCOS REDONDOS","description":"Robert Glasper Experiment \u200e\u2013 Black Radio - Blue Note \u200e\u2013 88333 - 2 x LP carpeta gatefold, edici\u00f3n de la Uni\u00f3n Europea 2023","robots":{"index":"index","follow":"follow","max-snippet":"max-snippet:-1","max-image-preview":"max-image-preview:large","max-video-preview":"max-video-preview:-1"},"canonical":"https:\/\/discos-redondos.es\/ca\/producte\/robert-glasper-experiment-\u200e-black-radio\/","og_locale":"ca_ES","og_type":"article","og_title":"Robert Glasper Experiment \u200e\u2013 Black Radio - DISCOS REDONDOS","og_description":"Robert Glasper Experiment \u200e\u2013 Black Radio - Blue Note \u200e\u2013 88333 - 2 x LP carpeta gatefold, edici\u00f3n de la Uni\u00f3n Europea 2023","og_url":"https:\/\/discos-redondos.es\/ca\/producte\/robert-glasper-experiment-\u200e-black-radio\/","og_site_name":"DISCOS REDONDOS","article_publisher":"https:\/\/www.facebook.com\/discosredondos45","article_modified_time":"2025-03-27T10:49:26+00:00","og_image":[{"width":599,"height":563,"url":"https:\/\/discos-redondos.es\/wp-content\/uploads\/2021\/04\/robert-glasper-black-radio.jpg","type":"image\/jpeg"}],"twitter_card":"summary_large_image","twitter_misc":{"Temps estimat de lectura":"2 minuts"},"schema":{"@context":"https:\/\/schema.org","@graph":[{"@type":"WebPage","@id":"https:\/\/discos-redondos.es\/producto\/robert-glasper-experiment-%e2%80%8e-black-radio","url":"https:\/\/discos-redondos.es\/producto\/robert-glasper-experiment-%e2%80%8e-black-radio","name":"Robert Glasper Experiment \u200e\u2013 Black Radio - DISCOS REDONDOS","isPartOf":{"@id":"https:\/\/discos-redondos.es\/#website"},"primaryImageOfPage":{"@id":"https:\/\/discos-redondos.es\/producto\/robert-glasper-experiment-%e2%80%8e-black-radio#primaryimage"},"image":{"@id":"https:\/\/discos-redondos.es\/producto\/robert-glasper-experiment-%e2%80%8e-black-radio#primaryimage"},"thumbnailUrl":"https:\/\/discos-redondos.es\/wp-content\/uploads\/2021\/04\/robert-glasper-black-radio.jpg","datePublished":"2021-04-24T11:47:13+00:00","dateModified":"2025-03-27T10:49:26+00:00","description":"Robert Glasper Experiment \u200e\u2013 Black Radio - Blue Note \u200e\u2013 88333 - 2 x LP carpeta gatefold, edici\u00f3n de la Uni\u00f3n Europea 2023","breadcrumb":{"@id":"https:\/\/discos-redondos.es\/producto\/robert-glasper-experiment-%e2%80%8e-black-radio#breadcrumb"},"inLanguage":"ca","potentialAction":[{"@type":"ReadAction","target":["https:\/\/discos-redondos.es\/producto\/robert-glasper-experiment-%e2%80%8e-black-radio"]}]},{"@type":"ImageObject","inLanguage":"ca","@id":"https:\/\/discos-redondos.es\/producto\/robert-glasper-experiment-%e2%80%8e-black-radio#primaryimage","url":"https:\/\/discos-redondos.es\/wp-content\/uploads\/2021\/04\/robert-glasper-black-radio.jpg","contentUrl":"https:\/\/discos-redondos.es\/wp-content\/uploads\/2021\/04\/robert-glasper-black-radio.jpg","width":599,"height":563,"caption":"Robert Glasper Experiment \u200e\u2013 Black Radio"},{"@type":"BreadcrumbList","@id":"https:\/\/discos-redondos.es\/producto\/robert-glasper-experiment-%e2%80%8e-black-radio#breadcrumb","itemListElement":[{"@type":"ListItem","position":1,"name":"Portada","item":"https:\/\/discos-redondos.es\/"},{"@type":"ListItem","position":2,"name":"Tienda","item":"https:\/\/discos-redondos.es\/?page_id=487"},{"@type":"ListItem","position":3,"name":"Robert Glasper Experiment \u200e\u2013 Black Radio"}]},{"@type":"WebSite","@id":"https:\/\/discos-redondos.es\/#website","url":"https:\/\/discos-redondos.es\/","name":"Discos Redondos","description":"La teva botiga de discos a Barcelona","publisher":{"@id":"https:\/\/discos-redondos.es\/#organization"},"alternateName":"Discos Redondos","potentialAction":[{"@type":"SearchAction","target":{"@type":"EntryPoint","urlTemplate":"https:\/\/discos-redondos.es\/?s={search_term_string}"},"query-input":{"@type":"PropertyValueSpecification","valueRequired":true,"valueName":"search_term_string"}}],"inLanguage":"ca"},{"@type":"Organization","@id":"https:\/\/discos-redondos.es\/#organization","name":"Discos Redondos","url":"https:\/\/discos-redondos.es\/","logo":{"@type":"ImageObject","inLanguage":"ca","@id":"https:\/\/discos-redondos.es\/#\/schema\/logo\/image\/","url":"https:\/\/discos-redondos.es\/wp-content\/uploads\/2023\/04\/aaff-logo-raval-1-1.jpg","contentUrl":"https:\/\/discos-redondos.es\/wp-content\/uploads\/2023\/04\/aaff-logo-raval-1-1.jpg","width":2362,"height":1441,"caption":"Discos Redondos"},"image":{"@id":"https:\/\/discos-redondos.es\/#\/schema\/logo\/image\/"},"sameAs":["https:\/\/www.facebook.com\/discosredondos45","https:\/\/www.instagram.com\/discos.redondos33\/?hl=es","https:\/\/discos-redondos.bandcamp.com\/"]}]}},"_links":{"self":[{"href":"https:\/\/discos-redondos.es\/ca\/wp-json\/wp\/v2\/product\/500","targetHints":{"allow":["GET"]}}],"collection":[{"href":"https:\/\/discos-redondos.es\/ca\/wp-json\/wp\/v2\/product"}],"about":[{"href":"https:\/\/discos-redondos.es\/ca\/wp-json\/wp\/v2\/types\/product"}],"wp:featuredmedia":[{"embeddable":true,"href":"https:\/\/discos-redondos.es\/ca\/wp-json\/wp\/v2\/media\/502"}],"wp:attachment":[{"href":"https:\/\/discos-redondos.es\/ca\/wp-json\/wp\/v2\/media?parent=500"}],"wp:term":[{"taxonomy":"product_brand","embeddable":true,"href":"https:\/\/discos-redondos.es\/ca\/wp-json\/wp\/v2\/product_brand?post=500"},{"taxonomy":"product_cat","embeddable":true,"href":"https:\/\/discos-redondos.es\/ca\/wp-json\/wp\/v2\/product_cat?post=500"},{"taxonomy":"product_tag","embeddable":true,"href":"https:\/\/discos-redondos.es\/ca\/wp-json\/wp\/v2\/product_tag?post=500"}],"curies":[{"name":"wp","href":"https:\/\/api.w.org\/{rel}","templated":true}]}}